{"id":8240,"date":"2025-06-08T02:37:49","date_gmt":"2025-06-08T00:37:49","guid":{"rendered":"https:\/\/ileawo.com\/oke-itase-letra-do-ano\/oke-itase-2025\/"},"modified":"2025-06-08T03:48:44","modified_gmt":"2025-06-08T01:48:44","slug":"oke-itase-2025","status":"publish","type":"page","link":"https:\/\/ileawo.com\/pt-br\/oke-itase-letra-do-ano\/oke-itase-2025\/","title":{"rendered":"Oke Itase 2025 \u2013 Letra do Ano 2025 | Il\u00e9 Ife Nigeria"},"content":{"rendered":"<div class=\"wpb-content-wrapper\"><p>[vc_row][vc_column][vc_single_image image=&#8221;8233&#8243; img_size=&#8221;medium&#8221; alignment=&#8221;center&#8221; css=&#8221;.vc_custom_1749338817813{margin-bottom: 0px !important;}&#8221;][vc_column_text css=&#8221;&#8221;]<\/p>\n<h2 class=\"ai-optimize-17\" style=\"text-align: center;\">Od\u00f9 Oturupon Meji<\/h2>\n<p class=\"ai-optimize-18\">[\/vc_column_text][\/vc_column][\/vc_row][vc_row][vc_column width=&#8221;1\/6&#8243; offset=&#8221;vc_hidden-sm vc_hidden-xs&#8221;][\/vc_column][vc_column width=&#8221;1\/2&#8243; offset=&#8221;vc_col-md-4&#8243;][vc_column_text css=&#8221;&#8221;]<\/p>\n<div style=\"background-color: #f6f6f6; margin: 10px; border-radius: 10px;\">\n<h5 class=\"white-box ai-optimize-12\">Yoruba<\/h5>\n<p class=\"ai-optimize-13\" style=\"background-color: #f6f6f6; padding: 30px; border-radius: 0px 0px 10px 10px;\">Ogbon nii pe ko too ran\u2019ni<br \/>\nWere kii gbee ran omo eniyan<br \/>\nDia fun Otonporo<br \/>\nTii somo Iya Ere<br \/>\nEbo ni won ni ko waa se<br \/>\nO feti otun gbebo, o fi tosi daa nu<br \/>\nOtonpro pa\u2019wa da<br \/>\nKoo le l\u2019eni l\u2019eyin bi Ere<br \/>\nOtonporo<\/p>\n<\/div>\n<p class=\"ai-optimize-14\">[\/vc_column_text][\/vc_column][vc_column width=&#8221;1\/2&#8243; offset=&#8221;vc_col-md-4&#8243;][vc_column_text css=&#8221;.vc_custom_1749344602672{margin-bottom: 0px !important;}&#8221;]<\/p>\n<div style=\"background-color: #f6f6f6; margin: 10px; border-radius: 10px;\">\n<h5 class=\"white-box ai-optimize-15\">Portugu\u00eas<\/h5>\n<p class=\"ai-optimize-16\" style=\"background-color: #f6f6f6; padding: 30px; border-radius: 0px 0px 10px 10px;\">Leva tempo para que uma pessoa adquira sabedoria<br \/>\n\u00c9 f\u00e1cil e r\u00e1pido absorver a tolice<br \/>\nEsta foi a mensagem de If\u00e1 para Otonporo<br \/>\nIrm\u00e3o de sangue de Ere<br \/>\nFoi aconselhado a oferecer um \u1eb9b\u1ecd<br \/>\nIgnorou o conselho<br \/>\nOtonporo, por favor, mude seu car\u00e1ter<br \/>\nPara que voc\u00ea tenha seguidores como Ere<br \/>\nMude seu car\u00e1ter para o bem<\/p>\n<\/div>\n<p class=\"ai-optimize-17\">[\/vc_column_text][\/vc_column][vc_column width=&#8221;1\/6&#8243; offset=&#8221;vc_hidden-sm vc_hidden-xs&#8221;][\/vc_column][\/vc_row][vc_row][vc_column offset=&#8221;vc_col-md-2 vc_hidden-sm vc_hidden-xs&#8221;][\/vc_column][vc_column offset=&#8221;vc_col-md-8&#8243;][vc_column_text css=&#8221;&#8221;]<\/p>\n<h2 class=\"ai-optimize-53\">Celebra\u00e7\u00e3o do Festival de Oke Itase 2025<\/h2>\n<p class=\"ai-optimize-54\">Chegou o momento culminante do Festival de Oke Itase 2025, a data mais importante para quem segue a pr\u00e1tica tradicional de If\u00e1. Ap\u00f3s uma semana de intensas cerim\u00f4nias e rituais preparat\u00f3rios, hoje em Il\u00e9 Awo temos a honra de compartilhar, em primeira m\u00e3o, o signo que guiar\u00e1 os pr\u00f3ximos doze meses, revelado na adivinha\u00e7\u00e3o mundial de If\u00e1 realizada de madrugada em Il\u00e9-If\u1eb9\u0300. Este ano, centenas de praticantes compareceram ao templo de \u1ecc\u0300k\u00e8 Itase para participar da prociss\u00e3o que partiu ao amanhecer em dire\u00e7\u00e3o ao pal\u00e1cio do Ooni, onde o l\u00edder espiritual aben\u00e7oou a comunidade com rituais de purifica\u00e7\u00e3o, as oferendas de \u1eccp\u1eb9\u0300 (a palmeira sagrada) e o \u1ecdb\u00ec \u00e0b\u00e0t\u00e0, marcando assim o ponto alto do Oke Itase 2025.<\/p>\n<p class=\"ai-optimize-55\">O ponto culminante chegou quando os B\u00e0b\u00e1l\u00e1wo realizaram a adivinha\u00e7\u00e3o mundial de If\u00e1. O signo revelado foi <strong>\u1ecc\u0300t\u00far\u00fap\u1ecd\u0300n M\u00e9j\u00ec<\/strong>, em Ir\u00e8 \u00c0\u00eck\u00fa. If\u00e1 revela que as pessoas receber\u00e3o bem-estar em todas as suas formas \u2014 riqueza, parceria s\u00f3lida, filhos honrados e longa vida \u2014 gra\u00e7as \u00e0 sua conex\u00e3o especial com \u00d2\u1e63un. No entanto, o signo destaca a import\u00e2ncia da humildade, da disciplina espiritual e da colabora\u00e7\u00e3o comunit\u00e1ria. Para manter a b\u00ean\u00e7\u00e3o de Ir\u00e8 \u00c0\u00eck\u00fa, \u00e9 essencial ouvir os conselhos dos mais velhos, reparar os relacionamentos rompidos e agir com responsabilidade no ambiente familiar e social.<\/p>\n<p class=\"ai-optimize-56\">Ao longo do ano que se inicia, os ensinamentos de \u1ecc\u0300t\u00far\u00fap\u1ecd\u0300n M\u00e9j\u00ec guiar\u00e3o nossas decis\u00f5es: cada decis\u00e3o importante, cada projeto e cada uni\u00e3o ser\u00e1 influenciado pela clareza e prote\u00e7\u00e3o que este signo traz. If\u00e1 nos adverte que, embora a prosperidade seja abundante sob este Odu, tamb\u00e9m surgir\u00e3o desafios \u2014 inimigos ocultos, trai\u00e7\u00f5es e provas de car\u00e1ter \u2014 que s\u00f3 poder\u00e3o ser superados mediante a pr\u00e1tica dos sacrif\u00edcios adequados.<\/p>\n<p class=\"ai-optimize-57\">Se voc\u00ea deseja aprofundar-se nos ensinamentos completos do signo revelado no Oke Itase 2025, poder\u00e1 faz\u00ea-lo no app <a href=\"https:\/\/ileawo.com\/aplicaciones\/ifa-tradicional\/\">If\u00e1 Tradicional<\/a>, onde encontrar\u00e1 uma explica\u00e7\u00e3o com os pontos mais importantes do signo. Al\u00e9m disso, no <a href=\"https:\/\/apps.apple.com\/us\/app\/idafa-dice-if%C3%A1-yoruba\/id1569867105?l=es-MX\">Id\u00e0f\u00e1<\/a> voc\u00ea encontrar\u00e1 uma interpreta\u00e7\u00e3o ampliada e detalhada de \u1ecc\u0300t\u00far\u00fap\u1ecd\u0300n M\u00e9j\u00ec, com orienta\u00e7\u00f5es precisas sobre como integrar suas mensagens em sua pr\u00e1tica di\u00e1ria e os \u1eb9b\u1ecd recomendados. Por fim, em <a href=\"https:\/\/ileawo.com\/aplicaciones\/oju-odu\/\">Oju Odu<\/a> voc\u00ea tem \u00e0 disposi\u00e7\u00e3o os versos originais em iorub\u00e1 em \u00e1udio, para recit\u00e1-los com exatid\u00e3o.<\/p>\n<p class=\"ai-optimize-58\">Este Oke Itase 2025 marca o in\u00edcio de um ano em que If\u00e1 fala para todos, unindo fam\u00edlias, templos e comunidades sob um mesmo signo. Convidamos voc\u00ea a nos acompanhar em Il\u00e9 Awo, a explorar o conte\u00fado dispon\u00edvel em nossos aplicativos e a colocar em pr\u00e1tica as diretrizes de \u1ecc\u0300t\u00far\u00fap\u1ecd\u0300n M\u00e9j\u00ec para que cada dia do ano que come\u00e7a seja guiado pela sabedoria ancestral de If\u00e1. Se tiver qualquer d\u00favida ou pergunta, n\u00e3o hesite em <a href=\"https:\/\/ileawo.com\/contacto\/\">nos contatar<\/a>.<\/p>\n<p>.[\/vc_column_text][\/vc_column][vc_column width=&#8221;1\/6&#8243; offset=&#8221;vc_hidden-sm vc_hidden-xs&#8221;][\/vc_column][\/vc_row][vc_row][vc_column width=&#8221;1\/4&#8243; offset=&#8221;vc_col-md-3 vc_hidden-sm vc_hidden-xs&#8221;][\/vc_column][vc_column offset=&#8221;vc_col-md-6 vc_col-xs-12&#8243;][vc_images_carousel images=&#8221;8215,8218,8221,8224,8227,8230&#8243; img_size=&#8221;large&#8221; onclick=&#8221;link_no&#8221; autoplay=&#8221;yes&#8221; wrap=&#8221;yes&#8221; css=&#8221;&#8221;][\/vc_column][vc_column width=&#8221;1\/4&#8243; offset=&#8221;vc_col-md-3 vc_hidden-sm vc_hidden-xs&#8221;][\/vc_column][\/vc_row][vc_row full_width=&#8221;stretch_row&#8221; content_placement=&#8221;middle&#8221; bg_type=&#8221;bg_color&#8221; bg_override=&#8221;ex-full&#8221; bg_color_value=&#8221;#4e89d5&#8243; el_class=&#8221;banner&#8221; css=&#8221;.vc_custom_1589978327005{margin-top: 40px !important;background-color: #4e89d5 !important;}&#8221;][vc_column width=&#8221;2\/3&#8243;][vc_column_text el_class=&#8221;banner-text&#8221;]Realize uma adivinha\u00e7\u00e3o de If\u00e1 e descubra o que os Orisha reservam para voc\u00ea.[\/vc_column_text][\/vc_column][vc_column width=&#8221;1\/3&#8243;][vc_column_text css_animation=&#8221;bounceIn&#8221;]<\/p>\n<p class=\"ai-optimize-24\">Cons\u00faltanos<\/p>\n<p class=\"ai-optimize-25\">[\/vc_column_text][\/vc_column][\/vc_row][vc_row][vc_column][vc_column_text]<\/p>\n<p>[\/vc_column_text][\/vc_column][\/vc_row]<\/p>\n<\/div>"},"excerpt":{"rendered":"<p>[vc_row][vc_column][vc_single_image image=&#8221;8233&#8243; img_size=&#8221;medium&#8221; alignment=&#8221;center&#8221; css=&#8221;.vc_custom_1749338817813{margin-bottom: 0px !important;}&#8221;][vc_column_text css=&#8221;&#8221;] Od\u00f9 Oturupon Meji [\/vc_column_text][\/vc_column][\/vc_row][vc_row][vc_column width=&#8221;1\/6&#8243; offset=&#8221;vc_hidden-sm vc_hidden-xs&#8221;][\/vc_column][vc_column width=&#8221;1\/2&#8243; offset=&#8221;vc_col-md-4&#8243;][vc_column_text css=&#8221;&#8221;] Yoruba Ogbon nii pe ko too ran\u2019ni Were<span class=\"excerpt-hellip\"> [\u2026]<\/span><\/p>\n","protected":false},"author":1,"featured_media":-1,"parent":2097,"menu_order":0,"comment_status":"closed","ping_status":"closed","template":"","meta":{"footnotes":""},"categories":[2713],"class_list":["post-8240","page","type-page","status-publish","has-post-thumbnail","hentry","category-oke-itase-pt-br"],"yoast_head":"<!-- This site is optimized with the Yoast SEO Premium plugin v25.2 (Yoast SEO v27.4) - https:\/\/yoast.com\/product\/yoast-seo-premium-wordpress\/ -->\n<title>Oke Itase 2025 \u2013 Letra do Ano 2025 | Il\u00e9 Ife Nigeria - Il\u00e9 Awo<\/title>\n<meta name=\"description\" content=\"Descubra signo do Oke Itase 2025 e acesse a an\u00e1lise, os versos e as propicia\u00e7\u00f5es no If\u00e1 Tradicional, no Id\u00e0f\u00e1 e no Oju Odu.\" \/>\n<meta name=\"robots\" content=\"index, follow, max-snippet:-1, max-image-preview:large, max-video-preview:-1\" \/>\n<link rel=\"canonical\" href=\"https:\/\/ileawo.com\/pt-br\/oke-itase-letra-do-ano\/oke-itase-2025\/\" \/>\n<meta property=\"og:locale\" content=\"pt_BR\" \/>\n<meta property=\"og:type\" content=\"article\" \/>\n<meta property=\"og:title\" content=\"Oke Itase 2025 \u2013 Letra do Ano 2025 | Il\u00e9 Ife Nigeria\" \/>\n<meta property=\"og:description\" content=\"Descubra signo do Oke Itase 2025 e acesse a an\u00e1lise, os versos e as propicia\u00e7\u00f5es no If\u00e1 Tradicional, no Id\u00e0f\u00e1 e no Oju Odu.\" \/>\n<meta property=\"og:url\" content=\"https:\/\/ileawo.com\/pt-br\/oke-itase-letra-do-ano\/oke-itase-2025\/\" \/>\n<meta property=\"og:site_name\" content=\"Il\u00e9 Awo\" \/>\n<meta property=\"article:publisher\" content=\"https:\/\/www.facebook.com\/ifabiyii\" \/>\n<meta property=\"article:modified_time\" content=\"2025-06-08T01:48:44+00:00\" \/>\n<meta name=\"twitter:card\" content=\"summary_large_image\" \/>\n<meta name=\"twitter:site\" content=\"@ifabiyii\" \/>\n<!-- \/ Yoast SEO Premium plugin. -->","yoast_head_json":{"title":"Oke Itase 2025 \u2013 Letra do Ano 2025 | Il\u00e9 Ife Nigeria - Il\u00e9 Awo","description":"Descubra signo do Oke Itase 2025 e acesse a an\u00e1lise, os versos e as propicia\u00e7\u00f5es no If\u00e1 Tradicional, no Id\u00e0f\u00e1 e no Oju Odu.","robots":{"index":"index","follow":"follow","max-snippet":"max-snippet:-1","max-image-preview":"max-image-preview:large","max-video-preview":"max-video-preview:-1"},"canonical":"https:\/\/ileawo.com\/pt-br\/oke-itase-letra-do-ano\/oke-itase-2025\/","og_locale":"pt_BR","og_type":"article","og_title":"Oke Itase 2025 \u2013 Letra do Ano 2025 | Il\u00e9 Ife Nigeria","og_description":"Descubra signo do Oke Itase 2025 e acesse a an\u00e1lise, os versos e as propicia\u00e7\u00f5es no If\u00e1 Tradicional, no Id\u00e0f\u00e1 e no Oju Odu.","og_url":"https:\/\/ileawo.com\/pt-br\/oke-itase-letra-do-ano\/oke-itase-2025\/","og_site_name":"Il\u00e9 Awo","article_publisher":"https:\/\/www.facebook.com\/ifabiyii","article_modified_time":"2025-06-08T01:48:44+00:00","twitter_card":"summary_large_image","twitter_site":"@ifabiyii","schema":{"@context":"https:\/\/schema.org","@graph":[{"@type":"Article","@id":"https:\/\/ileawo.com\/pt-br\/oke-itase-letra-do-ano\/oke-itase-2025\/#article","isPartOf":{"@id":"https:\/\/ileawo.com\/pt-br\/oke-itase-letra-do-ano\/oke-itase-2025\/"},"author":{"name":"If\u00e1b\u00edy\u00ec\u00ed Ak\u00f3d\u00e0","@id":"http:\/\/ileawo.com\/pt-br\/#\/schema\/person\/5b4d3af5a9aa8f02fe88dbeb048ef64a"},"headline":"Oke Itase 2025 \u2013 Letra do Ano 2025 | Il\u00e9 Ife Nigeria","datePublished":"2025-06-08T00:37:49+00:00","dateModified":"2025-06-08T01:48:44+00:00","mainEntityOfPage":{"@id":"https:\/\/ileawo.com\/pt-br\/oke-itase-letra-do-ano\/oke-itase-2025\/"},"wordCount":908,"publisher":{"@id":"http:\/\/ileawo.com\/pt-br\/#organization"},"articleSection":["Oke Itase"],"inLanguage":"pt-BR"},{"@type":"WebPage","@id":"https:\/\/ileawo.com\/pt-br\/oke-itase-letra-do-ano\/oke-itase-2025\/","url":"https:\/\/ileawo.com\/pt-br\/oke-itase-letra-do-ano\/oke-itase-2025\/","name":"Oke Itase 2025 \u2013 Letra do Ano 2025 | Il\u00e9 Ife Nigeria - Il\u00e9 Awo","isPartOf":{"@id":"http:\/\/ileawo.com\/pt-br\/#website"},"datePublished":"2025-06-08T00:37:49+00:00","dateModified":"2025-06-08T01:48:44+00:00","description":"Descubra signo do Oke Itase 2025 e acesse a an\u00e1lise, os versos e as propicia\u00e7\u00f5es no If\u00e1 Tradicional, no Id\u00e0f\u00e1 e no Oju Odu.","breadcrumb":{"@id":"https:\/\/ileawo.com\/pt-br\/oke-itase-letra-do-ano\/oke-itase-2025\/#breadcrumb"},"inLanguage":"pt-BR","potentialAction":[{"@type":"ReadAction","target":["https:\/\/ileawo.com\/pt-br\/oke-itase-letra-do-ano\/oke-itase-2025\/"]}]},{"@type":"BreadcrumbList","@id":"https:\/\/ileawo.com\/pt-br\/oke-itase-letra-do-ano\/oke-itase-2025\/#breadcrumb","itemListElement":[{"@type":"ListItem","position":1,"name":"Home","item":"http:\/\/ileawo.com\/pt-br\/"},{"@type":"ListItem","position":2,"name":"Oke Itase","item":"http:\/\/ileawo.com\/pt-br\/oke-itase-letra-do-ano\/"},{"@type":"ListItem","position":3,"name":"Oke Itase 2025 \u2013 Letra do Ano 2025 | Il\u00e9 Ife Nigeria"}]},{"@type":"WebSite","@id":"http:\/\/ileawo.com\/pt-br\/#website","url":"http:\/\/ileawo.com\/pt-br\/","name":"Il\u00e9 Awo","description":"","publisher":{"@id":"http:\/\/ileawo.com\/pt-br\/#organization"},"potentialAction":[{"@type":"SearchAction","target":{"@type":"EntryPoint","urlTemplate":"http:\/\/ileawo.com\/pt-br\/?s={search_term_string}"},"query-input":{"@type":"PropertyValueSpecification","valueRequired":true,"valueName":"search_term_string"}}],"inLanguage":"pt-BR"},{"@type":"Organization","@id":"http:\/\/ileawo.com\/pt-br\/#organization","name":"Il\u00e9 Awo","url":"http:\/\/ileawo.com\/pt-br\/","logo":{"@type":"ImageObject","inLanguage":"pt-BR","@id":"http:\/\/ileawo.com\/pt-br\/#\/schema\/logo\/image\/","url":"https:\/\/ileawo.com\/wp-content\/uploads\/revslider\/Bienvenido\/Logo-Ile-Awo-20201.png","contentUrl":"https:\/\/ileawo.com\/wp-content\/uploads\/revslider\/Bienvenido\/Logo-Ile-Awo-20201.png","width":500,"height":155,"caption":"Il\u00e9 Awo"},"image":{"@id":"http:\/\/ileawo.com\/pt-br\/#\/schema\/logo\/image\/"},"sameAs":["https:\/\/www.facebook.com\/ifabiyii","https:\/\/x.com\/ifabiyii","https:\/\/www.instagram.com\/ifabiyii_akoda\/"]},{"@type":"Person","@id":"http:\/\/ileawo.com\/pt-br\/#\/schema\/person\/5b4d3af5a9aa8f02fe88dbeb048ef64a","name":"If\u00e1b\u00edy\u00ec\u00ed Ak\u00f3d\u00e0","image":{"@type":"ImageObject","inLanguage":"pt-BR","@id":"https:\/\/secure.gravatar.com\/avatar\/07530fd5fec1f19247b6ca33a6f419284691fff29c8857d86ea771d943bdba08?s=96&d=mm&r=g","url":"https:\/\/secure.gravatar.com\/avatar\/07530fd5fec1f19247b6ca33a6f419284691fff29c8857d86ea771d943bdba08?s=96&d=mm&r=g","contentUrl":"https:\/\/secure.gravatar.com\/avatar\/07530fd5fec1f19247b6ca33a6f419284691fff29c8857d86ea771d943bdba08?s=96&d=mm&r=g","caption":"If\u00e1b\u00edy\u00ec\u00ed Ak\u00f3d\u00e0"},"sameAs":["https:\/\/ileawo.com\/"]}]}},"_links":{"self":[{"href":"https:\/\/ileawo.com\/pt-br\/wp-json\/wp\/v2\/pages\/8240","targetHints":{"allow":["GET"]}}],"collection":[{"href":"https:\/\/ileawo.com\/pt-br\/wp-json\/wp\/v2\/pages"}],"about":[{"href":"https:\/\/ileawo.com\/pt-br\/wp-json\/wp\/v2\/types\/page"}],"author":[{"embeddable":true,"href":"https:\/\/ileawo.com\/pt-br\/wp-json\/wp\/v2\/users\/1"}],"replies":[{"embeddable":true,"href":"https:\/\/ileawo.com\/pt-br\/wp-json\/wp\/v2\/comments?post=8240"}],"version-history":[{"count":0,"href":"https:\/\/ileawo.com\/pt-br\/wp-json\/wp\/v2\/pages\/8240\/revisions"}],"up":[{"embeddable":true,"href":"https:\/\/ileawo.com\/pt-br\/wp-json\/wp\/v2\/pages\/2097"}],"wp:featuredmedia":[{"embeddable":true,"href":"https:\/\/ileawo.com\/pt-br\/wp-json\/"}],"wp:attachment":[{"href":"https:\/\/ileawo.com\/pt-br\/wp-json\/wp\/v2\/media?parent=8240"}],"wp:term":[{"taxonomy":"category","embeddable":true,"href":"https:\/\/ileawo.com\/pt-br\/wp-json\/wp\/v2\/categories?post=8240"}],"curies":[{"name":"wp","href":"https:\/\/api.w.org\/{rel}","templated":true}]}}