{"id":7715,"date":"2023-05-30T12:16:35","date_gmt":"2023-05-30T10:16:35","guid":{"rendered":"https:\/\/ileawo.com\/oke-itase-letra-do-ano\/oke-itase-2023\/"},"modified":"2023-06-04T02:23:14","modified_gmt":"2023-06-04T00:23:14","slug":"oke-itase-2023","status":"publish","type":"page","link":"https:\/\/ileawo.com\/pt-br\/oke-itase-letra-do-ano\/oke-itase-2023\/","title":{"rendered":"Oke Itase 2023 \u2013 Letra do Ano 2023 | Il\u00e9 Ife Nigeria"},"content":{"rendered":"<div class=\"wpb-content-wrapper\"><p>[vc_row][vc_column][vc_single_image image=&#8221;7767&#8243; img_size=&#8221;medium&#8221; alignment=&#8221;center&#8221; css=&#8221;.vc_custom_1685837673511{margin-bottom: 0px !important;}&#8221;][vc_column_text]<\/p>\n<h2 style=\"text-align: center;\">Od\u00f9 Irosun Osa<\/h2>\n<p>[\/vc_column_text][\/vc_column][\/vc_row][vc_row][vc_column width=&#8221;1\/6&#8243; offset=&#8221;vc_hidden-sm vc_hidden-xs&#8221;][\/vc_column][vc_column width=&#8221;1\/2&#8243; offset=&#8221;vc_col-md-4&#8243;][vc_column_text]<\/p>\n<div style=\"background-color: #f6f6f6; margin: 10px; border-radius: 10px;\">\n<h5 class=\"white-box\">Yor\u00f9b\u00e1<\/h5>\n<p style=\"background-color: #f6f6f6; padding: 30px; border-radius: 0px 0px 10px 10px;\">Akope eluju nii gbohun Olorun<br \/>\nDia fun Olaboni<br \/>\nOmo Olorun figba bowa mole<br \/>\nEbo ni won ni ko waa se<br \/>\nO gb\u2019ebo, o ru\u2019bo<br \/>\nOojo ti o sigba obi<br \/>\nNi igba ire si<\/p>\n<\/div>\n<p>[\/vc_column_text][\/vc_column][vc_column width=&#8221;1\/2&#8243; offset=&#8221;vc_col-md-4&#8243;][vc_column_text css=&#8221;.vc_custom_1685837793876{margin-bottom: 0px !important;}&#8221;]<\/p>\n<div style=\"background-color: #f6f6f6; margin: 10px; border-radius: 10px;\">\n<h5 class=\"white-box\">Portugu\u00eas<\/h5>\n<p style=\"background-color: #f6f6f6; padding: 30px; border-radius: 0px 0px 10px 10px;\">O seringueiro do sert\u00e3o<br \/>\n\u00c9 a pessoa que ouve a voz do c\u00e9u<br \/>\nMensagem de Ifa para Olabomi<br \/>\nAquele que os seres celestiais cobriram seu car\u00e1ter<br \/>\nEle foi aconselhado a oferecer ebo<br \/>\neu cumpri<br \/>\nO dia abrir\u00e1 a caba\u00e7a de Obi, Kolanut<br \/>\nEsse foi o dia em que a caba\u00e7a da sorte da vida foi aberta<\/p>\n<\/div>\n<p>[\/vc_column_text][\/vc_column][vc_column width=&#8221;1\/6&#8243; offset=&#8221;vc_hidden-sm vc_hidden-xs&#8221;][\/vc_column][\/vc_row][vc_row][vc_column][vc_raw_html css=&#8221;.vc_custom_1572654247108{margin-top: 40px !important;}&#8221;]JTNDc2NyaXB0JTIwYXN5bmMlMjBzcmMlM0QlMjIlMkYlMkZwYWdlYWQyLmdvb2dsZXN5bmRpY2F0aW9uLmNvbSUyRnBhZ2VhZCUyRmpzJTJGYWRzYnlnb29nbGUuanMlMjIlM0UlM0MlMkZzY3JpcHQlM0UlMEElM0MlMjEtLSUyMExhLVByZW5zYS1BZHMlMjAtLSUzRSUwQSUzQ2lucyUyMGNsYXNzJTNEJTIyYWRzYnlnb29nbGUlMjIlMEElMjAlMjAlMjAlMjAlMjBzdHlsZSUzRCUyMmRpc3BsYXklM0FibG9jayUyMiUwQSUyMCUyMCUyMCUyMCUyMGRhdGEtYWQtY2xpZW50JTNEJTIyY2EtcHViLTQ3MTQwOTc3Mzc0NDUxMDklMjIlMEElMjAlMjAlMjAlMjAlMjBkYXRhLWFkLXNsb3QlM0QlMjI5MjA2NTcxMDc3JTIyJTBBJTIwJTIwJTIwJTIwJTIwZGF0YS1hZC1mb3JtYXQlM0QlMjJhdXRvJTIyJTNFJTNDJTJGaW5zJTNFJTBBJTNDc2NyaXB0JTNFJTBBJTI4YWRzYnlnb29nbGUlMjAlM0QlMjB3aW5kb3cuYWRzYnlnb29nbGUlMjAlN0MlN0MlMjAlNUIlNUQlMjkucHVzaCUyOCU3QiU3RCUyOSUzQiUwQSUzQyUyRnNjcmlwdCUzRQ==[\/vc_raw_html][\/vc_column][\/vc_row][vc_row][vc_column offset=&#8221;vc_col-md-2 vc_hidden-sm vc_hidden-xs&#8221;][\/vc_column][vc_column offset=&#8221;vc_col-md-8&#8243;][vc_column_text]<\/p>\n<div class=\"uvc-main-heading ult-responsive\" data-ultimate-target=\".uvc-heading.ultimate-heading-92575db682638844d h2\" data-responsive-json-new=\"{&quot;font-size&quot;:&quot;desktop:28px;tablet:26px;tablet_portrait:26px;mobile_landscape:24px;mobile:24px;&quot;,&quot;line-height&quot;:&quot;desktop:34px;&quot;}\">\n<h2>Celebra\u00e7\u00e3o do Festival Oke Itase 2023<\/h2>\n<\/div>\n<div class=\"uvc-sub-heading ult-responsive\" data-ultimate-target=\".uvc-heading.ultimate-heading-92575db682638844d .uvc-sub-heading \" data-responsive-json-new=\"{&quot;font-size&quot;:&quot;&quot;,&quot;line-height&quot;:&quot;desktop:26px;&quot;}\">\n<p style=\"font-weight: 400;\">Chegou o dia mais importante para os praticantes do If\u00e1 Tradicional: a celebra\u00e7\u00e3o do Oke Itase 2023. Mais um ano, no Il\u00e9 Awo temos o prazer de apresentar pela primeira vez o sinal do Oke Itase 2023, a adivinha\u00e7\u00e3o mundial do If\u00e1 com o qual come\u00e7a o Ano Novo iorub\u00e1 celebrado hoje cedo em Il\u00e9 Ife.<\/p>\n<p style=\"font-weight: 400;\">Milhares de pessoas estiveram neste s\u00e1bado no templo Oke Itase e propiciaram Ope (a palmeira sagrada) com Obi, da mesma forma que os Ooni de Ile Ife fizeram durante a madrugada. Esta propicia\u00e7\u00e3o \u00e9 uma das cerim\u00f4nias mais importantes que se realiza antes de fazer o Idafa que revela o sinal que reger\u00e1 os pr\u00f3ximos doze meses. Ap\u00f3s a peregrina\u00e7\u00e3o que leva If\u00e1 ao templo de Ile Ife chefiado pelo Araba, ocorreu a propicia\u00e7\u00e3o a If\u00e1 com Obi e outros materiais de If\u00e1, para ent\u00e3o proceder \u00e0 adivinha\u00e7\u00e3o mundial a partir da meia-noite.<\/p>\n<p><span style=\"font-weight: 400;\">Em Oke Itase 2023, o signo revelado \u00e9 <\/span><b>Irosun Osa<\/b>. If\u00e1 prev\u00ea que derrotaremos a morte. If\u00e1 fala que a sorte est\u00e1 passando na frente da porta de casa, sem poder entrar e por isso aconselha fazer o ebo recomendado para que as portas de nossa casa se abram para toda sorte. If\u00e1 tamb\u00e9m fala de um poderoso inimigo que atrapalha a sorte, mas propiciando Orunmila poder\u00e1 derrot\u00e1-lo e avan\u00e7ar na vida.<\/p>\n<p><span style=\"font-weight: 400;\">Para saber mais sobre o que If\u00e1 diz no signo<\/span><b> Irosun Osa<\/b>, convidamos voc\u00ea a baixar nossos aplicativos <a style=\"font-weight: 400;\" href=\"https:\/\/onelink.to\/ifatradicional\">If\u00e1 Tradicional<\/a>, \u00a0<a style=\"font-weight: 400;\" href=\"https:\/\/onelink.to\/ifapro\">If\u00e1 Tradicional Pro,\u00a0<\/a><a style=\"font-weight: 400;\" href=\"https:\/\/onelink.to\/ojuodu\">Oj\u00fa Od\u00f9<\/a><a style=\"font-weight: 400;\" href=\"http:\/\/hyperurl.co\/oju-odu\">\u00a0,<\/a>\u00a0<a style=\"font-weight: 400;\" href=\"https:\/\/onelink.to\/q36htt\">Apola Ogbe<\/a>,\u00a0<a style=\"font-weight: 400;\" href=\"https:\/\/onelink.to\/jksnkd\">Apola Oyeku<\/a>,\u00a0<a style=\"font-weight: 400;\" href=\"https:\/\/onelink.to\/4h9bqu\">Apola Iwori<\/a>\u00a0y\u00a0<a style=\"font-weight: 400;\" href=\"https:\/\/onelink.to\/2xq3b5\">Apola Od<\/a>i y\u00a0<a style=\"font-weight: 400;\" href=\"https:\/\/ileawo.com\/aplicaciones\/apola-irosun\/\">Apola Irosun<\/a>, onde voc\u00ea encontrar\u00e1 informa\u00e7\u00f5es detalhadas sobre o signo para ter toda a sorte neste ano que come\u00e7a hoje.<\/p>\n<p style=\"font-weight: 400;\">\u00c9 importante lembrar que todos os seguidores de If\u00e1 no mundo que praticam a religi\u00e3o tradicional devem realizar os ebo e as cerim\u00f4nias que o signo marca, bem como levar em considera\u00e7\u00e3o as advert\u00eancias dos Od\u00f9 ao longo do ano. Caso pretenda informa\u00e7\u00f5es mais detalhadas sobre as cerim\u00f3nias recomendadas a realizar no Oke Itase 2023. N\u00e3o hesite em <a href=\"https:\/\/ileawo.com\/pt-br\/contato\/\">contactar-nos.<\/a><\/p>\n<\/div>\n<p>[\/vc_column_text][\/vc_column][vc_column width=&#8221;1\/6&#8243; offset=&#8221;vc_hidden-sm vc_hidden-xs&#8221;][\/vc_column][\/vc_row][vc_row][vc_column][vc_raw_html css=&#8221;.vc_custom_1572654247108{margin-top: 40px !important;}&#8221;]JTNDc2NyaXB0JTIwYXN5bmMlMjBzcmMlM0QlMjIlMkYlMkZwYWdlYWQyLmdvb2dsZXN5bmRpY2F0aW9uLmNvbSUyRnBhZ2VhZCUyRmpzJTJGYWRzYnlnb29nbGUuanMlMjIlM0UlM0MlMkZzY3JpcHQlM0UlMEElM0MlMjEtLSUyMExhLVByZW5zYS1BZHMlMjAtLSUzRSUwQSUzQ2lucyUyMGNsYXNzJTNEJTIyYWRzYnlnb29nbGUlMjIlMEElMjAlMjAlMjAlMjAlMjBzdHlsZSUzRCUyMmRpc3BsYXklM0FibG9jayUyMiUwQSUyMCUyMCUyMCUyMCUyMGRhdGEtYWQtY2xpZW50JTNEJTIyY2EtcHViLTQ3MTQwOTc3Mzc0NDUxMDklMjIlMEElMjAlMjAlMjAlMjAlMjBkYXRhLWFkLXNsb3QlM0QlMjI5MjA2NTcxMDc3JTIyJTBBJTIwJTIwJTIwJTIwJTIwZGF0YS1hZC1mb3JtYXQlM0QlMjJhdXRvJTIyJTNFJTNDJTJGaW5zJTNFJTBBJTNDc2NyaXB0JTNFJTBBJTI4YWRzYnlnb29nbGUlMjAlM0QlMjB3aW5kb3cuYWRzYnlnb29nbGUlMjAlN0MlN0MlMjAlNUIlNUQlMjkucHVzaCUyOCU3QiU3RCUyOSUzQiUwQSUzQyUyRnNjcmlwdCUzRQ==[\/vc_raw_html][\/vc_column][\/vc_row][vc_row][vc_column width=&#8221;1\/4&#8243; offset=&#8221;vc_col-md-3 vc_hidden-sm vc_hidden-xs&#8221;][\/vc_column][vc_column offset=&#8221;vc_col-md-6 vc_col-xs-12&#8243;][vc_images_carousel images=&#8221;7711,7708,7702,7705,7699,7696,7693,7690&#8243; img_size=&#8221;large&#8221; onclick=&#8221;link_no&#8221; autoplay=&#8221;yes&#8221; wrap=&#8221;yes&#8221;][\/vc_column][vc_column width=&#8221;1\/4&#8243; offset=&#8221;vc_col-md-3 vc_hidden-sm vc_hidden-xs&#8221;][\/vc_column][\/vc_row][vc_row full_width=&#8221;stretch_row&#8221; content_placement=&#8221;middle&#8221; bg_type=&#8221;bg_color&#8221; bg_override=&#8221;ex-full&#8221; bg_color_value=&#8221;#4e89d5&#8243; el_class=&#8221;banner&#8221; css=&#8221;.vc_custom_1589978327005{margin-top: 40px !important;background-color: #4e89d5 !important;}&#8221;][vc_column width=&#8221;2\/3&#8243;][vc_column_text el_class=&#8221;banner-text&#8221;]Fa\u00e7a uma adivinha\u00e7\u00e3o de If\u00e1 e saiba o que o Orix\u00e1 tem reservado para voc\u00ea[\/vc_column_text][\/vc_column][vc_column width=&#8221;1\/3&#8243;][vc_column_text css_animation=&#8221;bounceIn&#8221;]<\/p>\n<p style=\"text-align: center;\"><a class=\"custom-buttons-alternative\" href=\"\/contacto\/\">Pergunte-nos<\/a><\/p>\n<p>[\/vc_column_text][\/vc_column][\/vc_row]<\/p>\n<\/div>"},"excerpt":{"rendered":"<p>[vc_row][vc_column][vc_single_image image=&#8221;7767&#8243; img_size=&#8221;medium&#8221; alignment=&#8221;center&#8221; css=&#8221;.vc_custom_1685837673511{margin-bottom: 0px !important;}&#8221;][vc_column_text] Od\u00f9 Irosun Osa [\/vc_column_text][\/vc_column][\/vc_row][vc_row][vc_column width=&#8221;1\/6&#8243; offset=&#8221;vc_hidden-sm vc_hidden-xs&#8221;][\/vc_column][vc_column width=&#8221;1\/2&#8243; offset=&#8221;vc_col-md-4&#8243;][vc_column_text] Yor\u00f9b\u00e1 Akope eluju nii gbohun Olorun Dia fun Olaboni Omo<span class=\"excerpt-hellip\"> [\u2026]<\/span><\/p>\n","protected":false},"author":1,"featured_media":7664,"parent":2097,"menu_order":0,"comment_status":"closed","ping_status":"closed","template":"","meta":{"footnotes":""},"categories":[2713],"class_list":["post-7715","page","type-page","status-publish","has-post-thumbnail","hentry","category-oke-itase-pt-br"],"yoast_head":"<!-- This site is optimized with the Yoast SEO Premium plugin v25.2 (Yoast SEO v27.5) - https:\/\/yoast.com\/product\/yoast-seo-premium-wordpress\/ -->\n<title>Oke Itase 2023 \u2013 Letra do Ano 2023 | Il\u00e9 Ife Nigeria - Il\u00e9 Awo<\/title>\n<meta name=\"description\" content=\"Conhe\u00e7a os des\u00edgnios de If\u00e1 para este ano atrav\u00e9s do Od\u00f9 de If\u00e1 Irosun Osa, revelado no Oke Itase 2023, adivinha\u00e7\u00e3o mundial de If\u00e1.\" \/>\n<meta name=\"robots\" content=\"index, follow, max-snippet:-1, max-image-preview:large, max-video-preview:-1\" \/>\n<link rel=\"canonical\" href=\"https:\/\/ileawo.com\/pt-br\/oke-itase-letra-do-ano\/oke-itase-2023\/\" \/>\n<meta property=\"og:locale\" content=\"pt_BR\" \/>\n<meta property=\"og:type\" content=\"article\" \/>\n<meta property=\"og:title\" content=\"Oke Itase 2023 \u2013 Letra do Ano 2023 | Il\u00e9 Ife Nigeria\" \/>\n<meta property=\"og:description\" content=\"Conhe\u00e7a os des\u00edgnios de If\u00e1 para este ano atrav\u00e9s do Od\u00f9 de If\u00e1 Irosun Osa, revelado no Oke Itase 2023, adivinha\u00e7\u00e3o mundial de If\u00e1.\" \/>\n<meta property=\"og:url\" content=\"https:\/\/ileawo.com\/pt-br\/oke-itase-letra-do-ano\/oke-itase-2023\/\" \/>\n<meta property=\"og:site_name\" content=\"Il\u00e9 Awo\" \/>\n<meta property=\"article:publisher\" content=\"https:\/\/www.facebook.com\/ifabiyii\" \/>\n<meta property=\"article:modified_time\" content=\"2023-06-04T00:23:14+00:00\" \/>\n<meta property=\"og:image\" content=\"http:\/\/ileawo.com\/wp-content\/uploads\/2023\/05\/oke-itase-2023-letra-ano.jpg\" \/>\n\t<meta property=\"og:image:width\" content=\"1200\" \/>\n\t<meta property=\"og:image:height\" content=\"633\" \/>\n\t<meta property=\"og:image:type\" content=\"image\/jpeg\" \/>\n<meta name=\"twitter:card\" content=\"summary_large_image\" \/>\n<meta name=\"twitter:site\" content=\"@ifabiyii\" \/>\n<!-- \/ Yoast SEO Premium plugin. -->","yoast_head_json":{"title":"Oke Itase 2023 \u2013 Letra do Ano 2023 | Il\u00e9 Ife Nigeria - Il\u00e9 Awo","description":"Conhe\u00e7a os des\u00edgnios de If\u00e1 para este ano atrav\u00e9s do Od\u00f9 de If\u00e1 Irosun Osa, revelado no Oke Itase 2023, adivinha\u00e7\u00e3o mundial de If\u00e1.","robots":{"index":"index","follow":"follow","max-snippet":"max-snippet:-1","max-image-preview":"max-image-preview:large","max-video-preview":"max-video-preview:-1"},"canonical":"https:\/\/ileawo.com\/pt-br\/oke-itase-letra-do-ano\/oke-itase-2023\/","og_locale":"pt_BR","og_type":"article","og_title":"Oke Itase 2023 \u2013 Letra do Ano 2023 | Il\u00e9 Ife Nigeria","og_description":"Conhe\u00e7a os des\u00edgnios de If\u00e1 para este ano atrav\u00e9s do Od\u00f9 de If\u00e1 Irosun Osa, revelado no Oke Itase 2023, adivinha\u00e7\u00e3o mundial de If\u00e1.","og_url":"https:\/\/ileawo.com\/pt-br\/oke-itase-letra-do-ano\/oke-itase-2023\/","og_site_name":"Il\u00e9 Awo","article_publisher":"https:\/\/www.facebook.com\/ifabiyii","article_modified_time":"2023-06-04T00:23:14+00:00","og_image":[{"width":1200,"height":633,"url":"http:\/\/ileawo.com\/wp-content\/uploads\/2023\/05\/oke-itase-2023-letra-ano.jpg","type":"image\/jpeg"}],"twitter_card":"summary_large_image","twitter_site":"@ifabiyii","schema":{"@context":"https:\/\/schema.org","@graph":[{"@type":"Article","@id":"https:\/\/ileawo.com\/pt-br\/oke-itase-letra-do-ano\/oke-itase-2023\/#article","isPartOf":{"@id":"https:\/\/ileawo.com\/pt-br\/oke-itase-letra-do-ano\/oke-itase-2023\/"},"author":{"name":"If\u00e1b\u00edy\u00ec\u00ed Ak\u00f3d\u00e0","@id":"http:\/\/ileawo.com\/pt-br\/#\/schema\/person\/5b4d3af5a9aa8f02fe88dbeb048ef64a"},"headline":"Oke Itase 2023 \u2013 Letra do Ano 2023 | Il\u00e9 Ife Nigeria","datePublished":"2023-05-30T10:16:35+00:00","dateModified":"2023-06-04T00:23:14+00:00","mainEntityOfPage":{"@id":"https:\/\/ileawo.com\/pt-br\/oke-itase-letra-do-ano\/oke-itase-2023\/"},"wordCount":873,"publisher":{"@id":"http:\/\/ileawo.com\/pt-br\/#organization"},"image":{"@id":"https:\/\/ileawo.com\/pt-br\/oke-itase-letra-do-ano\/oke-itase-2023\/#primaryimage"},"thumbnailUrl":"https:\/\/ileawo.com\/wp-content\/uploads\/2023\/05\/oke-itase-2023-letra-ano.jpg","articleSection":["Oke Itase"],"inLanguage":"pt-BR"},{"@type":"WebPage","@id":"https:\/\/ileawo.com\/pt-br\/oke-itase-letra-do-ano\/oke-itase-2023\/","url":"https:\/\/ileawo.com\/pt-br\/oke-itase-letra-do-ano\/oke-itase-2023\/","name":"Oke Itase 2023 \u2013 Letra do Ano 2023 | Il\u00e9 Ife Nigeria - Il\u00e9 Awo","isPartOf":{"@id":"http:\/\/ileawo.com\/pt-br\/#website"},"primaryImageOfPage":{"@id":"https:\/\/ileawo.com\/pt-br\/oke-itase-letra-do-ano\/oke-itase-2023\/#primaryimage"},"image":{"@id":"https:\/\/ileawo.com\/pt-br\/oke-itase-letra-do-ano\/oke-itase-2023\/#primaryimage"},"thumbnailUrl":"https:\/\/ileawo.com\/wp-content\/uploads\/2023\/05\/oke-itase-2023-letra-ano.jpg","datePublished":"2023-05-30T10:16:35+00:00","dateModified":"2023-06-04T00:23:14+00:00","description":"Conhe\u00e7a os des\u00edgnios de If\u00e1 para este ano atrav\u00e9s do Od\u00f9 de If\u00e1 Irosun Osa, revelado no Oke Itase 2023, adivinha\u00e7\u00e3o mundial de If\u00e1.","breadcrumb":{"@id":"https:\/\/ileawo.com\/pt-br\/oke-itase-letra-do-ano\/oke-itase-2023\/#breadcrumb"},"inLanguage":"pt-BR","potentialAction":[{"@type":"ReadAction","target":["https:\/\/ileawo.com\/pt-br\/oke-itase-letra-do-ano\/oke-itase-2023\/"]}]},{"@type":"ImageObject","inLanguage":"pt-BR","@id":"https:\/\/ileawo.com\/pt-br\/oke-itase-letra-do-ano\/oke-itase-2023\/#primaryimage","url":"https:\/\/ileawo.com\/wp-content\/uploads\/2023\/05\/oke-itase-2023-letra-ano.jpg","contentUrl":"https:\/\/ileawo.com\/wp-content\/uploads\/2023\/05\/oke-itase-2023-letra-ano.jpg","width":1200,"height":633,"caption":"Oke Itase 2023 -Letra del a\u00f1o celebrada en Ile Ife"},{"@type":"BreadcrumbList","@id":"https:\/\/ileawo.com\/pt-br\/oke-itase-letra-do-ano\/oke-itase-2023\/#breadcrumb","itemListElement":[{"@type":"ListItem","position":1,"name":"Home","item":"http:\/\/ileawo.com\/pt-br\/"},{"@type":"ListItem","position":2,"name":"Oke Itase","item":"http:\/\/ileawo.com\/pt-br\/oke-itase-letra-do-ano\/"},{"@type":"ListItem","position":3,"name":"Oke Itase 2023 \u2013 Letra do Ano 2023 | Il\u00e9 Ife Nigeria"}]},{"@type":"WebSite","@id":"http:\/\/ileawo.com\/pt-br\/#website","url":"http:\/\/ileawo.com\/pt-br\/","name":"Il\u00e9 Awo","description":"","publisher":{"@id":"http:\/\/ileawo.com\/pt-br\/#organization"},"potentialAction":[{"@type":"SearchAction","target":{"@type":"EntryPoint","urlTemplate":"http:\/\/ileawo.com\/pt-br\/?s={search_term_string}"},"query-input":{"@type":"PropertyValueSpecification","valueRequired":true,"valueName":"search_term_string"}}],"inLanguage":"pt-BR"},{"@type":"Organization","@id":"http:\/\/ileawo.com\/pt-br\/#organization","name":"Il\u00e9 Awo","url":"http:\/\/ileawo.com\/pt-br\/","logo":{"@type":"ImageObject","inLanguage":"pt-BR","@id":"http:\/\/ileawo.com\/pt-br\/#\/schema\/logo\/image\/","url":"https:\/\/ileawo.com\/wp-content\/uploads\/revslider\/Bienvenido\/Logo-Ile-Awo-20201.png","contentUrl":"https:\/\/ileawo.com\/wp-content\/uploads\/revslider\/Bienvenido\/Logo-Ile-Awo-20201.png","width":500,"height":155,"caption":"Il\u00e9 Awo"},"image":{"@id":"http:\/\/ileawo.com\/pt-br\/#\/schema\/logo\/image\/"},"sameAs":["https:\/\/www.facebook.com\/ifabiyii","https:\/\/x.com\/ifabiyii","https:\/\/www.instagram.com\/ifabiyii_akoda\/"]},{"@type":"Person","@id":"http:\/\/ileawo.com\/pt-br\/#\/schema\/person\/5b4d3af5a9aa8f02fe88dbeb048ef64a","name":"If\u00e1b\u00edy\u00ec\u00ed Ak\u00f3d\u00e0","image":{"@type":"ImageObject","inLanguage":"pt-BR","@id":"https:\/\/secure.gravatar.com\/avatar\/07530fd5fec1f19247b6ca33a6f419284691fff29c8857d86ea771d943bdba08?s=96&d=mm&r=g","url":"https:\/\/secure.gravatar.com\/avatar\/07530fd5fec1f19247b6ca33a6f419284691fff29c8857d86ea771d943bdba08?s=96&d=mm&r=g","contentUrl":"https:\/\/secure.gravatar.com\/avatar\/07530fd5fec1f19247b6ca33a6f419284691fff29c8857d86ea771d943bdba08?s=96&d=mm&r=g","caption":"If\u00e1b\u00edy\u00ec\u00ed Ak\u00f3d\u00e0"},"sameAs":["https:\/\/ileawo.com\/"]}]}},"_links":{"self":[{"href":"https:\/\/ileawo.com\/pt-br\/wp-json\/wp\/v2\/pages\/7715","targetHints":{"allow":["GET"]}}],"collection":[{"href":"https:\/\/ileawo.com\/pt-br\/wp-json\/wp\/v2\/pages"}],"about":[{"href":"https:\/\/ileawo.com\/pt-br\/wp-json\/wp\/v2\/types\/page"}],"author":[{"embeddable":true,"href":"https:\/\/ileawo.com\/pt-br\/wp-json\/wp\/v2\/users\/1"}],"replies":[{"embeddable":true,"href":"https:\/\/ileawo.com\/pt-br\/wp-json\/wp\/v2\/comments?post=7715"}],"version-history":[{"count":0,"href":"https:\/\/ileawo.com\/pt-br\/wp-json\/wp\/v2\/pages\/7715\/revisions"}],"up":[{"embeddable":true,"href":"https:\/\/ileawo.com\/pt-br\/wp-json\/wp\/v2\/pages\/2097"}],"wp:featuredmedia":[{"embeddable":true,"href":"https:\/\/ileawo.com\/pt-br\/wp-json\/wp\/v2\/media\/7664"}],"wp:attachment":[{"href":"https:\/\/ileawo.com\/pt-br\/wp-json\/wp\/v2\/media?parent=7715"}],"wp:term":[{"taxonomy":"category","embeddable":true,"href":"https:\/\/ileawo.com\/pt-br\/wp-json\/wp\/v2\/categories?post=7715"}],"curies":[{"name":"wp","href":"https:\/\/api.w.org\/{rel}","templated":true}]}}