{"id":7299,"date":"2023-01-13T17:47:57","date_gmt":"2023-01-13T16:47:57","guid":{"rendered":"https:\/\/ileawo.com\/?page_id=7299"},"modified":"2023-01-20T13:48:58","modified_gmt":"2023-01-20T12:48:58","slug":"osanyin","status":"publish","type":"page","link":"https:\/\/ileawo.com\/pt-br\/aplicacoes\/osanyin\/","title":{"rendered":"App Osanyin lo mo Ewe"},"content":{"rendered":"<div class=\"wpb-content-wrapper\"><p>[vc_row full_width=&#8221;stretch_row&#8221; content_placement=&#8221;middle&#8221; bg_type=&#8221;bg_color&#8221; el_class=&#8221;contact-row&#8221; bg_color_value=&#8221;#f6f6f6&#8243; css=&#8221;.vc_custom_1633368877731{padding-top: 40px !important;padding-bottom: 40px !important;background-color: #f6f6f6 !important;}&#8221;][vc_column offset=&#8221;vc_col-md-6&#8243;][vc_single_image image=&#8221;7375&#8243; alignment=&#8221;center&#8221; onclick=&#8221;custom_link&#8221; img_link_target=&#8221;_blank&#8221; css=&#8221;.vc_custom_1673617577356{border-radius: 35px !important;}&#8221; link=&#8221;http:\/\/hyperurl.co\/mmd5nd&#8221;][vc_raw_html]JTNDZGl2JTIwc3R5bGUlM0QlMjJ0ZXh0LWFsaWduJTNBJTIwY2VudGVyJTNCJTIyJTNFJTBBJTIwJTIwJTIwJTIwJTNDcCUyMHN0eWxlJTNEJTIybWFyZ2luLWJvdHRvbSUzQSUyMDEwcHglM0Jmb250LXNpemUlM0ElMjAxNHB4JTNCJTIyJTNFRGlzcG9uJUMzJUFEdmVsJTIwcGFyYSUyMG0lQzMlQjN2aWxlcyUyMHklMjB0YWJsZXQlMjBlbSUzQSUzQyUyRnAlM0UlMEElMjAlMjAlMjAlMjAlM0NwJTNFJTBBJTIwJTIwJTIwJTIwJTIwJTIwJTIwJTIwJTNDaSUyMHN0eWxlJTNEJTIyY29sb3IlM0ElMjMwMDAwMDAlM0Jmb250LXNpemUlM0EyMHB4JTNCcGFkZGluZyUzQSUyMDAlMjAxMHB4JTNCJTIyJTIwY2xhc3MlM0QlMjJmYSUyMGZhLWFwcGxlJTIyJTNFJTNDJTJGaSUzRSUwQSUyMCUyMCUyMCUyMCUzQyUyRnAlM0UlMEElM0MlMkZkaXYlM0U=[\/vc_raw_html][vc_raw_html]JTNDZGl2JTIwc3R5bGUlM0QlMjJ0ZXh0LWFsaWduJTNBJTIwY2VudGVyJTNCbWFyZ2luLWJvdHRvbSUzQTI1cHglM0IlMjIlMjBpdGVtc2NvcGUlMjBpdGVtdHlwZSUzRCUyMmh0dHAlM0ElMkYlMkZzY2hlbWEub3JnJTJGTW9iaWxlQXBwbGljYXRpb24lMjIlM0UlMEElMjAlMjAlMjAlMjAlM0NtZXRhJTIwaXRlbXByb3AlM0QlMjJuYW1lJTIyJTIwY29udGVudCUzRCUyMk9zYW55aW4lMjIlM0UlMEElMjAlMjAlMjAlMjAlM0NtZXRhJTIwaXRlbXByb3AlM0QlMjJkZXNjcmlwdGlvbiUyMiUyMGNvbnRlbnQlM0QlMjIlQzMlOTJzJUMzJUExbnlpbiUyMGxvJTIwbW8lMjBFdyVDMyVBOSUyQyUyMGElMjBtZWxob3IlMjBhcGxpY2ElQzMlQTclQzMlQTNvJTIwZGUlMjBJZiVDMyVBMSUyMGNyaWFkYSUyMGF0JUMzJUE5JTIwYSUyMGRhdGElMjBkZWRpY2FkYSUyMGElMjBpZGVudGlmaWNhciUyMGFzJTIwcGxhbnRhcyUyMGNvbSUyMHNldSUyMG5vbWUlMjBZb3IlQzMlQjliJUMzJUExJTJDJTIwdXRpbGl6YW5kbyUyMGElMjBtZWxob3IlMjB0ZWNub2xvZ2lhJTIwamFtJUMzJUExcyUyMHV0aWxpemFkYSUyMG5hJTIwcHIlQzMlQTF0aWNhJTIwZGUlMjBJZiVDMyVBMSUyMFRyYWRpY2lvbmFsJTNBJTIwbW9kZWxvJTIwZGUlMjBhcHJlbmRpemFkbyUyMGRlJTIwbSVDMyVBMXF1aW5hJTIwZGUlMjBpZGVudGlmaWNhJUMzJUE3JUMzJUEzby4lMjIlM0UlMEElMjAlMjAlMjAlMjAlM0NtZXRhJTIwaXRlbXByb3AlM0QlMjJvcGVyYXRpbmdTeXN0ZW0lMjIlMjBjb250ZW50JTNEJTIyQW5kcm9pZCUyQyUyMGlPUyUyMiUzRSUwQSUyMCUyMCUyMCUyMCUzQ21ldGElMjBpdGVtcHJvcCUzRCUyMmFwcGxpY2F0aW9uQ2F0ZWdvcnklMjIlMjBjb250ZW50JTNEJTIyRWR1Y2F0aW9uJTIyJTNFJTBBJTIwJTIwJTIwJTIwJTNDbWV0YSUyMGl0ZW1wcm9wJTNEJTIyaW1hZ2UlMjIlMjBjb250ZW50JTNEJTIyaHR0cHMlM0ElMkYlMkZpbGVhd28uY29tJTJGd3AtY29udGVudCUyRnVwbG9hZHMlMkYyMDIzJTJGMDElMkZvc2FueWluLnBuZyUyMiUzRSUwQSUyMCUyMCUyMCUyMCUzQ21ldGElMjBpdGVtcHJvcCUzRCUyMmRvd25sb2FkVXJsJTIyJTIwY29udGVudCUzRCUyMmh0dHBzJTNBJTJGJTJGb25lbGluay50byUyRnQ1Ym01dSUyMiUzRSUwQSUyMCUyMCUyMCUyMCUyMCUyMCUyMCUyMCUzQ2RpdiUyMGl0ZW1wcm9wJTNEJTIyb2ZmZXJzJTIyJTIwaXRlbXNjb3BlJTIwaXRlbXR5cGUlM0QlMjJodHRwJTNBJTJGJTJGc2NoZW1hLm9yZyUyRk9mZmVyJTIyJTNFJTBBJTIwJTIwJTIwJTIwJTIwJTIwJTIwJTIwJTIwJTIwJTIwJTIwJTNDbWV0YSUyMGl0ZW1wcm9wJTNEJTIycHJpY2UlMjIlMjBjb250ZW50JTNEJTIyMzkuOTklMjIlM0UlMEElMjAlMjAlMjAlMjAlMjAlMjAlMjAlMjAlMjAlMjAlMjAlMjAlM0NtZXRhJTIwaXRlbXByb3AlM0QlMjJwcmljZUN1cnJlbmN5JTIyJTIwY29udGVudCUzRCUyMkVVUiUyMiUzRSUyMCUyMCUyMCUyMCUyMCUyMCUyMCUyMCUyMCUyMCUyMCUyMCUyMCUyMCUwQSUyMCUyMCUyMCUyMCUyMCUyMCUyMCUyMCUyMCUyMCUyMCUyMCUzQ2xpbmslMjBpdGVtcHJvcCUzRCUyMmF2YWlsYWJpbGl0eSUyMiUyMGhyZWYlM0QlMjJodHRwJTNBJTJGJTJGc2NoZW1hLm9yZyUyRmluU3RvY2slMjIlMjAlMkYlM0UlMEElMjAlMjAlMjAlMjAlMjAlMjAlMjAlMjAlM0MlMkZkaXYlM0UlMEElMjAlMjAlMjAlMjAlMjAlMjAlMjAlMjAlMjAlMjAlMjAlMjAlM0NkaXYlMjBpdGVtcHJvcCUzRCUyMmFnZ3JlZ2F0ZVJhdGluZyUyMiUyMGl0ZW1zY29wZSUzRCUyMiUyMiUyMGl0ZW10eXBlJTNEJTIyaHR0cCUzQSUyRiUyRnNjaGVtYS5vcmclMkZBZ2dyZWdhdGVSYXRpbmclMjIlMjAlM0UlMEElMjAlMjAlMjAlMjAlMjAlMjAlMjAlMjAlMjAlMjAlMjAlMjAlMjAlMjAlMjAlMjAlM0NtZXRhJTIwaXRlbXByb3AlM0QlMjJyYXRpbmdWYWx1ZSUyMiUyMGNvbnRlbnQlM0QlMjI1JTIyJTNFJTBBJTIwJTIwJTIwJTIwJTIwJTIwJTIwJTIwJTIwJTIwJTIwJTIwJTIwJTIwJTIwJTIwJTNDbWV0YSUyMGl0ZW1wcm9wJTNEJTIycmF0aW5nQ291bnQlMjIlMjBjb250ZW50JTNEJTIyNSUyMiUzRSUwQSUyMCUyMCUyMCUyMCUyMCUyMCUyMCUyMCUyMCUyMCUyMCUyMCUyMCUyMCUyMCUyMCUzQ2RpdiUyMGNsYXNzJTNEJTIyY3VzdG9tLXN0YXJ0JTIyJTNFJTBBJTIwJTIwJTIwJTIwJTIwJTIwJTIwJTIwJTIwJTIwJTIwJTIwJTIwJTIwJTIwJTIwJTIwJTIwJTIwJTIwJTNDaSUyMGNsYXNzJTNEJTIyZmElMjBmYS1zdGFyJTIyJTIwc3R5bGUlM0QlMjJjb2xvciUzQSUyM0ZGRDcwMCUzQmZvbnQtc2l6ZSUzQTIwcHglM0IlMjIlM0UlM0MlMkZpJTNFJTBBJTIwJTIwJTIwJTIwJTIwJTIwJTIwJTIwJTIwJTIwJTIwJTIwJTIwJTIwJTIwJTIwJTIwJTIwJTIwJTIwJTNDaSUyMGNsYXNzJTNEJTIyZmElMjBmYS1zdGFyJTIyJTIwc3R5bGUlM0QlMjJjb2xvciUzQSUyM0ZGRDcwMCUzQmZvbnQtc2l6ZSUzQTIwcHglM0IlMjIlM0UlM0MlMkZpJTNFJTBBJTIwJTIwJTIwJTIwJTIwJTIwJTIwJTIwJTIwJTIwJTIwJTIwJTIwJTIwJTIwJTIwJTIwJTIwJTIwJTIwJTNDaSUyMGNsYXNzJTNEJTIyZmElMjBmYS1zdGFyJTIyJTIwc3R5bGUlM0QlMjJjb2xvciUzQSUyM0ZGRDcwMCUzQmZvbnQtc2l6ZSUzQTIwcHglM0IlMjIlM0UlM0MlMkZpJTNFJTBBJTIwJTIwJTIwJTIwJTIwJTIwJTIwJTIwJTIwJTIwJTIwJTIwJTIwJTIwJTIwJTIwJTIwJTIwJTIwJTIwJTNDaSUyMGNsYXNzJTNEJTIyZmElMjBmYS1zdGFyJTIyJTIwc3R5bGUlM0QlMjJjb2xvciUzQSUyM0ZGRDcwMCUzQmZvbnQtc2l6ZSUzQTIwcHglM0IlMjIlM0UlM0MlMkZpJTNFJTBBJTIwJTIwJTIwJTIwJTIwJTIwJTIwJTIwJTIwJTIwJTIwJTIwJTIwJTIwJTIwJTIwJTIwJTIwJTIwJTIwJTNDaSUyMGNsYXNzJTNEJTIyZmElMjBmYS1zdGFyJTIyJTIwc3R5bGUlM0QlMjJjb2xvciUzQSUyM0ZGRDcwMCUzQmZvbnQtc2l6ZSUzQTIwcHglM0IlMjIlM0UlM0MlMkZpJTNFJTBBJTIwJTIwJTIwJTIwJTIwJTIwJTIwJTIwJTIwJTIwJTIwJTIwJTIwJTIwJTIwJTIwJTIwJTIwJTIwJTIwJTNDcCUyMHN0eWxlJTNEJTIyZm9udC1zaXplJTNBMTRweCUyMiUzRVJlc2VuaGElMjBkZSUyMCUzQ3N0cm9uZyUzRTUlM0MlMkZzdHJvbmclM0UlMjBlbSUyMHVtJTIwdG90YWwlMjBkZSUyMCUzQ3N0cm9uZyUzRTUlM0MlMkZzdHJvbmclM0UlMjBSZXNlbmhhJTIwZW0lMjZuYnNwJTNCJTI2bmJzcCUzQiUzQ2klMjBjbGFzcyUzRCUyMmZhJTIwZmEtYXBwbGUlMjIlMjBzdHlsZSUzRCUyMmNvbG9yJTNBJTIzMDAwMDAwJTNCZm9udC1zaXplJTNBMjBweCUzQm1hcmdpbi1yaWdodCUzQTBweCUzQiUyMiUzRSUzQyUyRmklM0UlMjZuYnNwJTNCJTI2bmJzcCUzQkFwcGxlJTI2bmJzcCUzQlN0b3JlJTNDJTJGcCUzRSUwQSUyMCUyMCUyMCUyMCUyMCUyMCUyMCUyMCUyMCUyMCUyMCUyMCUyMCUyMCUyMCUyMCUzQyUyRmRpdiUzRSUyMCUyMCUyMCUyMCUwQSUyMCUyMCUyMCUyMCUyMCUyMCUyMCUyMCUyMCUyMCUyMCUyMCUzQyUyRmRpdiUzRSUwQSUzQyUyRmRpdiUzRQ==[\/vc_raw_html][vc_column_text css_animation=&#8221;bounceIn&#8221;]<\/p>\n<p style=\"text-align: center;\"><a class=\"custom-buttons\" href=\"https:\/\/onelink.to\/t5bm5u\">Instalar<\/a><\/p>\n<p>[\/vc_column_text][\/vc_column][vc_column offset=&#8221;vc_col-md-6&#8243;][vc_column_text]Temos o prazer de apresentar Osanyin lo mo Ewe, o melhor aplicativo de If\u00e1 criado at\u00e9 hoje dedicado a identificar plantas com seu nome iorub\u00e1, usando a melhor tecnologia j\u00e1 utilizada na pr\u00e1tica do If\u00e1 Tradicional: modelo de aprendizado de m\u00e1quina de identifica\u00e7\u00e3o. \u00c9 a intelig\u00eancia artificial que permite ao aplicativo aumentar automaticamente as informa\u00e7\u00f5es dispon\u00edveis, para que o app cres\u00e7a com seu uso, reconhecendo mais esp\u00e9cies do que as dispon\u00edveis e atribuindo mais nomes iorub\u00e1 \u00e0s ervas.<\/p>\n<p>O reconhecimento das ervas \u00e9 muito simples e autom\u00e1tico com Osanyin lo mo ewe. Voc\u00ea s\u00f3 precisa tirar uma foto ou adicionar uma imagem da galeria da planta que deseja identificar e o aplicativo iniciar\u00e1 o reconhecimento automaticamente e em segundos. Temos mais de 35.000 plantas para reconhecer e mais de 5.000 ervas com o nome iorub\u00e1.<\/p>\n<p>Algumas plantas reconhecidas com nomes iorub\u00e1 podem ter variantes de plantas ou nomes alternativos dependendo da \u00e1rea da Nig\u00e9ria, que voc\u00ea tamb\u00e9m pode encontrar neste aplicativo.<\/p>\n<p>Este novo aplicativo de If\u00e1 \u00e9 \u00fanico em seu estilo e mant\u00e9m nosso compromisso de ajudar na pr\u00e1tica correta do If\u00e1 Tradicional, neste caso ajudando a saber exatamente quais s\u00e3o as ervas corretas que devem ser usadas para fazer um akose ou uma propicia\u00e7\u00e3o e assim alcan\u00e7ar resultados precisos . Al\u00e9m da identifica\u00e7\u00e3o, quando a foto ou imagem da prata tiver geolocaliza\u00e7\u00e3o, aparecer\u00e1 no mapa que te guiar\u00e1 at\u00e9 sua localiza\u00e7\u00e3o exata quando precisar.<\/p>\n<p>Tamb\u00e9m facilitamos a navega\u00e7\u00e3o, tornando-a mais intuitiva do que nunca. Voc\u00ea s\u00f3 ter\u00e1 que deslizar a tela para os lados para acessar todas as se\u00e7\u00f5es do app.[\/vc_column_text][\/vc_column][\/vc_row][vc_row full_width=&#8221;stretch_row&#8221; gap=&#8221;20&#8243; css=&#8221;.vc_custom_1633369344023{padding-top: 30px !important;padding-bottom: 30px !important;}&#8221;][vc_column offset=&#8221;vc_col-md-6&#8243; css=&#8221;.vc_custom_1572275010086{padding-top: 0px !important;padding-bottom: 0px !important;}&#8221;][vc_column_text]<\/p>\n<h3>Im\u00e1genes de la app<\/h3>\n<p>[\/vc_column_text][vc_images_carousel images=&#8221;7381,7384,7387,7390,7393&#8243; img_size=&#8221;medium&#8221; onclick=&#8221;link_no&#8221; slides_per_view=&#8221;3&#8243; css=&#8221;.vc_custom_1673617878344{margin-bottom: 0px !important;}&#8221;][\/vc_column][vc_column offset=&#8221;vc_col-md-6&#8243; css=&#8221;.vc_custom_1572274957308{padding-top: 0px !important;}&#8221;][vc_column_text css=&#8221;.vc_custom_1674055716880{margin-top: 0px !important;margin-bottom: 0px !important;}&#8221;]<\/p>\n<h2>Conte\u00fado de Osanyin lo mo Ewe:<\/h2>\n<ul>\n<li>Reconhecimento autom\u00e1tico de plantas por foto ou imagem<\/li>\n<li>Mais de cinco mil ervas reconhecidas com nomes iorub\u00e1.<\/li>\n<li>Pontua\u00e7\u00e3o de reconhecimento da planta para determinar a correspond\u00eancia exata da imagem carregada com a planta identificada.<\/li>\n<li>Lista Pessoal de Ervas<\/li>\n<li>Mapa com geolocaliza\u00e7\u00e3o de ervas<\/li>\n<li>Modelo de aprendizado de m\u00e1quina de identifica\u00e7\u00e3o<\/li>\n<li>Dispon\u00edvel em ingl\u00eas e espanhol<\/li>\n<\/ul>\n<p>Somos uma comunidade importante e estamos sempre ouvindo sugest\u00f5es. Agradecemos todos os coment\u00e1rios que voc\u00ea nos envia atrav\u00e9s do aplicativo, pois nos permite fazer melhorias para oferecer a voc\u00ea os melhores aplicativos tradicionais de If\u00e1.<\/p>\n<p>\u00c0bor\u00fa \u00e0boy\u00e8 \u00e0bos\u00edse o![\/vc_column_text][\/vc_column][\/vc_row][vc_row full_width=&#8221;stretch_row&#8221; css=&#8221;.vc_custom_1633443632664{padding-top: 40px !important;padding-bottom: 20px !important;background-color: #f6f6f6 !important;}&#8221;][vc_column][vc_column_text css=&#8221;.vc_custom_1633445890437{margin-bottom: 0px !important;}&#8221;]<\/p>\n<h2 style=\"text-align: center;\">Otras aplicaciones<\/h2>\n<p>[\/vc_column_text][\/vc_column][vc_column][vc_masonry_grid post_type=&#8221;page&#8221; max_items=&#8221;3&#8243; orderby=&#8221;rand&#8221; grid_id=&#8221;vc_gid:1674055492342-853c1f75-2a6d-0&#8243; taxonomies=&#8221;2701&#8243; exclude=&#8221;3593, 3593, 1392&#8243;][\/vc_column][\/vc_row][vc_row full_width=&#8221;stretch_row&#8221; content_placement=&#8221;middle&#8221; bg_type=&#8221;bg_color&#8221; bg_override=&#8221;ex-full&#8221; bg_color_value=&#8221;#4e89d5&#8243; el_class=&#8221;banner&#8221; css=&#8221;.vc_custom_1589982622353{background-color: #4e89d5 !important;}&#8221;][vc_column width=&#8221;2\/3&#8243;][vc_column_text el_class=&#8221;banner-text&#8221;]\u00bfQuieres saber m\u00e1s sobre Il\u00e9 Awo, los Orishas y la religi\u00f3n Yoruba?[\/vc_column_text][\/vc_column][vc_column width=&#8221;1\/3&#8243;][vc_column_text css_animation=&#8221;bounceIn&#8221;]<\/p>\n<p style=\"text-align: center;\"><a class=\"custom-buttons-alternative\" href=\"\/contacto\/\">Cons\u00faltanos<\/a><\/p>\n<p>[\/vc_column_text][\/vc_column][\/vc_row]<\/p>\n<\/div>"},"excerpt":{"rendered":"<p>[vc_row full_width=&#8221;stretch_row&#8221; content_placement=&#8221;middle&#8221; bg_type=&#8221;bg_color&#8221; el_class=&#8221;contact-row&#8221; bg_color_value=&#8221;#f6f6f6&#8243; css=&#8221;.vc_custom_1633368877731{padding-top: 40px !important;padding-bottom: 40px !important;background-color: #f6f6f6 !important;}&#8221;][vc_column offset=&#8221;vc_col-md-6&#8243;][vc_single_image image=&#8221;7375&#8243; alignment=&#8221;center&#8221; onclick=&#8221;custom_link&#8221; img_link_target=&#8221;_blank&#8221; css=&#8221;.vc_custom_1673617577356{border-radius: 35px !important;}&#8221; link=&#8221;http:\/\/hyperurl.co\/mmd5nd&#8221;][vc_raw_html]JTNDZGl2JTIwc3R5bGUlM0QlMjJ0ZXh0LWFsaWduJTNBJTIwY2VudGVyJTNCJTIyJTNFJTBBJTIwJTIwJTIwJTIwJTNDcCUyMHN0eWxlJTNEJTIybWFyZ2luLWJvdHRvbSUzQSUyMDEwcHglM0Jmb250LXNpemUlM0ElMjAxNHB4JTNCJTIyJTNFRGlzcG9uJUMzJUFEdmVsJTIwcGFyYSUyMG0lQzMlQjN2aWxlcyUyMHklMjB0YWJsZXQlMjBlbSUzQSUzQyUyRnAlM0UlMEElMjAlMjAlMjAlMjAlM0NwJTNFJTBBJTIwJTIwJTIwJTIwJTIwJTIwJTIwJTIwJTNDaSUyMHN0eWxlJTNEJTIyY29sb3IlM0ElMjMwMDAwMDAlM0Jmb250LXNpemUlM0EyMHB4JTNCcGFkZGluZyUzQSUyMDAlMjAxMHB4JTNCJTIyJTIwY2xhc3MlM0QlMjJmYSUyMGZhLWFwcGxlJTIyJTNFJTNDJTJGaSUzRSUwQSUyMCUyMCUyMCUyMCUzQyUyRnAlM0UlMEElM0MlMkZkaXYlM0U=[\/vc_raw_html][vc_raw_html]JTNDZGl2JTIwc3R5bGUlM0QlMjJ0ZXh0LWFsaWduJTNBJTIwY2VudGVyJTNCbWFyZ2luLWJvdHRvbSUzQTI1cHglM0IlMjIlMjBpdGVtc2NvcGUlMjBpdGVtdHlwZSUzRCUyMmh0dHAlM0ElMkYlMkZzY2hlbWEub3JnJTJGTW9iaWxlQXBwbGljYXRpb24lMjIlM0UlMEElMjAlMjAlMjAlMjAlM0NtZXRhJTIwaXRlbXByb3AlM0QlMjJuYW1lJTIyJTIwY29udGVudCUzRCUyMk9zYW55aW4lMjIlM0UlMEElMjAlMjAlMjAlMjAlM0NtZXRhJTIwaXRlbXByb3AlM0QlMjJkZXNjcmlwdGlvbiUyMiUyMGNvbnRlbnQlM0QlMjIlQzMlOTJzJUMzJUExbnlpbiUyMGxvJTIwbW8lMjBFdyVDMyVBOSUyQyUyMGElMjBtZWxob3IlMjBhcGxpY2ElQzMlQTclQzMlQTNvJTIwZGUlMjBJZiVDMyVBMSUyMGNyaWFkYSUyMGF0JUMzJUE5JTIwYSUyMGRhdGElMjBkZWRpY2FkYSUyMGElMjBpZGVudGlmaWNhciUyMGFzJTIwcGxhbnRhcyUyMGNvbSUyMHNldSUyMG5vbWUlMjBZb3IlQzMlQjliJUMzJUExJTJDJTIwdXRpbGl6YW5kbyUyMGElMjBtZWxob3IlMjB0ZWNub2xvZ2lhJTIwamFtJUMzJUExcyUyMHV0aWxpemFkYSUyMG5hJTIwcHIlQzMlQTF0aWNhJTIwZGUlMjBJZiVDMyVBMSUyMFRyYWRpY2lvbmFsJTNBJTIwbW9kZWxvJTIwZGUlMjBhcHJlbmRpemFkbyUyMGRlJTIwbSVDMyVBMXF1aW5hJTIwZGUlMjBpZGVudGlmaWNhJUMzJUE3JUMzJUEzby4lMjIlM0UlMEElMjAlMjAlMjAlMjAlM0NtZXRhJTIwaXRlbXByb3AlM0QlMjJvcGVyYXRpbmdTeXN0ZW0lMjIlMjBjb250ZW50JTNEJTIyQW5kcm9pZCUyQyUyMGlPUyUyMiUzRSUwQSUyMCUyMCUyMCUyMCUzQ21ldGElMjBpdGVtcHJvcCUzRCUyMmFwcGxpY2F0aW9uQ2F0ZWdvcnklMjIlMjBjb250ZW50JTNEJTIyRWR1Y2F0aW9uJTIyJTNFJTBBJTIwJTIwJTIwJTIwJTNDbWV0YSUyMGl0ZW1wcm9wJTNEJTIyaW1hZ2UlMjIlMjBjb250ZW50JTNEJTIyaHR0cHMlM0ElMkYlMkZpbGVhd28uY29tJTJGd3AtY29udGVudCUyRnVwbG9hZHMlMkYyMDIzJTJGMDElMkZvc2FueWluLnBuZyUyMiUzRSUwQSUyMCUyMCUyMCUyMCUzQ21ldGElMjBpdGVtcHJvcCUzRCUyMmRvd25sb2FkVXJsJTIyJTIwY29udGVudCUzRCUyMmh0dHBzJTNBJTJGJTJGb25lbGluay50byUyRnQ1Ym01dSUyMiUzRSUwQSUyMCUyMCUyMCUyMCUyMCUyMCUyMCUyMCUzQ2RpdiUyMGl0ZW1wcm9wJTNEJTIyb2ZmZXJzJTIyJTIwaXRlbXNjb3BlJTIwaXRlbXR5cGUlM0QlMjJodHRwJTNBJTJGJTJGc2NoZW1hLm9yZyUyRk9mZmVyJTIyJTNFJTBBJTIwJTIwJTIwJTIwJTIwJTIwJTIwJTIwJTIwJTIwJTIwJTIwJTNDbWV0YSUyMGl0ZW1wcm9wJTNEJTIycHJpY2UlMjIlMjBjb250ZW50JTNEJTIyMzkuOTklMjIlM0UlMEElMjAlMjAlMjAlMjAlMjAlMjAlMjAlMjAlMjAlMjAlMjAlMjAlM0NtZXRhJTIwaXRlbXByb3AlM0QlMjJwcmljZUN1cnJlbmN5JTIyJTIwY29udGVudCUzRCUyMkVVUiUyMiUzRSUyMCUyMCUyMCUyMCUyMCUyMCUyMCUyMCUyMCUyMCUyMCUyMCUyMCUyMCUwQSUyMCUyMCUyMCUyMCUyMCUyMCUyMCUyMCUyMCUyMCUyMCUyMCUzQ2xpbmslMjBpdGVtcHJvcCUzRCUyMmF2YWlsYWJpbGl0eSUyMiUyMGhyZWYlM0QlMjJodHRwJTNBJTJGJTJGc2NoZW1hLm9yZyUyRmluU3RvY2slMjIlMjAlMkYlM0UlMEElMjAlMjAlMjAlMjAlMjAlMjAlMjAlMjAlM0MlMkZkaXYlM0UlMEElMjAlMjAlMjAlMjAlMjAlMjAlMjAlMjAlMjAlMjAlMjAlMjAlM0NkaXYlMjBpdGVtcHJvcCUzRCUyMmFnZ3JlZ2F0ZVJhdGluZyUyMiUyMGl0ZW1zY29wZSUzRCUyMiUyMiUyMGl0ZW10eXBlJTNEJTIyaHR0cCUzQSUyRiUyRnNjaGVtYS5vcmclMkZBZ2dyZWdhdGVSYXRpbmclMjIlMjAlM0UlMEElMjAlMjAlMjAlMjAlMjAlMjAlMjAlMjAlMjAlMjAlMjAlMjAlMjAlMjAlMjAlMjAlM0NtZXRhJTIwaXRlbXByb3AlM0QlMjJyYXRpbmdWYWx1ZSUyMiUyMGNvbnRlbnQlM0QlMjI1JTIyJTNFJTBBJTIwJTIwJTIwJTIwJTIwJTIwJTIwJTIwJTIwJTIwJTIwJTIwJTIwJTIwJTIwJTIwJTNDbWV0YSUyMGl0ZW1wcm9wJTNEJTIycmF0aW5nQ291bnQlMjIlMjBjb250ZW50JTNEJTIyNSUyMiUzRSUwQSUyMCUyMCUyMCUyMCUyMCUyMCUyMCUyMCUyMCUyMCUyMCUyMCUyMCUyMCUyMCUyMCUzQ2RpdiUyMGNsYXNzJTNEJTIyY3VzdG9tLXN0YXJ0JTIyJTNFJTBBJTIwJTIwJTIwJTIwJTIwJTIwJTIwJTIwJTIwJTIwJTIwJTIwJTIwJTIwJTIwJTIwJTIwJTIwJTIwJTIwJTNDaSUyMGNsYXNzJTNEJTIyZmElMjBmYS1zdGFyJTIyJTIwc3R5bGUlM0QlMjJjb2xvciUzQSUyM0ZGRDcwMCUzQmZvbnQtc2l6ZSUzQTIwcHglM0IlMjIlM0UlM0MlMkZpJTNFJTBBJTIwJTIwJTIwJTIwJTIwJTIwJTIwJTIwJTIwJTIwJTIwJTIwJTIwJTIwJTIwJTIwJTIwJTIwJTIwJTIwJTNDaSUyMGNsYXNzJTNEJTIyZmElMjBmYS1zdGFyJTIyJTIwc3R5bGUlM0QlMjJjb2xvciUzQSUyM0ZGRDcwMCUzQmZvbnQtc2l6ZSUzQTIwcHglM0IlMjIlM0UlM0MlMkZpJTNFJTBBJTIwJTIwJTIwJTIwJTIwJTIwJTIwJTIwJTIwJTIwJTIwJTIwJTIwJTIwJTIwJTIwJTIwJTIwJTIwJTIwJTNDaSUyMGNsYXNzJTNEJTIyZmElMjBmYS1zdGFyJTIyJTIwc3R5bGUlM0QlMjJjb2xvciUzQSUyM0ZGRDcwMCUzQmZvbnQtc2l6ZSUzQTIwcHglM0IlMjIlM0UlM0MlMkZpJTNFJTBBJTIwJTIwJTIwJTIwJTIwJTIwJTIwJTIwJTIwJTIwJTIwJTIwJTIwJTIwJTIwJTIwJTIwJTIwJTIwJTIwJTNDaSUyMGNsYXNzJTNEJTIyZmElMjBmYS1zdGFyJTIyJTIwc3R5bGUlM0QlMjJjb2xvciUzQSUyM0ZGRDcwMCUzQmZvbnQtc2l6ZSUzQTIwcHglM0IlMjIlM0UlM0MlMkZpJTNFJTBBJTIwJTIwJTIwJTIwJTIwJTIwJTIwJTIwJTIwJTIwJTIwJTIwJTIwJTIwJTIwJTIwJTIwJTIwJTIwJTIwJTNDaSUyMGNsYXNzJTNEJTIyZmElMjBmYS1zdGFyJTIyJTIwc3R5bGUlM0QlMjJjb2xvciUzQSUyM0ZGRDcwMCUzQmZvbnQtc2l6ZSUzQTIwcHglM0IlMjIlM0UlM0MlMkZpJTNFJTBBJTIwJTIwJTIwJTIwJTIwJTIwJTIwJTIwJTIwJTIwJTIwJTIwJTIwJTIwJTIwJTIwJTIwJTIwJTIwJTIwJTNDcCUyMHN0eWxlJTNEJTIyZm9udC1zaXplJTNBMTRweCUyMiUzRVJlc2VuaGElMjBkZSUyMCUzQ3N0cm9uZyUzRTUlM0MlMkZzdHJvbmclM0UlMjBlbSUyMHVtJTIwdG90YWwlMjBkZSUyMCUzQ3N0cm9uZyUzRTUlM0MlMkZzdHJvbmclM0UlMjBSZXNlbmhhJTIwZW0lMjZuYnNwJTNCJTI2bmJzcCUzQiUzQ2klMjBjbGFzcyUzRCUyMmZhJTIwZmEtYXBwbGUlMjIlMjBzdHlsZSUzRCUyMmNvbG9yJTNBJTIzMDAwMDAwJTNCZm9udC1zaXplJTNBMjBweCUzQm1hcmdpbi1yaWdodCUzQTBweCUzQiUyMiUzRSUzQyUyRmklM0UlMjZuYnNwJTNCJTI2bmJzcCUzQkFwcGxlJTI2bmJzcCUzQlN0b3JlJTNDJTJGcCUzRSUwQSUyMCUyMCUyMCUyMCUyMCUyMCUyMCUyMCUyMCUyMCUyMCUyMCUyMCUyMCUyMCUyMCUzQyUyRmRpdiUzRSUyMCUyMCUyMCUyMCUwQSUyMCUyMCUyMCUyMCUyMCUyMCUyMCUyMCUyMCUyMCUyMCUyMCUzQyUyRmRpdiUzRSUwQSUzQyUyRmRpdiUzRQ==[\/vc_raw_html][vc_column_text css_animation=&#8221;bounceIn&#8221;] Instalar [\/vc_column_text][\/vc_column][vc_column offset=&#8221;vc_col-md-6&#8243;][vc_column_text]Temos<span class=\"excerpt-hellip\"> [\u2026]<\/span><\/p>\n","protected":false},"author":1,"featured_media":7375,"parent":2372,"menu_order":0,"comment_status":"closed","ping_status":"closed","template":"","meta":{"footnotes":""},"categories":[2703],"class_list":["post-7299","page","type-page","status-publish","has-post-thumbnail","hentry","category-app-pt-br"],"yoast_head":"<!-- This site is optimized with the Yoast SEO Premium plugin v27.6 (Yoast SEO v27.6) - https:\/\/yoast.com\/product\/yoast-seo-premium-wordpress\/ -->\n<title>App Osanyin lo mo Ewe, o primeiro identificador de ervas iorub\u00e1<\/title>\n<meta name=\"description\" content=\"Osanyin lo mo Ewe \u00e9 o melhor aplicativo de If\u00e1 criado capaz de identificar mais de 35.000 plantas e mais de 5.000 com seu nome em iorub\u00e1.\" \/>\n<meta name=\"robots\" content=\"index, follow, max-snippet:-1, max-image-preview:large, max-video-preview:-1\" \/>\n<link rel=\"canonical\" href=\"https:\/\/ileawo.com\/pt-br\/aplicacoes\/osanyin\/\" \/>\n<meta property=\"og:locale\" content=\"pt_BR\" \/>\n<meta property=\"og:type\" content=\"article\" \/>\n<meta property=\"og:title\" content=\"App Osanyin lo mo Ewe\" \/>\n<meta property=\"og:description\" content=\"Osanyin lo mo Ewe \u00e9 o melhor aplicativo de If\u00e1 criado capaz de identificar mais de 35.000 plantas e mais de 5.000 com seu nome em iorub\u00e1.\" \/>\n<meta property=\"og:url\" content=\"https:\/\/ileawo.com\/pt-br\/aplicacoes\/osanyin\/\" \/>\n<meta property=\"og:site_name\" content=\"Il\u00e9 Awo\" \/>\n<meta property=\"article:publisher\" content=\"https:\/\/www.facebook.com\/ifabiyii\" \/>\n<meta property=\"article:modified_time\" content=\"2023-01-20T12:48:58+00:00\" \/>\n<meta property=\"og:image\" content=\"https:\/\/ileawo.com\/wp-content\/uploads\/2023\/01\/osanyin-lo-mo-ewe.jpg\" \/>\n\t<meta property=\"og:image:width\" content=\"1200\" \/>\n\t<meta property=\"og:image:height\" content=\"633\" \/>\n\t<meta property=\"og:image:type\" content=\"image\/jpeg\" \/>\n<meta name=\"twitter:card\" content=\"summary_large_image\" \/>\n<meta name=\"twitter:image\" content=\"https:\/\/ileawo.com\/wp-content\/uploads\/2023\/01\/osanyin-lo-mo-ewe.jpg\" \/>\n<meta name=\"twitter:site\" content=\"@ifabiyii\" \/>\n<!-- \/ Yoast SEO Premium plugin. -->","yoast_head_json":{"title":"App Osanyin lo mo Ewe, o primeiro identificador de ervas iorub\u00e1","description":"Osanyin lo mo Ewe \u00e9 o melhor aplicativo de If\u00e1 criado capaz de identificar mais de 35.000 plantas e mais de 5.000 com seu nome em iorub\u00e1.","robots":{"index":"index","follow":"follow","max-snippet":"max-snippet:-1","max-image-preview":"max-image-preview:large","max-video-preview":"max-video-preview:-1"},"canonical":"https:\/\/ileawo.com\/pt-br\/aplicacoes\/osanyin\/","og_locale":"pt_BR","og_type":"article","og_title":"App Osanyin lo mo Ewe","og_description":"Osanyin lo mo Ewe \u00e9 o melhor aplicativo de If\u00e1 criado capaz de identificar mais de 35.000 plantas e mais de 5.000 com seu nome em iorub\u00e1.","og_url":"https:\/\/ileawo.com\/pt-br\/aplicacoes\/osanyin\/","og_site_name":"Il\u00e9 Awo","article_publisher":"https:\/\/www.facebook.com\/ifabiyii","article_modified_time":"2023-01-20T12:48:58+00:00","og_image":[{"width":1200,"height":633,"url":"https:\/\/ileawo.com\/wp-content\/uploads\/2023\/01\/osanyin-lo-mo-ewe.jpg","type":"image\/jpeg"}],"twitter_card":"summary_large_image","twitter_image":"https:\/\/ileawo.com\/wp-content\/uploads\/2023\/01\/osanyin-lo-mo-ewe.jpg","twitter_site":"@ifabiyii","schema":{"@context":"https:\/\/schema.org","@graph":[{"@type":"Article","@id":"https:\/\/ileawo.com\/pt-br\/aplicacoes\/osanyin\/#article","isPartOf":{"@id":"https:\/\/ileawo.com\/pt-br\/aplicacoes\/osanyin\/"},"author":{"name":"If\u00e1b\u00edy\u00ec\u00ed Ak\u00f3d\u00e0","@id":"https:\/\/ileawo.com\/pt-br\/#\/schema\/person\/5b4d3af5a9aa8f02fe88dbeb048ef64a"},"headline":"App Osanyin lo mo Ewe","datePublished":"2023-01-13T16:47:57+00:00","dateModified":"2023-01-20T12:48:58+00:00","mainEntityOfPage":{"@id":"https:\/\/ileawo.com\/pt-br\/aplicacoes\/osanyin\/"},"wordCount":1029,"publisher":{"@id":"https:\/\/ileawo.com\/pt-br\/#organization"},"image":{"@id":"https:\/\/ileawo.com\/pt-br\/aplicacoes\/osanyin\/#primaryimage"},"thumbnailUrl":"https:\/\/ileawo.com\/wp-content\/uploads\/2023\/01\/osanyin.png","articleSection":["App"],"inLanguage":"pt-BR"},{"@type":"WebPage","@id":"https:\/\/ileawo.com\/pt-br\/aplicacoes\/osanyin\/","url":"https:\/\/ileawo.com\/pt-br\/aplicacoes\/osanyin\/","name":"App Osanyin lo mo Ewe, o primeiro identificador de ervas iorub\u00e1","isPartOf":{"@id":"https:\/\/ileawo.com\/pt-br\/#website"},"primaryImageOfPage":{"@id":"https:\/\/ileawo.com\/pt-br\/aplicacoes\/osanyin\/#primaryimage"},"image":{"@id":"https:\/\/ileawo.com\/pt-br\/aplicacoes\/osanyin\/#primaryimage"},"thumbnailUrl":"https:\/\/ileawo.com\/wp-content\/uploads\/2023\/01\/osanyin.png","datePublished":"2023-01-13T16:47:57+00:00","dateModified":"2023-01-20T12:48:58+00:00","description":"Osanyin lo mo Ewe \u00e9 o melhor aplicativo de If\u00e1 criado capaz de identificar mais de 35.000 plantas e mais de 5.000 com seu nome em iorub\u00e1.","breadcrumb":{"@id":"https:\/\/ileawo.com\/pt-br\/aplicacoes\/osanyin\/#breadcrumb"},"inLanguage":"pt-BR","potentialAction":[{"@type":"ReadAction","target":["https:\/\/ileawo.com\/pt-br\/aplicacoes\/osanyin\/"]}]},{"@type":"ImageObject","inLanguage":"pt-BR","@id":"https:\/\/ileawo.com\/pt-br\/aplicacoes\/osanyin\/#primaryimage","url":"https:\/\/ileawo.com\/wp-content\/uploads\/2023\/01\/osanyin.png","contentUrl":"https:\/\/ileawo.com\/wp-content\/uploads\/2023\/01\/osanyin.png","width":512,"height":512,"caption":"Osanyin, reconocimiento de plantas con su nombre en Yor\u00f9b\u00e1"},{"@type":"BreadcrumbList","@id":"https:\/\/ileawo.com\/pt-br\/aplicacoes\/osanyin\/#breadcrumb","itemListElement":[{"@type":"ListItem","position":1,"name":"Home","item":"https:\/\/ileawo.com\/pt-br\/"},{"@type":"ListItem","position":2,"name":"Aplica\u00e7\u00f5es de If\u00e1","item":"https:\/\/ileawo.com\/pt-br\/aplicacoes\/"},{"@type":"ListItem","position":3,"name":"App Osanyin lo mo Ewe"}]},{"@type":"WebSite","@id":"https:\/\/ileawo.com\/pt-br\/#website","url":"https:\/\/ileawo.com\/pt-br\/","name":"Il\u00e9 Awo","description":"","publisher":{"@id":"https:\/\/ileawo.com\/pt-br\/#organization"},"potentialAction":[{"@type":"SearchAction","target":{"@type":"EntryPoint","urlTemplate":"https:\/\/ileawo.com\/pt-br\/?s={search_term_string}"},"query-input":{"@type":"PropertyValueSpecification","valueRequired":true,"valueName":"search_term_string"}}],"inLanguage":"pt-BR"},{"@type":"Organization","@id":"https:\/\/ileawo.com\/pt-br\/#organization","name":"Il\u00e9 Awo","url":"https:\/\/ileawo.com\/pt-br\/","logo":{"@type":"ImageObject","inLanguage":"pt-BR","@id":"https:\/\/ileawo.com\/pt-br\/#\/schema\/logo\/image\/","url":"https:\/\/ileawo.com\/wp-content\/uploads\/revslider\/Bienvenido\/Logo-Ile-Awo-20201.png","contentUrl":"https:\/\/ileawo.com\/wp-content\/uploads\/revslider\/Bienvenido\/Logo-Ile-Awo-20201.png","width":500,"height":155,"caption":"Il\u00e9 Awo"},"image":{"@id":"https:\/\/ileawo.com\/pt-br\/#\/schema\/logo\/image\/"},"sameAs":["https:\/\/www.facebook.com\/ifabiyii","https:\/\/x.com\/ifabiyii","https:\/\/www.instagram.com\/ifabiyii_akoda\/"]},{"@type":"Person","@id":"https:\/\/ileawo.com\/pt-br\/#\/schema\/person\/5b4d3af5a9aa8f02fe88dbeb048ef64a","name":"If\u00e1b\u00edy\u00ec\u00ed Ak\u00f3d\u00e0","image":{"@type":"ImageObject","inLanguage":"pt-BR","@id":"https:\/\/secure.gravatar.com\/avatar\/07530fd5fec1f19247b6ca33a6f419284691fff29c8857d86ea771d943bdba08?s=96&d=mm&r=g","url":"https:\/\/secure.gravatar.com\/avatar\/07530fd5fec1f19247b6ca33a6f419284691fff29c8857d86ea771d943bdba08?s=96&d=mm&r=g","contentUrl":"https:\/\/secure.gravatar.com\/avatar\/07530fd5fec1f19247b6ca33a6f419284691fff29c8857d86ea771d943bdba08?s=96&d=mm&r=g","caption":"If\u00e1b\u00edy\u00ec\u00ed Ak\u00f3d\u00e0"},"sameAs":["https:\/\/ileawo.com\/"]}]}},"_links":{"self":[{"href":"https:\/\/ileawo.com\/pt-br\/wp-json\/wp\/v2\/pages\/7299","targetHints":{"allow":["GET"]}}],"collection":[{"href":"https:\/\/ileawo.com\/pt-br\/wp-json\/wp\/v2\/pages"}],"about":[{"href":"https:\/\/ileawo.com\/pt-br\/wp-json\/wp\/v2\/types\/page"}],"author":[{"embeddable":true,"href":"https:\/\/ileawo.com\/pt-br\/wp-json\/wp\/v2\/users\/1"}],"replies":[{"embeddable":true,"href":"https:\/\/ileawo.com\/pt-br\/wp-json\/wp\/v2\/comments?post=7299"}],"version-history":[{"count":0,"href":"https:\/\/ileawo.com\/pt-br\/wp-json\/wp\/v2\/pages\/7299\/revisions"}],"up":[{"embeddable":true,"href":"https:\/\/ileawo.com\/pt-br\/wp-json\/wp\/v2\/pages\/2372"}],"wp:featuredmedia":[{"embeddable":true,"href":"https:\/\/ileawo.com\/pt-br\/wp-json\/wp\/v2\/media\/7375"}],"wp:attachment":[{"href":"https:\/\/ileawo.com\/pt-br\/wp-json\/wp\/v2\/media?parent=7299"}],"wp:term":[{"taxonomy":"category","embeddable":true,"href":"https:\/\/ileawo.com\/pt-br\/wp-json\/wp\/v2\/categories?post=7299"}],"curies":[{"name":"wp","href":"https:\/\/api.w.org\/{rel}","templated":true}]}}