{"id":7114,"date":"2022-07-11T10:45:49","date_gmt":"2022-07-11T08:45:49","guid":{"rendered":"https:\/\/ileawo.com\/aplicacoes\/iwe-asotele\/"},"modified":"2022-07-11T19:25:29","modified_gmt":"2022-07-11T17:25:29","slug":"iwe-asotele","status":"publish","type":"page","link":"https:\/\/ileawo.com\/pt-br\/aplicacoes\/iwe-asotele\/","title":{"rendered":"App Iwe Asotele"},"content":{"rendered":"<div class=\"wpb-content-wrapper\"><p>[vc_row full_width=&#8221;stretch_row&#8221; content_placement=&#8221;middle&#8221; bg_type=&#8221;bg_color&#8221; el_class=&#8221;contact-row&#8221; bg_color_value=&#8221;#f6f6f6&#8243; css=&#8221;.vc_custom_1633368877731{padding-top: 40px !important;padding-bottom: 40px !important;background-color: #f6f6f6 !important;}&#8221;][vc_column offset=&#8221;vc_col-md-6&#8243;][vc_single_image image=&#8221;7056&#8243; alignment=&#8221;center&#8221; onclick=&#8221;custom_link&#8221; img_link_target=&#8221;_blank&#8221; css=&#8221;.vc_custom_1657529798532{border-radius: 35px !important;}&#8221; link=&#8221;http:\/\/hyperurl.co\/mmd5nd&#8221;][vc_raw_html]JTNDZGl2JTIwc3R5bGUlM0QlMjJ0ZXh0LWFsaWduJTNBJTIwY2VudGVyJTNCJTIyJTNFJTBBJTIwJTIwJTIwJTIwJTNDcCUyMHN0eWxlJTNEJTIybWFyZ2luLWJvdHRvbSUzQSUyMDEwcHglM0Jmb250LXNpemUlM0ElMjAxNHB4JTNCJTIyJTNFRGlzcG9uaWJsZSUyMHBhcmElMjBtJUMzJUIzdmlsZXMlMjB5JTIwdGFibGV0JTIwZW4lM0ElM0MlMkZwJTNFJTBBJTIwJTIwJTIwJTIwJTNDcCUzRSUwQSUyMCUyMCUyMCUyMCUyMCUyMCUyMCUyMCUzQ2klMjBzdHlsZSUzRCUyMmNvbG9yJTNBJTIzMDAwMDAwJTNCZm9udC1zaXplJTNBMjBweCUzQnBhZGRpbmclM0ElMjAwJTIwMTBweCUzQiUyMiUyMGNsYXNzJTNEJTIyZmElMjBmYS1hcHBsZSUyMiUzRSUzQyUyRmklM0UlMEElMjAlMjAlMjAlMjAlM0MlMkZwJTNFJTBBJTNDJTJGZGl2JTNF[\/vc_raw_html][vc_raw_html]JTNDY2VudGVyJTNFJTNDZGl2JTIwaXRlbXNjb3BlJTIwaXRlbXR5cGUlM0QlMjJodHRwJTNBJTJGJTJGc2NoZW1hLm9yZyUyRk1vYmlsZUFwcGxpY2F0aW9uJTIyJTNFJTBBJTIwJTIwJTIwJTIwJTNDbWV0YSUyMGl0ZW1wcm9wJTNEJTIybmFtZSUyMiUyMGNvbnRlbnQlM0QlMjJJd2UlMjBBc290ZWxlJTIyJTNFJTBBJTIwJTIwJTIwJTIwJTNDbWV0YSUyMGl0ZW1wcm9wJTNEJTIyZGVzY3JpcHRpb24lMjIlMjBjb250ZW50JTNEJTIySXdlJTIwQXNvdGVsZSUyQyUyMGRlc2Fycm9sbGFkYSUyMHBvciUyMElmJUMzJUExYiVDMyVBRHklQzMlQUMlQzMlQUQlMjBBayVDMyVCM2QlQzMlQTAlMkMlMjBlcyUyMGVsJTIwcHJpbWVyJTIwcmVnaXN0cm8lMjBkZSUyMGFkaXZpbmFjaSVDMyVCM24lMjBkZWwlMjBtdW5kbyUyMGNvbXBsZXRhbWVudGUlMjBkaWdpdGFsJTIweSUyMGdyYXR1aXRvLiUyMERpc3BvbmlibGUlMjBlbiUyMGluZ2wlQzMlQTlzJTIweSUyMGVzcGElQzMlQjFvbCUyMGVzJTIwdW5hJTIwaGVycmFtaWVudGElMjBwYXJhJTIwYXl1ZGFyJTIwYSUyMGJhYmFsYXdvJTJDJTIwaXlhbmlmYSUyMHklMjBvbG9yaXNhJTIwZGUlMjB0b2RvJTIwZWwlMjBtdW5kbyUyMGVuJTIwbGElMjBwciVDMyVBMWN0aWNhJTIwZGlhcmlhJTIwZGUlMjBsYSUyMHJlbGlnaSVDMyVCM24lMjB5b3J1YmEuJTIyJTNFJTBBJTIwJTIwJTIwJTIwJTNDbWV0YSUyMGl0ZW1wcm9wJTNEJTIyb3BlcmF0aW5nU3lzdGVtJTIyJTIwY29udGVudCUzRCUyMkFuZHJvaWQlMkMlMjBpT1MlMjIlM0UlMEElMjAlMjAlMjAlMjAlM0NtZXRhJTIwaXRlbXByb3AlM0QlMjJhcHBsaWNhdGlvbkNhdGVnb3J5JTIyJTIwY29udGVudCUzRCUyMkVkdWNhdGlvbiUyMiUzRSUwQSUyMCUyMCUyMCUyMCUzQ21ldGElMjBpdGVtcHJvcCUzRCUyMmltYWdlJTIyJTIwY29udGVudCUzRCUyMmh0dHBzJTNBJTJGJTJGaWxlYXdvLmNvbSUyRndwLWNvbnRlbnQlMkZ1cGxvYWRzJTJGMjAyMiUyRjA3JTJGaXdlX2Fzb3RlbGUucG5nJTIyJTNFJTBBJTIwJTIwJTIwJTIwJTNDbWV0YSUyMGl0ZW1wcm9wJTNEJTIyZG93bmxvYWRVcmwlMjIlMjBjb250ZW50JTNEJTIyaHR0cHMlM0ElMkYlMkZvbmVsaW5rLnRvJTJGcDl2cDMzJTIyJTNFJTBBJTIwJTIwJTIwJTIwJTIwJTIwJTIwJTIwJTNDZGl2JTIwaXRlbXByb3AlM0QlMjJvZmZlcnMlMjIlMjBpdGVtc2NvcGUlMjBpdGVtdHlwZSUzRCUyMmh0dHAlM0ElMkYlMkZzY2hlbWEub3JnJTJGT2ZmZXIlMjIlM0UlMEElMjAlMjAlMjAlMjAlMjAlMjAlMjAlMjAlMjAlMjAlMjAlMjAlM0NtZXRhJTIwaXRlbXByb3AlM0QlMjJwcmljZSUyMiUyMGNvbnRlbnQlM0QlMjIwLjAwJTIyJTNFJTBBJTIwJTIwJTIwJTIwJTIwJTIwJTIwJTIwJTIwJTIwJTIwJTIwJTNDbWV0YSUyMGl0ZW1wcm9wJTNEJTIycHJpY2VDdXJyZW5jeSUyMiUyMGNvbnRlbnQlM0QlMjJFVVIlMjIlM0UlMEElMjAlMjAlMjAlMjAlMjAlMjAlMjAlMjAlMjAlMjAlMjAlMjAlM0NsaW5rJTIwaXRlbXByb3AlM0QlMjJhdmFpbGFiaWxpdHklMjIlMjBocmVmJTNEJTIyaHR0cCUzQSUyRiUyRnNjaGVtYS5vcmclMkZpblN0b2NrJTIyJTIwJTJGJTNFJTBBJTIwJTIwJTIwJTIwJTIwJTIwJTIwJTIwJTNDJTJGZGl2JTNFJTBBJTIwJTIwJTIwJTIwJTIwJTIwJTIwJTIwJTIwJTIwJTIwJTIwJTNDZGl2JTIwaXRlbXByb3AlM0QlMjJhZ2dyZWdhdGVSYXRpbmclMjIlMjBpdGVtc2NvcGUlM0QlMjIlMjIlMjBpdGVtdHlwZSUzRCUyMmh0dHAlM0ElMkYlMkZzY2hlbWEub3JnJTJGQWdncmVnYXRlUmF0aW5nJTIyJTIwJTNFJTBBJTIwJTIwJTIwJTIwJTIwJTIwJTIwJTIwJTIwJTIwJTIwJTIwJTIwJTIwJTIwJTIwJTNDbWV0YSUyMGl0ZW1wcm9wJTNEJTIycmF0aW5nVmFsdWUlMjIlMjBjb250ZW50JTNEJTIyNSUyMiUzRSUwQSUyMCUyMCUyMCUyMCUyMCUyMCUyMCUyMCUyMCUyMCUyMCUyMCUyMCUyMCUyMCUyMCUzQ21ldGElMjBpdGVtcHJvcCUzRCUyMnJhdGluZ0NvdW50JTIyJTIwY29udGVudCUzRCUyMjklMjIlM0UlMEElMjAlMjAlMjAlMjAlMjAlMjAlMjAlMjAlMjAlMjAlMjAlMjAlMjAlMjAlMjAlMjAlM0NkaXYlMjBjbGFzcyUzRCUyMmN1c3RvbS1zdGFydCUyMiUzRSUwQSUyMCUyMCUyMCUyMCUyMCUyMCUyMCUyMCUyMCUyMCUyMCUyMCUyMCUyMCUyMCUyMCUyMCUyMCUyMCUyMCUzQ2klMjBjbGFzcyUzRCUyMmZhJTIwZmEtc3RhciUyMiUyMHN0eWxlJTNEJTIyY29sb3IlM0ElMjNGRkQ3MDAlM0Jmb250LXNpemUlM0EyMHB4JTNCJTIyJTNFJTNDJTJGaSUzRSUwQSUyMCUyMCUyMCUyMCUyMCUyMCUyMCUyMCUyMCUyMCUyMCUyMCUyMCUyMCUyMCUyMCUyMCUyMCUyMCUyMCUzQ2klMjBjbGFzcyUzRCUyMmZhJTIwZmEtc3RhciUyMiUyMHN0eWxlJTNEJTIyY29sb3IlM0ElMjNGRkQ3MDAlM0Jmb250LXNpemUlM0EyMHB4JTNCJTIyJTNFJTNDJTJGaSUzRSUwQSUyMCUyMCUyMCUyMCUyMCUyMCUyMCUyMCUyMCUyMCUyMCUyMCUyMCUyMCUyMCUyMCUyMCUyMCUyMCUyMCUzQ2klMjBjbGFzcyUzRCUyMmZhJTIwZmEtc3RhciUyMiUyMHN0eWxlJTNEJTIyY29sb3IlM0ElMjNGRkQ3MDAlM0Jmb250LXNpemUlM0EyMHB4JTNCJTIyJTNFJTNDJTJGaSUzRSUwQSUyMCUyMCUyMCUyMCUyMCUyMCUyMCUyMCUyMCUyMCUyMCUyMCUyMCUyMCUyMCUyMCUyMCUyMCUyMCUyMCUzQ2klMjBjbGFzcyUzRCUyMmZhJTIwZmEtc3RhciUyMiUyMHN0eWxlJTNEJTIyY29sb3IlM0ElMjNGRkQ3MDAlM0Jmb250LXNpemUlM0EyMHB4JTNCJTIyJTNFJTNDJTJGaSUzRSUwQSUyMCUyMCUyMCUyMCUyMCUyMCUyMCUyMCUyMCUyMCUyMCUyMCUyMCUyMCUyMCUyMCUyMCUyMCUyMCUyMCUzQ2klMjBjbGFzcyUzRCUyMmZhJTIwZmEtc3RhciUyMiUyMHN0eWxlJTNEJTIyY29sb3IlM0ElMjNGRkQ3MDAlM0Jmb250LXNpemUlM0EyMHB4JTNCJTIyJTNFJTNDJTJGaSUzRSUwQSUyMCUyMCUyMCUyMCUyMCUyMCUyMCUyMCUyMCUyMCUyMCUyMCUyMCUyMCUyMCUyMCUyMCUyMCUyMCUyMCUzQ3AlMjBzdHlsZSUzRCUyMmZvbnQtc2l6ZSUzQTE0cHglMjIlM0VSZXNlJUMzJUIxYSUyMGRlJTIwJTNDc3Ryb25nJTNFNSUzQyUyRnN0cm9uZyUzRSUyMGVuJTIwdW4lMjB0b3RhbCUyMGRlJTIwJTNDc3Ryb25nJTNFOSUzQyUyRnN0cm9uZyUzRSUyMHJlc2UlQzMlQjFhcyUyMGVuJTI2bmJzcCUzQiUyNm5ic3AlM0IlM0NpJTIwY2xhc3MlM0QlMjJmYSUyMGZhLWFwcGxlJTIyJTIwc3R5bGUlM0QlMjJjb2xvciUzQSUyMzAwMDAwMCUzQmZvbnQtc2l6ZSUzQTIwcHglM0JtYXJnaW4tcmlnaHQlM0EwcHglM0IlMjIlM0UlM0MlMkZpJTNFJTI2bmJzcCUzQiUyNm5ic3AlM0JBcHBsZSUyNm5ic3AlM0JTdG9yZSUzQyUyRnAlM0UlMEElMjAlMjAlMjAlMjAlMjAlMjAlMjAlMjAlMjAlMjAlMjAlMjAlMjAlMjAlMjAlMjAlM0MlMkZkaXYlM0UlMEElMjAlMjAlMjAlMjAlMjAlMjAlMjAlMjAlMjAlMjAlMjAlMjAlM0MlMkZkaXYlM0UlMEElM0MlMkZkaXYlM0UlM0MlMkZjZW50ZXIlM0U=[\/vc_raw_html][vc_column_text css_animation=&#8221;bounceIn&#8221;]<\/p>\n<p style=\"text-align: center;\"><a class=\"custom-buttons\" href=\"https:\/\/onelink.to\/p9vp33\">Instalar<\/a><\/p>\n<p>[\/vc_column_text][\/vc_column][vc_column offset=&#8221;vc_col-md-6&#8243;][vc_column_text]La aplicaci\u00f3n para m\u00f3viles y tablets\u00a0Iwe Asotele es un registro de adivinaci\u00f3n de If\u00e1 o del \u00c9\u00e8r\u00ednd\u00edl\u00f3g\u00fan pionero en el mundo, completamente digital y gratuito. A diferencia de las otras aplicaciones de If\u00e1 desarrolladas hasta ahora por If\u00e1b\u00edy\u00ec\u00ed Ak\u00f3d\u00e0 que se centraban en ayudar a mejorar el estudio del lf\u00e1 Tradicional, Iwe Asotele es una herramienta pensada para ayudar a facilitar el trabajo de los babalawo, iyanifa y olorisas de la pr\u00e1ctica tradicional de todo el mundo.<\/p>\n<p>En Iwe Asotele podr\u00e1s a\u00f1adir, en una cuenta totalmente privada, a todas las personas a las que se les realiz\u00f3 una adivinaci\u00f3n, con datos espec\u00edficos de cada adivinaci\u00f3n: Od\u00f9 revelado, el tipo de Ire o Ayewo, el tipo de Ebo, \u2013indicando si fue completado o est\u00e1 pendiente\u2013, y la posibilidad de a\u00f1adir anotaciones propias en cada caso. Cada adivinaci\u00f3n queda registrada por fecha y toda la informaci\u00f3n puede ser editada o eliminada.<\/p>\n<p>As\u00ed, los babalawo, iyanifa y olorisa podr\u00e1n tener a mano en todo momento, en su propio tel\u00e9fono m\u00f3vil, todas las consultas que hayan realizado.<\/p>\n<p>Hemos creado una aplicaci\u00f3n moderna, pr\u00e1ctica, intuitiva y f\u00e1cil de usar, adaptada a los \u00faltimos dispositivos iOS para ayudar en el trabajo diario de todas las personas que practican If\u00e1 o el culto a los \u00d2r\u00ec\u1e63\u00e0. Agradecemos todas las rese\u00f1as que nos env\u00edas a trav\u00e9s de la aplicaci\u00f3n, ya que nos permiten realizar mejoras para brindarte la mejor app de If\u00e1.[\/vc_column_text][\/vc_column][\/vc_row][vc_row full_width=&#8221;stretch_row&#8221; gap=&#8221;20&#8243; css=&#8221;.vc_custom_1633369344023{padding-top: 30px !important;padding-bottom: 30px !important;}&#8221;][vc_column offset=&#8221;vc_col-md-6&#8243; css=&#8221;.vc_custom_1572275010086{padding-top: 0px !important;padding-bottom: 0px !important;}&#8221;][vc_column_text]<\/p>\n<h3>Im\u00e1genes de la app<\/h3>\n<p>[\/vc_column_text][vc_images_carousel images=&#8221;7087,7090,7093,7096,7081,7099,7102&#8243; img_size=&#8221;medium&#8221; onclick=&#8221;link_no&#8221; slides_per_view=&#8221;3&#8243; css=&#8221;.vc_custom_1657552696683{margin-bottom: 0px !important;}&#8221;][\/vc_column][vc_column offset=&#8221;vc_col-md-6&#8243; css=&#8221;.vc_custom_1572274957308{padding-top: 0px !important;}&#8221;][vc_column_text css=&#8221;.vc_custom_1657554233895{margin-top: 0px !important;margin-bottom: 0px !important;}&#8221;]<\/p>\n<h2>Contenido de Iwe Asotele<\/h2>\n<ul>\n<li>Completamente gratuita<\/li>\n<li>Disponible en iOS: ingl\u00e9s y espa\u00f1ol<\/li>\n<li>Cuenta totalmente privada para a\u00f1adir toda la informaci\u00f3n sobre las adivinaciones realizadas<\/li>\n<li>Registro para Idafa e Idasa, con los detalles de la consulta<\/li>\n<li>Funcionalidades de acceso r\u00e1pido para editar, borrar o indicar si el ebo fue completado con solo deslizar la fila<\/li>\n<li>Perfil personalizable<\/li>\n<li>Barra de b\u00fasqueda r\u00e1pida<\/li>\n<li>Inicio de sesi\u00f3n con FaceID<\/li>\n<li>Mucho m\u00e1s\u2026<\/li>\n<\/ul>\n<p>\u00c0bor\u00fa \u00e0boy\u00e8 \u00e0bos\u00edse o!<\/p>\n<p>[\/vc_column_text][\/vc_column][\/vc_row][vc_row full_width=&#8221;stretch_row&#8221; css=&#8221;.vc_custom_1633443632664{padding-top: 40px !important;padding-bottom: 20px !important;background-color: #f6f6f6 !important;}&#8221;][vc_column][vc_column_text css=&#8221;.vc_custom_1633445890437{margin-bottom: 0px !important;}&#8221;]<\/p>\n<h2 style=\"text-align: center;\">Otras aplicaciones<\/h2>\n<p>[\/vc_column_text][\/vc_column][vc_column][vc_masonry_grid post_type=&#8221;page&#8221; max_items=&#8221;3&#8243; orderby=&#8221;rand&#8221; grid_id=&#8221;vc_gid:1657560272527-6edff81e-0255-10&#8243; taxonomies=&#8221;2701&#8243; exclude=&#8221;3593, 3593, 1392&#8243;][\/vc_column][\/vc_row][vc_row full_width=&#8221;stretch_row&#8221; content_placement=&#8221;middle&#8221; bg_type=&#8221;bg_color&#8221; bg_override=&#8221;ex-full&#8221; bg_color_value=&#8221;#4e89d5&#8243; el_class=&#8221;banner&#8221; css=&#8221;.vc_custom_1589982622353{background-color: #4e89d5 !important;}&#8221;][vc_column width=&#8221;2\/3&#8243;][vc_column_text el_class=&#8221;banner-text&#8221;]\u00bfQuieres saber m\u00e1s sobre Il\u00e9 Awo, los Orishas y la religi\u00f3n Yoruba?[\/vc_column_text][\/vc_column][vc_column width=&#8221;1\/3&#8243;][vc_column_text css_animation=&#8221;bounceIn&#8221;]<\/p>\n<p style=\"text-align: center;\"><a class=\"custom-buttons-alternative\" href=\"\/contacto\/\">Cons\u00faltanos<\/a><\/p>\n<p>[\/vc_column_text][\/vc_column][\/vc_row]<\/p>\n<\/div>"},"excerpt":{"rendered":"<p>[vc_row full_width=&#8221;stretch_row&#8221; content_placement=&#8221;middle&#8221; bg_type=&#8221;bg_color&#8221; el_class=&#8221;contact-row&#8221; bg_color_value=&#8221;#f6f6f6&#8243; css=&#8221;.vc_custom_1633368877731{padding-top: 40px !important;padding-bottom: 40px !important;background-color: #f6f6f6 !important;}&#8221;][vc_column offset=&#8221;vc_col-md-6&#8243;][vc_single_image image=&#8221;7056&#8243; alignment=&#8221;center&#8221; onclick=&#8221;custom_link&#8221; img_link_target=&#8221;_blank&#8221; css=&#8221;.vc_custom_1657529798532{border-radius: 35px !important;}&#8221; link=&#8221;http:\/\/hyperurl.co\/mmd5nd&#8221;][vc_raw_html]JTNDZGl2JTIwc3R5bGUlM0QlMjJ0ZXh0LWFsaWduJTNBJTIwY2VudGVyJTNCJTIyJTNFJTBBJTIwJTIwJTIwJTIwJTNDcCUyMHN0eWxlJTNEJTIybWFyZ2luLWJvdHRvbSUzQSUyMDEwcHglM0Jmb250LXNpemUlM0ElMjAxNHB4JTNCJTIyJTNFRGlzcG9uaWJsZSUyMHBhcmElMjBtJUMzJUIzdmlsZXMlMjB5JTIwdGFibGV0JTIwZW4lM0ElM0MlMkZwJTNFJTBBJTIwJTIwJTIwJTIwJTNDcCUzRSUwQSUyMCUyMCUyMCUyMCUyMCUyMCUyMCUyMCUzQ2klMjBzdHlsZSUzRCUyMmNvbG9yJTNBJTIzMDAwMDAwJTNCZm9udC1zaXplJTNBMjBweCUzQnBhZGRpbmclM0ElMjAwJTIwMTBweCUzQiUyMiUyMGNsYXNzJTNEJTIyZmElMjBmYS1hcHBsZSUyMiUzRSUzQyUyRmklM0UlMEElMjAlMjAlMjAlMjAlM0MlMkZwJTNFJTBBJTNDJTJGZGl2JTNF[\/vc_raw_html][vc_raw_html]JTNDY2VudGVyJTNFJTNDZGl2JTIwaXRlbXNjb3BlJTIwaXRlbXR5cGUlM0QlMjJodHRwJTNBJTJGJTJGc2NoZW1hLm9yZyUyRk1vYmlsZUFwcGxpY2F0aW9uJTIyJTNFJTBBJTIwJTIwJTIwJTIwJTNDbWV0YSUyMGl0ZW1wcm9wJTNEJTIybmFtZSUyMiUyMGNvbnRlbnQlM0QlMjJJd2UlMjBBc290ZWxlJTIyJTNFJTBBJTIwJTIwJTIwJTIwJTNDbWV0YSUyMGl0ZW1wcm9wJTNEJTIyZGVzY3JpcHRpb24lMjIlMjBjb250ZW50JTNEJTIySXdlJTIwQXNvdGVsZSUyQyUyMGRlc2Fycm9sbGFkYSUyMHBvciUyMElmJUMzJUExYiVDMyVBRHklQzMlQUMlQzMlQUQlMjBBayVDMyVCM2QlQzMlQTAlMkMlMjBlcyUyMGVsJTIwcHJpbWVyJTIwcmVnaXN0cm8lMjBkZSUyMGFkaXZpbmFjaSVDMyVCM24lMjBkZWwlMjBtdW5kbyUyMGNvbXBsZXRhbWVudGUlMjBkaWdpdGFsJTIweSUyMGdyYXR1aXRvLiUyMERpc3BvbmlibGUlMjBlbiUyMGluZ2wlQzMlQTlzJTIweSUyMGVzcGElQzMlQjFvbCUyMGVzJTIwdW5hJTIwaGVycmFtaWVudGElMjBwYXJhJTIwYXl1ZGFyJTIwYSUyMGJhYmFsYXdvJTJDJTIwaXlhbmlmYSUyMHklMjBvbG9yaXNhJTIwZGUlMjB0b2RvJTIwZWwlMjBtdW5kbyUyMGVuJTIwbGElMjBwciVDMyVBMWN0aWNhJTIwZGlhcmlhJTIwZGUlMjBsYSUyMHJlbGlnaSVDMyVCM24lMjB5b3J1YmEuJTIyJTNFJTBBJTIwJTIwJTIwJTIwJTNDbWV0YSUyMGl0ZW1wcm9wJTNEJTIyb3BlcmF0aW5nU3lzdGVtJTIyJTIwY29udGVudCUzRCUyMkFuZHJvaWQlMkMlMjBpT1MlMjIlM0UlMEElMjAlMjAlMjAlMjAlM0NtZXRhJTIwaXRlbXByb3AlM0QlMjJhcHBsaWNhdGlvbkNhdGVnb3J5JTIyJTIwY29udGVudCUzRCUyMkVkdWNhdGlvbiUyMiUzRSUwQSUyMCUyMCUyMCUyMCUzQ21ldGElMjBpdGVtcHJvcCUzRCUyMmltYWdlJTIyJTIwY29udGVudCUzRCUyMmh0dHBzJTNBJTJGJTJGaWxlYXdvLmNvbSUyRndwLWNvbnRlbnQlMkZ1cGxvYWRzJTJGMjAyMiUyRjA3JTJGaXdlX2Fzb3RlbGUucG5nJTIyJTNFJTBBJTIwJTIwJTIwJTIwJTNDbWV0YSUyMGl0ZW1wcm9wJTNEJTIyZG93bmxvYWRVcmwlMjIlMjBjb250ZW50JTNEJTIyaHR0cHMlM0ElMkYlMkZvbmVsaW5rLnRvJTJGcDl2cDMzJTIyJTNFJTBBJTIwJTIwJTIwJTIwJTIwJTIwJTIwJTIwJTNDZGl2JTIwaXRlbXByb3AlM0QlMjJvZmZlcnMlMjIlMjBpdGVtc2NvcGUlMjBpdGVtdHlwZSUzRCUyMmh0dHAlM0ElMkYlMkZzY2hlbWEub3JnJTJGT2ZmZXIlMjIlM0UlMEElMjAlMjAlMjAlMjAlMjAlMjAlMjAlMjAlMjAlMjAlMjAlMjAlM0NtZXRhJTIwaXRlbXByb3AlM0QlMjJwcmljZSUyMiUyMGNvbnRlbnQlM0QlMjIwLjAwJTIyJTNFJTBBJTIwJTIwJTIwJTIwJTIwJTIwJTIwJTIwJTIwJTIwJTIwJTIwJTNDbWV0YSUyMGl0ZW1wcm9wJTNEJTIycHJpY2VDdXJyZW5jeSUyMiUyMGNvbnRlbnQlM0QlMjJFVVIlMjIlM0UlMEElMjAlMjAlMjAlMjAlMjAlMjAlMjAlMjAlMjAlMjAlMjAlMjAlM0NsaW5rJTIwaXRlbXByb3AlM0QlMjJhdmFpbGFiaWxpdHklMjIlMjBocmVmJTNEJTIyaHR0cCUzQSUyRiUyRnNjaGVtYS5vcmclMkZpblN0b2NrJTIyJTIwJTJGJTNFJTBBJTIwJTIwJTIwJTIwJTIwJTIwJTIwJTIwJTNDJTJGZGl2JTNFJTBBJTIwJTIwJTIwJTIwJTIwJTIwJTIwJTIwJTIwJTIwJTIwJTIwJTNDZGl2JTIwaXRlbXByb3AlM0QlMjJhZ2dyZWdhdGVSYXRpbmclMjIlMjBpdGVtc2NvcGUlM0QlMjIlMjIlMjBpdGVtdHlwZSUzRCUyMmh0dHAlM0ElMkYlMkZzY2hlbWEub3JnJTJGQWdncmVnYXRlUmF0aW5nJTIyJTIwJTNFJTBBJTIwJTIwJTIwJTIwJTIwJTIwJTIwJTIwJTIwJTIwJTIwJTIwJTIwJTIwJTIwJTIwJTNDbWV0YSUyMGl0ZW1wcm9wJTNEJTIycmF0aW5nVmFsdWUlMjIlMjBjb250ZW50JTNEJTIyNSUyMiUzRSUwQSUyMCUyMCUyMCUyMCUyMCUyMCUyMCUyMCUyMCUyMCUyMCUyMCUyMCUyMCUyMCUyMCUzQ21ldGElMjBpdGVtcHJvcCUzRCUyMnJhdGluZ0NvdW50JTIyJTIwY29udGVudCUzRCUyMjklMjIlM0UlMEElMjAlMjAlMjAlMjAlMjAlMjAlMjAlMjAlMjAlMjAlMjAlMjAlMjAlMjAlMjAlMjAlM0NkaXYlMjBjbGFzcyUzRCUyMmN1c3RvbS1zdGFydCUyMiUzRSUwQSUyMCUyMCUyMCUyMCUyMCUyMCUyMCUyMCUyMCUyMCUyMCUyMCUyMCUyMCUyMCUyMCUyMCUyMCUyMCUyMCUzQ2klMjBjbGFzcyUzRCUyMmZhJTIwZmEtc3RhciUyMiUyMHN0eWxlJTNEJTIyY29sb3IlM0ElMjNGRkQ3MDAlM0Jmb250LXNpemUlM0EyMHB4JTNCJTIyJTNFJTNDJTJGaSUzRSUwQSUyMCUyMCUyMCUyMCUyMCUyMCUyMCUyMCUyMCUyMCUyMCUyMCUyMCUyMCUyMCUyMCUyMCUyMCUyMCUyMCUzQ2klMjBjbGFzcyUzRCUyMmZhJTIwZmEtc3RhciUyMiUyMHN0eWxlJTNEJTIyY29sb3IlM0ElMjNGRkQ3MDAlM0Jmb250LXNpemUlM0EyMHB4JTNCJTIyJTNFJTNDJTJGaSUzRSUwQSUyMCUyMCUyMCUyMCUyMCUyMCUyMCUyMCUyMCUyMCUyMCUyMCUyMCUyMCUyMCUyMCUyMCUyMCUyMCUyMCUzQ2klMjBjbGFzcyUzRCUyMmZhJTIwZmEtc3RhciUyMiUyMHN0eWxlJTNEJTIyY29sb3IlM0ElMjNGRkQ3MDAlM0Jmb250LXNpemUlM0EyMHB4JTNCJTIyJTNFJTNDJTJGaSUzRSUwQSUyMCUyMCUyMCUyMCUyMCUyMCUyMCUyMCUyMCUyMCUyMCUyMCUyMCUyMCUyMCUyMCUyMCUyMCUyMCUyMCUzQ2klMjBjbGFzcyUzRCUyMmZhJTIwZmEtc3RhciUyMiUyMHN0eWxlJTNEJTIyY29sb3IlM0ElMjNGRkQ3MDAlM0Jmb250LXNpemUlM0EyMHB4JTNCJTIyJTNFJTNDJTJGaSUzRSUwQSUyMCUyMCUyMCUyMCUyMCUyMCUyMCUyMCUyMCUyMCUyMCUyMCUyMCUyMCUyMCUyMCUyMCUyMCUyMCUyMCUzQ2klMjBjbGFzcyUzRCUyMmZhJTIwZmEtc3RhciUyMiUyMHN0eWxlJTNEJTIyY29sb3IlM0ElMjNGRkQ3MDAlM0Jmb250LXNpemUlM0EyMHB4JTNCJTIyJTNFJTNDJTJGaSUzRSUwQSUyMCUyMCUyMCUyMCUyMCUyMCUyMCUyMCUyMCUyMCUyMCUyMCUyMCUyMCUyMCUyMCUyMCUyMCUyMCUyMCUzQ3AlMjBzdHlsZSUzRCUyMmZvbnQtc2l6ZSUzQTE0cHglMjIlM0VSZXNlJUMzJUIxYSUyMGRlJTIwJTNDc3Ryb25nJTNFNSUzQyUyRnN0cm9uZyUzRSUyMGVuJTIwdW4lMjB0b3RhbCUyMGRlJTIwJTNDc3Ryb25nJTNFOSUzQyUyRnN0cm9uZyUzRSUyMHJlc2UlQzMlQjFhcyUyMGVuJTI2bmJzcCUzQiUyNm5ic3AlM0IlM0NpJTIwY2xhc3MlM0QlMjJmYSUyMGZhLWFwcGxlJTIyJTIwc3R5bGUlM0QlMjJjb2xvciUzQSUyMzAwMDAwMCUzQmZvbnQtc2l6ZSUzQTIwcHglM0JtYXJnaW4tcmlnaHQlM0EwcHglM0IlMjIlM0UlM0MlMkZpJTNFJTI2bmJzcCUzQiUyNm5ic3AlM0JBcHBsZSUyNm5ic3AlM0JTdG9yZSUzQyUyRnAlM0UlMEElMjAlMjAlMjAlMjAlMjAlMjAlMjAlMjAlMjAlMjAlMjAlMjAlMjAlMjAlMjAlMjAlM0MlMkZkaXYlM0UlMEElMjAlMjAlMjAlMjAlMjAlMjAlMjAlMjAlMjAlMjAlMjAlMjAlM0MlMkZkaXYlM0UlMEElM0MlMkZkaXYlM0UlM0MlMkZjZW50ZXIlM0U=[\/vc_raw_html][vc_column_text css_animation=&#8221;bounceIn&#8221;] Instalar [\/vc_column_text][\/vc_column][vc_column offset=&#8221;vc_col-md-6&#8243;][vc_column_text]La<span class=\"excerpt-hellip\"> [\u2026]<\/span><\/p>\n","protected":false},"author":1,"featured_media":7058,"parent":2372,"menu_order":0,"comment_status":"closed","ping_status":"closed","template":"","meta":{"footnotes":""},"categories":[2701],"class_list":["post-7114","page","type-page","status-publish","has-post-thumbnail","hentry","category-app"],"yoast_head":"<!-- This site is optimized with the Yoast SEO Premium plugin v25.2 (Yoast SEO v27.3) - https:\/\/yoast.com\/product\/yoast-seo-premium-wordpress\/ -->\n<title>App Iwe Asotele, el primer registro de adivinaci\u00f3n de If\u00e1 gratuito - Il\u00e9 Awo<\/title>\n<meta name=\"description\" content=\"Iwe Asotele es el primer registro de adivinaci\u00f3n de If\u00e1 y del \u00c9\u00e8r\u00ednd\u00edl\u00f3g\u00fan pionero en el mundo, completamente digital y gratuito.\" \/>\n<meta name=\"robots\" content=\"index, follow, max-snippet:-1, max-image-preview:large, max-video-preview:-1\" \/>\n<link rel=\"canonical\" href=\"https:\/\/ileawo.com\/pt-br\/aplicacoes\/iwe-asotele\/\" \/>\n<meta property=\"og:locale\" content=\"pt_BR\" \/>\n<meta property=\"og:type\" content=\"article\" \/>\n<meta property=\"og:title\" content=\"App Iwe Asotele\" \/>\n<meta property=\"og:description\" content=\"Iwe Asotele es el primer registro de adivinaci\u00f3n de If\u00e1 y del \u00c9\u00e8r\u00ednd\u00edl\u00f3g\u00fan pionero en el mundo, completamente digital y gratuito.\" \/>\n<meta property=\"og:url\" content=\"https:\/\/ileawo.com\/pt-br\/aplicacoes\/iwe-asotele\/\" \/>\n<meta property=\"og:site_name\" content=\"Il\u00e9 Awo\" \/>\n<meta property=\"article:publisher\" content=\"https:\/\/www.facebook.com\/ifabiyii\" \/>\n<meta property=\"article:modified_time\" content=\"2022-07-11T17:25:29+00:00\" \/>\n<meta property=\"og:image\" content=\"http:\/\/ileawo.com\/wp-content\/uploads\/2022\/07\/iwe_asotele.png\" \/>\n\t<meta property=\"og:image:width\" content=\"512\" \/>\n\t<meta property=\"og:image:height\" content=\"512\" \/>\n\t<meta property=\"og:image:type\" content=\"image\/png\" \/>\n<meta name=\"twitter:card\" content=\"summary_large_image\" \/>\n<meta name=\"twitter:site\" content=\"@ifabiyii\" \/>\n<!-- \/ Yoast SEO Premium plugin. -->","yoast_head_json":{"title":"App Iwe Asotele, el primer registro de adivinaci\u00f3n de If\u00e1 gratuito - Il\u00e9 Awo","description":"Iwe Asotele es el primer registro de adivinaci\u00f3n de If\u00e1 y del \u00c9\u00e8r\u00ednd\u00edl\u00f3g\u00fan pionero en el mundo, completamente digital y gratuito.","robots":{"index":"index","follow":"follow","max-snippet":"max-snippet:-1","max-image-preview":"max-image-preview:large","max-video-preview":"max-video-preview:-1"},"canonical":"https:\/\/ileawo.com\/pt-br\/aplicacoes\/iwe-asotele\/","og_locale":"pt_BR","og_type":"article","og_title":"App Iwe Asotele","og_description":"Iwe Asotele es el primer registro de adivinaci\u00f3n de If\u00e1 y del \u00c9\u00e8r\u00ednd\u00edl\u00f3g\u00fan pionero en el mundo, completamente digital y gratuito.","og_url":"https:\/\/ileawo.com\/pt-br\/aplicacoes\/iwe-asotele\/","og_site_name":"Il\u00e9 Awo","article_publisher":"https:\/\/www.facebook.com\/ifabiyii","article_modified_time":"2022-07-11T17:25:29+00:00","og_image":[{"width":512,"height":512,"url":"http:\/\/ileawo.com\/wp-content\/uploads\/2022\/07\/iwe_asotele.png","type":"image\/png"}],"twitter_card":"summary_large_image","twitter_site":"@ifabiyii","schema":{"@context":"https:\/\/schema.org","@graph":[{"@type":"Article","@id":"https:\/\/ileawo.com\/pt-br\/aplicacoes\/iwe-asotele\/#article","isPartOf":{"@id":"https:\/\/ileawo.com\/pt-br\/aplicacoes\/iwe-asotele\/"},"author":{"name":"If\u00e1b\u00edy\u00ec\u00ed Ak\u00f3d\u00e0","@id":"http:\/\/ileawo.com\/pt-br\/#\/schema\/person\/5b4d3af5a9aa8f02fe88dbeb048ef64a"},"headline":"App Iwe Asotele","datePublished":"2022-07-11T08:45:49+00:00","dateModified":"2022-07-11T17:25:29+00:00","mainEntityOfPage":{"@id":"https:\/\/ileawo.com\/pt-br\/aplicacoes\/iwe-asotele\/"},"wordCount":970,"publisher":{"@id":"http:\/\/ileawo.com\/pt-br\/#organization"},"image":{"@id":"https:\/\/ileawo.com\/pt-br\/aplicacoes\/iwe-asotele\/#primaryimage"},"thumbnailUrl":"https:\/\/ileawo.com\/wp-content\/uploads\/2022\/07\/iwe_asotele.png","articleSection":["App"],"inLanguage":"pt-BR"},{"@type":"WebPage","@id":"https:\/\/ileawo.com\/pt-br\/aplicacoes\/iwe-asotele\/","url":"https:\/\/ileawo.com\/pt-br\/aplicacoes\/iwe-asotele\/","name":"App Iwe Asotele, el primer registro de adivinaci\u00f3n de If\u00e1 gratuito - Il\u00e9 Awo","isPartOf":{"@id":"http:\/\/ileawo.com\/pt-br\/#website"},"primaryImageOfPage":{"@id":"https:\/\/ileawo.com\/pt-br\/aplicacoes\/iwe-asotele\/#primaryimage"},"image":{"@id":"https:\/\/ileawo.com\/pt-br\/aplicacoes\/iwe-asotele\/#primaryimage"},"thumbnailUrl":"https:\/\/ileawo.com\/wp-content\/uploads\/2022\/07\/iwe_asotele.png","datePublished":"2022-07-11T08:45:49+00:00","dateModified":"2022-07-11T17:25:29+00:00","description":"Iwe Asotele es el primer registro de adivinaci\u00f3n de If\u00e1 y del \u00c9\u00e8r\u00ednd\u00edl\u00f3g\u00fan pionero en el mundo, completamente digital y gratuito.","breadcrumb":{"@id":"https:\/\/ileawo.com\/pt-br\/aplicacoes\/iwe-asotele\/#breadcrumb"},"inLanguage":"pt-BR","potentialAction":[{"@type":"ReadAction","target":["https:\/\/ileawo.com\/pt-br\/aplicacoes\/iwe-asotele\/"]}]},{"@type":"ImageObject","inLanguage":"pt-BR","@id":"https:\/\/ileawo.com\/pt-br\/aplicacoes\/iwe-asotele\/#primaryimage","url":"https:\/\/ileawo.com\/wp-content\/uploads\/2022\/07\/iwe_asotele.png","contentUrl":"https:\/\/ileawo.com\/wp-content\/uploads\/2022\/07\/iwe_asotele.png","width":512,"height":512,"caption":"Descarga Iwe Asotele, el primer registro de adivinaci\u00f3n."},{"@type":"BreadcrumbList","@id":"https:\/\/ileawo.com\/pt-br\/aplicacoes\/iwe-asotele\/#breadcrumb","itemListElement":[{"@type":"ListItem","position":1,"name":"Home","item":"http:\/\/ileawo.com\/pt-br\/"},{"@type":"ListItem","position":2,"name":"Aplica\u00e7\u00f5es de If\u00e1","item":"http:\/\/ileawo.com\/pt-br\/aplicacoes\/"},{"@type":"ListItem","position":3,"name":"App Iwe Asotele"}]},{"@type":"WebSite","@id":"http:\/\/ileawo.com\/pt-br\/#website","url":"http:\/\/ileawo.com\/pt-br\/","name":"Il\u00e9 Awo","description":"","publisher":{"@id":"http:\/\/ileawo.com\/pt-br\/#organization"},"potentialAction":[{"@type":"SearchAction","target":{"@type":"EntryPoint","urlTemplate":"http:\/\/ileawo.com\/pt-br\/?s={search_term_string}"},"query-input":{"@type":"PropertyValueSpecification","valueRequired":true,"valueName":"search_term_string"}}],"inLanguage":"pt-BR"},{"@type":"Organization","@id":"http:\/\/ileawo.com\/pt-br\/#organization","name":"Il\u00e9 Awo","url":"http:\/\/ileawo.com\/pt-br\/","logo":{"@type":"ImageObject","inLanguage":"pt-BR","@id":"http:\/\/ileawo.com\/pt-br\/#\/schema\/logo\/image\/","url":"https:\/\/ileawo.com\/wp-content\/uploads\/revslider\/Bienvenido\/Logo-Ile-Awo-20201.png","contentUrl":"https:\/\/ileawo.com\/wp-content\/uploads\/revslider\/Bienvenido\/Logo-Ile-Awo-20201.png","width":500,"height":155,"caption":"Il\u00e9 Awo"},"image":{"@id":"http:\/\/ileawo.com\/pt-br\/#\/schema\/logo\/image\/"},"sameAs":["https:\/\/www.facebook.com\/ifabiyii","https:\/\/x.com\/ifabiyii","https:\/\/www.instagram.com\/ifabiyii_akoda\/"]},{"@type":"Person","@id":"http:\/\/ileawo.com\/pt-br\/#\/schema\/person\/5b4d3af5a9aa8f02fe88dbeb048ef64a","name":"If\u00e1b\u00edy\u00ec\u00ed Ak\u00f3d\u00e0","image":{"@type":"ImageObject","inLanguage":"pt-BR","@id":"https:\/\/secure.gravatar.com\/avatar\/07530fd5fec1f19247b6ca33a6f419284691fff29c8857d86ea771d943bdba08?s=96&d=mm&r=g","url":"https:\/\/secure.gravatar.com\/avatar\/07530fd5fec1f19247b6ca33a6f419284691fff29c8857d86ea771d943bdba08?s=96&d=mm&r=g","contentUrl":"https:\/\/secure.gravatar.com\/avatar\/07530fd5fec1f19247b6ca33a6f419284691fff29c8857d86ea771d943bdba08?s=96&d=mm&r=g","caption":"If\u00e1b\u00edy\u00ec\u00ed Ak\u00f3d\u00e0"},"sameAs":["https:\/\/ileawo.com\/"]}]}},"_links":{"self":[{"href":"https:\/\/ileawo.com\/pt-br\/wp-json\/wp\/v2\/pages\/7114","targetHints":{"allow":["GET"]}}],"collection":[{"href":"https:\/\/ileawo.com\/pt-br\/wp-json\/wp\/v2\/pages"}],"about":[{"href":"https:\/\/ileawo.com\/pt-br\/wp-json\/wp\/v2\/types\/page"}],"author":[{"embeddable":true,"href":"https:\/\/ileawo.com\/pt-br\/wp-json\/wp\/v2\/users\/1"}],"replies":[{"embeddable":true,"href":"https:\/\/ileawo.com\/pt-br\/wp-json\/wp\/v2\/comments?post=7114"}],"version-history":[{"count":0,"href":"https:\/\/ileawo.com\/pt-br\/wp-json\/wp\/v2\/pages\/7114\/revisions"}],"up":[{"embeddable":true,"href":"https:\/\/ileawo.com\/pt-br\/wp-json\/wp\/v2\/pages\/2372"}],"wp:featuredmedia":[{"embeddable":true,"href":"https:\/\/ileawo.com\/pt-br\/wp-json\/wp\/v2\/media\/7058"}],"wp:attachment":[{"href":"https:\/\/ileawo.com\/pt-br\/wp-json\/wp\/v2\/media?parent=7114"}],"wp:term":[{"taxonomy":"category","embeddable":true,"href":"https:\/\/ileawo.com\/pt-br\/wp-json\/wp\/v2\/categories?post=7114"}],"curies":[{"name":"wp","href":"https:\/\/api.w.org\/{rel}","templated":true}]}}