{"id":6850,"date":"2020-10-22T10:19:44","date_gmt":"2020-10-22T08:19:44","guid":{"rendered":"https:\/\/ileawo.com\/orixas-yoruba\/egungun-los-ancestros\/"},"modified":"2022-11-01T15:22:13","modified_gmt":"2022-11-01T14:22:13","slug":"egungun-los-ancestros","status":"publish","type":"page","link":"https:\/\/ileawo.com\/pt-br\/orixas-yoruba\/egungun-los-ancestros\/","title":{"rendered":"Egungun, os ancestrais"},"content":{"rendered":"<div class=\"wpb-content-wrapper\"><p>[vc_row el_class=&#8221;first-row&#8221;][vc_column width=&#8221;1\/6&#8243; offset=&#8221;vc_hidden-sm vc_hidden-xs&#8221;][\/vc_column][vc_column offset=&#8221;vc_col-md-8&#8243;][vc_column_text]<\/p>\n<p style=\"text-align: center;\">Na pr\u00e1tica tradicional, Egungun (os ancestrais) desempenham um papel muito importante. \u00c9 o s\u00edmbolo do Orix\u00e1 da tradi\u00e7\u00e3o, pois a tradi\u00e7\u00e3o \u00e9 criada ao longo do tempo por nossos ancestrais.<\/p>\n<p>[\/vc_column_text][\/vc_column][vc_column width=&#8221;1\/6&#8243; offset=&#8221;vc_hidden-sm vc_hidden-xs&#8221;][\/vc_column][\/vc_row][vc_row full_width=&#8221;stretch_row&#8221; content_placement=&#8221;middle&#8221; bg_type=&#8221;bg_color&#8221; css=&#8221;.vc_custom_1654358020270{padding-top: 60px !important;padding-bottom: 60px !important;background-color: #f6f6f6 !important;}&#8221; bg_color_value=&#8221;#f6f6f6&#8243; el_class=&#8221;flex-row-tablet&#8221;][vc_column width=&#8221;1\/12&#8243; offset=&#8221;vc_col-lg-2 vc_col-md-2 vc_hidden-md vc_hidden-sm vc_hidden-xs&#8221;][\/vc_column][vc_column offset=&#8221;vc_col-lg-4 vc_col-md-6&#8243;][vc_column_text]<\/p>\n<h2 style=\"text-align: center;\">Quem \u00e9 Egungun?<\/h2>\n<p>Egungun \u00e9 um Orixa. Ela representa nossos antepassados \u200b\u200be atrav\u00e9s dela prestamos homenagem e propiciamos a todos os nossos parentes falecidos. Todos os nossos parentes falecidos fazem parte de nossa fam\u00edlia ancestral estendida.[\/vc_column_text][\/vc_column][vc_column offset=&#8221;vc_col-lg-4 vc_col-md-6&#8243;][vc_single_image image=&#8221;5616&#8243; img_size=&#8221;large&#8221; alignment=&#8221;center&#8221; css=&#8221;.vc_custom_1603054546540{margin-bottom: 0px !important;}&#8221;][\/vc_column][vc_column width=&#8221;1\/12&#8243; offset=&#8221;vc_col-lg-2 vc_col-md-2 vc_hidden-md vc_hidden-sm vc_hidden-xs&#8221;][\/vc_column][\/vc_row][vc_row][vc_column width=&#8221;1\/6&#8243; offset=&#8221;vc_hidden-sm vc_hidden-xs&#8221;][\/vc_column][vc_column offset=&#8221;vc_col-md-8&#8243;][vc_column_text]<\/p>\n<h2 style=\"text-align: center;\">Como come\u00e7ar no Egungun<\/h2>\n<p style=\"text-align: center;\">Existem diferentes tipos de Egungun e at\u00e9 diferentes inicia\u00e7\u00f5es deste Orixa. A primeira \u00e9 a inicia\u00e7\u00e3o do Isan Egungun, que \u00e9 uma esp\u00e9cie de mensageiro do Orixa que possui o chicote espiritual de Egungun. Mais tarde, para se tornar um sacerdote dos ancestrais, deve-se completar a inicia\u00e7\u00e3o chamada Is pa Atesebo, que consiste em receber a M\u00e1scara Egungun (Ar\u00e1 orun K\u00ecn em kin ou os habitantes do c\u00e9u) que cont\u00e9m suas roupas tradicionais de v\u00e1rias cores chamadas Aso \u00ccy\u00e1moj\u00e8. . Geralmente o representante da fam\u00edlia \u00e9 quem tem essa inicia\u00e7\u00e3o. Vale a pena notar que \u00e9 importante que todas as pessoas que praticam o If\u00e1 Tradicional tenham, pelo menos, a primeira inicia\u00e7\u00e3o, pois todos n\u00f3s, sem exce\u00e7\u00e3o, temos ancestrais que devemos promover. Um exemplo de como propiciar os antepassados \u200b\u200best\u00e1 dispon\u00edvel no <a href=\"https:\/\/onelink.to\/ifapro\">If\u00e1 Tradicional Pro<\/a>.<\/p>\n<p>[\/vc_column_text][\/vc_column][vc_column width=&#8221;1\/6&#8243; offset=&#8221;vc_hidden-sm vc_hidden-xs&#8221;][\/vc_column][\/vc_row][vc_row full_width=&#8221;stretch_row&#8221; gap=&#8221;20&#8243; bg_type=&#8221;bg_color&#8221; bg_color_value=&#8221;#4e89d5&#8243; css=&#8221;.vc_custom_1654358832663{padding-top: 40px !important;padding-bottom: 60px !important;background-color: #4e89d5 !important;}&#8221;][vc_column width=&#8221;1\/6&#8243; offset=&#8221;vc_hidden-sm vc_hidden-xs&#8221;][\/vc_column][vc_column offset=&#8221;vc_col-md-8&#8243; css=&#8221;.vc_custom_1572264649280{padding-top: 0px !important;}&#8221;][vc_column_text css=&#8221;.vc_custom_1654360730065{margin-bottom: 20px !important;}&#8221;]<\/p>\n<h2 style=\"text-align: center;\"><span style=\"color: #ffffff;\">Como alimentar Egungun<\/span><\/h2>\n<p style=\"text-align: center;\"><span style=\"color: #ffffff;\">Este Orixa deve ser propiciado de forma inteligente para n\u00e3o irritar nossos ancestrais.<\/span><\/p>\n<p>[\/vc_column_text][\/vc_column][vc_column width=&#8221;1\/6&#8243; offset=&#8221;vc_hidden-sm vc_hidden-xs&#8221;][\/vc_column][vc_column css_animation=&#8221;bottom-to-top&#8221; offset=&#8221;vc_col-md-6&#8243; css=&#8221;.vc_custom_1572276073446{margin-top: 0px !important;margin-right: 0px !important;margin-bottom: 0px !important;margin-left: 0px !important;padding-top: 40px !important;padding-right: 40px !important;padding-bottom: 40px !important;padding-left: 40px !important;background-color: #fcfcfc !important;border-radius: 10px !important;}&#8221;][vc_column_text css=&#8221;.vc_custom_1654360837324{margin-bottom: 0px !important;background-color: #fcfcfc !important;border-radius: 10px !important;}&#8221;]<\/p>\n<h3 style=\"text-align: center;\">Materiais para as ofertas<\/h3>\n<p>Os ancestrais devem ser propiciados principalmente com alimentos t\u00edpicos que nossos parentes comeram em vida, a menos que um verso de If\u00e1 seja usado para a propicia\u00e7\u00e3o em que algum material espec\u00edfico deve ser usado.[\/vc_column_text][\/vc_column][vc_column css_animation=&#8221;bottom-to-top&#8221; offset=&#8221;vc_col-md-6&#8243; css=&#8221;.vc_custom_1572276081562{margin-top: 0px !important;margin-right: 0px !important;margin-bottom: 0px !important;margin-left: 0px !important;padding-top: 40px !important;padding-right: 40px !important;padding-bottom: 40px !important;padding-left: 40px !important;background-color: #fcfcfc !important;border-radius: 10px !important;}&#8221;][vc_column_text css=&#8221;.vc_custom_1654360918280{margin-bottom: 0px !important;background-color: #fcfcfc !important;border-radius: 10px !important;}&#8221;]<\/p>\n<h3 style=\"text-align: center;\">Alguns tabus<\/h3>\n<p>Os tabus s\u00e3o principalmente alimentos que nossos ancestrais n\u00e3o gostam e \u00f3leo preto. Os adoradores de Obatala n\u00e3o podem ser iniciados na M\u00e1scara e as mulheres n\u00e3o devem entrar no altar dos ancestrais.[\/vc_column_text][\/vc_column][\/vc_row][vc_row content_placement=&#8221;middle&#8221; css=&#8221;.vc_custom_1572650477243{padding-top: 30px !important;padding-bottom: 30px !important;}&#8221;][vc_column offset=&#8221;vc_col-md-4&#8243; css=&#8221;.vc_custom_1577580268909{padding-top: 0px !important;}&#8221;][vc_single_image image=&#8221;5612&#8243; img_size=&#8221;large&#8221; alignment=&#8221;center&#8221; css=&#8221;.vc_custom_1603054061349{margin-bottom: 0px !important;}&#8221;][\/vc_column][vc_column offset=&#8221;vc_col-md-8&#8243; css=&#8221;.vc_custom_1577580262564{padding-top: 0px !important;}&#8221;][vc_column_text]<\/p>\n<h2 style=\"text-align: center;\">Tipos de Egungun na pr\u00e1tica tradicional<\/h2>\n<p>Como mencionamos antes, existe apenas um Eg\u00fang\u00fan. No entanto, existem diferentes tipos de representa\u00e7\u00e3o do Orixa que s\u00e3o focados em algo espec\u00edfico. Entre os mais reconhecidos est\u00e3o Eg\u00fang\u00fan K\u00fand\u00fake ou Eg\u00fang\u00fan Al\u00e1gbe, que \u00e9 reconhecido por suas dan\u00e7as majestosas; Eg\u00fang\u00fan El\u00e9r\u00f9, Eg\u00fang\u00fan Ol\u00f3p\u00f3n, Eg\u00fang\u00fan G\u00e8l\u00e8d\u00e9 entre outros.[\/vc_column_text][\/vc_column][\/vc_row][vc_row full_width=&#8221;stretch_row&#8221; content_placement=&#8221;middle&#8221; bg_type=&#8221;bg_color&#8221; bg_override=&#8221;ex-full&#8221; bg_color_value=&#8221;#4e89d5&#8243; el_class=&#8221;banner&#8221; css=&#8221;.vc_custom_1589980901179{background-color: #4e89d5 !important;}&#8221;][vc_column width=&#8221;2\/3&#8243;][vc_column_text el_class=&#8221;banner-text&#8221;]Saiba mais sobre a inicia\u00e7\u00e3o e propicia\u00e7\u00e3o deste Orix\u00e1 Yoruba[\/vc_column_text][\/vc_column][vc_column width=&#8221;1\/3&#8243;][vc_column_text css_animation=&#8221;bounceIn&#8221;]<\/p>\n<p style=\"text-align: center;\"><a class=\"custom-buttons-alternative\" href=\"https:\/\/ileawo.com\/pt-br\/contato\/\">Pergunte-nos<\/a><\/p>\n<p>[\/vc_column_text][\/vc_column][\/vc_row]<\/p>\n<\/div>"},"excerpt":{"rendered":"<p>[vc_row el_class=&#8221;first-row&#8221;][vc_column width=&#8221;1\/6&#8243; offset=&#8221;vc_hidden-sm vc_hidden-xs&#8221;][\/vc_column][vc_column offset=&#8221;vc_col-md-8&#8243;][vc_column_text] Na pr\u00e1tica tradicional, Egungun (os ancestrais) desempenham um papel muito importante. \u00c9 o s\u00edmbolo do Orix\u00e1 da tradi\u00e7\u00e3o, pois a<span class=\"excerpt-hellip\"> [\u2026]<\/span><\/p>\n","protected":false},"author":1,"featured_media":5625,"parent":1972,"menu_order":0,"comment_status":"closed","ping_status":"closed","template":"","meta":{"footnotes":""},"categories":[],"class_list":["post-6850","page","type-page","status-publish","has-post-thumbnail","hentry"],"yoast_head":"<!-- This site is optimized with the Yoast SEO Premium plugin v25.2 (Yoast SEO v27.4) - https:\/\/yoast.com\/product\/yoast-seo-premium-wordpress\/ -->\n<title>Egungun, a propicia\u00e7\u00e3o dos ancestrais - Il\u00e9 Awo<\/title>\n<meta name=\"description\" content=\"Egungun \u00e9 o Orixa da pr\u00e1tica tradicional que representa nossos parentes falecidos (os acentros), e simboliza o tradicionalismo.\" \/>\n<meta name=\"robots\" content=\"index, follow, max-snippet:-1, max-image-preview:large, max-video-preview:-1\" \/>\n<link rel=\"canonical\" href=\"https:\/\/ileawo.com\/pt-br\/orixas-yoruba\/egungun-los-ancestros\/\" \/>\n<meta property=\"og:locale\" content=\"pt_BR\" \/>\n<meta property=\"og:type\" content=\"article\" \/>\n<meta property=\"og:title\" content=\"Egungun, os ancestrais\" \/>\n<meta property=\"og:description\" content=\"Egungun \u00e9 o Orixa da pr\u00e1tica tradicional que representa nossos parentes falecidos (os acentros), e simboliza o tradicionalismo.\" \/>\n<meta property=\"og:url\" content=\"https:\/\/ileawo.com\/pt-br\/orixas-yoruba\/egungun-los-ancestros\/\" \/>\n<meta property=\"og:site_name\" content=\"Il\u00e9 Awo\" \/>\n<meta property=\"article:publisher\" content=\"https:\/\/www.facebook.com\/ifabiyii\" \/>\n<meta property=\"article:modified_time\" content=\"2022-11-01T14:22:13+00:00\" \/>\n<meta property=\"og:image\" content=\"https:\/\/ileawo.com\/wp-content\/uploads\/2020\/10\/egungun-1.jpg\" \/>\n\t<meta property=\"og:image:width\" content=\"1200\" \/>\n\t<meta property=\"og:image:height\" content=\"633\" \/>\n\t<meta property=\"og:image:type\" content=\"image\/jpeg\" \/>\n<meta name=\"twitter:card\" content=\"summary_large_image\" \/>\n<meta name=\"twitter:site\" content=\"@ifabiyii\" \/>\n<!-- \/ Yoast SEO Premium plugin. -->","yoast_head_json":{"title":"Egungun, a propicia\u00e7\u00e3o dos ancestrais - Il\u00e9 Awo","description":"Egungun \u00e9 o Orixa da pr\u00e1tica tradicional que representa nossos parentes falecidos (os acentros), e simboliza o tradicionalismo.","robots":{"index":"index","follow":"follow","max-snippet":"max-snippet:-1","max-image-preview":"max-image-preview:large","max-video-preview":"max-video-preview:-1"},"canonical":"https:\/\/ileawo.com\/pt-br\/orixas-yoruba\/egungun-los-ancestros\/","og_locale":"pt_BR","og_type":"article","og_title":"Egungun, os ancestrais","og_description":"Egungun \u00e9 o Orixa da pr\u00e1tica tradicional que representa nossos parentes falecidos (os acentros), e simboliza o tradicionalismo.","og_url":"https:\/\/ileawo.com\/pt-br\/orixas-yoruba\/egungun-los-ancestros\/","og_site_name":"Il\u00e9 Awo","article_publisher":"https:\/\/www.facebook.com\/ifabiyii","article_modified_time":"2022-11-01T14:22:13+00:00","og_image":[{"width":1200,"height":633,"url":"https:\/\/ileawo.com\/wp-content\/uploads\/2020\/10\/egungun-1.jpg","type":"image\/jpeg"}],"twitter_card":"summary_large_image","twitter_site":"@ifabiyii","schema":{"@context":"https:\/\/schema.org","@graph":[{"@type":"Article","@id":"https:\/\/ileawo.com\/pt-br\/orixas-yoruba\/egungun-los-ancestros\/#article","isPartOf":{"@id":"https:\/\/ileawo.com\/pt-br\/orixas-yoruba\/egungun-los-ancestros\/"},"author":{"name":"If\u00e1b\u00edy\u00ec\u00ed Ak\u00f3d\u00e0","@id":"http:\/\/ileawo.com\/pt-br\/#\/schema\/person\/5b4d3af5a9aa8f02fe88dbeb048ef64a"},"headline":"Egungun, os ancestrais","datePublished":"2020-10-22T08:19:44+00:00","dateModified":"2022-11-01T14:22:13+00:00","mainEntityOfPage":{"@id":"https:\/\/ileawo.com\/pt-br\/orixas-yoruba\/egungun-los-ancestros\/"},"wordCount":920,"publisher":{"@id":"http:\/\/ileawo.com\/pt-br\/#organization"},"image":{"@id":"https:\/\/ileawo.com\/pt-br\/orixas-yoruba\/egungun-los-ancestros\/#primaryimage"},"thumbnailUrl":"https:\/\/ileawo.com\/wp-content\/uploads\/2020\/10\/egungun-1.jpg","inLanguage":"pt-BR"},{"@type":"WebPage","@id":"https:\/\/ileawo.com\/pt-br\/orixas-yoruba\/egungun-los-ancestros\/","url":"https:\/\/ileawo.com\/pt-br\/orixas-yoruba\/egungun-los-ancestros\/","name":"Egungun, a propicia\u00e7\u00e3o dos ancestrais - Il\u00e9 Awo","isPartOf":{"@id":"http:\/\/ileawo.com\/pt-br\/#website"},"primaryImageOfPage":{"@id":"https:\/\/ileawo.com\/pt-br\/orixas-yoruba\/egungun-los-ancestros\/#primaryimage"},"image":{"@id":"https:\/\/ileawo.com\/pt-br\/orixas-yoruba\/egungun-los-ancestros\/#primaryimage"},"thumbnailUrl":"https:\/\/ileawo.com\/wp-content\/uploads\/2020\/10\/egungun-1.jpg","datePublished":"2020-10-22T08:19:44+00:00","dateModified":"2022-11-01T14:22:13+00:00","description":"Egungun \u00e9 o Orixa da pr\u00e1tica tradicional que representa nossos parentes falecidos (os acentros), e simboliza o tradicionalismo.","breadcrumb":{"@id":"https:\/\/ileawo.com\/pt-br\/orixas-yoruba\/egungun-los-ancestros\/#breadcrumb"},"inLanguage":"pt-BR","potentialAction":[{"@type":"ReadAction","target":["https:\/\/ileawo.com\/pt-br\/orixas-yoruba\/egungun-los-ancestros\/"]}]},{"@type":"ImageObject","inLanguage":"pt-BR","@id":"https:\/\/ileawo.com\/pt-br\/orixas-yoruba\/egungun-los-ancestros\/#primaryimage","url":"https:\/\/ileawo.com\/wp-content\/uploads\/2020\/10\/egungun-1.jpg","contentUrl":"https:\/\/ileawo.com\/wp-content\/uploads\/2020\/10\/egungun-1.jpg","width":1200,"height":633,"caption":"Egungun, los ancestros en la pr\u00e1ctica tradicional"},{"@type":"BreadcrumbList","@id":"https:\/\/ileawo.com\/pt-br\/orixas-yoruba\/egungun-los-ancestros\/#breadcrumb","itemListElement":[{"@type":"ListItem","position":1,"name":"Home","item":"http:\/\/ileawo.com\/pt-br\/"},{"@type":"ListItem","position":2,"name":"Orixas tradicionais Yoruba","item":"http:\/\/ileawo.com\/pt-br\/orixas-yoruba\/"},{"@type":"ListItem","position":3,"name":"Egungun, os ancestrais"}]},{"@type":"WebSite","@id":"http:\/\/ileawo.com\/pt-br\/#website","url":"http:\/\/ileawo.com\/pt-br\/","name":"Il\u00e9 Awo","description":"","publisher":{"@id":"http:\/\/ileawo.com\/pt-br\/#organization"},"potentialAction":[{"@type":"SearchAction","target":{"@type":"EntryPoint","urlTemplate":"http:\/\/ileawo.com\/pt-br\/?s={search_term_string}"},"query-input":{"@type":"PropertyValueSpecification","valueRequired":true,"valueName":"search_term_string"}}],"inLanguage":"pt-BR"},{"@type":"Organization","@id":"http:\/\/ileawo.com\/pt-br\/#organization","name":"Il\u00e9 Awo","url":"http:\/\/ileawo.com\/pt-br\/","logo":{"@type":"ImageObject","inLanguage":"pt-BR","@id":"http:\/\/ileawo.com\/pt-br\/#\/schema\/logo\/image\/","url":"https:\/\/ileawo.com\/wp-content\/uploads\/revslider\/Bienvenido\/Logo-Ile-Awo-20201.png","contentUrl":"https:\/\/ileawo.com\/wp-content\/uploads\/revslider\/Bienvenido\/Logo-Ile-Awo-20201.png","width":500,"height":155,"caption":"Il\u00e9 Awo"},"image":{"@id":"http:\/\/ileawo.com\/pt-br\/#\/schema\/logo\/image\/"},"sameAs":["https:\/\/www.facebook.com\/ifabiyii","https:\/\/x.com\/ifabiyii","https:\/\/www.instagram.com\/ifabiyii_akoda\/"]},{"@type":"Person","@id":"http:\/\/ileawo.com\/pt-br\/#\/schema\/person\/5b4d3af5a9aa8f02fe88dbeb048ef64a","name":"If\u00e1b\u00edy\u00ec\u00ed Ak\u00f3d\u00e0","image":{"@type":"ImageObject","inLanguage":"pt-BR","@id":"https:\/\/secure.gravatar.com\/avatar\/07530fd5fec1f19247b6ca33a6f419284691fff29c8857d86ea771d943bdba08?s=96&d=mm&r=g","url":"https:\/\/secure.gravatar.com\/avatar\/07530fd5fec1f19247b6ca33a6f419284691fff29c8857d86ea771d943bdba08?s=96&d=mm&r=g","contentUrl":"https:\/\/secure.gravatar.com\/avatar\/07530fd5fec1f19247b6ca33a6f419284691fff29c8857d86ea771d943bdba08?s=96&d=mm&r=g","caption":"If\u00e1b\u00edy\u00ec\u00ed Ak\u00f3d\u00e0"},"sameAs":["https:\/\/ileawo.com\/"]}]}},"_links":{"self":[{"href":"https:\/\/ileawo.com\/pt-br\/wp-json\/wp\/v2\/pages\/6850","targetHints":{"allow":["GET"]}}],"collection":[{"href":"https:\/\/ileawo.com\/pt-br\/wp-json\/wp\/v2\/pages"}],"about":[{"href":"https:\/\/ileawo.com\/pt-br\/wp-json\/wp\/v2\/types\/page"}],"author":[{"embeddable":true,"href":"https:\/\/ileawo.com\/pt-br\/wp-json\/wp\/v2\/users\/1"}],"replies":[{"embeddable":true,"href":"https:\/\/ileawo.com\/pt-br\/wp-json\/wp\/v2\/comments?post=6850"}],"version-history":[{"count":0,"href":"https:\/\/ileawo.com\/pt-br\/wp-json\/wp\/v2\/pages\/6850\/revisions"}],"up":[{"embeddable":true,"href":"https:\/\/ileawo.com\/pt-br\/wp-json\/wp\/v2\/pages\/1972"}],"wp:featuredmedia":[{"embeddable":true,"href":"https:\/\/ileawo.com\/pt-br\/wp-json\/wp\/v2\/media\/5625"}],"wp:attachment":[{"href":"https:\/\/ileawo.com\/pt-br\/wp-json\/wp\/v2\/media?parent=6850"}],"wp:term":[{"taxonomy":"category","embeddable":true,"href":"https:\/\/ileawo.com\/pt-br\/wp-json\/wp\/v2\/categories?post=6850"}],"curies":[{"name":"wp","href":"https:\/\/api.w.org\/{rel}","templated":true}]}}