{"id":6828,"date":"2020-06-07T03:44:45","date_gmt":"2020-06-07T01:44:45","guid":{"rendered":"https:\/\/ileawo.com\/oke-itase-letra-do-ano\/oke-itase-2020\/"},"modified":"2022-06-03T20:55:20","modified_gmt":"2022-06-03T18:55:20","slug":"oke-itase-2020","status":"publish","type":"page","link":"https:\/\/ileawo.com\/pt-br\/oke-itase-letra-do-ano\/oke-itase-2020\/","title":{"rendered":"Oke Itase 2020 \u2013 Letra do Ano 2020 Il\u00e9 Ife Nigeria"},"content":{"rendered":"<div class=\"wpb-content-wrapper\"><p>[vc_row][vc_column][vc_single_image image=&#8221;5046&#8243; img_size=&#8221;medium&#8221; alignment=&#8221;center&#8221; css=&#8221;.vc_custom_1591488411499{margin-bottom: 0px !important;}&#8221;][vc_column_text]<\/p>\n<h2 style=\"text-align: center;\">Od\u00f9 Ogbe Otura<\/h2>\n<p>[\/vc_column_text][\/vc_column][\/vc_row][vc_row][vc_column width=&#8221;1\/6&#8243; offset=&#8221;vc_hidden-sm vc_hidden-xs&#8221;][\/vc_column][vc_column width=&#8221;1\/2&#8243; offset=&#8221;vc_col-md-4&#8243;][vc_column_text]<\/p>\n<div style=\"background-color: #f6f6f6; margin: 10px; border-radius: 10px;\">\n<h5 class=\"white-box\">Yor\u00f9b\u00e1<\/h5>\n<p style=\"background-color: #f6f6f6; padding: 30px; border-radius: 0px 0px 10px 10px;\">\u00d2gb\u00f3gb\u00f2\u00f3 Babal\u00e1wo n\u00ed\u00ed f&#8217;ow\u00f3 te oj\u00fa op\u00f3n If\u00e1<br \/>\n\u00d2gb\u00f3gb\u00f2\u00f3 On\u00eds\u00e8g\u00f9n n\u00ed\u00ed f&#8217;ow\u00f3 ti \u00d2s\u00e1ny\u00ecn l\u00e1y\u00e0<br \/>\n\u00d2gb\u00f3gb\u00f2\u00f3 Ol\u00f3\u00f2\u00f2sa n\u00ed\u00ed mi \u00e0j\u00ecj\u00e0 s\u00edh\u00ecn-\u00edn<br \/>\nN\u00ed\u00ed mi \u00c0j\u00ecj\u00e0 s\u00f3h\u00f9n-\u00fan<br \/>\ndi\u00e1 f\u00fan \u00d2r\u00fanm\u00ecl\u00e0<br \/>\nBaba n lo r\u00e8\u00e9 r\u00edd\u00ec\u00ed Ay\u00e9<br \/>\nwon n\u00ed ko s\u00e1k\u00e1ale, ebo n\u00ed s\u00edse<br \/>\n\u00f3 gb\u00e9&#8217;bo, \u00f3 r\u00fabo<br \/>\nk\u00f2 p\u00e9, k\u00f2 j\u00ecnn\u00e0<br \/>\nE w\u00e1 b\u00e1 ni n\u00ed j\u00e8b\u00fat\u00fa Ire gbogbo<\/p>\n<\/div>\n<p>[\/vc_column_text][\/vc_column][vc_column width=&#8221;1\/2&#8243; offset=&#8221;vc_col-md-4&#8243;][vc_column_text css=&#8221;.vc_custom_1654281665302{margin-bottom: 0px !important;}&#8221;]<\/p>\n<div style=\"background-color: #f6f6f6; margin: 10px; border-radius: 10px;\">\n<h5 class=\"white-box\">Portugu\u00eas<\/h5>\n<p style=\"background-color: #f6f6f6; padding: 30px; border-radius: 0px 0px 10px 10px;\">Um Babal\u00e1wo vers\u00e1til \u00e9 aquele que faz impress\u00f5es em uma bandeja de If\u00e1<br \/>\nUm bot\u00e2nico vers\u00e1til \u00e9 aquele que consulta \u00d2s\u00e1ny\u00ecn apertando seu peito com as m\u00e3os<br \/>\nUm adorador vers\u00e1til de Ob\u00e0t\u00e1l\u00e1 \u00e9 aquele que faz o \u00c0j\u00ecj\u00e0 Gong balan\u00e7ar no ar dessa maneira<br \/>\nE faz balan\u00e7ar no ar dessa forma (durante a execu\u00e7\u00e3o do ritual)<br \/>\nEles foram os \u00fanicos que jogaram If\u00e1 para o \u00d2r\u00fanm\u00ecl\u00e0<br \/>\nAo planejar conhecer o segredo do mundo<br \/>\nPediram-lhe para oferecer sacrif\u00edcio<br \/>\nele cumpriu<br \/>\nO mais r\u00e1pido poss\u00edvel, n\u00e3o muito longe<br \/>\nRe\u00fanam-se no meio de IRE abundante<\/p>\n<\/div>\n<p>[\/vc_column_text][\/vc_column][vc_column width=&#8221;1\/6&#8243; offset=&#8221;vc_hidden-sm vc_hidden-xs&#8221;][\/vc_column][\/vc_row][vc_row][vc_column][vc_raw_html css=&#8221;.vc_custom_1572654247108{margin-top: 40px !important;}&#8221;]JTNDc2NyaXB0JTIwYXN5bmMlMjBzcmMlM0QlMjIlMkYlMkZwYWdlYWQyLmdvb2dsZXN5bmRpY2F0aW9uLmNvbSUyRnBhZ2VhZCUyRmpzJTJGYWRzYnlnb29nbGUuanMlMjIlM0UlM0MlMkZzY3JpcHQlM0UlMEElM0MlMjEtLSUyMExhLVByZW5zYS1BZHMlMjAtLSUzRSUwQSUzQ2lucyUyMGNsYXNzJTNEJTIyYWRzYnlnb29nbGUlMjIlMEElMjAlMjAlMjAlMjAlMjBzdHlsZSUzRCUyMmRpc3BsYXklM0FibG9jayUyMiUwQSUyMCUyMCUyMCUyMCUyMGRhdGEtYWQtY2xpZW50JTNEJTIyY2EtcHViLTQ3MTQwOTc3Mzc0NDUxMDklMjIlMEElMjAlMjAlMjAlMjAlMjBkYXRhLWFkLXNsb3QlM0QlMjI5MjA2NTcxMDc3JTIyJTBBJTIwJTIwJTIwJTIwJTIwZGF0YS1hZC1mb3JtYXQlM0QlMjJhdXRvJTIyJTNFJTNDJTJGaW5zJTNFJTBBJTNDc2NyaXB0JTNFJTBBJTI4YWRzYnlnb29nbGUlMjAlM0QlMjB3aW5kb3cuYWRzYnlnb29nbGUlMjAlN0MlN0MlMjAlNUIlNUQlMjkucHVzaCUyOCU3QiU3RCUyOSUzQiUwQSUzQyUyRnNjcmlwdCUzRQ==[\/vc_raw_html][\/vc_column][\/vc_row][vc_row][vc_column offset=&#8221;vc_col-md-2 vc_hidden-sm vc_hidden-xs&#8221;][\/vc_column][vc_column offset=&#8221;vc_col-md-8&#8243;][vc_column_text]<\/p>\n<div class=\"uvc-main-heading ult-responsive\" data-ultimate-target=\".uvc-heading.ultimate-heading-92575db682638844d h2\" data-responsive-json-new=\"{&quot;font-size&quot;:&quot;desktop:28px;tablet:26px;tablet_portrait:26px;mobile_landscape:24px;mobile:24px;&quot;,&quot;line-height&quot;:&quot;desktop:34px;&quot;}\">\n<h2>Celebra\u00e7\u00e3o do Festival Oke Itase 2020<\/h2>\n<\/div>\n<div class=\"uvc-sub-heading ult-responsive\" data-ultimate-target=\".uvc-heading.ultimate-heading-92575db682638844d .uvc-sub-heading \" data-responsive-json-new=\"{&quot;font-size&quot;:&quot;&quot;,&quot;line-height&quot;:&quot;desktop:26px;&quot;}\">\n<p>Como todos os anos, em Il\u00e9 Awo temos o prazer de apresentar pela primeira vez o sinal de Oke Itase 2020, a adivinha\u00e7\u00e3o mundial de If\u00e1 com a qual come\u00e7a o Ano Novo Yoruba, celebrado hoje cedo em Il\u00e9 Ife.<\/p>\n<p>Este ano, o Festival Mundial de If\u00e1, onde a adivinha\u00e7\u00e3o acontece, foi diferente devido \u00e0s restri\u00e7\u00f5es do coronav\u00edrus, que impediram peregrina\u00e7\u00f5es em massa de crentes de toda a Nig\u00e9ria e do mundo para participar das cerim\u00f4nias de Oke Itase 2020. Devido \u00e0 crise do Covid-19, o O Conselho de Arabas e Oluwo renovou os sacerdotes If\u00e1 e Iyanif\u00e1 que tradicionalmente participam das cerim\u00f4nias, embora toda a adivinha\u00e7\u00e3o e as cerim\u00f4nias anteriores e subsequentes fossem chefiadas pelo Araba Agbaye Olu Isese. .<\/p>\n<p>No Oke Itase 2020 o signo revelado \u00e9 <strong>Ogb\u00e8 \u00d2t\u00far\u00e1<\/strong>, em <strong>Ajogun Iku<\/strong>, que significa um mal devido \u00e0 morte ou trag\u00e9dia. If\u00e1 diz que vamos obter a solu\u00e7\u00e3o que todos procuram para nossos problemas. Voc\u00ea tem que fazer sacrif\u00edcios e ser grato.<\/p>\n<p>Para saber mais sobre o que If\u00e1 diz no sinal <strong>Ogb\u00e8 \u00d2t\u00far\u00e1<\/strong>, convidamos voc\u00ea a baixar nossos aplicativos <a href=\"https:\/\/onelink.to\/ifatradicional\">If\u00e1 Tradicional<\/a>, <a href=\"https:\/\/onelink.to\/ifapro\">If\u00e1 Tradicional Pro<\/a>, <a href=\"https:\/\/onelink.to\/ojuodu\">Oj\u00fa Od\u00f9<\/a> e <a href=\"https:\/\/onelink.to\/q36htt\">Apola Ogb\u00e8<\/a>, onde voc\u00ea encontrar\u00e1 informa\u00e7\u00f5es detalhadas sobre o sinal e akose para ter toda a sorte para isso ano que come\u00e7a hoje.<\/p>\n<p>\u00c9 importante lembrar que todos os seguidores de If\u00e1 no mundo que praticam a religi\u00e3o tradicional devem realizar o ebo e as cerim\u00f4nias marcadas pelo sinal, bem como levar em conta os avisos do Od\u00f9 ao longo do ano. Se pretender informa\u00e7\u00f5es mais detalhadas sobre as cerim\u00f3nias recomendadas a realizar no Oke Itase 2020. N\u00e3o hesite em <a href=\"https:\/\/ileawo.com\/pt-br\/contato\/\">contactar-nos<\/a>.<\/p>\n<\/div>\n<p>[\/vc_column_text][\/vc_column][vc_column width=&#8221;1\/6&#8243; offset=&#8221;vc_hidden-sm vc_hidden-xs&#8221;][\/vc_column][\/vc_row][vc_row][vc_column][vc_raw_html css=&#8221;.vc_custom_1572654247108{margin-top: 40px !important;}&#8221;]JTNDc2NyaXB0JTIwYXN5bmMlMjBzcmMlM0QlMjIlMkYlMkZwYWdlYWQyLmdvb2dsZXN5bmRpY2F0aW9uLmNvbSUyRnBhZ2VhZCUyRmpzJTJGYWRzYnlnb29nbGUuanMlMjIlM0UlM0MlMkZzY3JpcHQlM0UlMEElM0MlMjEtLSUyMExhLVByZW5zYS1BZHMlMjAtLSUzRSUwQSUzQ2lucyUyMGNsYXNzJTNEJTIyYWRzYnlnb29nbGUlMjIlMEElMjAlMjAlMjAlMjAlMjBzdHlsZSUzRCUyMmRpc3BsYXklM0FibG9jayUyMiUwQSUyMCUyMCUyMCUyMCUyMGRhdGEtYWQtY2xpZW50JTNEJTIyY2EtcHViLTQ3MTQwOTc3Mzc0NDUxMDklMjIlMEElMjAlMjAlMjAlMjAlMjBkYXRhLWFkLXNsb3QlM0QlMjI5MjA2NTcxMDc3JTIyJTBBJTIwJTIwJTIwJTIwJTIwZGF0YS1hZC1mb3JtYXQlM0QlMjJhdXRvJTIyJTNFJTNDJTJGaW5zJTNFJTBBJTNDc2NyaXB0JTNFJTBBJTI4YWRzYnlnb29nbGUlMjAlM0QlMjB3aW5kb3cuYWRzYnlnb29nbGUlMjAlN0MlN0MlMjAlNUIlNUQlMjkucHVzaCUyOCU3QiU3RCUyOSUzQiUwQSUzQyUyRnNjcmlwdCUzRQ==[\/vc_raw_html][\/vc_column][\/vc_row][vc_row][vc_column width=&#8221;1\/4&#8243; offset=&#8221;vc_col-md-3 vc_hidden-sm vc_hidden-xs&#8221;][\/vc_column][vc_column offset=&#8221;vc_col-md-6 vc_col-xs-12&#8243;][vc_images_carousel images=&#8221;4984,4987,4990,4993,4996&#8243; img_size=&#8221;large&#8221; onclick=&#8221;link_no&#8221; autoplay=&#8221;yes&#8221; wrap=&#8221;yes&#8221;][\/vc_column][vc_column width=&#8221;1\/4&#8243; offset=&#8221;vc_col-md-3 vc_hidden-sm vc_hidden-xs&#8221;][\/vc_column][\/vc_row][vc_row full_width=&#8221;stretch_row&#8221; content_placement=&#8221;middle&#8221; bg_type=&#8221;bg_color&#8221; bg_override=&#8221;ex-full&#8221; bg_color_value=&#8221;#4e89d5&#8243; el_class=&#8221;banner&#8221; css=&#8221;.vc_custom_1589978327005{margin-top: 40px !important;background-color: #4e89d5 !important;}&#8221;][vc_column width=&#8221;2\/3&#8243;][vc_column_text el_class=&#8221;banner-text&#8221;]Fa\u00e7a uma adivinha\u00e7\u00e3o de If\u00e1 e saiba o que o Orix\u00e1 tem reservado para voc\u00ea[\/vc_column_text][\/vc_column][vc_column width=&#8221;1\/3&#8243;][vc_column_text css_animation=&#8221;bounceIn&#8221;]<\/p>\n<p style=\"text-align: center;\"><a class=\"custom-buttons-alternative\" href=\"https:\/\/ileawo.com\/pt-br\/contato\/\">Pergunte-nos<\/a><\/p>\n<p>[\/vc_column_text][\/vc_column][\/vc_row]<\/p>\n<\/div>"},"excerpt":{"rendered":"<p>[vc_row][vc_column][vc_single_image image=&#8221;5046&#8243; img_size=&#8221;medium&#8221; alignment=&#8221;center&#8221; css=&#8221;.vc_custom_1591488411499{margin-bottom: 0px !important;}&#8221;][vc_column_text] Od\u00f9 Ogbe Otura [\/vc_column_text][\/vc_column][\/vc_row][vc_row][vc_column width=&#8221;1\/6&#8243; offset=&#8221;vc_hidden-sm vc_hidden-xs&#8221;][\/vc_column][vc_column width=&#8221;1\/2&#8243; offset=&#8221;vc_col-md-4&#8243;][vc_column_text] Yor\u00f9b\u00e1 \u00d2gb\u00f3gb\u00f2\u00f3 Babal\u00e1wo n\u00ed\u00ed f&#8217;ow\u00f3 te oj\u00fa op\u00f3n If\u00e1 \u00d2gb\u00f3gb\u00f2\u00f3<span class=\"excerpt-hellip\"> [\u2026]<\/span><\/p>\n","protected":false},"author":1,"featured_media":4555,"parent":2097,"menu_order":0,"comment_status":"closed","ping_status":"closed","template":"","meta":{"footnotes":""},"categories":[2711],"class_list":["post-6828","page","type-page","status-publish","has-post-thumbnail","hentry","category-oke-itase"],"yoast_head":"<!-- This site is optimized with the Yoast SEO Premium plugin v25.2 (Yoast SEO v27.4) - https:\/\/yoast.com\/product\/yoast-seo-premium-wordpress\/ -->\n<title>Oke Itase 2020 \u2013 Letra do Ano 2020 Il\u00e9 Ife Nigeria - Il\u00e9 Awo<\/title>\n<meta name=\"description\" content=\"Conoce los desigios de Olodumare para este a\u00f1o a trav\u00e9s del signo de If\u00e1 revelado en el Oke Itase 2020, adivinaci\u00f3n mundial de If\u00e1, celebrado en Ile Ife.\" \/>\n<meta name=\"robots\" content=\"index, follow, max-snippet:-1, max-image-preview:large, max-video-preview:-1\" \/>\n<link rel=\"canonical\" href=\"https:\/\/ileawo.com\/pt-br\/oke-itase-letra-do-ano\/oke-itase-2020\/\" \/>\n<meta property=\"og:locale\" content=\"pt_BR\" \/>\n<meta property=\"og:type\" content=\"article\" \/>\n<meta property=\"og:title\" content=\"Oke Itase 2020 \u2013 Letra do Ano 2020 Il\u00e9 Ife Nigeria\" \/>\n<meta property=\"og:description\" content=\"Conoce los desigios de Olodumare para este a\u00f1o a trav\u00e9s del signo de If\u00e1 revelado en el Oke Itase 2020, adivinaci\u00f3n mundial de If\u00e1, celebrado en Ile Ife.\" \/>\n<meta property=\"og:url\" content=\"https:\/\/ileawo.com\/pt-br\/oke-itase-letra-do-ano\/oke-itase-2020\/\" \/>\n<meta property=\"og:site_name\" content=\"Il\u00e9 Awo\" \/>\n<meta property=\"article:publisher\" content=\"https:\/\/www.facebook.com\/ifabiyii\" \/>\n<meta property=\"article:modified_time\" content=\"2022-06-03T18:55:20+00:00\" \/>\n<meta property=\"og:image\" content=\"http:\/\/ileawo.com\/wp-content\/uploads\/2020\/05\/Oke-Itase-2020.jpg\" \/>\n\t<meta property=\"og:image:width\" content=\"1200\" \/>\n\t<meta property=\"og:image:height\" content=\"633\" \/>\n\t<meta property=\"og:image:type\" content=\"image\/jpeg\" \/>\n<meta name=\"twitter:card\" content=\"summary_large_image\" \/>\n<meta name=\"twitter:site\" content=\"@ifabiyii\" \/>\n<!-- \/ Yoast SEO Premium plugin. -->","yoast_head_json":{"title":"Oke Itase 2020 \u2013 Letra do Ano 2020 Il\u00e9 Ife Nigeria - Il\u00e9 Awo","description":"Conoce los desigios de Olodumare para este a\u00f1o a trav\u00e9s del signo de If\u00e1 revelado en el Oke Itase 2020, adivinaci\u00f3n mundial de If\u00e1, celebrado en Ile Ife.","robots":{"index":"index","follow":"follow","max-snippet":"max-snippet:-1","max-image-preview":"max-image-preview:large","max-video-preview":"max-video-preview:-1"},"canonical":"https:\/\/ileawo.com\/pt-br\/oke-itase-letra-do-ano\/oke-itase-2020\/","og_locale":"pt_BR","og_type":"article","og_title":"Oke Itase 2020 \u2013 Letra do Ano 2020 Il\u00e9 Ife Nigeria","og_description":"Conoce los desigios de Olodumare para este a\u00f1o a trav\u00e9s del signo de If\u00e1 revelado en el Oke Itase 2020, adivinaci\u00f3n mundial de If\u00e1, celebrado en Ile Ife.","og_url":"https:\/\/ileawo.com\/pt-br\/oke-itase-letra-do-ano\/oke-itase-2020\/","og_site_name":"Il\u00e9 Awo","article_publisher":"https:\/\/www.facebook.com\/ifabiyii","article_modified_time":"2022-06-03T18:55:20+00:00","og_image":[{"width":1200,"height":633,"url":"http:\/\/ileawo.com\/wp-content\/uploads\/2020\/05\/Oke-Itase-2020.jpg","type":"image\/jpeg"}],"twitter_card":"summary_large_image","twitter_site":"@ifabiyii","schema":{"@context":"https:\/\/schema.org","@graph":[{"@type":"Article","@id":"https:\/\/ileawo.com\/pt-br\/oke-itase-letra-do-ano\/oke-itase-2020\/#article","isPartOf":{"@id":"https:\/\/ileawo.com\/pt-br\/oke-itase-letra-do-ano\/oke-itase-2020\/"},"author":{"name":"If\u00e1b\u00edy\u00ec\u00ed Ak\u00f3d\u00e0","@id":"http:\/\/ileawo.com\/pt-br\/#\/schema\/person\/5b4d3af5a9aa8f02fe88dbeb048ef64a"},"headline":"Oke Itase 2020 \u2013 Letra do Ano 2020 Il\u00e9 Ife Nigeria","datePublished":"2020-06-07T01:44:45+00:00","dateModified":"2022-06-03T18:55:20+00:00","mainEntityOfPage":{"@id":"https:\/\/ileawo.com\/pt-br\/oke-itase-letra-do-ano\/oke-itase-2020\/"},"wordCount":912,"publisher":{"@id":"http:\/\/ileawo.com\/pt-br\/#organization"},"image":{"@id":"https:\/\/ileawo.com\/pt-br\/oke-itase-letra-do-ano\/oke-itase-2020\/#primaryimage"},"thumbnailUrl":"https:\/\/ileawo.com\/wp-content\/uploads\/2020\/05\/Oke-Itase-2020.jpg","articleSection":["Oke Itase"],"inLanguage":"pt-BR"},{"@type":"WebPage","@id":"https:\/\/ileawo.com\/pt-br\/oke-itase-letra-do-ano\/oke-itase-2020\/","url":"https:\/\/ileawo.com\/pt-br\/oke-itase-letra-do-ano\/oke-itase-2020\/","name":"Oke Itase 2020 \u2013 Letra do Ano 2020 Il\u00e9 Ife Nigeria - Il\u00e9 Awo","isPartOf":{"@id":"http:\/\/ileawo.com\/pt-br\/#website"},"primaryImageOfPage":{"@id":"https:\/\/ileawo.com\/pt-br\/oke-itase-letra-do-ano\/oke-itase-2020\/#primaryimage"},"image":{"@id":"https:\/\/ileawo.com\/pt-br\/oke-itase-letra-do-ano\/oke-itase-2020\/#primaryimage"},"thumbnailUrl":"https:\/\/ileawo.com\/wp-content\/uploads\/2020\/05\/Oke-Itase-2020.jpg","datePublished":"2020-06-07T01:44:45+00:00","dateModified":"2022-06-03T18:55:20+00:00","description":"Conoce los desigios de Olodumare para este a\u00f1o a trav\u00e9s del signo de If\u00e1 revelado en el Oke Itase 2020, adivinaci\u00f3n mundial de If\u00e1, celebrado en Ile Ife.","breadcrumb":{"@id":"https:\/\/ileawo.com\/pt-br\/oke-itase-letra-do-ano\/oke-itase-2020\/#breadcrumb"},"inLanguage":"pt-BR","potentialAction":[{"@type":"ReadAction","target":["https:\/\/ileawo.com\/pt-br\/oke-itase-letra-do-ano\/oke-itase-2020\/"]}]},{"@type":"ImageObject","inLanguage":"pt-BR","@id":"https:\/\/ileawo.com\/pt-br\/oke-itase-letra-do-ano\/oke-itase-2020\/#primaryimage","url":"https:\/\/ileawo.com\/wp-content\/uploads\/2020\/05\/Oke-Itase-2020.jpg","contentUrl":"https:\/\/ileawo.com\/wp-content\/uploads\/2020\/05\/Oke-Itase-2020.jpg","width":1200,"height":633,"caption":"Oke Itase 2020"},{"@type":"BreadcrumbList","@id":"https:\/\/ileawo.com\/pt-br\/oke-itase-letra-do-ano\/oke-itase-2020\/#breadcrumb","itemListElement":[{"@type":"ListItem","position":1,"name":"Home","item":"http:\/\/ileawo.com\/pt-br\/"},{"@type":"ListItem","position":2,"name":"Oke Itase","item":"http:\/\/ileawo.com\/pt-br\/oke-itase-letra-do-ano\/"},{"@type":"ListItem","position":3,"name":"Oke Itase 2020 \u2013 Letra do Ano 2020 Il\u00e9 Ife Nigeria"}]},{"@type":"WebSite","@id":"http:\/\/ileawo.com\/pt-br\/#website","url":"http:\/\/ileawo.com\/pt-br\/","name":"Il\u00e9 Awo","description":"","publisher":{"@id":"http:\/\/ileawo.com\/pt-br\/#organization"},"potentialAction":[{"@type":"SearchAction","target":{"@type":"EntryPoint","urlTemplate":"http:\/\/ileawo.com\/pt-br\/?s={search_term_string}"},"query-input":{"@type":"PropertyValueSpecification","valueRequired":true,"valueName":"search_term_string"}}],"inLanguage":"pt-BR"},{"@type":"Organization","@id":"http:\/\/ileawo.com\/pt-br\/#organization","name":"Il\u00e9 Awo","url":"http:\/\/ileawo.com\/pt-br\/","logo":{"@type":"ImageObject","inLanguage":"pt-BR","@id":"http:\/\/ileawo.com\/pt-br\/#\/schema\/logo\/image\/","url":"https:\/\/ileawo.com\/wp-content\/uploads\/revslider\/Bienvenido\/Logo-Ile-Awo-20201.png","contentUrl":"https:\/\/ileawo.com\/wp-content\/uploads\/revslider\/Bienvenido\/Logo-Ile-Awo-20201.png","width":500,"height":155,"caption":"Il\u00e9 Awo"},"image":{"@id":"http:\/\/ileawo.com\/pt-br\/#\/schema\/logo\/image\/"},"sameAs":["https:\/\/www.facebook.com\/ifabiyii","https:\/\/x.com\/ifabiyii","https:\/\/www.instagram.com\/ifabiyii_akoda\/"]},{"@type":"Person","@id":"http:\/\/ileawo.com\/pt-br\/#\/schema\/person\/5b4d3af5a9aa8f02fe88dbeb048ef64a","name":"If\u00e1b\u00edy\u00ec\u00ed Ak\u00f3d\u00e0","image":{"@type":"ImageObject","inLanguage":"pt-BR","@id":"https:\/\/secure.gravatar.com\/avatar\/07530fd5fec1f19247b6ca33a6f419284691fff29c8857d86ea771d943bdba08?s=96&d=mm&r=g","url":"https:\/\/secure.gravatar.com\/avatar\/07530fd5fec1f19247b6ca33a6f419284691fff29c8857d86ea771d943bdba08?s=96&d=mm&r=g","contentUrl":"https:\/\/secure.gravatar.com\/avatar\/07530fd5fec1f19247b6ca33a6f419284691fff29c8857d86ea771d943bdba08?s=96&d=mm&r=g","caption":"If\u00e1b\u00edy\u00ec\u00ed Ak\u00f3d\u00e0"},"sameAs":["https:\/\/ileawo.com\/"]}]}},"_links":{"self":[{"href":"https:\/\/ileawo.com\/pt-br\/wp-json\/wp\/v2\/pages\/6828","targetHints":{"allow":["GET"]}}],"collection":[{"href":"https:\/\/ileawo.com\/pt-br\/wp-json\/wp\/v2\/pages"}],"about":[{"href":"https:\/\/ileawo.com\/pt-br\/wp-json\/wp\/v2\/types\/page"}],"author":[{"embeddable":true,"href":"https:\/\/ileawo.com\/pt-br\/wp-json\/wp\/v2\/users\/1"}],"replies":[{"embeddable":true,"href":"https:\/\/ileawo.com\/pt-br\/wp-json\/wp\/v2\/comments?post=6828"}],"version-history":[{"count":0,"href":"https:\/\/ileawo.com\/pt-br\/wp-json\/wp\/v2\/pages\/6828\/revisions"}],"up":[{"embeddable":true,"href":"https:\/\/ileawo.com\/pt-br\/wp-json\/wp\/v2\/pages\/2097"}],"wp:featuredmedia":[{"embeddable":true,"href":"https:\/\/ileawo.com\/pt-br\/wp-json\/wp\/v2\/media\/4555"}],"wp:attachment":[{"href":"https:\/\/ileawo.com\/pt-br\/wp-json\/wp\/v2\/media?parent=6828"}],"wp:term":[{"taxonomy":"category","embeddable":true,"href":"https:\/\/ileawo.com\/pt-br\/wp-json\/wp\/v2\/categories?post=6828"}],"curies":[{"name":"wp","href":"https:\/\/api.w.org\/{rel}","templated":true}]}}