{"id":2372,"date":"2019-10-27T00:00:00","date_gmt":"2019-10-26T22:00:00","guid":{"rendered":"https:\/\/ileawo.com\/aplicacoes\/"},"modified":"2023-01-19T14:50:26","modified_gmt":"2023-01-19T13:50:26","slug":"aplicacoes","status":"publish","type":"page","link":"https:\/\/ileawo.com\/pt-br\/aplicacoes\/","title":{"rendered":"Aplica\u00e7\u00f5es de If\u00e1"},"content":{"rendered":"<div class=\"wpb-content-wrapper\"><p>[vc_row css=&#8221;.vc_custom_1572174624836{margin-top: 60px !important;margin-bottom: 40px !important;}&#8221; el_class=&#8221;first-row&#8221;][vc_column width=&#8221;1\/6&#8243; offset=&#8221;vc_hidden-sm vc_hidden-xs&#8221;][\/vc_column][vc_column offset=&#8221;vc_col-md-8&#8243;][vc_column_text]<\/p>\n<p style=\"text-align: center;\">As novas tecnologias s\u00e3o uma ferramenta imprescind\u00edvel para expandir o conhecimento da pr\u00e1tica tradicional de If\u00e1 no mundo. Em Il\u00e9 Awo estamos comprometidos com o uso das novas tecnologias e dos aplicativos para facilitar o estudo de todos os seguidores da religi\u00e3o yoruba, difundindo\u00a0<a href=\"https:\/\/onelink.to\/ifapro\">informa\u00e7\u00e3o valiosa<\/a>\u00a0e contrastada atrav\u00e9s de nossas aplica\u00e7\u00f5es m\u00f3veis.<\/p>\n<p>[\/vc_column_text][\/vc_column][vc_column width=&#8221;1\/6&#8243; offset=&#8221;vc_hidden-sm vc_hidden-xs&#8221;][\/vc_column][\/vc_row][vc_row full_width=&#8221;stretch_row&#8221; css=&#8221;.vc_custom_1633443632664{padding-top: 40px !important;padding-bottom: 20px !important;background-color: #f6f6f6 !important;}&#8221;][vc_column][vc_masonry_grid post_type=&#8221;page&#8221; max_items=&#8221;-1&#8243; element_width=&#8221;6&#8243; order=&#8221;ASC&#8221; grid_id=&#8221;vc_gid:1674136202155-2a1e11cf-9a18-10&#8243; taxonomies=&#8221;2703&#8243;][\/vc_column][\/vc_row][vc_row full_width=&#8221;stretch_row&#8221; content_placement=&#8221;middle&#8221; bg_type=&#8221;bg_color&#8221; bg_override=&#8221;ex-full&#8221; bg_color_value=&#8221;#4e89d5&#8243; el_class=&#8221;banner&#8221; css=&#8221;.vc_custom_1590055114169{background-color: #4e89d5 !important;}&#8221;][vc_column width=&#8221;2\/3&#8243;][vc_column_text el_class=&#8221;banner-text&#8221;]Quer saber mais sobre Il\u00e9 Awo, If\u00e1 Tradicional, os Orixas e da religi\u00e3o Yoruba?[\/vc_column_text][\/vc_column][vc_column width=&#8221;1\/3&#8243;][vc_column_text css_animation=&#8221;bounceIn&#8221;]<\/p>\n<p style=\"text-align: center;\"><a class=\"custom-buttons-alternative\" href=\"https:\/\/ileawo.com\/pt-br\/contato\/\">Consulte-nos<\/a><\/p>\n<p>[\/vc_column_text][\/vc_column][\/vc_row]<\/p>\n<\/div>"},"excerpt":{"rendered":"<p>[vc_row css=&#8221;.vc_custom_1572174624836{margin-top: 60px !important;margin-bottom: 40px !important;}&#8221; el_class=&#8221;first-row&#8221;][vc_column width=&#8221;1\/6&#8243; offset=&#8221;vc_hidden-sm vc_hidden-xs&#8221;][\/vc_column][vc_column offset=&#8221;vc_col-md-8&#8243;][vc_column_text] As novas tecnologias s\u00e3o uma ferramenta imprescind\u00edvel para expandir o conhecimento da pr\u00e1tica tradicional de<span class=\"excerpt-hellip\"> [\u2026]<\/span><\/p>\n","protected":false},"author":1,"featured_media":919,"parent":0,"menu_order":0,"comment_status":"open","ping_status":"open","template":"","meta":{"footnotes":""},"categories":[],"class_list":["post-2372","page","type-page","status-publish","has-post-thumbnail","hentry"],"yoast_head":"<!-- This site is optimized with the Yoast SEO Premium plugin v25.2 (Yoast SEO v27.3) - https:\/\/yoast.com\/product\/yoast-seo-premium-wordpress\/ -->\n<title>Aplica\u00e7\u00f5es de If\u00e1: conhece as chaves do If\u00e1 Tradicional - Il\u00e9 Awo<\/title>\n<meta name=\"description\" content=\"As aplica\u00e7\u00f5es de If\u00e1 s\u00e3o uma das ferramentas chaves desenvolvidas por Il\u00e9 Awo para melhorar o conhecimento da pr\u00e1tica de If\u00e1 Tradicional\" \/>\n<meta name=\"robots\" content=\"index, follow, max-snippet:-1, max-image-preview:large, max-video-preview:-1\" \/>\n<link rel=\"canonical\" href=\"https:\/\/ileawo.com\/pt-br\/aplicacoes\/\" \/>\n<meta property=\"og:locale\" content=\"pt_BR\" \/>\n<meta property=\"og:type\" content=\"article\" \/>\n<meta property=\"og:title\" content=\"Aplica\u00e7\u00f5es de If\u00e1\" \/>\n<meta property=\"og:description\" content=\"As aplica\u00e7\u00f5es de If\u00e1 s\u00e3o uma das ferramentas chaves desenvolvidas por Il\u00e9 Awo para melhorar o conhecimento da pr\u00e1tica de If\u00e1 Tradicional\" \/>\n<meta property=\"og:url\" content=\"https:\/\/ileawo.com\/pt-br\/aplicacoes\/\" \/>\n<meta property=\"og:site_name\" content=\"Il\u00e9 Awo\" \/>\n<meta property=\"article:publisher\" content=\"https:\/\/www.facebook.com\/ifabiyii\" \/>\n<meta property=\"article:modified_time\" content=\"2023-01-19T13:50:26+00:00\" \/>\n<meta property=\"og:image\" content=\"http:\/\/ileawo.com\/wp-content\/uploads\/2020\/05\/aplicacoes-de-ifa.jpg\" \/>\n\t<meta property=\"og:image:width\" content=\"1200\" \/>\n\t<meta property=\"og:image:height\" content=\"633\" \/>\n\t<meta property=\"og:image:type\" content=\"image\/jpeg\" \/>\n<meta name=\"twitter:card\" content=\"summary_large_image\" \/>\n<meta name=\"twitter:site\" content=\"@ifabiyii\" \/>\n<!-- \/ Yoast SEO Premium plugin. -->","yoast_head_json":{"title":"Aplica\u00e7\u00f5es de If\u00e1: conhece as chaves do If\u00e1 Tradicional - Il\u00e9 Awo","description":"As aplica\u00e7\u00f5es de If\u00e1 s\u00e3o uma das ferramentas chaves desenvolvidas por Il\u00e9 Awo para melhorar o conhecimento da pr\u00e1tica de If\u00e1 Tradicional","robots":{"index":"index","follow":"follow","max-snippet":"max-snippet:-1","max-image-preview":"max-image-preview:large","max-video-preview":"max-video-preview:-1"},"canonical":"https:\/\/ileawo.com\/pt-br\/aplicacoes\/","og_locale":"pt_BR","og_type":"article","og_title":"Aplica\u00e7\u00f5es de If\u00e1","og_description":"As aplica\u00e7\u00f5es de If\u00e1 s\u00e3o uma das ferramentas chaves desenvolvidas por Il\u00e9 Awo para melhorar o conhecimento da pr\u00e1tica de If\u00e1 Tradicional","og_url":"https:\/\/ileawo.com\/pt-br\/aplicacoes\/","og_site_name":"Il\u00e9 Awo","article_publisher":"https:\/\/www.facebook.com\/ifabiyii","article_modified_time":"2023-01-19T13:50:26+00:00","og_image":[{"width":1200,"height":633,"url":"http:\/\/ileawo.com\/wp-content\/uploads\/2020\/05\/aplicacoes-de-ifa.jpg","type":"image\/jpeg"}],"twitter_card":"summary_large_image","twitter_site":"@ifabiyii","schema":{"@context":"https:\/\/schema.org","@graph":[{"@type":"Article","@id":"https:\/\/ileawo.com\/pt-br\/aplicacoes\/#article","isPartOf":{"@id":"https:\/\/ileawo.com\/pt-br\/aplicacoes\/"},"author":{"name":"If\u00e1b\u00edy\u00ec\u00ed Ak\u00f3d\u00e0","@id":"http:\/\/ileawo.com\/pt-br\/#\/schema\/person\/5b4d3af5a9aa8f02fe88dbeb048ef64a"},"headline":"Aplica\u00e7\u00f5es de If\u00e1","datePublished":"2019-10-26T22:00:00+00:00","dateModified":"2023-01-19T13:50:26+00:00","mainEntityOfPage":{"@id":"https:\/\/ileawo.com\/pt-br\/aplicacoes\/"},"wordCount":241,"commentCount":0,"publisher":{"@id":"http:\/\/ileawo.com\/pt-br\/#organization"},"image":{"@id":"https:\/\/ileawo.com\/pt-br\/aplicacoes\/#primaryimage"},"thumbnailUrl":"https:\/\/ileawo.com\/wp-content\/uploads\/2020\/05\/aplicacoes-de-ifa.jpg","inLanguage":"pt-BR","potentialAction":[{"@type":"CommentAction","name":"Comment","target":["https:\/\/ileawo.com\/pt-br\/aplicacoes\/#respond"]}]},{"@type":"WebPage","@id":"https:\/\/ileawo.com\/pt-br\/aplicacoes\/","url":"https:\/\/ileawo.com\/pt-br\/aplicacoes\/","name":"Aplica\u00e7\u00f5es de If\u00e1: conhece as chaves do If\u00e1 Tradicional - Il\u00e9 Awo","isPartOf":{"@id":"http:\/\/ileawo.com\/pt-br\/#website"},"primaryImageOfPage":{"@id":"https:\/\/ileawo.com\/pt-br\/aplicacoes\/#primaryimage"},"image":{"@id":"https:\/\/ileawo.com\/pt-br\/aplicacoes\/#primaryimage"},"thumbnailUrl":"https:\/\/ileawo.com\/wp-content\/uploads\/2020\/05\/aplicacoes-de-ifa.jpg","datePublished":"2019-10-26T22:00:00+00:00","dateModified":"2023-01-19T13:50:26+00:00","description":"As aplica\u00e7\u00f5es de If\u00e1 s\u00e3o uma das ferramentas chaves desenvolvidas por Il\u00e9 Awo para melhorar o conhecimento da pr\u00e1tica de If\u00e1 Tradicional","breadcrumb":{"@id":"https:\/\/ileawo.com\/pt-br\/aplicacoes\/#breadcrumb"},"inLanguage":"pt-BR","potentialAction":[{"@type":"ReadAction","target":["https:\/\/ileawo.com\/pt-br\/aplicacoes\/"]}]},{"@type":"ImageObject","inLanguage":"pt-BR","@id":"https:\/\/ileawo.com\/pt-br\/aplicacoes\/#primaryimage","url":"https:\/\/ileawo.com\/wp-content\/uploads\/2020\/05\/aplicacoes-de-ifa.jpg","contentUrl":"https:\/\/ileawo.com\/wp-content\/uploads\/2020\/05\/aplicacoes-de-ifa.jpg","width":1200,"height":633,"caption":"Aplica\u00e7\u00f5es de If\u00e1"},{"@type":"BreadcrumbList","@id":"https:\/\/ileawo.com\/pt-br\/aplicacoes\/#breadcrumb","itemListElement":[{"@type":"ListItem","position":1,"name":"Home","item":"http:\/\/ileawo.com\/pt-br\/"},{"@type":"ListItem","position":2,"name":"Aplica\u00e7\u00f5es de If\u00e1"}]},{"@type":"WebSite","@id":"http:\/\/ileawo.com\/pt-br\/#website","url":"http:\/\/ileawo.com\/pt-br\/","name":"Il\u00e9 Awo","description":"","publisher":{"@id":"http:\/\/ileawo.com\/pt-br\/#organization"},"potentialAction":[{"@type":"SearchAction","target":{"@type":"EntryPoint","urlTemplate":"http:\/\/ileawo.com\/pt-br\/?s={search_term_string}"},"query-input":{"@type":"PropertyValueSpecification","valueRequired":true,"valueName":"search_term_string"}}],"inLanguage":"pt-BR"},{"@type":"Organization","@id":"http:\/\/ileawo.com\/pt-br\/#organization","name":"Il\u00e9 Awo","url":"http:\/\/ileawo.com\/pt-br\/","logo":{"@type":"ImageObject","inLanguage":"pt-BR","@id":"http:\/\/ileawo.com\/pt-br\/#\/schema\/logo\/image\/","url":"https:\/\/ileawo.com\/wp-content\/uploads\/revslider\/Bienvenido\/Logo-Ile-Awo-20201.png","contentUrl":"https:\/\/ileawo.com\/wp-content\/uploads\/revslider\/Bienvenido\/Logo-Ile-Awo-20201.png","width":500,"height":155,"caption":"Il\u00e9 Awo"},"image":{"@id":"http:\/\/ileawo.com\/pt-br\/#\/schema\/logo\/image\/"},"sameAs":["https:\/\/www.facebook.com\/ifabiyii","https:\/\/x.com\/ifabiyii","https:\/\/www.instagram.com\/ifabiyii_akoda\/"]},{"@type":"Person","@id":"http:\/\/ileawo.com\/pt-br\/#\/schema\/person\/5b4d3af5a9aa8f02fe88dbeb048ef64a","name":"If\u00e1b\u00edy\u00ec\u00ed Ak\u00f3d\u00e0","image":{"@type":"ImageObject","inLanguage":"pt-BR","@id":"https:\/\/secure.gravatar.com\/avatar\/07530fd5fec1f19247b6ca33a6f419284691fff29c8857d86ea771d943bdba08?s=96&d=mm&r=g","url":"https:\/\/secure.gravatar.com\/avatar\/07530fd5fec1f19247b6ca33a6f419284691fff29c8857d86ea771d943bdba08?s=96&d=mm&r=g","contentUrl":"https:\/\/secure.gravatar.com\/avatar\/07530fd5fec1f19247b6ca33a6f419284691fff29c8857d86ea771d943bdba08?s=96&d=mm&r=g","caption":"If\u00e1b\u00edy\u00ec\u00ed Ak\u00f3d\u00e0"},"sameAs":["https:\/\/ileawo.com\/"]}]}},"_links":{"self":[{"href":"https:\/\/ileawo.com\/pt-br\/wp-json\/wp\/v2\/pages\/2372","targetHints":{"allow":["GET"]}}],"collection":[{"href":"https:\/\/ileawo.com\/pt-br\/wp-json\/wp\/v2\/pages"}],"about":[{"href":"https:\/\/ileawo.com\/pt-br\/wp-json\/wp\/v2\/types\/page"}],"author":[{"embeddable":true,"href":"https:\/\/ileawo.com\/pt-br\/wp-json\/wp\/v2\/users\/1"}],"replies":[{"embeddable":true,"href":"https:\/\/ileawo.com\/pt-br\/wp-json\/wp\/v2\/comments?post=2372"}],"version-history":[{"count":0,"href":"https:\/\/ileawo.com\/pt-br\/wp-json\/wp\/v2\/pages\/2372\/revisions"}],"wp:featuredmedia":[{"embeddable":true,"href":"https:\/\/ileawo.com\/pt-br\/wp-json\/wp\/v2\/media\/919"}],"wp:attachment":[{"href":"https:\/\/ileawo.com\/pt-br\/wp-json\/wp\/v2\/media?parent=2372"}],"wp:term":[{"taxonomy":"category","embeddable":true,"href":"https:\/\/ileawo.com\/pt-br\/wp-json\/wp\/v2\/categories?post=2372"}],"curies":[{"name":"wp","href":"https:\/\/api.w.org\/{rel}","templated":true}]}}