{"id":2253,"date":"2019-10-28T00:00:00","date_gmt":"2019-10-27T23:00:00","guid":{"rendered":"https:\/\/ileawo.com\/oju-odu\/"},"modified":"2022-06-02T15:38:01","modified_gmt":"2022-06-02T13:38:01","slug":"oju-odu","status":"publish","type":"page","link":"https:\/\/ileawo.com\/pt-br\/aplicacoes\/oju-odu\/","title":{"rendered":"App Oj\u00fa Od\u00f9"},"content":{"rendered":"<div class=\"wpb-content-wrapper\"><p>[vc_row full_width=&#8221;stretch_row&#8221; content_placement=&#8221;middle&#8221; bg_type=&#8221;bg_color&#8221; el_class=&#8221;contact-row&#8221; bg_color_value=&#8221;#f6f6f6&#8243; css=&#8221;.vc_custom_1633371601533{padding-top: 40px !important;padding-bottom: 40px !important;background-color: #f6f6f6 !important;}&#8221;][vc_column offset=&#8221;vc_col-md-6&#8243;][vc_single_image image=&#8221;910&#8243; alignment=&#8221;center&#8221; onclick=&#8221;custom_link&#8221; img_link_target=&#8221;_blank&#8221; css=&#8221;.vc_custom_1589983184737{border-radius: 35px !important;}&#8221; link=&#8221;http:\/\/hyperurl.co\/mmd5nd&#8221;][vc_raw_html]JTNDZGl2JTIwc3R5bGUlM0QlMjJ0ZXh0LWFsaWduJTNBJTIwY2VudGVyJTNCJTIyJTNFJTBBJTIwJTIwJTIwJTIwJTNDcCUyMHN0eWxlJTNEJTIybWFyZ2luLWJvdHRvbSUzQSUyMDEwcHglM0Jmb250LXNpemUlM0ElMjAxNHB4JTNCJTIyJTNFRGlzcG9uJUMzJUFEdmVsJTIwcGFyYSUyMG0lQzMlQjN2aWxlcyUyMHklMjB0YWJsZXQlMjBlbSUzQSUzQyUyRnAlM0UlMEElMjAlMjAlMjAlMjAlM0NwJTNFJTBBJTIwJTIwJTIwJTIwJTIwJTIwJTIwJTIwJTNDaSUyMHN0eWxlJTNEJTIyY29sb3IlM0ElMjMwMDAwMDAlM0Jmb250LXNpemUlM0EyMHB4JTNCcGFkZGluZyUzQSUyMDAlMjAxMHB4JTNCJTIyJTIwY2xhc3MlM0QlMjJmYSUyMGZhLWFwcGxlJTIyJTNFJTNDJTJGaSUzRSUwQSUyMCUyMCUyMCUyMCUyMCUyMCUyMCUyMCUzQ2klMjBzdHlsZSUzRCUyMmNvbG9yJTNBJTIzYTRjYTM5JTNCZm9udC1zaXplJTNBMjBweCUzQnBhZGRpbmclM0ElMjAwJTIwMTBweCUzQiUyMiUyMGNsYXNzJTNEJTIyZmElMjBmYS1hbmRyb2lkJTIyJTNFJTNDJTJGaSUzRSUwQSUyMCUyMCUyMCUyMCUzQyUyRnAlM0UlMEElM0MlMkZkaXYlM0U=[\/vc_raw_html][vc_raw_html]JTNDZGl2JTIwc3R5bGUlM0QlMjJ0ZXh0LWFsaWduJTNBJTIwY2VudGVyJTNCbWFyZ2luLWJvdHRvbSUzQTI1cHglM0IlMjIlMjBpdGVtc2NvcGUlMjBpdGVtdHlwZSUzRCUyMmh0dHAlM0ElMkYlMkZzY2hlbWEub3JnJTJGTW9iaWxlQXBwbGljYXRpb24lMjIlM0UlMEElMjAlMjAlMjAlMjAlM0NtZXRhJTIwaXRlbXByb3AlM0QlMjJuYW1lJTIyJTIwY29udGVudCUzRCUyMk9qJUMzJUJBJTIwT2QlQzMlQjklMjIlM0UlMEElMjAlMjAlMjAlMjAlM0NtZXRhJTIwaXRlbXByb3AlM0QlMjJkZXNjcmlwdGlvbiUyMiUyMGNvbnRlbnQlM0QlMjJBdW1lbnRlJTIwc2V1cyUyMGNvbmhlY2ltZW50b3MlMjBzb2JyZSUyMGElMjBwciVDMyVBMXRpY2ElMjB0cmFkaWNpb25hbCUyMGRlJTIwSWYlQzMlQTElMjBjb20lMjBPaiVDMyVCQSUyME9kJUMzJUI5JTJDJTIwbyUyMHByaW1laXJvJTIwYXBsaWNhdGl2byUyMHBhcmElMjBkaXNwb3NpdGl2b3MlMjBtJUMzJUIzdmVpcyUyMGNvbSUyMG9zJTIwMTYlMjBwcmluY2lwYWlzJTIwdmVyc29zJTIwZGUlMjBJZiVDMyVBMS4lMjIlM0UlMEElMjAlMjAlMjAlMjAlM0NtZXRhJTIwaXRlbXByb3AlM0QlMjJvcGVyYXRpbmdTeXN0ZW0lMjIlMjBjb250ZW50JTNEJTIyQW5kcm9pZCUyQyUyMGlPUyUyMiUzRSUwQSUyMCUyMCUyMCUyMCUzQ21ldGElMjBpdGVtcHJvcCUzRCUyMmFwcGxpY2F0aW9uQ2F0ZWdvcnklMjIlMjBjb250ZW50JTNEJTIyRWR1Y2F0aW9uJTIyJTNFJTBBJTIwJTIwJTIwJTIwJTNDbWV0YSUyMGl0ZW1wcm9wJTNEJTIyaW1hZ2UlMjIlMjBjb250ZW50JTNEJTIyaHR0cHMlM0ElMkYlMkZpbGVhd28uY29tJTJGd3AtY29udGVudCUyRnVwbG9hZHMlMkYyMDE5JTJGMDIlMkZMb2dvLU9qdS1PZHUtY3VhZHJhZG8uanBnJTIyJTNFJTBBJTIwJTIwJTIwJTIwJTNDbWV0YSUyMGl0ZW1wcm9wJTNEJTIyZG93bmxvYWRVcmwlMjIlMjBjb250ZW50JTNEJTIyaHR0cHMlM0ElMkYlMkZvbmVsaW5rLnRvJTJGb2p1b2R1JTIyJTNFJTBBJTIwJTIwJTIwJTIwJTIwJTIwJTIwJTIwJTNDZGl2JTIwaXRlbXByb3AlM0QlMjJvZmZlcnMlMjIlMjBpdGVtc2NvcGUlMjBpdGVtdHlwZSUzRCUyMmh0dHAlM0ElMkYlMkZzY2hlbWEub3JnJTJGT2ZmZXIlMjIlM0UlMEElMjAlMjAlMjAlMjAlMjAlMjAlMjAlMjAlMjAlMjAlMjAlMjAlM0NtZXRhJTIwaXRlbXByb3AlM0QlMjJwcmljZSUyMiUyMGNvbnRlbnQlM0QlMjI2OS45OSUyMiUzRSUwQSUyMCUyMCUyMCUyMCUyMCUyMCUyMCUyMCUyMCUyMCUyMCUyMCUzQ21ldGElMjBpdGVtcHJvcCUzRCUyMnByaWNlQ3VycmVuY3klMjIlMjBjb250ZW50JTNEJTIyRVVSJTIyJTNFJTIwJTIwJTIwJTIwJTIwJTIwJTIwJTIwJTIwJTIwJTIwJTIwJTIwJTIwJTBBJTIwJTIwJTIwJTIwJTIwJTIwJTIwJTIwJTIwJTIwJTIwJTIwJTNDbGluayUyMGl0ZW1wcm9wJTNEJTIyYXZhaWxhYmlsaXR5JTIyJTIwaHJlZiUzRCUyMmh0dHAlM0ElMkYlMkZzY2hlbWEub3JnJTJGaW5TdG9jayUyMiUyMCUyRiUzRSUwQSUyMCUyMCUyMCUyMCUyMCUyMCUyMCUyMCUzQyUyRmRpdiUzRSUwQSUyMCUyMCUyMCUyMCUyMCUyMCUyMCUyMCUyMCUyMCUyMCUyMCUzQ2RpdiUyMGl0ZW1wcm9wJTNEJTIyYWdncmVnYXRlUmF0aW5nJTIyJTIwaXRlbXNjb3BlJTNEJTIyJTIyJTIwaXRlbXR5cGUlM0QlMjJodHRwJTNBJTJGJTJGc2NoZW1hLm9yZyUyRkFnZ3JlZ2F0ZVJhdGluZyUyMiUyMCUzRSUwQSUyMCUyMCUyMCUyMCUyMCUyMCUyMCUyMCUyMCUyMCUyMCUyMCUyMCUyMCUyMCUyMCUzQ21ldGElMjBpdGVtcHJvcCUzRCUyMnJhdGluZ1ZhbHVlJTIyJTIwY29udGVudCUzRCUyMjUlMjIlM0UlMEElMjAlMjAlMjAlMjAlMjAlMjAlMjAlMjAlMjAlMjAlMjAlMjAlMjAlMjAlMjAlMjAlM0NtZXRhJTIwaXRlbXByb3AlM0QlMjJyYXRpbmdDb3VudCUyMiUyMGNvbnRlbnQlM0QlMjIzJTIyJTNFJTBBJTIwJTIwJTIwJTIwJTIwJTIwJTIwJTIwJTIwJTIwJTIwJTIwJTIwJTIwJTIwJTIwJTNDZGl2JTIwY2xhc3MlM0QlMjJjdXN0b20tc3RhcnQlMjIlM0UlMEElMjAlMjAlMjAlMjAlMjAlMjAlMjAlMjAlMjAlMjAlMjAlMjAlMjAlMjAlMjAlMjAlMjAlMjAlMjAlMjAlM0NpJTIwY2xhc3MlM0QlMjJmYSUyMGZhLXN0YXIlMjIlMjBzdHlsZSUzRCUyMmNvbG9yJTNBJTIzRkZENzAwJTNCZm9udC1zaXplJTNBMjBweCUzQiUyMiUzRSUzQyUyRmklM0UlMEElMjAlMjAlMjAlMjAlMjAlMjAlMjAlMjAlMjAlMjAlMjAlMjAlMjAlMjAlMjAlMjAlMjAlMjAlMjAlMjAlM0NpJTIwY2xhc3MlM0QlMjJmYSUyMGZhLXN0YXIlMjIlMjBzdHlsZSUzRCUyMmNvbG9yJTNBJTIzRkZENzAwJTNCZm9udC1zaXplJTNBMjBweCUzQiUyMiUzRSUzQyUyRmklM0UlMEElMjAlMjAlMjAlMjAlMjAlMjAlMjAlMjAlMjAlMjAlMjAlMjAlMjAlMjAlMjAlMjAlMjAlMjAlMjAlMjAlM0NpJTIwY2xhc3MlM0QlMjJmYSUyMGZhLXN0YXIlMjIlMjBzdHlsZSUzRCUyMmNvbG9yJTNBJTIzRkZENzAwJTNCZm9udC1zaXplJTNBMjBweCUzQiUyMiUzRSUzQyUyRmklM0UlMEElMjAlMjAlMjAlMjAlMjAlMjAlMjAlMjAlMjAlMjAlMjAlMjAlMjAlMjAlMjAlMjAlMjAlMjAlMjAlMjAlM0NpJTIwY2xhc3MlM0QlMjJmYSUyMGZhLXN0YXIlMjIlMjBzdHlsZSUzRCUyMmNvbG9yJTNBJTIzRkZENzAwJTNCZm9udC1zaXplJTNBMjBweCUzQiUyMiUzRSUzQyUyRmklM0UlMEElMjAlMjAlMjAlMjAlMjAlMjAlMjAlMjAlMjAlMjAlMjAlMjAlMjAlMjAlMjAlMjAlMjAlMjAlMjAlMjAlM0NpJTIwY2xhc3MlM0QlMjJmYSUyMGZhLXN0YXIlMjIlMjBzdHlsZSUzRCUyMmNvbG9yJTNBJTIzRkZENzAwJTNCZm9udC1zaXplJTNBMjBweCUzQiUyMiUzRSUzQyUyRmklM0UlMEElMjAlMjAlMjAlMjAlMjAlMjAlMjAlMjAlMjAlMjAlMjAlMjAlMjAlMjAlMjAlMjAlMjAlMjAlMjAlMjAlM0NwJTIwc3R5bGUlM0QlMjJmb250LXNpemUlM0ExNHB4JTIyJTNFUmVzZW5oYSUyMGRlJTIwJTNDc3Ryb25nJTNFNSUzQyUyRnN0cm9uZyUzRSUyMGVtJTIwdW0lMjB0b3RhbCUyMGRlJTIwJTNDc3Ryb25nJTNFMyUzQyUyRnN0cm9uZyUzRSUyMFJlc2VuaGElMjBlbSUyNm5ic3AlM0IlMjZuYnNwJTNCJTNDaSUyMGNsYXNzJTNEJTIyZmElMjBmYS1hcHBsZSUyMiUyMHN0eWxlJTNEJTIyY29sb3IlM0ElMjMwMDAwMDAlM0Jmb250LXNpemUlM0EyMHB4JTNCbWFyZ2luLXJpZ2h0JTNBMHB4JTNCJTIyJTNFJTNDJTJGaSUzRSUyNm5ic3AlM0IlMjZuYnNwJTNCQXBwbGUlMjZuYnNwJTNCU3RvcmUlM0MlMkZwJTNFJTBBJTIwJTIwJTIwJTIwJTIwJTIwJTIwJTIwJTIwJTIwJTIwJTIwJTIwJTIwJTIwJTIwJTNDJTJGZGl2JTNFJTIwJTIwJTIwJTIwJTBBJTIwJTIwJTIwJTIwJTIwJTIwJTIwJTIwJTIwJTIwJTIwJTIwJTNDJTJGZGl2JTNFJTBBJTNDJTJGZGl2JTNF[\/vc_raw_html][vc_column_text css_animation=&#8221;bounceIn&#8221;]<\/p>\n<p style=\"text-align: center;\"><a class=\"custom-buttons\" href=\"https:\/\/onelink.to\/ojuodu\">Baixar<\/a><\/p>\n<p>[\/vc_column_text][\/vc_column][vc_column offset=&#8221;vc_col-md-6&#8243;][vc_column_text]Na pr\u00e1tica tradicional da religi\u00e3o yoruba, um awo deve conhecer pelo menos cinco versos de cada signo de If\u00e1. Os iniciados e seguidores de If\u00e1 podem adquirir esse n\u00edvel de conhecimento com Oj\u00fa Od\u00f9, o primeiro aplicativo que oferece versos dos 16 principais odus de If\u00e1, com a correta escrita em yoruba, a tradu\u00e7\u00e3o em espanhol e os \u00e1udios recitados por um aut\u00eantico babalawo yoruba.<\/p>\n<p>As informa\u00e7\u00f5es que voc\u00ea encontrar\u00e1 em Oj\u00fa Od\u00f9 s\u00e3o o resultado de anos de aprendizado com um awo tradicional reconhecido, e a veracidade de cada um dos versos foi completamente verificada. Al\u00e9m disso, \u00e1udios exclusivos ajudar\u00e3o a corrigir a pron\u00fancia correta do yoruba e reduzir\u00e3o o tempo necess\u00e1rio para memorizar todas essas informa\u00e7\u00f5es de if\u00e1 dispon\u00edveis no aplicativo.<\/p>\n<p>Com Oj\u00fa Od\u00f9, pela primeira vez, voc\u00ea tamb\u00e9m pode avaliar seu conhecimento sobre If\u00e1 gra\u00e7as aos nossos testes sobre pr\u00e1tica tradicional[\/vc_column_text][\/vc_column][\/vc_row][vc_row full_width=&#8221;stretch_row&#8221; gap=&#8221;20&#8243; css=&#8221;.vc_custom_1633371617874{padding-top: 30px !important;padding-bottom: 30px !important;}&#8221;][vc_column offset=&#8221;vc_col-md-6&#8243; css=&#8221;.vc_custom_1572275010086{padding-top: 0px !important;padding-bottom: 0px !important;}&#8221;][vc_column_text]<\/p>\n<h3>Im\u00e1genes de la app<\/h3>\n<p>[\/vc_column_text][vc_images_carousel images=&#8221;1221,1218,1212,1227,1224,1215&#8243; img_size=&#8221;medium&#8221; onclick=&#8221;link_no&#8221; slides_per_view=&#8221;3&#8243; css=&#8221;.vc_custom_1590054649162{margin-bottom: 0px !important;}&#8221;][\/vc_column][vc_column offset=&#8221;vc_col-md-6&#8243; css=&#8221;.vc_custom_1572274957308{padding-top: 0px !important;}&#8221;][vc_column_text css=&#8221;.vc_custom_1591181255458{margin-top: 0px !important;margin-bottom: 0px !important;}&#8221;]<\/p>\n<h2>Conte\u00fado de Oj\u00fa Od\u00f9<\/h2>\n<ul>\n<li>Cinco versos de If\u00e1 de cada um dos 16 Od\u00fas principais<\/li>\n<li>\u00c1udios Yorub\u00e1 de todos os versos<\/li>\n<li>Versos em Yoruba<\/li>\n<li>Dispon\u00edvel em iOS: espanhol<\/li>\n<li>Dispon\u00edvel em Android: espanhol<\/li>\n<li>Teste para verificar a aprendizagem de If\u00e1 para diferentes n\u00edveis de conhecimento<\/li>\n<li>Informa\u00e7\u00f5es atualizadas sobre o Oke Itase<\/li>\n<li>As \u00faltimas not\u00edcias da <a href=\"http:\/\/hyperurl.co\/ifa-pro-app\">pr\u00e1tica tradicional<\/a><\/li>\n<li>Calendario Yoruba<\/li>\n<li>Zona Privada Exclusiva agora \u201cZona VIP\u201d, onde se pode receber as informa\u00e7\u00f5es solicitadas anteriormente com If\u00e1b\u00edy\u00ec\u00ed Ak\u00f3d\u00e0, com a possibilidade de personalizar o perfil e fazer perguntas ou coment\u00e1rios.<\/li>\n<li>A Zona VIP agora tem a possibilidade de ter o \u00e1udio com a pron\u00fancia em Yor\u00f9b\u00e1 das informa\u00e7\u00f5es adquiridas com If\u00e1b\u00edy\u00ec\u00ed Ak\u00f3d\u00e0.<\/li>\n<li>Todo o conte\u00fado sem publicidade<\/li>\n<li>E muito mais&#8230;<\/li>\n<\/ul>\n<p>[\/vc_column_text][\/vc_column][\/vc_row][vc_row full_width=&#8221;stretch_row&#8221; css=&#8221;.vc_custom_1633443632664{padding-top: 40px !important;padding-bottom: 20px !important;background-color: #f6f6f6 !important;}&#8221;][vc_column][vc_column_text css=&#8221;.vc_custom_1633463471830{margin-bottom: 0px !important;}&#8221;]<\/p>\n<h2 style=\"text-align: center;\">Outras aplica\u00e7\u00f5es<\/h2>\n<p>[\/vc_column_text][\/vc_column][vc_column][vc_masonry_grid post_type=&#8221;page&#8221; max_items=&#8221;3&#8243; orderby=&#8221;rand&#8221; grid_id=&#8221;vc_gid:1654176976401-f9ca2be4-951a-0&#8243; taxonomies=&#8221;2703&#8243;][\/vc_column][\/vc_row][vc_row full_width=&#8221;stretch_row&#8221; content_placement=&#8221;middle&#8221; bg_type=&#8221;bg_color&#8221; bg_override=&#8221;ex-full&#8221; bg_color_value=&#8221;#4e89d5&#8243; el_class=&#8221;banner&#8221; css=&#8221;.vc_custom_1590054875877{background-color: #4e89d5 !important;}&#8221;][vc_column width=&#8221;2\/3&#8243;][vc_column_text el_class=&#8221;banner-text&#8221;]Quer saber mais sobre Il\u00e9 Awo, os Orixas e da religi\u00e3o Yoruba?[\/vc_column_text][\/vc_column][vc_column width=&#8221;1\/3&#8243;][vc_column_text css_animation=&#8221;bounceIn&#8221;]<\/p>\n<p style=\"text-align: center;\"><a class=\"custom-buttons-alternative\" href=\"https:\/\/ileawo.com\/pt-br\/contato\/\">Consulte-nos<\/a><\/p>\n<p>[\/vc_column_text][\/vc_column][\/vc_row]<\/p>\n<\/div>"},"excerpt":{"rendered":"<p>[vc_row full_width=&#8221;stretch_row&#8221; content_placement=&#8221;middle&#8221; bg_type=&#8221;bg_color&#8221; el_class=&#8221;contact-row&#8221; bg_color_value=&#8221;#f6f6f6&#8243; css=&#8221;.vc_custom_1633371601533{padding-top: 40px !important;padding-bottom: 40px !important;background-color: #f6f6f6 !important;}&#8221;][vc_column offset=&#8221;vc_col-md-6&#8243;][vc_single_image image=&#8221;910&#8243; alignment=&#8221;center&#8221; onclick=&#8221;custom_link&#8221; img_link_target=&#8221;_blank&#8221; css=&#8221;.vc_custom_1589983184737{border-radius: 35px !important;}&#8221; link=&#8221;http:\/\/hyperurl.co\/mmd5nd&#8221;][vc_raw_html]JTNDZGl2JTIwc3R5bGUlM0QlMjJ0ZXh0LWFsaWduJTNBJTIwY2VudGVyJTNCJTIyJTNFJTBBJTIwJTIwJTIwJTIwJTNDcCUyMHN0eWxlJTNEJTIybWFyZ2luLWJvdHRvbSUzQSUyMDEwcHglM0Jmb250LXNpemUlM0ElMjAxNHB4JTNCJTIyJTNFRGlzcG9uJUMzJUFEdmVsJTIwcGFyYSUyMG0lQzMlQjN2aWxlcyUyMHklMjB0YWJsZXQlMjBlbSUzQSUzQyUyRnAlM0UlMEElMjAlMjAlMjAlMjAlM0NwJTNFJTBBJTIwJTIwJTIwJTIwJTIwJTIwJTIwJTIwJTNDaSUyMHN0eWxlJTNEJTIyY29sb3IlM0ElMjMwMDAwMDAlM0Jmb250LXNpemUlM0EyMHB4JTNCcGFkZGluZyUzQSUyMDAlMjAxMHB4JTNCJTIyJTIwY2xhc3MlM0QlMjJmYSUyMGZhLWFwcGxlJTIyJTNFJTNDJTJGaSUzRSUwQSUyMCUyMCUyMCUyMCUyMCUyMCUyMCUyMCUzQ2klMjBzdHlsZSUzRCUyMmNvbG9yJTNBJTIzYTRjYTM5JTNCZm9udC1zaXplJTNBMjBweCUzQnBhZGRpbmclM0ElMjAwJTIwMTBweCUzQiUyMiUyMGNsYXNzJTNEJTIyZmElMjBmYS1hbmRyb2lkJTIyJTNFJTNDJTJGaSUzRSUwQSUyMCUyMCUyMCUyMCUzQyUyRnAlM0UlMEElM0MlMkZkaXYlM0U=[\/vc_raw_html][vc_raw_html]JTNDZGl2JTIwc3R5bGUlM0QlMjJ0ZXh0LWFsaWduJTNBJTIwY2VudGVyJTNCbWFyZ2luLWJvdHRvbSUzQTI1cHglM0IlMjIlMjBpdGVtc2NvcGUlMjBpdGVtdHlwZSUzRCUyMmh0dHAlM0ElMkYlMkZzY2hlbWEub3JnJTJGTW9iaWxlQXBwbGljYXRpb24lMjIlM0UlMEElMjAlMjAlMjAlMjAlM0NtZXRhJTIwaXRlbXByb3AlM0QlMjJuYW1lJTIyJTIwY29udGVudCUzRCUyMk9qJUMzJUJBJTIwT2QlQzMlQjklMjIlM0UlMEElMjAlMjAlMjAlMjAlM0NtZXRhJTIwaXRlbXByb3AlM0QlMjJkZXNjcmlwdGlvbiUyMiUyMGNvbnRlbnQlM0QlMjJBdW1lbnRlJTIwc2V1cyUyMGNvbmhlY2ltZW50b3MlMjBzb2JyZSUyMGElMjBwciVDMyVBMXRpY2ElMjB0cmFkaWNpb25hbCUyMGRlJTIwSWYlQzMlQTElMjBjb20lMjBPaiVDMyVCQSUyME9kJUMzJUI5JTJDJTIwbyUyMHByaW1laXJvJTIwYXBsaWNhdGl2byUyMHBhcmElMjBkaXNwb3NpdGl2b3MlMjBtJUMzJUIzdmVpcyUyMGNvbSUyMG9zJTIwMTYlMjBwcmluY2lwYWlzJTIwdmVyc29zJTIwZGUlMjBJZiVDMyVBMS4lMjIlM0UlMEElMjAlMjAlMjAlMjAlM0NtZXRhJTIwaXRlbXByb3AlM0QlMjJvcGVyYXRpbmdTeXN0ZW0lMjIlMjBjb250ZW50JTNEJTIyQW5kcm9pZCUyQyUyMGlPUyUyMiUzRSUwQSUyMCUyMCUyMCUyMCUzQ21ldGElMjBpdGVtcHJvcCUzRCUyMmFwcGxpY2F0aW9uQ2F0ZWdvcnklMjIlMjBjb250ZW50JTNEJTIyRWR1Y2F0aW9uJTIyJTNFJTBBJTIwJTIwJTIwJTIwJTNDbWV0YSUyMGl0ZW1wcm9wJTNEJTIyaW1hZ2UlMjIlMjBjb250ZW50JTNEJTIyaHR0cHMlM0ElMkYlMkZpbGVhd28uY29tJTJGd3AtY29udGVudCUyRnVwbG9hZHMlMkYyMDE5JTJGMDIlMkZMb2dvLU9qdS1PZHUtY3VhZHJhZG8uanBnJTIyJTNFJTBBJTIwJTIwJTIwJTIwJTNDbWV0YSUyMGl0ZW1wcm9wJTNEJTIyZG93bmxvYWRVcmwlMjIlMjBjb250ZW50JTNEJTIyaHR0cHMlM0ElMkYlMkZvbmVsaW5rLnRvJTJGb2p1b2R1JTIyJTNFJTBBJTIwJTIwJTIwJTIwJTIwJTIwJTIwJTIwJTNDZGl2JTIwaXRlbXByb3AlM0QlMjJvZmZlcnMlMjIlMjBpdGVtc2NvcGUlMjBpdGVtdHlwZSUzRCUyMmh0dHAlM0ElMkYlMkZzY2hlbWEub3JnJTJGT2ZmZXIlMjIlM0UlMEElMjAlMjAlMjAlMjAlMjAlMjAlMjAlMjAlMjAlMjAlMjAlMjAlM0NtZXRhJTIwaXRlbXByb3AlM0QlMjJwcmljZSUyMiUyMGNvbnRlbnQlM0QlMjI2OS45OSUyMiUzRSUwQSUyMCUyMCUyMCUyMCUyMCUyMCUyMCUyMCUyMCUyMCUyMCUyMCUzQ21ldGElMjBpdGVtcHJvcCUzRCUyMnByaWNlQ3VycmVuY3klMjIlMjBjb250ZW50JTNEJTIyRVVSJTIyJTNFJTIwJTIwJTIwJTIwJTIwJTIwJTIwJTIwJTIwJTIwJTIwJTIwJTIwJTIwJTBBJTIwJTIwJTIwJTIwJTIwJTIwJTIwJTIwJTIwJTIwJTIwJTIwJTNDbGluayUyMGl0ZW1wcm9wJTNEJTIyYXZhaWxhYmlsaXR5JTIyJTIwaHJlZiUzRCUyMmh0dHAlM0ElMkYlMkZzY2hlbWEub3JnJTJGaW5TdG9jayUyMiUyMCUyRiUzRSUwQSUyMCUyMCUyMCUyMCUyMCUyMCUyMCUyMCUzQyUyRmRpdiUzRSUwQSUyMCUyMCUyMCUyMCUyMCUyMCUyMCUyMCUyMCUyMCUyMCUyMCUzQ2RpdiUyMGl0ZW1wcm9wJTNEJTIyYWdncmVnYXRlUmF0aW5nJTIyJTIwaXRlbXNjb3BlJTNEJTIyJTIyJTIwaXRlbXR5cGUlM0QlMjJodHRwJTNBJTJGJTJGc2NoZW1hLm9yZyUyRkFnZ3JlZ2F0ZVJhdGluZyUyMiUyMCUzRSUwQSUyMCUyMCUyMCUyMCUyMCUyMCUyMCUyMCUyMCUyMCUyMCUyMCUyMCUyMCUyMCUyMCUzQ21ldGElMjBpdGVtcHJvcCUzRCUyMnJhdGluZ1ZhbHVlJTIyJTIwY29udGVudCUzRCUyMjUlMjIlM0UlMEElMjAlMjAlMjAlMjAlMjAlMjAlMjAlMjAlMjAlMjAlMjAlMjAlMjAlMjAlMjAlMjAlM0NtZXRhJTIwaXRlbXByb3AlM0QlMjJyYXRpbmdDb3VudCUyMiUyMGNvbnRlbnQlM0QlMjIzJTIyJTNFJTBBJTIwJTIwJTIwJTIwJTIwJTIwJTIwJTIwJTIwJTIwJTIwJTIwJTIwJTIwJTIwJTIwJTNDZGl2JTIwY2xhc3MlM0QlMjJjdXN0b20tc3RhcnQlMjIlM0UlMEElMjAlMjAlMjAlMjAlMjAlMjAlMjAlMjAlMjAlMjAlMjAlMjAlMjAlMjAlMjAlMjAlMjAlMjAlMjAlMjAlM0NpJTIwY2xhc3MlM0QlMjJmYSUyMGZhLXN0YXIlMjIlMjBzdHlsZSUzRCUyMmNvbG9yJTNBJTIzRkZENzAwJTNCZm9udC1zaXplJTNBMjBweCUzQiUyMiUzRSUzQyUyRmklM0UlMEElMjAlMjAlMjAlMjAlMjAlMjAlMjAlMjAlMjAlMjAlMjAlMjAlMjAlMjAlMjAlMjAlMjAlMjAlMjAlMjAlM0NpJTIwY2xhc3MlM0QlMjJmYSUyMGZhLXN0YXIlMjIlMjBzdHlsZSUzRCUyMmNvbG9yJTNBJTIzRkZENzAwJTNCZm9udC1zaXplJTNBMjBweCUzQiUyMiUzRSUzQyUyRmklM0UlMEElMjAlMjAlMjAlMjAlMjAlMjAlMjAlMjAlMjAlMjAlMjAlMjAlMjAlMjAlMjAlMjAlMjAlMjAlMjAlMjAlM0NpJTIwY2xhc3MlM0QlMjJmYSUyMGZhLXN0YXIlMjIlMjBzdHlsZSUzRCUyMmNvbG9yJTNBJTIzRkZENzAwJTNCZm9udC1zaXplJTNBMjBweCUzQiUyMiUzRSUzQyUyRmklM0UlMEElMjAlMjAlMjAlMjAlMjAlMjAlMjAlMjAlMjAlMjAlMjAlMjAlMjAlMjAlMjAlMjAlMjAlMjAlMjAlMjAlM0NpJTIwY2xhc3MlM0QlMjJmYSUyMGZhLXN0YXIlMjIlMjBzdHlsZSUzRCUyMmNvbG9yJTNBJTIzRkZENzAwJTNCZm9udC1zaXplJTNBMjBweCUzQiUyMiUzRSUzQyUyRmklM0UlMEElMjAlMjAlMjAlMjAlMjAlMjAlMjAlMjAlMjAlMjAlMjAlMjAlMjAlMjAlMjAlMjAlMjAlMjAlMjAlMjAlM0NpJTIwY2xhc3MlM0QlMjJmYSUyMGZhLXN0YXIlMjIlMjBzdHlsZSUzRCUyMmNvbG9yJTNBJTIzRkZENzAwJTNCZm9udC1zaXplJTNBMjBweCUzQiUyMiUzRSUzQyUyRmklM0UlMEElMjAlMjAlMjAlMjAlMjAlMjAlMjAlMjAlMjAlMjAlMjAlMjAlMjAlMjAlMjAlMjAlMjAlMjAlMjAlMjAlM0NwJTIwc3R5bGUlM0QlMjJmb250LXNpemUlM0ExNHB4JTIyJTNFUmVzZW5oYSUyMGRlJTIwJTNDc3Ryb25nJTNFNSUzQyUyRnN0cm9uZyUzRSUyMGVtJTIwdW0lMjB0b3RhbCUyMGRlJTIwJTNDc3Ryb25nJTNFMyUzQyUyRnN0cm9uZyUzRSUyMFJlc2VuaGElMjBlbSUyNm5ic3AlM0IlMjZuYnNwJTNCJTNDaSUyMGNsYXNzJTNEJTIyZmElMjBmYS1hcHBsZSUyMiUyMHN0eWxlJTNEJTIyY29sb3IlM0ElMjMwMDAwMDAlM0Jmb250LXNpemUlM0EyMHB4JTNCbWFyZ2luLXJpZ2h0JTNBMHB4JTNCJTIyJTNFJTNDJTJGaSUzRSUyNm5ic3AlM0IlMjZuYnNwJTNCQXBwbGUlMjZuYnNwJTNCU3RvcmUlM0MlMkZwJTNFJTBBJTIwJTIwJTIwJTIwJTIwJTIwJTIwJTIwJTIwJTIwJTIwJTIwJTIwJTIwJTIwJTIwJTNDJTJGZGl2JTNFJTIwJTIwJTIwJTIwJTBBJTIwJTIwJTIwJTIwJTIwJTIwJTIwJTIwJTIwJTIwJTIwJTIwJTNDJTJGZGl2JTNFJTBBJTNDJTJGZGl2JTNF[\/vc_raw_html][vc_column_text css_animation=&#8221;bounceIn&#8221;] Baixar [\/vc_column_text][\/vc_column][vc_column offset=&#8221;vc_col-md-6&#8243;][vc_column_text]Na<span class=\"excerpt-hellip\"> [\u2026]<\/span><\/p>\n","protected":false},"author":1,"featured_media":910,"parent":2372,"menu_order":0,"comment_status":"open","ping_status":"closed","template":"","meta":{"footnotes":""},"categories":[2703],"class_list":["post-2253","page","type-page","status-publish","has-post-thumbnail","hentry","category-app-pt-br"],"yoast_head":"<!-- This site is optimized with the Yoast SEO Premium plugin v25.2 (Yoast SEO v27.4) - https:\/\/yoast.com\/product\/yoast-seo-premium-wordpress\/ -->\n<title>Oj\u00fa Od\u00f9, o app que cont\u00e9m os 16 principais Odu de If\u00e1 - Il\u00e9 Awo<\/title>\n<meta name=\"description\" content=\"Oj\u00fa Od\u00f9 \u00e9 o primeiro aplicativo com versos em yoruba e espanhol dos 16 principais Odu de if\u00e1, com \u00e1udios em aut\u00eantico yoruba. Baixe agora!\" \/>\n<meta name=\"robots\" content=\"index, follow, max-snippet:-1, max-image-preview:large, max-video-preview:-1\" \/>\n<link rel=\"canonical\" href=\"https:\/\/ileawo.com\/pt-br\/aplicacoes\/oju-odu\/\" \/>\n<meta property=\"og:locale\" content=\"pt_BR\" \/>\n<meta property=\"og:type\" content=\"article\" \/>\n<meta property=\"og:title\" content=\"App Oj\u00fa Od\u00f9\" \/>\n<meta property=\"og:description\" content=\"Oj\u00fa Od\u00f9 \u00e9 o primeiro aplicativo com versos em yoruba e espanhol dos 16 principais Odu de if\u00e1, com \u00e1udios em aut\u00eantico yoruba. Baixe agora!\" \/>\n<meta property=\"og:url\" content=\"https:\/\/ileawo.com\/pt-br\/aplicacoes\/oju-odu\/\" \/>\n<meta property=\"og:site_name\" content=\"Il\u00e9 Awo\" \/>\n<meta property=\"article:publisher\" content=\"https:\/\/www.facebook.com\/ifabiyii\" \/>\n<meta property=\"article:modified_time\" content=\"2022-06-02T13:38:01+00:00\" \/>\n<meta property=\"og:image\" content=\"http:\/\/ileawo.com\/wp-content\/uploads\/2020\/05\/Logo-Oju-Odu-512.png\" \/>\n\t<meta property=\"og:image:width\" content=\"512\" \/>\n\t<meta property=\"og:image:height\" content=\"512\" \/>\n\t<meta property=\"og:image:type\" content=\"image\/png\" \/>\n<meta name=\"twitter:card\" content=\"summary_large_image\" \/>\n<meta name=\"twitter:site\" content=\"@ifabiyii\" \/>\n<!-- \/ Yoast SEO Premium plugin. -->","yoast_head_json":{"title":"Oj\u00fa Od\u00f9, o app que cont\u00e9m os 16 principais Odu de If\u00e1 - Il\u00e9 Awo","description":"Oj\u00fa Od\u00f9 \u00e9 o primeiro aplicativo com versos em yoruba e espanhol dos 16 principais Odu de if\u00e1, com \u00e1udios em aut\u00eantico yoruba. Baixe agora!","robots":{"index":"index","follow":"follow","max-snippet":"max-snippet:-1","max-image-preview":"max-image-preview:large","max-video-preview":"max-video-preview:-1"},"canonical":"https:\/\/ileawo.com\/pt-br\/aplicacoes\/oju-odu\/","og_locale":"pt_BR","og_type":"article","og_title":"App Oj\u00fa Od\u00f9","og_description":"Oj\u00fa Od\u00f9 \u00e9 o primeiro aplicativo com versos em yoruba e espanhol dos 16 principais Odu de if\u00e1, com \u00e1udios em aut\u00eantico yoruba. Baixe agora!","og_url":"https:\/\/ileawo.com\/pt-br\/aplicacoes\/oju-odu\/","og_site_name":"Il\u00e9 Awo","article_publisher":"https:\/\/www.facebook.com\/ifabiyii","article_modified_time":"2022-06-02T13:38:01+00:00","og_image":[{"width":512,"height":512,"url":"http:\/\/ileawo.com\/wp-content\/uploads\/2020\/05\/Logo-Oju-Odu-512.png","type":"image\/png"}],"twitter_card":"summary_large_image","twitter_site":"@ifabiyii","schema":{"@context":"https:\/\/schema.org","@graph":[{"@type":"Article","@id":"https:\/\/ileawo.com\/pt-br\/aplicacoes\/oju-odu\/#article","isPartOf":{"@id":"https:\/\/ileawo.com\/pt-br\/aplicacoes\/oju-odu\/"},"author":{"name":"If\u00e1b\u00edy\u00ec\u00ed Ak\u00f3d\u00e0","@id":"http:\/\/ileawo.com\/pt-br\/#\/schema\/person\/5b4d3af5a9aa8f02fe88dbeb048ef64a"},"headline":"App Oj\u00fa Od\u00f9","datePublished":"2019-10-27T23:00:00+00:00","dateModified":"2022-06-02T13:38:01+00:00","mainEntityOfPage":{"@id":"https:\/\/ileawo.com\/pt-br\/aplicacoes\/oju-odu\/"},"wordCount":941,"commentCount":0,"publisher":{"@id":"http:\/\/ileawo.com\/pt-br\/#organization"},"image":{"@id":"https:\/\/ileawo.com\/pt-br\/aplicacoes\/oju-odu\/#primaryimage"},"thumbnailUrl":"https:\/\/ileawo.com\/wp-content\/uploads\/2020\/05\/Logo-Oju-Odu-512.png","articleSection":["App"],"inLanguage":"pt-BR","potentialAction":[{"@type":"CommentAction","name":"Comment","target":["https:\/\/ileawo.com\/pt-br\/aplicacoes\/oju-odu\/#respond"]}]},{"@type":"WebPage","@id":"https:\/\/ileawo.com\/pt-br\/aplicacoes\/oju-odu\/","url":"https:\/\/ileawo.com\/pt-br\/aplicacoes\/oju-odu\/","name":"Oj\u00fa Od\u00f9, o app que cont\u00e9m os 16 principais Odu de If\u00e1 - Il\u00e9 Awo","isPartOf":{"@id":"http:\/\/ileawo.com\/pt-br\/#website"},"primaryImageOfPage":{"@id":"https:\/\/ileawo.com\/pt-br\/aplicacoes\/oju-odu\/#primaryimage"},"image":{"@id":"https:\/\/ileawo.com\/pt-br\/aplicacoes\/oju-odu\/#primaryimage"},"thumbnailUrl":"https:\/\/ileawo.com\/wp-content\/uploads\/2020\/05\/Logo-Oju-Odu-512.png","datePublished":"2019-10-27T23:00:00+00:00","dateModified":"2022-06-02T13:38:01+00:00","description":"Oj\u00fa Od\u00f9 \u00e9 o primeiro aplicativo com versos em yoruba e espanhol dos 16 principais Odu de if\u00e1, com \u00e1udios em aut\u00eantico yoruba. Baixe agora!","breadcrumb":{"@id":"https:\/\/ileawo.com\/pt-br\/aplicacoes\/oju-odu\/#breadcrumb"},"inLanguage":"pt-BR","potentialAction":[{"@type":"ReadAction","target":["https:\/\/ileawo.com\/pt-br\/aplicacoes\/oju-odu\/"]}]},{"@type":"ImageObject","inLanguage":"pt-BR","@id":"https:\/\/ileawo.com\/pt-br\/aplicacoes\/oju-odu\/#primaryimage","url":"https:\/\/ileawo.com\/wp-content\/uploads\/2020\/05\/Logo-Oju-Odu-512.png","contentUrl":"https:\/\/ileawo.com\/wp-content\/uploads\/2020\/05\/Logo-Oju-Odu-512.png","width":512,"height":512,"caption":"App Oju Odu"},{"@type":"BreadcrumbList","@id":"https:\/\/ileawo.com\/pt-br\/aplicacoes\/oju-odu\/#breadcrumb","itemListElement":[{"@type":"ListItem","position":1,"name":"Home","item":"http:\/\/ileawo.com\/pt-br\/"},{"@type":"ListItem","position":2,"name":"Aplica\u00e7\u00f5es de If\u00e1","item":"http:\/\/ileawo.com\/pt-br\/aplicacoes\/"},{"@type":"ListItem","position":3,"name":"App Oj\u00fa Od\u00f9"}]},{"@type":"WebSite","@id":"http:\/\/ileawo.com\/pt-br\/#website","url":"http:\/\/ileawo.com\/pt-br\/","name":"Il\u00e9 Awo","description":"","publisher":{"@id":"http:\/\/ileawo.com\/pt-br\/#organization"},"potentialAction":[{"@type":"SearchAction","target":{"@type":"EntryPoint","urlTemplate":"http:\/\/ileawo.com\/pt-br\/?s={search_term_string}"},"query-input":{"@type":"PropertyValueSpecification","valueRequired":true,"valueName":"search_term_string"}}],"inLanguage":"pt-BR"},{"@type":"Organization","@id":"http:\/\/ileawo.com\/pt-br\/#organization","name":"Il\u00e9 Awo","url":"http:\/\/ileawo.com\/pt-br\/","logo":{"@type":"ImageObject","inLanguage":"pt-BR","@id":"http:\/\/ileawo.com\/pt-br\/#\/schema\/logo\/image\/","url":"https:\/\/ileawo.com\/wp-content\/uploads\/revslider\/Bienvenido\/Logo-Ile-Awo-20201.png","contentUrl":"https:\/\/ileawo.com\/wp-content\/uploads\/revslider\/Bienvenido\/Logo-Ile-Awo-20201.png","width":500,"height":155,"caption":"Il\u00e9 Awo"},"image":{"@id":"http:\/\/ileawo.com\/pt-br\/#\/schema\/logo\/image\/"},"sameAs":["https:\/\/www.facebook.com\/ifabiyii","https:\/\/x.com\/ifabiyii","https:\/\/www.instagram.com\/ifabiyii_akoda\/"]},{"@type":"Person","@id":"http:\/\/ileawo.com\/pt-br\/#\/schema\/person\/5b4d3af5a9aa8f02fe88dbeb048ef64a","name":"If\u00e1b\u00edy\u00ec\u00ed Ak\u00f3d\u00e0","image":{"@type":"ImageObject","inLanguage":"pt-BR","@id":"https:\/\/secure.gravatar.com\/avatar\/07530fd5fec1f19247b6ca33a6f419284691fff29c8857d86ea771d943bdba08?s=96&d=mm&r=g","url":"https:\/\/secure.gravatar.com\/avatar\/07530fd5fec1f19247b6ca33a6f419284691fff29c8857d86ea771d943bdba08?s=96&d=mm&r=g","contentUrl":"https:\/\/secure.gravatar.com\/avatar\/07530fd5fec1f19247b6ca33a6f419284691fff29c8857d86ea771d943bdba08?s=96&d=mm&r=g","caption":"If\u00e1b\u00edy\u00ec\u00ed Ak\u00f3d\u00e0"},"sameAs":["https:\/\/ileawo.com\/"]}]}},"_links":{"self":[{"href":"https:\/\/ileawo.com\/pt-br\/wp-json\/wp\/v2\/pages\/2253","targetHints":{"allow":["GET"]}}],"collection":[{"href":"https:\/\/ileawo.com\/pt-br\/wp-json\/wp\/v2\/pages"}],"about":[{"href":"https:\/\/ileawo.com\/pt-br\/wp-json\/wp\/v2\/types\/page"}],"author":[{"embeddable":true,"href":"https:\/\/ileawo.com\/pt-br\/wp-json\/wp\/v2\/users\/1"}],"replies":[{"embeddable":true,"href":"https:\/\/ileawo.com\/pt-br\/wp-json\/wp\/v2\/comments?post=2253"}],"version-history":[{"count":0,"href":"https:\/\/ileawo.com\/pt-br\/wp-json\/wp\/v2\/pages\/2253\/revisions"}],"up":[{"embeddable":true,"href":"https:\/\/ileawo.com\/pt-br\/wp-json\/wp\/v2\/pages\/2372"}],"wp:featuredmedia":[{"embeddable":true,"href":"https:\/\/ileawo.com\/pt-br\/wp-json\/wp\/v2\/media\/910"}],"wp:attachment":[{"href":"https:\/\/ileawo.com\/pt-br\/wp-json\/wp\/v2\/media?parent=2253"}],"wp:term":[{"taxonomy":"category","embeddable":true,"href":"https:\/\/ileawo.com\/pt-br\/wp-json\/wp\/v2\/categories?post=2253"}],"curies":[{"name":"wp","href":"https:\/\/api.w.org\/{rel}","templated":true}]}}