{"id":2203,"date":"2015-06-07T00:00:00","date_gmt":"2015-06-06T22:00:00","guid":{"rendered":"https:\/\/ileawo.com\/oke-itase-letra-do-ano\/oke-itase-2015\/"},"modified":"2020-06-02T16:09:50","modified_gmt":"2020-06-02T14:09:50","slug":"oke-itase-2015","status":"publish","type":"page","link":"https:\/\/ileawo.com\/pt-br\/oke-itase-letra-do-ano\/oke-itase-2015\/","title":{"rendered":"Oke Itase 2015 \u2013 Letra do Ano 2015 | Il\u00e9 Ife Nigeria"},"content":{"rendered":"<div class=\"wpb-content-wrapper\"><p>[vc_row][vc_column][vc_single_image image=&#8221;3195&#8243; img_size=&#8221;medium&#8221; alignment=&#8221;center&#8221; css=&#8221;.vc_custom_1590056617781{margin-bottom: 0px !important;}&#8221;][vc_column_text]<\/p>\n<h2 style=\"text-align: center;\">Od\u00f9 Ofun Osa (Ofun saa)<\/h2>\n<p>[\/vc_column_text][\/vc_column][\/vc_row][vc_row][vc_column width=&#8221;1\/6&#8243; offset=&#8221;vc_hidden-sm vc_hidden-xs&#8221;][\/vc_column][vc_column width=&#8221;1\/2&#8243; offset=&#8221;vc_col-md-4&#8243;][vc_column_text]<\/p>\n<div style=\"background-color: #f6f6f6; margin: 10px; border-radius: 10px;\">\n<h5 class=\"white-box\">Yor\u00f9b\u00e1<\/h5>\n<p style=\"background-color: #f6f6f6; padding: 30px; border-radius: 0px 0px 10px 10px;\">Ofun sa a lefun<br \/>\nOfun sa a lOsun<br \/>\nOfun sa a ni moriwo ope ye yee ye<br \/>\nA difa fun Alagemo teere<br \/>\nEyi tii se wole wode Orisa<br \/>\nEbo ni won ni ko waa se<br \/>\nO gb\u00e9bo, o ru\u2019bo<br \/>\nRiru ebo<br \/>\nEero atukesu<br \/>\nAye waa ye wa tuturu<\/p>\n<\/div>\n<p>[\/vc_column_text][\/vc_column][vc_column width=&#8221;1\/2&#8243; offset=&#8221;vc_col-md-4&#8243;][vc_column_text css=&#8221;.vc_custom_1590513395689{margin-bottom: 0px !important;}&#8221;]<\/p>\n<div style=\"background-color: #f6f6f6; margin: 10px; border-radius: 10px;\">\n<h5 class=\"white-box\">Portugu\u00eas<\/h5>\n<p style=\"background-color: #f6f6f6; padding: 30px; border-radius: 0px 0px 10px 10px;\">Ofun marcado com casca<br \/>\nOfun marcado com Osun<br \/>\nOfun decorado com folhas de palmeira brilhantes<br \/>\nEles fizeram adivinha\u00e7\u00e3o If\u00e1 para Alagemo teere<br \/>\nO colaborador mais pr\u00f3ximo de Orisa<br \/>\nEle foi avisado para oferecer sacrif\u00edcio<br \/>\nEle ouviu e cumpriu<br \/>\nFazer sacrif\u00edcio<br \/>\nPropiciar Esu<br \/>\nVenha ao mundo para ver como a vida nos agrada abundantemente<\/p>\n<\/div>\n<p>[\/vc_column_text][\/vc_column][vc_column width=&#8221;1\/6&#8243; offset=&#8221;vc_hidden-sm vc_hidden-xs&#8221;][\/vc_column][\/vc_row][vc_row][vc_column][vc_raw_html css=&#8221;.vc_custom_1572654247108{margin-top: 40px !important;}&#8221;]JTNDc2NyaXB0JTIwYXN5bmMlMjBzcmMlM0QlMjIlMkYlMkZwYWdlYWQyLmdvb2dsZXN5bmRpY2F0aW9uLmNvbSUyRnBhZ2VhZCUyRmpzJTJGYWRzYnlnb29nbGUuanMlMjIlM0UlM0MlMkZzY3JpcHQlM0UlMEElM0MlMjEtLSUyMExhLVByZW5zYS1BZHMlMjAtLSUzRSUwQSUzQ2lucyUyMGNsYXNzJTNEJTIyYWRzYnlnb29nbGUlMjIlMEElMjAlMjAlMjAlMjAlMjBzdHlsZSUzRCUyMmRpc3BsYXklM0FibG9jayUyMiUwQSUyMCUyMCUyMCUyMCUyMGRhdGEtYWQtY2xpZW50JTNEJTIyY2EtcHViLTQ3MTQwOTc3Mzc0NDUxMDklMjIlMEElMjAlMjAlMjAlMjAlMjBkYXRhLWFkLXNsb3QlM0QlMjI5MjA2NTcxMDc3JTIyJTBBJTIwJTIwJTIwJTIwJTIwZGF0YS1hZC1mb3JtYXQlM0QlMjJhdXRvJTIyJTNFJTNDJTJGaW5zJTNFJTBBJTNDc2NyaXB0JTNFJTBBJTI4YWRzYnlnb29nbGUlMjAlM0QlMjB3aW5kb3cuYWRzYnlnb29nbGUlMjAlN0MlN0MlMjAlNUIlNUQlMjkucHVzaCUyOCU3QiU3RCUyOSUzQiUwQSUzQyUyRnNjcmlwdCUzRQ==[\/vc_raw_html][\/vc_column][\/vc_row][vc_row][vc_column offset=&#8221;vc_col-md-2 vc_hidden-sm vc_hidden-xs&#8221;][\/vc_column][vc_column offset=&#8221;vc_col-md-8&#8243;][vc_column_text]<\/p>\n<div class=\"uvc-main-heading ult-responsive\" data-ultimate-target=\".uvc-heading.ultimate-heading-92575db682638844d h2\" data-responsive-json-new=\"{&quot;font-size&quot;:&quot;desktop:28px;tablet:26px;tablet_portrait:26px;mobile_landscape:24px;mobile:24px;&quot;,&quot;line-height&quot;:&quot;desktop:34px;&quot;}\">\n<h2>Diz If\u00e1 no Oke Itase 2015 ou letra do ano 2015<\/h2>\n<\/div>\n<div class=\"uvc-sub-heading ult-responsive\" data-ultimate-target=\".uvc-heading.ultimate-heading-92575db682638844d .uvc-sub-heading \" data-responsive-json-new=\"{&quot;font-size&quot;:&quot;&quot;,&quot;line-height&quot;:&quot;desktop:26px;&quot;}\">\n<p>If\u00e1 diz no signo da Letra do ano &#8211; Oke Itase 2015 revelado em Il\u00e9 Ife Nig\u00e9ria que a sorte da sa\u00fade, da vida longa e toda a sorte ser\u00e3o garantidas durante este ano. No entanto, If\u00e1 diz que, al\u00e9m do sacrif\u00edcio, devemos ser pacientes e fazer as coisas com calma.<\/p>\n<p>As pessoas devem ir aos seus mais velhos para fazer sacrif\u00edcios, o sacerdote deve marcar o Od\u00f9 \u00d2f\u00fan S\u00e0\u00e1 com efun e osun na cabe\u00e7a para eliminar qualquer coisa negativa durante o ano.<\/p>\n<p>Al\u00e9m disso, If\u00e1 diz no Od\u00f9 do Oke Itase 2015 que as pessoas devem constantemente propiciar Ob\u00e0t\u00e1l\u00e1 durante este ano.<\/p>\n<p>Pessoas que querem iniciar-se, este ano ser\u00e1 favor\u00e1vel \u200b\u200bpara isso.<\/p>\n<p>Pessoas com pouco dinheiro devem fazer sacrif\u00edcios para que este ano seja de prosperidade abundante.<\/p>\n<p>If\u00e1 nos aconselha na letra do ano de 2015 que fazemos sacrif\u00edcios para vencer os inimigos. \u00c9 aconselh\u00e1vel ter cuidado com as pessoas que trabalham para qualquer tipo de aplica\u00e7\u00e3o da lei, da mesma forma, se a pessoa trabalha para uma ag\u00eancia de aplica\u00e7\u00e3o da lei, elas devem fazer sacrif\u00edcios para n\u00e3o serem prejudicadas durante este ano.<\/p>\n<p>Em Fun S\u00e0\u00e1 If\u00e1 diz que o sacrif\u00edcio deve ser feito. N\u00e3o \u00e9 aconselh\u00e1vel discutir em casal durante este ano. Se houver problemas no relacionamento, eles devem fazer um duplo sacrif\u00edcio para que ambos possam lidar com os problemas.<\/p>\n<p>If\u00e1 diz no Oke Itase 2015 que devemos ter cuidado com po\u00e7\u00f5es do mau por parte dos inimigos, If\u00e1 nos garante que com o sacrif\u00edcio n\u00f3s os venceremos.<\/p>\n<p>If\u00e1 diz que este ano \u00e9 um bom ano para obter t\u00edtulos ou altos escal\u00f5es em termos de trabalho. Na adivinha\u00e7\u00e3o mundial realizada em Il\u00e9 Ife If\u00e1, ele nos aconselha a oferecer sacrif\u00edcios para garantir que esses t\u00edtulos cheguem ao longo do ano.<\/p>\n<p>If\u00e1 nos aconselha a n\u00e3o nos expor a esc\u00e2ndalos p\u00fablicos e nos exorta a agir corretamente e a ter atos de respeito.<\/p>\n<p>O restante das informa\u00e7\u00f5es sobre o Ofun Saa est\u00e1 dispon\u00edvel no\u00a0<a href=\"http:\/\/hyperurl.co\/ifa-pro-app\">If\u00e1 Tradicional Pro<\/a> y <a href=\"http:\/\/hyperurl.co\/oju-odu\">Oj\u00fa Od\u00f9<\/a>.<\/p>\n<\/div>\n<p>[\/vc_column_text][\/vc_column][vc_column width=&#8221;1\/6&#8243; offset=&#8221;vc_hidden-sm vc_hidden-xs&#8221;][\/vc_column][\/vc_row][vc_row][vc_column][vc_raw_html css=&#8221;.vc_custom_1572654247108{margin-top: 40px !important;}&#8221;]JTNDc2NyaXB0JTIwYXN5bmMlMjBzcmMlM0QlMjIlMkYlMkZwYWdlYWQyLmdvb2dsZXN5bmRpY2F0aW9uLmNvbSUyRnBhZ2VhZCUyRmpzJTJGYWRzYnlnb29nbGUuanMlMjIlM0UlM0MlMkZzY3JpcHQlM0UlMEElM0MlMjEtLSUyMExhLVByZW5zYS1BZHMlMjAtLSUzRSUwQSUzQ2lucyUyMGNsYXNzJTNEJTIyYWRzYnlnb29nbGUlMjIlMEElMjAlMjAlMjAlMjAlMjBzdHlsZSUzRCUyMmRpc3BsYXklM0FibG9jayUyMiUwQSUyMCUyMCUyMCUyMCUyMGRhdGEtYWQtY2xpZW50JTNEJTIyY2EtcHViLTQ3MTQwOTc3Mzc0NDUxMDklMjIlMEElMjAlMjAlMjAlMjAlMjBkYXRhLWFkLXNsb3QlM0QlMjI5MjA2NTcxMDc3JTIyJTBBJTIwJTIwJTIwJTIwJTIwZGF0YS1hZC1mb3JtYXQlM0QlMjJhdXRvJTIyJTNFJTNDJTJGaW5zJTNFJTBBJTNDc2NyaXB0JTNFJTBBJTI4YWRzYnlnb29nbGUlMjAlM0QlMjB3aW5kb3cuYWRzYnlnb29nbGUlMjAlN0MlN0MlMjAlNUIlNUQlMjkucHVzaCUyOCU3QiU3RCUyOSUzQiUwQSUzQyUyRnNjcmlwdCUzRQ==[\/vc_raw_html][\/vc_column][\/vc_row][vc_row][vc_column width=&#8221;1\/4&#8243; offset=&#8221;vc_col-md-3 vc_hidden-sm vc_hidden-xs&#8221;][\/vc_column][vc_column offset=&#8221;vc_col-md-6 vc_col-xs-12&#8243;][vc_images_carousel images=&#8221;3210,3207,3204,3201,3198&#8243; img_size=&#8221;600&#215;400&#8243; onclick=&#8221;link_no&#8221; autoplay=&#8221;yes&#8221; wrap=&#8221;yes&#8221;][\/vc_column][vc_column width=&#8221;1\/4&#8243; offset=&#8221;vc_col-md-3 vc_hidden-sm vc_hidden-xs&#8221;][\/vc_column][\/vc_row][vc_row full_width=&#8221;stretch_row&#8221; content_placement=&#8221;middle&#8221; bg_type=&#8221;bg_color&#8221; bg_override=&#8221;ex-full&#8221; bg_color_value=&#8221;#4e89d5&#8243; el_class=&#8221;banner&#8221; css=&#8221;.vc_custom_1589978746311{margin-top: 40px !important;background-color: #4e89d5 !important;}&#8221;][vc_column width=&#8221;2\/3&#8243;][vc_column_text el_class=&#8221;banner-text&#8221;]Fa\u00e7a uma adivinha\u00e7\u00e3o de If\u00e1 e saiba o que o Orixa reserva para voc\u00ea[\/vc_column_text][\/vc_column][vc_column width=&#8221;1\/3&#8243;][vc_column_text css_animation=&#8221;bounceIn&#8221;]<\/p>\n<p style=\"text-align: center;\"><a class=\"custom-buttons-alternative\" href=\"\/pt-br\/contato\/\">Consulte-nos<\/a><\/p>\n<p>[\/vc_column_text][\/vc_column][\/vc_row]<\/p>\n<\/div>"},"excerpt":{"rendered":"<p>[vc_row][vc_column][vc_single_image image=&#8221;3195&#8243; img_size=&#8221;medium&#8221; alignment=&#8221;center&#8221; css=&#8221;.vc_custom_1590056617781{margin-bottom: 0px !important;}&#8221;][vc_column_text] Od\u00f9 Ofun Osa (Ofun saa) [\/vc_column_text][\/vc_column][\/vc_row][vc_row][vc_column width=&#8221;1\/6&#8243; offset=&#8221;vc_hidden-sm vc_hidden-xs&#8221;][\/vc_column][vc_column width=&#8221;1\/2&#8243; offset=&#8221;vc_col-md-4&#8243;][vc_column_text] Yor\u00f9b\u00e1 Ofun sa a lefun Ofun sa a<span class=\"excerpt-hellip\"> [\u2026]<\/span><\/p>\n","protected":false},"author":1,"featured_media":2207,"parent":2097,"menu_order":0,"comment_status":"open","ping_status":"closed","template":"","meta":{"footnotes":""},"categories":[2713],"class_list":["post-2203","page","type-page","status-publish","has-post-thumbnail","hentry","category-oke-itase-pt-br"],"yoast_head":"<!-- This site is optimized with the Yoast SEO Premium plugin v25.2 (Yoast SEO v27.4) - https:\/\/yoast.com\/product\/yoast-seo-premium-wordpress\/ -->\n<title>Oke Itase 2015: Od\u00f9 de If\u00e1 revelado Ofun Saa - Il\u00e9 Awo<\/title>\n<meta name=\"description\" content=\"Ofun saa foi o Od\u00f9 de If\u00e1 revelado no Oke Itase 2015 que se realizou em Il\u00e9 If\u00e9. Saiba com exclusividade o que diz If\u00e1 nos Od\u00f9 revelados.\" \/>\n<meta name=\"robots\" content=\"index, follow, max-snippet:-1, max-image-preview:large, max-video-preview:-1\" \/>\n<link rel=\"canonical\" href=\"https:\/\/ileawo.com\/pt-br\/oke-itase-letra-do-ano\/oke-itase-2015\/\" \/>\n<meta property=\"og:locale\" content=\"pt_BR\" \/>\n<meta property=\"og:type\" content=\"article\" \/>\n<meta property=\"og:title\" content=\"Oke Itase 2015 \u2013 Letra do Ano 2015 | Il\u00e9 Ife Nigeria\" \/>\n<meta property=\"og:description\" content=\"Ofun saa foi o Od\u00f9 de If\u00e1 revelado no Oke Itase 2015 que se realizou em Il\u00e9 If\u00e9. Saiba com exclusividade o que diz If\u00e1 nos Od\u00f9 revelados.\" \/>\n<meta property=\"og:url\" content=\"https:\/\/ileawo.com\/pt-br\/oke-itase-letra-do-ano\/oke-itase-2015\/\" \/>\n<meta property=\"og:site_name\" content=\"Il\u00e9 Awo\" \/>\n<meta property=\"article:publisher\" content=\"https:\/\/www.facebook.com\/ifabiyii\" \/>\n<meta property=\"article:modified_time\" content=\"2020-06-02T14:09:50+00:00\" \/>\n<meta property=\"og:image\" content=\"http:\/\/ileawo.com\/wp-content\/uploads\/2020\/05\/oke-itase-2015-4.jpg\" \/>\n\t<meta property=\"og:image:width\" content=\"1200\" \/>\n\t<meta property=\"og:image:height\" content=\"633\" \/>\n\t<meta property=\"og:image:type\" content=\"image\/jpeg\" \/>\n<meta name=\"twitter:card\" content=\"summary_large_image\" \/>\n<meta name=\"twitter:site\" content=\"@ifabiyii\" \/>\n<!-- \/ Yoast SEO Premium plugin. -->","yoast_head_json":{"title":"Oke Itase 2015: Od\u00f9 de If\u00e1 revelado Ofun Saa - Il\u00e9 Awo","description":"Ofun saa foi o Od\u00f9 de If\u00e1 revelado no Oke Itase 2015 que se realizou em Il\u00e9 If\u00e9. Saiba com exclusividade o que diz If\u00e1 nos Od\u00f9 revelados.","robots":{"index":"index","follow":"follow","max-snippet":"max-snippet:-1","max-image-preview":"max-image-preview:large","max-video-preview":"max-video-preview:-1"},"canonical":"https:\/\/ileawo.com\/pt-br\/oke-itase-letra-do-ano\/oke-itase-2015\/","og_locale":"pt_BR","og_type":"article","og_title":"Oke Itase 2015 \u2013 Letra do Ano 2015 | Il\u00e9 Ife Nigeria","og_description":"Ofun saa foi o Od\u00f9 de If\u00e1 revelado no Oke Itase 2015 que se realizou em Il\u00e9 If\u00e9. Saiba com exclusividade o que diz If\u00e1 nos Od\u00f9 revelados.","og_url":"https:\/\/ileawo.com\/pt-br\/oke-itase-letra-do-ano\/oke-itase-2015\/","og_site_name":"Il\u00e9 Awo","article_publisher":"https:\/\/www.facebook.com\/ifabiyii","article_modified_time":"2020-06-02T14:09:50+00:00","og_image":[{"width":1200,"height":633,"url":"http:\/\/ileawo.com\/wp-content\/uploads\/2020\/05\/oke-itase-2015-4.jpg","type":"image\/jpeg"}],"twitter_card":"summary_large_image","twitter_site":"@ifabiyii","schema":{"@context":"https:\/\/schema.org","@graph":[{"@type":"Article","@id":"https:\/\/ileawo.com\/pt-br\/oke-itase-letra-do-ano\/oke-itase-2015\/#article","isPartOf":{"@id":"https:\/\/ileawo.com\/pt-br\/oke-itase-letra-do-ano\/oke-itase-2015\/"},"author":{"name":"If\u00e1b\u00edy\u00ec\u00ed Ak\u00f3d\u00e0","@id":"http:\/\/ileawo.com\/pt-br\/#\/schema\/person\/5b4d3af5a9aa8f02fe88dbeb048ef64a"},"headline":"Oke Itase 2015 \u2013 Letra do Ano 2015 | Il\u00e9 Ife Nigeria","datePublished":"2015-06-06T22:00:00+00:00","dateModified":"2020-06-02T14:09:50+00:00","mainEntityOfPage":{"@id":"https:\/\/ileawo.com\/pt-br\/oke-itase-letra-do-ano\/oke-itase-2015\/"},"wordCount":903,"commentCount":0,"publisher":{"@id":"http:\/\/ileawo.com\/pt-br\/#organization"},"image":{"@id":"https:\/\/ileawo.com\/pt-br\/oke-itase-letra-do-ano\/oke-itase-2015\/#primaryimage"},"thumbnailUrl":"https:\/\/ileawo.com\/wp-content\/uploads\/2020\/05\/oke-itase-2015-4.jpg","articleSection":["Oke Itase"],"inLanguage":"pt-BR","potentialAction":[{"@type":"CommentAction","name":"Comment","target":["https:\/\/ileawo.com\/pt-br\/oke-itase-letra-do-ano\/oke-itase-2015\/#respond"]}]},{"@type":"WebPage","@id":"https:\/\/ileawo.com\/pt-br\/oke-itase-letra-do-ano\/oke-itase-2015\/","url":"https:\/\/ileawo.com\/pt-br\/oke-itase-letra-do-ano\/oke-itase-2015\/","name":"Oke Itase 2015: Od\u00f9 de If\u00e1 revelado Ofun Saa - Il\u00e9 Awo","isPartOf":{"@id":"http:\/\/ileawo.com\/pt-br\/#website"},"primaryImageOfPage":{"@id":"https:\/\/ileawo.com\/pt-br\/oke-itase-letra-do-ano\/oke-itase-2015\/#primaryimage"},"image":{"@id":"https:\/\/ileawo.com\/pt-br\/oke-itase-letra-do-ano\/oke-itase-2015\/#primaryimage"},"thumbnailUrl":"https:\/\/ileawo.com\/wp-content\/uploads\/2020\/05\/oke-itase-2015-4.jpg","datePublished":"2015-06-06T22:00:00+00:00","dateModified":"2020-06-02T14:09:50+00:00","description":"Ofun saa foi o Od\u00f9 de If\u00e1 revelado no Oke Itase 2015 que se realizou em Il\u00e9 If\u00e9. Saiba com exclusividade o que diz If\u00e1 nos Od\u00f9 revelados.","breadcrumb":{"@id":"https:\/\/ileawo.com\/pt-br\/oke-itase-letra-do-ano\/oke-itase-2015\/#breadcrumb"},"inLanguage":"pt-BR","potentialAction":[{"@type":"ReadAction","target":["https:\/\/ileawo.com\/pt-br\/oke-itase-letra-do-ano\/oke-itase-2015\/"]}]},{"@type":"ImageObject","inLanguage":"pt-BR","@id":"https:\/\/ileawo.com\/pt-br\/oke-itase-letra-do-ano\/oke-itase-2015\/#primaryimage","url":"https:\/\/ileawo.com\/wp-content\/uploads\/2020\/05\/oke-itase-2015-4.jpg","contentUrl":"https:\/\/ileawo.com\/wp-content\/uploads\/2020\/05\/oke-itase-2015-4.jpg","width":1200,"height":633,"caption":"Ofun osa, signo revelado en el Oke Itase 2015"},{"@type":"BreadcrumbList","@id":"https:\/\/ileawo.com\/pt-br\/oke-itase-letra-do-ano\/oke-itase-2015\/#breadcrumb","itemListElement":[{"@type":"ListItem","position":1,"name":"Home","item":"http:\/\/ileawo.com\/pt-br\/"},{"@type":"ListItem","position":2,"name":"Oke Itase","item":"http:\/\/ileawo.com\/pt-br\/oke-itase-letra-do-ano\/"},{"@type":"ListItem","position":3,"name":"Oke Itase 2015 \u2013 Letra do Ano 2015 | Il\u00e9 Ife Nigeria"}]},{"@type":"WebSite","@id":"http:\/\/ileawo.com\/pt-br\/#website","url":"http:\/\/ileawo.com\/pt-br\/","name":"Il\u00e9 Awo","description":"","publisher":{"@id":"http:\/\/ileawo.com\/pt-br\/#organization"},"potentialAction":[{"@type":"SearchAction","target":{"@type":"EntryPoint","urlTemplate":"http:\/\/ileawo.com\/pt-br\/?s={search_term_string}"},"query-input":{"@type":"PropertyValueSpecification","valueRequired":true,"valueName":"search_term_string"}}],"inLanguage":"pt-BR"},{"@type":"Organization","@id":"http:\/\/ileawo.com\/pt-br\/#organization","name":"Il\u00e9 Awo","url":"http:\/\/ileawo.com\/pt-br\/","logo":{"@type":"ImageObject","inLanguage":"pt-BR","@id":"http:\/\/ileawo.com\/pt-br\/#\/schema\/logo\/image\/","url":"https:\/\/ileawo.com\/wp-content\/uploads\/revslider\/Bienvenido\/Logo-Ile-Awo-20201.png","contentUrl":"https:\/\/ileawo.com\/wp-content\/uploads\/revslider\/Bienvenido\/Logo-Ile-Awo-20201.png","width":500,"height":155,"caption":"Il\u00e9 Awo"},"image":{"@id":"http:\/\/ileawo.com\/pt-br\/#\/schema\/logo\/image\/"},"sameAs":["https:\/\/www.facebook.com\/ifabiyii","https:\/\/x.com\/ifabiyii","https:\/\/www.instagram.com\/ifabiyii_akoda\/"]},{"@type":"Person","@id":"http:\/\/ileawo.com\/pt-br\/#\/schema\/person\/5b4d3af5a9aa8f02fe88dbeb048ef64a","name":"If\u00e1b\u00edy\u00ec\u00ed Ak\u00f3d\u00e0","image":{"@type":"ImageObject","inLanguage":"pt-BR","@id":"https:\/\/secure.gravatar.com\/avatar\/07530fd5fec1f19247b6ca33a6f419284691fff29c8857d86ea771d943bdba08?s=96&d=mm&r=g","url":"https:\/\/secure.gravatar.com\/avatar\/07530fd5fec1f19247b6ca33a6f419284691fff29c8857d86ea771d943bdba08?s=96&d=mm&r=g","contentUrl":"https:\/\/secure.gravatar.com\/avatar\/07530fd5fec1f19247b6ca33a6f419284691fff29c8857d86ea771d943bdba08?s=96&d=mm&r=g","caption":"If\u00e1b\u00edy\u00ec\u00ed Ak\u00f3d\u00e0"},"sameAs":["https:\/\/ileawo.com\/"]}]}},"_links":{"self":[{"href":"https:\/\/ileawo.com\/pt-br\/wp-json\/wp\/v2\/pages\/2203","targetHints":{"allow":["GET"]}}],"collection":[{"href":"https:\/\/ileawo.com\/pt-br\/wp-json\/wp\/v2\/pages"}],"about":[{"href":"https:\/\/ileawo.com\/pt-br\/wp-json\/wp\/v2\/types\/page"}],"author":[{"embeddable":true,"href":"https:\/\/ileawo.com\/pt-br\/wp-json\/wp\/v2\/users\/1"}],"replies":[{"embeddable":true,"href":"https:\/\/ileawo.com\/pt-br\/wp-json\/wp\/v2\/comments?post=2203"}],"version-history":[{"count":0,"href":"https:\/\/ileawo.com\/pt-br\/wp-json\/wp\/v2\/pages\/2203\/revisions"}],"up":[{"embeddable":true,"href":"https:\/\/ileawo.com\/pt-br\/wp-json\/wp\/v2\/pages\/2097"}],"wp:featuredmedia":[{"embeddable":true,"href":"https:\/\/ileawo.com\/pt-br\/wp-json\/wp\/v2\/media\/2207"}],"wp:attachment":[{"href":"https:\/\/ileawo.com\/pt-br\/wp-json\/wp\/v2\/media?parent=2203"}],"wp:term":[{"taxonomy":"category","embeddable":true,"href":"https:\/\/ileawo.com\/pt-br\/wp-json\/wp\/v2\/categories?post=2203"}],"curies":[{"name":"wp","href":"https:\/\/api.w.org\/{rel}","templated":true}]}}