{"id":2196,"date":"2016-06-05T00:00:00","date_gmt":"2016-06-04T22:00:00","guid":{"rendered":"https:\/\/ileawo.com\/oke-itase-letra-do-ano\/oke-itase-2016\/"},"modified":"2020-06-02T16:07:56","modified_gmt":"2020-06-02T14:07:56","slug":"oke-itase-2016","status":"publish","type":"page","link":"https:\/\/ileawo.com\/pt-br\/oke-itase-letra-do-ano\/oke-itase-2016\/","title":{"rendered":"Oke Itase 2016 \u2013 Letra do Ano 2016 Il\u00e9 Ife Nigeria"},"content":{"rendered":"<div class=\"wpb-content-wrapper\"><p>[vc_row][vc_column][vc_single_image image=&#8221;3214&#8243; img_size=&#8221;medium&#8221; alignment=&#8221;center&#8221; css=&#8221;.vc_custom_1590057094109{margin-bottom: 0px !important;}&#8221;][vc_column_text]<\/p>\n<h2 style=\"text-align: center;\">Od\u00f9 \u00d2b\u00e0r\u00e0 Kerebete (\u00d2b\u00e0r\u00e0 \u00ccret\u00e8)<\/h2>\n<p>[\/vc_column_text][\/vc_column][\/vc_row][vc_row][vc_column width=&#8221;1\/6&#8243; offset=&#8221;vc_hidden-sm vc_hidden-xs&#8221;][\/vc_column][vc_column width=&#8221;1\/2&#8243; offset=&#8221;vc_col-md-4&#8243;][vc_column_text]<\/p>\n<div style=\"background-color: #f6f6f6; margin: 10px; border-radius: 10px;\">\n<h5 class=\"white-box\">Yor\u00f9b\u00e1<\/h5>\n<p style=\"background-color: #f6f6f6; padding: 30px; border-radius: 0px 0px 10px 10px;\">Ig\u00fan jebo<br \/>\nIg\u00fan \u00f2 k\u00ed el\u00e9bo k\u00fa \u00e0n\u00e1<br \/>\n\u00c8k\u00fa\u00e0n\u00e1 l\u00e8r\u00e8 oore<br \/>\nA d\u00edf\u00e1 f\u00fan \u00c0\u00ecn\u00e1 K\u00e8k\u00e8\u00e8k\u00e8<br \/>\nT\u00ed\u00ed somo On\u00edbi \u00c0gb\u00e9l\u00e8<br \/>\nEbo ni won ni ko waa se<br \/>\nOsi gb\u00e9bo nbe \u00f3 r\u00fabo<br \/>\nIf\u00e1 mo d\u00fap\u00e9 ow\u00f3 t\u00f3o f\u00fan mi l\u00e1n\u00e0\u00e1<br \/>\n\u00d2b\u00e0r\u00e0 \u00ccret\u00e8 o \u00f2<br \/>\nIf\u00e1 o seun seun<br \/>\nIf\u00e1 mo d\u00fap\u00e9 aya t\u00f3o f\u00fan mi l\u00e1n\u00e0\u00e1<br \/>\n\u00d2b\u00e0r\u00e0 \u00ccret\u00e8 o \u00f2<br \/>\nIf\u00e1 o seun seun<br \/>\nIf\u00e1 mo d\u00fap\u00e8 oko t\u00f3o f\u00fan mi l\u00e1n\u00e0\u00e1<br \/>\n\u00d2b\u00e0r\u00e0 \u00ccret\u00e8 o \u00f2<br \/>\nIf\u00e1 o seun seun<br \/>\nIf\u00e1 mo d\u00fap\u00e8 omo t\u00f3o f\u00fan mi l\u00e1n\u00e0\u00e1<br \/>\n\u00d2b\u00e0r\u00e0 \u00ccret\u00e8 o \u00f2<br \/>\nIf\u00e1 o seun seun<br \/>\nIf\u00e1 mo d\u00fap\u00e8 al\u00e1\u00e1f\u00eca t\u00f3o f\u00fan mi l\u00e1n\u00e0\u00e1<br \/>\n\u00d2b\u00e0r\u00e0 \u00ccret\u00e8 o \u00f2<br \/>\nIf\u00e1 o seun seun<br \/>\nIf\u00e1 mo d\u00fap\u00e8 ire gbogbo t\u00f3o f\u00fan mi l\u00e1n\u00e0\u00e1<br \/>\n\u00d2b\u00e0r\u00e0 \u00ccret\u00e8 o \u00f2<br \/>\nIf\u00e1 o seun seun<\/p>\n<\/div>\n<p>[\/vc_column_text][\/vc_column][vc_column width=&#8221;1\/2&#8243; offset=&#8221;vc_col-md-4&#8243;][vc_column_text css=&#8221;.vc_custom_1590513288422{margin-bottom: 0px !important;}&#8221;]<\/p>\n<div style=\"background-color: #f6f6f6; margin: 10px; border-radius: 10px;\">\n<h5 class=\"white-box\">Portugu\u00eas<\/h5>\n<p style=\"background-color: #f6f6f6; padding: 30px; border-radius: 0px 0px 10px 10px;\">O abutre consome os materiais do sacrif\u00edcio<br \/>\nO abutre se recusa a agradecer ao fornecedor dos materiais do eb\u00f3<br \/>\nMostrando acusa\u00e7\u00e3o pelo favor de ontem \u00e9 o benef\u00edcio que se obt\u00e9m para estender esses favores<br \/>\nEles fizeram a adivinha\u00e7\u00e3o de If\u00e1 para \u00c0\u00ecn\u00e1 K\u00e8k\u00e8\u00e8k\u00e8<br \/>\nO descendente de v\u00e1rias gera\u00e7\u00f5es<br \/>\nDisseram-lhe para fazer um sacrif\u00edcio<br \/>\nEle ouviu e fez<br \/>\nIf\u00e1 sou grato pelo dinheiro que voc\u00ea me deu ontem<br \/>\n\u00d2b\u00e0r\u00e0 \u00ccret\u00e8<br \/>\nIf\u00e1 eu agrade\u00e7o muito<br \/>\nIf\u00e1 sou grato pela esposa que voc\u00ea me deu ontem<br \/>\n\u00d2b\u00e0r\u00e0 \u00ccret\u00e8<br \/>\nIf\u00e1 eu agrade\u00e7o muito<br \/>\nIf\u00e1 sou grato pelo marido que voc\u00ea me deu ontem<br \/>\n\u00d2b\u00e0r\u00e0 \u00ccret\u00e8<br \/>\nIf\u00e1 eu agrade\u00e7o muito<br \/>\nIf\u00e1 sou grato pelas crian\u00e7as que voc\u00ea me deu ontem<br \/>\n\u00d2b\u00e0r\u00e0 \u00ccret\u00e8<br \/>\nIf\u00e1 eu agrade\u00e7o muito<br \/>\nIf\u00e1 sou grato pela boa sa\u00fade que voc\u00ea me deu ontem<br \/>\n\u00d2b\u00e0r\u00e0 \u00ccret\u00e8<br \/>\nIf\u00e1 eu agrade\u00e7o muito<br \/>\nIf\u00e1 sou grato por toda a sorte que voc\u00ea me deu ontem<br \/>\n\u00d2b\u00e0r\u00e0 \u00ccret\u00e8<br \/>\nIf\u00e1 eu agrade\u00e7o muito<\/p>\n<\/div>\n<p>[\/vc_column_text][\/vc_column][vc_column width=&#8221;1\/6&#8243; offset=&#8221;vc_hidden-sm vc_hidden-xs&#8221;][\/vc_column][\/vc_row][vc_row][vc_column][vc_raw_html css=&#8221;.vc_custom_1572654247108{margin-top: 40px !important;}&#8221;]JTNDc2NyaXB0JTIwYXN5bmMlMjBzcmMlM0QlMjIlMkYlMkZwYWdlYWQyLmdvb2dsZXN5bmRpY2F0aW9uLmNvbSUyRnBhZ2VhZCUyRmpzJTJGYWRzYnlnb29nbGUuanMlMjIlM0UlM0MlMkZzY3JpcHQlM0UlMEElM0MlMjEtLSUyMExhLVByZW5zYS1BZHMlMjAtLSUzRSUwQSUzQ2lucyUyMGNsYXNzJTNEJTIyYWRzYnlnb29nbGUlMjIlMEElMjAlMjAlMjAlMjAlMjBzdHlsZSUzRCUyMmRpc3BsYXklM0FibG9jayUyMiUwQSUyMCUyMCUyMCUyMCUyMGRhdGEtYWQtY2xpZW50JTNEJTIyY2EtcHViLTQ3MTQwOTc3Mzc0NDUxMDklMjIlMEElMjAlMjAlMjAlMjAlMjBkYXRhLWFkLXNsb3QlM0QlMjI5MjA2NTcxMDc3JTIyJTBBJTIwJTIwJTIwJTIwJTIwZGF0YS1hZC1mb3JtYXQlM0QlMjJhdXRvJTIyJTNFJTNDJTJGaW5zJTNFJTBBJTNDc2NyaXB0JTNFJTBBJTI4YWRzYnlnb29nbGUlMjAlM0QlMjB3aW5kb3cuYWRzYnlnb29nbGUlMjAlN0MlN0MlMjAlNUIlNUQlMjkucHVzaCUyOCU3QiU3RCUyOSUzQiUwQSUzQyUyRnNjcmlwdCUzRQ==[\/vc_raw_html][\/vc_column][\/vc_row][vc_row][vc_column offset=&#8221;vc_col-md-2 vc_hidden-sm vc_hidden-xs&#8221;][\/vc_column][vc_column offset=&#8221;vc_col-md-8&#8243;][vc_column_text]<\/p>\n<div class=\"uvc-main-heading ult-responsive\" data-ultimate-target=\".uvc-heading.ultimate-heading-92575db682638844d h2\" data-responsive-json-new=\"{&quot;font-size&quot;:&quot;desktop:28px;tablet:26px;tablet_portrait:26px;mobile_landscape:24px;mobile:24px;&quot;,&quot;line-height&quot;:&quot;desktop:34px;&quot;}\">\n<h2>Diz If\u00e1 no Oke Itase 2016 ou letra do ano 2016<\/h2>\n<\/div>\n<div class=\"uvc-sub-heading ult-responsive\" data-ultimate-target=\".uvc-heading.ultimate-heading-92575db682638844d .uvc-sub-heading \" data-responsive-json-new=\"{&quot;font-size&quot;:&quot;&quot;,&quot;line-height&quot;:&quot;desktop:26px;&quot;}\">\n<p>No Od\u00f9 Obara Irete do Oke Itase 2016 em Il\u00e9 Ife, ele diz que muitos favores foram feitos a ele e ele parece n\u00e3o apreci\u00e1-los. Por esse motivo, voc\u00ea pode acabar perdendo tudo. If\u00e1 alerta na Letra do Ano que ele deve mostrar apre\u00e7o por pequenos e grandes favores. Fazer isso \u00e9 a \u00fanica maneira de esses favores e sucesso na vida continuarem se multiplicando. Este Od\u00f9 tamb\u00e9m nos adverte a fazer sacrif\u00edcios para mostrar gratid\u00e3o a If\u00e1 e aos <a href=\"https:\/\/ileawo.com\/pt-br\/orixas-yoruba\/\">\u00d2r\u00ecs\u00e0<\/a>.<\/p>\n<p>Neste Od\u00f9 levelado em Il\u00e9 Ife, na Nig\u00e9ria, as pessoas pensam muitas vezes que n\u00e3o precisam de If\u00e1, pois t\u00eam sorte, mas If\u00e1 nos alerta que \u00e9 ele quem nos d\u00e1 sorte e recomenda que fa\u00e7amos um sacrif\u00edcio para ter duas sorte no mesmo dia.<\/p>\n<p>If\u00e1 aconselha as mulheres a fazer sacrif\u00edcios por problemas na barriga ou mesmo mulheres que procuram engravidar, mas n\u00e3o tiveram sucesso.<\/p>\n<p>Ifa nos adverte a propiciar nossos parentes falecidos, especialmente do lado paterno.<\/p>\n<p>If\u00e1 diz que vamos conseguir toda a sorte da vida durante este ano. Contudo, ele nos adverte que devemos fazer sacrif\u00edcios e reverenciar If\u00e1 e os \u00d2r\u00ecs\u00e0 para que toda a sorte possa se manifestar.<\/p>\n<p>Tamb\u00e9m no Od\u00f9 \u00d2b\u00e0r\u00e0 \u00ccret\u00e8 da letra do ano de 2016 If\u00e1 nos adverte que temos muitos advers\u00e1rios, que, por n\u00e3o conseguirem nosso sucesso na vida, optam por nos destruir ou invejar. If\u00e1 nos aconselha a fazer sacrif\u00edcios para que todos os nossos inimigos sejam destru\u00eddos.<\/p>\n<p>If\u00e1 tamb\u00e9m nos aconselha a n\u00e3o falar mal de outra pessoa. N\u00e3o fazer isso implicaria n\u00e3o contar com o apoio de Ol\u00f3d\u00f9mar\u00e8. Ele tamb\u00e9m nos aconselha no Oke Itase 2016 de Il\u00e9 Ife a fazer sacrif\u00edcios para que as pessoas que falam de n\u00f3s se destruam.<\/p>\n<p>Nesta Od\u00f9 da Letra do ano de 2016, somos avisados \u200b\u200bpara n\u00e3o abandonar If\u00e1 e da mesma forma que comparecemos a If\u00e1, ele nos atender\u00e1. If\u00e1 tamb\u00e9m adverte de fazer sacrif\u00edcios para alcan\u00e7ar toda a sorte da vida.<\/p>\n<p>O restante das informa\u00e7\u00f5es sobre Obara Irete est\u00e1 dispon\u00edvel no\u00a0<a href=\"http:\/\/hyperurl.co\/ifa-pro-app\">If\u00e1 Tradicional Pro<\/a> y <a href=\"http:\/\/hyperurl.co\/oju-odu\">Oj\u00fa Od\u00f9<\/a>.<\/p>\n<\/div>\n<p>[\/vc_column_text][\/vc_column][vc_column width=&#8221;1\/6&#8243; offset=&#8221;vc_hidden-sm vc_hidden-xs&#8221;][\/vc_column][\/vc_row][vc_row][vc_column][vc_raw_html css=&#8221;.vc_custom_1572654247108{margin-top: 40px !important;}&#8221;]JTNDc2NyaXB0JTIwYXN5bmMlMjBzcmMlM0QlMjIlMkYlMkZwYWdlYWQyLmdvb2dsZXN5bmRpY2F0aW9uLmNvbSUyRnBhZ2VhZCUyRmpzJTJGYWRzYnlnb29nbGUuanMlMjIlM0UlM0MlMkZzY3JpcHQlM0UlMEElM0MlMjEtLSUyMExhLVByZW5zYS1BZHMlMjAtLSUzRSUwQSUzQ2lucyUyMGNsYXNzJTNEJTIyYWRzYnlnb29nbGUlMjIlMEElMjAlMjAlMjAlMjAlMjBzdHlsZSUzRCUyMmRpc3BsYXklM0FibG9jayUyMiUwQSUyMCUyMCUyMCUyMCUyMGRhdGEtYWQtY2xpZW50JTNEJTIyY2EtcHViLTQ3MTQwOTc3Mzc0NDUxMDklMjIlMEElMjAlMjAlMjAlMjAlMjBkYXRhLWFkLXNsb3QlM0QlMjI5MjA2NTcxMDc3JTIyJTBBJTIwJTIwJTIwJTIwJTIwZGF0YS1hZC1mb3JtYXQlM0QlMjJhdXRvJTIyJTNFJTNDJTJGaW5zJTNFJTBBJTNDc2NyaXB0JTNFJTBBJTI4YWRzYnlnb29nbGUlMjAlM0QlMjB3aW5kb3cuYWRzYnlnb29nbGUlMjAlN0MlN0MlMjAlNUIlNUQlMjkucHVzaCUyOCU3QiU3RCUyOSUzQiUwQSUzQyUyRnNjcmlwdCUzRQ==[\/vc_raw_html][\/vc_column][\/vc_row][vc_row][vc_column width=&#8221;1\/4&#8243; offset=&#8221;vc_col-md-3 vc_hidden-sm vc_hidden-xs&#8221;][\/vc_column][vc_column offset=&#8221;vc_col-md-6 vc_col-xs-12&#8243;][vc_images_carousel images=&#8221;3229,3226,3223,3220,3217&#8243; img_size=&#8221;600&#215;400&#8243; onclick=&#8221;link_no&#8221; autoplay=&#8221;yes&#8221; wrap=&#8221;yes&#8221;][\/vc_column][vc_column width=&#8221;1\/4&#8243; offset=&#8221;vc_col-md-3 vc_hidden-sm vc_hidden-xs&#8221;][\/vc_column][\/vc_row][vc_row full_width=&#8221;stretch_row&#8221; content_placement=&#8221;middle&#8221; bg_type=&#8221;bg_color&#8221; bg_override=&#8221;ex-full&#8221; bg_color_value=&#8221;#4e89d5&#8243; el_class=&#8221;banner&#8221; css=&#8221;.vc_custom_1589978891666{margin-top: 40px !important;background-color: #4e89d5 !important;}&#8221;][vc_column width=&#8221;2\/3&#8243;][vc_column_text el_class=&#8221;banner-text&#8221;]Fa\u00e7a uma adivinha\u00e7\u00e3o de If\u00e1 e saiba o que o Orixa reserva para voc\u00ea[\/vc_column_text][\/vc_column][vc_column width=&#8221;1\/3&#8243;][vc_column_text css_animation=&#8221;bounceIn&#8221;]<\/p>\n<p style=\"text-align: center;\"><a class=\"custom-buttons-alternative\" href=\"\/pt-br\/contato\/\">Consulte-nos<\/a><\/p>\n<p>[\/vc_column_text][\/vc_column][\/vc_row]<\/p>\n<\/div>"},"excerpt":{"rendered":"<p>[vc_row][vc_column][vc_single_image image=&#8221;3214&#8243; img_size=&#8221;medium&#8221; alignment=&#8221;center&#8221; css=&#8221;.vc_custom_1590057094109{margin-bottom: 0px !important;}&#8221;][vc_column_text] Od\u00f9 \u00d2b\u00e0r\u00e0 Kerebete (\u00d2b\u00e0r\u00e0 \u00ccret\u00e8) [\/vc_column_text][\/vc_column][\/vc_row][vc_row][vc_column width=&#8221;1\/6&#8243; offset=&#8221;vc_hidden-sm vc_hidden-xs&#8221;][\/vc_column][vc_column width=&#8221;1\/2&#8243; offset=&#8221;vc_col-md-4&#8243;][vc_column_text] Yor\u00f9b\u00e1 Ig\u00fan jebo Ig\u00fan \u00f2 k\u00ed el\u00e9bo k\u00fa<span class=\"excerpt-hellip\"> [\u2026]<\/span><\/p>\n","protected":false},"author":1,"featured_media":2200,"parent":2097,"menu_order":0,"comment_status":"open","ping_status":"closed","template":"","meta":{"footnotes":""},"categories":[2713],"class_list":["post-2196","page","type-page","status-publish","has-post-thumbnail","hentry","category-oke-itase-pt-br"],"yoast_head":"<!-- This site is optimized with the Yoast SEO Premium plugin v25.2 (Yoast SEO v27.4) - https:\/\/yoast.com\/product\/yoast-seo-premium-wordpress\/ -->\n<title>Oke Itase 2016: Od\u00f9 de If\u00e1 revelado Obara Irete - Il\u00e9 Awo<\/title>\n<meta name=\"description\" content=\"Obara Irete foi o Od\u00f9 revelado no Oke Itase 2016 celebrado em Il\u00e9 If\u00e9, em Il\u00e9 Awo te informamos com exclusividade o que depara If\u00e1 para este ano.\" \/>\n<meta name=\"robots\" content=\"index, follow, max-snippet:-1, max-image-preview:large, max-video-preview:-1\" \/>\n<link rel=\"canonical\" href=\"https:\/\/ileawo.com\/pt-br\/oke-itase-letra-do-ano\/oke-itase-2016\/\" \/>\n<meta property=\"og:locale\" content=\"pt_BR\" \/>\n<meta property=\"og:type\" content=\"article\" \/>\n<meta property=\"og:title\" content=\"Oke Itase 2016 \u2013 Letra do Ano 2016 Il\u00e9 Ife Nigeria\" \/>\n<meta property=\"og:description\" content=\"Obara Irete foi o Od\u00f9 revelado no Oke Itase 2016 celebrado em Il\u00e9 If\u00e9, em Il\u00e9 Awo te informamos com exclusividade o que depara If\u00e1 para este ano.\" \/>\n<meta property=\"og:url\" content=\"https:\/\/ileawo.com\/pt-br\/oke-itase-letra-do-ano\/oke-itase-2016\/\" \/>\n<meta property=\"og:site_name\" content=\"Il\u00e9 Awo\" \/>\n<meta property=\"article:publisher\" content=\"https:\/\/www.facebook.com\/ifabiyii\" \/>\n<meta property=\"article:modified_time\" content=\"2020-06-02T14:07:56+00:00\" \/>\n<meta property=\"og:image\" content=\"http:\/\/ileawo.com\/wp-content\/uploads\/2020\/05\/oke-itase-2016-4.jpg\" \/>\n\t<meta property=\"og:image:width\" content=\"1200\" \/>\n\t<meta property=\"og:image:height\" content=\"633\" \/>\n\t<meta property=\"og:image:type\" content=\"image\/jpeg\" \/>\n<meta name=\"twitter:card\" content=\"summary_large_image\" \/>\n<meta name=\"twitter:site\" content=\"@ifabiyii\" \/>\n<!-- \/ Yoast SEO Premium plugin. -->","yoast_head_json":{"title":"Oke Itase 2016: Od\u00f9 de If\u00e1 revelado Obara Irete - Il\u00e9 Awo","description":"Obara Irete foi o Od\u00f9 revelado no Oke Itase 2016 celebrado em Il\u00e9 If\u00e9, em Il\u00e9 Awo te informamos com exclusividade o que depara If\u00e1 para este ano.","robots":{"index":"index","follow":"follow","max-snippet":"max-snippet:-1","max-image-preview":"max-image-preview:large","max-video-preview":"max-video-preview:-1"},"canonical":"https:\/\/ileawo.com\/pt-br\/oke-itase-letra-do-ano\/oke-itase-2016\/","og_locale":"pt_BR","og_type":"article","og_title":"Oke Itase 2016 \u2013 Letra do Ano 2016 Il\u00e9 Ife Nigeria","og_description":"Obara Irete foi o Od\u00f9 revelado no Oke Itase 2016 celebrado em Il\u00e9 If\u00e9, em Il\u00e9 Awo te informamos com exclusividade o que depara If\u00e1 para este ano.","og_url":"https:\/\/ileawo.com\/pt-br\/oke-itase-letra-do-ano\/oke-itase-2016\/","og_site_name":"Il\u00e9 Awo","article_publisher":"https:\/\/www.facebook.com\/ifabiyii","article_modified_time":"2020-06-02T14:07:56+00:00","og_image":[{"width":1200,"height":633,"url":"http:\/\/ileawo.com\/wp-content\/uploads\/2020\/05\/oke-itase-2016-4.jpg","type":"image\/jpeg"}],"twitter_card":"summary_large_image","twitter_site":"@ifabiyii","schema":{"@context":"https:\/\/schema.org","@graph":[{"@type":"Article","@id":"https:\/\/ileawo.com\/pt-br\/oke-itase-letra-do-ano\/oke-itase-2016\/#article","isPartOf":{"@id":"https:\/\/ileawo.com\/pt-br\/oke-itase-letra-do-ano\/oke-itase-2016\/"},"author":{"name":"If\u00e1b\u00edy\u00ec\u00ed Ak\u00f3d\u00e0","@id":"http:\/\/ileawo.com\/pt-br\/#\/schema\/person\/5b4d3af5a9aa8f02fe88dbeb048ef64a"},"headline":"Oke Itase 2016 \u2013 Letra do Ano 2016 Il\u00e9 Ife Nigeria","datePublished":"2016-06-04T22:00:00+00:00","dateModified":"2020-06-02T14:07:56+00:00","mainEntityOfPage":{"@id":"https:\/\/ileawo.com\/pt-br\/oke-itase-letra-do-ano\/oke-itase-2016\/"},"wordCount":1150,"commentCount":0,"publisher":{"@id":"http:\/\/ileawo.com\/pt-br\/#organization"},"image":{"@id":"https:\/\/ileawo.com\/pt-br\/oke-itase-letra-do-ano\/oke-itase-2016\/#primaryimage"},"thumbnailUrl":"https:\/\/ileawo.com\/wp-content\/uploads\/2020\/05\/oke-itase-2016-4.jpg","articleSection":["Oke Itase"],"inLanguage":"pt-BR","potentialAction":[{"@type":"CommentAction","name":"Comment","target":["https:\/\/ileawo.com\/pt-br\/oke-itase-letra-do-ano\/oke-itase-2016\/#respond"]}]},{"@type":"WebPage","@id":"https:\/\/ileawo.com\/pt-br\/oke-itase-letra-do-ano\/oke-itase-2016\/","url":"https:\/\/ileawo.com\/pt-br\/oke-itase-letra-do-ano\/oke-itase-2016\/","name":"Oke Itase 2016: Od\u00f9 de If\u00e1 revelado Obara Irete - Il\u00e9 Awo","isPartOf":{"@id":"http:\/\/ileawo.com\/pt-br\/#website"},"primaryImageOfPage":{"@id":"https:\/\/ileawo.com\/pt-br\/oke-itase-letra-do-ano\/oke-itase-2016\/#primaryimage"},"image":{"@id":"https:\/\/ileawo.com\/pt-br\/oke-itase-letra-do-ano\/oke-itase-2016\/#primaryimage"},"thumbnailUrl":"https:\/\/ileawo.com\/wp-content\/uploads\/2020\/05\/oke-itase-2016-4.jpg","datePublished":"2016-06-04T22:00:00+00:00","dateModified":"2020-06-02T14:07:56+00:00","description":"Obara Irete foi o Od\u00f9 revelado no Oke Itase 2016 celebrado em Il\u00e9 If\u00e9, em Il\u00e9 Awo te informamos com exclusividade o que depara If\u00e1 para este ano.","breadcrumb":{"@id":"https:\/\/ileawo.com\/pt-br\/oke-itase-letra-do-ano\/oke-itase-2016\/#breadcrumb"},"inLanguage":"pt-BR","potentialAction":[{"@type":"ReadAction","target":["https:\/\/ileawo.com\/pt-br\/oke-itase-letra-do-ano\/oke-itase-2016\/"]}]},{"@type":"ImageObject","inLanguage":"pt-BR","@id":"https:\/\/ileawo.com\/pt-br\/oke-itase-letra-do-ano\/oke-itase-2016\/#primaryimage","url":"https:\/\/ileawo.com\/wp-content\/uploads\/2020\/05\/oke-itase-2016-4.jpg","contentUrl":"https:\/\/ileawo.com\/wp-content\/uploads\/2020\/05\/oke-itase-2016-4.jpg","width":1200,"height":633,"caption":"Oke Itase 2016"},{"@type":"BreadcrumbList","@id":"https:\/\/ileawo.com\/pt-br\/oke-itase-letra-do-ano\/oke-itase-2016\/#breadcrumb","itemListElement":[{"@type":"ListItem","position":1,"name":"Home","item":"http:\/\/ileawo.com\/pt-br\/"},{"@type":"ListItem","position":2,"name":"Oke Itase","item":"http:\/\/ileawo.com\/pt-br\/oke-itase-letra-do-ano\/"},{"@type":"ListItem","position":3,"name":"Oke Itase 2016 \u2013 Letra do Ano 2016 Il\u00e9 Ife Nigeria"}]},{"@type":"WebSite","@id":"http:\/\/ileawo.com\/pt-br\/#website","url":"http:\/\/ileawo.com\/pt-br\/","name":"Il\u00e9 Awo","description":"","publisher":{"@id":"http:\/\/ileawo.com\/pt-br\/#organization"},"potentialAction":[{"@type":"SearchAction","target":{"@type":"EntryPoint","urlTemplate":"http:\/\/ileawo.com\/pt-br\/?s={search_term_string}"},"query-input":{"@type":"PropertyValueSpecification","valueRequired":true,"valueName":"search_term_string"}}],"inLanguage":"pt-BR"},{"@type":"Organization","@id":"http:\/\/ileawo.com\/pt-br\/#organization","name":"Il\u00e9 Awo","url":"http:\/\/ileawo.com\/pt-br\/","logo":{"@type":"ImageObject","inLanguage":"pt-BR","@id":"http:\/\/ileawo.com\/pt-br\/#\/schema\/logo\/image\/","url":"https:\/\/ileawo.com\/wp-content\/uploads\/revslider\/Bienvenido\/Logo-Ile-Awo-20201.png","contentUrl":"https:\/\/ileawo.com\/wp-content\/uploads\/revslider\/Bienvenido\/Logo-Ile-Awo-20201.png","width":500,"height":155,"caption":"Il\u00e9 Awo"},"image":{"@id":"http:\/\/ileawo.com\/pt-br\/#\/schema\/logo\/image\/"},"sameAs":["https:\/\/www.facebook.com\/ifabiyii","https:\/\/x.com\/ifabiyii","https:\/\/www.instagram.com\/ifabiyii_akoda\/"]},{"@type":"Person","@id":"http:\/\/ileawo.com\/pt-br\/#\/schema\/person\/5b4d3af5a9aa8f02fe88dbeb048ef64a","name":"If\u00e1b\u00edy\u00ec\u00ed Ak\u00f3d\u00e0","image":{"@type":"ImageObject","inLanguage":"pt-BR","@id":"https:\/\/secure.gravatar.com\/avatar\/07530fd5fec1f19247b6ca33a6f419284691fff29c8857d86ea771d943bdba08?s=96&d=mm&r=g","url":"https:\/\/secure.gravatar.com\/avatar\/07530fd5fec1f19247b6ca33a6f419284691fff29c8857d86ea771d943bdba08?s=96&d=mm&r=g","contentUrl":"https:\/\/secure.gravatar.com\/avatar\/07530fd5fec1f19247b6ca33a6f419284691fff29c8857d86ea771d943bdba08?s=96&d=mm&r=g","caption":"If\u00e1b\u00edy\u00ec\u00ed Ak\u00f3d\u00e0"},"sameAs":["https:\/\/ileawo.com\/"]}]}},"_links":{"self":[{"href":"https:\/\/ileawo.com\/pt-br\/wp-json\/wp\/v2\/pages\/2196","targetHints":{"allow":["GET"]}}],"collection":[{"href":"https:\/\/ileawo.com\/pt-br\/wp-json\/wp\/v2\/pages"}],"about":[{"href":"https:\/\/ileawo.com\/pt-br\/wp-json\/wp\/v2\/types\/page"}],"author":[{"embeddable":true,"href":"https:\/\/ileawo.com\/pt-br\/wp-json\/wp\/v2\/users\/1"}],"replies":[{"embeddable":true,"href":"https:\/\/ileawo.com\/pt-br\/wp-json\/wp\/v2\/comments?post=2196"}],"version-history":[{"count":0,"href":"https:\/\/ileawo.com\/pt-br\/wp-json\/wp\/v2\/pages\/2196\/revisions"}],"up":[{"embeddable":true,"href":"https:\/\/ileawo.com\/pt-br\/wp-json\/wp\/v2\/pages\/2097"}],"wp:featuredmedia":[{"embeddable":true,"href":"https:\/\/ileawo.com\/pt-br\/wp-json\/wp\/v2\/media\/2200"}],"wp:attachment":[{"href":"https:\/\/ileawo.com\/pt-br\/wp-json\/wp\/v2\/media?parent=2196"}],"wp:term":[{"taxonomy":"category","embeddable":true,"href":"https:\/\/ileawo.com\/pt-br\/wp-json\/wp\/v2\/categories?post=2196"}],"curies":[{"name":"wp","href":"https:\/\/api.w.org\/{rel}","templated":true}]}}