{"id":2171,"date":"2017-06-04T00:00:00","date_gmt":"2017-06-03T22:00:00","guid":{"rendered":"https:\/\/ileawo.com\/oke-itase-letra-do-ano\/oke-itase-2017\/"},"modified":"2020-06-02T16:00:48","modified_gmt":"2020-06-02T14:00:48","slug":"oke-itase-2017","status":"publish","type":"page","link":"https:\/\/ileawo.com\/pt-br\/oke-itase-letra-do-ano\/oke-itase-2017\/","title":{"rendered":"Oke Itase 2017 \u2013 Letra do Ano 2017 | Il\u00e9 Ife Nigeria"},"content":{"rendered":"<div class=\"wpb-content-wrapper\"><p>[vc_row][vc_column][vc_single_image image=&#8221;1371&#8243; img_size=&#8221;medium&#8221; alignment=&#8221;center&#8221; css=&#8221;.vc_custom_1590057413371{margin-bottom: 0px !important;}&#8221;][vc_column_text]<\/p>\n<h2 style=\"text-align: center;\">Od\u00f9 \u00d2g\u00fand\u00e1 \u00ccw\u00f2r\u00ec<\/h2>\n<p>[\/vc_column_text][\/vc_column][\/vc_row][vc_row][vc_column width=&#8221;1\/6&#8243; offset=&#8221;vc_hidden-sm vc_hidden-xs&#8221;][\/vc_column][vc_column width=&#8221;1\/2&#8243; offset=&#8221;vc_col-md-4&#8243;][vc_column_text]<\/p>\n<div style=\"background-color: #f6f6f6; margin: 10px; border-radius: 10px;\">\n<h5 class=\"white-box\">Yor\u00f9b\u00e1<\/h5>\n<p style=\"background-color: #f6f6f6; padding: 30px; border-radius: 0px 0px 10px 10px;\">Ogunda niko lapo<br \/>\nIwori niko lofa<br \/>\nOfa kan soso iwori nise apo yoro yoro<br \/>\nA difa fun ogun nijo<br \/>\nTi n lo soko ode<br \/>\nEbo ni won ni kose<br \/>\nO gbebo nibe o rubo<br \/>\nOgun peran wale, ogun peran<br \/>\nEyin ogunda wori<\/p>\n<\/div>\n<p>[\/vc_column_text][\/vc_column][vc_column width=&#8221;1\/2&#8243; offset=&#8221;vc_col-md-4&#8243;][vc_column_text css=&#8221;.vc_custom_1590513199981{margin-bottom: 0px !important;}&#8221;]<\/p>\n<div style=\"background-color: #f6f6f6; margin: 10px; border-radius: 10px;\">\n<h5 class=\"white-box\">Portugu\u00eas<\/h5>\n<p style=\"background-color: #f6f6f6; padding: 30px; border-radius: 0px 0px 10px 10px;\">\u00c9 Ogunda que n\u00e3o tem bolsa<br \/>\n\u00c9 Iwori que n\u00e3o tem flecha<br \/>\n\u00c9 apenas a flecha de Iwori que faz a sacola soar e tremer<br \/>\nEles fizeram adivinha\u00e7\u00e3o de If\u00e1 a Ogum<br \/>\nNo dia em que foi para a fazenda<br \/>\nEle foi aconselhado a oferecer sacrif\u00edcio<br \/>\nEle ouviu e cumpriu<br \/>\nOgum matou animais em casa, ogum matou animais<br \/>\nSaudamos Ogunda Iwori<\/p>\n<\/div>\n<p>[\/vc_column_text][\/vc_column][vc_column width=&#8221;1\/6&#8243; offset=&#8221;vc_hidden-sm vc_hidden-xs&#8221;][\/vc_column][\/vc_row][vc_row][vc_column][vc_raw_html css=&#8221;.vc_custom_1572654247108{margin-top: 40px !important;}&#8221;]JTNDc2NyaXB0JTIwYXN5bmMlMjBzcmMlM0QlMjIlMkYlMkZwYWdlYWQyLmdvb2dsZXN5bmRpY2F0aW9uLmNvbSUyRnBhZ2VhZCUyRmpzJTJGYWRzYnlnb29nbGUuanMlMjIlM0UlM0MlMkZzY3JpcHQlM0UlMEElM0MlMjEtLSUyMExhLVByZW5zYS1BZHMlMjAtLSUzRSUwQSUzQ2lucyUyMGNsYXNzJTNEJTIyYWRzYnlnb29nbGUlMjIlMEElMjAlMjAlMjAlMjAlMjBzdHlsZSUzRCUyMmRpc3BsYXklM0FibG9jayUyMiUwQSUyMCUyMCUyMCUyMCUyMGRhdGEtYWQtY2xpZW50JTNEJTIyY2EtcHViLTQ3MTQwOTc3Mzc0NDUxMDklMjIlMEElMjAlMjAlMjAlMjAlMjBkYXRhLWFkLXNsb3QlM0QlMjI5MjA2NTcxMDc3JTIyJTBBJTIwJTIwJTIwJTIwJTIwZGF0YS1hZC1mb3JtYXQlM0QlMjJhdXRvJTIyJTNFJTNDJTJGaW5zJTNFJTBBJTNDc2NyaXB0JTNFJTBBJTI4YWRzYnlnb29nbGUlMjAlM0QlMjB3aW5kb3cuYWRzYnlnb29nbGUlMjAlN0MlN0MlMjAlNUIlNUQlMjkucHVzaCUyOCU3QiU3RCUyOSUzQiUwQSUzQyUyRnNjcmlwdCUzRQ==[\/vc_raw_html][\/vc_column][\/vc_row][vc_row][vc_column offset=&#8221;vc_col-md-2 vc_hidden-sm vc_hidden-xs&#8221;][\/vc_column][vc_column offset=&#8221;vc_col-md-8&#8243;][vc_column_text]<\/p>\n<div class=\"uvc-main-heading ult-responsive\" data-ultimate-target=\".uvc-heading.ultimate-heading-92575db682638844d h2\" data-responsive-json-new=\"{&quot;font-size&quot;:&quot;desktop:28px;tablet:26px;tablet_portrait:26px;mobile_landscape:24px;mobile:24px;&quot;,&quot;line-height&quot;:&quot;desktop:34px;&quot;}\">\n<h2>Diz If\u00e1 no Oke Itase 2017 ou letra do ano 2017<\/h2>\n<\/div>\n<div class=\"uvc-sub-heading ult-responsive\" data-ultimate-target=\".uvc-heading.ultimate-heading-92575db682638844d .uvc-sub-heading \" data-responsive-json-new=\"{&quot;font-size&quot;:&quot;&quot;,&quot;line-height&quot;:&quot;desktop:26px;&quot;}\">\n<p>O Od\u00f9 Ogunda Iwori da Letra do Ano 2017 If\u00e1 fala sobre o destino, sa\u00fade e vida longa. Ele adverte que o sacrif\u00edcio deve ser feito para n\u00e3o haver problemas em seus \u00f3rg\u00e3os vitais. No Oke Itase 2017, apresentado em Ile Ife, If\u00e1 tamb\u00e9m alerta que deve propiciar <a href=\"https:\/\/ileawo.com\/pt-br\/orixas-yoruba\/exu-elegua\/\">Exu<\/a> para alcan\u00e7ar o destino da vida longa.<\/p>\n<p>If\u00e1 diz que lamentou por n\u00e3o ter esposa, mas que sim a ter\u00e1. No entanto, voc\u00ea deve fazer um sacrif\u00edcio para n\u00e3o viver em uma discuss\u00e3o constante com ela.<\/p>\n<p>Na Letra do Ano de 2017, tamb\u00e9m diz If\u00e1 que lamentou por n\u00e3o ter filhos, e que se ele fizer um sacrif\u00edcio, ele os ter\u00e1. Ele tamb\u00e9m deve se sacrificar com sua filha para poder derrotar seus inimigos. E \u00e9 que If\u00e1 fala em Ogunda Iwori que ele tem um inimigo muito forte, que tenta destru\u00ed-lo. \u00c9 por isso que If\u00e1 o aconselha a fazer um sacrif\u00edcio com a filha para derrot\u00e1-lo. Ele tamb\u00e9m deve reunir sua fam\u00edlia e fazer oferendas para derrotar os inimigos.<\/p>\n<p>No Oke Itase If\u00e1 indica que ele trabalha duro, mas n\u00e3o v\u00ea os benef\u00edcios de seu trabalho. Voc\u00ea deve fazer sacrif\u00edcios para desfrutar dos frutos do trabalho. aconselha If\u00e1 a propicia\u00e7\u00e3o de Ori para obter uma promo\u00e7\u00e3o ou o emprego que ele est\u00e1 procurando. \u00c9 dif\u00edcil para voc\u00ea alcan\u00e7ar a prosperidade e voc\u00ea deve fazer um sacrif\u00edcio para desfrutar de fortuna e riqueza.<\/p>\n<p>Tamb\u00e9m diz If\u00e1 no Odu revelado em Ile Ife que voc\u00ea deve evitar problemas no trabalho. If\u00e1 descreve voc\u00ea como uma pessoa teimosa e recalcitrante. If\u00e1 tamb\u00e9m adverte em Ogunda Iwori que ele deve tomar cuidado para n\u00e3o cair em uma armadilha armada por seus inimigos e que para derrot\u00e1-los, deve fazer sacrif\u00edcios.<\/p>\n<p>Voc\u00ea deve sempre ser honesto e sincero, mas tamb\u00e9m deve fazer sacrif\u00edcios para que o que seus inimigos escondem venha \u00e0 luz.<\/p>\n<p>O Oke Itase 2017 tamb\u00e9m fala que \u00e9 necess\u00e1rio executar o ebo para evitar uma cat\u00e1strofe ou um incidente terr\u00edvel. Esse problema pode causar um grande dilema ou confus\u00e3o e voc\u00ea deve sacrificar com toda a fam\u00edlia para que esse dilema n\u00e3o agrave seus problemas.<\/p>\n<p>If\u00e1 diz que, se ele pretende fazer uma viagem, deve fazer um sacrif\u00edcio e que deve levar If\u00e1 com ele para voltar com sorte.<\/p>\n<p>Al\u00e9m disso, voc\u00ea deve ter cuidado com a esteira em que se pr\u00e1tica if\u00e1, para que eles n\u00e3o usem magias contra voc\u00ea<\/p>\n<p>If\u00e1 diz que devemos realizar sacrif\u00edcios com Ogbi Cola e Orogbo.<\/p>\n<p>O restante das informa\u00e7\u00f5es sobre Ogunda Iwori est\u00e1 dispon\u00edvel no\u00a0<a href=\"http:\/\/hyperurl.co\/ifa-pro-app\">If\u00e1 Tradicional Pro<\/a> y <a href=\"http:\/\/hyperurl.co\/oju-odu\">Oj\u00fa Od\u00f9<\/a>.<\/p>\n<\/div>\n<p>[\/vc_column_text][\/vc_column][vc_column width=&#8221;1\/6&#8243; offset=&#8221;vc_hidden-sm vc_hidden-xs&#8221;][\/vc_column][\/vc_row][vc_row][vc_column width=&#8221;1\/6&#8243;][\/vc_column][vc_column width=&#8221;2\/3&#8243;][vc_column_text]<\/p>\n<div class=\"uvc-main-heading ult-responsive\" data-ultimate-target=\".uvc-heading.ultimate-heading-6945db682638847b h2\" data-responsive-json-new=\"{&quot;font-size&quot;:&quot;desktop:28px;tablet:26px;tablet_portrait:26px;mobile_landscape:24px;mobile:24px;&quot;,&quot;line-height&quot;:&quot;desktop:34px;&quot;}\">\n<h3>Akose do Oke Itase 2017 del signo de If\u00e1 Ogunda Iwori (\u00d2g\u00fand\u00e1 \u00ccw\u00f2r\u00ec)<\/h3>\n<\/div>\n<ul>\n<li class=\"uvc-sub-heading ult-responsive\" data-ultimate-target=\".uvc-heading.ultimate-heading-6945db682638847b .uvc-sub-heading \" data-responsive-json-new=\"{&quot;font-size&quot;:&quot;&quot;,&quot;line-height&quot;:&quot;desktop:26px;&quot;}\">Ewe Segunsete<\/li>\n<li class=\"uvc-sub-heading ult-responsive\" data-ultimate-target=\".uvc-heading.ultimate-heading-6945db682638847b .uvc-sub-heading \" data-responsive-json-new=\"{&quot;font-size&quot;:&quot;&quot;,&quot;line-height&quot;:&quot;desktop:26px;&quot;}\">Ose dudu<\/li>\n<li class=\"uvc-sub-heading ult-responsive\" data-ultimate-target=\".uvc-heading.ultimate-heading-6945db682638847b .uvc-sub-heading \" data-responsive-json-new=\"{&quot;font-size&quot;:&quot;&quot;,&quot;line-height&quot;:&quot;desktop:26px;&quot;}\">Iyerosun<\/li>\n<\/ul>\n<p>[\/vc_column_text][\/vc_column][vc_column width=&#8221;1\/6&#8243;][\/vc_column][\/vc_row][vc_row][vc_column][vc_raw_html css=&#8221;.vc_custom_1572654247108{margin-top: 40px !important;}&#8221;]JTNDc2NyaXB0JTIwYXN5bmMlMjBzcmMlM0QlMjIlMkYlMkZwYWdlYWQyLmdvb2dsZXN5bmRpY2F0aW9uLmNvbSUyRnBhZ2VhZCUyRmpzJTJGYWRzYnlnb29nbGUuanMlMjIlM0UlM0MlMkZzY3JpcHQlM0UlMEElM0MlMjEtLSUyMExhLVByZW5zYS1BZHMlMjAtLSUzRSUwQSUzQ2lucyUyMGNsYXNzJTNEJTIyYWRzYnlnb29nbGUlMjIlMEElMjAlMjAlMjAlMjAlMjBzdHlsZSUzRCUyMmRpc3BsYXklM0FibG9jayUyMiUwQSUyMCUyMCUyMCUyMCUyMGRhdGEtYWQtY2xpZW50JTNEJTIyY2EtcHViLTQ3MTQwOTc3Mzc0NDUxMDklMjIlMEElMjAlMjAlMjAlMjAlMjBkYXRhLWFkLXNsb3QlM0QlMjI5MjA2NTcxMDc3JTIyJTBBJTIwJTIwJTIwJTIwJTIwZGF0YS1hZC1mb3JtYXQlM0QlMjJhdXRvJTIyJTNFJTNDJTJGaW5zJTNFJTBBJTNDc2NyaXB0JTNFJTBBJTI4YWRzYnlnb29nbGUlMjAlM0QlMjB3aW5kb3cuYWRzYnlnb29nbGUlMjAlN0MlN0MlMjAlNUIlNUQlMjkucHVzaCUyOCU3QiU3RCUyOSUzQiUwQSUzQyUyRnNjcmlwdCUzRQ==[\/vc_raw_html][\/vc_column][\/vc_row][vc_row][vc_column width=&#8221;1\/4&#8243; offset=&#8221;vc_col-md-3 vc_hidden-sm vc_hidden-xs&#8221;][\/vc_column][vc_column offset=&#8221;vc_col-md-6 vc_col-xs-12&#8243;][vc_images_carousel images=&#8221;1365,1368,1362,1359,1356&#8243; img_size=&#8221;600&#215;400&#8243; onclick=&#8221;link_no&#8221; autoplay=&#8221;yes&#8221; wrap=&#8221;yes&#8221;][\/vc_column][vc_column width=&#8221;1\/4&#8243; offset=&#8221;vc_col-md-3 vc_hidden-sm vc_hidden-xs&#8221;][\/vc_column][\/vc_row][vc_row full_width=&#8221;stretch_row&#8221; content_placement=&#8221;middle&#8221; bg_type=&#8221;bg_color&#8221; bg_override=&#8221;ex-full&#8221; bg_color_value=&#8221;#4e89d5&#8243; el_class=&#8221;banner&#8221; css=&#8221;.vc_custom_1589978961980{margin-top: 40px !important;background-color: #4e89d5 !important;}&#8221;][vc_column width=&#8221;2\/3&#8243;][vc_column_text el_class=&#8221;banner-text&#8221;]Fa\u00e7a uma adivinha\u00e7\u00e3o de If\u00e1 e saiba o que o Orixa reserva para voc\u00ea[\/vc_column_text][\/vc_column][vc_column width=&#8221;1\/3&#8243;][vc_column_text css_animation=&#8221;bounceIn&#8221;]<\/p>\n<p style=\"text-align: center;\"><a class=\"custom-buttons-alternative\" href=\"\/pt-br\/contato\/\">Consulte-nos<\/a><\/p>\n<p>[\/vc_column_text][\/vc_column][\/vc_row]<\/p>\n<\/div>"},"excerpt":{"rendered":"<p>[vc_row][vc_column][vc_single_image image=&#8221;1371&#8243; img_size=&#8221;medium&#8221; alignment=&#8221;center&#8221; css=&#8221;.vc_custom_1590057413371{margin-bottom: 0px !important;}&#8221;][vc_column_text] Od\u00f9 \u00d2g\u00fand\u00e1 \u00ccw\u00f2r\u00ec [\/vc_column_text][\/vc_column][\/vc_row][vc_row][vc_column width=&#8221;1\/6&#8243; offset=&#8221;vc_hidden-sm vc_hidden-xs&#8221;][\/vc_column][vc_column width=&#8221;1\/2&#8243; offset=&#8221;vc_col-md-4&#8243;][vc_column_text] Yor\u00f9b\u00e1 Ogunda niko lapo Iwori niko lofa Ofa kan soso<span class=\"excerpt-hellip\"> [\u2026]<\/span><\/p>\n","protected":false},"author":1,"featured_media":2193,"parent":2097,"menu_order":0,"comment_status":"open","ping_status":"closed","template":"","meta":{"footnotes":""},"categories":[2713],"class_list":["post-2171","page","type-page","status-publish","has-post-thumbnail","hentry","category-oke-itase-pt-br"],"yoast_head":"<!-- This site is optimized with the Yoast SEO Premium plugin v25.2 (Yoast SEO v27.3) - https:\/\/yoast.com\/product\/yoast-seo-premium-wordpress\/ -->\n<title>Oke Itase 2017: Od\u00f9 de If\u00e1 revelado Ogunda Iwori - Il\u00e9 Awo<\/title>\n<meta name=\"description\" content=\"Ogunda Iwori foi o Od\u00f9 de If\u00e1 revelado no Oke Itase 2017. Os des\u00edgnios de If\u00e1 para este ano, obtenha em primeira m\u00e3o em Il\u00e9 Awo.\" \/>\n<meta name=\"robots\" content=\"index, follow, max-snippet:-1, max-image-preview:large, max-video-preview:-1\" \/>\n<link rel=\"canonical\" href=\"https:\/\/ileawo.com\/pt-br\/oke-itase-letra-do-ano\/oke-itase-2017\/\" \/>\n<meta property=\"og:locale\" content=\"pt_BR\" \/>\n<meta property=\"og:type\" content=\"article\" \/>\n<meta property=\"og:title\" content=\"Oke Itase 2017 \u2013 Letra do Ano 2017 | Il\u00e9 Ife Nigeria\" \/>\n<meta property=\"og:description\" content=\"Ogunda Iwori foi o Od\u00f9 de If\u00e1 revelado no Oke Itase 2017. Os des\u00edgnios de If\u00e1 para este ano, obtenha em primeira m\u00e3o em Il\u00e9 Awo.\" \/>\n<meta property=\"og:url\" content=\"https:\/\/ileawo.com\/pt-br\/oke-itase-letra-do-ano\/oke-itase-2017\/\" \/>\n<meta property=\"og:site_name\" content=\"Il\u00e9 Awo\" \/>\n<meta property=\"article:publisher\" content=\"https:\/\/www.facebook.com\/ifabiyii\" \/>\n<meta property=\"article:modified_time\" content=\"2020-06-02T14:00:48+00:00\" \/>\n<meta property=\"og:image\" content=\"https:\/\/ileawo.com\/wp-content\/uploads\/2020\/05\/oke-itase-2017-9.jpg\" \/>\n\t<meta property=\"og:image:width\" content=\"1200\" \/>\n\t<meta property=\"og:image:height\" content=\"633\" \/>\n\t<meta property=\"og:image:type\" content=\"image\/jpeg\" \/>\n<meta name=\"twitter:card\" content=\"summary_large_image\" \/>\n<meta name=\"twitter:site\" content=\"@ifabiyii\" \/>\n<!-- \/ Yoast SEO Premium plugin. -->","yoast_head_json":{"title":"Oke Itase 2017: Od\u00f9 de If\u00e1 revelado Ogunda Iwori - Il\u00e9 Awo","description":"Ogunda Iwori foi o Od\u00f9 de If\u00e1 revelado no Oke Itase 2017. Os des\u00edgnios de If\u00e1 para este ano, obtenha em primeira m\u00e3o em Il\u00e9 Awo.","robots":{"index":"index","follow":"follow","max-snippet":"max-snippet:-1","max-image-preview":"max-image-preview:large","max-video-preview":"max-video-preview:-1"},"canonical":"https:\/\/ileawo.com\/pt-br\/oke-itase-letra-do-ano\/oke-itase-2017\/","og_locale":"pt_BR","og_type":"article","og_title":"Oke Itase 2017 \u2013 Letra do Ano 2017 | Il\u00e9 Ife Nigeria","og_description":"Ogunda Iwori foi o Od\u00f9 de If\u00e1 revelado no Oke Itase 2017. Os des\u00edgnios de If\u00e1 para este ano, obtenha em primeira m\u00e3o em Il\u00e9 Awo.","og_url":"https:\/\/ileawo.com\/pt-br\/oke-itase-letra-do-ano\/oke-itase-2017\/","og_site_name":"Il\u00e9 Awo","article_publisher":"https:\/\/www.facebook.com\/ifabiyii","article_modified_time":"2020-06-02T14:00:48+00:00","og_image":[{"width":1200,"height":633,"url":"https:\/\/ileawo.com\/wp-content\/uploads\/2020\/05\/oke-itase-2017-9.jpg","type":"image\/jpeg"}],"twitter_card":"summary_large_image","twitter_site":"@ifabiyii","schema":{"@context":"https:\/\/schema.org","@graph":[{"@type":"Article","@id":"https:\/\/ileawo.com\/pt-br\/oke-itase-letra-do-ano\/oke-itase-2017\/#article","isPartOf":{"@id":"https:\/\/ileawo.com\/pt-br\/oke-itase-letra-do-ano\/oke-itase-2017\/"},"author":{"name":"If\u00e1b\u00edy\u00ec\u00ed Ak\u00f3d\u00e0","@id":"http:\/\/ileawo.com\/pt-br\/#\/schema\/person\/5b4d3af5a9aa8f02fe88dbeb048ef64a"},"headline":"Oke Itase 2017 \u2013 Letra do Ano 2017 | Il\u00e9 Ife Nigeria","datePublished":"2017-06-03T22:00:00+00:00","dateModified":"2020-06-02T14:00:48+00:00","mainEntityOfPage":{"@id":"https:\/\/ileawo.com\/pt-br\/oke-itase-letra-do-ano\/oke-itase-2017\/"},"wordCount":1044,"commentCount":0,"publisher":{"@id":"http:\/\/ileawo.com\/pt-br\/#organization"},"image":{"@id":"https:\/\/ileawo.com\/pt-br\/oke-itase-letra-do-ano\/oke-itase-2017\/#primaryimage"},"thumbnailUrl":"https:\/\/ileawo.com\/wp-content\/uploads\/2020\/05\/oke-itase-2017-9.jpg","articleSection":["Oke Itase"],"inLanguage":"pt-BR","potentialAction":[{"@type":"CommentAction","name":"Comment","target":["https:\/\/ileawo.com\/pt-br\/oke-itase-letra-do-ano\/oke-itase-2017\/#respond"]}]},{"@type":"WebPage","@id":"https:\/\/ileawo.com\/pt-br\/oke-itase-letra-do-ano\/oke-itase-2017\/","url":"https:\/\/ileawo.com\/pt-br\/oke-itase-letra-do-ano\/oke-itase-2017\/","name":"Oke Itase 2017: Od\u00f9 de If\u00e1 revelado Ogunda Iwori - Il\u00e9 Awo","isPartOf":{"@id":"http:\/\/ileawo.com\/pt-br\/#website"},"primaryImageOfPage":{"@id":"https:\/\/ileawo.com\/pt-br\/oke-itase-letra-do-ano\/oke-itase-2017\/#primaryimage"},"image":{"@id":"https:\/\/ileawo.com\/pt-br\/oke-itase-letra-do-ano\/oke-itase-2017\/#primaryimage"},"thumbnailUrl":"https:\/\/ileawo.com\/wp-content\/uploads\/2020\/05\/oke-itase-2017-9.jpg","datePublished":"2017-06-03T22:00:00+00:00","dateModified":"2020-06-02T14:00:48+00:00","description":"Ogunda Iwori foi o Od\u00f9 de If\u00e1 revelado no Oke Itase 2017. Os des\u00edgnios de If\u00e1 para este ano, obtenha em primeira m\u00e3o em Il\u00e9 Awo.","breadcrumb":{"@id":"https:\/\/ileawo.com\/pt-br\/oke-itase-letra-do-ano\/oke-itase-2017\/#breadcrumb"},"inLanguage":"pt-BR","potentialAction":[{"@type":"ReadAction","target":["https:\/\/ileawo.com\/pt-br\/oke-itase-letra-do-ano\/oke-itase-2017\/"]}]},{"@type":"ImageObject","inLanguage":"pt-BR","@id":"https:\/\/ileawo.com\/pt-br\/oke-itase-letra-do-ano\/oke-itase-2017\/#primaryimage","url":"https:\/\/ileawo.com\/wp-content\/uploads\/2020\/05\/oke-itase-2017-9.jpg","contentUrl":"https:\/\/ileawo.com\/wp-content\/uploads\/2020\/05\/oke-itase-2017-9.jpg","width":1200,"height":633,"caption":"Oke Itase 2017"},{"@type":"BreadcrumbList","@id":"https:\/\/ileawo.com\/pt-br\/oke-itase-letra-do-ano\/oke-itase-2017\/#breadcrumb","itemListElement":[{"@type":"ListItem","position":1,"name":"Home","item":"http:\/\/ileawo.com\/pt-br\/"},{"@type":"ListItem","position":2,"name":"Oke Itase","item":"http:\/\/ileawo.com\/pt-br\/oke-itase-letra-do-ano\/"},{"@type":"ListItem","position":3,"name":"Oke Itase 2017 \u2013 Letra do Ano 2017 | Il\u00e9 Ife Nigeria"}]},{"@type":"WebSite","@id":"http:\/\/ileawo.com\/pt-br\/#website","url":"http:\/\/ileawo.com\/pt-br\/","name":"Il\u00e9 Awo","description":"","publisher":{"@id":"http:\/\/ileawo.com\/pt-br\/#organization"},"potentialAction":[{"@type":"SearchAction","target":{"@type":"EntryPoint","urlTemplate":"http:\/\/ileawo.com\/pt-br\/?s={search_term_string}"},"query-input":{"@type":"PropertyValueSpecification","valueRequired":true,"valueName":"search_term_string"}}],"inLanguage":"pt-BR"},{"@type":"Organization","@id":"http:\/\/ileawo.com\/pt-br\/#organization","name":"Il\u00e9 Awo","url":"http:\/\/ileawo.com\/pt-br\/","logo":{"@type":"ImageObject","inLanguage":"pt-BR","@id":"http:\/\/ileawo.com\/pt-br\/#\/schema\/logo\/image\/","url":"https:\/\/ileawo.com\/wp-content\/uploads\/revslider\/Bienvenido\/Logo-Ile-Awo-20201.png","contentUrl":"https:\/\/ileawo.com\/wp-content\/uploads\/revslider\/Bienvenido\/Logo-Ile-Awo-20201.png","width":500,"height":155,"caption":"Il\u00e9 Awo"},"image":{"@id":"http:\/\/ileawo.com\/pt-br\/#\/schema\/logo\/image\/"},"sameAs":["https:\/\/www.facebook.com\/ifabiyii","https:\/\/x.com\/ifabiyii","https:\/\/www.instagram.com\/ifabiyii_akoda\/"]},{"@type":"Person","@id":"http:\/\/ileawo.com\/pt-br\/#\/schema\/person\/5b4d3af5a9aa8f02fe88dbeb048ef64a","name":"If\u00e1b\u00edy\u00ec\u00ed Ak\u00f3d\u00e0","image":{"@type":"ImageObject","inLanguage":"pt-BR","@id":"https:\/\/secure.gravatar.com\/avatar\/07530fd5fec1f19247b6ca33a6f419284691fff29c8857d86ea771d943bdba08?s=96&d=mm&r=g","url":"https:\/\/secure.gravatar.com\/avatar\/07530fd5fec1f19247b6ca33a6f419284691fff29c8857d86ea771d943bdba08?s=96&d=mm&r=g","contentUrl":"https:\/\/secure.gravatar.com\/avatar\/07530fd5fec1f19247b6ca33a6f419284691fff29c8857d86ea771d943bdba08?s=96&d=mm&r=g","caption":"If\u00e1b\u00edy\u00ec\u00ed Ak\u00f3d\u00e0"},"sameAs":["https:\/\/ileawo.com\/"]}]}},"_links":{"self":[{"href":"https:\/\/ileawo.com\/pt-br\/wp-json\/wp\/v2\/pages\/2171","targetHints":{"allow":["GET"]}}],"collection":[{"href":"https:\/\/ileawo.com\/pt-br\/wp-json\/wp\/v2\/pages"}],"about":[{"href":"https:\/\/ileawo.com\/pt-br\/wp-json\/wp\/v2\/types\/page"}],"author":[{"embeddable":true,"href":"https:\/\/ileawo.com\/pt-br\/wp-json\/wp\/v2\/users\/1"}],"replies":[{"embeddable":true,"href":"https:\/\/ileawo.com\/pt-br\/wp-json\/wp\/v2\/comments?post=2171"}],"version-history":[{"count":0,"href":"https:\/\/ileawo.com\/pt-br\/wp-json\/wp\/v2\/pages\/2171\/revisions"}],"up":[{"embeddable":true,"href":"https:\/\/ileawo.com\/pt-br\/wp-json\/wp\/v2\/pages\/2097"}],"wp:featuredmedia":[{"embeddable":true,"href":"https:\/\/ileawo.com\/pt-br\/wp-json\/wp\/v2\/media\/2193"}],"wp:attachment":[{"href":"https:\/\/ileawo.com\/pt-br\/wp-json\/wp\/v2\/media?parent=2171"}],"wp:term":[{"taxonomy":"category","embeddable":true,"href":"https:\/\/ileawo.com\/pt-br\/wp-json\/wp\/v2\/categories?post=2171"}],"curies":[{"name":"wp","href":"https:\/\/api.w.org\/{rel}","templated":true}]}}