{"id":2137,"date":"2018-06-03T00:00:00","date_gmt":"2018-06-02T22:00:00","guid":{"rendered":"https:\/\/ileawo.com\/oke-itase-letra-do-ano\/oke-itase-2018\/"},"modified":"2020-06-02T15:59:01","modified_gmt":"2020-06-02T13:59:01","slug":"oke-itase-2018","status":"publish","type":"page","link":"https:\/\/ileawo.com\/pt-br\/oke-itase-letra-do-ano\/oke-itase-2018\/","title":{"rendered":"Oke Itase 2018 \u2013 Letra do Ano 2018 | Il\u00e9 Ife Nigeria"},"content":{"rendered":"<div class=\"wpb-content-wrapper\"><p>[vc_row][vc_column][vc_single_image image=&#8221;1320&#8243; img_size=&#8221;medium&#8221; alignment=&#8221;center&#8221; css=&#8221;.vc_custom_1590057965035{margin-bottom: 0px !important;}&#8221;][vc_column_text]<\/p>\n<h2 style=\"text-align: center;\">Od\u00f9 Irete Ika<\/h2>\n<p>[\/vc_column_text][\/vc_column][\/vc_row][vc_row][vc_column width=&#8221;1\/6&#8243; offset=&#8221;vc_hidden-sm vc_hidden-xs&#8221;][\/vc_column][vc_column width=&#8221;1\/2&#8243; offset=&#8221;vc_col-md-4&#8243;][vc_column_text]<\/p>\n<div style=\"background-color: #f6f6f6; margin: 10px; border-radius: 10px;\">\n<h5 class=\"white-box\">Yor\u00f9b\u00e1<\/h5>\n<p style=\"background-color: #f6f6f6; padding: 30px; border-radius: 0px 0px 10px 10px;\">Teka-teka laa kala<br \/>\nTeka-teka laa ka\u2019kan<br \/>\nIleke ponpon lorun aboosa<br \/>\nDia fun Yemoo<br \/>\nTii s\u2019obinrin Orisa<br \/>\nEbo ni won ni ko waa se<br \/>\nO gbebo, o rubo<br \/>\nKo pe, ko jinna<br \/>\nE waa ba\u2019ni bayo<br \/>\nE waa wo\u2019re o<\/p>\n<\/div>\n<p>[\/vc_column_text][\/vc_column][vc_column width=&#8221;1\/2&#8243; offset=&#8221;vc_col-md-4&#8243;][vc_column_text css=&#8221;.vc_custom_1590513108770{margin-bottom: 0px !important;}&#8221;]<\/p>\n<div style=\"background-color: #f6f6f6; margin: 10px; border-radius: 10px;\">\n<h5 class=\"white-box\">Portugu\u00eas<\/h5>\n<p style=\"background-color: #f6f6f6; padding: 30px; border-radius: 0px 0px 10px 10px;\">A \u00e1rvore de ocra se dobra quando colhida<br \/>\nA \u00e1rvore da horta do jardim se dobra quando \u00e9 colhida<br \/>\nO pesco\u00e7o de um devoto de Orixa \u00e9 adornado com mi\u00e7angas coloridas<br \/>\nEstas foram as mensagens de If\u00e1 para Yemoo<br \/>\nEsposa de Obatala<br \/>\nEle foi aconselhado a oferecer sacrif\u00edcio<br \/>\nEla ouviu e cumpriu<br \/>\nEm pouco tempo, n\u00e3o muito longe<br \/>\nJunte-se a n\u00f3s no meio de todas as coisas boas da vida<\/p>\n<\/div>\n<p>[\/vc_column_text][\/vc_column][vc_column width=&#8221;1\/6&#8243; offset=&#8221;vc_hidden-sm vc_hidden-xs&#8221;][\/vc_column][\/vc_row][vc_row][vc_column][vc_raw_html css=&#8221;.vc_custom_1572654247108{margin-top: 40px !important;}&#8221;]JTNDc2NyaXB0JTIwYXN5bmMlMjBzcmMlM0QlMjIlMkYlMkZwYWdlYWQyLmdvb2dsZXN5bmRpY2F0aW9uLmNvbSUyRnBhZ2VhZCUyRmpzJTJGYWRzYnlnb29nbGUuanMlMjIlM0UlM0MlMkZzY3JpcHQlM0UlMEElM0MlMjEtLSUyMExhLVByZW5zYS1BZHMlMjAtLSUzRSUwQSUzQ2lucyUyMGNsYXNzJTNEJTIyYWRzYnlnb29nbGUlMjIlMEElMjAlMjAlMjAlMjAlMjBzdHlsZSUzRCUyMmRpc3BsYXklM0FibG9jayUyMiUwQSUyMCUyMCUyMCUyMCUyMGRhdGEtYWQtY2xpZW50JTNEJTIyY2EtcHViLTQ3MTQwOTc3Mzc0NDUxMDklMjIlMEElMjAlMjAlMjAlMjAlMjBkYXRhLWFkLXNsb3QlM0QlMjI5MjA2NTcxMDc3JTIyJTBBJTIwJTIwJTIwJTIwJTIwZGF0YS1hZC1mb3JtYXQlM0QlMjJhdXRvJTIyJTNFJTNDJTJGaW5zJTNFJTBBJTNDc2NyaXB0JTNFJTBBJTI4YWRzYnlnb29nbGUlMjAlM0QlMjB3aW5kb3cuYWRzYnlnb29nbGUlMjAlN0MlN0MlMjAlNUIlNUQlMjkucHVzaCUyOCU3QiU3RCUyOSUzQiUwQSUzQyUyRnNjcmlwdCUzRQ==[\/vc_raw_html][\/vc_column][\/vc_row][vc_row][vc_column offset=&#8221;vc_col-md-2 vc_hidden-sm vc_hidden-xs&#8221;][\/vc_column][vc_column offset=&#8221;vc_col-md-8&#8243;][vc_column_text]<\/p>\n<div class=\"uvc-main-heading ult-responsive\" data-ultimate-target=\".uvc-heading.ultimate-heading-92575db682638844d h2\" data-responsive-json-new=\"{&quot;font-size&quot;:&quot;desktop:28px;tablet:26px;tablet_portrait:26px;mobile_landscape:24px;mobile:24px;&quot;,&quot;line-height&quot;:&quot;desktop:34px;&quot;}\">\n<h2 style=\"text-align: left;\">Diz If\u00e1 no Oke Itase 2018 ou Letra do Ano 2018<\/h2>\n<p>No Od\u00f9 Irete Ika revelada na Letra do ano de 2018, If\u00e1 garante o destino da esposa \/ marido para este ano e recomenda que sacrif\u00edcios sejam feitos para conseguir o companheiro que voc\u00ea procura e, se voc\u00ea tiver um parceiro, para que o relacionamento seja pr\u00f3spero.<\/p>\n<p>If\u00e1 prev\u00ea o destino da vida longa. Neste signo do Oke Itase 2018 If\u00e1 recomenda que voc\u00ea continue fazendo os sacrif\u00edcios apropriados para obter tudo o que procura. Se voc\u00ea tiver problemas, basta continuar chamando &#8216;Ateka&#8217; e seus problemas ser\u00e3o resolvidos.<\/p>\n<p>Nesse signo, If\u00e1 diz que seus sacrif\u00edcios ser\u00e3o manifestos e que receber\u00e1 tudo o que est\u00e1 procurando. Voc\u00ea deve fazer sacrif\u00edcios com sua fam\u00edlia para que todos possam ter sorte.<\/p>\n<p>If\u00e1 diz que vai levant\u00e1-la ou levant\u00e1-lo e que receber\u00e1 tudo o que procura gra\u00e7as a If\u00e1. Voc\u00ea deve fazer os sacrif\u00edcios apropriados para que seus desejos sejam atendidos.<\/p>\n<p>No Oke Itase 2018, voc\u00ea derrota seus inimigos, n\u00e3o importa quantos ou qu\u00e3o poderosos eles sejam. If\u00e1 avisa que se deve fazer o sacrif\u00edcio certo e derrot\u00e1-los todos. Ele se tornar\u00e1 mais poderoso que eles e ser\u00e1 mais pr\u00f3spero que seus inimigos. Eles procurar\u00e3o por voc\u00ea e pedir\u00e3o seu perd\u00e3o.<\/p>\n<p>If\u00e1 diz que n\u00e3o importa o quanto seus inimigos falem sobre voc\u00ea, eles acabar\u00e3o ficando com vergonha de seu comportamento. Este Od\u00f9 da Letra do Ano 2018 tamb\u00e9m adverte voc\u00ea a fazer sacrif\u00edcios para que eles obtenham o castigo de <a href=\"https:\/\/ileawo.com\/pt-br\/orixas-yoruba\/obatala\/\">Obatala<\/a>.<\/p>\n<p>Outro aviso de If\u00e1 em Irete Ika \u00e9 usar o Ide e Ileke de If\u00e1, bem como os de Obatala, para ter sorte.<\/p>\n<p>If\u00e1 aconselha voc\u00ea a ficar limpo o tempo todo, porque seu destino odeia ficar sujo. Al\u00e9m disso, voc\u00ea deve fazer o sacrif\u00edcio para que seu destino seja favorecido e tenha toda a sorte.<\/p>\n<p>Em Ateka, If\u00e1 diz que pretende fazer uma viagem este ano e deve fazer um sacrif\u00edcio antes, para ter toda a sorte e poder voltar com a sorte que conseguiu. Fa\u00e7a o sacrif\u00edcio apropriado antes de embarcar na jornada.<\/p>\n<p>If\u00e1 diz que se voc\u00ea est\u00e1 procurando filhos, deve fazer um sacrif\u00edcio para obt\u00ea-los. Seus filhos o deixar\u00e3o orgulhoso e ser\u00e3o muito reconhecidos. Fa\u00e7a o sacrif\u00edcio certo com seu parceiro.<\/p>\n<p>If\u00e1 diz que ter\u00e1 espa\u00e7o e respeito. Voc\u00ea ter\u00e1 autoridade sobre todos os seus subordinados e sobre qualquer coisa em suas m\u00e3os. Voc\u00ea n\u00e3o experimentar\u00e1 falhas. Voce ganhar\u00e1 autoridade em seu trabalho. Por tudo isso, voc\u00ea deve fazer o sacrif\u00edcio certo.<\/p>\n<p>Na Letra do ano de 2018, If\u00e1 tamb\u00e9m adverte que nunca deve jurar em nome de Ogun, especialmente se for um juramento falso. Ogum deve ser propiciado com sacrif\u00edcios adequados para evitar a raiva do orix\u00e1. If\u00e1 prev\u00ea uma guerra iminente e o sacrif\u00edcio correto deve ser feito para n\u00e3o ser prejudicado pela ira de Ogum. Voc\u00ea deve incentivar Ogun com o inhame constantemente.<\/p>\n<p>Finalmente, no Oke Itase 2018 If\u00e1 adverte que voc\u00ea deve propiciar as m\u00e3es da noite (<a href=\"https:\/\/ileawo.com\/pt-br\/iyami-osoronga\/\">Iyami<\/a>) constantemente, especialmente as pessoas que est\u00e3o esperando por uma crian\u00e7a. Tamb\u00e9m para que Iyami n\u00e3o destrua nossa sorte e as coisas boas que alcan\u00e7amos.<\/p>\n<p>Os ingredientes e a maneira detalhada de executar o Akose do Od\u00f9 do Oke Itase 2018 est\u00e3o dispon\u00edveis exclusivamente em <a href=\"http:\/\/hyperurl.co\/ifa-pro-app\">If\u00e1 Tradicional Pr<\/a>o y\u00a0<a href=\"https:\/\/ileawo.com\/aplicaciones\/oju-odu\/\">Oj\u00fa Od\u00f9<\/a>.<\/p>\n<\/div>\n<p>[\/vc_column_text][\/vc_column][vc_column width=&#8221;1\/6&#8243; offset=&#8221;vc_hidden-sm vc_hidden-xs&#8221;][\/vc_column][\/vc_row][vc_row][vc_column width=&#8221;1\/6&#8243;][\/vc_column][vc_column width=&#8221;2\/3&#8243;][vc_column_text]<\/p>\n<h3 style=\"text-align: left;\">Akose do Oke Itase 2018 do signo de If\u00e1 Irete Ika (Ateka)<\/h3>\n<p>Ogede omini<br \/>\nIyerosun<br \/>\nNo opon If\u00e1, Od\u00f9 Irete Ika \u00e9 marcado no iyerosun e o verso \u00e9 recitado. Posteriormente uma banana \u00e9 aberta, o iyerosun \u00e9 colocado dentro e comido.[\/vc_column_text][\/vc_column][vc_column width=&#8221;1\/6&#8243;][\/vc_column][\/vc_row][vc_row][vc_column][vc_raw_html css=&#8221;.vc_custom_1572654247108{margin-top: 40px !important;}&#8221;]JTNDc2NyaXB0JTIwYXN5bmMlMjBzcmMlM0QlMjIlMkYlMkZwYWdlYWQyLmdvb2dsZXN5bmRpY2F0aW9uLmNvbSUyRnBhZ2VhZCUyRmpzJTJGYWRzYnlnb29nbGUuanMlMjIlM0UlM0MlMkZzY3JpcHQlM0UlMEElM0MlMjEtLSUyMExhLVByZW5zYS1BZHMlMjAtLSUzRSUwQSUzQ2lucyUyMGNsYXNzJTNEJTIyYWRzYnlnb29nbGUlMjIlMEElMjAlMjAlMjAlMjAlMjBzdHlsZSUzRCUyMmRpc3BsYXklM0FibG9jayUyMiUwQSUyMCUyMCUyMCUyMCUyMGRhdGEtYWQtY2xpZW50JTNEJTIyY2EtcHViLTQ3MTQwOTc3Mzc0NDUxMDklMjIlMEElMjAlMjAlMjAlMjAlMjBkYXRhLWFkLXNsb3QlM0QlMjI5MjA2NTcxMDc3JTIyJTBBJTIwJTIwJTIwJTIwJTIwZGF0YS1hZC1mb3JtYXQlM0QlMjJhdXRvJTIyJTNFJTNDJTJGaW5zJTNFJTBBJTNDc2NyaXB0JTNFJTBBJTI4YWRzYnlnb29nbGUlMjAlM0QlMjB3aW5kb3cuYWRzYnlnb29nbGUlMjAlN0MlN0MlMjAlNUIlNUQlMjkucHVzaCUyOCU3QiU3RCUyOSUzQiUwQSUzQyUyRnNjcmlwdCUzRQ==[\/vc_raw_html][\/vc_column][\/vc_row][vc_row][vc_column width=&#8221;1\/4&#8243; offset=&#8221;vc_col-md-3 vc_hidden-sm vc_hidden-xs&#8221;][\/vc_column][vc_column offset=&#8221;vc_col-md-6 vc_col-xs-12&#8243;][vc_images_carousel images=&#8221;1323,1317,1326,1329,1332,1335&#8243; img_size=&#8221;600&#215;400&#8243; onclick=&#8221;link_no&#8221; autoplay=&#8221;yes&#8221; wrap=&#8221;yes&#8221;][\/vc_column][vc_column width=&#8221;1\/4&#8243; offset=&#8221;vc_col-md-3 vc_hidden-sm vc_hidden-xs&#8221;][\/vc_column][\/vc_row][vc_row full_width=&#8221;stretch_row&#8221; content_placement=&#8221;middle&#8221; bg_type=&#8221;bg_color&#8221; bg_override=&#8221;ex-full&#8221; bg_color_value=&#8221;#4e89d5&#8243; el_class=&#8221;banner&#8221; css=&#8221;.vc_custom_1589979034504{margin-top: 40px !important;background-color: #4e89d5 !important;}&#8221;][vc_column width=&#8221;2\/3&#8243;][vc_column_text el_class=&#8221;banner-text&#8221;]Fa\u00e7a uma adivinha\u00e7\u00e3o de If\u00e1 e saiba o que o orix\u00e1 reserva para voc\u00ea[\/vc_column_text][\/vc_column][vc_column width=&#8221;1\/3&#8243;][vc_column_text css_animation=&#8221;bounceIn&#8221;]<\/p>\n<p style=\"text-align: center;\"><a class=\"custom-buttons-alternative\" href=\"\/pt-br\/contato\/\">Consulte-nos<\/a><\/p>\n<p>[\/vc_column_text][\/vc_column][\/vc_row]<\/p>\n<\/div>"},"excerpt":{"rendered":"<p>[vc_row][vc_column][vc_single_image image=&#8221;1320&#8243; img_size=&#8221;medium&#8221; alignment=&#8221;center&#8221; css=&#8221;.vc_custom_1590057965035{margin-bottom: 0px !important;}&#8221;][vc_column_text] Od\u00f9 Irete Ika [\/vc_column_text][\/vc_column][\/vc_row][vc_row][vc_column width=&#8221;1\/6&#8243; offset=&#8221;vc_hidden-sm vc_hidden-xs&#8221;][\/vc_column][vc_column width=&#8221;1\/2&#8243; offset=&#8221;vc_col-md-4&#8243;][vc_column_text] Yor\u00f9b\u00e1 Teka-teka laa kala Teka-teka laa ka\u2019kan Ileke ponpon lorun<span class=\"excerpt-hellip\"> [\u2026]<\/span><\/p>\n","protected":false},"author":1,"featured_media":1338,"parent":2097,"menu_order":0,"comment_status":"open","ping_status":"closed","template":"","meta":{"footnotes":""},"categories":[2713],"class_list":["post-2137","page","type-page","status-publish","has-post-thumbnail","hentry","category-oke-itase-pt-br"],"yoast_head":"<!-- This site is optimized with the Yoast SEO Premium plugin v25.2 (Yoast SEO v27.3) - https:\/\/yoast.com\/product\/yoast-seo-premium-wordpress\/ -->\n<title>Oke itase 2018: Od\u00f9 If\u00e1 revelado Irete Ika - Il\u00e9 Awo<\/title>\n<meta name=\"description\" content=\"Irete Ika \u00e9 o signo de If\u00e1 revelado no Oke Itase 2018, a adivinha\u00e7\u00e3o mundial de if\u00e1 celebrada em Nig\u00e9ria. Entre e conhe\u00e7a o que depara If\u00e1.\" \/>\n<meta name=\"robots\" content=\"index, follow, max-snippet:-1, max-image-preview:large, max-video-preview:-1\" \/>\n<link rel=\"canonical\" href=\"https:\/\/ileawo.com\/pt-br\/oke-itase-letra-do-ano\/oke-itase-2018\/\" \/>\n<meta property=\"og:locale\" content=\"pt_BR\" \/>\n<meta property=\"og:type\" content=\"article\" \/>\n<meta property=\"og:title\" content=\"Oke Itase 2018 \u2013 Letra do Ano 2018 | Il\u00e9 Ife Nigeria\" \/>\n<meta property=\"og:description\" content=\"Irete Ika \u00e9 o signo de If\u00e1 revelado no Oke Itase 2018, a adivinha\u00e7\u00e3o mundial de if\u00e1 celebrada em Nig\u00e9ria. Entre e conhe\u00e7a o que depara If\u00e1.\" \/>\n<meta property=\"og:url\" content=\"https:\/\/ileawo.com\/pt-br\/oke-itase-letra-do-ano\/oke-itase-2018\/\" \/>\n<meta property=\"og:site_name\" content=\"Il\u00e9 Awo\" \/>\n<meta property=\"article:publisher\" content=\"https:\/\/www.facebook.com\/ifabiyii\" \/>\n<meta property=\"article:modified_time\" content=\"2020-06-02T13:59:01+00:00\" \/>\n<meta property=\"og:image\" content=\"https:\/\/ileawo.com\/wp-content\/uploads\/2020\/05\/oke-itase-2018.jpg\" \/>\n\t<meta property=\"og:image:width\" content=\"1200\" \/>\n\t<meta property=\"og:image:height\" content=\"633\" \/>\n\t<meta property=\"og:image:type\" content=\"image\/jpeg\" \/>\n<meta name=\"twitter:card\" content=\"summary_large_image\" \/>\n<meta name=\"twitter:site\" content=\"@ifabiyii\" \/>\n<!-- \/ Yoast SEO Premium plugin. -->","yoast_head_json":{"title":"Oke itase 2018: Od\u00f9 If\u00e1 revelado Irete Ika - Il\u00e9 Awo","description":"Irete Ika \u00e9 o signo de If\u00e1 revelado no Oke Itase 2018, a adivinha\u00e7\u00e3o mundial de if\u00e1 celebrada em Nig\u00e9ria. Entre e conhe\u00e7a o que depara If\u00e1.","robots":{"index":"index","follow":"follow","max-snippet":"max-snippet:-1","max-image-preview":"max-image-preview:large","max-video-preview":"max-video-preview:-1"},"canonical":"https:\/\/ileawo.com\/pt-br\/oke-itase-letra-do-ano\/oke-itase-2018\/","og_locale":"pt_BR","og_type":"article","og_title":"Oke Itase 2018 \u2013 Letra do Ano 2018 | Il\u00e9 Ife Nigeria","og_description":"Irete Ika \u00e9 o signo de If\u00e1 revelado no Oke Itase 2018, a adivinha\u00e7\u00e3o mundial de if\u00e1 celebrada em Nig\u00e9ria. Entre e conhe\u00e7a o que depara If\u00e1.","og_url":"https:\/\/ileawo.com\/pt-br\/oke-itase-letra-do-ano\/oke-itase-2018\/","og_site_name":"Il\u00e9 Awo","article_publisher":"https:\/\/www.facebook.com\/ifabiyii","article_modified_time":"2020-06-02T13:59:01+00:00","og_image":[{"width":1200,"height":633,"url":"https:\/\/ileawo.com\/wp-content\/uploads\/2020\/05\/oke-itase-2018.jpg","type":"image\/jpeg"}],"twitter_card":"summary_large_image","twitter_site":"@ifabiyii","schema":{"@context":"https:\/\/schema.org","@graph":[{"@type":"Article","@id":"https:\/\/ileawo.com\/pt-br\/oke-itase-letra-do-ano\/oke-itase-2018\/#article","isPartOf":{"@id":"https:\/\/ileawo.com\/pt-br\/oke-itase-letra-do-ano\/oke-itase-2018\/"},"author":{"name":"If\u00e1b\u00edy\u00ec\u00ed Ak\u00f3d\u00e0","@id":"http:\/\/ileawo.com\/pt-br\/#\/schema\/person\/5b4d3af5a9aa8f02fe88dbeb048ef64a"},"headline":"Oke Itase 2018 \u2013 Letra do Ano 2018 | Il\u00e9 Ife Nigeria","datePublished":"2018-06-02T22:00:00+00:00","dateModified":"2020-06-02T13:59:01+00:00","mainEntityOfPage":{"@id":"https:\/\/ileawo.com\/pt-br\/oke-itase-letra-do-ano\/oke-itase-2018\/"},"wordCount":1183,"commentCount":0,"publisher":{"@id":"http:\/\/ileawo.com\/pt-br\/#organization"},"image":{"@id":"https:\/\/ileawo.com\/pt-br\/oke-itase-letra-do-ano\/oke-itase-2018\/#primaryimage"},"thumbnailUrl":"https:\/\/ileawo.com\/wp-content\/uploads\/2020\/05\/oke-itase-2018.jpg","articleSection":["Oke Itase"],"inLanguage":"pt-BR","potentialAction":[{"@type":"CommentAction","name":"Comment","target":["https:\/\/ileawo.com\/pt-br\/oke-itase-letra-do-ano\/oke-itase-2018\/#respond"]}]},{"@type":"WebPage","@id":"https:\/\/ileawo.com\/pt-br\/oke-itase-letra-do-ano\/oke-itase-2018\/","url":"https:\/\/ileawo.com\/pt-br\/oke-itase-letra-do-ano\/oke-itase-2018\/","name":"Oke itase 2018: Od\u00f9 If\u00e1 revelado Irete Ika - Il\u00e9 Awo","isPartOf":{"@id":"http:\/\/ileawo.com\/pt-br\/#website"},"primaryImageOfPage":{"@id":"https:\/\/ileawo.com\/pt-br\/oke-itase-letra-do-ano\/oke-itase-2018\/#primaryimage"},"image":{"@id":"https:\/\/ileawo.com\/pt-br\/oke-itase-letra-do-ano\/oke-itase-2018\/#primaryimage"},"thumbnailUrl":"https:\/\/ileawo.com\/wp-content\/uploads\/2020\/05\/oke-itase-2018.jpg","datePublished":"2018-06-02T22:00:00+00:00","dateModified":"2020-06-02T13:59:01+00:00","description":"Irete Ika \u00e9 o signo de If\u00e1 revelado no Oke Itase 2018, a adivinha\u00e7\u00e3o mundial de if\u00e1 celebrada em Nig\u00e9ria. Entre e conhe\u00e7a o que depara If\u00e1.","breadcrumb":{"@id":"https:\/\/ileawo.com\/pt-br\/oke-itase-letra-do-ano\/oke-itase-2018\/#breadcrumb"},"inLanguage":"pt-BR","potentialAction":[{"@type":"ReadAction","target":["https:\/\/ileawo.com\/pt-br\/oke-itase-letra-do-ano\/oke-itase-2018\/"]}]},{"@type":"ImageObject","inLanguage":"pt-BR","@id":"https:\/\/ileawo.com\/pt-br\/oke-itase-letra-do-ano\/oke-itase-2018\/#primaryimage","url":"https:\/\/ileawo.com\/wp-content\/uploads\/2020\/05\/oke-itase-2018.jpg","contentUrl":"https:\/\/ileawo.com\/wp-content\/uploads\/2020\/05\/oke-itase-2018.jpg","width":1200,"height":633,"caption":"Oke Itase 2018, signo revelado Irete Ika"},{"@type":"BreadcrumbList","@id":"https:\/\/ileawo.com\/pt-br\/oke-itase-letra-do-ano\/oke-itase-2018\/#breadcrumb","itemListElement":[{"@type":"ListItem","position":1,"name":"Home","item":"http:\/\/ileawo.com\/pt-br\/"},{"@type":"ListItem","position":2,"name":"Oke Itase","item":"http:\/\/ileawo.com\/pt-br\/oke-itase-letra-do-ano\/"},{"@type":"ListItem","position":3,"name":"Oke Itase 2018 \u2013 Letra do Ano 2018 | Il\u00e9 Ife Nigeria"}]},{"@type":"WebSite","@id":"http:\/\/ileawo.com\/pt-br\/#website","url":"http:\/\/ileawo.com\/pt-br\/","name":"Il\u00e9 Awo","description":"","publisher":{"@id":"http:\/\/ileawo.com\/pt-br\/#organization"},"potentialAction":[{"@type":"SearchAction","target":{"@type":"EntryPoint","urlTemplate":"http:\/\/ileawo.com\/pt-br\/?s={search_term_string}"},"query-input":{"@type":"PropertyValueSpecification","valueRequired":true,"valueName":"search_term_string"}}],"inLanguage":"pt-BR"},{"@type":"Organization","@id":"http:\/\/ileawo.com\/pt-br\/#organization","name":"Il\u00e9 Awo","url":"http:\/\/ileawo.com\/pt-br\/","logo":{"@type":"ImageObject","inLanguage":"pt-BR","@id":"http:\/\/ileawo.com\/pt-br\/#\/schema\/logo\/image\/","url":"https:\/\/ileawo.com\/wp-content\/uploads\/revslider\/Bienvenido\/Logo-Ile-Awo-20201.png","contentUrl":"https:\/\/ileawo.com\/wp-content\/uploads\/revslider\/Bienvenido\/Logo-Ile-Awo-20201.png","width":500,"height":155,"caption":"Il\u00e9 Awo"},"image":{"@id":"http:\/\/ileawo.com\/pt-br\/#\/schema\/logo\/image\/"},"sameAs":["https:\/\/www.facebook.com\/ifabiyii","https:\/\/x.com\/ifabiyii","https:\/\/www.instagram.com\/ifabiyii_akoda\/"]},{"@type":"Person","@id":"http:\/\/ileawo.com\/pt-br\/#\/schema\/person\/5b4d3af5a9aa8f02fe88dbeb048ef64a","name":"If\u00e1b\u00edy\u00ec\u00ed Ak\u00f3d\u00e0","image":{"@type":"ImageObject","inLanguage":"pt-BR","@id":"https:\/\/secure.gravatar.com\/avatar\/07530fd5fec1f19247b6ca33a6f419284691fff29c8857d86ea771d943bdba08?s=96&d=mm&r=g","url":"https:\/\/secure.gravatar.com\/avatar\/07530fd5fec1f19247b6ca33a6f419284691fff29c8857d86ea771d943bdba08?s=96&d=mm&r=g","contentUrl":"https:\/\/secure.gravatar.com\/avatar\/07530fd5fec1f19247b6ca33a6f419284691fff29c8857d86ea771d943bdba08?s=96&d=mm&r=g","caption":"If\u00e1b\u00edy\u00ec\u00ed Ak\u00f3d\u00e0"},"sameAs":["https:\/\/ileawo.com\/"]}]}},"_links":{"self":[{"href":"https:\/\/ileawo.com\/pt-br\/wp-json\/wp\/v2\/pages\/2137","targetHints":{"allow":["GET"]}}],"collection":[{"href":"https:\/\/ileawo.com\/pt-br\/wp-json\/wp\/v2\/pages"}],"about":[{"href":"https:\/\/ileawo.com\/pt-br\/wp-json\/wp\/v2\/types\/page"}],"author":[{"embeddable":true,"href":"https:\/\/ileawo.com\/pt-br\/wp-json\/wp\/v2\/users\/1"}],"replies":[{"embeddable":true,"href":"https:\/\/ileawo.com\/pt-br\/wp-json\/wp\/v2\/comments?post=2137"}],"version-history":[{"count":0,"href":"https:\/\/ileawo.com\/pt-br\/wp-json\/wp\/v2\/pages\/2137\/revisions"}],"up":[{"embeddable":true,"href":"https:\/\/ileawo.com\/pt-br\/wp-json\/wp\/v2\/pages\/2097"}],"wp:featuredmedia":[{"embeddable":true,"href":"https:\/\/ileawo.com\/pt-br\/wp-json\/wp\/v2\/media\/1338"}],"wp:attachment":[{"href":"https:\/\/ileawo.com\/pt-br\/wp-json\/wp\/v2\/media?parent=2137"}],"wp:term":[{"taxonomy":"category","embeddable":true,"href":"https:\/\/ileawo.com\/pt-br\/wp-json\/wp\/v2\/categories?post=2137"}],"curies":[{"name":"wp","href":"https:\/\/api.w.org\/{rel}","templated":true}]}}