{"id":2097,"date":"2019-10-26T00:00:00","date_gmt":"2019-10-25T22:00:00","guid":{"rendered":"https:\/\/ileawo.com\/oke-itase-letra-do-ano\/"},"modified":"2023-06-04T00:40:52","modified_gmt":"2023-06-03T22:40:52","slug":"oke-itase-letra-do-ano","status":"publish","type":"page","link":"https:\/\/ileawo.com\/pt-br\/oke-itase-letra-do-ano\/","title":{"rendered":"Oke Itase"},"content":{"rendered":"<div class=\"wpb-content-wrapper\"><p>[vc_row css=&#8221;.vc_custom_1572174624836{margin-top: 60px !important;margin-bottom: 40px !important;}&#8221; el_class=&#8221;first-row&#8221;][vc_column width=&#8221;1\/6&#8243; offset=&#8221;vc_hidden-sm vc_hidden-xs&#8221;][\/vc_column][vc_column offset=&#8221;vc_col-md-8&#8243;][vc_column_text]<\/p>\n<p style=\"text-align: center;\">Oke Itase ou letra do ano (como \u00e9 conhecida na Am\u00e9rica latina) \u00e9 a adivinha\u00e7\u00e3o mundial de If\u00e1 realizada a cada primeiro s\u00e1bado de Junio em Il\u00e9 Ife, a capital yoruba nigeriana. Durante varios d\u00edas Babalawos de todas as linhagens na Nig\u00e9ria acudem a Il\u00e9 Ife para participarem as cerim\u00f4nias pr\u00e9vias a adivinha\u00e7\u00e3o e conhecer o a mensagem trazida por <a href=\"https:\/\/ileawo.com\/pt-br\/orixas-yoruba\/orunmila-orula\/\">Orunmila<\/a> para todo o ano. Essas cerim\u00f4nias s\u00e3o baseadas em rituais ancestrais e que seguem sendo praticados nos dias atuais.<\/p>\n<p>[\/vc_column_text][\/vc_column][vc_column width=&#8221;1\/6&#8243; offset=&#8221;vc_hidden-sm vc_hidden-xs&#8221;][\/vc_column][\/vc_row][vc_row full_width=&#8221;stretch_row&#8221; content_placement=&#8221;middle&#8221; bg_type=&#8221;bg_color&#8221; css=&#8221;.vc_custom_1589975805213{padding-top: 60px !important;padding-bottom: 30px !important;background-color: #f6f6f6 !important;}&#8221; bg_color_value=&#8221;#f6f6f6&#8243;][vc_column css=&#8221;.vc_custom_1572653460432{padding-top: 0px !important;}&#8221; offset=&#8221;vc_col-md-4&#8243;][vc_single_image image=&#8221;874&#8243; img_size=&#8221;469&#215;600&#8243; alignment=&#8221;center&#8221; css=&#8221;.vc_custom_1590056071659{margin-bottom: 0px !important;}&#8221;][\/vc_column][vc_column css=&#8221;.vc_custom_1572653449531{padding-top: 0px !important;}&#8221; offset=&#8221;vc_col-md-8&#8243;][vc_column_text]<\/p>\n<h2 style=\"text-align: center;\">Rever\u00eancia a If\u00e1<\/h2>\n<p>Durante varios d\u00edas antes do Oke Itase ou letra do ano, os babalawos realizam as oferendas pr\u00e9vias para a realiza\u00e7\u00e3o da <a href=\"https:\/\/ileawo.com\/pt-br\/pratica-de-ifa-tradicional\/adivinhacao-de-ifa\/\">adivinha\u00e7\u00e3o<\/a> que abrange todo o mundo. Uma das principais cerim\u00f4nias realizadas \u00e9 fazer rever\u00eancia e oferecer obi a Ope, a primeira \u00e1rvore de dend\u00ea, e que segundo a mitologia, foram os ikins usados pelo pr\u00f3prio Orunmila, com os quais realizava as adivinha\u00e7\u00f5es.<\/p>\n<p>O Araba de Ile Ife \u00e9 o que dirige toda adivinha\u00e7\u00e3o, feita pelo babalawo menor do templo de If\u00e1 en Il\u00e9 Ife, recentemente reformado. Uma vez obtido o <a href=\"https:\/\/onelink.to\/ojuodu\">Odu<\/a>, os babalawos maiores fala sobre mensagem trazida por If\u00e1 no Od\u00f9 revelado, para depois realizar as cerim\u00f4nias que lhe permitem limp\u00e1-lo.<\/p>\n<p>Igual as milhares de pessoas que v\u00e3o a Il\u00e9 Ife para participar, devotos e praticantes da religi\u00e3o tradicional do If\u00e1 de todo o mundo devem fazer o ebo e cerim\u00f4nias, e tamb\u00e9m tomar em considera\u00e7\u00e3o todos os conselhos dados por ele durante o ano consecutivo.[\/vc_column_text][\/vc_column][\/vc_row][vc_row][vc_column width=&#8221;1\/6&#8243; offset=&#8221;vc_hidden-sm vc_hidden-xs&#8221;][\/vc_column][vc_column offset=&#8221;vc_col-md-8&#8243;][vc_column_text]<\/p>\n<h2 style=\"text-align: center;\">As \u00faltimas adivinha\u00e7\u00f5es mundiais de If\u00e1<\/h2>\n<p style=\"text-align: center;\">Durante anos, publicamos as recomenda\u00e7\u00f5es da Oke Itase &#8211; Letra do Ano da Nig\u00e9ria. Aqui voc\u00ea pode conferir os Od\u00f9 de If\u00e1 revelados nos \u00faltimos anos. Se voc\u00ea deseja obter mais informa\u00e7\u00f5es sobre as cerim\u00f4nias, convidamos voc\u00ea a entrar em <a href=\"https:\/\/ileawo.com\/pt-br\/contato\/\">contato<\/a> conosco.<\/p>\n<p>[\/vc_column_text][\/vc_column][vc_column width=&#8221;1\/6&#8243; offset=&#8221;vc_hidden-sm vc_hidden-xs&#8221;][\/vc_column][\/vc_row][vc_row full_width=&#8221;stretch_row_content_no_spaces&#8221; css=&#8221;.vc_custom_1622943463007{margin-top: 0px !important;margin-right: 0px !important;margin-bottom: 0px !important;margin-left: 0px !important;border-top-width: 0px !important;border-right-width: 0px !important;border-bottom-width: 0px !important;border-left-width: 0px !important;padding-top: 0px !important;padding-right: 0px !important;padding-bottom: 0px !important;padding-left: 0px !important;}&#8221;][vc_column width=&#8221;1\/2&#8243; css=&#8221;.vc_custom_1622944008612{margin-top: 0px !important;margin-right: 0px !important;margin-bottom: 0px !important;margin-left: 0px !important;border-top-width: 0px !important;border-right-width: 0px !important;border-bottom-width: 0px !important;border-left-width: 0px !important;padding-top: 0px !important;padding-right: 0px !important;padding-bottom: 0px !important;padding-left: 0px !important;}&#8221; offset=&#8221;vc_col-lg-3 vc_col-md-4&#8243;][vc_raw_html]JTNDZGl2JTIwY2xhc3MlM0QlMjJpbWFnZS1jb250YWluZXIlMjIlM0UlMEElMDklM0NhJTIwaHJlZiUzRCUyMiUyRnB0LWJyJTJGb2tlLWl0YXNlLWxldHJhLWRvLWFubyUyRm9rZS1pdGFzZS0yMDIzJTJGJTIyJTNFJTBBJTIwJTIwJTA5JTNDaW1nJTIwc3JjJTNEJTIyJTJGd3AtY29udGVudCUyRnVwbG9hZHMlMkYyMDIyJTJGMDQlMkZPa2UtSXRhc2UtMjAyMy0xLmpwZyUyMiUyMGFsdCUzRCUyMk9rZSUyMEl0YXNlJTIwMjAyMyUyMiUyMHN0eWxlJTNEJTIyd2lkdGglM0ExMDAlMjUlM0IlMjIlM0UlMEElMjAlMjAlMDklM0NkaXYlMjBjbGFzcyUzRCUyMnRleHQtYm90dG9tLWxlZnQlMjIlM0UlM0NoMyUyMHN0eWxlJTNEJTIyY29sb3IlM0ElMjAlMjNmZmZmZmYlM0IlMjBtYXJnaW4lM0ElMjAwJTNCJTIyJTNFT2tlJTIwSXRhc2UlMjAyMDIzJTNDJTJGaDMlM0UlM0MlMkZkaXYlM0UlMEElMjAlMjAlMjAlMjAlM0MlMkZhJTNFJTBBJTNDJTJGZGl2JTNF[\/vc_raw_html][\/vc_column][vc_column width=&#8221;1\/2&#8243; css=&#8221;.vc_custom_1622944018100{margin-top: 0px !important;margin-right: 0px !important;margin-bottom: 0px !important;margin-left: 0px !important;border-top-width: 0px !important;border-right-width: 0px !important;border-bottom-width: 0px !important;border-left-width: 0px !important;padding-top: 0px !important;padding-right: 0px !important;padding-bottom: 0px !important;padding-left: 0px !important;}&#8221; offset=&#8221;vc_col-lg-3 vc_col-md-4&#8243;][vc_raw_html]JTNDZGl2JTIwY2xhc3MlM0QlMjJpbWFnZS1jb250YWluZXIlMjIlM0UlMEElMDklM0NhJTIwaHJlZiUzRCUyMiUyRnB0LWJyJTJGb2tlLWl0YXNlLWxldHJhLWRvLWFubyUyRm9rZS1pdGFzZS0yMDIyJTJGJTIyJTNFJTBBJTIwJTIwJTA5JTNDaW1nJTIwc3JjJTNEJTIyJTJGd3AtY29udGVudCUyRnVwbG9hZHMlMkYyMDIyJTJGMDYlMkZPa2UtSXRhc2UtMjAyMi0xMS5wbmclMjIlMjBhbHQlM0QlMjJPa2UlMjBJdGFzZSUyMDIwMjIlMjIlMjBzdHlsZSUzRCUyMndpZHRoJTNBMTAwJTI1JTNCJTIyJTNFJTBBJTIwJTIwJTA5JTNDZGl2JTIwY2xhc3MlM0QlMjJ0ZXh0LWJvdHRvbS1sZWZ0JTIyJTNFJTNDaDMlMjBzdHlsZSUzRCUyMmNvbG9yJTNBJTIwJTIzZmZmZmZmJTNCJTIwbWFyZ2luJTNBJTIwMCUzQiUyMiUzRU9rZSUyMEl0YXNlJTIwMjAyMiUzQyUyRmgzJTNFJTNDJTJGZGl2JTNFJTBBJTIwJTIwJTIwJTIwJTNDJTJGYSUzRSUwQSUzQyUyRmRpdiUzRQ==[\/vc_raw_html][\/vc_column][vc_column width=&#8221;1\/2&#8243; css=&#8221;.vc_custom_1622944027286{margin-top: 0px !important;margin-right: 0px !important;margin-bottom: 0px !important;margin-left: 0px !important;padding-top: 0px !important;padding-right: 0px !important;padding-bottom: 0px !important;padding-left: 0px !important;}&#8221; offset=&#8221;vc_col-lg-3 vc_col-md-4&#8243;][vc_raw_html]JTNDZGl2JTIwY2xhc3MlM0QlMjJpbWFnZS1jb250YWluZXIlMjIlM0UlMEElMDklM0NhJTIwaHJlZiUzRCUyMiUyRnB0LWJyJTJGb2tlLWl0YXNlLWxldHJhLWRvLWFubyUyRm9rZS1pdGFzZS0yMDIxJTJGJTIyJTNFJTBBJTIwJTIwJTA5JTNDaW1nJTIwc3JjJTNEJTIyaHR0cHMlM0ElMkYlMkZpbGVhd28uY29tJTJGd3AtY29udGVudCUyRnVwbG9hZHMlMkYyMDIxJTJGMDYlMkZva2UtaXRhc2UtMjAyMS1pbGUtaWZlLmpwZyUyMiUyMGFsdCUzRCUyMk9rZSUyMEl0YXNlJTIwMjAyMSUyMiUyMHN0eWxlJTNEJTIyd2lkdGglM0ExMDAlMjUlM0IlMjIlM0UlMEElMjAlMjAlMDklM0NkaXYlMjBjbGFzcyUzRCUyMnRleHQtYm90dG9tLWxlZnQlMjIlM0UlM0NoMyUyMHN0eWxlJTNEJTIyY29sb3IlM0ElMjAlMjNmZmZmZmYlM0IlMjBtYXJnaW4lM0ElMjAwJTNCJTIyJTNFT2tlJTIwSXRhc2UlMjAyMDIxJTNDJTJGaDMlM0UlM0MlMkZkaXYlM0UlMEElMjAlMjAlMjAlMjAlM0MlMkZhJTNFJTBBJTNDJTJGZGl2JTNF[\/vc_raw_html][\/vc_column][vc_column width=&#8221;1\/2&#8243; css=&#8221;.vc_custom_1622944036499{margin-top: 0px !important;margin-right: 0px !important;margin-bottom: 0px !important;margin-left: 0px !important;border-top-width: 0px !important;border-right-width: 0px !important;border-bottom-width: 0px !important;border-left-width: 0px !important;padding-top: 0px !important;padding-right: 0px !important;padding-bottom: 0px !important;padding-left: 0px !important;}&#8221; offset=&#8221;vc_col-lg-3 vc_col-md-4&#8243;][vc_raw_html]JTNDZGl2JTIwY2xhc3MlM0QlMjJpbWFnZS1jb250YWluZXIlMjIlM0UlMEElMDklM0NhJTIwaHJlZiUzRCUyMiUyRnB0LWJyJTJGb2tlLWl0YXNlLWxldHJhLWRvLWFubyUyRm9rZS1pdGFzZS0yMDIwJTJGJTIyJTNFJTBBJTIwJTIwJTA5JTNDaW1nJTIwc3JjJTNEJTIyJTJGd3AtY29udGVudCUyRnVwbG9hZHMlMkYyMDIwJTJGMDYlMkZPa2UtSXRhc2UtMjAyMC5wbmclMjIlMjBhbHQlM0QlMjJPa2UlMjBJdGFzZSUyMDIwMjAlMjIlMjBzdHlsZSUzRCUyMndpZHRoJTNBMTAwJTI1JTNCJTIyJTNFJTBBJTIwJTIwJTA5JTNDZGl2JTIwY2xhc3MlM0QlMjJ0ZXh0LWJvdHRvbS1sZWZ0JTIyJTNFJTNDaDMlMjBzdHlsZSUzRCUyMmNvbG9yJTNBJTIwJTIzZmZmZmZmJTNCJTIwbWFyZ2luJTNBJTIwMCUzQiUyMiUzRU9rZSUyMEl0YXNlJTIwMjAyMCUzQyUyRmgzJTNFJTNDJTJGZGl2JTNFJTBBJTIwJTIwJTIwJTIwJTNDJTJGYSUzRSUwQSUzQyUyRmRpdiUzRQ==[\/vc_raw_html][\/vc_column][vc_column width=&#8221;1\/2&#8243; css=&#8221;.vc_custom_1622944045657{margin-top: 0px !important;margin-right: 0px !important;margin-bottom: 0px !important;margin-left: 0px !important;border-top-width: 0px !important;border-right-width: 0px !important;border-bottom-width: 0px !important;border-left-width: 0px !important;padding-top: 0px !important;padding-right: 0px !important;padding-bottom: 0px !important;padding-left: 0px !important;}&#8221; offset=&#8221;vc_col-lg-3 vc_col-md-4&#8243;][vc_raw_html]JTNDZGl2JTIwY2xhc3MlM0QlMjJpbWFnZS1jb250YWluZXIlMjIlM0UlMEElMDklM0NhJTIwaHJlZiUzRCUyMiUyRnB0LWJyJTJGb2tlLWl0YXNlLWxldHJhLWRvLWFubyUyRm9rZS1pdGFzZS0yMDE5JTJGJTIyJTNFJTBBJTIwJTIwJTA5JTNDaW1nJTIwc3JjJTNEJTIyJTJGd3AtY29udGVudCUyRnVwbG9hZHMlMkYyMDIwJTJGMDUlMkZsZXRyYS1kZWwtYW4lQ0MlODNvLW9rZS1pdGFzZS0yMDE5LTEuanBnJTIyJTIwYWx0JTNEJTIyT2tlJTIwSXRhc2UlMjAyMDE5JTIyJTIwc3R5bGUlM0QlMjJ3aWR0aCUzQTEwMCUyNSUzQiUyMiUzRSUwQSUyMCUyMCUwOSUzQ2RpdiUyMGNsYXNzJTNEJTIydGV4dC1ib3R0b20tbGVmdCUyMiUzRSUzQ2gzJTIwc3R5bGUlM0QlMjJjb2xvciUzQSUyMCUyM2ZmZmZmZiUzQiUyMG1hcmdpbiUzQSUyMDAlM0IlMjIlM0VPa2UlMjBJdGFzZSUyMDIwMTklM0MlMkZoMyUzRSUzQyUyRmRpdiUzRSUwQSUyMCUyMCUyMCUyMCUzQyUyRmElM0UlMEElM0MlMkZkaXYlM0U=[\/vc_raw_html][\/vc_column][vc_column width=&#8221;1\/2&#8243; css=&#8221;.vc_custom_1622944054708{margin-top: 0px !important;margin-right: 0px !important;margin-bottom: 0px !important;margin-left: 0px !important;border-top-width: 0px !important;border-right-width: 0px !important;border-bottom-width: 0px !important;border-left-width: 0px !important;padding-top: 0px !important;padding-right: 0px !important;padding-bottom: 0px !important;padding-left: 0px !important;}&#8221; offset=&#8221;vc_col-lg-3 vc_col-md-4&#8243;][vc_raw_html]JTNDZGl2JTIwY2xhc3MlM0QlMjJpbWFnZS1jb250YWluZXIlMjIlM0UlMEElMDklM0NhJTIwaHJlZiUzRCUyMiUyRnB0LWJyJTJGb2tlLWl0YXNlLWxldHJhLWRvLWFubyUyRm9rZS1pdGFzZS0yMDE4JTJGJTIyJTNFJTBBJTIwJTIwJTA5JTNDaW1nJTIwc3JjJTNEJTIyJTJGd3AtY29udGVudCUyRnVwbG9hZHMlMkYyMDIwJTJGMDUlMkZva2UtSXRhc2UtMjAxOC1JbGUtaWZlLmpwZyUyMiUyMGFsdCUzRCUyMk9rZSUyMEl0YXNlJTIwMjAxOCUyMiUyMHN0eWxlJTNEJTIyd2lkdGglM0ExMDAlMjUlM0IlMjIlM0UlMEElMjAlMjAlMDklM0NkaXYlMjBjbGFzcyUzRCUyMnRleHQtYm90dG9tLWxlZnQlMjIlM0UlM0NoMyUyMHN0eWxlJTNEJTIyY29sb3IlM0ElMjAlMjNmZmZmZmYlM0IlMjBtYXJnaW4lM0ElMjAwJTNCJTIyJTNFT2tlJTIwSXRhc2UlMjAyMDE4JTNDJTJGaDMlM0UlM0MlMkZkaXYlM0UlMEElMjAlMjAlMjAlMjAlM0MlMkZhJTNFJTBBJTNDJTJGZGl2JTNF[\/vc_raw_html][\/vc_column][vc_column width=&#8221;1\/2&#8243; offset=&#8221;vc_col-lg-3 vc_col-md-4&#8243; css=&#8221;.vc_custom_1622944063269{margin-top: 0px !important;margin-right: 0px !important;margin-bottom: 0px !important;margin-left: 0px !important;padding-top: 0px !important;padding-right: 0px !important;padding-bottom: 0px !important;padding-left: 0px !important;}&#8221;][vc_raw_html]JTNDZGl2JTIwY2xhc3MlM0QlMjJpbWFnZS1jb250YWluZXIlMjIlM0UlMEElMDklM0NhJTIwaHJlZiUzRCUyMiUyRnB0LWJyJTJGb2tlLWl0YXNlLWxldHJhLWRvLWFubyUyRm9rZS1pdGFzZS0yMDE3JTJGJTIyJTNFJTBBJTIwJTIwJTA5JTNDaW1nJTIwc3JjJTNEJTIyJTJGd3AtY29udGVudCUyRnVwbG9hZHMlMkYyMDIwJTJGMDUlMkZva2UtaXRhc2UtMjAxNy5qcGclMjIlMjBhbHQlM0QlMjJPa2UlMjBJdGFzZSUyMDIwMTclMjIlMjBzdHlsZSUzRCUyMndpZHRoJTNBMTAwJTI1JTNCJTIyJTNFJTBBJTIwJTIwJTA5JTNDZGl2JTIwY2xhc3MlM0QlMjJ0ZXh0LWJvdHRvbS1sZWZ0JTIyJTNFJTNDaDMlMjBzdHlsZSUzRCUyMmNvbG9yJTNBJTIwJTIzZmZmZmZmJTNCJTIwbWFyZ2luJTNBJTIwMCUzQiUyMiUzRU9rZSUyMEl0YXNlJTIwMjAxNyUzQyUyRmgzJTNFJTNDJTJGZGl2JTNFJTBBJTIwJTIwJTIwJTIwJTNDJTJGYSUzRSUwQSUzQyUyRmRpdiUzRQ==[\/vc_raw_html][\/vc_column][vc_column width=&#8221;1\/2&#8243; css=&#8221;.vc_custom_1652956690057{margin: 0px !important;padding: 0px !important;}&#8221; offset=&#8221;vc_col-lg-3 vc_col-md-4&#8243;][vc_raw_html]JTNDZGl2JTIwY2xhc3MlM0QlMjJpbWFnZS1jb250YWluZXIlMjIlM0UlMEElMDklM0NhJTIwaHJlZiUzRCUyMiUyRnB0LWJyJTJGb2tlLWl0YXNlLWxldHJhLWRvLWFubyUyRm9rZS1pdGFzZS0yMDE2JTJGJTIyJTNFJTBBJTIwJTIwJTA5JTNDaW1nJTIwc3JjJTNEJTIyJTJGd3AtY29udGVudCUyRnVwbG9hZHMlMkYyMDIwJTJGMDUlMkZPa2UtSXRhc2UtMjAxNi5qcGclMjIlMjBhbHQlM0QlMjJPa2UlMjBJdGFzZSUyMDIwMTYlMjIlMjBzdHlsZSUzRCUyMndpZHRoJTNBMTAwJTI1JTNCJTIyJTNFJTBBJTIwJTIwJTA5JTNDZGl2JTIwY2xhc3MlM0QlMjJ0ZXh0LWJvdHRvbS1sZWZ0JTIyJTNFJTNDaDMlMjBzdHlsZSUzRCUyMmNvbG9yJTNBJTIwJTIzZmZmZmZmJTNCJTIwbWFyZ2luJTNBJTIwMCUzQiUyMiUzRU9rZSUyMEl0YXNlJTIwMjAxNiUzQyUyRmgzJTNFJTNDJTJGZGl2JTNFJTBBJTIwJTIwJTIwJTIwJTNDJTJGYSUzRSUwQSUzQyUyRmRpdiUzRQ==[\/vc_raw_html][\/vc_column][vc_column width=&#8221;1\/2&#8243; css=&#8221;.vc_custom_1685831687004{margin: 0px !important;padding: 0px !important;border: 0px initial  !important;}&#8221; offset=&#8221;vc_col-lg-3 vc_col-md-4&#8243;][vc_raw_html]JTNDZGl2JTIwY2xhc3MlM0QlMjJpbWFnZS1jb250YWluZXIlMjIlM0UlMEElMDklM0NhJTIwaHJlZiUzRCUyMiUyRnB0LWJyJTJGb2tlLWl0YXNlLWxldHJhLWRvLWFubyUyRm9rZS1pdGFzZS0yMDE1JTJGJTIyJTNFJTBBJTIwJTIwJTA5JTNDaW1nJTIwc3JjJTNEJTIyJTJGd3AtY29udGVudCUyRnVwbG9hZHMlMkYyMDIwJTJGMDUlMkZPa2UtSXRhc2UtMjAxNS5qcGclMjIlMjBhbHQlM0QlMjJPa2UlMjBJdGFzZSUyMDIwMTUlMjIlMjBzdHlsZSUzRCUyMndpZHRoJTNBMTAwJTI1JTNCJTIyJTNFJTBBJTIwJTIwJTA5JTNDZGl2JTIwY2xhc3MlM0QlMjJ0ZXh0LWJvdHRvbS1sZWZ0JTIyJTNFJTNDaDMlMjBzdHlsZSUzRCUyMmNvbG9yJTNBJTIwJTIzZmZmZmZmJTNCJTIwbWFyZ2luJTNBJTIwMCUzQiUyMiUzRU9rZSUyMEl0YXNlJTIwMjAxNSUzQyUyRmgzJTNFJTNDJTJGZGl2JTNFJTBBJTIwJTIwJTIwJTIwJTNDJTJGYSUzRSUwQSUzQyUyRmRpdiUzRQ==[\/vc_raw_html][\/vc_column][\/vc_row][vc_row full_width=&#8221;stretch_row&#8221; content_placement=&#8221;middle&#8221; bg_type=&#8221;bg_color&#8221; bg_override=&#8221;ex-full&#8221; bg_color_value=&#8221;#4e89d5&#8243; el_class=&#8221;banner-2&#8243; css=&#8221;.vc_custom_1589988676615{background-color: #4e89d5 !important;}&#8221;][vc_column width=&#8221;2\/3&#8243;][vc_column_text el_class=&#8221;banner-text&#8221;]Leve a Letra do Ano com voc\u00ea sempre com o aplicativo If\u00e1 Tradicional Pro[\/vc_column_text][\/vc_column][vc_column width=&#8221;1\/3&#8243;][vc_column_text css_animation=&#8221;bounceIn&#8221;]<\/p>\n<p style=\"text-align: center;\"><a class=\"custom-buttons-alternative\" href=\"https:\/\/onelink.to\/ifapro\">Baixar<\/a><\/p>\n<p>[\/vc_column_text][\/vc_column][\/vc_row]<\/p>\n<\/div>"},"excerpt":{"rendered":"<p>[vc_row css=&#8221;.vc_custom_1572174624836{margin-top: 60px !important;margin-bottom: 40px !important;}&#8221; el_class=&#8221;first-row&#8221;][vc_column width=&#8221;1\/6&#8243; offset=&#8221;vc_hidden-sm vc_hidden-xs&#8221;][\/vc_column][vc_column offset=&#8221;vc_col-md-8&#8243;][vc_column_text] Oke Itase ou letra do ano (como \u00e9 conhecida na Am\u00e9rica latina) \u00e9 a adivinha\u00e7\u00e3o<span class=\"excerpt-hellip\"> [\u2026]<\/span><\/p>\n","protected":false},"author":1,"featured_media":780,"parent":0,"menu_order":0,"comment_status":"open","ping_status":"closed","template":"","meta":{"footnotes":""},"categories":[],"class_list":["post-2097","page","type-page","status-publish","has-post-thumbnail","hentry"],"yoast_head":"<!-- This site is optimized with the Yoast SEO Premium plugin v25.2 (Yoast SEO v27.5) - https:\/\/yoast.com\/product\/yoast-seo-premium-wordpress\/ -->\n<title>Oke itase: letra do ano de If\u00e1, em Il\u00e9 If\u00e9 Nig\u00e9ria - Il\u00e9 Awo<\/title>\n<meta name=\"description\" content=\"O Oke Itase ou letra do ano \u00e9 a adivinha\u00e7\u00e3o mundial que todos os anos, em junho, se celebra na Nig\u00e9ria e que em Il\u00e9 Awo trazemos primeiro.\" \/>\n<meta name=\"robots\" content=\"index, follow, max-snippet:-1, max-image-preview:large, max-video-preview:-1\" \/>\n<link rel=\"canonical\" href=\"https:\/\/ileawo.com\/pt-br\/oke-itase-letra-do-ano\/\" \/>\n<meta property=\"og:locale\" content=\"pt_BR\" \/>\n<meta property=\"og:type\" content=\"article\" \/>\n<meta property=\"og:title\" content=\"Oke Itase\" \/>\n<meta property=\"og:description\" content=\"O Oke Itase ou letra do ano \u00e9 a adivinha\u00e7\u00e3o mundial que todos os anos, em junho, se celebra na Nig\u00e9ria e que em Il\u00e9 Awo trazemos primeiro.\" \/>\n<meta property=\"og:url\" content=\"https:\/\/ileawo.com\/pt-br\/oke-itase-letra-do-ano\/\" \/>\n<meta property=\"og:site_name\" content=\"Il\u00e9 Awo\" \/>\n<meta property=\"article:publisher\" content=\"https:\/\/www.facebook.com\/ifabiyii\" \/>\n<meta property=\"article:modified_time\" content=\"2023-06-03T22:40:52+00:00\" \/>\n<meta property=\"og:image\" content=\"http:\/\/ileawo.com\/wp-content\/uploads\/2020\/05\/oke-itase.jpg\" \/>\n\t<meta property=\"og:image:width\" content=\"1200\" \/>\n\t<meta property=\"og:image:height\" content=\"633\" \/>\n\t<meta property=\"og:image:type\" content=\"image\/jpeg\" \/>\n<meta name=\"twitter:card\" content=\"summary_large_image\" \/>\n<meta name=\"twitter:site\" content=\"@ifabiyii\" \/>\n<!-- \/ Yoast SEO Premium plugin. -->","yoast_head_json":{"title":"Oke itase: letra do ano de If\u00e1, em Il\u00e9 If\u00e9 Nig\u00e9ria - Il\u00e9 Awo","description":"O Oke Itase ou letra do ano \u00e9 a adivinha\u00e7\u00e3o mundial que todos os anos, em junho, se celebra na Nig\u00e9ria e que em Il\u00e9 Awo trazemos primeiro.","robots":{"index":"index","follow":"follow","max-snippet":"max-snippet:-1","max-image-preview":"max-image-preview:large","max-video-preview":"max-video-preview:-1"},"canonical":"https:\/\/ileawo.com\/pt-br\/oke-itase-letra-do-ano\/","og_locale":"pt_BR","og_type":"article","og_title":"Oke Itase","og_description":"O Oke Itase ou letra do ano \u00e9 a adivinha\u00e7\u00e3o mundial que todos os anos, em junho, se celebra na Nig\u00e9ria e que em Il\u00e9 Awo trazemos primeiro.","og_url":"https:\/\/ileawo.com\/pt-br\/oke-itase-letra-do-ano\/","og_site_name":"Il\u00e9 Awo","article_publisher":"https:\/\/www.facebook.com\/ifabiyii","article_modified_time":"2023-06-03T22:40:52+00:00","og_image":[{"width":1200,"height":633,"url":"http:\/\/ileawo.com\/wp-content\/uploads\/2020\/05\/oke-itase.jpg","type":"image\/jpeg"}],"twitter_card":"summary_large_image","twitter_site":"@ifabiyii","schema":{"@context":"https:\/\/schema.org","@graph":[{"@type":"Article","@id":"https:\/\/ileawo.com\/pt-br\/oke-itase-letra-do-ano\/#article","isPartOf":{"@id":"https:\/\/ileawo.com\/pt-br\/oke-itase-letra-do-ano\/"},"author":{"name":"If\u00e1b\u00edy\u00ec\u00ed Ak\u00f3d\u00e0","@id":"http:\/\/ileawo.com\/pt-br\/#\/schema\/person\/5b4d3af5a9aa8f02fe88dbeb048ef64a"},"headline":"Oke Itase","datePublished":"2019-10-25T22:00:00+00:00","dateModified":"2023-06-03T22:40:52+00:00","mainEntityOfPage":{"@id":"https:\/\/ileawo.com\/pt-br\/oke-itase-letra-do-ano\/"},"wordCount":1451,"commentCount":0,"publisher":{"@id":"http:\/\/ileawo.com\/pt-br\/#organization"},"image":{"@id":"https:\/\/ileawo.com\/pt-br\/oke-itase-letra-do-ano\/#primaryimage"},"thumbnailUrl":"https:\/\/ileawo.com\/wp-content\/uploads\/2020\/05\/oke-itase.jpg","inLanguage":"pt-BR","potentialAction":[{"@type":"CommentAction","name":"Comment","target":["https:\/\/ileawo.com\/pt-br\/oke-itase-letra-do-ano\/#respond"]}]},{"@type":"WebPage","@id":"https:\/\/ileawo.com\/pt-br\/oke-itase-letra-do-ano\/","url":"https:\/\/ileawo.com\/pt-br\/oke-itase-letra-do-ano\/","name":"Oke itase: letra do ano de If\u00e1, em Il\u00e9 If\u00e9 Nig\u00e9ria - Il\u00e9 Awo","isPartOf":{"@id":"http:\/\/ileawo.com\/pt-br\/#website"},"primaryImageOfPage":{"@id":"https:\/\/ileawo.com\/pt-br\/oke-itase-letra-do-ano\/#primaryimage"},"image":{"@id":"https:\/\/ileawo.com\/pt-br\/oke-itase-letra-do-ano\/#primaryimage"},"thumbnailUrl":"https:\/\/ileawo.com\/wp-content\/uploads\/2020\/05\/oke-itase.jpg","datePublished":"2019-10-25T22:00:00+00:00","dateModified":"2023-06-03T22:40:52+00:00","description":"O Oke Itase ou letra do ano \u00e9 a adivinha\u00e7\u00e3o mundial que todos os anos, em junho, se celebra na Nig\u00e9ria e que em Il\u00e9 Awo trazemos primeiro.","breadcrumb":{"@id":"https:\/\/ileawo.com\/pt-br\/oke-itase-letra-do-ano\/#breadcrumb"},"inLanguage":"pt-BR","potentialAction":[{"@type":"ReadAction","target":["https:\/\/ileawo.com\/pt-br\/oke-itase-letra-do-ano\/"]}]},{"@type":"ImageObject","inLanguage":"pt-BR","@id":"https:\/\/ileawo.com\/pt-br\/oke-itase-letra-do-ano\/#primaryimage","url":"https:\/\/ileawo.com\/wp-content\/uploads\/2020\/05\/oke-itase.jpg","contentUrl":"https:\/\/ileawo.com\/wp-content\/uploads\/2020\/05\/oke-itase.jpg","width":1200,"height":633,"caption":"Oke Itase, la adivinaci\u00f3n mundial de If\u00e1"},{"@type":"BreadcrumbList","@id":"https:\/\/ileawo.com\/pt-br\/oke-itase-letra-do-ano\/#breadcrumb","itemListElement":[{"@type":"ListItem","position":1,"name":"Home","item":"http:\/\/ileawo.com\/pt-br\/"},{"@type":"ListItem","position":2,"name":"Oke Itase"}]},{"@type":"WebSite","@id":"http:\/\/ileawo.com\/pt-br\/#website","url":"http:\/\/ileawo.com\/pt-br\/","name":"Il\u00e9 Awo","description":"","publisher":{"@id":"http:\/\/ileawo.com\/pt-br\/#organization"},"potentialAction":[{"@type":"SearchAction","target":{"@type":"EntryPoint","urlTemplate":"http:\/\/ileawo.com\/pt-br\/?s={search_term_string}"},"query-input":{"@type":"PropertyValueSpecification","valueRequired":true,"valueName":"search_term_string"}}],"inLanguage":"pt-BR"},{"@type":"Organization","@id":"http:\/\/ileawo.com\/pt-br\/#organization","name":"Il\u00e9 Awo","url":"http:\/\/ileawo.com\/pt-br\/","logo":{"@type":"ImageObject","inLanguage":"pt-BR","@id":"http:\/\/ileawo.com\/pt-br\/#\/schema\/logo\/image\/","url":"https:\/\/ileawo.com\/wp-content\/uploads\/revslider\/Bienvenido\/Logo-Ile-Awo-20201.png","contentUrl":"https:\/\/ileawo.com\/wp-content\/uploads\/revslider\/Bienvenido\/Logo-Ile-Awo-20201.png","width":500,"height":155,"caption":"Il\u00e9 Awo"},"image":{"@id":"http:\/\/ileawo.com\/pt-br\/#\/schema\/logo\/image\/"},"sameAs":["https:\/\/www.facebook.com\/ifabiyii","https:\/\/x.com\/ifabiyii","https:\/\/www.instagram.com\/ifabiyii_akoda\/"]},{"@type":"Person","@id":"http:\/\/ileawo.com\/pt-br\/#\/schema\/person\/5b4d3af5a9aa8f02fe88dbeb048ef64a","name":"If\u00e1b\u00edy\u00ec\u00ed Ak\u00f3d\u00e0","image":{"@type":"ImageObject","inLanguage":"pt-BR","@id":"https:\/\/secure.gravatar.com\/avatar\/07530fd5fec1f19247b6ca33a6f419284691fff29c8857d86ea771d943bdba08?s=96&d=mm&r=g","url":"https:\/\/secure.gravatar.com\/avatar\/07530fd5fec1f19247b6ca33a6f419284691fff29c8857d86ea771d943bdba08?s=96&d=mm&r=g","contentUrl":"https:\/\/secure.gravatar.com\/avatar\/07530fd5fec1f19247b6ca33a6f419284691fff29c8857d86ea771d943bdba08?s=96&d=mm&r=g","caption":"If\u00e1b\u00edy\u00ec\u00ed Ak\u00f3d\u00e0"},"sameAs":["https:\/\/ileawo.com\/"]}]}},"_links":{"self":[{"href":"https:\/\/ileawo.com\/pt-br\/wp-json\/wp\/v2\/pages\/2097","targetHints":{"allow":["GET"]}}],"collection":[{"href":"https:\/\/ileawo.com\/pt-br\/wp-json\/wp\/v2\/pages"}],"about":[{"href":"https:\/\/ileawo.com\/pt-br\/wp-json\/wp\/v2\/types\/page"}],"author":[{"embeddable":true,"href":"https:\/\/ileawo.com\/pt-br\/wp-json\/wp\/v2\/users\/1"}],"replies":[{"embeddable":true,"href":"https:\/\/ileawo.com\/pt-br\/wp-json\/wp\/v2\/comments?post=2097"}],"version-history":[{"count":0,"href":"https:\/\/ileawo.com\/pt-br\/wp-json\/wp\/v2\/pages\/2097\/revisions"}],"wp:featuredmedia":[{"embeddable":true,"href":"https:\/\/ileawo.com\/pt-br\/wp-json\/wp\/v2\/media\/780"}],"wp:attachment":[{"href":"https:\/\/ileawo.com\/pt-br\/wp-json\/wp\/v2\/media?parent=2097"}],"wp:term":[{"taxonomy":"category","embeddable":true,"href":"https:\/\/ileawo.com\/pt-br\/wp-json\/wp\/v2\/categories?post=2097"}],"curies":[{"name":"wp","href":"https:\/\/api.w.org\/{rel}","templated":true}]}}