{"id":2074,"date":"2019-10-26T00:00:00","date_gmt":"2019-10-25T22:00:00","guid":{"rendered":"https:\/\/ileawo.com\/iyami-osoronga\/"},"modified":"2022-11-01T16:15:21","modified_gmt":"2022-11-01T15:15:21","slug":"iyami-osoronga","status":"publish","type":"page","link":"https:\/\/ileawo.com\/pt-br\/iyami-osoronga\/","title":{"rendered":"Iyami Osoronga"},"content":{"rendered":"<div class=\"wpb-content-wrapper\"><p>[vc_row css=&#8221;.vc_custom_1572186495208{margin-top: 20px !important;margin-bottom: 20px !important;}&#8221; el_class=&#8221;first-row&#8221;][vc_column width=&#8221;1\/6&#8243; offset=&#8221;vc_hidden-sm vc_hidden-xs&#8221;][\/vc_column][vc_column offset=&#8221;vc_col-md-8&#8243;][vc_column_text]<\/p>\n<p style=\"text-align: center;\">As Iyami Osoronga (Iyami Oxoronga) s\u00e3o comumente conhecidas como \u201cbruxas da noite\u201d. A existencia e pr\u00e1tica dessas divindades \u00e9 exclusiva no culto de If\u00e1, j\u00e1 que fora da pr\u00e1tica do If\u00e1 Tradicional se conhece pouco sobre elas.<\/p>\n<p>[\/vc_column_text][\/vc_column][vc_column width=&#8221;1\/6&#8243; offset=&#8221;vc_hidden-sm vc_hidden-xs&#8221;][\/vc_column][\/vc_row][vc_row full_width=&#8221;stretch_row&#8221; content_placement=&#8221;middle&#8221; bg_type=&#8221;bg_color&#8221; bg_color_value=&#8221;#f6f6f6&#8243; css=&#8221;.vc_custom_1590243536561{padding-top: 60px !important;padding-bottom: 30px !important;background-color: #f6f6f6 !important;}&#8221; el_class=&#8221;flex-row-tablet&#8221;][vc_column css=&#8221;.vc_custom_1577573633566{padding-top: 0px !important;}&#8221; offset=&#8221;vc_col-md-8&#8243;][vc_column_text]<\/p>\n<h2 style=\"text-align: center;\">As oferendas para Iyami Osoronga<\/h2>\n<p>Os yoruba consideram as Iyami Osoronga como suas grandes m\u00e3es espirituais, as mesmas desceram do c\u00e9u por si s\u00f3, dentro do est\u00f4mago de Orunmila, e sem que Olodumare as enviasse a terra. Por esse motivo todos os Orixas tem respeito por elas, por\u00e9m as mesmas n\u00e3o s\u00e3o consideradas divindades.<\/p>\n<p>No geral, elas t\u00eam uma classifica\u00e7\u00e3o negativa, por perturbarem as pessoas e principalmente mulheres gr\u00e1vidas e crian\u00e7as. Tamb\u00e9m causam discuss\u00f5es, problemas de sa\u00fade ou at\u00e9 mesmo obst\u00e1culos no dia a dia de uma pessoa. Por esse motivo os Babalawos as alimentam constantemente, para evitar suas perturba\u00e7\u00f5es e que lhes causem algum dano. O culto \u00e0s Iyami Osoronga \u00e9 exclusivo da pr\u00e1tica do If\u00e1 tradicional, e voc\u00ea pode entender mais e aprender como se cultua as Iyami, baixando o App <a href=\"https:\/\/onelink.to\/ifapro\">If\u00e1 Tradicional Pro<\/a><\/p>\n<p>Da mesma maneira que cada Orixa est\u00e1 representado por algum elemento da natureza, os yoruba representam as Iyami Osoronga com p\u00e1ssaros e gatos.[\/vc_column_text][\/vc_column][vc_column el_class=&#8221;flex-row-tablet&#8221; css=&#8221;.vc_custom_1577573620685{padding-top: 0px !important;}&#8221; offset=&#8221;vc_col-md-4&#8243;][vc_single_image image=&#8221;771&#8243; img_size=&#8221;469&#215;600&#8243; alignment=&#8221;center&#8221; css_animation=&#8221;left-to-right&#8221; css=&#8221;.vc_custom_1590055785520{margin-bottom: 0px !important;}&#8221;][\/vc_column][\/vc_row][vc_row content_placement=&#8221;middle&#8221; css=&#8221;.vc_custom_1577985498223{padding-top: 30px !important;}&#8221;][vc_column css=&#8221;.vc_custom_1577573678234{padding-top: 0px !important;}&#8221; offset=&#8221;vc_col-md-4&#8243;][vc_single_image image=&#8221;768&#8243; img_size=&#8221;469&#215;600&#8243; alignment=&#8221;center&#8221; css=&#8221;.vc_custom_1590055804871{margin-bottom: 0px !important;}&#8221;][\/vc_column][vc_column css=&#8221;.vc_custom_1577573647093{padding-top: 0px !important;}&#8221; offset=&#8221;vc_col-md-8&#8243;][vc_column_text]<\/p>\n<h2 style=\"text-align: center;\">Adaasa: o machete de Obatala<\/h2>\n<p>As oferendas a Iyami Osooronga possui seus objetos particulares e necess\u00e1rios para o momento do ritual, um dos mais importantes \u00e9 o Adaasa (\u00c0d\u00e1as\u00e1) o machete do <a href=\"https:\/\/ileawo.com\/pt-br\/orixas-yoruba\/obatala\/\">\u00d2\u00f2s\u00e0nl\u00e1<\/a> (Obatala), uma esp\u00e9cie de sineta em forma de machete que se faz tocar durante o ritual das bruxas.<\/p>\n<p>O Odu Osa Meji explica que Obatala entregou o Adaasa a <a href=\"https:\/\/ileawo.com\/pt-br\/orixas-yoruba\/orunmila-orula\/\">Orunmila<\/a> como forma de agradecimento pela ajuda quando Obatala estava sendo atacado pelas bruxas. Neste Odu, o algod\u00e3o estava sendo dizimado pelas bruxas, quando recorreu a casa de Obatala por ajuda. O mesmo, depois de consultar a If\u00e1, declarou que nenhum p\u00e1ssaro poderia consumir algod\u00e3o. E como consequ\u00eancia, as bruxas proibiram Obatala de beber das aguas dos r\u00edos dos p\u00e1ssaros.<\/p>\n<p>Obatala recorreu aos <a href=\"https:\/\/ileawo.com\/pt-br\/orixas-yoruba\/\">Irunmole<\/a> (Xango, Ogum&#8230;) por\u00e9m estes n\u00e3o podiam ajud\u00e1-lo, ent\u00e3o foi correndo a casa de Orunmila, e foi perseguido pelas bruxas durante todo o caminho. If\u00e1 j\u00e1 havia advertido que Orunmila deveria oferecer como sacrif\u00edcio gr\u00e3os de feij\u00e3o e cola, e assim fez Orunmila, colocando na porta de sua casa os feij\u00f5es e cola encima. Quando Obatala chegou a casa de Orunmila as bruxas viram os feij\u00f5es na porta e come\u00e7aram a comer, e consequentemente ficaram presas com a cola nos seus p\u00e9s. Imediatamente Orunmila pegou o machete de Obatala e cortou as cabe\u00e7as dos p\u00e1ssaros, livrando Obatala dos seus inimigos. Como agradecimento, Obatala presenteou Orunmila com seu machete, e o mesmo declarou que o algod\u00e3o germinaria e florecer\u00eda diante de todos os p\u00e1ssaros.[\/vc_column_text][\/vc_column][\/vc_row][vc_row full_width=&#8221;stretch_row_content&#8221; content_placement=&#8221;middle&#8221; parallax=&#8221;content-moving&#8221; parallax_image=&#8221;765&#8243; parallax_speed_bg=&#8221;1.6&#8243; css=&#8221;.vc_custom_1590243526422{padding-top: 60px !important;padding-bottom: 60px !important;}&#8221;][vc_column width=&#8221;1\/4&#8243;][\/vc_column][vc_column width=&#8221;1\/2&#8243;][vc_column_text]<\/p>\n<h3 style=\"text-align: center;\"><span style=\"color: #ffffff;\">Inicia\u00e7\u00e3o ao culto das bruxas<\/span><\/h3>\n<p style=\"text-align: center;\"><span style=\"color: #fcfcfc;\">Existe uma inicia\u00e7\u00e3o no culto de Iyami Osoronga que \u00e9 secreta. No entanto, nenhum babalawo ou seguidor do culto de If\u00e1 ou Orixa \u00e9 iniciado em Iyami ou participa dessas cerim\u00f4nias.<\/span><\/p>\n<p>[\/vc_column_text][vc_column_text]<\/p>\n<p style=\"text-align: center;\"><span style=\"color: #ffffff;\"><a style=\"color: #ffffff;\" href=\"\/pt-br\/contact\/\">Ler mais<\/a><\/span><\/p>\n<p>[\/vc_column_text][\/vc_column][vc_column width=&#8221;1\/4&#8243;][\/vc_column][\/vc_row][vc_row full_width=&#8221;stretch_row&#8221; content_placement=&#8221;middle&#8221; bg_type=&#8221;bg_color&#8221; bg_override=&#8221;ex-full&#8221; bg_color_value=&#8221;#4e89d5&#8243; el_class=&#8221;banner&#8221; css=&#8221;.vc_custom_1590056023572{background-color: #4e89d5 !important;}&#8221;][vc_column width=&#8221;2\/3&#8243;][vc_column_text el_class=&#8221;banner-text&#8221;]Aprende en exclusiva c\u00f3mo fazer oferendas a Iyami Osoronga con If\u00e1 Tradicional Pro[\/vc_column_text][\/vc_column][vc_column width=&#8221;1\/3&#8243;][vc_column_text css_animation=&#8221;bounceIn&#8221;]<\/p>\n<p style=\"text-align: center;\"><a class=\"custom-buttons-alternative\" href=\"https:\/\/onelink.to\/ifapro\">Baixar<\/a><\/p>\n<p>[\/vc_column_text][\/vc_column][\/vc_row]<\/p>\n<\/div>"},"excerpt":{"rendered":"<p>[vc_row css=&#8221;.vc_custom_1572186495208{margin-top: 20px !important;margin-bottom: 20px !important;}&#8221; el_class=&#8221;first-row&#8221;][vc_column width=&#8221;1\/6&#8243; offset=&#8221;vc_hidden-sm vc_hidden-xs&#8221;][\/vc_column][vc_column offset=&#8221;vc_col-md-8&#8243;][vc_column_text] As Iyami Osoronga (Iyami Oxoronga) s\u00e3o comumente conhecidas como \u201cbruxas da noite\u201d. A existencia e<span class=\"excerpt-hellip\"> [\u2026]<\/span><\/p>\n","protected":false},"author":1,"featured_media":762,"parent":0,"menu_order":0,"comment_status":"open","ping_status":"open","template":"","meta":{"footnotes":""},"categories":[],"class_list":["post-2074","page","type-page","status-publish","has-post-thumbnail","hentry"],"yoast_head":"<!-- This site is optimized with the Yoast SEO Premium plugin v25.2 (Yoast SEO v27.5) - https:\/\/yoast.com\/product\/yoast-seo-premium-wordpress\/ -->\n<title>Iyami Osoronga: as chaves da propicia\u00e7\u00e3o as bruxas - Il\u00e9 Awo<\/title>\n<meta name=\"description\" content=\"O culto e a propicia\u00e7\u00e3o a Iyami Osoronga \u00e9 exclusiva da pr\u00e1tica tradicional de If\u00e1. Aprenda os detalhes sobre as bruxas da noite em Il\u00e9 awo\" \/>\n<meta name=\"robots\" content=\"index, follow, max-snippet:-1, max-image-preview:large, max-video-preview:-1\" \/>\n<link rel=\"canonical\" href=\"https:\/\/ileawo.com\/pt-br\/iyami-osoronga\/\" \/>\n<meta property=\"og:locale\" content=\"pt_BR\" \/>\n<meta property=\"og:type\" content=\"article\" \/>\n<meta property=\"og:title\" content=\"Iyami Osoronga\" \/>\n<meta property=\"og:description\" content=\"O culto e a propicia\u00e7\u00e3o a Iyami Osoronga \u00e9 exclusiva da pr\u00e1tica tradicional de If\u00e1. Aprenda os detalhes sobre as bruxas da noite em Il\u00e9 awo\" \/>\n<meta property=\"og:url\" content=\"https:\/\/ileawo.com\/pt-br\/iyami-osoronga\/\" \/>\n<meta property=\"og:site_name\" content=\"Il\u00e9 Awo\" \/>\n<meta property=\"article:publisher\" content=\"https:\/\/www.facebook.com\/ifabiyii\" \/>\n<meta property=\"article:modified_time\" content=\"2022-11-01T15:15:21+00:00\" \/>\n<meta property=\"og:image\" content=\"https:\/\/ileawo.com\/wp-content\/uploads\/2020\/05\/iyami-osoronga.jpg\" \/>\n\t<meta property=\"og:image:width\" content=\"1200\" \/>\n\t<meta property=\"og:image:height\" content=\"633\" \/>\n\t<meta property=\"og:image:type\" content=\"image\/jpeg\" \/>\n<meta name=\"twitter:card\" content=\"summary_large_image\" \/>\n<meta name=\"twitter:site\" content=\"@ifabiyii\" \/>\n<!-- \/ Yoast SEO Premium plugin. -->","yoast_head_json":{"title":"Iyami Osoronga: as chaves da propicia\u00e7\u00e3o as bruxas - Il\u00e9 Awo","description":"O culto e a propicia\u00e7\u00e3o a Iyami Osoronga \u00e9 exclusiva da pr\u00e1tica tradicional de If\u00e1. Aprenda os detalhes sobre as bruxas da noite em Il\u00e9 awo","robots":{"index":"index","follow":"follow","max-snippet":"max-snippet:-1","max-image-preview":"max-image-preview:large","max-video-preview":"max-video-preview:-1"},"canonical":"https:\/\/ileawo.com\/pt-br\/iyami-osoronga\/","og_locale":"pt_BR","og_type":"article","og_title":"Iyami Osoronga","og_description":"O culto e a propicia\u00e7\u00e3o a Iyami Osoronga \u00e9 exclusiva da pr\u00e1tica tradicional de If\u00e1. Aprenda os detalhes sobre as bruxas da noite em Il\u00e9 awo","og_url":"https:\/\/ileawo.com\/pt-br\/iyami-osoronga\/","og_site_name":"Il\u00e9 Awo","article_publisher":"https:\/\/www.facebook.com\/ifabiyii","article_modified_time":"2022-11-01T15:15:21+00:00","og_image":[{"width":1200,"height":633,"url":"https:\/\/ileawo.com\/wp-content\/uploads\/2020\/05\/iyami-osoronga.jpg","type":"image\/jpeg"}],"twitter_card":"summary_large_image","twitter_site":"@ifabiyii","schema":{"@context":"https:\/\/schema.org","@graph":[{"@type":"Article","@id":"https:\/\/ileawo.com\/pt-br\/iyami-osoronga\/#article","isPartOf":{"@id":"https:\/\/ileawo.com\/pt-br\/iyami-osoronga\/"},"author":{"name":"If\u00e1b\u00edy\u00ec\u00ed Ak\u00f3d\u00e0","@id":"http:\/\/ileawo.com\/pt-br\/#\/schema\/person\/5b4d3af5a9aa8f02fe88dbeb048ef64a"},"headline":"Iyami Osoronga","datePublished":"2019-10-25T22:00:00+00:00","dateModified":"2022-11-01T15:15:21+00:00","mainEntityOfPage":{"@id":"https:\/\/ileawo.com\/pt-br\/iyami-osoronga\/"},"wordCount":859,"commentCount":0,"publisher":{"@id":"http:\/\/ileawo.com\/pt-br\/#organization"},"image":{"@id":"https:\/\/ileawo.com\/pt-br\/iyami-osoronga\/#primaryimage"},"thumbnailUrl":"https:\/\/ileawo.com\/wp-content\/uploads\/2020\/05\/iyami-osoronga.jpg","inLanguage":"pt-BR","potentialAction":[{"@type":"CommentAction","name":"Comment","target":["https:\/\/ileawo.com\/pt-br\/iyami-osoronga\/#respond"]}]},{"@type":"WebPage","@id":"https:\/\/ileawo.com\/pt-br\/iyami-osoronga\/","url":"https:\/\/ileawo.com\/pt-br\/iyami-osoronga\/","name":"Iyami Osoronga: as chaves da propicia\u00e7\u00e3o as bruxas - Il\u00e9 Awo","isPartOf":{"@id":"http:\/\/ileawo.com\/pt-br\/#website"},"primaryImageOfPage":{"@id":"https:\/\/ileawo.com\/pt-br\/iyami-osoronga\/#primaryimage"},"image":{"@id":"https:\/\/ileawo.com\/pt-br\/iyami-osoronga\/#primaryimage"},"thumbnailUrl":"https:\/\/ileawo.com\/wp-content\/uploads\/2020\/05\/iyami-osoronga.jpg","datePublished":"2019-10-25T22:00:00+00:00","dateModified":"2022-11-01T15:15:21+00:00","description":"O culto e a propicia\u00e7\u00e3o a Iyami Osoronga \u00e9 exclusiva da pr\u00e1tica tradicional de If\u00e1. Aprenda os detalhes sobre as bruxas da noite em Il\u00e9 awo","breadcrumb":{"@id":"https:\/\/ileawo.com\/pt-br\/iyami-osoronga\/#breadcrumb"},"inLanguage":"pt-BR","potentialAction":[{"@type":"ReadAction","target":["https:\/\/ileawo.com\/pt-br\/iyami-osoronga\/"]}]},{"@type":"ImageObject","inLanguage":"pt-BR","@id":"https:\/\/ileawo.com\/pt-br\/iyami-osoronga\/#primaryimage","url":"https:\/\/ileawo.com\/wp-content\/uploads\/2020\/05\/iyami-osoronga.jpg","contentUrl":"https:\/\/ileawo.com\/wp-content\/uploads\/2020\/05\/iyami-osoronga.jpg","width":1200,"height":633,"caption":"Iyami osoronga, las brujas de la noche"},{"@type":"BreadcrumbList","@id":"https:\/\/ileawo.com\/pt-br\/iyami-osoronga\/#breadcrumb","itemListElement":[{"@type":"ListItem","position":1,"name":"Home","item":"http:\/\/ileawo.com\/pt-br\/"},{"@type":"ListItem","position":2,"name":"Iyami Osoronga"}]},{"@type":"WebSite","@id":"http:\/\/ileawo.com\/pt-br\/#website","url":"http:\/\/ileawo.com\/pt-br\/","name":"Il\u00e9 Awo","description":"","publisher":{"@id":"http:\/\/ileawo.com\/pt-br\/#organization"},"potentialAction":[{"@type":"SearchAction","target":{"@type":"EntryPoint","urlTemplate":"http:\/\/ileawo.com\/pt-br\/?s={search_term_string}"},"query-input":{"@type":"PropertyValueSpecification","valueRequired":true,"valueName":"search_term_string"}}],"inLanguage":"pt-BR"},{"@type":"Organization","@id":"http:\/\/ileawo.com\/pt-br\/#organization","name":"Il\u00e9 Awo","url":"http:\/\/ileawo.com\/pt-br\/","logo":{"@type":"ImageObject","inLanguage":"pt-BR","@id":"http:\/\/ileawo.com\/pt-br\/#\/schema\/logo\/image\/","url":"https:\/\/ileawo.com\/wp-content\/uploads\/revslider\/Bienvenido\/Logo-Ile-Awo-20201.png","contentUrl":"https:\/\/ileawo.com\/wp-content\/uploads\/revslider\/Bienvenido\/Logo-Ile-Awo-20201.png","width":500,"height":155,"caption":"Il\u00e9 Awo"},"image":{"@id":"http:\/\/ileawo.com\/pt-br\/#\/schema\/logo\/image\/"},"sameAs":["https:\/\/www.facebook.com\/ifabiyii","https:\/\/x.com\/ifabiyii","https:\/\/www.instagram.com\/ifabiyii_akoda\/"]},{"@type":"Person","@id":"http:\/\/ileawo.com\/pt-br\/#\/schema\/person\/5b4d3af5a9aa8f02fe88dbeb048ef64a","name":"If\u00e1b\u00edy\u00ec\u00ed Ak\u00f3d\u00e0","image":{"@type":"ImageObject","inLanguage":"pt-BR","@id":"https:\/\/secure.gravatar.com\/avatar\/07530fd5fec1f19247b6ca33a6f419284691fff29c8857d86ea771d943bdba08?s=96&d=mm&r=g","url":"https:\/\/secure.gravatar.com\/avatar\/07530fd5fec1f19247b6ca33a6f419284691fff29c8857d86ea771d943bdba08?s=96&d=mm&r=g","contentUrl":"https:\/\/secure.gravatar.com\/avatar\/07530fd5fec1f19247b6ca33a6f419284691fff29c8857d86ea771d943bdba08?s=96&d=mm&r=g","caption":"If\u00e1b\u00edy\u00ec\u00ed Ak\u00f3d\u00e0"},"sameAs":["https:\/\/ileawo.com\/"]}]}},"_links":{"self":[{"href":"https:\/\/ileawo.com\/pt-br\/wp-json\/wp\/v2\/pages\/2074","targetHints":{"allow":["GET"]}}],"collection":[{"href":"https:\/\/ileawo.com\/pt-br\/wp-json\/wp\/v2\/pages"}],"about":[{"href":"https:\/\/ileawo.com\/pt-br\/wp-json\/wp\/v2\/types\/page"}],"author":[{"embeddable":true,"href":"https:\/\/ileawo.com\/pt-br\/wp-json\/wp\/v2\/users\/1"}],"replies":[{"embeddable":true,"href":"https:\/\/ileawo.com\/pt-br\/wp-json\/wp\/v2\/comments?post=2074"}],"version-history":[{"count":0,"href":"https:\/\/ileawo.com\/pt-br\/wp-json\/wp\/v2\/pages\/2074\/revisions"}],"wp:featuredmedia":[{"embeddable":true,"href":"https:\/\/ileawo.com\/pt-br\/wp-json\/wp\/v2\/media\/762"}],"wp:attachment":[{"href":"https:\/\/ileawo.com\/pt-br\/wp-json\/wp\/v2\/media?parent=2074"}],"wp:term":[{"taxonomy":"category","embeddable":true,"href":"https:\/\/ileawo.com\/pt-br\/wp-json\/wp\/v2\/categories?post=2074"}],"curies":[{"name":"wp","href":"https:\/\/api.w.org\/{rel}","templated":true}]}}