{"id":2058,"date":"2019-10-28T00:00:00","date_gmt":"2019-10-27T23:00:00","guid":{"rendered":"https:\/\/ileawo.com\/orixas-yoruba\/oferendas-aos-orixas\/"},"modified":"2020-05-31T22:38:10","modified_gmt":"2020-05-31T20:38:10","slug":"oferendas-aos-orixas","status":"publish","type":"page","link":"https:\/\/ileawo.com\/pt-br\/orixas-yoruba\/oferendas-aos-orixas\/","title":{"rendered":"Oferendas aos Orixas"},"content":{"rendered":"<div class=\"wpb-content-wrapper\"><p>[vc_row el_class=&#8221;first-row&#8221;][vc_column width=&#8221;1\/6&#8243; offset=&#8221;vc_hidden-sm vc_hidden-xs&#8221;][\/vc_column][vc_column offset=&#8221;vc_col-md-8&#8243;][vc_column_text]<\/p>\n<p style=\"text-align: center;\">As oferendas aos Orixas na cultura Yoruba s\u00e3o um dos aspectos mais importantes na pr\u00e1tica religiosa, j\u00e1 que tudo est\u00e1 conectado aos sacrif\u00edcios. Os sacrif\u00edcios podem ser feitos por louvor aos Orixas, resultado da adivinha\u00e7\u00e3o de If\u00e1, pelo Oke Itase (letra no ano), pela busca de alguma sorte ou resolu\u00e7\u00e3o de problemas.<\/p>\n<p>[\/vc_column_text][\/vc_column][vc_column width=&#8221;1\/6&#8243; offset=&#8221;vc_hidden-sm vc_hidden-xs&#8221;][\/vc_column][\/vc_row][vc_row full_width=&#8221;stretch_row&#8221; content_placement=&#8221;middle&#8221; bg_type=&#8221;bg_color&#8221; css=&#8221;.vc_custom_1572651229088{padding-top: 60px !important;padding-bottom: 30px !important;}&#8221; bg_color_value=&#8221;#f6f6f6&#8243; el_class=&#8221;flex-row-tablet&#8221;][vc_column css=&#8221;.vc_custom_1577572718283{padding-top: 0px !important;}&#8221; offset=&#8221;vc_col-md-8&#8243;][vc_column_text]<\/p>\n<h2 style=\"text-align: center;\">Tipos de oferendas aos Orixas<\/h2>\n<p>O Adimu ( \u00c0d\u00ecm\u00f9) \u00e9 uma das oferendas mais comuns feitas para os Orixas. Nele se utiliza, na maior parte dos casos, comida ou animais. Algumas das comidas mais comuns utilizadas no If\u00e1 tradicional s\u00e3o: <a href=\"http:\/\/hyperurl.co\/ifa-pro-app\">Amala<\/a> (\u00c0m\u00e0l\u00e0) ou farinha de Nhame, o <a href=\"http:\/\/hyperurl.co\/ifa-pro-app\">Ekuru<\/a> (\u00c9kuru) ou <a href=\"http:\/\/hyperurl.co\/ifa-pro-app\">Akara<\/a> (\u00c0k\u00e0r\u00e0) que s\u00e3o feitas com feij\u00e3o de praia. E o <a href=\"http:\/\/hyperurl.co\/ifa-pro-app\">Eko<\/a> (\u00c8ko) que \u00e9 a farinha de milho cozida. Esses s\u00e3o apenas alguns exemplos. Essas comidas s\u00e3o originais da cultura Yoruba e s\u00e3o utilizadas para distintos prop\u00f3sitos.<\/p>\n<p>Outros tipos s\u00e3o os <a href=\"http:\/\/hyperurl.co\/ifa-pro-app\">Ebo<\/a> (Eb\u00f3 Rir\u00fa \u00e9 o \u00c8t\u00f9t\u00f9).<\/p>\n<p>\u00c9 importante saber que as comidas e sacrificios feitos nas inicia\u00e7\u00f5es de If\u00e1 ou algum outro Orixa n\u00e3o s\u00e3o oferendas particulares, sen\u00e3o que fazem parte do ritual inici\u00e1tico.<\/p>\n<p>\u00c9 importante tamb\u00e9m saber que n\u00e3o se pode utilizar nenhuma medicina sem antes haver feito as devidas oferendas e sacrif\u00edcios. Se voc\u00ea quer saber mais sobre as medicinas e sacrif\u00edcios baixe o aplicativo <a href=\"http:\/\/hyperurl.co\/ifa-pro-app\">If\u00e1 Tradicional Pro<\/a>.[\/vc_column_text][\/vc_column][vc_column css=&#8221;.vc_custom_1577572679959{padding-top: 0px !important;}&#8221; offset=&#8221;vc_col-md-4&#8243;][vc_single_image image=&#8221;1299&#8243; img_size=&#8221;large&#8221; alignment=&#8221;center&#8221; css=&#8221;.vc_custom_1590060498085{margin-bottom: 0px !important;}&#8221;][\/vc_column][\/vc_row][vc_row content_placement=&#8221;middle&#8221; css=&#8221;.vc_custom_1572651495270{padding-top: 30px !important;}&#8221;][vc_column css=&#8221;.vc_custom_1577572732550{padding-top: 0px !important;}&#8221; offset=&#8221;vc_col-md-4&#8243;][vc_single_image image=&#8221;1302&#8243; img_size=&#8221;large&#8221; alignment=&#8221;center&#8221; css=&#8221;.vc_custom_1590060516299{margin-bottom: 0px !important;}&#8221;][\/vc_column][vc_column css=&#8221;.vc_custom_1577572749943{padding-top: 0px !important;}&#8221; offset=&#8221;vc_col-md-8&#8243;][vc_column_text]<\/p>\n<h2 style=\"text-align: center;\">Por que realizar oferendas<\/h2>\n<p>Quando se realiza uma <a href=\"https:\/\/ileawo.com\/pt-br\/pratica-de-ifa-tradicional\/adivinhacao-de-ifa\/\">adivinha\u00e7\u00e3o de If\u00e1<\/a>, o mesmo sempre indicar\u00e1 oferendas para o Orixa ou sacrif\u00edcios necess\u00e1rios para atrair a boa sorte e impedir que algo negativo aconte\u00e7a. Neste caso existem duas op\u00e7\u00f5es: que a pessoa ou\u00e7a If\u00e1 e fa\u00e7a as oferendas imediatamente ou n\u00e3o fazer caso aos conselhos dados atrav\u00e9s da adivinha\u00e7\u00e3o de If\u00e1.<\/p>\n<p>Se fizermos as oferendas ao Orixa imediatamente, a parte positiva do que If\u00e1 disse ser\u00e1 manifestada e venceremos a parte negativa que If\u00e1 adverte. Por exemplo, se a adivinha\u00e7\u00e3o sinaliza um tipo de riqueza, fazer ofertas a manifestar\u00e1. Se, pelo contr\u00e1rio, a adivinha\u00e7\u00e3o sinalizar uma perda econ\u00f4mica, com as ofertas, faremos todo o poss\u00edvel para impedir que essa perda ocorra.<\/p>\n<p>Quando atrasamos as oferendas, a coisa mais segura \u00e9 que o positivo n\u00e3o se manifesta e que o negativo n\u00e3o pode ser evitado. Seguindo o mesmo exemplo acima, se a adivinha\u00e7\u00e3o apontar para um tipo de riqueza e adiarmos as ofertas, ela n\u00e3o se manifestar\u00e1. Se a adivinha\u00e7\u00e3o alertar para uma perda econ\u00f4mica e adiarmos as oferendas, n\u00e3o impediremos que isso aconte\u00e7a. Quando essa situa\u00e7\u00e3o \u00e9 alcan\u00e7ada e as pessoas verificam que seus problemas n\u00e3o foram resolvidos ou agravados, eles retornam \u00e0 casa do babalawo para tentar fazer os sacrif\u00edcios solicitados acima. No entanto, eles devem ter em mente que, naquele momento, a situa\u00e7\u00e3o \u00e9 diferente da inicial e que as ofertas que ser\u00e3o feitas ser\u00e3o alteradas.<\/p>\n<p>A terceira op\u00e7\u00e3o \u00e9 que a pessoa n\u00e3o fa\u00e7a as ofertas. Aqui \u00e9 necess\u00e1rio avisar que, se voc\u00ea n\u00e3o os fizer, sua situa\u00e7\u00e3o piorar\u00e1. \u00c9 por isso que sempre recomendamos \u00e0s pessoas que, se n\u00e3o estiverem dispostas a fazer oferendas ao orix\u00e1, n\u00e3o fa\u00e7am a adivinha\u00e7\u00e3o.[\/vc_column_text][\/vc_column][\/vc_row][vc_row full_width=&#8221;stretch_row_content&#8221; content_placement=&#8221;middle&#8221; parallax=&#8221;content-moving&#8221; parallax_image=&#8221;1296&#8243; parallax_speed_bg=&#8221;1.8&#8243; css=&#8221;.vc_custom_1590060562001{padding-top: 60px !important;padding-bottom: 60px !important;}&#8221;][vc_column width=&#8221;1\/4&#8243;][\/vc_column][vc_column width=&#8221;1\/2&#8243;][vc_column_text]<\/p>\n<h3 style=\"text-align: center;\"><span style=\"color: #ffffff;\">Garante o sucesso dos sacrif\u00edcios<\/span><\/h3>\n<p style=\"text-align: center;\"><span style=\"color: #ffffff;\">Para que as oferendas aos Orixas e os sacrif\u00edcios sejam bem-sucedidos, as pessoas devem manter um bom comportamento, respeitar seus tabus e prestar aten\u00e7\u00e3o \u00e0s advert\u00eancias feitas por If\u00e1.<\/span><\/p>\n<p>[\/vc_column_text][vc_column_text]<\/p>\n<p style=\"text-align: center;\"><span style=\"color: #ffffff;\"><a style=\"color: #ffffff;\" href=\"\/pt-br\/contato\/\">Ler mais<\/a><\/span><\/p>\n<p>[\/vc_column_text][\/vc_column][vc_column width=&#8221;1\/4&#8243;][\/vc_column][\/vc_row][vc_row full_width=&#8221;stretch_row&#8221; content_placement=&#8221;middle&#8221; bg_type=&#8221;bg_color&#8221; bg_override=&#8221;ex-full&#8221; bg_color_value=&#8221;#ffffff&#8221; el_class=&#8221;banner&#8221;][vc_column width=&#8221;2\/3&#8243;][vc_column_text el_class=&#8221;banner-text-alternative&#8221;]Aprenda a fazer oferendas passo a passo com o If\u00e1 Tradicional Pro[\/vc_column_text][\/vc_column][vc_column width=&#8221;1\/3&#8243;][vc_column_text css_animation=&#8221;bounceIn&#8221;]<\/p>\n<p style=\"text-align: center;\"><a class=\"custom-buttons\" href=\"http:\/\/hyperurl.co\/ifa-pro-app\">Baixar<\/a><\/p>\n<p>[\/vc_column_text][\/vc_column][\/vc_row]<\/p>\n<\/div>"},"excerpt":{"rendered":"<p>[vc_row el_class=&#8221;first-row&#8221;][vc_column width=&#8221;1\/6&#8243; offset=&#8221;vc_hidden-sm vc_hidden-xs&#8221;][\/vc_column][vc_column offset=&#8221;vc_col-md-8&#8243;][vc_column_text] As oferendas aos Orixas na cultura Yoruba s\u00e3o um dos aspectos mais importantes na pr\u00e1tica religiosa, j\u00e1 que tudo est\u00e1<span class=\"excerpt-hellip\"> [\u2026]<\/span><\/p>\n","protected":false},"author":1,"featured_media":3365,"parent":1972,"menu_order":0,"comment_status":"open","ping_status":"open","template":"","meta":{"footnotes":""},"categories":[],"class_list":["post-2058","page","type-page","status-publish","has-post-thumbnail","hentry"],"yoast_head":"<!-- This site is optimized with the Yoast SEO Premium plugin v25.2 (Yoast SEO v27.4) - https:\/\/yoast.com\/product\/yoast-seo-premium-wordpress\/ -->\n<title>Oferendas aos orixas e sacrif\u00edcios no If\u00e1 tradicional - Il\u00e9 Awo<\/title>\n<meta name=\"description\" content=\"As oferendas aos Orixas e os sacrif\u00edcios s\u00e3o a chave fundamental da pr\u00e1tica tradicional. Com elas superamos obst\u00e1culos e alcan\u00e7amos a sorte\" \/>\n<meta name=\"robots\" content=\"index, follow, max-snippet:-1, max-image-preview:large, max-video-preview:-1\" \/>\n<link rel=\"canonical\" href=\"https:\/\/ileawo.com\/pt-br\/orixas-yoruba\/oferendas-aos-orixas\/\" \/>\n<meta property=\"og:locale\" content=\"pt_BR\" \/>\n<meta property=\"og:type\" content=\"article\" \/>\n<meta property=\"og:title\" content=\"Oferendas aos Orixas\" \/>\n<meta property=\"og:description\" content=\"As oferendas aos Orixas e os sacrif\u00edcios s\u00e3o a chave fundamental da pr\u00e1tica tradicional. Com elas superamos obst\u00e1culos e alcan\u00e7amos a sorte\" \/>\n<meta property=\"og:url\" content=\"https:\/\/ileawo.com\/pt-br\/orixas-yoruba\/oferendas-aos-orixas\/\" \/>\n<meta property=\"og:site_name\" content=\"Il\u00e9 Awo\" \/>\n<meta property=\"article:publisher\" content=\"https:\/\/www.facebook.com\/ifabiyii\" \/>\n<meta property=\"article:modified_time\" content=\"2020-05-31T20:38:10+00:00\" \/>\n<meta property=\"og:image\" content=\"http:\/\/ileawo.com\/wp-content\/uploads\/2020\/05\/oferendas-orixas.jpg\" \/>\n\t<meta property=\"og:image:width\" content=\"1200\" \/>\n\t<meta property=\"og:image:height\" content=\"633\" \/>\n\t<meta property=\"og:image:type\" content=\"image\/jpeg\" \/>\n<meta name=\"twitter:card\" content=\"summary_large_image\" \/>\n<meta name=\"twitter:site\" content=\"@ifabiyii\" \/>\n<!-- \/ Yoast SEO Premium plugin. -->","yoast_head_json":{"title":"Oferendas aos orixas e sacrif\u00edcios no If\u00e1 tradicional - Il\u00e9 Awo","description":"As oferendas aos Orixas e os sacrif\u00edcios s\u00e3o a chave fundamental da pr\u00e1tica tradicional. Com elas superamos obst\u00e1culos e alcan\u00e7amos a sorte","robots":{"index":"index","follow":"follow","max-snippet":"max-snippet:-1","max-image-preview":"max-image-preview:large","max-video-preview":"max-video-preview:-1"},"canonical":"https:\/\/ileawo.com\/pt-br\/orixas-yoruba\/oferendas-aos-orixas\/","og_locale":"pt_BR","og_type":"article","og_title":"Oferendas aos Orixas","og_description":"As oferendas aos Orixas e os sacrif\u00edcios s\u00e3o a chave fundamental da pr\u00e1tica tradicional. Com elas superamos obst\u00e1culos e alcan\u00e7amos a sorte","og_url":"https:\/\/ileawo.com\/pt-br\/orixas-yoruba\/oferendas-aos-orixas\/","og_site_name":"Il\u00e9 Awo","article_publisher":"https:\/\/www.facebook.com\/ifabiyii","article_modified_time":"2020-05-31T20:38:10+00:00","og_image":[{"width":1200,"height":633,"url":"http:\/\/ileawo.com\/wp-content\/uploads\/2020\/05\/oferendas-orixas.jpg","type":"image\/jpeg"}],"twitter_card":"summary_large_image","twitter_site":"@ifabiyii","schema":{"@context":"https:\/\/schema.org","@graph":[{"@type":"Article","@id":"https:\/\/ileawo.com\/pt-br\/orixas-yoruba\/oferendas-aos-orixas\/#article","isPartOf":{"@id":"https:\/\/ileawo.com\/pt-br\/orixas-yoruba\/oferendas-aos-orixas\/"},"author":{"name":"If\u00e1b\u00edy\u00ec\u00ed Ak\u00f3d\u00e0","@id":"http:\/\/ileawo.com\/pt-br\/#\/schema\/person\/5b4d3af5a9aa8f02fe88dbeb048ef64a"},"headline":"Oferendas aos Orixas","datePublished":"2019-10-27T23:00:00+00:00","dateModified":"2020-05-31T20:38:10+00:00","mainEntityOfPage":{"@id":"https:\/\/ileawo.com\/pt-br\/orixas-yoruba\/oferendas-aos-orixas\/"},"wordCount":895,"commentCount":0,"publisher":{"@id":"http:\/\/ileawo.com\/pt-br\/#organization"},"image":{"@id":"https:\/\/ileawo.com\/pt-br\/orixas-yoruba\/oferendas-aos-orixas\/#primaryimage"},"thumbnailUrl":"https:\/\/ileawo.com\/wp-content\/uploads\/2020\/05\/oferendas-orixas.jpg","inLanguage":"pt-BR","potentialAction":[{"@type":"CommentAction","name":"Comment","target":["https:\/\/ileawo.com\/pt-br\/orixas-yoruba\/oferendas-aos-orixas\/#respond"]}]},{"@type":"WebPage","@id":"https:\/\/ileawo.com\/pt-br\/orixas-yoruba\/oferendas-aos-orixas\/","url":"https:\/\/ileawo.com\/pt-br\/orixas-yoruba\/oferendas-aos-orixas\/","name":"Oferendas aos orixas e sacrif\u00edcios no If\u00e1 tradicional - Il\u00e9 Awo","isPartOf":{"@id":"http:\/\/ileawo.com\/pt-br\/#website"},"primaryImageOfPage":{"@id":"https:\/\/ileawo.com\/pt-br\/orixas-yoruba\/oferendas-aos-orixas\/#primaryimage"},"image":{"@id":"https:\/\/ileawo.com\/pt-br\/orixas-yoruba\/oferendas-aos-orixas\/#primaryimage"},"thumbnailUrl":"https:\/\/ileawo.com\/wp-content\/uploads\/2020\/05\/oferendas-orixas.jpg","datePublished":"2019-10-27T23:00:00+00:00","dateModified":"2020-05-31T20:38:10+00:00","description":"As oferendas aos Orixas e os sacrif\u00edcios s\u00e3o a chave fundamental da pr\u00e1tica tradicional. Com elas superamos obst\u00e1culos e alcan\u00e7amos a sorte","breadcrumb":{"@id":"https:\/\/ileawo.com\/pt-br\/orixas-yoruba\/oferendas-aos-orixas\/#breadcrumb"},"inLanguage":"pt-BR","potentialAction":[{"@type":"ReadAction","target":["https:\/\/ileawo.com\/pt-br\/orixas-yoruba\/oferendas-aos-orixas\/"]}]},{"@type":"ImageObject","inLanguage":"pt-BR","@id":"https:\/\/ileawo.com\/pt-br\/orixas-yoruba\/oferendas-aos-orixas\/#primaryimage","url":"https:\/\/ileawo.com\/wp-content\/uploads\/2020\/05\/oferendas-orixas.jpg","contentUrl":"https:\/\/ileawo.com\/wp-content\/uploads\/2020\/05\/oferendas-orixas.jpg","width":1200,"height":633,"caption":"Oferendas aos Orixas"},{"@type":"BreadcrumbList","@id":"https:\/\/ileawo.com\/pt-br\/orixas-yoruba\/oferendas-aos-orixas\/#breadcrumb","itemListElement":[{"@type":"ListItem","position":1,"name":"Home","item":"http:\/\/ileawo.com\/pt-br\/"},{"@type":"ListItem","position":2,"name":"Orixas tradicionais Yoruba","item":"http:\/\/ileawo.com\/pt-br\/orixas-yoruba\/"},{"@type":"ListItem","position":3,"name":"Oferendas aos Orixas"}]},{"@type":"WebSite","@id":"http:\/\/ileawo.com\/pt-br\/#website","url":"http:\/\/ileawo.com\/pt-br\/","name":"Il\u00e9 Awo","description":"","publisher":{"@id":"http:\/\/ileawo.com\/pt-br\/#organization"},"potentialAction":[{"@type":"SearchAction","target":{"@type":"EntryPoint","urlTemplate":"http:\/\/ileawo.com\/pt-br\/?s={search_term_string}"},"query-input":{"@type":"PropertyValueSpecification","valueRequired":true,"valueName":"search_term_string"}}],"inLanguage":"pt-BR"},{"@type":"Organization","@id":"http:\/\/ileawo.com\/pt-br\/#organization","name":"Il\u00e9 Awo","url":"http:\/\/ileawo.com\/pt-br\/","logo":{"@type":"ImageObject","inLanguage":"pt-BR","@id":"http:\/\/ileawo.com\/pt-br\/#\/schema\/logo\/image\/","url":"https:\/\/ileawo.com\/wp-content\/uploads\/revslider\/Bienvenido\/Logo-Ile-Awo-20201.png","contentUrl":"https:\/\/ileawo.com\/wp-content\/uploads\/revslider\/Bienvenido\/Logo-Ile-Awo-20201.png","width":500,"height":155,"caption":"Il\u00e9 Awo"},"image":{"@id":"http:\/\/ileawo.com\/pt-br\/#\/schema\/logo\/image\/"},"sameAs":["https:\/\/www.facebook.com\/ifabiyii","https:\/\/x.com\/ifabiyii","https:\/\/www.instagram.com\/ifabiyii_akoda\/"]},{"@type":"Person","@id":"http:\/\/ileawo.com\/pt-br\/#\/schema\/person\/5b4d3af5a9aa8f02fe88dbeb048ef64a","name":"If\u00e1b\u00edy\u00ec\u00ed Ak\u00f3d\u00e0","image":{"@type":"ImageObject","inLanguage":"pt-BR","@id":"https:\/\/secure.gravatar.com\/avatar\/07530fd5fec1f19247b6ca33a6f419284691fff29c8857d86ea771d943bdba08?s=96&d=mm&r=g","url":"https:\/\/secure.gravatar.com\/avatar\/07530fd5fec1f19247b6ca33a6f419284691fff29c8857d86ea771d943bdba08?s=96&d=mm&r=g","contentUrl":"https:\/\/secure.gravatar.com\/avatar\/07530fd5fec1f19247b6ca33a6f419284691fff29c8857d86ea771d943bdba08?s=96&d=mm&r=g","caption":"If\u00e1b\u00edy\u00ec\u00ed Ak\u00f3d\u00e0"},"sameAs":["https:\/\/ileawo.com\/"]}]}},"_links":{"self":[{"href":"https:\/\/ileawo.com\/pt-br\/wp-json\/wp\/v2\/pages\/2058","targetHints":{"allow":["GET"]}}],"collection":[{"href":"https:\/\/ileawo.com\/pt-br\/wp-json\/wp\/v2\/pages"}],"about":[{"href":"https:\/\/ileawo.com\/pt-br\/wp-json\/wp\/v2\/types\/page"}],"author":[{"embeddable":true,"href":"https:\/\/ileawo.com\/pt-br\/wp-json\/wp\/v2\/users\/1"}],"replies":[{"embeddable":true,"href":"https:\/\/ileawo.com\/pt-br\/wp-json\/wp\/v2\/comments?post=2058"}],"version-history":[{"count":0,"href":"https:\/\/ileawo.com\/pt-br\/wp-json\/wp\/v2\/pages\/2058\/revisions"}],"up":[{"embeddable":true,"href":"https:\/\/ileawo.com\/pt-br\/wp-json\/wp\/v2\/pages\/1972"}],"wp:featuredmedia":[{"embeddable":true,"href":"https:\/\/ileawo.com\/pt-br\/wp-json\/wp\/v2\/media\/3365"}],"wp:attachment":[{"href":"https:\/\/ileawo.com\/pt-br\/wp-json\/wp\/v2\/media?parent=2058"}],"wp:term":[{"taxonomy":"category","embeddable":true,"href":"https:\/\/ileawo.com\/pt-br\/wp-json\/wp\/v2\/categories?post=2058"}],"curies":[{"name":"wp","href":"https:\/\/api.w.org\/{rel}","templated":true}]}}