{"id":2048,"date":"2019-10-28T00:00:00","date_gmt":"2019-10-27T23:00:00","guid":{"rendered":"https:\/\/ileawo.com\/orixas-yoruba\/osanyin-ossaim\/"},"modified":"2020-05-31T23:55:42","modified_gmt":"2020-05-31T21:55:42","slug":"osanyin-ossaim","status":"publish","type":"page","link":"https:\/\/ileawo.com\/pt-br\/orixas-yoruba\/osanyin-ossaim\/","title":{"rendered":"Osanyin &#8211; Ossaim, o dono das ervas"},"content":{"rendered":"<div class=\"wpb-content-wrapper\"><p>[vc_row el_class=&#8221;first-row&#8221;][vc_column width=&#8221;1\/6&#8243; offset=&#8221;vc_hidden-sm vc_hidden-xs&#8221;][\/vc_column][vc_column offset=&#8221;vc_col-md-8&#8243;][vc_column_text]<\/p>\n<p style=\"text-align: center;\">Ossaim, conhecido na cultura afrocubana como Osain, \u00e9 o Orixa que obt\u00e9m o conhecido de todas as ervas, mais que qualquer outra divindade, e por isso tem conhecimento para preparar medicinas para quaisquer enfermidades. \u00c9 um Orixa muito pr\u00f3ximo a <a href=\"https:\/\/ileawo.com\/pt-br\/orixas-yoruba\/orunmila-orula\/\">Orunmila<\/a> e \u00e9 esposo de Oriseje.<\/p>\n<p>[\/vc_column_text][\/vc_column][vc_column width=&#8221;1\/6&#8243; offset=&#8221;vc_hidden-sm vc_hidden-xs&#8221;][\/vc_column][\/vc_row][vc_row full_width=&#8221;stretch_row&#8221; content_placement=&#8221;middle&#8221; bg_type=&#8221;bg_color&#8221; css=&#8221;.vc_custom_1589981964421{padding-top: 60px !important;padding-bottom: 30px !important;background-color: #f6f6f6 !important;}&#8221; bg_color_value=&#8221;#f6f6f6&#8243; el_class=&#8221;flex-row-tablet&#8221;][vc_column css=&#8221;.vc_custom_1577584109187{padding-top: 0px !important;}&#8221; offset=&#8221;vc_col-md-8&#8243;][vc_column_text]<\/p>\n<h2 style=\"text-align: center;\">Quem \u00e9 Osanyin &#8211; Ossaim?<\/h2>\n<p>Este Orixa \u00e9 descrito pelos Yorubas como cruel e impaciente. \u00c9 o dono do Omiero (Omi Ero ou \u00e1gua sagrada), e \u00e9 t\u00e3o poderoso \u00e9 importante, que est\u00e1 em seus conhecimentos a ativa\u00e7\u00e3o de todas as inicia\u00e7\u00f5es das outras divindades. E tamb\u00e9m \u00e9 o encarregado da aprova\u00e7\u00e3o de alguma maldi\u00e7\u00e3o.<\/p>\n<p>Antigamente as pessoas costumavam buscar por babalawos que tamb\u00e9m fossem iniciados em Ossaim, por suas magias n\u00e3o s\u00f3 para problemas espirituais, mas tamb\u00e9m de sa\u00fade. Este eram os curandeiros, que conheciam <a href=\"http:\/\/hyperurl.co\/ifa-pro-app\">rem\u00e9dios<\/a> para curar desde uma dor de cabe\u00e7a at\u00e9 qualquer outro problema mais grave. E isso \u00e9 poss\u00edvel porque cada folha, tronco, raiz, tem um prop\u00f3sito, uma subst\u00e2ncia \u00e9 um significado, e estes quando misturados nos permitem alcan\u00e7ar as magias ensinadas por nossos ancestrais.<\/p>\n<p>A Ossaim lhe falta um olho, uma perna e um bra\u00e7o. Isso costumam dizer que foi devido a uma briga que teve com Orunmila, e Orunmila fazendo oferenda a <a href=\"https:\/\/ileawo.com\/pt-br\/orixas-yoruba\/xango\/\">Xango<\/a>, o mesmo enviou um raio que causou estes efeitos em Ossaim.[\/vc_column_text][\/vc_column][vc_column css=&#8221;.vc_custom_1577584096778{padding-top: 0px !important;}&#8221; offset=&#8221;vc_col-md-4&#8243;][vc_single_image image=&#8221;1269&#8243; img_size=&#8221;469&#215;700&#8243; alignment=&#8221;center&#8221; css=&#8221;.vc_custom_1590061089092{margin-bottom: 0px !important;}&#8221;][\/vc_column][\/vc_row][vc_row][vc_column width=&#8221;1\/6&#8243; offset=&#8221;vc_hidden-sm vc_hidden-xs&#8221;][\/vc_column][vc_column offset=&#8221;vc_col-md-8&#8243;][vc_column_text]<\/p>\n<h2 style=\"text-align: center;\">Como iniciar-se em Ossaim?<\/h2>\n<p style=\"text-align: center;\">Ossaim \u00e9 um Orixa muito delicado, dito isto, n\u00e3o todos que desejam podem ser iniciados. Apenas se Orunmila disser atrav\u00e9s do adivinha\u00e7\u00e3o de If\u00e1 que h\u00e1 uma necessidade. A pessoa que deseja ser iniciada neste Orixa deve, antes de mais nada, adquirir conhecimentos sobre o mesmo. Poder\u00e1 realizar sua inicia\u00e7\u00e3o com o babalawo que est\u00e1 respons\u00e1vel pela sua aprendizagem ser\u00e3o realizadas adivinha\u00e7\u00f5es para saber quais sacrif\u00edcios devem ser feitos antes da sua inicia\u00e7\u00e3o<\/p>\n<p style=\"text-align: center;\">Lembrando que na tradi\u00e7\u00e3o yoruba, o aprendizado vem antes da inicia\u00e7\u00e3o, sendo assim, quando o indiv\u00edduo tenha conhecimento suficiente para cuidar deste Orixa por si s\u00f3, estar\u00e1 preparado para iniciar-se com o babalawo de sua escolha. Voc\u00ea pode avaliar seus conhecimentos no aplicativo\u00a0<a href=\"http:\/\/hyperurl.co\/oju-odu\">Oj\u00fa Od\u00f9<\/a>.<\/p>\n<p>[\/vc_column_text][\/vc_column][vc_column width=&#8221;1\/6&#8243; offset=&#8221;vc_hidden-sm vc_hidden-xs&#8221;][\/vc_column][\/vc_row][vc_row full_width=&#8221;stretch_row&#8221; gap=&#8221;20&#8243; bg_type=&#8221;bg_color&#8221; bg_color_value=&#8221;#4e89d5&#8243; css=&#8221;.vc_custom_1589982040247{padding-top: 40px !important;padding-bottom: 40px !important;background-color: #4e89d5 !important;}&#8221;][vc_column width=&#8221;1\/6&#8243; offset=&#8221;vc_hidden-sm vc_hidden-xs&#8221;][\/vc_column][vc_column offset=&#8221;vc_col-md-8&#8243; css=&#8221;.vc_custom_1572264649280{padding-top: 0px !important;}&#8221;][vc_column_text css=&#8221;.vc_custom_1582481192569{margin-bottom: 20px !important;}&#8221;]<\/p>\n<h2 style=\"text-align: center;\"><span style=\"color: #ffffff;\">Como cultuar Ossaim?<\/span><\/h2>\n<p style=\"text-align: center;\"><span style=\"color: #ffffff;\">Ossaim \u00e9 um Orixa que pode ser cultuado para fins positivos, como curar enfermidades o ajudar pessoas que precisem. Ou at\u00e9 mesmo fins n\u00e3o t\u00e3o positivos como magias para vencer aos inimigos. Essas magias s\u00e3o realizadas a partir de encantamentos muito fortes chamados de Ofo Ase.<\/span><\/p>\n<p>[\/vc_column_text][\/vc_column][vc_column width=&#8221;1\/6&#8243; offset=&#8221;vc_hidden-sm vc_hidden-xs&#8221;][\/vc_column][vc_column css_animation=&#8221;bottom-to-top&#8221; offset=&#8221;vc_col-md-6&#8243; css=&#8221;.vc_custom_1572276073446{margin-top: 0px !important;margin-right: 0px !important;margin-bottom: 0px !important;margin-left: 0px !important;padding-top: 40px !important;padding-right: 40px !important;padding-bottom: 40px !important;padding-left: 40px !important;background-color: #fcfcfc !important;border-radius: 10px !important;}&#8221;][vc_column_text css=&#8221;.vc_custom_1582481467447{margin-bottom: 0px !important;background-color: #fcfcfc !important;border-radius: 10px !important;}&#8221;]<\/p>\n<h3 style=\"text-align: center;\">Materiais para oferendas<\/h3>\n<p>Pimenta da Guinea, Obi abata, milho torrado e bebidas alco\u00f3licas. Normalmente quando se faz uma oferenda a este Orixa, a pessoa se coloca de joelhos em uma perna s\u00f3. Depois que tudo est\u00e1 pronto, se coloca no Osun de Osanyin para que ele aprove.[\/vc_column_text][\/vc_column][vc_column css_animation=&#8221;bottom-to-top&#8221; offset=&#8221;vc_col-md-6&#8243; css=&#8221;.vc_custom_1572276081562{margin-top: 0px !important;margin-right: 0px !important;margin-bottom: 0px !important;margin-left: 0px !important;padding-top: 40px !important;padding-right: 40px !important;padding-bottom: 40px !important;padding-left: 40px !important;background-color: #fcfcfc !important;border-radius: 10px !important;}&#8221;][vc_column_text css=&#8221;.vc_custom_1590855700962{margin-bottom: 0px !important;background-color: #fcfcfc !important;border-radius: 10px !important;}&#8221;]<\/p>\n<h3 style=\"text-align: center;\">Alguns tab\u00fas<\/h3>\n<p>Em muitos rituais n\u00e3o participam mulheres, e a restri\u00e7\u00e3o aumenta se est\u00e3o menstruadas. Tamb\u00e9m existe o caso de que determinadas ervas n\u00e3o podem ser misturadas, tendo em conta que o que elas geram n\u00e3o \u00e9 beneficioso. Nao se pode fazer oferendas e cultuar a este Orixa sem o conhecimento necesario, visto que isso pode ser muito prejudicial a pessoa.[\/vc_column_text][\/vc_column][\/vc_row][vc_row content_placement=&#8221;middle&#8221; css=&#8221;.vc_custom_1572650299769{padding-top: 30px !important;padding-bottom: 30px !important;}&#8221;][vc_column offset=&#8221;vc_col-md-4&#8243; css=&#8221;.vc_custom_1572650227295{padding-top: 0px !important;}&#8221;][vc_single_image image=&#8221;1266&#8243; img_size=&#8221;medium&#8221; alignment=&#8221;center&#8221; css=&#8221;.vc_custom_1590061105452{margin-bottom: 0px !important;}&#8221;][\/vc_column][vc_column offset=&#8221;vc_col-md-8&#8243; css=&#8221;.vc_custom_1572650220440{padding-top: 0px !important;}&#8221;][vc_column_text]<\/p>\n<h2 style=\"text-align: center;\">Tipos de Ossaim na pr\u00e1tica tradicional<\/h2>\n<p>S\u00f3 existe um Ossaim, normalmente chamado com: \u201dEepa Osanyin\u201c E \u00e9 conhecido como: Elese kan ti o le Elese Meji sare (o homem de uma perna que faz correr aos que tem duas)<\/p>\n<p>As filhas utilizadas por este Orixa est\u00e3o divididas em quatro grupos, que s\u00e3o os elementos da natureza: agua, ar, terra e fogo. Ewe afeefe (folhas do ar, do vento), Ewe inon (folhas do fogo), Ewe omi (folhas da \u00e1gua), Ewe Ile ou ewe Igbo (folhas da terra ou folhas do bosque)[\/vc_column_text][\/vc_column][\/vc_row][vc_row full_width=&#8221;stretch_row&#8221; content_placement=&#8221;middle&#8221; bg_type=&#8221;bg_color&#8221; bg_override=&#8221;ex-full&#8221; bg_color_value=&#8221;#4e89d5&#8243; el_class=&#8221;banner&#8221; css=&#8221;.vc_custom_1589982048309{background-color: #4e89d5 !important;}&#8221;][vc_column width=&#8221;2\/3&#8243;][vc_column_text el_class=&#8221;banner-text&#8221;]Conhe\u00e7a mais sobre a inicia\u00e7\u00e3o e cuidados deste Orixa Yoruba[\/vc_column_text][\/vc_column][vc_column width=&#8221;1\/3&#8243;][vc_column_text css_animation=&#8221;bounceIn&#8221;]<\/p>\n<p style=\"text-align: center;\"><a class=\"custom-buttons-alternative\" href=\"\/pt-br\/contato\/\">Consulte-nos<\/a><\/p>\n<p>[\/vc_column_text][\/vc_column][\/vc_row]<\/p>\n<\/div>"},"excerpt":{"rendered":"<p>[vc_row el_class=&#8221;first-row&#8221;][vc_column width=&#8221;1\/6&#8243; offset=&#8221;vc_hidden-sm vc_hidden-xs&#8221;][\/vc_column][vc_column offset=&#8221;vc_col-md-8&#8243;][vc_column_text] Ossaim, conhecido na cultura afrocubana como Osain, \u00e9 o Orixa que obt\u00e9m o conhecido de todas as ervas, mais que<span class=\"excerpt-hellip\"> [\u2026]<\/span><\/p>\n","protected":false},"author":1,"featured_media":3379,"parent":1972,"menu_order":0,"comment_status":"open","ping_status":"open","template":"","meta":{"footnotes":""},"categories":[],"class_list":["post-2048","page","type-page","status-publish","has-post-thumbnail","hentry"],"yoast_head":"<!-- This site is optimized with the Yoast SEO Premium plugin v25.2 (Yoast SEO v27.4) - https:\/\/yoast.com\/product\/yoast-seo-premium-wordpress\/ -->\n<title>Osanyin - Ossaim, o Orixa dono das ervas - Il\u00e9 Awo<\/title>\n<meta name=\"description\" content=\"Ossaim, conhecido na pr\u00e1tica afrocubana como Osain \u00e9, na pr\u00e1tica tradicional Yoruba o dono do conhecimento e das ervas de If\u00e1\" \/>\n<meta name=\"robots\" content=\"index, follow, max-snippet:-1, max-image-preview:large, max-video-preview:-1\" \/>\n<link rel=\"canonical\" href=\"https:\/\/ileawo.com\/pt-br\/orixas-yoruba\/osanyin-ossaim\/\" \/>\n<meta property=\"og:locale\" content=\"pt_BR\" \/>\n<meta property=\"og:type\" content=\"article\" \/>\n<meta property=\"og:title\" content=\"Osanyin - Ossaim, o dono das ervas\" \/>\n<meta property=\"og:description\" content=\"Ossaim, conhecido na pr\u00e1tica afrocubana como Osain \u00e9, na pr\u00e1tica tradicional Yoruba o dono do conhecimento e das ervas de If\u00e1\" \/>\n<meta property=\"og:url\" content=\"https:\/\/ileawo.com\/pt-br\/orixas-yoruba\/osanyin-ossaim\/\" \/>\n<meta property=\"og:site_name\" content=\"Il\u00e9 Awo\" \/>\n<meta property=\"article:publisher\" content=\"https:\/\/www.facebook.com\/ifabiyii\" \/>\n<meta property=\"article:modified_time\" content=\"2020-05-31T21:55:42+00:00\" \/>\n<meta property=\"og:image\" content=\"https:\/\/ileawo.com\/wp-content\/uploads\/2020\/05\/orixa-ossaim.jpg\" \/>\n\t<meta property=\"og:image:width\" content=\"1200\" \/>\n\t<meta property=\"og:image:height\" content=\"633\" \/>\n\t<meta property=\"og:image:type\" content=\"image\/jpeg\" \/>\n<meta name=\"twitter:card\" content=\"summary_large_image\" \/>\n<meta name=\"twitter:image\" content=\"https:\/\/ileawo.com\/wp-content\/uploads\/2020\/05\/orixa-ossaim.jpg\" \/>\n<meta name=\"twitter:site\" content=\"@ifabiyii\" \/>\n<!-- \/ Yoast SEO Premium plugin. -->","yoast_head_json":{"title":"Osanyin - Ossaim, o Orixa dono das ervas - Il\u00e9 Awo","description":"Ossaim, conhecido na pr\u00e1tica afrocubana como Osain \u00e9, na pr\u00e1tica tradicional Yoruba o dono do conhecimento e das ervas de If\u00e1","robots":{"index":"index","follow":"follow","max-snippet":"max-snippet:-1","max-image-preview":"max-image-preview:large","max-video-preview":"max-video-preview:-1"},"canonical":"https:\/\/ileawo.com\/pt-br\/orixas-yoruba\/osanyin-ossaim\/","og_locale":"pt_BR","og_type":"article","og_title":"Osanyin - Ossaim, o dono das ervas","og_description":"Ossaim, conhecido na pr\u00e1tica afrocubana como Osain \u00e9, na pr\u00e1tica tradicional Yoruba o dono do conhecimento e das ervas de If\u00e1","og_url":"https:\/\/ileawo.com\/pt-br\/orixas-yoruba\/osanyin-ossaim\/","og_site_name":"Il\u00e9 Awo","article_publisher":"https:\/\/www.facebook.com\/ifabiyii","article_modified_time":"2020-05-31T21:55:42+00:00","og_image":[{"width":1200,"height":633,"url":"https:\/\/ileawo.com\/wp-content\/uploads\/2020\/05\/orixa-ossaim.jpg","type":"image\/jpeg"}],"twitter_card":"summary_large_image","twitter_image":"https:\/\/ileawo.com\/wp-content\/uploads\/2020\/05\/orixa-ossaim.jpg","twitter_site":"@ifabiyii","schema":{"@context":"https:\/\/schema.org","@graph":[{"@type":"Article","@id":"https:\/\/ileawo.com\/pt-br\/orixas-yoruba\/osanyin-ossaim\/#article","isPartOf":{"@id":"https:\/\/ileawo.com\/pt-br\/orixas-yoruba\/osanyin-ossaim\/"},"author":{"name":"If\u00e1b\u00edy\u00ec\u00ed Ak\u00f3d\u00e0","@id":"http:\/\/ileawo.com\/pt-br\/#\/schema\/person\/5b4d3af5a9aa8f02fe88dbeb048ef64a"},"headline":"Osanyin &#8211; Ossaim, o dono das ervas","datePublished":"2019-10-27T23:00:00+00:00","dateModified":"2020-05-31T21:55:42+00:00","mainEntityOfPage":{"@id":"https:\/\/ileawo.com\/pt-br\/orixas-yoruba\/osanyin-ossaim\/"},"wordCount":1120,"commentCount":0,"publisher":{"@id":"http:\/\/ileawo.com\/pt-br\/#organization"},"image":{"@id":"https:\/\/ileawo.com\/pt-br\/orixas-yoruba\/osanyin-ossaim\/#primaryimage"},"thumbnailUrl":"https:\/\/ileawo.com\/wp-content\/uploads\/2020\/05\/orixa-ossaim.jpg","inLanguage":"pt-BR","potentialAction":[{"@type":"CommentAction","name":"Comment","target":["https:\/\/ileawo.com\/pt-br\/orixas-yoruba\/osanyin-ossaim\/#respond"]}]},{"@type":"WebPage","@id":"https:\/\/ileawo.com\/pt-br\/orixas-yoruba\/osanyin-ossaim\/","url":"https:\/\/ileawo.com\/pt-br\/orixas-yoruba\/osanyin-ossaim\/","name":"Osanyin - Ossaim, o Orixa dono das ervas - Il\u00e9 Awo","isPartOf":{"@id":"http:\/\/ileawo.com\/pt-br\/#website"},"primaryImageOfPage":{"@id":"https:\/\/ileawo.com\/pt-br\/orixas-yoruba\/osanyin-ossaim\/#primaryimage"},"image":{"@id":"https:\/\/ileawo.com\/pt-br\/orixas-yoruba\/osanyin-ossaim\/#primaryimage"},"thumbnailUrl":"https:\/\/ileawo.com\/wp-content\/uploads\/2020\/05\/orixa-ossaim.jpg","datePublished":"2019-10-27T23:00:00+00:00","dateModified":"2020-05-31T21:55:42+00:00","description":"Ossaim, conhecido na pr\u00e1tica afrocubana como Osain \u00e9, na pr\u00e1tica tradicional Yoruba o dono do conhecimento e das ervas de If\u00e1","breadcrumb":{"@id":"https:\/\/ileawo.com\/pt-br\/orixas-yoruba\/osanyin-ossaim\/#breadcrumb"},"inLanguage":"pt-BR","potentialAction":[{"@type":"ReadAction","target":["https:\/\/ileawo.com\/pt-br\/orixas-yoruba\/osanyin-ossaim\/"]}]},{"@type":"ImageObject","inLanguage":"pt-BR","@id":"https:\/\/ileawo.com\/pt-br\/orixas-yoruba\/osanyin-ossaim\/#primaryimage","url":"https:\/\/ileawo.com\/wp-content\/uploads\/2020\/05\/orixa-ossaim.jpg","contentUrl":"https:\/\/ileawo.com\/wp-content\/uploads\/2020\/05\/orixa-ossaim.jpg","width":1200,"height":633,"caption":"orixa ossaim"},{"@type":"BreadcrumbList","@id":"https:\/\/ileawo.com\/pt-br\/orixas-yoruba\/osanyin-ossaim\/#breadcrumb","itemListElement":[{"@type":"ListItem","position":1,"name":"Home","item":"http:\/\/ileawo.com\/pt-br\/"},{"@type":"ListItem","position":2,"name":"Orixas tradicionais Yoruba","item":"http:\/\/ileawo.com\/pt-br\/orixas-yoruba\/"},{"@type":"ListItem","position":3,"name":"Osanyin &#8211; Ossaim, o dono das ervas"}]},{"@type":"WebSite","@id":"http:\/\/ileawo.com\/pt-br\/#website","url":"http:\/\/ileawo.com\/pt-br\/","name":"Il\u00e9 Awo","description":"","publisher":{"@id":"http:\/\/ileawo.com\/pt-br\/#organization"},"potentialAction":[{"@type":"SearchAction","target":{"@type":"EntryPoint","urlTemplate":"http:\/\/ileawo.com\/pt-br\/?s={search_term_string}"},"query-input":{"@type":"PropertyValueSpecification","valueRequired":true,"valueName":"search_term_string"}}],"inLanguage":"pt-BR"},{"@type":"Organization","@id":"http:\/\/ileawo.com\/pt-br\/#organization","name":"Il\u00e9 Awo","url":"http:\/\/ileawo.com\/pt-br\/","logo":{"@type":"ImageObject","inLanguage":"pt-BR","@id":"http:\/\/ileawo.com\/pt-br\/#\/schema\/logo\/image\/","url":"https:\/\/ileawo.com\/wp-content\/uploads\/revslider\/Bienvenido\/Logo-Ile-Awo-20201.png","contentUrl":"https:\/\/ileawo.com\/wp-content\/uploads\/revslider\/Bienvenido\/Logo-Ile-Awo-20201.png","width":500,"height":155,"caption":"Il\u00e9 Awo"},"image":{"@id":"http:\/\/ileawo.com\/pt-br\/#\/schema\/logo\/image\/"},"sameAs":["https:\/\/www.facebook.com\/ifabiyii","https:\/\/x.com\/ifabiyii","https:\/\/www.instagram.com\/ifabiyii_akoda\/"]},{"@type":"Person","@id":"http:\/\/ileawo.com\/pt-br\/#\/schema\/person\/5b4d3af5a9aa8f02fe88dbeb048ef64a","name":"If\u00e1b\u00edy\u00ec\u00ed Ak\u00f3d\u00e0","image":{"@type":"ImageObject","inLanguage":"pt-BR","@id":"https:\/\/secure.gravatar.com\/avatar\/07530fd5fec1f19247b6ca33a6f419284691fff29c8857d86ea771d943bdba08?s=96&d=mm&r=g","url":"https:\/\/secure.gravatar.com\/avatar\/07530fd5fec1f19247b6ca33a6f419284691fff29c8857d86ea771d943bdba08?s=96&d=mm&r=g","contentUrl":"https:\/\/secure.gravatar.com\/avatar\/07530fd5fec1f19247b6ca33a6f419284691fff29c8857d86ea771d943bdba08?s=96&d=mm&r=g","caption":"If\u00e1b\u00edy\u00ec\u00ed Ak\u00f3d\u00e0"},"sameAs":["https:\/\/ileawo.com\/"]}]}},"_links":{"self":[{"href":"https:\/\/ileawo.com\/pt-br\/wp-json\/wp\/v2\/pages\/2048","targetHints":{"allow":["GET"]}}],"collection":[{"href":"https:\/\/ileawo.com\/pt-br\/wp-json\/wp\/v2\/pages"}],"about":[{"href":"https:\/\/ileawo.com\/pt-br\/wp-json\/wp\/v2\/types\/page"}],"author":[{"embeddable":true,"href":"https:\/\/ileawo.com\/pt-br\/wp-json\/wp\/v2\/users\/1"}],"replies":[{"embeddable":true,"href":"https:\/\/ileawo.com\/pt-br\/wp-json\/wp\/v2\/comments?post=2048"}],"version-history":[{"count":0,"href":"https:\/\/ileawo.com\/pt-br\/wp-json\/wp\/v2\/pages\/2048\/revisions"}],"up":[{"embeddable":true,"href":"https:\/\/ileawo.com\/pt-br\/wp-json\/wp\/v2\/pages\/1972"}],"wp:featuredmedia":[{"embeddable":true,"href":"https:\/\/ileawo.com\/pt-br\/wp-json\/wp\/v2\/media\/3379"}],"wp:attachment":[{"href":"https:\/\/ileawo.com\/pt-br\/wp-json\/wp\/v2\/media?parent=2048"}],"wp:term":[{"taxonomy":"category","embeddable":true,"href":"https:\/\/ileawo.com\/pt-br\/wp-json\/wp\/v2\/categories?post=2048"}],"curies":[{"name":"wp","href":"https:\/\/api.w.org\/{rel}","templated":true}]}}