{"id":2041,"date":"2019-10-28T00:00:00","date_gmt":"2019-10-27T23:00:00","guid":{"rendered":"https:\/\/ileawo.com\/orixas-yoruba\/xango\/"},"modified":"2020-05-31T23:53:31","modified_gmt":"2020-05-31T21:53:31","slug":"xango","status":"publish","type":"page","link":"https:\/\/ileawo.com\/pt-br\/orixas-yoruba\/xango\/","title":{"rendered":"Xango, o Orixa do fogo e do trov\u00e3o"},"content":{"rendered":"<div class=\"wpb-content-wrapper\"><p>[vc_row el_class=&#8221;first-row&#8221;][vc_column width=&#8221;1\/6&#8243; offset=&#8221;vc_hidden-sm vc_hidden-xs&#8221;][\/vc_column][vc_column offset=&#8221;vc_col-md-8&#8243;][vc_column_text]<\/p>\n<p style=\"text-align: center;\">Xango (Sango em Yoruba) \u00e9 conhecido como o Orixa dos raios e trov\u00f5es, \u00e9 o Orixa da coragem, da fortaleza e da virilidade masculina. \u00c9 o Rei de Oyo e esposo de Oy\u00e1 (Iansa). \u00c9 o Orixa que desceu \u00e0 terra atrav\u00e9s do raio enviado por Olodumare (Deus) para imponer justi\u00e7a aos inimigos. \u00c9 conhecido como aquele que vence aos inimigos com uso das 201 pedras. Sua arma \u00e9 o machado.<\/p>\n<p>[\/vc_column_text][\/vc_column][vc_column width=&#8221;1\/6&#8243; offset=&#8221;vc_hidden-sm vc_hidden-xs&#8221;][\/vc_column][\/vc_row][vc_row full_width=&#8221;stretch_row&#8221; content_placement=&#8221;middle&#8221; bg_type=&#8221;bg_color&#8221; css=&#8221;.vc_custom_1589982285427{padding-top: 60px !important;padding-bottom: 30px !important;background-color: #f6f6f6 !important;}&#8221; bg_color_value=&#8221;#f6f6f6&#8243; el_class=&#8221;flex-row-tablet&#8221;][vc_column css=&#8221;.vc_custom_1577583065215{padding-top: 0px !important;}&#8221; offset=&#8221;vc_col-md-8&#8243;][vc_column_text]<\/p>\n<h2 style=\"text-align: center;\">Quem \u00e9 Xango?<\/h2>\n<p>Quando um raio cai na terra, s\u00e3o chamados os sacerdotes de Xango para realizarem rituais secretos deste Orixa. Este \u00e9 conhecido como Ayooosa, sacerdote encarregado de extrair a ess\u00eancia representativa desta divindade Yoruba.<\/p>\n<p>Por se tratar do Orixa que representa a virilidade masculina, \u00e9 invi\u00e1vel e incoerente em quaisquer circunst\u00e2ncias representa-lo em forma femenina. E este \u00e9 um dos erros da cultura afro cubana que sincretiza este Orixa com Santa Barbara, uma divindade da igreja cat\u00f3lica.<\/p>\n<p>\u00c9 um Orixa que trabalha duro em prol e a servi\u00e7o de Olodumare, por este motivo \u00e9 t\u00e3o popular dentro da cultura Yoruba, e tamb\u00e9m na afrocubana. No entanto, existem muitas diverg\u00eancias entre as culturas relacionadas a este Orixa, come\u00e7ando por sua representa\u00e7\u00e3o, at\u00e9 a forma de culto.[\/vc_column_text][\/vc_column][vc_column css=&#8221;.vc_custom_1577583049812{padding-top: 0px !important;}&#8221; offset=&#8221;vc_col-md-4&#8243;][vc_single_image image=&#8221;3263&#8243; img_size=&#8221;469&#215;750&#8243; alignment=&#8221;center&#8221; css=&#8221;.vc_custom_1590061502336{margin-bottom: 0px !important;}&#8221;][\/vc_column][\/vc_row][vc_row][vc_column width=&#8221;1\/6&#8243; offset=&#8221;vc_hidden-sm vc_hidden-xs&#8221;][\/vc_column][vc_column offset=&#8221;vc_col-md-8&#8243;][vc_column_text]<\/p>\n<h2 style=\"text-align: center;\">Como iniciar-se em Xango?<\/h2>\n<p style=\"text-align: center;\">A pessoa que deseja ser iniciada neste Orixa deve, antes de mais nada, adquirir conhecimentos sobre o mesmo. Lembrando que na tradi\u00e7\u00e3o yoruba, o aprendizado vem antes da inicia\u00e7\u00e3o, sendo assim, quando o indiv\u00edduo tenha conhecimento suficiente para cuidar deste Orixa por si s\u00f3, estar\u00e1 preparado para iniciar-se com o babalawo de sua escolha. No Il\u00e9 Awo voc\u00ea pode avaliar seus conhecimentos sobre If\u00e1 e o Orixa com os testes exclusivos que voc\u00ea pode encontrar no aplicativo\u00a0<a href=\"http:\/\/hyperurl.co\/oju-odu\">Oj\u00fa Od\u00f9<\/a>.<\/p>\n<p style=\"text-align: center;\">As inicia\u00e7\u00f5es n\u00e3o s\u00e3o feitas de maneira aleatoria, toda inicia\u00e7\u00e3o deve ter um objetivo na vida do indiv\u00edduo. E estes objetivos sao descobertos em nosso Odu If\u00e1, seja ele no Isefa (primeira inicia\u00e7\u00e3o de If\u00e1) ou Itelodu (Inicia\u00e7\u00e3o de If\u00e1) ou tamb\u00e9m em uma consulta com um Olorisa (sacerdote do culto a algum Orixa)<\/p>\n<p>[\/vc_column_text][\/vc_column][vc_column width=&#8221;1\/6&#8243; offset=&#8221;vc_hidden-sm vc_hidden-xs&#8221;][\/vc_column][\/vc_row][vc_row full_width=&#8221;stretch_row&#8221; gap=&#8221;20&#8243; bg_type=&#8221;bg_color&#8221; bg_color_value=&#8221;#4e89d5&#8243; css=&#8221;.vc_custom_1589982294427{padding-top: 40px !important;padding-bottom: 40px !important;background-color: #4e89d5 !important;}&#8221;][vc_column width=&#8221;1\/6&#8243; offset=&#8221;vc_hidden-sm vc_hidden-xs&#8221;][\/vc_column][vc_column offset=&#8221;vc_col-md-8&#8243; css=&#8221;.vc_custom_1572264649280{padding-top: 0px !important;}&#8221;][vc_column_text css=&#8221;.vc_custom_1582394876581{margin-bottom: 20px !important;}&#8221;]<\/p>\n<h2 style=\"text-align: center;\"><span style=\"color: #ffffff;\">Como realizar oferendas a Xango?<\/span><\/h2>\n<p style=\"text-align: center;\"><span style=\"color: #ffffff;\">Xango \u00e9 cultuado para vencer aos inimigos e para potencializar a masculinidade, \u00e9 representado pela pedra de raio (Edun \u00c0r\u00e1) uma pedra em forma de Machado, que \u00e9 sua principal arma de guerra. \u00c9 um Orixa guerreiro, mas tamb\u00e9m senhor dos bailes e dos tambores Bat\u00e1.<\/span><\/p>\n<p>[\/vc_column_text][\/vc_column][vc_column width=&#8221;1\/6&#8243; offset=&#8221;vc_hidden-sm vc_hidden-xs&#8221;][\/vc_column][vc_column css_animation=&#8221;bottom-to-top&#8221; offset=&#8221;vc_col-md-6&#8243; css=&#8221;.vc_custom_1572276073446{margin-top: 0px !important;margin-right: 0px !important;margin-bottom: 0px !important;margin-left: 0px !important;padding-top: 40px !important;padding-right: 40px !important;padding-bottom: 40px !important;padding-left: 40px !important;background-color: #fcfcfc !important;border-radius: 10px !important;}&#8221;][vc_column_text css=&#8221;.vc_custom_1582476786916{margin-bottom: 0px !important;background-color: #fcfcfc !important;border-radius: 10px !important;}&#8221;]<\/p>\n<h3 style=\"text-align: center;\">Materiais para oferendas<\/h3>\n<p>Um \u00c0d\u00ecm\u00f9 para Xango \u00e9 a farinha de nhame (<a href=\"http:\/\/hyperurl.co\/ifa-pro-app\">\u00c0m\u00e0l\u00e0<\/a>), com Ep\u00f3 e picante.[\/vc_column_text][\/vc_column][vc_column css_animation=&#8221;bottom-to-top&#8221; offset=&#8221;vc_col-md-6&#8243; css=&#8221;.vc_custom_1572276081562{margin-top: 0px !important;margin-right: 0px !important;margin-bottom: 0px !important;margin-left: 0px !important;padding-top: 40px !important;padding-right: 40px !important;padding-bottom: 40px !important;padding-left: 40px !important;background-color: #fcfcfc !important;border-radius: 10px !important;}&#8221;][vc_column_text css=&#8221;.vc_custom_1590855012752{margin-bottom: 0px !important;background-color: #fcfcfc !important;border-radius: 10px !important;}&#8221;]<\/p>\n<h3 style=\"text-align: center;\">Tab\u00fas<\/h3>\n<p>N\u00e3o se pode oferecer a Xango noz de cola vermelha (Obi Abata) sob consequ\u00eancia de despertar a sua ira.[\/vc_column_text][\/vc_column][\/vc_row][vc_row content_placement=&#8221;middle&#8221; css=&#8221;.vc_custom_1572649939788{padding-top: 30px !important;padding-bottom: 30px !important;}&#8221;][vc_column offset=&#8221;vc_col-md-4&#8243; css=&#8221;.vc_custom_1572649906181{padding-top: 0px !important;}&#8221;][vc_single_image image=&#8221;3266&#8243; img_size=&#8221;medium&#8221; alignment=&#8221;center&#8221; css=&#8221;.vc_custom_1590061514062{margin-bottom: 0px !important;}&#8221;][\/vc_column][vc_column offset=&#8221;vc_col-md-8&#8243; css=&#8221;.vc_custom_1572649912730{padding-top: 0px !important;}&#8221;][vc_column_text]<\/p>\n<h2 style=\"text-align: center;\">Tipos de Xango na pr\u00e1tica tradicional<\/h2>\n<p>Existe apenas um Xango. No entanto, o mesmo possui diversos pseud\u00f4nimos, o que ocorre com varios Orixas na pr\u00e1tica tradicional Yoruba. Entre seus pseud\u00f4nimos est\u00e3o Olu Koso, Xango Arekujaye, Alaaramoka ti deru bojo, Kawoo kabie sile, Kaara woo woo woo. \u00c9 conhecido erroneamente na cultura afrocubana como Kabiosile, entre outros.[\/vc_column_text][\/vc_column][\/vc_row][vc_row full_width=&#8221;stretch_row&#8221; content_placement=&#8221;middle&#8221; bg_type=&#8221;bg_color&#8221; bg_override=&#8221;ex-full&#8221; bg_color_value=&#8221;#4e89d5&#8243; el_class=&#8221;banner&#8221; css=&#8221;.vc_custom_1589982308440{background-color: #4e89d5 !important;}&#8221;][vc_column width=&#8221;2\/3&#8243;][vc_column_text el_class=&#8221;banner-text&#8221;]Conhe\u00e7a mais sobre a inicia\u00e7\u00e3o e cuidados deste Orixa Yoruba[\/vc_column_text][\/vc_column][vc_column width=&#8221;1\/3&#8243;][vc_column_text css_animation=&#8221;bounceIn&#8221;]<\/p>\n<p style=\"text-align: center;\"><a class=\"custom-buttons-alternative\" href=\"\/pt-br\/contato\/\">Consulte-nos<\/a><\/p>\n<p>[\/vc_column_text][\/vc_column][\/vc_row]<\/p>\n<\/div>"},"excerpt":{"rendered":"<p>[vc_row el_class=&#8221;first-row&#8221;][vc_column width=&#8221;1\/6&#8243; offset=&#8221;vc_hidden-sm vc_hidden-xs&#8221;][\/vc_column][vc_column offset=&#8221;vc_col-md-8&#8243;][vc_column_text] Xango (Sango em Yoruba) \u00e9 conhecido como o Orixa dos raios e trov\u00f5es, \u00e9 o Orixa da coragem, da fortaleza<span class=\"excerpt-hellip\"> [\u2026]<\/span><\/p>\n","protected":false},"author":1,"featured_media":3387,"parent":1972,"menu_order":0,"comment_status":"open","ping_status":"open","template":"","meta":{"footnotes":""},"categories":[],"class_list":["post-2041","page","type-page","status-publish","has-post-thumbnail","hentry"],"yoast_head":"<!-- This site is optimized with the Yoast SEO Premium plugin v25.2 (Yoast SEO v27.4) - https:\/\/yoast.com\/product\/yoast-seo-premium-wordpress\/ -->\n<title>Xango, o Orixa yoruba dos raios e trov\u00f5es - Il\u00e9 Awo<\/title>\n<meta name=\"description\" content=\"Xango \u00e9 um dos orixas yoruba mais conhecidos mundialmente. Dono dos trov\u00f5es e do fogo, Xango foi rei de Oyo, onde lhe rendem culto.\" \/>\n<meta name=\"robots\" content=\"index, follow, max-snippet:-1, max-image-preview:large, max-video-preview:-1\" \/>\n<link rel=\"canonical\" href=\"https:\/\/ileawo.com\/pt-br\/orixas-yoruba\/xango\/\" \/>\n<meta property=\"og:locale\" content=\"pt_BR\" \/>\n<meta property=\"og:type\" content=\"article\" \/>\n<meta property=\"og:title\" content=\"Xango, o Orixa do fogo e do trov\u00e3o\" \/>\n<meta property=\"og:description\" content=\"Xango \u00e9 um dos orixas yoruba mais conhecidos mundialmente. Dono dos trov\u00f5es e do fogo, Xango foi rei de Oyo, onde lhe rendem culto.\" \/>\n<meta property=\"og:url\" content=\"https:\/\/ileawo.com\/pt-br\/orixas-yoruba\/xango\/\" \/>\n<meta property=\"og:site_name\" content=\"Il\u00e9 Awo\" \/>\n<meta property=\"article:publisher\" content=\"https:\/\/www.facebook.com\/ifabiyii\" \/>\n<meta property=\"article:modified_time\" content=\"2020-05-31T21:53:31+00:00\" \/>\n<meta property=\"og:image\" content=\"http:\/\/ileawo.com\/wp-content\/uploads\/2020\/05\/orixa-xango.jpg\" \/>\n\t<meta property=\"og:image:width\" content=\"1200\" \/>\n\t<meta property=\"og:image:height\" content=\"633\" \/>\n\t<meta property=\"og:image:type\" content=\"image\/jpeg\" \/>\n<meta name=\"twitter:card\" content=\"summary_large_image\" \/>\n<meta name=\"twitter:image\" content=\"https:\/\/ileawo.com\/wp-content\/uploads\/2020\/05\/orixa-xango.jpg\" \/>\n<meta name=\"twitter:site\" content=\"@ifabiyii\" \/>\n<!-- \/ Yoast SEO Premium plugin. -->","yoast_head_json":{"title":"Xango, o Orixa yoruba dos raios e trov\u00f5es - Il\u00e9 Awo","description":"Xango \u00e9 um dos orixas yoruba mais conhecidos mundialmente. Dono dos trov\u00f5es e do fogo, Xango foi rei de Oyo, onde lhe rendem culto.","robots":{"index":"index","follow":"follow","max-snippet":"max-snippet:-1","max-image-preview":"max-image-preview:large","max-video-preview":"max-video-preview:-1"},"canonical":"https:\/\/ileawo.com\/pt-br\/orixas-yoruba\/xango\/","og_locale":"pt_BR","og_type":"article","og_title":"Xango, o Orixa do fogo e do trov\u00e3o","og_description":"Xango \u00e9 um dos orixas yoruba mais conhecidos mundialmente. Dono dos trov\u00f5es e do fogo, Xango foi rei de Oyo, onde lhe rendem culto.","og_url":"https:\/\/ileawo.com\/pt-br\/orixas-yoruba\/xango\/","og_site_name":"Il\u00e9 Awo","article_publisher":"https:\/\/www.facebook.com\/ifabiyii","article_modified_time":"2020-05-31T21:53:31+00:00","og_image":[{"width":1200,"height":633,"url":"http:\/\/ileawo.com\/wp-content\/uploads\/2020\/05\/orixa-xango.jpg","type":"image\/jpeg"}],"twitter_card":"summary_large_image","twitter_image":"https:\/\/ileawo.com\/wp-content\/uploads\/2020\/05\/orixa-xango.jpg","twitter_site":"@ifabiyii","schema":{"@context":"https:\/\/schema.org","@graph":[{"@type":"Article","@id":"https:\/\/ileawo.com\/pt-br\/orixas-yoruba\/xango\/#article","isPartOf":{"@id":"https:\/\/ileawo.com\/pt-br\/orixas-yoruba\/xango\/"},"author":{"name":"If\u00e1b\u00edy\u00ec\u00ed Ak\u00f3d\u00e0","@id":"http:\/\/ileawo.com\/pt-br\/#\/schema\/person\/5b4d3af5a9aa8f02fe88dbeb048ef64a"},"headline":"Xango, o Orixa do fogo e do trov\u00e3o","datePublished":"2019-10-27T23:00:00+00:00","dateModified":"2020-05-31T21:53:31+00:00","mainEntityOfPage":{"@id":"https:\/\/ileawo.com\/pt-br\/orixas-yoruba\/xango\/"},"wordCount":1001,"commentCount":0,"publisher":{"@id":"http:\/\/ileawo.com\/pt-br\/#organization"},"image":{"@id":"https:\/\/ileawo.com\/pt-br\/orixas-yoruba\/xango\/#primaryimage"},"thumbnailUrl":"https:\/\/ileawo.com\/wp-content\/uploads\/2020\/05\/orixa-xango.jpg","inLanguage":"pt-BR","potentialAction":[{"@type":"CommentAction","name":"Comment","target":["https:\/\/ileawo.com\/pt-br\/orixas-yoruba\/xango\/#respond"]}]},{"@type":"WebPage","@id":"https:\/\/ileawo.com\/pt-br\/orixas-yoruba\/xango\/","url":"https:\/\/ileawo.com\/pt-br\/orixas-yoruba\/xango\/","name":"Xango, o Orixa yoruba dos raios e trov\u00f5es - Il\u00e9 Awo","isPartOf":{"@id":"http:\/\/ileawo.com\/pt-br\/#website"},"primaryImageOfPage":{"@id":"https:\/\/ileawo.com\/pt-br\/orixas-yoruba\/xango\/#primaryimage"},"image":{"@id":"https:\/\/ileawo.com\/pt-br\/orixas-yoruba\/xango\/#primaryimage"},"thumbnailUrl":"https:\/\/ileawo.com\/wp-content\/uploads\/2020\/05\/orixa-xango.jpg","datePublished":"2019-10-27T23:00:00+00:00","dateModified":"2020-05-31T21:53:31+00:00","description":"Xango \u00e9 um dos orixas yoruba mais conhecidos mundialmente. Dono dos trov\u00f5es e do fogo, Xango foi rei de Oyo, onde lhe rendem culto.","breadcrumb":{"@id":"https:\/\/ileawo.com\/pt-br\/orixas-yoruba\/xango\/#breadcrumb"},"inLanguage":"pt-BR","potentialAction":[{"@type":"ReadAction","target":["https:\/\/ileawo.com\/pt-br\/orixas-yoruba\/xango\/"]}]},{"@type":"ImageObject","inLanguage":"pt-BR","@id":"https:\/\/ileawo.com\/pt-br\/orixas-yoruba\/xango\/#primaryimage","url":"https:\/\/ileawo.com\/wp-content\/uploads\/2020\/05\/orixa-xango.jpg","contentUrl":"https:\/\/ileawo.com\/wp-content\/uploads\/2020\/05\/orixa-xango.jpg","width":1200,"height":633,"caption":"orixa xango"},{"@type":"BreadcrumbList","@id":"https:\/\/ileawo.com\/pt-br\/orixas-yoruba\/xango\/#breadcrumb","itemListElement":[{"@type":"ListItem","position":1,"name":"Home","item":"http:\/\/ileawo.com\/pt-br\/"},{"@type":"ListItem","position":2,"name":"Orixas tradicionais Yoruba","item":"http:\/\/ileawo.com\/pt-br\/orixas-yoruba\/"},{"@type":"ListItem","position":3,"name":"Xango, o Orixa do fogo e do trov\u00e3o"}]},{"@type":"WebSite","@id":"http:\/\/ileawo.com\/pt-br\/#website","url":"http:\/\/ileawo.com\/pt-br\/","name":"Il\u00e9 Awo","description":"","publisher":{"@id":"http:\/\/ileawo.com\/pt-br\/#organization"},"potentialAction":[{"@type":"SearchAction","target":{"@type":"EntryPoint","urlTemplate":"http:\/\/ileawo.com\/pt-br\/?s={search_term_string}"},"query-input":{"@type":"PropertyValueSpecification","valueRequired":true,"valueName":"search_term_string"}}],"inLanguage":"pt-BR"},{"@type":"Organization","@id":"http:\/\/ileawo.com\/pt-br\/#organization","name":"Il\u00e9 Awo","url":"http:\/\/ileawo.com\/pt-br\/","logo":{"@type":"ImageObject","inLanguage":"pt-BR","@id":"http:\/\/ileawo.com\/pt-br\/#\/schema\/logo\/image\/","url":"https:\/\/ileawo.com\/wp-content\/uploads\/revslider\/Bienvenido\/Logo-Ile-Awo-20201.png","contentUrl":"https:\/\/ileawo.com\/wp-content\/uploads\/revslider\/Bienvenido\/Logo-Ile-Awo-20201.png","width":500,"height":155,"caption":"Il\u00e9 Awo"},"image":{"@id":"http:\/\/ileawo.com\/pt-br\/#\/schema\/logo\/image\/"},"sameAs":["https:\/\/www.facebook.com\/ifabiyii","https:\/\/x.com\/ifabiyii","https:\/\/www.instagram.com\/ifabiyii_akoda\/"]},{"@type":"Person","@id":"http:\/\/ileawo.com\/pt-br\/#\/schema\/person\/5b4d3af5a9aa8f02fe88dbeb048ef64a","name":"If\u00e1b\u00edy\u00ec\u00ed Ak\u00f3d\u00e0","image":{"@type":"ImageObject","inLanguage":"pt-BR","@id":"https:\/\/secure.gravatar.com\/avatar\/07530fd5fec1f19247b6ca33a6f419284691fff29c8857d86ea771d943bdba08?s=96&d=mm&r=g","url":"https:\/\/secure.gravatar.com\/avatar\/07530fd5fec1f19247b6ca33a6f419284691fff29c8857d86ea771d943bdba08?s=96&d=mm&r=g","contentUrl":"https:\/\/secure.gravatar.com\/avatar\/07530fd5fec1f19247b6ca33a6f419284691fff29c8857d86ea771d943bdba08?s=96&d=mm&r=g","caption":"If\u00e1b\u00edy\u00ec\u00ed Ak\u00f3d\u00e0"},"sameAs":["https:\/\/ileawo.com\/"]}]}},"_links":{"self":[{"href":"https:\/\/ileawo.com\/pt-br\/wp-json\/wp\/v2\/pages\/2041","targetHints":{"allow":["GET"]}}],"collection":[{"href":"https:\/\/ileawo.com\/pt-br\/wp-json\/wp\/v2\/pages"}],"about":[{"href":"https:\/\/ileawo.com\/pt-br\/wp-json\/wp\/v2\/types\/page"}],"author":[{"embeddable":true,"href":"https:\/\/ileawo.com\/pt-br\/wp-json\/wp\/v2\/users\/1"}],"replies":[{"embeddable":true,"href":"https:\/\/ileawo.com\/pt-br\/wp-json\/wp\/v2\/comments?post=2041"}],"version-history":[{"count":0,"href":"https:\/\/ileawo.com\/pt-br\/wp-json\/wp\/v2\/pages\/2041\/revisions"}],"up":[{"embeddable":true,"href":"https:\/\/ileawo.com\/pt-br\/wp-json\/wp\/v2\/pages\/1972"}],"wp:featuredmedia":[{"embeddable":true,"href":"https:\/\/ileawo.com\/pt-br\/wp-json\/wp\/v2\/media\/3387"}],"wp:attachment":[{"href":"https:\/\/ileawo.com\/pt-br\/wp-json\/wp\/v2\/media?parent=2041"}],"wp:term":[{"taxonomy":"category","embeddable":true,"href":"https:\/\/ileawo.com\/pt-br\/wp-json\/wp\/v2\/categories?post=2041"}],"curies":[{"name":"wp","href":"https:\/\/api.w.org\/{rel}","templated":true}]}}