{"id":2028,"date":"2019-10-28T00:00:00","date_gmt":"2019-10-27T23:00:00","guid":{"rendered":"https:\/\/ileawo.com\/orixas-yoruba\/oxum\/"},"modified":"2020-05-31T23:43:31","modified_gmt":"2020-05-31T21:43:31","slug":"oxum","status":"publish","type":"page","link":"https:\/\/ileawo.com\/pt-br\/orixas-yoruba\/oxum\/","title":{"rendered":"Oxum, Orixa da fertilidade"},"content":{"rendered":"<div class=\"wpb-content-wrapper\"><p>[vc_row el_class=&#8221;first-row&#8221;][vc_column width=&#8221;1\/6&#8243; offset=&#8221;vc_hidden-sm vc_hidden-xs&#8221;][\/vc_column][vc_column offset=&#8221;vc_col-md-8&#8243;][vc_column_text]<\/p>\n<p style=\"text-align: center;\">Oxum \u00e9, por excel\u00eancia, a deusa dos rios. Entre todos os rios da Nig\u00e9ria, este Orixa \u00e9 representado pelo mais importante deles, que est\u00e1 em Osogbo, cidade onde \u00e9 mais cultuada. Oxum \u00e9 a dona do bronze, e sua especialidade \u00e9 a fertilidade das mulheres. No entanto, \u00e9 um Orixa ligado a riqueza, e se pede a ela que n\u00e3o nos esconda a riqueza em seus rios.<\/p>\n<p>[\/vc_column_text][\/vc_column][vc_column width=&#8221;1\/6&#8243; offset=&#8221;vc_hidden-sm vc_hidden-xs&#8221;][\/vc_column][\/vc_row][vc_row full_width=&#8221;stretch_row&#8221; content_placement=&#8221;middle&#8221; bg_type=&#8221;bg_color&#8221; css=&#8221;.vc_custom_1589982200363{padding-top: 60px !important;padding-bottom: 30px !important;background-color: #f6f6f6 !important;}&#8221; bg_color_value=&#8221;#f6f6f6&#8243; el_class=&#8221;flex-row-tablet&#8221;][vc_column css=&#8221;.vc_custom_1577581167658{padding-top: 0px !important;}&#8221; offset=&#8221;vc_col-md-8&#8243;][vc_column_text]<\/p>\n<h2 style=\"text-align: center;\">Quem \u00e9 Oxum?<\/h2>\n<p>Oxum (Osun) \u00e9 um dos Orixas Yoruba primordiais. No entanto, em um princ\u00edpio ela n\u00e3o foi considerada uma divindade irm\u00e3 por seus companheiros. Na posi\u00e7\u00e3o entre as divindades Yoruba, estava em d\u00e9cima s\u00e9tima posi\u00e7\u00e3o, dos Orixas principais, e n\u00e3o estava envolvida com a gest\u00e3o do mundo, pelo fato de ser uma mulher. Por\u00e9m, os primeiros dezesseis Orixas foram at\u00e9 Olodumare em busca de dire\u00e7\u00e3o por n\u00e3o conseguirem obter \u00eaxito em determinadas situa\u00e7\u00f5es, e foi quando Olodumare lhes aconselhou a convidar Oxum a estar presente em suas miss\u00f5es para que a mesma fosse respons\u00e1vel por estabelecer a normalidade de tudo. E, de acordo com Olodumare, ela teria que estar envolvida na gest\u00e3o da cria\u00e7\u00e3o, porque era t\u00e3o poderosa quanto os homens.<\/p>\n<p>Oxum casou-se primeiro com <a href=\"https:\/\/ileawo.com\/pt-br\/orixas-yoruba\/orunmila-orula\/\">Orunmila<\/a>, divindade da sabedoria, de quem mais tarde se divorciou por n\u00e3o poderem ter filhos, e logo casou-se com <a href=\"https:\/\/ileawo.com\/pt-br\/orixas-yoruba\/xango\/\">Xango<\/a>. Por\u00e9m foi enquanto esposa de Orunmila que a mesma obteve os <a href=\"https:\/\/ileawo.com\/pt-br\/orixas-yoruba\/\">Jogo de Buzios<\/a> (Eerindinlogun, os dezesseis cowries a poesia simplificada de If\u00e1), o sistema de adivinha\u00e7\u00e3o que ela deu origem. Mesmo casada com Xongo, Oxum segu\u00eda sem ter filhos, motivo pelo qual buscou por Orunmila para fazer oferendas.<\/p>\n<p>Orunmila lhe aconselhou que n\u00e3o teria filhos pr\u00f3prios at\u00e9 que fizesse sacrif\u00edcios a Olodunmare para que este enviasse uma massa de crian\u00e7as do c\u00e9u para os ventres das mulheres est\u00e9reis, e dessas crian\u00e7as enviadas do c\u00e9u, seria quando Oxum passaria a ter um filho. E assim sucedeu, ela fez o sacrif\u00edcio que lhe foi prescrito, e quando Olodunmare enviou as crian\u00e7as a terra Oxum p\u00f4de ser m\u00e3e, mas n\u00e3o acabou por ai, quando as outras m\u00e3es que tamb\u00e9m haviam sido presenteadas com filhos se encontravam com seus filhos doentes, Orunmila lhes aconselhava que procurassem por Oxum para cuidar dessas crian\u00e7as.[\/vc_column_text][\/vc_column][vc_column css=&#8221;.vc_custom_1577581153618{padding-top: 0px !important;}&#8221; offset=&#8221;vc_col-md-4&#8243;][vc_single_image image=&#8221;1285&#8243; img_size=&#8221;469&#215;600&#8243; alignment=&#8221;center&#8221; css=&#8221;.vc_custom_1590061321438{margin-bottom: 0px !important;}&#8221;][\/vc_column][\/vc_row][vc_row][vc_column width=&#8221;1\/6&#8243; offset=&#8221;vc_hidden-sm vc_hidden-xs&#8221;][\/vc_column][vc_column offset=&#8221;vc_col-md-8&#8243;][vc_column_text]<\/p>\n<h2 style=\"text-align: center;\">Como iniciar-se em Oxum?<\/h2>\n<p style=\"text-align: center;\">A pessoa que deseja ser iniciada em Oxum deve, antes de mais nada, adquirir conhecimentos neste Orixa. Lembrando que na tradi\u00e7\u00e3o Yoruba, o aprendizado vem antes da inicia\u00e7\u00e3o, sendo assim, quando o indiv\u00edduo tenha conhecimento suficiente para cuidar deste Orixa por si s\u00f3, estar\u00e1 preparado para iniciar-se com o seu babalawo. Voc\u00ea pode avaliar seus conhecimentos no aplicativo <a href=\"http:\/\/hyperurl.co\/oju-odu\">Oj\u00fa Od\u00f9<\/a>.<\/p>\n<p style=\"text-align: center;\">As inicia\u00e7\u00f5es n\u00e3o s\u00e3o feitas de maneira aleatoria, toda inicia\u00e7\u00e3o deve ter um objetivo na vida do indiv\u00edduo. E estes objetivos sao descobertos em nosso Odu If\u00e1, seja ele no Isefa (primeira inicia\u00e7\u00e3o de If\u00e1) ou Itelodu (Inicia\u00e7\u00e3o de If\u00e1) ou tamb\u00e9m em uma consulta com um Olorixa (sacerdote do culto a algum Orixa)<\/p>\n<p>[\/vc_column_text][\/vc_column][vc_column width=&#8221;1\/6&#8243; offset=&#8221;vc_hidden-sm vc_hidden-xs&#8221;][\/vc_column][\/vc_row][vc_row full_width=&#8221;stretch_row&#8221; gap=&#8221;20&#8243; bg_type=&#8221;bg_color&#8221; bg_color_value=&#8221;#4e89d5&#8243; css=&#8221;.vc_custom_1589982209161{padding-top: 40px !important;padding-bottom: 40px !important;background-color: #4e89d5 !important;}&#8221;][vc_column width=&#8221;1\/6&#8243; offset=&#8221;vc_hidden-sm vc_hidden-xs&#8221;][\/vc_column][vc_column offset=&#8221;vc_col-md-8&#8243; css=&#8221;.vc_custom_1572264649280{padding-top: 0px !important;}&#8221;][vc_column_text css=&#8221;.vc_custom_1582138428129{margin-bottom: 20px !important;}&#8221;]<\/p>\n<h2 style=\"text-align: center;\"><span style=\"color: #ffffff;\">Como cultuar Oxum?<\/span><\/h2>\n<p style=\"text-align: center;\"><span style=\"color: #ffffff;\">Para atender este Orixa existem materiais essenciais que jam\u00e1s podem faltar.<\/span><\/p>\n<p>[\/vc_column_text][\/vc_column][vc_column width=&#8221;1\/6&#8243; offset=&#8221;vc_hidden-sm vc_hidden-xs&#8221;][\/vc_column][vc_column css_animation=&#8221;bottom-to-top&#8221; offset=&#8221;vc_col-md-6&#8243; css=&#8221;.vc_custom_1572276073446{margin-top: 0px !important;margin-right: 0px !important;margin-bottom: 0px !important;margin-left: 0px !important;padding-top: 40px !important;padding-right: 40px !important;padding-bottom: 40px !important;padding-left: 40px !important;background-color: #fcfcfc !important;border-radius: 10px !important;}&#8221;][vc_column_text css=&#8221;.vc_custom_1582206034543{margin-bottom: 0px !important;background-color: #fcfcfc !important;border-radius: 10px !important;}&#8221;]<\/p>\n<h3 style=\"text-align: center;\">Oferendas para Oxum<\/h3>\n<p>Uma das comidas preferidas deste Orixa \u00e9 o Yanrin (uma esp\u00e9cie de alface), se costuma dizer, que \u00e9 uma de suas preferidas porque era a verdura que ela gostava de comer em sua vida terrenal. Tamb\u00e9m se pode oferecer caba\u00e7a e ovos.<\/p>\n<p>[\/vc_column_text][\/vc_column][vc_column css_animation=&#8221;bottom-to-top&#8221; offset=&#8221;vc_col-md-6&#8243; css=&#8221;.vc_custom_1572276081562{margin-top: 0px !important;margin-right: 0px !important;margin-bottom: 0px !important;margin-left: 0px !important;padding-top: 40px !important;padding-right: 40px !important;padding-bottom: 40px !important;padding-left: 40px !important;background-color: #fcfcfc !important;border-radius: 10px !important;}&#8221;][vc_column_text css=&#8221;.vc_custom_1582138586579{margin-bottom: 0px !important;background-color: #fcfcfc !important;border-radius: 10px !important;}&#8221;]<\/p>\n<h3 style=\"text-align: center;\">Poder de cura de Oxum<\/h3>\n<p>Seu poder de cura n\u00e3o se baseia apenas em medicamentos, mas tamb\u00e9m em terapias de \u00e1gua. As aten\u00e7\u00f5es m\u00e9dicas dadas a crian\u00e7as sob cuidados de Oxum raramente necesitan medicamentos.[\/vc_column_text][\/vc_column][\/vc_row][vc_row content_placement=&#8221;middle&#8221; css=&#8221;.vc_custom_1572650735212{padding-top: 30px !important;padding-bottom: 30px !important;}&#8221;][vc_column offset=&#8221;vc_col-md-4&#8243; css=&#8221;.vc_custom_1572650721461{padding-top: 0px !important;}&#8221;][vc_single_image image=&#8221;1282&#8243; img_size=&#8221;large&#8221; alignment=&#8221;center&#8221; css=&#8221;.vc_custom_1590061370159{margin-bottom: 0px !important;}&#8221;][\/vc_column][vc_column offset=&#8221;vc_col-md-8&#8243; css=&#8221;.vc_custom_1572650727496{padding-top: 0px !important;}&#8221;][vc_column_text]<\/p>\n<h2 style=\"text-align: center;\">Tipos de Oxum na pr\u00e1tica tradicional Yoruba<\/h2>\n<p>Assim como os varios outros Orixas, existe apenas uma Oxum, por\u00e9m a mesma, por sua vez, tamb\u00e9m obteve diversos pseud\u00f4nimos: Oore yeye o, A ri pepe ko ide si, Iya ijumu, o yeye ni imo, modeni aninla nile awo, entre outros.[\/vc_column_text][\/vc_column][\/vc_row][vc_row full_width=&#8221;stretch_row&#8221; content_placement=&#8221;middle&#8221; bg_type=&#8221;bg_color&#8221; bg_override=&#8221;ex-full&#8221; bg_color_value=&#8221;#4e89d5&#8243; el_class=&#8221;banner&#8221; css=&#8221;.vc_custom_1589982141267{background-color: #4e89d5 !important;}&#8221;][vc_column width=&#8221;2\/3&#8243;][vc_column_text el_class=&#8221;banner-text&#8221;]Conhe\u00e7a mais sobre a inicia\u00e7\u00e3o e cuidados deste Orixa Yoruba[\/vc_column_text][\/vc_column][vc_column width=&#8221;1\/3&#8243;][vc_column_text css_animation=&#8221;bounceIn&#8221;]<\/p>\n<p style=\"text-align: center;\"><a class=\"custom-buttons-alternative\" href=\"\/pt-br\/contact\/\">Consulte-nos<\/a><\/p>\n<p>[\/vc_column_text][\/vc_column][\/vc_row]<\/p>\n<\/div>"},"excerpt":{"rendered":"<p>[vc_row el_class=&#8221;first-row&#8221;][vc_column width=&#8221;1\/6&#8243; offset=&#8221;vc_hidden-sm vc_hidden-xs&#8221;][\/vc_column][vc_column offset=&#8221;vc_col-md-8&#8243;][vc_column_text] Oxum \u00e9, por excel\u00eancia, a deusa dos rios. Entre todos os rios da Nig\u00e9ria, este Orixa \u00e9 representado pelo mais<span class=\"excerpt-hellip\"> [\u2026]<\/span><\/p>\n","protected":false},"author":1,"featured_media":3383,"parent":1972,"menu_order":0,"comment_status":"open","ping_status":"open","template":"","meta":{"footnotes":""},"categories":[],"class_list":["post-2028","page","type-page","status-publish","has-post-thumbnail","hentry"],"yoast_head":"<!-- This site is optimized with the Yoast SEO Premium plugin v27.6 (Yoast SEO v27.6) - https:\/\/yoast.com\/product\/yoast-seo-premium-wordpress\/ -->\n<title>Oxum - Osun, Orixa da fertilidade no If\u00e1 Tradicional - Il\u00e9 Awo<\/title>\n<meta name=\"description\" content=\"Oxum, tamb\u00e9m conhecida como Oshun na pr\u00e1tica afrocubana, \u00e9 o Orixa Yoruba da fertilidade feminina. Se cultua Oxum especialmente em Osogbo.\" \/>\n<meta name=\"robots\" content=\"index, follow, max-snippet:-1, max-image-preview:large, max-video-preview:-1\" \/>\n<link rel=\"canonical\" href=\"https:\/\/ileawo.com\/pt-br\/orixas-yoruba\/oxum\/\" \/>\n<meta property=\"og:locale\" content=\"pt_BR\" \/>\n<meta property=\"og:type\" content=\"article\" \/>\n<meta property=\"og:title\" content=\"Oxum, Orixa da fertilidade\" \/>\n<meta property=\"og:description\" content=\"Oxum, tamb\u00e9m conhecida como Oshun na pr\u00e1tica afrocubana, \u00e9 o Orixa Yoruba da fertilidade feminina. Se cultua Oxum especialmente em Osogbo.\" \/>\n<meta property=\"og:url\" content=\"https:\/\/ileawo.com\/pt-br\/orixas-yoruba\/oxum\/\" \/>\n<meta property=\"og:site_name\" content=\"Il\u00e9 Awo\" \/>\n<meta property=\"article:publisher\" content=\"https:\/\/www.facebook.com\/ifabiyii\" \/>\n<meta property=\"article:modified_time\" content=\"2020-05-31T21:43:31+00:00\" \/>\n<meta property=\"og:image\" content=\"https:\/\/ileawo.com\/wp-content\/uploads\/2020\/05\/orixa-oxum.jpg\" \/>\n\t<meta property=\"og:image:width\" content=\"1200\" \/>\n\t<meta property=\"og:image:height\" content=\"633\" \/>\n\t<meta property=\"og:image:type\" content=\"image\/jpeg\" \/>\n<meta name=\"twitter:card\" content=\"summary_large_image\" \/>\n<meta name=\"twitter:image\" content=\"https:\/\/ileawo.com\/wp-content\/uploads\/2020\/05\/orixa-oxum.jpg\" \/>\n<meta name=\"twitter:site\" content=\"@ifabiyii\" \/>\n<!-- \/ Yoast SEO Premium plugin. -->","yoast_head_json":{"title":"Oxum - Osun, Orixa da fertilidade no If\u00e1 Tradicional - Il\u00e9 Awo","description":"Oxum, tamb\u00e9m conhecida como Oshun na pr\u00e1tica afrocubana, \u00e9 o Orixa Yoruba da fertilidade feminina. Se cultua Oxum especialmente em Osogbo.","robots":{"index":"index","follow":"follow","max-snippet":"max-snippet:-1","max-image-preview":"max-image-preview:large","max-video-preview":"max-video-preview:-1"},"canonical":"https:\/\/ileawo.com\/pt-br\/orixas-yoruba\/oxum\/","og_locale":"pt_BR","og_type":"article","og_title":"Oxum, Orixa da fertilidade","og_description":"Oxum, tamb\u00e9m conhecida como Oshun na pr\u00e1tica afrocubana, \u00e9 o Orixa Yoruba da fertilidade feminina. Se cultua Oxum especialmente em Osogbo.","og_url":"https:\/\/ileawo.com\/pt-br\/orixas-yoruba\/oxum\/","og_site_name":"Il\u00e9 Awo","article_publisher":"https:\/\/www.facebook.com\/ifabiyii","article_modified_time":"2020-05-31T21:43:31+00:00","og_image":[{"width":1200,"height":633,"url":"https:\/\/ileawo.com\/wp-content\/uploads\/2020\/05\/orixa-oxum.jpg","type":"image\/jpeg"}],"twitter_card":"summary_large_image","twitter_image":"https:\/\/ileawo.com\/wp-content\/uploads\/2020\/05\/orixa-oxum.jpg","twitter_site":"@ifabiyii","schema":{"@context":"https:\/\/schema.org","@graph":[{"@type":"Article","@id":"https:\/\/ileawo.com\/pt-br\/orixas-yoruba\/oxum\/#article","isPartOf":{"@id":"https:\/\/ileawo.com\/pt-br\/orixas-yoruba\/oxum\/"},"author":{"name":"If\u00e1b\u00edy\u00ec\u00ed Ak\u00f3d\u00e0","@id":"https:\/\/ileawo.com\/pt-br\/#\/schema\/person\/5b4d3af5a9aa8f02fe88dbeb048ef64a"},"headline":"Oxum, Orixa da fertilidade","datePublished":"2019-10-27T23:00:00+00:00","dateModified":"2020-05-31T21:43:31+00:00","mainEntityOfPage":{"@id":"https:\/\/ileawo.com\/pt-br\/orixas-yoruba\/oxum\/"},"wordCount":1177,"commentCount":0,"publisher":{"@id":"https:\/\/ileawo.com\/pt-br\/#organization"},"image":{"@id":"https:\/\/ileawo.com\/pt-br\/orixas-yoruba\/oxum\/#primaryimage"},"thumbnailUrl":"https:\/\/ileawo.com\/wp-content\/uploads\/2020\/05\/orixa-oxum.jpg","inLanguage":"pt-BR","potentialAction":[{"@type":"CommentAction","name":"Comment","target":["https:\/\/ileawo.com\/pt-br\/orixas-yoruba\/oxum\/#respond"]}]},{"@type":"WebPage","@id":"https:\/\/ileawo.com\/pt-br\/orixas-yoruba\/oxum\/","url":"https:\/\/ileawo.com\/pt-br\/orixas-yoruba\/oxum\/","name":"Oxum - Osun, Orixa da fertilidade no If\u00e1 Tradicional - Il\u00e9 Awo","isPartOf":{"@id":"https:\/\/ileawo.com\/pt-br\/#website"},"primaryImageOfPage":{"@id":"https:\/\/ileawo.com\/pt-br\/orixas-yoruba\/oxum\/#primaryimage"},"image":{"@id":"https:\/\/ileawo.com\/pt-br\/orixas-yoruba\/oxum\/#primaryimage"},"thumbnailUrl":"https:\/\/ileawo.com\/wp-content\/uploads\/2020\/05\/orixa-oxum.jpg","datePublished":"2019-10-27T23:00:00+00:00","dateModified":"2020-05-31T21:43:31+00:00","description":"Oxum, tamb\u00e9m conhecida como Oshun na pr\u00e1tica afrocubana, \u00e9 o Orixa Yoruba da fertilidade feminina. Se cultua Oxum especialmente em Osogbo.","breadcrumb":{"@id":"https:\/\/ileawo.com\/pt-br\/orixas-yoruba\/oxum\/#breadcrumb"},"inLanguage":"pt-BR","potentialAction":[{"@type":"ReadAction","target":["https:\/\/ileawo.com\/pt-br\/orixas-yoruba\/oxum\/"]}]},{"@type":"ImageObject","inLanguage":"pt-BR","@id":"https:\/\/ileawo.com\/pt-br\/orixas-yoruba\/oxum\/#primaryimage","url":"https:\/\/ileawo.com\/wp-content\/uploads\/2020\/05\/orixa-oxum.jpg","contentUrl":"https:\/\/ileawo.com\/wp-content\/uploads\/2020\/05\/orixa-oxum.jpg","width":1200,"height":633,"caption":"orixa oxum"},{"@type":"BreadcrumbList","@id":"https:\/\/ileawo.com\/pt-br\/orixas-yoruba\/oxum\/#breadcrumb","itemListElement":[{"@type":"ListItem","position":1,"name":"Home","item":"https:\/\/ileawo.com\/pt-br\/"},{"@type":"ListItem","position":2,"name":"Orixas tradicionais Yoruba","item":"https:\/\/ileawo.com\/pt-br\/orixas-yoruba\/"},{"@type":"ListItem","position":3,"name":"Oxum, Orixa da fertilidade"}]},{"@type":"WebSite","@id":"https:\/\/ileawo.com\/pt-br\/#website","url":"https:\/\/ileawo.com\/pt-br\/","name":"Il\u00e9 Awo","description":"","publisher":{"@id":"https:\/\/ileawo.com\/pt-br\/#organization"},"potentialAction":[{"@type":"SearchAction","target":{"@type":"EntryPoint","urlTemplate":"https:\/\/ileawo.com\/pt-br\/?s={search_term_string}"},"query-input":{"@type":"PropertyValueSpecification","valueRequired":true,"valueName":"search_term_string"}}],"inLanguage":"pt-BR"},{"@type":"Organization","@id":"https:\/\/ileawo.com\/pt-br\/#organization","name":"Il\u00e9 Awo","url":"https:\/\/ileawo.com\/pt-br\/","logo":{"@type":"ImageObject","inLanguage":"pt-BR","@id":"https:\/\/ileawo.com\/pt-br\/#\/schema\/logo\/image\/","url":"https:\/\/ileawo.com\/wp-content\/uploads\/revslider\/Bienvenido\/Logo-Ile-Awo-20201.png","contentUrl":"https:\/\/ileawo.com\/wp-content\/uploads\/revslider\/Bienvenido\/Logo-Ile-Awo-20201.png","width":500,"height":155,"caption":"Il\u00e9 Awo"},"image":{"@id":"https:\/\/ileawo.com\/pt-br\/#\/schema\/logo\/image\/"},"sameAs":["https:\/\/www.facebook.com\/ifabiyii","https:\/\/x.com\/ifabiyii","https:\/\/www.instagram.com\/ifabiyii_akoda\/"]},{"@type":"Person","@id":"https:\/\/ileawo.com\/pt-br\/#\/schema\/person\/5b4d3af5a9aa8f02fe88dbeb048ef64a","name":"If\u00e1b\u00edy\u00ec\u00ed Ak\u00f3d\u00e0","image":{"@type":"ImageObject","inLanguage":"pt-BR","@id":"https:\/\/secure.gravatar.com\/avatar\/07530fd5fec1f19247b6ca33a6f419284691fff29c8857d86ea771d943bdba08?s=96&d=mm&r=g","url":"https:\/\/secure.gravatar.com\/avatar\/07530fd5fec1f19247b6ca33a6f419284691fff29c8857d86ea771d943bdba08?s=96&d=mm&r=g","contentUrl":"https:\/\/secure.gravatar.com\/avatar\/07530fd5fec1f19247b6ca33a6f419284691fff29c8857d86ea771d943bdba08?s=96&d=mm&r=g","caption":"If\u00e1b\u00edy\u00ec\u00ed Ak\u00f3d\u00e0"},"sameAs":["https:\/\/ileawo.com\/"]}]}},"_links":{"self":[{"href":"https:\/\/ileawo.com\/pt-br\/wp-json\/wp\/v2\/pages\/2028","targetHints":{"allow":["GET"]}}],"collection":[{"href":"https:\/\/ileawo.com\/pt-br\/wp-json\/wp\/v2\/pages"}],"about":[{"href":"https:\/\/ileawo.com\/pt-br\/wp-json\/wp\/v2\/types\/page"}],"author":[{"embeddable":true,"href":"https:\/\/ileawo.com\/pt-br\/wp-json\/wp\/v2\/users\/1"}],"replies":[{"embeddable":true,"href":"https:\/\/ileawo.com\/pt-br\/wp-json\/wp\/v2\/comments?post=2028"}],"version-history":[{"count":0,"href":"https:\/\/ileawo.com\/pt-br\/wp-json\/wp\/v2\/pages\/2028\/revisions"}],"up":[{"embeddable":true,"href":"https:\/\/ileawo.com\/pt-br\/wp-json\/wp\/v2\/pages\/1972"}],"wp:featuredmedia":[{"embeddable":true,"href":"https:\/\/ileawo.com\/pt-br\/wp-json\/wp\/v2\/media\/3383"}],"wp:attachment":[{"href":"https:\/\/ileawo.com\/pt-br\/wp-json\/wp\/v2\/media?parent=2028"}],"wp:term":[{"taxonomy":"category","embeddable":true,"href":"https:\/\/ileawo.com\/pt-br\/wp-json\/wp\/v2\/categories?post=2028"}],"curies":[{"name":"wp","href":"https:\/\/api.w.org\/{rel}","templated":true}]}}