{"id":2021,"date":"2019-10-28T00:00:00","date_gmt":"2019-10-27T23:00:00","guid":{"rendered":"https:\/\/ileawo.com\/orixas-yoruba\/obatala\/"},"modified":"2022-11-01T15:44:12","modified_gmt":"2022-11-01T14:44:12","slug":"obatala","status":"publish","type":"page","link":"https:\/\/ileawo.com\/pt-br\/orixas-yoruba\/obatala\/","title":{"rendered":"Obatala, o Orixa funfun"},"content":{"rendered":"<div class=\"wpb-content-wrapper\"><p>[vc_row el_class=&#8221;first-row&#8221;][vc_column width=&#8221;1\/6&#8243; offset=&#8221;vc_hidden-sm vc_hidden-xs&#8221;][\/vc_column][vc_column offset=&#8221;vc_col-md-8&#8243;][vc_column_text]<\/p>\n<p style=\"text-align: center;\">Em terras Yoruba, Obatala \u00e9 uma das divindades mais respeitadas e veneradas, conhecida como o rei da cidade de Iranje. Sua esposa \u00e9 Yemu, outro Orixa funfun. Foi um dos 17 Orixa originais. Ele \u00e9 o \u00fanico Orixa que possui o Aba e o Ase: na m\u00e3o esquerda o Aba (id\u00e9ias) e na m\u00e3o direita o Ase (poder para execut\u00e1-lo). Quando se re\u00fanem, geram id\u00e9ias e se tornam realidade.<\/p>\n<p>[\/vc_column_text][\/vc_column][vc_column width=&#8221;1\/6&#8243; offset=&#8221;vc_hidden-sm vc_hidden-xs&#8221;][\/vc_column][\/vc_row][vc_row full_width=&#8221;stretch_row&#8221; content_placement=&#8221;middle&#8221; bg_type=&#8221;bg_color&#8221; css=&#8221;.vc_custom_1589980846508{padding-top: 60px !important;padding-bottom: 30px !important;background-color: #f6f6f6 !important;}&#8221; bg_color_value=&#8221;#f6f6f6&#8243; el_class=&#8221;flex-row-tablet&#8221;][vc_column css=&#8221;.vc_custom_1577580157976{padding-top: 0px !important;}&#8221; offset=&#8221;vc_col-md-8&#8243;][vc_column_text]<\/p>\n<h2 style=\"text-align: center;\">Quem \u00e9 Obatala?<\/h2>\n<p>Obatala \u00e9 o Orixa que teve a miss\u00e3o de separar a terra da \u00e1gua e criar humanos com \u00e1gua limpa, mas embebedou-se com Emu (vinho de dend\u00ea) e adormeceu. Mais tarde, Olodumare pediu novamente para criar os humanos. Ele fez o trabalho corretamente por um tempo, mas depois come\u00e7ou a cometer erros ao ficar b\u00eabado novamente, usando \u00e1gua suja, e por engano criou albinos, cegos, surdos, coxos, an\u00f5es, entre outros. Todos estes s\u00e3o acreditados para ter muito poder ou Ase.<\/p>\n<p>Sendo o criador dos seres humanos, seus seguidores devem oferecer a ele uma caba\u00e7a de \u00e1gua cristalina que deve ser trocada todos os dias.[\/vc_column_text][\/vc_column][vc_column css=&#8221;.vc_custom_1577580133764{padding-top: 0px !important;}&#8221; offset=&#8221;vc_col-md-4&#8243;][vc_single_image image=&#8221;3251&#8243; img_size=&#8221;large&#8221; alignment=&#8221;center&#8221; css=&#8221;.vc_custom_1590060381334{margin-bottom: 0px !important;}&#8221;][\/vc_column][\/vc_row][vc_row][vc_column width=&#8221;1\/6&#8243; offset=&#8221;vc_hidden-sm vc_hidden-xs&#8221;][\/vc_column][vc_column offset=&#8221;vc_col-md-8&#8243;][vc_column_text]<\/p>\n<h2 style=\"text-align: center;\">Como iniciar-se em Oosanla<\/h2>\n<p style=\"text-align: center;\">A pessoa que deseja ser iniciada em Obatala deve primeiro adquirir conhecimento deste Orixa. Depois que ela consegue cuidar dele por si s\u00f3, ela pode come\u00e7ar sua inicia\u00e7\u00e3o com o babalawo com quem recebe seu aprendizado. Devemos lembrar que, na pr\u00e1tica yorub\u00e1 tradicional, a pessoa interessada na inicia\u00e7\u00e3o deve adquirir conhecimento antes de realizar sua inicia\u00e7\u00e3o. A inicia\u00e7\u00e3o de Obatala n\u00e3o \u00e9 exce\u00e7\u00e3o. Voc\u00ea pode avaliar seu conhecimento sobre Obatala nos testes dispon\u00edveis em <a href=\"https:\/\/onelink.to\/ojuodu\">Oj\u00fa Od\u00f9<\/a>.<\/p>\n<p style=\"text-align: center;\">As inicia\u00e7\u00f5es n\u00e3o s\u00e3o realizadas de maneira fortuita, porque cada inicia\u00e7\u00e3o deve ter um objetivo na vida da pessoa e isso \u00e9 recomendado em nosso Odu de If\u00e1, seja o Isefa (primeira inicia\u00e7\u00e3o de If\u00e1) ou o Itelodu (inicia\u00e7\u00e3o de If\u00e1), bem como na <a href=\"https:\/\/onelink.to\/idasa\">adivinha\u00e7\u00e3o com uma Olorisa<\/a> (uma pessoa iniciada em um orix\u00e1).<\/p>\n<p>[\/vc_column_text][\/vc_column][vc_column width=&#8221;1\/6&#8243; offset=&#8221;vc_hidden-sm vc_hidden-xs&#8221;][\/vc_column][\/vc_row][vc_row full_width=&#8221;stretch_row&#8221; gap=&#8221;20&#8243; bg_type=&#8221;bg_color&#8221; bg_color_value=&#8221;#4e89d5&#8243; css=&#8221;.vc_custom_1589980876692{padding-top: 40px !important;padding-bottom: 40px !important;background-color: #4e89d5 !important;}&#8221;][vc_column width=&#8221;1\/6&#8243; offset=&#8221;vc_hidden-sm vc_hidden-xs&#8221;][\/vc_column][vc_column offset=&#8221;vc_col-md-8&#8243; css=&#8221;.vc_custom_1572264649280{padding-top: 0px !important;}&#8221;][vc_column_text css=&#8221;.vc_custom_1581629189158{margin-bottom: 20px !important;}&#8221;]<\/p>\n<h2 style=\"text-align: center;\"><span style=\"color: #ffffff;\">Como cuidar de Obatala<\/span><\/h2>\n<p style=\"text-align: center;\"><span style=\"color: #ffffff;\">Para atender a Obatala existen materiales claves que nunca deben faltar, mientras que hay otros que nunca se deben utilizar.<\/span><\/p>\n<p>[\/vc_column_text][\/vc_column][vc_column width=&#8221;1\/6&#8243; offset=&#8221;vc_hidden-sm vc_hidden-xs&#8221;][\/vc_column][vc_column css_animation=&#8221;bottom-to-top&#8221; offset=&#8221;vc_col-md-6&#8243; css=&#8221;.vc_custom_1572276073446{margin-top: 0px !important;margin-right: 0px !important;margin-bottom: 0px !important;margin-left: 0px !important;padding-top: 40px !important;padding-right: 40px !important;padding-bottom: 40px !important;padding-left: 40px !important;background-color: #fcfcfc !important;border-radius: 10px !important;}&#8221;][vc_column_text css=&#8221;.vc_custom_1581634341561{margin-bottom: 0px !important;background-color: #fcfcfc !important;border-radius: 10px !important;}&#8221;]<\/p>\n<h3 style=\"text-align: center;\">Materiais para oferendas<\/h3>\n<p>Para fazer oferendas a este Orixa, seus seguidores devem estar vestidos completamente de branco. \u00c9 por isso que \u00e9 o Orixa conhecido como aquele que se levanta e se deita de branco. Para servi-lo, manteiga de Ori (manteiga de cacau) e Obi Fin (noz de cauda branca) devem ser usados \u200b\u200be feitos sob uma luz fraca.[\/vc_column_text][\/vc_column][vc_column css_animation=&#8221;bottom-to-top&#8221; offset=&#8221;vc_col-md-6&#8243; css=&#8221;.vc_custom_1572276081562{margin-top: 0px !important;margin-right: 0px !important;margin-bottom: 0px !important;margin-left: 0px !important;padding-top: 40px !important;padding-right: 40px !important;padding-bottom: 40px !important;padding-left: 40px !important;background-color: #fcfcfc !important;border-radius: 10px !important;}&#8221;][vc_column_text css=&#8221;.vc_custom_1581634484124{margin-bottom: 0px !important;background-color: #fcfcfc !important;border-radius: 10px !important;}&#8221;]<\/p>\n<h3 style=\"text-align: center;\">Alguns tab\u00fas de Obatala<\/h3>\n<p>Quando Obatala \u00e9 cuidado, seus seguidores n\u00e3o devem se sujar. Al\u00e9m disso, como em todos os casos do Orixas Funfun, o Epo (azeite de dend\u00ea) n\u00e3o pode ser usado em ofertas, nem o Obi Abata. Outro dos tabus deste Orixa \u00e9 o Emu, ou seja, o vinho de dend\u00ea.[\/vc_column_text][\/vc_column][\/vc_row][vc_row content_placement=&#8221;middle&#8221; css=&#8221;.vc_custom_1572650477243{padding-top: 30px !important;padding-bottom: 30px !important;}&#8221;][vc_column offset=&#8221;vc_col-md-4&#8243; css=&#8221;.vc_custom_1577580268909{padding-top: 0px !important;}&#8221;][vc_single_image image=&#8221;1185&#8243; img_size=&#8221;large&#8221; alignment=&#8221;center&#8221; css=&#8221;.vc_custom_1590060392900{margin-bottom: 0px !important;}&#8221;][\/vc_column][vc_column offset=&#8221;vc_col-md-8&#8243; css=&#8221;.vc_custom_1577580262564{padding-top: 0px !important;}&#8221;][vc_column_text]<\/p>\n<h2 style=\"text-align: center;\">Tipos de Obatala na pr\u00e1tica tradicional<\/h2>\n<p>Esta \u00e9 uma quest\u00e3o muito importante uma vez que na pr\u00e1tica africubana acredita-se que existam oito Obatalas masculinos e oito femininos. Isso na pr\u00e1tica Tradicional Yoruba n\u00e3o \u00e9 inteiramente verdade. Existe apenas um Obatala, e \u00e9 masculino. Os Yoruba acreditam que os outros que se pensa existirem na pr\u00e1tica Africubana s\u00e3o uma confus\u00e3o com outros Orixas funfun, isto \u00e9, Orixas que t\u00eam o mesmo tabu.<\/p>\n<p>[\/vc_column_text][\/vc_column][\/vc_row][vc_row full_width=&#8221;stretch_row&#8221; content_placement=&#8221;middle&#8221; bg_type=&#8221;bg_color&#8221; bg_override=&#8221;ex-full&#8221; bg_color_value=&#8221;#4e89d5&#8243; el_class=&#8221;banner&#8221; css=&#8221;.vc_custom_1589980911478{background-color: #4e89d5 !important;}&#8221;][vc_column width=&#8221;2\/3&#8243;][vc_column_text el_class=&#8221;banner-text&#8221;]Conhe\u00e7a mais sobre a inicia\u00e7\u00e3o e cuidados deste Orixa Yoruba[\/vc_column_text][\/vc_column][vc_column width=&#8221;1\/3&#8243;][vc_column_text css_animation=&#8221;bounceIn&#8221;]<\/p>\n<p style=\"text-align: center;\"><a class=\"custom-buttons-alternative\" href=\"\/pt-br\/contato\/\">Consulte-nos<\/a><\/p>\n<p>[\/vc_column_text][\/vc_column][\/vc_row]<\/p>\n<\/div>"},"excerpt":{"rendered":"<p>[vc_row el_class=&#8221;first-row&#8221;][vc_column width=&#8221;1\/6&#8243; offset=&#8221;vc_hidden-sm vc_hidden-xs&#8221;][\/vc_column][vc_column offset=&#8221;vc_col-md-8&#8243;][vc_column_text] Em terras Yoruba, Obatala \u00e9 uma das divindades mais respeitadas e veneradas, conhecida como o rei da cidade de Iranje.<span class=\"excerpt-hellip\"> [\u2026]<\/span><\/p>\n","protected":false},"author":1,"featured_media":3360,"parent":1972,"menu_order":0,"comment_status":"open","ping_status":"open","template":"","meta":{"footnotes":""},"categories":[],"class_list":["post-2021","page","type-page","status-publish","has-post-thumbnail","hentry"],"yoast_head":"<!-- This site is optimized with the Yoast SEO Premium plugin v25.2 (Yoast SEO v27.3) - https:\/\/yoast.com\/product\/yoast-seo-premium-wordpress\/ -->\n<title>Obatala, o Orixa funfun da pr\u00e1tica tradicional de If\u00e1 - Il\u00e9 Awo<\/title>\n<meta name=\"description\" content=\"Obatala \u00e9 o principal Orixa funfun da pr\u00e1tica tradicional de If\u00e1. Ele \u00e9 uma das divindades yoruba mais respeitadas, a \u00fanica com os Aba e Ase.\" \/>\n<meta name=\"robots\" content=\"index, follow, max-snippet:-1, max-image-preview:large, max-video-preview:-1\" \/>\n<link rel=\"canonical\" href=\"https:\/\/ileawo.com\/pt-br\/orixas-yoruba\/obatala\/\" \/>\n<meta property=\"og:locale\" content=\"pt_BR\" \/>\n<meta property=\"og:type\" content=\"article\" \/>\n<meta property=\"og:title\" content=\"Obatala, o Orixa funfun\" \/>\n<meta property=\"og:description\" content=\"Obatala \u00e9 o principal Orixa funfun da pr\u00e1tica tradicional de If\u00e1. Ele \u00e9 uma das divindades yoruba mais respeitadas, a \u00fanica com os Aba e Ase.\" \/>\n<meta property=\"og:url\" content=\"https:\/\/ileawo.com\/pt-br\/orixas-yoruba\/obatala\/\" \/>\n<meta property=\"og:site_name\" content=\"Il\u00e9 Awo\" \/>\n<meta property=\"article:publisher\" content=\"https:\/\/www.facebook.com\/ifabiyii\" \/>\n<meta property=\"article:modified_time\" content=\"2022-11-01T14:44:12+00:00\" \/>\n<meta property=\"og:image\" content=\"http:\/\/ileawo.com\/wp-content\/uploads\/2020\/05\/orixa-obatala.jpg\" \/>\n\t<meta property=\"og:image:width\" content=\"1200\" \/>\n\t<meta property=\"og:image:height\" content=\"633\" \/>\n\t<meta property=\"og:image:type\" content=\"image\/jpeg\" \/>\n<meta name=\"twitter:card\" content=\"summary_large_image\" \/>\n<meta name=\"twitter:image\" content=\"https:\/\/ileawo.com\/wp-content\/uploads\/2020\/05\/orixa-obatala.jpg\" \/>\n<meta name=\"twitter:site\" content=\"@ifabiyii\" \/>\n<!-- \/ Yoast SEO Premium plugin. -->","yoast_head_json":{"title":"Obatala, o Orixa funfun da pr\u00e1tica tradicional de If\u00e1 - Il\u00e9 Awo","description":"Obatala \u00e9 o principal Orixa funfun da pr\u00e1tica tradicional de If\u00e1. Ele \u00e9 uma das divindades yoruba mais respeitadas, a \u00fanica com os Aba e Ase.","robots":{"index":"index","follow":"follow","max-snippet":"max-snippet:-1","max-image-preview":"max-image-preview:large","max-video-preview":"max-video-preview:-1"},"canonical":"https:\/\/ileawo.com\/pt-br\/orixas-yoruba\/obatala\/","og_locale":"pt_BR","og_type":"article","og_title":"Obatala, o Orixa funfun","og_description":"Obatala \u00e9 o principal Orixa funfun da pr\u00e1tica tradicional de If\u00e1. Ele \u00e9 uma das divindades yoruba mais respeitadas, a \u00fanica com os Aba e Ase.","og_url":"https:\/\/ileawo.com\/pt-br\/orixas-yoruba\/obatala\/","og_site_name":"Il\u00e9 Awo","article_publisher":"https:\/\/www.facebook.com\/ifabiyii","article_modified_time":"2022-11-01T14:44:12+00:00","og_image":[{"width":1200,"height":633,"url":"http:\/\/ileawo.com\/wp-content\/uploads\/2020\/05\/orixa-obatala.jpg","type":"image\/jpeg"}],"twitter_card":"summary_large_image","twitter_image":"https:\/\/ileawo.com\/wp-content\/uploads\/2020\/05\/orixa-obatala.jpg","twitter_site":"@ifabiyii","schema":{"@context":"https:\/\/schema.org","@graph":[{"@type":"Article","@id":"https:\/\/ileawo.com\/pt-br\/orixas-yoruba\/obatala\/#article","isPartOf":{"@id":"https:\/\/ileawo.com\/pt-br\/orixas-yoruba\/obatala\/"},"author":{"name":"If\u00e1b\u00edy\u00ec\u00ed Ak\u00f3d\u00e0","@id":"http:\/\/ileawo.com\/pt-br\/#\/schema\/person\/5b4d3af5a9aa8f02fe88dbeb048ef64a"},"headline":"Obatala, o Orixa funfun","datePublished":"2019-10-27T23:00:00+00:00","dateModified":"2022-11-01T14:44:12+00:00","mainEntityOfPage":{"@id":"https:\/\/ileawo.com\/pt-br\/orixas-yoruba\/obatala\/"},"wordCount":1043,"commentCount":0,"publisher":{"@id":"http:\/\/ileawo.com\/pt-br\/#organization"},"image":{"@id":"https:\/\/ileawo.com\/pt-br\/orixas-yoruba\/obatala\/#primaryimage"},"thumbnailUrl":"https:\/\/ileawo.com\/wp-content\/uploads\/2020\/05\/orixa-obatala.jpg","inLanguage":"pt-BR","potentialAction":[{"@type":"CommentAction","name":"Comment","target":["https:\/\/ileawo.com\/pt-br\/orixas-yoruba\/obatala\/#respond"]}]},{"@type":"WebPage","@id":"https:\/\/ileawo.com\/pt-br\/orixas-yoruba\/obatala\/","url":"https:\/\/ileawo.com\/pt-br\/orixas-yoruba\/obatala\/","name":"Obatala, o Orixa funfun da pr\u00e1tica tradicional de If\u00e1 - Il\u00e9 Awo","isPartOf":{"@id":"http:\/\/ileawo.com\/pt-br\/#website"},"primaryImageOfPage":{"@id":"https:\/\/ileawo.com\/pt-br\/orixas-yoruba\/obatala\/#primaryimage"},"image":{"@id":"https:\/\/ileawo.com\/pt-br\/orixas-yoruba\/obatala\/#primaryimage"},"thumbnailUrl":"https:\/\/ileawo.com\/wp-content\/uploads\/2020\/05\/orixa-obatala.jpg","datePublished":"2019-10-27T23:00:00+00:00","dateModified":"2022-11-01T14:44:12+00:00","description":"Obatala \u00e9 o principal Orixa funfun da pr\u00e1tica tradicional de If\u00e1. Ele \u00e9 uma das divindades yoruba mais respeitadas, a \u00fanica com os Aba e Ase.","breadcrumb":{"@id":"https:\/\/ileawo.com\/pt-br\/orixas-yoruba\/obatala\/#breadcrumb"},"inLanguage":"pt-BR","potentialAction":[{"@type":"ReadAction","target":["https:\/\/ileawo.com\/pt-br\/orixas-yoruba\/obatala\/"]}]},{"@type":"ImageObject","inLanguage":"pt-BR","@id":"https:\/\/ileawo.com\/pt-br\/orixas-yoruba\/obatala\/#primaryimage","url":"https:\/\/ileawo.com\/wp-content\/uploads\/2020\/05\/orixa-obatala.jpg","contentUrl":"https:\/\/ileawo.com\/wp-content\/uploads\/2020\/05\/orixa-obatala.jpg","width":1200,"height":633,"caption":"Orixa Obatala"},{"@type":"BreadcrumbList","@id":"https:\/\/ileawo.com\/pt-br\/orixas-yoruba\/obatala\/#breadcrumb","itemListElement":[{"@type":"ListItem","position":1,"name":"Home","item":"http:\/\/ileawo.com\/pt-br\/"},{"@type":"ListItem","position":2,"name":"Orixas tradicionais Yoruba","item":"http:\/\/ileawo.com\/pt-br\/orixas-yoruba\/"},{"@type":"ListItem","position":3,"name":"Obatala, o Orixa funfun"}]},{"@type":"WebSite","@id":"http:\/\/ileawo.com\/pt-br\/#website","url":"http:\/\/ileawo.com\/pt-br\/","name":"Il\u00e9 Awo","description":"","publisher":{"@id":"http:\/\/ileawo.com\/pt-br\/#organization"},"potentialAction":[{"@type":"SearchAction","target":{"@type":"EntryPoint","urlTemplate":"http:\/\/ileawo.com\/pt-br\/?s={search_term_string}"},"query-input":{"@type":"PropertyValueSpecification","valueRequired":true,"valueName":"search_term_string"}}],"inLanguage":"pt-BR"},{"@type":"Organization","@id":"http:\/\/ileawo.com\/pt-br\/#organization","name":"Il\u00e9 Awo","url":"http:\/\/ileawo.com\/pt-br\/","logo":{"@type":"ImageObject","inLanguage":"pt-BR","@id":"http:\/\/ileawo.com\/pt-br\/#\/schema\/logo\/image\/","url":"https:\/\/ileawo.com\/wp-content\/uploads\/revslider\/Bienvenido\/Logo-Ile-Awo-20201.png","contentUrl":"https:\/\/ileawo.com\/wp-content\/uploads\/revslider\/Bienvenido\/Logo-Ile-Awo-20201.png","width":500,"height":155,"caption":"Il\u00e9 Awo"},"image":{"@id":"http:\/\/ileawo.com\/pt-br\/#\/schema\/logo\/image\/"},"sameAs":["https:\/\/www.facebook.com\/ifabiyii","https:\/\/x.com\/ifabiyii","https:\/\/www.instagram.com\/ifabiyii_akoda\/"]},{"@type":"Person","@id":"http:\/\/ileawo.com\/pt-br\/#\/schema\/person\/5b4d3af5a9aa8f02fe88dbeb048ef64a","name":"If\u00e1b\u00edy\u00ec\u00ed Ak\u00f3d\u00e0","image":{"@type":"ImageObject","inLanguage":"pt-BR","@id":"https:\/\/secure.gravatar.com\/avatar\/07530fd5fec1f19247b6ca33a6f419284691fff29c8857d86ea771d943bdba08?s=96&d=mm&r=g","url":"https:\/\/secure.gravatar.com\/avatar\/07530fd5fec1f19247b6ca33a6f419284691fff29c8857d86ea771d943bdba08?s=96&d=mm&r=g","contentUrl":"https:\/\/secure.gravatar.com\/avatar\/07530fd5fec1f19247b6ca33a6f419284691fff29c8857d86ea771d943bdba08?s=96&d=mm&r=g","caption":"If\u00e1b\u00edy\u00ec\u00ed Ak\u00f3d\u00e0"},"sameAs":["https:\/\/ileawo.com\/"]}]}},"_links":{"self":[{"href":"https:\/\/ileawo.com\/pt-br\/wp-json\/wp\/v2\/pages\/2021","targetHints":{"allow":["GET"]}}],"collection":[{"href":"https:\/\/ileawo.com\/pt-br\/wp-json\/wp\/v2\/pages"}],"about":[{"href":"https:\/\/ileawo.com\/pt-br\/wp-json\/wp\/v2\/types\/page"}],"author":[{"embeddable":true,"href":"https:\/\/ileawo.com\/pt-br\/wp-json\/wp\/v2\/users\/1"}],"replies":[{"embeddable":true,"href":"https:\/\/ileawo.com\/pt-br\/wp-json\/wp\/v2\/comments?post=2021"}],"version-history":[{"count":0,"href":"https:\/\/ileawo.com\/pt-br\/wp-json\/wp\/v2\/pages\/2021\/revisions"}],"up":[{"embeddable":true,"href":"https:\/\/ileawo.com\/pt-br\/wp-json\/wp\/v2\/pages\/1972"}],"wp:featuredmedia":[{"embeddable":true,"href":"https:\/\/ileawo.com\/pt-br\/wp-json\/wp\/v2\/media\/3360"}],"wp:attachment":[{"href":"https:\/\/ileawo.com\/pt-br\/wp-json\/wp\/v2\/media?parent=2021"}],"wp:term":[{"taxonomy":"category","embeddable":true,"href":"https:\/\/ileawo.com\/pt-br\/wp-json\/wp\/v2\/categories?post=2021"}],"curies":[{"name":"wp","href":"https:\/\/api.w.org\/{rel}","templated":true}]}}