{"id":2011,"date":"2019-10-27T00:00:00","date_gmt":"2019-10-26T22:00:00","guid":{"rendered":"https:\/\/ileawo.com\/orixas-yoruba\/ori\/"},"modified":"2020-05-31T23:30:58","modified_gmt":"2020-05-31T21:30:58","slug":"ori","status":"publish","type":"page","link":"https:\/\/ileawo.com\/pt-br\/orixas-yoruba\/ori\/","title":{"rendered":"Ori, o Orixa do destino"},"content":{"rendered":"<div class=\"wpb-content-wrapper\"><p>[vc_row el_class=&#8221;first-row&#8221;][vc_column width=&#8221;1\/6&#8243; offset=&#8221;vc_hidden-sm vc_hidden-xs&#8221;][\/vc_column][vc_column offset=&#8221;vc_col-md-8&#8243;][vc_column_text]<\/p>\n<p style=\"text-align: center;\">Ori \u00e9 o Orixa Yoruba que representa o destino escolhido por cada um de n\u00f3s no nascimento e, portanto, \u00e9 a ponte de comunica\u00e7\u00e3o mais importante entre Olodumare e sua cria\u00e7\u00e3o.<\/p>\n<p>[\/vc_column_text][\/vc_column][vc_column width=&#8221;1\/6&#8243; offset=&#8221;vc_hidden-sm vc_hidden-xs&#8221;][\/vc_column][\/vc_row][vc_row full_width=&#8221;stretch_row&#8221; content_placement=&#8221;middle&#8221; bg_type=&#8221;bg_color&#8221; css=&#8221;.vc_custom_1589981596196{padding-top: 60px !important;padding-bottom: 30px !important;background-color: #f6f6f6 !important;}&#8221; bg_color_value=&#8221;#f6f6f6&#8243; el_class=&#8221;flex-row-tablet&#8221;][vc_column css=&#8221;.vc_custom_1577579518854{padding-top: 0px !important;}&#8221; offset=&#8221;vc_col-md-8&#8243;][vc_column_text]<\/p>\n<h2 style=\"text-align: center;\">Quem \u00e9 Ori?<\/h2>\n<p>Ao representar o destino que escolhemos no nascimento, o Ori \u00e9 o Orixa que orienta o cumprimento desse destino no mundo, por isso \u00e9 necess\u00e1ria sua constante propicia\u00e7\u00e3o, principalmente quando \u00e9 rec\u00e9m-nascido ou quando sofre de um problema de sa\u00fade. No aplicativo <a href=\"http:\/\/hyperurl.co\/ifa-pro-app\">If\u00e1 Tradicional Pro<\/a>, voc\u00ea pode aprender os detalhes de como fazer essa propicia\u00e7\u00e3o \u00e0 Ori.<\/p>\n<p>Devemos saber que esse \u00e9 um dos Orixas mais importantes da pr\u00e1tica Tradicional, pois If\u00e1 nos ensina que n\u00e3o h\u00e1 outro Orixa que possa trazer a b\u00ean\u00e7\u00e3o mais rapidamente para uma pessoa.[\/vc_column_text][\/vc_column][vc_column css=&#8221;.vc_custom_1577579507025{padding-top: 0px !important;}&#8221; el_class=&#8221;flex-row-tablet&#8221; offset=&#8221;vc_col-md-4&#8243;][vc_single_image image=&#8221;1172&#8243; img_size=&#8221;large&#8221; alignment=&#8221;center&#8221; css=&#8221;.vc_custom_1590060731405{margin-bottom: 0px !important;}&#8221;][\/vc_column][\/vc_row][vc_row][vc_column width=&#8221;1\/6&#8243; offset=&#8221;vc_hidden-sm vc_hidden-xs&#8221;][\/vc_column][vc_column offset=&#8221;vc_col-md-8&#8243;][vc_column_text]<\/p>\n<h2 style=\"text-align: center;\">Como iniciar-se em Ori?<\/h2>\n<p style=\"text-align: center;\">A pessoa que deseja ser iniciada no Orixa do destino deve, primeiro, adquirir conhecimento desse Orixa. Depois que ela for capaz de cuidar, ela pode come\u00e7ar sua inicia\u00e7\u00e3o com o babalawo com quem recebe seu aprendizado. Devemos lembrar que, na pr\u00e1tica Yoruba Tradicional, a pessoa interessada na inicia\u00e7\u00e3o deve adquirir conhecimento antes de realizar sua inicia\u00e7\u00e3o. A inicia\u00e7\u00e3o do Ori n\u00e3o \u00e9 exce\u00e7\u00e3o.<\/p>\n<p style=\"text-align: center;\">Este \u00e9 um Orixa peculiar pois sua inicia\u00e7\u00e3o n\u00e3o \u00e9 necessariamente a mesma para todas as pessoas, porque, da mesma maneira, o Ile Ori tamb\u00e9m pode diferir do de outra pessoa. Isso ocorre porque nosso destino \u00e9 \u00fanico, diferente do de qualquer outra pessoa. Portanto, consultas devem ser feitas para saber quais sacrif\u00edcios s\u00e3o necess\u00e1rios antes de sua inicia\u00e7\u00e3o. Ao contr\u00e1rio de outros Orixas, o Ori \u00e9 essencial para quem deseja melhorar seu bem-estar. Portanto, n\u00e3o ser\u00e1 necess\u00e1rio determinar se \u00e9 positivo que uma pessoa seja iniciada.<\/p>\n<p>[\/vc_column_text][\/vc_column][vc_column width=&#8221;1\/6&#8243; offset=&#8221;vc_hidden-sm vc_hidden-xs&#8221;][\/vc_column][\/vc_row][vc_row full_width=&#8221;stretch_row&#8221; gap=&#8221;20&#8243; bg_type=&#8221;bg_color&#8221; bg_color_value=&#8221;#4e89d5&#8243; css=&#8221;.vc_custom_1589981569763{padding-top: 40px !important;padding-bottom: 40px !important;background-color: #4e89d5 !important;}&#8221;][vc_column width=&#8221;1\/6&#8243; offset=&#8221;vc_hidden-sm vc_hidden-xs&#8221;][\/vc_column][vc_column offset=&#8221;vc_col-md-8&#8243; css=&#8221;.vc_custom_1572264649280{padding-top: 0px !important;}&#8221;][vc_column_text css=&#8221;.vc_custom_1581196640057{margin-bottom: 20px !important;}&#8221;]<\/p>\n<h2 style=\"text-align: center;\"><span style=\"color: #ffffff;\">Como cuidar de Ori?<\/span><\/h2>\n<p style=\"text-align: center;\"><span style=\"color: #ffffff;\">Para assistir a este Orixa, existem cerim\u00f4nias espec\u00edficas que podem ser realizadas com v\u00e1rios materiais.<\/span><\/p>\n<p>[\/vc_column_text][\/vc_column][vc_column width=&#8221;1\/6&#8243; offset=&#8221;vc_hidden-sm vc_hidden-xs&#8221;][\/vc_column][vc_column css_animation=&#8221;bottom-to-top&#8221; offset=&#8221;vc_col-md-6&#8243; css=&#8221;.vc_custom_1572276073446{margin-top: 0px !important;margin-right: 0px !important;margin-bottom: 0px !important;margin-left: 0px !important;padding-top: 40px !important;padding-right: 40px !important;padding-bottom: 40px !important;padding-left: 40px !important;background-color: #fcfcfc !important;border-radius: 10px !important;}&#8221;][vc_column_text css=&#8221;.vc_custom_1581196877650{margin-bottom: 0px !important;background-color: #fcfcfc !important;border-radius: 10px !important;}&#8221;]<\/p>\n<h3 style=\"text-align: center;\">Ibori<\/h3>\n<p>Ibori ou Ori bibo \u00e9 o nome que recebe a <a href=\"http:\/\/hyperurl.co\/ifa-pro-app\">propicia\u00e7\u00e3o deste Orixa<\/a>, mais conhecido na pr\u00e1tica afro-cubana como \u201cRoga\u00e7\u00e3o de cabe\u00e7a\u201d. Pode ser feito com materiais diferentes, como Obi Abata, que colocamos em nossas cabe\u00e7as enquanto o babalawo recita os versos de Ori. Outros materiais s\u00e3o pimenta preta, caracol ou nhame.[\/vc_column_text][\/vc_column][vc_column css_animation=&#8221;bottom-to-top&#8221; offset=&#8221;vc_col-md-6&#8243; css=&#8221;.vc_custom_1572276081562{margin-top: 0px !important;margin-right: 0px !important;margin-bottom: 0px !important;margin-left: 0px !important;padding-top: 40px !important;padding-right: 40px !important;padding-bottom: 40px !important;padding-left: 40px !important;background-color: #fcfcfc !important;border-radius: 10px !important;}&#8221;][vc_column_text css=&#8221;.vc_custom_1590852998457{margin-bottom: 0px !important;background-color: #fcfcfc !important;border-radius: 10px !important;}&#8221;]<\/p>\n<h3 style=\"text-align: center;\">Container de Or\u00ed<\/h3>\n<p>Materialmente este Orixa \u00e9 representado pelo &#8220;Container de Or\u00ed&#8221;, que representa uma coroa. Estes recipientes s\u00e3o fabricados na Nig\u00e9ria da maneira tradicional e s\u00e3o consagrados por nosso <a href=\"https:\/\/ileawo.com\/pt-br\/pratica-de-ifa-tradicional\/babalawo-ifabiyii-akoda\/\">Babalawo<\/a>. Uma vez consagrados, os recipientes tornam-se um local sagrado que cont\u00e9m a energia vital deste Orixa.[\/vc_column_text][\/vc_column][\/vc_row][vc_row content_placement=&#8221;middle&#8221; css=&#8221;.vc_custom_1572649765161{padding-top: 30px !important;padding-bottom: 30px !important;}&#8221;][vc_column offset=&#8221;vc_col-md-4&#8243; css=&#8221;.vc_custom_1572649679995{padding-top: 0px !important;}&#8221;][vc_single_image image=&#8221;1175&#8243; img_size=&#8221;469&#215;700&#8243; alignment=&#8221;center&#8221; css=&#8221;.vc_custom_1590060745838{margin-bottom: 0px !important;}&#8221;][\/vc_column][vc_column offset=&#8221;vc_col-md-8&#8243; css=&#8221;.vc_custom_1577578918417{padding-top: 0px !important;}&#8221;][vc_column_text]<\/p>\n<h2 style=\"text-align: center;\">Tipos de Ori na pr\u00e1tica tradicional<\/h2>\n<p>Na pr\u00e1tica do If\u00e1 Tradicional existem tr\u00eas tipos de Ori. O primeiro \u00e9 o destino que n\u00e3o pode ser modificado. Um exemplo disso \u00e9 quem s\u00e3o nossos pais, o que \u00e9 algo inalter\u00e1vel.<\/p>\n<p>O segundo \u00e9 o destino que pode ser modificado e s\u00e3o as escolhas que fazemos em nossas vidas. Um exemplo pode ser que, se uma pessoa estiver se mudando e tiver duas op\u00e7\u00f5es de pa\u00edses a seguir; em uma escolha voc\u00ea pode se sair melhor do que na outra O terceiro tipo de destino \u00e9 aquele que pode ser completamente modificado ou aprimorado. Isso \u00e9 alcan\u00e7ado atrav\u00e9s dos sacrif\u00edcios que s\u00e3o feitos a este Orixa, que podem ajudar a tornar o destino da pessoa muito melhor.[\/vc_column_text][\/vc_column][\/vc_row][vc_row full_width=&#8221;stretch_row&#8221; content_placement=&#8221;middle&#8221; bg_type=&#8221;bg_color&#8221; bg_override=&#8221;ex-full&#8221; bg_color_value=&#8221;#4e89d5&#8243; el_class=&#8221;banner&#8221; css=&#8221;.vc_custom_1589981576719{background-color: #4e89d5 !important;}&#8221;][vc_column width=&#8221;2\/3&#8243;][vc_column_text el_class=&#8221;banner-text&#8221;]Aprenda mais sobre a inicia\u00e7\u00e3o e propicia\u00e7\u00e3o deste orixa yoruba[\/vc_column_text][\/vc_column][vc_column width=&#8221;1\/3&#8243;][vc_column_text css_animation=&#8221;bounceIn&#8221;]<\/p>\n<p style=\"text-align: center;\"><a class=\"custom-buttons-alternative\" href=\"\/pt-br\/contato\/\">Consulte-nos<\/a><\/p>\n<p>[\/vc_column_text][\/vc_column][\/vc_row]<\/p>\n<\/div>"},"excerpt":{"rendered":"<p>[vc_row el_class=&#8221;first-row&#8221;][vc_column width=&#8221;1\/6&#8243; offset=&#8221;vc_hidden-sm vc_hidden-xs&#8221;][\/vc_column][vc_column offset=&#8221;vc_col-md-8&#8243;][vc_column_text] Ori \u00e9 o Orixa Yoruba que representa o destino escolhido por cada um de n\u00f3s no nascimento e, portanto, \u00e9<span class=\"excerpt-hellip\"> [\u2026]<\/span><\/p>\n","protected":false},"author":1,"featured_media":3369,"parent":1972,"menu_order":0,"comment_status":"open","ping_status":"open","template":"","meta":{"footnotes":""},"categories":[],"class_list":["post-2011","page","type-page","status-publish","has-post-thumbnail","hentry"],"yoast_head":"<!-- This site is optimized with the Yoast SEO Premium plugin v27.6 (Yoast SEO v27.6) - https:\/\/yoast.com\/product\/yoast-seo-premium-wordpress\/ -->\n<title>Ori, o Orixa Yoruba do destino na pr\u00e1tica de Ifa Tradicional - Il\u00e9 Awo<\/title>\n<meta name=\"description\" content=\"Ori \u00e9 o Orixa Yoruba que representa o destino que as pessoas escolhem ao nascer e no dia a dia. Representa nossa cabe\u00e7a e devemos promov\u00ea-lo.\" \/>\n<meta name=\"robots\" content=\"index, follow, max-snippet:-1, max-image-preview:large, max-video-preview:-1\" \/>\n<link rel=\"canonical\" href=\"https:\/\/ileawo.com\/pt-br\/orixas-yoruba\/ori\/\" \/>\n<meta property=\"og:locale\" content=\"pt_BR\" \/>\n<meta property=\"og:type\" content=\"article\" \/>\n<meta property=\"og:title\" content=\"Ori, o Orixa do destino\" \/>\n<meta property=\"og:description\" content=\"Ori \u00e9 o Orixa Yoruba que representa o destino que as pessoas escolhem ao nascer e no dia a dia. Representa nossa cabe\u00e7a e devemos promov\u00ea-lo.\" \/>\n<meta property=\"og:url\" content=\"https:\/\/ileawo.com\/pt-br\/orixas-yoruba\/ori\/\" \/>\n<meta property=\"og:site_name\" content=\"Il\u00e9 Awo\" \/>\n<meta property=\"article:publisher\" content=\"https:\/\/www.facebook.com\/ifabiyii\" \/>\n<meta property=\"article:modified_time\" content=\"2020-05-31T21:30:58+00:00\" \/>\n<meta property=\"og:image\" content=\"https:\/\/ileawo.com\/wp-content\/uploads\/2020\/05\/orixa-ori.jpg\" \/>\n\t<meta property=\"og:image:width\" content=\"1200\" \/>\n\t<meta property=\"og:image:height\" content=\"633\" \/>\n\t<meta property=\"og:image:type\" content=\"image\/jpeg\" \/>\n<meta name=\"twitter:card\" content=\"summary_large_image\" \/>\n<meta name=\"twitter:image\" content=\"https:\/\/ileawo.com\/wp-content\/uploads\/2020\/05\/orixa-ori.jpg\" \/>\n<meta name=\"twitter:site\" content=\"@ifabiyii\" \/>\n<!-- \/ Yoast SEO Premium plugin. -->","yoast_head_json":{"title":"Ori, o Orixa Yoruba do destino na pr\u00e1tica de Ifa Tradicional - Il\u00e9 Awo","description":"Ori \u00e9 o Orixa Yoruba que representa o destino que as pessoas escolhem ao nascer e no dia a dia. Representa nossa cabe\u00e7a e devemos promov\u00ea-lo.","robots":{"index":"index","follow":"follow","max-snippet":"max-snippet:-1","max-image-preview":"max-image-preview:large","max-video-preview":"max-video-preview:-1"},"canonical":"https:\/\/ileawo.com\/pt-br\/orixas-yoruba\/ori\/","og_locale":"pt_BR","og_type":"article","og_title":"Ori, o Orixa do destino","og_description":"Ori \u00e9 o Orixa Yoruba que representa o destino que as pessoas escolhem ao nascer e no dia a dia. Representa nossa cabe\u00e7a e devemos promov\u00ea-lo.","og_url":"https:\/\/ileawo.com\/pt-br\/orixas-yoruba\/ori\/","og_site_name":"Il\u00e9 Awo","article_publisher":"https:\/\/www.facebook.com\/ifabiyii","article_modified_time":"2020-05-31T21:30:58+00:00","og_image":[{"width":1200,"height":633,"url":"https:\/\/ileawo.com\/wp-content\/uploads\/2020\/05\/orixa-ori.jpg","type":"image\/jpeg"}],"twitter_card":"summary_large_image","twitter_image":"https:\/\/ileawo.com\/wp-content\/uploads\/2020\/05\/orixa-ori.jpg","twitter_site":"@ifabiyii","schema":{"@context":"https:\/\/schema.org","@graph":[{"@type":"Article","@id":"https:\/\/ileawo.com\/pt-br\/orixas-yoruba\/ori\/#article","isPartOf":{"@id":"https:\/\/ileawo.com\/pt-br\/orixas-yoruba\/ori\/"},"author":{"name":"If\u00e1b\u00edy\u00ec\u00ed Ak\u00f3d\u00e0","@id":"https:\/\/ileawo.com\/pt-br\/#\/schema\/person\/5b4d3af5a9aa8f02fe88dbeb048ef64a"},"headline":"Ori, o Orixa do destino","datePublished":"2019-10-26T22:00:00+00:00","dateModified":"2020-05-31T21:30:58+00:00","mainEntityOfPage":{"@id":"https:\/\/ileawo.com\/pt-br\/orixas-yoruba\/ori\/"},"wordCount":1060,"commentCount":0,"publisher":{"@id":"https:\/\/ileawo.com\/pt-br\/#organization"},"image":{"@id":"https:\/\/ileawo.com\/pt-br\/orixas-yoruba\/ori\/#primaryimage"},"thumbnailUrl":"https:\/\/ileawo.com\/wp-content\/uploads\/2020\/05\/orixa-ori.jpg","inLanguage":"pt-BR","potentialAction":[{"@type":"CommentAction","name":"Comment","target":["https:\/\/ileawo.com\/pt-br\/orixas-yoruba\/ori\/#respond"]}]},{"@type":"WebPage","@id":"https:\/\/ileawo.com\/pt-br\/orixas-yoruba\/ori\/","url":"https:\/\/ileawo.com\/pt-br\/orixas-yoruba\/ori\/","name":"Ori, o Orixa Yoruba do destino na pr\u00e1tica de Ifa Tradicional - Il\u00e9 Awo","isPartOf":{"@id":"https:\/\/ileawo.com\/pt-br\/#website"},"primaryImageOfPage":{"@id":"https:\/\/ileawo.com\/pt-br\/orixas-yoruba\/ori\/#primaryimage"},"image":{"@id":"https:\/\/ileawo.com\/pt-br\/orixas-yoruba\/ori\/#primaryimage"},"thumbnailUrl":"https:\/\/ileawo.com\/wp-content\/uploads\/2020\/05\/orixa-ori.jpg","datePublished":"2019-10-26T22:00:00+00:00","dateModified":"2020-05-31T21:30:58+00:00","description":"Ori \u00e9 o Orixa Yoruba que representa o destino que as pessoas escolhem ao nascer e no dia a dia. Representa nossa cabe\u00e7a e devemos promov\u00ea-lo.","breadcrumb":{"@id":"https:\/\/ileawo.com\/pt-br\/orixas-yoruba\/ori\/#breadcrumb"},"inLanguage":"pt-BR","potentialAction":[{"@type":"ReadAction","target":["https:\/\/ileawo.com\/pt-br\/orixas-yoruba\/ori\/"]}]},{"@type":"ImageObject","inLanguage":"pt-BR","@id":"https:\/\/ileawo.com\/pt-br\/orixas-yoruba\/ori\/#primaryimage","url":"https:\/\/ileawo.com\/wp-content\/uploads\/2020\/05\/orixa-ori.jpg","contentUrl":"https:\/\/ileawo.com\/wp-content\/uploads\/2020\/05\/orixa-ori.jpg","width":1200,"height":633,"caption":"Orixa Ori"},{"@type":"BreadcrumbList","@id":"https:\/\/ileawo.com\/pt-br\/orixas-yoruba\/ori\/#breadcrumb","itemListElement":[{"@type":"ListItem","position":1,"name":"Home","item":"https:\/\/ileawo.com\/pt-br\/"},{"@type":"ListItem","position":2,"name":"Orixas tradicionais Yoruba","item":"https:\/\/ileawo.com\/pt-br\/orixas-yoruba\/"},{"@type":"ListItem","position":3,"name":"Ori, o Orixa do destino"}]},{"@type":"WebSite","@id":"https:\/\/ileawo.com\/pt-br\/#website","url":"https:\/\/ileawo.com\/pt-br\/","name":"Il\u00e9 Awo","description":"","publisher":{"@id":"https:\/\/ileawo.com\/pt-br\/#organization"},"potentialAction":[{"@type":"SearchAction","target":{"@type":"EntryPoint","urlTemplate":"https:\/\/ileawo.com\/pt-br\/?s={search_term_string}"},"query-input":{"@type":"PropertyValueSpecification","valueRequired":true,"valueName":"search_term_string"}}],"inLanguage":"pt-BR"},{"@type":"Organization","@id":"https:\/\/ileawo.com\/pt-br\/#organization","name":"Il\u00e9 Awo","url":"https:\/\/ileawo.com\/pt-br\/","logo":{"@type":"ImageObject","inLanguage":"pt-BR","@id":"https:\/\/ileawo.com\/pt-br\/#\/schema\/logo\/image\/","url":"https:\/\/ileawo.com\/wp-content\/uploads\/revslider\/Bienvenido\/Logo-Ile-Awo-20201.png","contentUrl":"https:\/\/ileawo.com\/wp-content\/uploads\/revslider\/Bienvenido\/Logo-Ile-Awo-20201.png","width":500,"height":155,"caption":"Il\u00e9 Awo"},"image":{"@id":"https:\/\/ileawo.com\/pt-br\/#\/schema\/logo\/image\/"},"sameAs":["https:\/\/www.facebook.com\/ifabiyii","https:\/\/x.com\/ifabiyii","https:\/\/www.instagram.com\/ifabiyii_akoda\/"]},{"@type":"Person","@id":"https:\/\/ileawo.com\/pt-br\/#\/schema\/person\/5b4d3af5a9aa8f02fe88dbeb048ef64a","name":"If\u00e1b\u00edy\u00ec\u00ed Ak\u00f3d\u00e0","image":{"@type":"ImageObject","inLanguage":"pt-BR","@id":"https:\/\/secure.gravatar.com\/avatar\/07530fd5fec1f19247b6ca33a6f419284691fff29c8857d86ea771d943bdba08?s=96&d=mm&r=g","url":"https:\/\/secure.gravatar.com\/avatar\/07530fd5fec1f19247b6ca33a6f419284691fff29c8857d86ea771d943bdba08?s=96&d=mm&r=g","contentUrl":"https:\/\/secure.gravatar.com\/avatar\/07530fd5fec1f19247b6ca33a6f419284691fff29c8857d86ea771d943bdba08?s=96&d=mm&r=g","caption":"If\u00e1b\u00edy\u00ec\u00ed Ak\u00f3d\u00e0"},"sameAs":["https:\/\/ileawo.com\/"]}]}},"_links":{"self":[{"href":"https:\/\/ileawo.com\/pt-br\/wp-json\/wp\/v2\/pages\/2011","targetHints":{"allow":["GET"]}}],"collection":[{"href":"https:\/\/ileawo.com\/pt-br\/wp-json\/wp\/v2\/pages"}],"about":[{"href":"https:\/\/ileawo.com\/pt-br\/wp-json\/wp\/v2\/types\/page"}],"author":[{"embeddable":true,"href":"https:\/\/ileawo.com\/pt-br\/wp-json\/wp\/v2\/users\/1"}],"replies":[{"embeddable":true,"href":"https:\/\/ileawo.com\/pt-br\/wp-json\/wp\/v2\/comments?post=2011"}],"version-history":[{"count":0,"href":"https:\/\/ileawo.com\/pt-br\/wp-json\/wp\/v2\/pages\/2011\/revisions"}],"up":[{"embeddable":true,"href":"https:\/\/ileawo.com\/pt-br\/wp-json\/wp\/v2\/pages\/1972"}],"wp:featuredmedia":[{"embeddable":true,"href":"https:\/\/ileawo.com\/pt-br\/wp-json\/wp\/v2\/media\/3369"}],"wp:attachment":[{"href":"https:\/\/ileawo.com\/pt-br\/wp-json\/wp\/v2\/media?parent=2011"}],"wp:term":[{"taxonomy":"category","embeddable":true,"href":"https:\/\/ileawo.com\/pt-br\/wp-json\/wp\/v2\/categories?post=2011"}],"curies":[{"name":"wp","href":"https:\/\/api.w.org\/{rel}","templated":true}]}}