{"id":2001,"date":"2019-10-27T00:00:00","date_gmt":"2019-10-26T22:00:00","guid":{"rendered":"https:\/\/ileawo.com\/orixas-yoruba\/exu-elegua\/"},"modified":"2022-11-01T15:32:29","modified_gmt":"2022-11-01T14:32:29","slug":"exu-elegua","status":"publish","type":"page","link":"https:\/\/ileawo.com\/pt-br\/orixas-yoruba\/exu-elegua\/","title":{"rendered":"Exu, aquele que abre os caminhos"},"content":{"rendered":"<div class=\"wpb-content-wrapper\"><p>[vc_row el_class=&#8221;first-row&#8221;][vc_column width=&#8221;1\/6&#8243; offset=&#8221;vc_hidden-sm vc_hidden-xs&#8221;][\/vc_column][vc_column offset=&#8221;vc_col-md-8&#8243;][vc_column_text]<\/p>\n<p style=\"text-align: center;\">Exu (Esu) \u00e9 um dos Orixas mais importantes para a pr\u00e1tica tradicional Yoruba, porque n\u00e3o h\u00e1 inicia\u00e7\u00e3o sem que Exu seja propiciado. Na pr\u00e1tica afro-cubana de If\u00e1, \u00e9 conhecido como Elegua, embora seu nome correto em yoruba seja Elegbara. Devemos lembrar que, na pr\u00e1tica do If\u00e1 Tradicional, n\u00e3o h\u00e1 sincretismo, portanto, na Nig\u00e9ria, n\u00e3o \u00e9 conhecido como o Santo Menino de Atocha, nem qualquer outro nome de nenhum santo da religi\u00e3o cat\u00f3lica.<\/p>\n<p>[\/vc_column_text][\/vc_column][vc_column width=&#8221;1\/6&#8243; offset=&#8221;vc_hidden-sm vc_hidden-xs&#8221;][\/vc_column][\/vc_row][vc_row full_width=&#8221;stretch_row&#8221; content_placement=&#8221;middle&#8221; bg_type=&#8221;bg_color&#8221; css=&#8221;.vc_custom_1589980704730{padding-top: 60px !important;padding-bottom: 30px !important;background-color: #f6f6f6 !important;}&#8221; bg_color_value=&#8221;#f6f6f6&#8243; el_class=&#8221;flex-row-tablet&#8221;][vc_column css=&#8221;.vc_custom_1577576811195{padding-top: 0px !important;}&#8221; offset=&#8221;vc_col-md-8&#8243;][vc_column_text]<\/p>\n<h2 style=\"text-align: center;\">Quem \u00e9 Exu?<\/h2>\n<p>Muitos pensam que Exu \u00e9 ruim. No entanto, dentro da cultura tradicional Yoruba, ele \u00e9 o \u00fanico Orixa que nunca traiu Orunmila e \u00e9 o \u00fanico que troca o azar por sorte. \u00c9 tamb\u00e9m quem traz clientes para o mercado e \u00e9 quem elimina a cat\u00e1strofe e as dificuldades de nossas vidas.<\/p>\n<p>\u00c9 o Orixa que tem a facilidade de perturbar uma pessoa sem que ela saiba e que tem milhares de rem\u00e9dios para conceder seus desejos \u00e0 pessoa que faz as oferendas. Isso faz com que seus inimigos lutem entre si sem causa aparente. \u00c9 o Orixa que fez um pacto de amizade com <a href=\"https:\/\/ileawo.com\/pt-br\/orixas-yoruba\/orunmila-orula\/\">Orunmila<\/a>, no qual Elegua conseguiria tudo o que Orunmila queria e Orunmila prometeu fazer sacrif\u00edcios constantemente.[\/vc_column_text][\/vc_column][vc_column css=&#8221;.vc_custom_1577576796319{padding-top: 0px !important;}&#8221; offset=&#8221;vc_col-md-4&#8243;][vc_single_image image=&#8221;1162&#8243; img_size=&#8221;469&#215;700&#8243; alignment=&#8221;center&#8221; css=&#8221;.vc_custom_1590060225212{margin-bottom: 0px !important;}&#8221;][\/vc_column][\/vc_row][vc_row][vc_column width=&#8221;1\/6&#8243; offset=&#8221;vc_hidden-sm vc_hidden-xs&#8221;][\/vc_column][vc_column offset=&#8221;vc_col-md-8&#8243;][vc_column_text]<\/p>\n<h2 style=\"text-align: center;\">Como iniciar-se em Elegbara?<\/h2>\n<p style=\"text-align: center;\">A pessoa que deseja ser iniciada em Exu deve primeiro adquirir conhecimentos sobre este Orixa. Depois que seja capaz de cuidar por si s\u00f3, ela pode come\u00e7ar sua inicia\u00e7\u00e3o com o babalawo com quem recebe seu aprendizado. Devemos lembrar que na pr\u00e1tica Yoruba Tradicional, a pessoa interessada na inicia\u00e7\u00e3o deve adquirir o conhecimento antes de realizar sua inicia\u00e7\u00e3o. A inicia\u00e7\u00e3o em Elegbara n\u00e3o \u00e9 exce\u00e7\u00e3o. O conhecimento b\u00e1sico sobre Exu e a maneira de cuidar do mesmo est\u00e3o dispon\u00edveis no <a href=\"https:\/\/onelink.to\/ifapro\">If\u00e1 Tradicional Pro<\/a>.<\/p>\n<p style=\"text-align: center;\">O babalawo deve saber que tipo de Exu ser\u00e1 mais ben\u00e9fico para a pessoa. As inicia\u00e7\u00f5es n\u00e3o s\u00e3o realizadas por acaso, porque cada inicia\u00e7\u00e3o deve ter um objetivo na vida da pessoa e isso \u00e9 recomendado em nosso Odu de If\u00e1, seja o Isefa (primeira inicia\u00e7\u00e3o de If\u00e1) ou o Itelodu (inicia\u00e7\u00e3o de If\u00e1), bem como na consulta com um Olorisa (uma pessoa iniciada em um Orixa).<\/p>\n<p>[\/vc_column_text][\/vc_column][vc_column width=&#8221;1\/6&#8243; offset=&#8221;vc_hidden-sm vc_hidden-xs&#8221;][\/vc_column][\/vc_row][vc_row full_width=&#8221;stretch_row&#8221; gap=&#8221;20&#8243; bg_type=&#8221;bg_color&#8221; bg_color_value=&#8221;#4e89d5&#8243; css=&#8221;.vc_custom_1589980724224{margin-bottom: 0px !important;padding-top: 40px !important;padding-bottom: 40px !important;background-color: #4e89d5 !important;}&#8221; el_class=&#8221;margin-alternative&#8221;][vc_column width=&#8221;1\/6&#8243; offset=&#8221;vc_hidden-sm vc_hidden-xs&#8221;][\/vc_column][vc_column offset=&#8221;vc_col-md-8&#8243; css=&#8221;.vc_custom_1572264649280{padding-top: 0px !important;}&#8221;][vc_column_text css=&#8221;.vc_custom_1581194799250{margin-bottom: 20px !important;}&#8221;]<\/p>\n<h2 style=\"text-align: center;\"><span style=\"color: #ffffff;\">Como atender a Exu?<\/span><\/h2>\n<p style=\"text-align: center;\"><span style=\"color: #ffffff;\">Para atender Exu, existem materiais importantes que nunca devem faltar, e outros que nunca devem ser usados.<\/span><\/p>\n<p>[\/vc_column_text][\/vc_column][vc_column width=&#8221;1\/6&#8243; offset=&#8221;vc_hidden-sm vc_hidden-xs&#8221;][\/vc_column][vc_column css_animation=&#8221;bottom-to-top&#8221; offset=&#8221;vc_col-md-6&#8243; css=&#8221;.vc_custom_1572276073446{margin-top: 0px !important;margin-right: 0px !important;margin-bottom: 0px !important;margin-left: 0px !important;padding-top: 40px !important;padding-right: 40px !important;padding-bottom: 40px !important;padding-left: 40px !important;background-color: #fcfcfc !important;border-radius: 10px !important;}&#8221;][vc_column_text css=&#8221;.vc_custom_1667313046478{margin-bottom: 0px !important;background-color: #fcfcfc !important;border-radius: 10px !important;}&#8221;]<\/p>\n<h3 style=\"text-align: center;\">Propicia\u00e7\u00e3o a Elegbara<\/h3>\n<p>Na <a href=\"http:\/\/hyperurl.co\/ifa-pro-app\">propicia\u00e7\u00e3o<\/a> do Orixa Elegbara, tamb\u00e9m conhecido como Elegua, o Epo (azeite de dend\u00ea) nunca pode faltar. Outros materiais como Obi abata (Obi Kola de quatro gomos), sal, pimenta, Emu (vinho de dend\u00ea), entre outros ingredientes, tamb\u00e9m podem ser usados.[\/vc_column_text][\/vc_column][vc_column css_animation=&#8221;bottom-to-top&#8221; offset=&#8221;vc_col-md-6&#8243; css=&#8221;.vc_custom_1572276081562{margin-top: 0px !important;margin-right: 0px !important;margin-bottom: 0px !important;margin-left: 0px !important;padding-top: 40px !important;padding-right: 40px !important;padding-bottom: 40px !important;padding-left: 40px !important;background-color: #fcfcfc !important;border-radius: 10px !important;}&#8221;][vc_column_text css=&#8221;.vc_custom_1667313076621{margin-bottom: 0px !important;background-color: #fcfcfc !important;border-radius: 10px !important;}&#8221;]<\/p>\n<h3 style=\"text-align: center;\">Alguns tab\u00fas de Exu<\/h3>\n<p>A esposa de Elegbara \u00e9 Abero e est\u00e1 sempre \u00e0 sua frente. Sua m\u00e3e \u00e9 Woroko e vive atr\u00e1s dele. Ambos podem ser representados pela cabe\u00e7a de uma jutia (grande rato africano), de modo que nem a cabe\u00e7a nem a cauda da jutia podem ser usadas para fazer um <a href=\"https:\/\/onelink.to\/ojuodu\">sacrif\u00edcio a este orix\u00e1<\/a>.[\/vc_column_text][\/vc_column][\/vc_row][vc_row content_placement=&#8221;middle&#8221; css=&#8221;.vc_custom_1572648787410{padding-top: 60px !important;padding-bottom: 30px !important;}&#8221;][vc_column offset=&#8221;vc_col-md-4&#8243; css=&#8221;.vc_custom_1577576921590{padding-top: 0px !important;}&#8221;][vc_single_image image=&#8221;1159&#8243; img_size=&#8221;large&#8221; alignment=&#8221;center&#8221; css=&#8221;.vc_custom_1590060252431{margin-bottom: 0px !important;}&#8221;][\/vc_column][vc_column offset=&#8221;vc_col-md-8&#8243; css=&#8221;.vc_custom_1577576915222{padding-top: 0px !important;}&#8221;][vc_column_text]<\/p>\n<h2 style=\"text-align: center;\">Tipos de Exu na pr\u00e1tica tradicional<\/h2>\n<p>Normalmente, este Orixa \u00e9 representado com a pedra Yangui, mas existem v\u00e1rios tipos que executam tarefas diferentes: Odara \u00e9 quem leva o sacrif\u00edcio para o c\u00e9u. Exu Apede \u00e9 quem ajuda na adivinha\u00e7\u00e3o e nas obras que o sacerdote realiza. Exu Awure \u00e9 quem ajuda a ter sorte. Exu Alaje \u00e9 quem ajuda a obter riqueza. Exu Ogo tamb\u00e9m \u00e9 usado para adquirir sorte e tamb\u00e9m sa\u00fade. Exu Iya \u00e9 quem luta contra nossos inimigos.[\/vc_column_text][\/vc_column][\/vc_row][vc_row full_width=&#8221;stretch_row&#8221; content_placement=&#8221;middle&#8221; bg_type=&#8221;bg_color&#8221; bg_override=&#8221;ex-full&#8221; bg_color_value=&#8221;#4e89d5&#8243; el_class=&#8221;banner&#8221; css=&#8221;.vc_custom_1589980732115{background-color: #4e89d5 !important;}&#8221;][vc_column width=&#8221;2\/3&#8243;][vc_column_text el_class=&#8221;banner-text&#8221;]Conhe\u00e7a mais sobre a inicia\u00e7\u00e3o e cuidados deste Orixa Yoruba[\/vc_column_text][\/vc_column][vc_column width=&#8221;1\/3&#8243;][vc_column_text css_animation=&#8221;bounceIn&#8221;]<\/p>\n<p style=\"text-align: center;\"><a class=\"custom-buttons-alternative\" href=\"\/pt-br\/contato\/\">Consulte-nos<\/a><\/p>\n<p>[\/vc_column_text][\/vc_column][\/vc_row]<\/p>\n<\/div>"},"excerpt":{"rendered":"<p>[vc_row el_class=&#8221;first-row&#8221;][vc_column width=&#8221;1\/6&#8243; offset=&#8221;vc_hidden-sm vc_hidden-xs&#8221;][\/vc_column][vc_column offset=&#8221;vc_col-md-8&#8243;][vc_column_text] Exu (Esu) \u00e9 um dos Orixas mais importantes para a pr\u00e1tica tradicional Yoruba, porque n\u00e3o h\u00e1 inicia\u00e7\u00e3o sem que Exu<span class=\"excerpt-hellip\"> [\u2026]<\/span><\/p>\n","protected":false},"author":1,"featured_media":3356,"parent":1972,"menu_order":0,"comment_status":"open","ping_status":"open","template":"","meta":{"footnotes":""},"categories":[],"class_list":["post-2001","page","type-page","status-publish","has-post-thumbnail","hentry"],"yoast_head":"<!-- This site is optimized with the Yoast SEO Premium plugin v25.2 (Yoast SEO v27.5) - https:\/\/yoast.com\/product\/yoast-seo-premium-wordpress\/ -->\n<title>Exu - Elegua, o Orixa Yoruba que abre os caminhos - Il\u00e9 Awo<\/title>\n<meta name=\"description\" content=\"Exu, tamb\u00e9m conhecido na pr\u00e1tica afro-cubana como Elegua, \u00e9 o Orixa Yoruba que abre os caminhos e traz toda a sorte.\" \/>\n<meta name=\"robots\" content=\"index, follow, max-snippet:-1, max-image-preview:large, max-video-preview:-1\" \/>\n<link rel=\"canonical\" href=\"https:\/\/ileawo.com\/pt-br\/orixas-yoruba\/exu-elegua\/\" \/>\n<meta property=\"og:locale\" content=\"pt_BR\" \/>\n<meta property=\"og:type\" content=\"article\" \/>\n<meta property=\"og:title\" content=\"Exu, aquele que abre os caminhos\" \/>\n<meta property=\"og:description\" content=\"Exu, tamb\u00e9m conhecido na pr\u00e1tica afro-cubana como Elegua, \u00e9 o Orixa Yoruba que abre os caminhos e traz toda a sorte.\" \/>\n<meta property=\"og:url\" content=\"https:\/\/ileawo.com\/pt-br\/orixas-yoruba\/exu-elegua\/\" \/>\n<meta property=\"og:site_name\" content=\"Il\u00e9 Awo\" \/>\n<meta property=\"article:publisher\" content=\"https:\/\/www.facebook.com\/ifabiyii\" \/>\n<meta property=\"article:modified_time\" content=\"2022-11-01T14:32:29+00:00\" \/>\n<meta property=\"og:image\" content=\"https:\/\/ileawo.com\/wp-content\/uploads\/2020\/05\/orixa-exu.jpg\" \/>\n\t<meta property=\"og:image:width\" content=\"1200\" \/>\n\t<meta property=\"og:image:height\" content=\"633\" \/>\n\t<meta property=\"og:image:type\" content=\"image\/jpeg\" \/>\n<meta name=\"twitter:card\" content=\"summary_large_image\" \/>\n<meta name=\"twitter:image\" content=\"https:\/\/ileawo.com\/wp-content\/uploads\/2020\/05\/orixa-exu.jpg\" \/>\n<meta name=\"twitter:site\" content=\"@ifabiyii\" \/>\n<!-- \/ Yoast SEO Premium plugin. -->","yoast_head_json":{"title":"Exu - Elegua, o Orixa Yoruba que abre os caminhos - Il\u00e9 Awo","description":"Exu, tamb\u00e9m conhecido na pr\u00e1tica afro-cubana como Elegua, \u00e9 o Orixa Yoruba que abre os caminhos e traz toda a sorte.","robots":{"index":"index","follow":"follow","max-snippet":"max-snippet:-1","max-image-preview":"max-image-preview:large","max-video-preview":"max-video-preview:-1"},"canonical":"https:\/\/ileawo.com\/pt-br\/orixas-yoruba\/exu-elegua\/","og_locale":"pt_BR","og_type":"article","og_title":"Exu, aquele que abre os caminhos","og_description":"Exu, tamb\u00e9m conhecido na pr\u00e1tica afro-cubana como Elegua, \u00e9 o Orixa Yoruba que abre os caminhos e traz toda a sorte.","og_url":"https:\/\/ileawo.com\/pt-br\/orixas-yoruba\/exu-elegua\/","og_site_name":"Il\u00e9 Awo","article_publisher":"https:\/\/www.facebook.com\/ifabiyii","article_modified_time":"2022-11-01T14:32:29+00:00","og_image":[{"width":1200,"height":633,"url":"https:\/\/ileawo.com\/wp-content\/uploads\/2020\/05\/orixa-exu.jpg","type":"image\/jpeg"}],"twitter_card":"summary_large_image","twitter_image":"https:\/\/ileawo.com\/wp-content\/uploads\/2020\/05\/orixa-exu.jpg","twitter_site":"@ifabiyii","schema":{"@context":"https:\/\/schema.org","@graph":[{"@type":"Article","@id":"https:\/\/ileawo.com\/pt-br\/orixas-yoruba\/exu-elegua\/#article","isPartOf":{"@id":"https:\/\/ileawo.com\/pt-br\/orixas-yoruba\/exu-elegua\/"},"author":{"name":"If\u00e1b\u00edy\u00ec\u00ed Ak\u00f3d\u00e0","@id":"http:\/\/ileawo.com\/pt-br\/#\/schema\/person\/5b4d3af5a9aa8f02fe88dbeb048ef64a"},"headline":"Exu, aquele que abre os caminhos","datePublished":"2019-10-26T22:00:00+00:00","dateModified":"2022-11-01T14:32:29+00:00","mainEntityOfPage":{"@id":"https:\/\/ileawo.com\/pt-br\/orixas-yoruba\/exu-elegua\/"},"wordCount":1087,"commentCount":0,"publisher":{"@id":"http:\/\/ileawo.com\/pt-br\/#organization"},"image":{"@id":"https:\/\/ileawo.com\/pt-br\/orixas-yoruba\/exu-elegua\/#primaryimage"},"thumbnailUrl":"https:\/\/ileawo.com\/wp-content\/uploads\/2020\/05\/orixa-exu.jpg","inLanguage":"pt-BR","potentialAction":[{"@type":"CommentAction","name":"Comment","target":["https:\/\/ileawo.com\/pt-br\/orixas-yoruba\/exu-elegua\/#respond"]}]},{"@type":"WebPage","@id":"https:\/\/ileawo.com\/pt-br\/orixas-yoruba\/exu-elegua\/","url":"https:\/\/ileawo.com\/pt-br\/orixas-yoruba\/exu-elegua\/","name":"Exu - Elegua, o Orixa Yoruba que abre os caminhos - Il\u00e9 Awo","isPartOf":{"@id":"http:\/\/ileawo.com\/pt-br\/#website"},"primaryImageOfPage":{"@id":"https:\/\/ileawo.com\/pt-br\/orixas-yoruba\/exu-elegua\/#primaryimage"},"image":{"@id":"https:\/\/ileawo.com\/pt-br\/orixas-yoruba\/exu-elegua\/#primaryimage"},"thumbnailUrl":"https:\/\/ileawo.com\/wp-content\/uploads\/2020\/05\/orixa-exu.jpg","datePublished":"2019-10-26T22:00:00+00:00","dateModified":"2022-11-01T14:32:29+00:00","description":"Exu, tamb\u00e9m conhecido na pr\u00e1tica afro-cubana como Elegua, \u00e9 o Orixa Yoruba que abre os caminhos e traz toda a sorte.","breadcrumb":{"@id":"https:\/\/ileawo.com\/pt-br\/orixas-yoruba\/exu-elegua\/#breadcrumb"},"inLanguage":"pt-BR","potentialAction":[{"@type":"ReadAction","target":["https:\/\/ileawo.com\/pt-br\/orixas-yoruba\/exu-elegua\/"]}]},{"@type":"ImageObject","inLanguage":"pt-BR","@id":"https:\/\/ileawo.com\/pt-br\/orixas-yoruba\/exu-elegua\/#primaryimage","url":"https:\/\/ileawo.com\/wp-content\/uploads\/2020\/05\/orixa-exu.jpg","contentUrl":"https:\/\/ileawo.com\/wp-content\/uploads\/2020\/05\/orixa-exu.jpg","width":1200,"height":633,"caption":"Orixa Exu"},{"@type":"BreadcrumbList","@id":"https:\/\/ileawo.com\/pt-br\/orixas-yoruba\/exu-elegua\/#breadcrumb","itemListElement":[{"@type":"ListItem","position":1,"name":"Home","item":"http:\/\/ileawo.com\/pt-br\/"},{"@type":"ListItem","position":2,"name":"Orixas tradicionais Yoruba","item":"http:\/\/ileawo.com\/pt-br\/orixas-yoruba\/"},{"@type":"ListItem","position":3,"name":"Exu, aquele que abre os caminhos"}]},{"@type":"WebSite","@id":"http:\/\/ileawo.com\/pt-br\/#website","url":"http:\/\/ileawo.com\/pt-br\/","name":"Il\u00e9 Awo","description":"","publisher":{"@id":"http:\/\/ileawo.com\/pt-br\/#organization"},"potentialAction":[{"@type":"SearchAction","target":{"@type":"EntryPoint","urlTemplate":"http:\/\/ileawo.com\/pt-br\/?s={search_term_string}"},"query-input":{"@type":"PropertyValueSpecification","valueRequired":true,"valueName":"search_term_string"}}],"inLanguage":"pt-BR"},{"@type":"Organization","@id":"http:\/\/ileawo.com\/pt-br\/#organization","name":"Il\u00e9 Awo","url":"http:\/\/ileawo.com\/pt-br\/","logo":{"@type":"ImageObject","inLanguage":"pt-BR","@id":"http:\/\/ileawo.com\/pt-br\/#\/schema\/logo\/image\/","url":"https:\/\/ileawo.com\/wp-content\/uploads\/revslider\/Bienvenido\/Logo-Ile-Awo-20201.png","contentUrl":"https:\/\/ileawo.com\/wp-content\/uploads\/revslider\/Bienvenido\/Logo-Ile-Awo-20201.png","width":500,"height":155,"caption":"Il\u00e9 Awo"},"image":{"@id":"http:\/\/ileawo.com\/pt-br\/#\/schema\/logo\/image\/"},"sameAs":["https:\/\/www.facebook.com\/ifabiyii","https:\/\/x.com\/ifabiyii","https:\/\/www.instagram.com\/ifabiyii_akoda\/"]},{"@type":"Person","@id":"http:\/\/ileawo.com\/pt-br\/#\/schema\/person\/5b4d3af5a9aa8f02fe88dbeb048ef64a","name":"If\u00e1b\u00edy\u00ec\u00ed Ak\u00f3d\u00e0","image":{"@type":"ImageObject","inLanguage":"pt-BR","@id":"https:\/\/secure.gravatar.com\/avatar\/07530fd5fec1f19247b6ca33a6f419284691fff29c8857d86ea771d943bdba08?s=96&d=mm&r=g","url":"https:\/\/secure.gravatar.com\/avatar\/07530fd5fec1f19247b6ca33a6f419284691fff29c8857d86ea771d943bdba08?s=96&d=mm&r=g","contentUrl":"https:\/\/secure.gravatar.com\/avatar\/07530fd5fec1f19247b6ca33a6f419284691fff29c8857d86ea771d943bdba08?s=96&d=mm&r=g","caption":"If\u00e1b\u00edy\u00ec\u00ed Ak\u00f3d\u00e0"},"sameAs":["https:\/\/ileawo.com\/"]}]}},"_links":{"self":[{"href":"https:\/\/ileawo.com\/pt-br\/wp-json\/wp\/v2\/pages\/2001","targetHints":{"allow":["GET"]}}],"collection":[{"href":"https:\/\/ileawo.com\/pt-br\/wp-json\/wp\/v2\/pages"}],"about":[{"href":"https:\/\/ileawo.com\/pt-br\/wp-json\/wp\/v2\/types\/page"}],"author":[{"embeddable":true,"href":"https:\/\/ileawo.com\/pt-br\/wp-json\/wp\/v2\/users\/1"}],"replies":[{"embeddable":true,"href":"https:\/\/ileawo.com\/pt-br\/wp-json\/wp\/v2\/comments?post=2001"}],"version-history":[{"count":0,"href":"https:\/\/ileawo.com\/pt-br\/wp-json\/wp\/v2\/pages\/2001\/revisions"}],"up":[{"embeddable":true,"href":"https:\/\/ileawo.com\/pt-br\/wp-json\/wp\/v2\/pages\/1972"}],"wp:featuredmedia":[{"embeddable":true,"href":"https:\/\/ileawo.com\/pt-br\/wp-json\/wp\/v2\/media\/3356"}],"wp:attachment":[{"href":"https:\/\/ileawo.com\/pt-br\/wp-json\/wp\/v2\/media?parent=2001"}],"wp:term":[{"taxonomy":"category","embeddable":true,"href":"https:\/\/ileawo.com\/pt-br\/wp-json\/wp\/v2\/categories?post=2001"}],"curies":[{"name":"wp","href":"https:\/\/api.w.org\/{rel}","templated":true}]}}