{"id":1988,"date":"2019-10-27T00:00:00","date_gmt":"2019-10-26T22:00:00","guid":{"rendered":"https:\/\/ileawo.com\/orixas-yoruba\/orunmila-orula\/"},"modified":"2020-05-31T23:14:19","modified_gmt":"2020-05-31T21:14:19","slug":"orunmila-orula","status":"publish","type":"page","link":"https:\/\/ileawo.com\/pt-br\/orixas-yoruba\/orunmila-orula\/","title":{"rendered":"Orunmila, orixa da adivinha\u00e7\u00e3o"},"content":{"rendered":"<div class=\"wpb-content-wrapper\"><p>[vc_row el_class=&#8221;first-row&#8221;][vc_column width=&#8221;1\/6&#8243; offset=&#8221;vc_hidden-sm vc_hidden-xs&#8221;][\/vc_column][vc_column offset=&#8221;vc_col-md-8&#8243;][vc_column_text]<\/p>\n<p style=\"text-align: center;\">Orunmila (\u00d2r\u00famn\u00ecl\u00e0), tamb\u00e9m conhecido na pr\u00e1tica afro-cubana como Orula, \u00e9 o orixa yoruba que precede a Olodumare (Ol\u00f3d\u00f9mar\u00e8). Ele \u00e9 a testemunha da cria\u00e7\u00e3o e \u00e9 o profeta mais amado de Olodumare, que o dotou de palavras de grande poder.<\/p>\n<p>[\/vc_column_text][\/vc_column][vc_column width=&#8221;1\/6&#8243; offset=&#8221;vc_hidden-sm vc_hidden-xs&#8221;][\/vc_column][\/vc_row][vc_row full_width=&#8221;stretch_row&#8221; content_placement=&#8221;middle&#8221; bg_type=&#8221;bg_color&#8221; css=&#8221;.vc_custom_1589981790823{padding-top: 30px !important;padding-bottom: 30px !important;background-color: #f6f6f6 !important;}&#8221; bg_color_value=&#8221;#f6f6f6&#8243; el_class=&#8221;flex-row-tablet&#8221;][vc_column css=&#8221;.vc_custom_1577575037944{padding-top: 0px !important;}&#8221; offset=&#8221;vc_col-md-8&#8243;][vc_column_text]<\/p>\n<h2 style=\"text-align: center;\">Quem \u00e9 Orunmila?<\/h2>\n<p>Orunmila \u00e9 o Orixa da adivinha\u00e7\u00e3o e da sabedoria. Ele codificou as mensagens de Olodumare em <a href=\"http:\/\/hyperurl.co\/oju-odu\">256 odu<\/a> para manifest\u00e1-las \u00e0 humanidade no que hoje conhecemos como a palavra sagrada de If\u00e1, que ser\u00e1 usada para responder a todas as perguntas e preocupa\u00e7\u00f5es dos crentes atrav\u00e9s da adivinha\u00e7\u00e3o. \u00c9 por isso que Orunmila tamb\u00e9m \u00e9 conhecido, diretamente, como If\u00e1; porque \u00e9 ele quem torna conhecida a mensagem de Olodumare.<\/p>\n<p>Para conhecer a mensagem de Olodumare, o Orixa Orunmila usa os instrumentos sagrados de If\u00e1 e os mostra aos orixas dizendo: \u201cEsses ikin If\u00e1 e opele s\u00e3o os instrumentos que conhecem o come\u00e7o e o fim de todas as coisas. Eles s\u00e3o os instrumentos sagrados de If\u00e1. Com esses instrumentos, voc\u00ea pode decifrar as mensagens codificadas de Olodumare e elas ser\u00e3o usados para responder a perguntas dif\u00edceis\u201d.[\/vc_column_text][\/vc_column][vc_column offset=&#8221;vc_col-md-4&#8243;][vc_single_image image=&#8221;1145&#8243; img_size=&#8221;469&#215;600&#8243; alignment=&#8221;center&#8221; css=&#8221;.vc_custom_1590060939623{margin-bottom: 0px !important;}&#8221;][\/vc_column][\/vc_row][vc_row content_placement=&#8221;middle&#8221; css=&#8221;.vc_custom_1577985748276{padding-top: 40px !important;}&#8221;][vc_column offset=&#8221;vc_col-md-4&#8243;][vc_single_image image=&#8221;1148&#8243; img_size=&#8221;469&#215;600&#8243; alignment=&#8221;center&#8221; css=&#8221;.vc_custom_1590060954610{margin-bottom: 0px !important;}&#8221;][\/vc_column][vc_column offset=&#8221;vc_col-md-8&#8243; css=&#8221;.vc_custom_1577575108105{padding-top: 0px !important;}&#8221;][vc_column_text]<\/p>\n<h2 style=\"text-align: center;\">Os 16 ikins de Orunmila<\/h2>\n<p>Orunmila ou Orula \u00e9 representado pelos 16 ikins ou sementes da palma sagrada. Segundo a hist\u00f3ria yoruba, o Orixa Orunmila passou a maior parte de sua vida em Apa (\u00c0p\u00e0), onde ensinou a muitos babalawos a palavra de Olodumare. L\u00e1 algumas pessoas o odiavam e quando ele foi ofendido por um de seus oito filhos, ele decidiu deixar a cidade.<\/p>\n<p>Pouco tempo depois, os habitantes de Apa come\u00e7aram a sofrer todo tipo de calamidade e enviaram os filhos de Orunmila para procur\u00e1-lo, voltar e ajud\u00e1-los. Quando encontraram Orula embaixo da palmeira, ele lhes disse que havia terminado sua miss\u00e3o na terra mas lhes deu 16 sementes da palma sagrada dizendo que para ter todas as coisas boas da vida, eles precisavam pedir ao Babalawo.<\/p>\n<p>[\/vc_column_text][vc_row_inner][vc_column_inner width=&#8221;1\/3&#8243; css=&#8221;.vc_custom_1577575223357{margin-bottom: 20px !important;}&#8221;][vc_column_text css=&#8221;.vc_custom_1572206726628{margin-bottom: 0px !important;}&#8221;]<\/p>\n<p style=\"text-align: center; font-size: 14px;\"><strong>\u201cOw\u00f3 le b\u00e1 f\u00e9\u00e9 n\u00ed l\u00e1y\u00e8<\/strong><br \/>\n<strong>Eni t\u00ed e \u00f3 maa bi n\u00ecyen<\/strong><br \/>\n<strong>Omo le b\u00e1 fee n\u00ed l\u00e1y\u00e8<\/strong><br \/>\n<strong>Eni t\u00ed e \u00f3 maa bi n\u00ecyen<\/strong><br \/>\n<strong>Aik\u00f9 le b\u00e1 f\u00e9\u00e9 n\u00ed l\u00e1y\u00e8<\/strong><br \/>\n<strong>Eni t\u00ed e \u00f3 maa bi n\u00ecyen<\/strong><br \/>\n<strong>\u00d2r\u00fanm\u00ecl\u00e0 af\u00e8d\u00e8-f\u00e8y\u00f2<\/strong><br \/>\n<strong>\u00c8l\u00e0-\u00ccs\u00f2d\u00e8<\/strong><br \/>\n<strong>If\u00e1 re\u2019\u00e9 Ol\u00f3kun<\/strong><br \/>\n<strong>K\u00f2 d\u00e9 m\u00f2<\/strong><br \/>\n<strong>\u00d3 n\u00ed eni t\u00ed e b\u00e1 ti r\u00ed<\/strong><br \/>\n<strong>E s\u00e1 maa p\u00e8\u00e9 n\u00ed B\u00e0b\u00e1\u201d<\/strong><\/p>\n<p>[\/vc_column_text][\/vc_column_inner][vc_column_inner width=&#8221;2\/3&#8243; css=&#8221;.vc_custom_1577575238765{margin-bottom: 20px !important;}&#8221;][vc_column_text css=&#8221;.vc_custom_1581191061436{margin-bottom: 0px !important;}&#8221;]<\/p>\n<p style=\"text-align: center; font-size: 14px;\"><strong>\u201cSe voc\u00ea est\u00e1 procurando a riqueza<\/strong><br \/>\n<strong>Esta \u00e9 a pessoa que voc\u00ea deve perguntar<\/strong><br \/>\n<strong>Se voc\u00ea est\u00e1 procurando filhos<\/strong><br \/>\n<strong>Esta \u00e9 a pessoa que voc\u00ea deve perguntar<\/strong><br \/>\n<strong>Se voc\u00ea est\u00e1 procurando uma vida longa<\/strong><br \/>\n<strong>Esta \u00e9 a pessoa que voc\u00ea deve perguntar<\/strong><br \/>\n<strong>Orunmila, quem fala todas as l\u00ednguas<\/strong><br \/>\n<strong>\u00c8l\u00e0-\u00ccs\u00f2d\u00e8<\/strong><br \/>\n<strong>If\u00e1 saiu da casa de Olokun<\/strong><br \/>\n<strong>E nunca mais voltou<\/strong><br \/>\n<strong>Ele disse para quem voc\u00ea v\u00ea<\/strong><br \/>\n<strong>Pe\u00e7a a ele para direcion\u00e1-lo para &#8220;B\u00e0b\u00e1&#8221;.<\/strong><\/p>\n<p>[\/vc_column_text][\/vc_column_inner][\/vc_row_inner][\/vc_column][\/vc_row][vc_row full_width=&#8221;stretch_row&#8221; gap=&#8221;20&#8243; bg_type=&#8221;bg_color&#8221; bg_color_value=&#8221;#4e89d5&#8243; css=&#8221;.vc_custom_1589981832036{padding-top: 40px !important;padding-bottom: 40px !important;background-color: #4e89d5 !important;}&#8221;][vc_column width=&#8221;1\/6&#8243; offset=&#8221;vc_hidden-sm vc_hidden-xs&#8221;][\/vc_column][vc_column offset=&#8221;vc_col-md-8&#8243; css=&#8221;.vc_custom_1572264649280{padding-top: 0px !important;}&#8221;][vc_column_text css=&#8221;.vc_custom_1581196695279{margin-bottom: 20px !important;}&#8221;]<\/p>\n<h2 style=\"text-align: center;\"><span style=\"color: #ffffff;\">Como atender a Orunmila?<\/span><\/h2>\n<p style=\"text-align: center;\"><span style=\"color: #ffffff;\">No If\u00e1 tradicional existem dias espec\u00edficos da semana dedicados \u00e0 propicia\u00e7\u00e3o de Orunmila, que voc\u00ea pode consultar no calend\u00e1rio exclusivo de aplicativos de If\u00e1. O dia de Orula pode ser de dois tipos:<\/span><\/p>\n<p>[\/vc_column_text][\/vc_column][vc_column width=&#8221;1\/6&#8243; offset=&#8221;vc_hidden-sm vc_hidden-xs&#8221;][\/vc_column][vc_column css_animation=&#8221;bottom-to-top&#8221; offset=&#8221;vc_col-md-6&#8243; css=&#8221;.vc_custom_1572276073446{margin-top: 0px !important;margin-right: 0px !important;margin-bottom: 0px !important;margin-left: 0px !important;padding-top: 40px !important;padding-right: 40px !important;padding-bottom: 40px !important;padding-left: 40px !important;background-color: #fcfcfc !important;border-radius: 10px !important;}&#8221;][vc_column_text css=&#8221;.vc_custom_1581191426836{margin-bottom: 0px !important;background-color: #fcfcfc !important;border-radius: 10px !important;}&#8221;]<\/p>\n<h3 style=\"text-align: center;\">Ojose<\/h3>\n<p style=\"text-align: left;\">\u00c9 o dia em que as oferendas s\u00e3o feitas a Orunmila. Pode ser uma ou v\u00e1rias vezes por semana. Essas oferendas nos ajudam a superar as dificuldades da vida cotidiana e a obter todo tipo de sorte. Para as oferendas deste dia tamb\u00e9m conhecidas como Orun If\u00e1 s\u00e3o utilizados materiais como obi abata, oti (gim), epo (azeite de dend\u00ea) e alimentos. Os detalhes da realiza\u00e7\u00e3o das oferendas podem ser encontrados no <a href=\"http:\/\/hyperurl.co\/ifa-pro-app\">If\u00e1 Tradicional Pro<\/a>.<\/p>\n<p>[\/vc_column_text][\/vc_column][vc_column css_animation=&#8221;bottom-to-top&#8221; offset=&#8221;vc_col-md-6&#8243; css=&#8221;.vc_custom_1572276081562{margin-top: 0px !important;margin-right: 0px !important;margin-bottom: 0px !important;margin-left: 0px !important;padding-top: 40px !important;padding-right: 40px !important;padding-bottom: 40px !important;padding-left: 40px !important;background-color: #fcfcfc !important;border-radius: 10px !important;}&#8221;][vc_column_text css=&#8221;.vc_custom_1581191635859{margin-bottom: 0px !important;background-color: #fcfcfc !important;border-radius: 10px !important;}&#8221;]<\/p>\n<h3 style=\"text-align: center;\">Itadogun<\/h3>\n<p style=\"text-align: left;\">\u00c9 um dia especial em que v\u00e1rios babalawos se re\u00fanem com seus omo awo (aprendizes de If\u00e1) para atender a Orunmila. Muitos aproveitam a oportunidade para fazer uma adivinha\u00e7\u00e3o de If\u00e1 e fazer as oferendas necess\u00e1rias do Odu de If\u00e1. Neste caso s\u00e3o recitados versos de Orunmila e que se referem ao Itadogun. Para saber mais sobre esse dia em If\u00e1, voc\u00ea pode baixar o aplicativo <a href=\"http:\/\/hyperurl.co\/oju-odu\">Oj\u00fa Od\u00f9<\/a>.<\/p>\n<p>[\/vc_column_text][\/vc_column][\/vc_row][vc_row full_width=&#8221;stretch_row&#8221; content_placement=&#8221;middle&#8221; bg_type=&#8221;bg_color&#8221; bg_override=&#8221;ex-full&#8221; bg_color_value=&#8221;#ffffff&#8221; el_class=&#8221;banner&#8221; css=&#8221;.vc_custom_1589981840441{background-color: #ffffff !important;}&#8221;][vc_column width=&#8221;2\/3&#8243;][vc_column_text el_class=&#8221;banner-text-alternative&#8221;]Quer saber mais sobre Il\u00e9 Awo, If\u00e1 Tradicional, os Orixas e a religi\u00e3o Yoruba?[\/vc_column_text][\/vc_column][vc_column width=&#8221;1\/3&#8243;][vc_column_text css_animation=&#8221;bounceIn&#8221;]<\/p>\n<p style=\"text-align: center;\"><a class=\"custom-buttons\" href=\"\/pt-br\/contato\/\">Consulte-nos<\/a><\/p>\n<p>[\/vc_column_text][\/vc_column][\/vc_row]<\/p>\n<\/div>"},"excerpt":{"rendered":"<p>[vc_row el_class=&#8221;first-row&#8221;][vc_column width=&#8221;1\/6&#8243; offset=&#8221;vc_hidden-sm vc_hidden-xs&#8221;][\/vc_column][vc_column offset=&#8221;vc_col-md-8&#8243;][vc_column_text] Orunmila (\u00d2r\u00famn\u00ecl\u00e0), tamb\u00e9m conhecido na pr\u00e1tica afro-cubana como Orula, \u00e9 o orixa yoruba que precede a Olodumare (Ol\u00f3d\u00f9mar\u00e8). Ele \u00e9<span class=\"excerpt-hellip\"> [\u2026]<\/span><\/p>\n","protected":false},"author":1,"featured_media":3375,"parent":1972,"menu_order":0,"comment_status":"open","ping_status":"open","template":"","meta":{"footnotes":""},"categories":[],"class_list":["post-1988","page","type-page","status-publish","has-post-thumbnail","hentry"],"yoast_head":"<!-- This site is optimized with the Yoast SEO Premium plugin v25.2 (Yoast SEO v27.4) - https:\/\/yoast.com\/product\/yoast-seo-premium-wordpress\/ -->\n<title>Orunmila, Orixa Yoruba da adivinha\u00e7\u00e3o e da sabedoria - Il\u00e9 Awo<\/title>\n<meta name=\"description\" content=\"Orunmila, conhecido na pr\u00e1tica afro cubana como Orula, \u00e9 o Orixa Yoruba da sabedoria, \u00e9 o que segue a Olodumare, que realiza a adivinha\u00e7\u00e3o de If\u00e1.\" \/>\n<meta name=\"robots\" content=\"index, follow, max-snippet:-1, max-image-preview:large, max-video-preview:-1\" \/>\n<link rel=\"canonical\" href=\"https:\/\/ileawo.com\/pt-br\/orixas-yoruba\/orunmila-orula\/\" \/>\n<meta property=\"og:locale\" content=\"pt_BR\" \/>\n<meta property=\"og:type\" content=\"article\" \/>\n<meta property=\"og:title\" content=\"Orunmila, orixa da adivinha\u00e7\u00e3o\" \/>\n<meta property=\"og:description\" content=\"Orunmila, conhecido na pr\u00e1tica afro cubana como Orula, \u00e9 o Orixa Yoruba da sabedoria, \u00e9 o que segue a Olodumare, que realiza a adivinha\u00e7\u00e3o de If\u00e1.\" \/>\n<meta property=\"og:url\" content=\"https:\/\/ileawo.com\/pt-br\/orixas-yoruba\/orunmila-orula\/\" \/>\n<meta property=\"og:site_name\" content=\"Il\u00e9 Awo\" \/>\n<meta property=\"article:publisher\" content=\"https:\/\/www.facebook.com\/ifabiyii\" \/>\n<meta property=\"article:modified_time\" content=\"2020-05-31T21:14:19+00:00\" \/>\n<meta property=\"og:image\" content=\"http:\/\/ileawo.com\/wp-content\/uploads\/2020\/05\/orixa-orunmila.jpg\" \/>\n\t<meta property=\"og:image:width\" content=\"1200\" \/>\n\t<meta property=\"og:image:height\" content=\"633\" \/>\n\t<meta property=\"og:image:type\" content=\"image\/jpeg\" \/>\n<meta name=\"twitter:card\" content=\"summary_large_image\" \/>\n<meta name=\"twitter:site\" content=\"@ifabiyii\" \/>\n<!-- \/ Yoast SEO Premium plugin. -->","yoast_head_json":{"title":"Orunmila, Orixa Yoruba da adivinha\u00e7\u00e3o e da sabedoria - Il\u00e9 Awo","description":"Orunmila, conhecido na pr\u00e1tica afro cubana como Orula, \u00e9 o Orixa Yoruba da sabedoria, \u00e9 o que segue a Olodumare, que realiza a adivinha\u00e7\u00e3o de If\u00e1.","robots":{"index":"index","follow":"follow","max-snippet":"max-snippet:-1","max-image-preview":"max-image-preview:large","max-video-preview":"max-video-preview:-1"},"canonical":"https:\/\/ileawo.com\/pt-br\/orixas-yoruba\/orunmila-orula\/","og_locale":"pt_BR","og_type":"article","og_title":"Orunmila, orixa da adivinha\u00e7\u00e3o","og_description":"Orunmila, conhecido na pr\u00e1tica afro cubana como Orula, \u00e9 o Orixa Yoruba da sabedoria, \u00e9 o que segue a Olodumare, que realiza a adivinha\u00e7\u00e3o de If\u00e1.","og_url":"https:\/\/ileawo.com\/pt-br\/orixas-yoruba\/orunmila-orula\/","og_site_name":"Il\u00e9 Awo","article_publisher":"https:\/\/www.facebook.com\/ifabiyii","article_modified_time":"2020-05-31T21:14:19+00:00","og_image":[{"width":1200,"height":633,"url":"http:\/\/ileawo.com\/wp-content\/uploads\/2020\/05\/orixa-orunmila.jpg","type":"image\/jpeg"}],"twitter_card":"summary_large_image","twitter_site":"@ifabiyii","schema":{"@context":"https:\/\/schema.org","@graph":[{"@type":"Article","@id":"https:\/\/ileawo.com\/pt-br\/orixas-yoruba\/orunmila-orula\/#article","isPartOf":{"@id":"https:\/\/ileawo.com\/pt-br\/orixas-yoruba\/orunmila-orula\/"},"author":{"name":"If\u00e1b\u00edy\u00ec\u00ed Ak\u00f3d\u00e0","@id":"http:\/\/ileawo.com\/pt-br\/#\/schema\/person\/5b4d3af5a9aa8f02fe88dbeb048ef64a"},"headline":"Orunmila, orixa da adivinha\u00e7\u00e3o","datePublished":"2019-10-26T22:00:00+00:00","dateModified":"2020-05-31T21:14:19+00:00","mainEntityOfPage":{"@id":"https:\/\/ileawo.com\/pt-br\/orixas-yoruba\/orunmila-orula\/"},"wordCount":1165,"commentCount":0,"publisher":{"@id":"http:\/\/ileawo.com\/pt-br\/#organization"},"image":{"@id":"https:\/\/ileawo.com\/pt-br\/orixas-yoruba\/orunmila-orula\/#primaryimage"},"thumbnailUrl":"https:\/\/ileawo.com\/wp-content\/uploads\/2020\/05\/orixa-orunmila.jpg","inLanguage":"pt-BR","potentialAction":[{"@type":"CommentAction","name":"Comment","target":["https:\/\/ileawo.com\/pt-br\/orixas-yoruba\/orunmila-orula\/#respond"]}]},{"@type":"WebPage","@id":"https:\/\/ileawo.com\/pt-br\/orixas-yoruba\/orunmila-orula\/","url":"https:\/\/ileawo.com\/pt-br\/orixas-yoruba\/orunmila-orula\/","name":"Orunmila, Orixa Yoruba da adivinha\u00e7\u00e3o e da sabedoria - Il\u00e9 Awo","isPartOf":{"@id":"http:\/\/ileawo.com\/pt-br\/#website"},"primaryImageOfPage":{"@id":"https:\/\/ileawo.com\/pt-br\/orixas-yoruba\/orunmila-orula\/#primaryimage"},"image":{"@id":"https:\/\/ileawo.com\/pt-br\/orixas-yoruba\/orunmila-orula\/#primaryimage"},"thumbnailUrl":"https:\/\/ileawo.com\/wp-content\/uploads\/2020\/05\/orixa-orunmila.jpg","datePublished":"2019-10-26T22:00:00+00:00","dateModified":"2020-05-31T21:14:19+00:00","description":"Orunmila, conhecido na pr\u00e1tica afro cubana como Orula, \u00e9 o Orixa Yoruba da sabedoria, \u00e9 o que segue a Olodumare, que realiza a adivinha\u00e7\u00e3o de If\u00e1.","breadcrumb":{"@id":"https:\/\/ileawo.com\/pt-br\/orixas-yoruba\/orunmila-orula\/#breadcrumb"},"inLanguage":"pt-BR","potentialAction":[{"@type":"ReadAction","target":["https:\/\/ileawo.com\/pt-br\/orixas-yoruba\/orunmila-orula\/"]}]},{"@type":"ImageObject","inLanguage":"pt-BR","@id":"https:\/\/ileawo.com\/pt-br\/orixas-yoruba\/orunmila-orula\/#primaryimage","url":"https:\/\/ileawo.com\/wp-content\/uploads\/2020\/05\/orixa-orunmila.jpg","contentUrl":"https:\/\/ileawo.com\/wp-content\/uploads\/2020\/05\/orixa-orunmila.jpg","width":1200,"height":633,"caption":"orixa orunmila"},{"@type":"BreadcrumbList","@id":"https:\/\/ileawo.com\/pt-br\/orixas-yoruba\/orunmila-orula\/#breadcrumb","itemListElement":[{"@type":"ListItem","position":1,"name":"Home","item":"http:\/\/ileawo.com\/pt-br\/"},{"@type":"ListItem","position":2,"name":"Orixas tradicionais Yoruba","item":"http:\/\/ileawo.com\/pt-br\/orixas-yoruba\/"},{"@type":"ListItem","position":3,"name":"Orunmila, orixa da adivinha\u00e7\u00e3o"}]},{"@type":"WebSite","@id":"http:\/\/ileawo.com\/pt-br\/#website","url":"http:\/\/ileawo.com\/pt-br\/","name":"Il\u00e9 Awo","description":"","publisher":{"@id":"http:\/\/ileawo.com\/pt-br\/#organization"},"potentialAction":[{"@type":"SearchAction","target":{"@type":"EntryPoint","urlTemplate":"http:\/\/ileawo.com\/pt-br\/?s={search_term_string}"},"query-input":{"@type":"PropertyValueSpecification","valueRequired":true,"valueName":"search_term_string"}}],"inLanguage":"pt-BR"},{"@type":"Organization","@id":"http:\/\/ileawo.com\/pt-br\/#organization","name":"Il\u00e9 Awo","url":"http:\/\/ileawo.com\/pt-br\/","logo":{"@type":"ImageObject","inLanguage":"pt-BR","@id":"http:\/\/ileawo.com\/pt-br\/#\/schema\/logo\/image\/","url":"https:\/\/ileawo.com\/wp-content\/uploads\/revslider\/Bienvenido\/Logo-Ile-Awo-20201.png","contentUrl":"https:\/\/ileawo.com\/wp-content\/uploads\/revslider\/Bienvenido\/Logo-Ile-Awo-20201.png","width":500,"height":155,"caption":"Il\u00e9 Awo"},"image":{"@id":"http:\/\/ileawo.com\/pt-br\/#\/schema\/logo\/image\/"},"sameAs":["https:\/\/www.facebook.com\/ifabiyii","https:\/\/x.com\/ifabiyii","https:\/\/www.instagram.com\/ifabiyii_akoda\/"]},{"@type":"Person","@id":"http:\/\/ileawo.com\/pt-br\/#\/schema\/person\/5b4d3af5a9aa8f02fe88dbeb048ef64a","name":"If\u00e1b\u00edy\u00ec\u00ed Ak\u00f3d\u00e0","image":{"@type":"ImageObject","inLanguage":"pt-BR","@id":"https:\/\/secure.gravatar.com\/avatar\/07530fd5fec1f19247b6ca33a6f419284691fff29c8857d86ea771d943bdba08?s=96&d=mm&r=g","url":"https:\/\/secure.gravatar.com\/avatar\/07530fd5fec1f19247b6ca33a6f419284691fff29c8857d86ea771d943bdba08?s=96&d=mm&r=g","contentUrl":"https:\/\/secure.gravatar.com\/avatar\/07530fd5fec1f19247b6ca33a6f419284691fff29c8857d86ea771d943bdba08?s=96&d=mm&r=g","caption":"If\u00e1b\u00edy\u00ec\u00ed Ak\u00f3d\u00e0"},"sameAs":["https:\/\/ileawo.com\/"]}]}},"_links":{"self":[{"href":"https:\/\/ileawo.com\/pt-br\/wp-json\/wp\/v2\/pages\/1988","targetHints":{"allow":["GET"]}}],"collection":[{"href":"https:\/\/ileawo.com\/pt-br\/wp-json\/wp\/v2\/pages"}],"about":[{"href":"https:\/\/ileawo.com\/pt-br\/wp-json\/wp\/v2\/types\/page"}],"author":[{"embeddable":true,"href":"https:\/\/ileawo.com\/pt-br\/wp-json\/wp\/v2\/users\/1"}],"replies":[{"embeddable":true,"href":"https:\/\/ileawo.com\/pt-br\/wp-json\/wp\/v2\/comments?post=1988"}],"version-history":[{"count":0,"href":"https:\/\/ileawo.com\/pt-br\/wp-json\/wp\/v2\/pages\/1988\/revisions"}],"up":[{"embeddable":true,"href":"https:\/\/ileawo.com\/pt-br\/wp-json\/wp\/v2\/pages\/1972"}],"wp:featuredmedia":[{"embeddable":true,"href":"https:\/\/ileawo.com\/pt-br\/wp-json\/wp\/v2\/media\/3375"}],"wp:attachment":[{"href":"https:\/\/ileawo.com\/pt-br\/wp-json\/wp\/v2\/media?parent=1988"}],"wp:term":[{"taxonomy":"category","embeddable":true,"href":"https:\/\/ileawo.com\/pt-br\/wp-json\/wp\/v2\/categories?post=1988"}],"curies":[{"name":"wp","href":"https:\/\/api.w.org\/{rel}","templated":true}]}}