{"id":1943,"date":"2019-10-27T00:00:00","date_gmt":"2019-10-26T22:00:00","guid":{"rendered":"https:\/\/ileawo.com\/pratica-de-ifa-tradicional\/iniciacao-de-ifa\/"},"modified":"2020-05-31T22:10:16","modified_gmt":"2020-05-31T20:10:16","slug":"iniciacao-de-ifa","status":"publish","type":"page","link":"https:\/\/ileawo.com\/pt-br\/pratica-de-ifa-tradicional\/iniciacao-de-ifa\/","title":{"rendered":"Cerim\u00f4nias de inicia\u00e7\u00e3o Yoruba"},"content":{"rendered":"<div class=\"wpb-content-wrapper\"><p>[vc_row css=&#8221;.vc_custom_1572174624836{margin-top: 60px !important;margin-bottom: 40px !important;}&#8221; el_class=&#8221;first-row&#8221;][vc_column width=&#8221;1\/6&#8243; offset=&#8221;vc_hidden-sm vc_hidden-xs&#8221;][\/vc_column][vc_column offset=&#8221;vc_col-md-8&#8243;][vc_column_text]<\/p>\n<p style=\"text-align: center;\">A inicia\u00e7\u00e3o de If\u00e1 na cultura Yoruba \u00e9 baseada no conhecimento. Iniciar-se em If\u00e1, ou qualquer uma das cerim\u00f4nias Yoruba, significa comprometer-se com uma vida de estudo que nos permitir\u00e1 ter as ferramentas e conhecer os conselhos que If\u00e1 e os orix\u00e1s nos d\u00e3o para melhorar nossa sorte e superar qualquer obst\u00e1culo ou dificuldades. Aqui voc\u00ea pode aprender sobre as diferentes cerim\u00f4nias de inicia\u00e7\u00e3o Yoruba, em que consistem e quais s\u00e3o as chaves para iniciar-se em If\u00e1 e o que deve ser feito depois de iniciado.<\/p>\n<p>[\/vc_column_text][\/vc_column][vc_column width=&#8221;1\/6&#8243; offset=&#8221;vc_hidden-sm vc_hidden-xs&#8221;][\/vc_column][\/vc_row][vc_row full_width=&#8221;stretch_row&#8221; content_placement=&#8221;middle&#8221; bg_type=&#8221;bg_color&#8221; bg_color_value=&#8221;#f6f6f6&#8243; css=&#8221;.vc_custom_1589983118996{padding-top: 20px !important;padding-bottom: 40px !important;background-color: #f6f6f6 !important;}&#8221;][vc_column offset=&#8221;vc_col-lg-6 vc_col-md-12&#8243;][vc_single_image image=&#8221;1113&#8243; img_size=&#8221;large&#8221; alignment=&#8221;center&#8221; css_animation=&#8221;left-to-right&#8221; css=&#8221;.vc_custom_1590063336417{margin-bottom: 0px !important;}&#8221;][vc_column_text css=&#8221;.vc_custom_1590774627004{margin-bottom: 0px !important;}&#8221;]<\/p>\n<h2 style=\"text-align: center;\">Por que iniciar-se em If\u00e1?<\/h2>\n<p style=\"text-align: center;\">Conhecendo seu Od\u00f9 de If\u00e1, seu sacerdote poder\u00e1 fazer oferendas aos orix\u00e1s que ser\u00e3o essenciais para melhorar os diferentes aspectos de sua vida. Ao realizar a inicia\u00e7\u00e3o em If\u00e1, a pessoa ter\u00e1 o poder de realizar diferentes cerim\u00f4nias yorubas, dependendo do conhecimento adquirido. Esse conhecimento pode ser aprimorado com os <a href=\"https:\/\/ileawo.com\/pt-br\/aplicacoes\/\">aplicativos de If\u00e1 tradicional<\/a>.<\/p>\n<p>[\/vc_column_text][\/vc_column][vc_column offset=&#8221;vc_col-lg-6 vc_col-md-12&#8243;][vc_column_text]<\/p>\n<h2 style=\"text-align: center;\">Tipos de cerim\u00f4nias yoruba<\/h2>\n<p style=\"text-align: center;\">Na cultura Yor\u00f9b\u00e1 existem varios seguimentos inici\u00e1ticos, desde quando nasce uma crian\u00e7a, at\u00e9 o dia em que passa pelo ritual para ser um <a href=\"https:\/\/ileawo.com\/pt-br\/pratica-de-ifa-tradicional\/babalawo-ifabiyii-akoda\/\">babalawo<\/a>.<\/p>\n<p style=\"text-align: center;\"><strong>Clique em casa um dos nomes e entenda em que consistem.<\/strong><\/p>\n<p>[\/vc_column_text][vc_tta_accordion color=&#8221;white&#8221; gap=&#8221;1&#8243; active_section=&#8221;1&#8243; css=&#8221;.vc_custom_1496145158655{background-color: #ffffff !important;}&#8221;][vc_tta_section title=&#8221;Ikosedaye | Batismo Yoruba&#8221; tab_id=&#8221;1496143344531-e297b2cf-d20cd339-ca189bc6-0d88bf5e-1198&#8243;][vc_column_text css=&#8221;.vc_custom_1581004470649{background-color: #ffffff !important;}&#8221;]Esta inicia\u00e7\u00e3o \u00e9 normalmente chamada de batismo yoruba, \u00e9 realizada o mais cedo poss\u00edvel na crian\u00e7a, e consiste em atrair para o mesmo todas as sorte de ben\u00e7\u00e3os no decorrer da sua vida.[\/vc_column_text][\/vc_tta_section][vc_tta_section title=&#8221;Isefa | M\u00e3o de Orunmila&#8221; tab_id=&#8221;1496143344617-aeda8b7c-1e63d339-ca189bc6-0d88bf5e-1198&#8243;][vc_column_text]A inicia\u00e7\u00e3o do Isefa (\u00ccs\u00e9f\u00e1) ou M\u00e3o de Orunmila, como ficou popularmente conhecida, consiste em receber a primera m\u00e3o de If\u00e1. Esta cerim\u00f4nia permite conhecer o Odu de If\u00e1 da pessoa que vai reger ela durante sua vida ou at\u00e9 o momento em que fa\u00e7a uma inicia\u00e7\u00e3o Yoruba superior ao Isefa.[\/vc_column_text][\/vc_tta_section][vc_tta_section title=&#8221;Itelegan | Inicia\u00e7\u00e3o sem Od\u00f9&#8221; tab_id=&#8221;1496143499215-22dc417b-204ad339-ca189bc6-0d88bf5e-1198&#8243;][vc_column_text]Esta cerim\u00f4nia If\u00e1 (\u00cct\u00e8l\u00e9g\u00e0n em ioruba) \u00e9 muito semelhante \u00e0 inicia\u00e7\u00e3o realizada para uma mulher, pois durante a consagra\u00e7\u00e3o para o Iyawo (\u00ccy\u00e1w\u00f2), ou seja, a pessoa que est\u00e1 iniciando, o Orixa Igba iwa Od\u00f9 n\u00e3o participa. Da mesma forma, as proibi\u00e7\u00f5es de uma mulher permanecer\u00e3o, como o in\u00edcio de uma pessoa em If\u00e1 ou a participa\u00e7\u00e3o em qualquer cerim\u00f4nia com o Orixa Igba iwa Od\u00f9.[\/vc_column_text][\/vc_tta_section][vc_tta_section title=&#8221;Itef\u00e1 | Inicia\u00e7\u00e3o de If\u00e1&#8221; tab_id=&#8221;1496143460199-dcef1dde-aa28d339-ca189bc6-0d88bf5e-1198&#8243;][vc_column_text]Essa cerim\u00f4nia de Itef\u00e1 \u00e9 o in\u00edcio da pr\u00e1tica de If\u00e1, realizada tanto para mulheres quanto para homens. Com essa inicia\u00e7\u00e3o, a mulher poder\u00e1 realizar as adivinha\u00e7\u00f5es de If\u00e1 e participar das cerim\u00f4nias de If\u00e1, exceto em qualquer cerim\u00f4nia relacionada ao Orixa Igba iwa Od\u00f9.[\/vc_column_text][\/vc_tta_section][vc_tta_section title=&#8221;Itelodu | Inicia\u00e7\u00e3o de If\u00e1&#8221; tab_id=&#8221;1496143534236-2322aeb8-53cdd339-ca189bc6-0d88bf5e-1198&#8243;][vc_column_text]Itelodu (\u00cct\u00e8l\u00f3d\u00f9) \u00e9 o outro nome pelo qual a inicia\u00e7\u00e3o de if\u00e1 \u00e9 conhecida na pr\u00e1tica tradicional. S\u00f3 \u00e9 chamado por esse nome quando a inicia\u00e7\u00e3o \u00e9 realizada por um homem, uma vez que Orisha Igba iwa Od\u00f9 participa dela. A pessoa a quem ele consagra n\u00e3o tem restri\u00e7\u00f5es para realizar cerim\u00f4nias ou inicia\u00e7\u00f5es de If\u00e1 al\u00e9m daquelas que seu pr\u00f3prio conhecimento o impede de realizar.[\/vc_column_text][\/vc_tta_section][\/vc_tta_accordion][\/vc_column][\/vc_row][vc_row][vc_column width=&#8221;1\/6&#8243; offset=&#8221;vc_hidden-sm vc_hidden-xs&#8221;][\/vc_column][vc_column offset=&#8221;vc_col-md-8&#8243;][vc_column_text]<\/p>\n<h2 style=\"text-align: center;\">Com quem devo fazer minha inicia\u00e7\u00e3o de If\u00e1?<\/h2>\n<p style=\"text-align: center;\">Nenhuma das inicia\u00e7\u00f5es yoruba podem ser repetidas, dito isto, \u00e9 muito importante estar seguro de onde e com quem realizar a inicia\u00e7\u00e3o. At\u00e9 mesmo uma consulta de If\u00e1 ou qualquer outra cerim\u00f4nia yoruba, devemos iniciar-nos com um babalawo que estamos seguros de seu conhecimento e os resultados.<\/p>\n<p>[\/vc_column_text][vc_column_text]<\/p>\n<p style=\"text-align: center;\"><a href=\"\/pt-br\/contato\/\">Saiba mais<\/a><\/p>\n<p>[\/vc_column_text][\/vc_column][vc_column width=&#8221;1\/6&#8243; offset=&#8221;vc_hidden-sm vc_hidden-xs&#8221;][\/vc_column][\/vc_row][vc_row full_width=&#8221;stretch_row&#8221; bg_type=&#8221;bg_color&#8221; bg_color_value=&#8221;#4e89d5&#8243; css=&#8221;.vc_custom_1589983130775{padding-top: 20px !important;padding-bottom: 60px !important;background-color: #4e89d5 !important;}&#8221;][vc_column css=&#8221;.vc_custom_1572255650960{margin-bottom: 20px !important;}&#8221;][vc_column_text css=&#8221;.vc_custom_1581006063285{margin-bottom: 0px !important;}&#8221;]<\/p>\n<h2 style=\"text-align: center;\"><span style=\"color: #ffffff;\">Pontos cruciais depois da Inicia\u00e7\u00e3o de If\u00e1<\/span><\/h2>\n<p>[\/vc_column_text][\/vc_column][vc_column css_animation=&#8221;bottom-to-top&#8221; offset=&#8221;vc_col-md-4&#8243; css=&#8221;.vc_custom_1572255588637{margin-top: 0px !important;margin-bottom: 0px !important;padding-top: 10px !important;padding-bottom: 10px !important;}&#8221;][vc_column_text css=&#8221;.vc_custom_1581006190002{margin-top: 0px !important;margin-bottom: 0px !important;padding-top: 40px !important;padding-right: 40px !important;padding-bottom: 40px !important;padding-left: 40px !important;background-color: #fcfcfc !important;border-radius: 10px !important;}&#8221;]<\/p>\n<h3 class=\"titulo-cuadros\" style=\"text-align: center;\">Conhecimento<\/h3>\n<p style=\"text-align: center;\">O <a href=\"http:\/\/hyperurl.co\/ifa-pro-app\">estudo<\/a>\u00a0\u00e9 a chave antes e depois da inicia\u00e7\u00e3o de If\u00e1 Tradicional. Conhecendo nosso Od\u00f9 de If\u00e1 podemos prevenir uma grande quantidade de problemas e melhorar nossa vida.<\/p>\n<p>[\/vc_column_text][\/vc_column][vc_column css_animation=&#8221;bottom-to-top&#8221; offset=&#8221;vc_col-md-4&#8243; css=&#8221;.vc_custom_1572255596529{margin-top: 0px !important;margin-bottom: 0px !important;padding-top: 10px !important;padding-bottom: 10px !important;}&#8221;][vc_column_text css=&#8221;.vc_custom_1581007844426{margin-top: 0px !important;margin-bottom: 0px !important;padding-top: 40px !important;padding-right: 40px !important;padding-bottom: 40px !important;padding-left: 40px !important;background-color: #fcfcfc !important;border-radius: 10px !important;}&#8221;]<\/p>\n<h3 class=\"titulo-cuadros\" style=\"text-align: center;\">Trabalhar If\u00e1<\/h3>\n<p style=\"text-align: center;\">Os iniciados poder\u00e3o realizar adivinha\u00e7\u00e3o e cerim\u00f4nias de If\u00e1, de acordo com o seu conhecimento adquirido. E que estes sejam o conhecimento necess\u00e1rio para isso. Caso contr\u00e1rio, n\u00e3o se deve realizar nenhum tipo de atividade.<\/p>\n<p>[\/vc_column_text][\/vc_column][vc_column css_animation=&#8221;bottom-to-top&#8221; offset=&#8221;vc_col-md-4&#8243; css=&#8221;.vc_custom_1572255604767{margin-top: 0px !important;margin-bottom: 0px !important;padding-top: 10px !important;padding-bottom: 10px !important;}&#8221;][vc_column_text css=&#8221;.vc_custom_1581006946408{margin-top: 0px !important;margin-bottom: 0px !important;padding-top: 40px !important;padding-right: 40px !important;padding-bottom: 40px !important;padding-left: 40px !important;background-color: #fcfcfc !important;border-radius: 10px !important;}&#8221;]<\/p>\n<h3 class=\"titulo-cuadros\" style=\"text-align: center;\">Comportamento<\/h3>\n<p style=\"text-align: center;\">Um babalawo o qualquer iniciado deve ter um bom comportamento: ser correto e respeitar as leis morais que If\u00e1 nos incumbe. Aprenda mais sobre os mandamentos no <a href=\"http:\/\/hyperurl.co\/ifa-pro-app\">aplicativo<\/a>.<\/p>\n<p>[\/vc_column_text][\/vc_column][\/vc_row][vc_row full_width=&#8221;stretch_row&#8221; content_placement=&#8221;middle&#8221; bg_type=&#8221;bg_color&#8221; bg_override=&#8221;ex-full&#8221; bg_color_value=&#8221;#ffffff&#8221; el_class=&#8221;banner&#8221; css=&#8221;.vc_custom_1589983137097{background-color: #ffffff !important;}&#8221;][vc_column width=&#8221;2\/3&#8243;][vc_column_text el_class=&#8221;banner-text-alternative&#8221;]Recite os versos de If\u00e1 como um verdadeiro Yoruba, com If\u00e1 Tradicional Pro[\/vc_column_text][\/vc_column][vc_column width=&#8221;1\/3&#8243;][vc_column_text css_animation=&#8221;bounceIn&#8221;]<\/p>\n<p style=\"text-align: center;\"><a class=\"custom-buttons\" href=\"http:\/\/hyperurl.co\/ifa-pro-app\">Baixar<\/a><\/p>\n<p>[\/vc_column_text][\/vc_column][\/vc_row]<\/p>\n<\/div>"},"excerpt":{"rendered":"<p>[vc_row css=&#8221;.vc_custom_1572174624836{margin-top: 60px !important;margin-bottom: 40px !important;}&#8221; el_class=&#8221;first-row&#8221;][vc_column width=&#8221;1\/6&#8243; offset=&#8221;vc_hidden-sm vc_hidden-xs&#8221;][\/vc_column][vc_column offset=&#8221;vc_col-md-8&#8243;][vc_column_text] A inicia\u00e7\u00e3o de If\u00e1 na cultura Yoruba \u00e9 baseada no conhecimento. Iniciar-se em If\u00e1, ou<span class=\"excerpt-hellip\"> [\u2026]<\/span><\/p>\n","protected":false},"author":1,"featured_media":3412,"parent":1908,"menu_order":0,"comment_status":"open","ping_status":"open","template":"","meta":{"footnotes":""},"categories":[],"class_list":["post-1943","page","type-page","status-publish","has-post-thumbnail","hentry"],"yoast_head":"<!-- This site is optimized with the Yoast SEO Premium plugin v25.2 (Yoast SEO v27.5) - https:\/\/yoast.com\/product\/yoast-seo-premium-wordpress\/ -->\n<title>Inicia\u00e7\u00e3o de If\u00e1 e cerim\u00f4nias tradicionais yoruba - Il\u00e9 Awo<\/title>\n<meta name=\"description\" content=\"Existem diferentes cerim\u00f4nias na religi\u00e3o yoruba. Toda inicia\u00e7\u00e3o de If\u00e1 na pr\u00e1tica tradicional \u00e9 baseada em conhecimento e prepara\u00e7\u00e3o.\" \/>\n<meta name=\"robots\" content=\"index, follow, max-snippet:-1, max-image-preview:large, max-video-preview:-1\" \/>\n<link rel=\"canonical\" href=\"https:\/\/ileawo.com\/pt-br\/pratica-de-ifa-tradicional\/iniciacao-de-ifa\/\" \/>\n<meta property=\"og:locale\" content=\"pt_BR\" \/>\n<meta property=\"og:type\" content=\"article\" \/>\n<meta property=\"og:title\" content=\"Cerim\u00f4nias de inicia\u00e7\u00e3o Yoruba\" \/>\n<meta property=\"og:description\" content=\"Existem diferentes cerim\u00f4nias na religi\u00e3o yoruba. Toda inicia\u00e7\u00e3o de If\u00e1 na pr\u00e1tica tradicional \u00e9 baseada em conhecimento e prepara\u00e7\u00e3o.\" \/>\n<meta property=\"og:url\" content=\"https:\/\/ileawo.com\/pt-br\/pratica-de-ifa-tradicional\/iniciacao-de-ifa\/\" \/>\n<meta property=\"og:site_name\" content=\"Il\u00e9 Awo\" \/>\n<meta property=\"article:publisher\" content=\"https:\/\/www.facebook.com\/ifabiyii\" \/>\n<meta property=\"article:modified_time\" content=\"2020-05-31T20:10:16+00:00\" \/>\n<meta property=\"og:image\" content=\"http:\/\/ileawo.com\/wp-content\/uploads\/2020\/05\/iniciacao-ifa.jpg\" \/>\n\t<meta property=\"og:image:width\" content=\"1200\" \/>\n\t<meta property=\"og:image:height\" content=\"633\" \/>\n\t<meta property=\"og:image:type\" content=\"image\/jpeg\" \/>\n<meta name=\"twitter:card\" content=\"summary_large_image\" \/>\n<meta name=\"twitter:image\" content=\"https:\/\/ileawo.com\/wp-content\/uploads\/2020\/05\/iniciacao-ifa.jpg\" \/>\n<meta name=\"twitter:site\" content=\"@ifabiyii\" \/>\n<!-- \/ Yoast SEO Premium plugin. -->","yoast_head_json":{"title":"Inicia\u00e7\u00e3o de If\u00e1 e cerim\u00f4nias tradicionais yoruba - Il\u00e9 Awo","description":"Existem diferentes cerim\u00f4nias na religi\u00e3o yoruba. Toda inicia\u00e7\u00e3o de If\u00e1 na pr\u00e1tica tradicional \u00e9 baseada em conhecimento e prepara\u00e7\u00e3o.","robots":{"index":"index","follow":"follow","max-snippet":"max-snippet:-1","max-image-preview":"max-image-preview:large","max-video-preview":"max-video-preview:-1"},"canonical":"https:\/\/ileawo.com\/pt-br\/pratica-de-ifa-tradicional\/iniciacao-de-ifa\/","og_locale":"pt_BR","og_type":"article","og_title":"Cerim\u00f4nias de inicia\u00e7\u00e3o Yoruba","og_description":"Existem diferentes cerim\u00f4nias na religi\u00e3o yoruba. Toda inicia\u00e7\u00e3o de If\u00e1 na pr\u00e1tica tradicional \u00e9 baseada em conhecimento e prepara\u00e7\u00e3o.","og_url":"https:\/\/ileawo.com\/pt-br\/pratica-de-ifa-tradicional\/iniciacao-de-ifa\/","og_site_name":"Il\u00e9 Awo","article_publisher":"https:\/\/www.facebook.com\/ifabiyii","article_modified_time":"2020-05-31T20:10:16+00:00","og_image":[{"width":1200,"height":633,"url":"http:\/\/ileawo.com\/wp-content\/uploads\/2020\/05\/iniciacao-ifa.jpg","type":"image\/jpeg"}],"twitter_card":"summary_large_image","twitter_image":"https:\/\/ileawo.com\/wp-content\/uploads\/2020\/05\/iniciacao-ifa.jpg","twitter_site":"@ifabiyii","schema":{"@context":"https:\/\/schema.org","@graph":[{"@type":"Article","@id":"https:\/\/ileawo.com\/pt-br\/pratica-de-ifa-tradicional\/iniciacao-de-ifa\/#article","isPartOf":{"@id":"https:\/\/ileawo.com\/pt-br\/pratica-de-ifa-tradicional\/iniciacao-de-ifa\/"},"author":{"name":"If\u00e1b\u00edy\u00ec\u00ed Ak\u00f3d\u00e0","@id":"http:\/\/ileawo.com\/pt-br\/#\/schema\/person\/5b4d3af5a9aa8f02fe88dbeb048ef64a"},"headline":"Cerim\u00f4nias de inicia\u00e7\u00e3o Yoruba","datePublished":"2019-10-26T22:00:00+00:00","dateModified":"2020-05-31T20:10:16+00:00","mainEntityOfPage":{"@id":"https:\/\/ileawo.com\/pt-br\/pratica-de-ifa-tradicional\/iniciacao-de-ifa\/"},"wordCount":1320,"commentCount":0,"publisher":{"@id":"http:\/\/ileawo.com\/pt-br\/#organization"},"image":{"@id":"https:\/\/ileawo.com\/pt-br\/pratica-de-ifa-tradicional\/iniciacao-de-ifa\/#primaryimage"},"thumbnailUrl":"https:\/\/ileawo.com\/wp-content\/uploads\/2020\/05\/iniciacao-ifa.jpg","inLanguage":"pt-BR","potentialAction":[{"@type":"CommentAction","name":"Comment","target":["https:\/\/ileawo.com\/pt-br\/pratica-de-ifa-tradicional\/iniciacao-de-ifa\/#respond"]}]},{"@type":"WebPage","@id":"https:\/\/ileawo.com\/pt-br\/pratica-de-ifa-tradicional\/iniciacao-de-ifa\/","url":"https:\/\/ileawo.com\/pt-br\/pratica-de-ifa-tradicional\/iniciacao-de-ifa\/","name":"Inicia\u00e7\u00e3o de If\u00e1 e cerim\u00f4nias tradicionais yoruba - Il\u00e9 Awo","isPartOf":{"@id":"http:\/\/ileawo.com\/pt-br\/#website"},"primaryImageOfPage":{"@id":"https:\/\/ileawo.com\/pt-br\/pratica-de-ifa-tradicional\/iniciacao-de-ifa\/#primaryimage"},"image":{"@id":"https:\/\/ileawo.com\/pt-br\/pratica-de-ifa-tradicional\/iniciacao-de-ifa\/#primaryimage"},"thumbnailUrl":"https:\/\/ileawo.com\/wp-content\/uploads\/2020\/05\/iniciacao-ifa.jpg","datePublished":"2019-10-26T22:00:00+00:00","dateModified":"2020-05-31T20:10:16+00:00","description":"Existem diferentes cerim\u00f4nias na religi\u00e3o yoruba. Toda inicia\u00e7\u00e3o de If\u00e1 na pr\u00e1tica tradicional \u00e9 baseada em conhecimento e prepara\u00e7\u00e3o.","breadcrumb":{"@id":"https:\/\/ileawo.com\/pt-br\/pratica-de-ifa-tradicional\/iniciacao-de-ifa\/#breadcrumb"},"inLanguage":"pt-BR","potentialAction":[{"@type":"ReadAction","target":["https:\/\/ileawo.com\/pt-br\/pratica-de-ifa-tradicional\/iniciacao-de-ifa\/"]}]},{"@type":"ImageObject","inLanguage":"pt-BR","@id":"https:\/\/ileawo.com\/pt-br\/pratica-de-ifa-tradicional\/iniciacao-de-ifa\/#primaryimage","url":"https:\/\/ileawo.com\/wp-content\/uploads\/2020\/05\/iniciacao-ifa.jpg","contentUrl":"https:\/\/ileawo.com\/wp-content\/uploads\/2020\/05\/iniciacao-ifa.jpg","width":1200,"height":633,"caption":"Inicia\u00e7\u00e3o de If\u00e1 tradicional"},{"@type":"BreadcrumbList","@id":"https:\/\/ileawo.com\/pt-br\/pratica-de-ifa-tradicional\/iniciacao-de-ifa\/#breadcrumb","itemListElement":[{"@type":"ListItem","position":1,"name":"Home","item":"http:\/\/ileawo.com\/pt-br\/"},{"@type":"ListItem","position":2,"name":"Pr\u00e1tica de If\u00e1 Tradicional","item":"https:\/\/ileawo.com\/pt-br\/pratica-de-ifa-tradicional\/"},{"@type":"ListItem","position":3,"name":"Cerim\u00f4nias de inicia\u00e7\u00e3o Yoruba"}]},{"@type":"WebSite","@id":"http:\/\/ileawo.com\/pt-br\/#website","url":"http:\/\/ileawo.com\/pt-br\/","name":"Il\u00e9 Awo","description":"","publisher":{"@id":"http:\/\/ileawo.com\/pt-br\/#organization"},"potentialAction":[{"@type":"SearchAction","target":{"@type":"EntryPoint","urlTemplate":"http:\/\/ileawo.com\/pt-br\/?s={search_term_string}"},"query-input":{"@type":"PropertyValueSpecification","valueRequired":true,"valueName":"search_term_string"}}],"inLanguage":"pt-BR"},{"@type":"Organization","@id":"http:\/\/ileawo.com\/pt-br\/#organization","name":"Il\u00e9 Awo","url":"http:\/\/ileawo.com\/pt-br\/","logo":{"@type":"ImageObject","inLanguage":"pt-BR","@id":"http:\/\/ileawo.com\/pt-br\/#\/schema\/logo\/image\/","url":"https:\/\/ileawo.com\/wp-content\/uploads\/revslider\/Bienvenido\/Logo-Ile-Awo-20201.png","contentUrl":"https:\/\/ileawo.com\/wp-content\/uploads\/revslider\/Bienvenido\/Logo-Ile-Awo-20201.png","width":500,"height":155,"caption":"Il\u00e9 Awo"},"image":{"@id":"http:\/\/ileawo.com\/pt-br\/#\/schema\/logo\/image\/"},"sameAs":["https:\/\/www.facebook.com\/ifabiyii","https:\/\/x.com\/ifabiyii","https:\/\/www.instagram.com\/ifabiyii_akoda\/"]},{"@type":"Person","@id":"http:\/\/ileawo.com\/pt-br\/#\/schema\/person\/5b4d3af5a9aa8f02fe88dbeb048ef64a","name":"If\u00e1b\u00edy\u00ec\u00ed Ak\u00f3d\u00e0","image":{"@type":"ImageObject","inLanguage":"pt-BR","@id":"https:\/\/secure.gravatar.com\/avatar\/07530fd5fec1f19247b6ca33a6f419284691fff29c8857d86ea771d943bdba08?s=96&d=mm&r=g","url":"https:\/\/secure.gravatar.com\/avatar\/07530fd5fec1f19247b6ca33a6f419284691fff29c8857d86ea771d943bdba08?s=96&d=mm&r=g","contentUrl":"https:\/\/secure.gravatar.com\/avatar\/07530fd5fec1f19247b6ca33a6f419284691fff29c8857d86ea771d943bdba08?s=96&d=mm&r=g","caption":"If\u00e1b\u00edy\u00ec\u00ed Ak\u00f3d\u00e0"},"sameAs":["https:\/\/ileawo.com\/"]}]}},"_links":{"self":[{"href":"https:\/\/ileawo.com\/pt-br\/wp-json\/wp\/v2\/pages\/1943","targetHints":{"allow":["GET"]}}],"collection":[{"href":"https:\/\/ileawo.com\/pt-br\/wp-json\/wp\/v2\/pages"}],"about":[{"href":"https:\/\/ileawo.com\/pt-br\/wp-json\/wp\/v2\/types\/page"}],"author":[{"embeddable":true,"href":"https:\/\/ileawo.com\/pt-br\/wp-json\/wp\/v2\/users\/1"}],"replies":[{"embeddable":true,"href":"https:\/\/ileawo.com\/pt-br\/wp-json\/wp\/v2\/comments?post=1943"}],"version-history":[{"count":0,"href":"https:\/\/ileawo.com\/pt-br\/wp-json\/wp\/v2\/pages\/1943\/revisions"}],"up":[{"embeddable":true,"href":"https:\/\/ileawo.com\/pt-br\/wp-json\/wp\/v2\/pages\/1908"}],"wp:featuredmedia":[{"embeddable":true,"href":"https:\/\/ileawo.com\/pt-br\/wp-json\/wp\/v2\/media\/3412"}],"wp:attachment":[{"href":"https:\/\/ileawo.com\/pt-br\/wp-json\/wp\/v2\/media?parent=1943"}],"wp:term":[{"taxonomy":"category","embeddable":true,"href":"https:\/\/ileawo.com\/pt-br\/wp-json\/wp\/v2\/categories?post=1943"}],"curies":[{"name":"wp","href":"https:\/\/api.w.org\/{rel}","templated":true}]}}