{"id":1918,"date":"2019-10-27T00:00:00","date_gmt":"2019-10-26T22:00:00","guid":{"rendered":"https:\/\/ileawo.com\/pratica-de-ifa-tradicional\/adivinhacao-de-ifa\/"},"modified":"2020-06-03T14:07:27","modified_gmt":"2020-06-03T12:07:27","slug":"adivinhacao-de-ifa","status":"publish","type":"page","link":"https:\/\/ileawo.com\/pt-br\/pratica-de-ifa-tradicional\/adivinhacao-de-ifa\/","title":{"rendered":"O sistema de adivinha\u00e7\u00e3o de If\u00e1"},"content":{"rendered":"<div class=\"wpb-content-wrapper\"><p>[vc_row css=&#8221;.vc_custom_1572174624836{margin-top: 60px !important;margin-bottom: 40px !important;}&#8221; el_class=&#8221;first-row&#8221;][vc_column width=&#8221;1\/6&#8243; offset=&#8221;vc_hidden-sm vc_hidden-xs&#8221;][\/vc_column][vc_column offset=&#8221;vc_col-md-8&#8243;][vc_column_text]<\/p>\n<p style=\"text-align: center;\">Realizar uma adivinha\u00e7\u00e3o de If\u00e1 \u00e9 o primeiro passo que toda pessoa deve dar para resolver seus problemas ou melhorar sua sorte, gra\u00e7as \u00e0 mensagem transmitida por Olodumare atrav\u00e9s dos signos de If\u00e1. Ada If\u00e1 ou daf\u00e1 \u00e9 o nome em yoruba da adivinha\u00e7\u00e3o de If\u00e1. Literalmente significa &#8220;jogar If\u00e1&#8221; porque, independentemente da adivinha\u00e7\u00e3o feita, voc\u00ea deve lan\u00e7ar o Ikin, o Opele ou o Obi abata. A adivinha\u00e7\u00e3o tem muitos apelidos; \u00c9 conhecido como jogo, consulta, entre outros. Nesta se\u00e7\u00e3o, voc\u00ea saber\u00e1 quem pode fazer uma adivinha\u00e7\u00e3o, quando e o que deve ser feito depois de conhecer a mensagem de If\u00e1. Voc\u00ea tamb\u00e9m pode aprender sobre os diferentes m\u00e9todos de adivinha\u00e7\u00e3o que existem na religi\u00e3o yoruba.<\/p>\n<p>[\/vc_column_text][\/vc_column][vc_column width=&#8221;1\/6&#8243; offset=&#8221;vc_hidden-sm vc_hidden-xs&#8221;][\/vc_column][\/vc_row][vc_row][vc_column offset=&#8221;vc_col-lg-4&#8243;][vc_column_text css=&#8221;.vc_custom_1590772633143{padding-top: 40px !important;padding-right: 40px !important;padding-bottom: 40px !important;padding-left: 40px !important;background-color: #f2f2f2 !important;border-radius: 10px !important;}&#8221;]<\/p>\n<h2 style=\"text-align: center; font-size: 32px !important; line-height: 42px !important;\">Quem realiza uma adivinha\u00e7\u00e3o de If\u00e1?<\/h2>\n<p style=\"text-align: center;\">O <a href=\"https:\/\/ileawo.com\/pt-br\/pratica-de-ifa-tradicional\/babalawo-ifabiyii-akoda\/\">babalawo<\/a> \u00e9 a pessoa que realiza a adivinha\u00e7\u00e3o de If\u00e1. Para fazer isso, voc\u00ea deve ter conhecimento suficiente ou, se n\u00e3o tiver, um sacerdote para orient\u00e1-lo com a adivinha\u00e7\u00e3o, pois a falta de conhecimento far\u00e1 a diferen\u00e7a entre se a pessoa consultada v\u00ea resultados ou n\u00e3o.<\/p>\n<p>[\/vc_column_text][\/vc_column][vc_column offset=&#8221;vc_col-lg-4&#8243;][vc_column_text css=&#8221;.vc_custom_1590018607896{padding-top: 40px !important;padding-right: 40px !important;padding-bottom: 40px !important;padding-left: 40px !important;background-color: #f2f2f2 !important;border-radius: 10px !important;}&#8221;]<\/p>\n<h2 style=\"text-align: center; font-size: 32px !important; line-height: 42px !important;\">Quando fazer uma adivinha\u00e7\u00e3o de If\u00e1?<\/h2>\n<p style=\"text-align: center;\">If\u00e1 diz: &#8220;Eni ti ou nwa iwa-kuwa, nem i ri iri-kuri, Imoran la a koo da ki a to dafa&#8221; (Uma pergunta est\u00fapida merece uma resposta estupida, o bom senso prevalece a adivinha\u00e7\u00e3o de If\u00e1) .Isso significa que a adivinha\u00e7\u00e3o de If\u00e1 deve ser feita para assuntos importantes.<\/p>\n<p>[\/vc_column_text][\/vc_column][vc_column offset=&#8221;vc_col-lg-4&#8243;][vc_column_text css=&#8221;.vc_custom_1590772620242{padding-top: 40px !important;padding-right: 40px !important;padding-bottom: 40px !important;padding-left: 40px !important;background-color: #f2f2f2 !important;border-radius: 10px !important;}&#8221;]<\/p>\n<h2 style=\"text-align: center; font-size: 32px !important; line-height: 42px !important;\">O que fazer ap\u00f3s duma\u00a0adivinha\u00e7\u00e3o?<\/h2>\n<p style=\"text-align: center;\">Na adivinha\u00e7\u00e3o de If\u00e1, as recomenda\u00e7\u00f5es ser\u00e3o dadas e nos dir\u00e3o quais s\u00e3o as <a href=\"https:\/\/ileawo.com\/pt-br\/orixas-yoruba\/oferendas-aos-orixas\/\">oferendas<\/a> a serem feitas a If\u00e1 e aos Orixas para alcan\u00e7ar nossos objetivos. \u00c9 importante saber que, se n\u00e3o tivermos a capacidade de fazer essas oferendas, \u00e9 melhor n\u00e3o realizar adivinha\u00e7\u00f5es.<\/p>\n<p>[\/vc_column_text][\/vc_column][\/vc_row][vc_row el_class=&#8221;first-row&#8221;][vc_column width=&#8221;1\/6&#8243; offset=&#8221;vc_hidden-sm vc_hidden-xs&#8221;][\/vc_column][vc_column offset=&#8221;vc_col-md-8&#8243;][vc_column_text css=&#8221;.vc_custom_1590513287270{margin-bottom: 0px !important;}&#8221;]<\/p>\n<h2 style=\"text-align: center;\">Tipos de adivinha\u00e7\u00e3o de If\u00e1<\/h2>\n<p>[\/vc_column_text][\/vc_column][vc_column width=&#8221;1\/6&#8243; offset=&#8221;vc_hidden-sm vc_hidden-xs&#8221;][\/vc_column][\/vc_row][vc_row content_placement=&#8221;middle&#8221;][vc_column offset=&#8221;vc_col-lg-4&#8243;][vc_single_image image=&#8221;1087&#8243; img_size=&#8221;large&#8221; alignment=&#8221;center&#8221; css=&#8221;.vc_custom_1590065222252{margin-bottom: 0px !important;}&#8221;][\/vc_column][vc_column offset=&#8221;vc_col-lg-8&#8243;][vc_column_text]<\/p>\n<h5>A adivinha\u00e7\u00e3o com Ikin (sementes de If\u00e1)<\/h5>\n<p>\u00c9 a mais segura em todas as adivinha\u00e7\u00f5es. \u00c9 o que qualquer pessoa iniciada como babalawo ou iniciado em seus primeiros passos na religi\u00e3o tradicional deve realizar. \u00a0Tamb\u00e9m \u00e9 recomendada se a situa\u00e7\u00e3o em que a pessoa vai at\u00e9 If\u00e1 for extremamente grave, mesmo que n\u00e3o seja iniciada.<\/p>\n<p>Essa adivinha\u00e7\u00e3o consiste em jogar as sementes e marcar as linhas no Iyerosun (\u00ccy\u00e8r\u00f2s\u00f9n) que repousa no tabuleiro de If\u00e1, dependendo de quantas sementes ainda restam em nossas m\u00e3os. Se houver um ikin, duas linhas ser\u00e3o marcadas e, se houver duas sementes, uma linha ser\u00e1 marcada at\u00e9 que as oito que comp\u00f5em o Od\u00f9 If\u00e1 sejam conclu\u00eddas. Voc\u00ea pode aprender em detalhes como realizar essa adivinha\u00e7\u00e3o no <a href=\"http:\/\/hyperurl.co\/ifa-pro-app\">If\u00e1 Tradicional Pro<\/a>.[\/vc_column_text][\/vc_column][\/vc_row][vc_row content_placement=&#8221;middle&#8221;][vc_column offset=&#8221;vc_col-lg-4&#8243;][vc_single_image image=&#8221;1093&#8243; img_size=&#8221;large&#8221; alignment=&#8221;center&#8221; css=&#8221;.vc_custom_1590065239040{margin-bottom: 0px !important;}&#8221;][\/vc_column][vc_column offset=&#8221;vc_col-lg-8&#8243;][vc_column_text]<\/p>\n<h5>A adivinha\u00e7\u00e3o com Opele (\u00d2p\u00e8l\u00e8)<\/h5>\n<p>Ou corrente de If\u00e1 \u00e9 a mais comum usada para pessoas que n\u00e3o t\u00eam nenhum tipo de inicia\u00e7\u00e3o em If\u00e1 ou para iniciados que v\u00eam a If\u00e1 para um caso que n\u00e3o \u00e9 muito importante. Existem v\u00e1rios tipos de Opele: bronze, com sementes de opele, ou outros tipos de sementes aceitos para sua fabrica\u00e7\u00e3o.<\/p>\n<p>Essa adivinha\u00e7\u00e3o consiste no lan\u00e7amento do Opele e, dependendo da maneira como as oito sementes que comp\u00f5em a corrente caem, o sinal de If\u00e1 ser\u00e1 marcado. Ap\u00f3s a adivinha\u00e7\u00e3o, as oferendas de If\u00e1 devem ser feitas para os diferentes assuntos que If\u00e1 recomenda, como no caso da adivinha\u00e7\u00e3o com Ikin.[\/vc_column_text][\/vc_column][\/vc_row][vc_row content_placement=&#8221;middle&#8221;][vc_column offset=&#8221;vc_col-lg-4&#8243;][vc_single_image image=&#8221;1090&#8243; img_size=&#8221;large&#8221; alignment=&#8221;center&#8221; css=&#8221;.vc_custom_1590065255601{margin-bottom: 0px !important;}&#8221;][\/vc_column][vc_column offset=&#8221;vc_col-lg-8&#8243;][vc_column_text]<\/p>\n<h5>A adivinha\u00e7\u00e3o com Obi (Obi \u00e0b\u00e0t\u00e0)<\/h5>\n<p>\u00c9 a mais simples da cultura Yoruba. \u00c9 usado para perguntar aos diferentes Orixas se as oferendas que est\u00e3o sendo feitas s\u00e3o aceitas. Esse tipo de adivinha\u00e7\u00e3o tamb\u00e9m \u00e9 v\u00e1lido para fazer aos Orixas perguntas muito simples que n\u00e3o possuem grande relev\u00e2ncia. Geralmente, as pessoas tendem a confundir os Obi (Ob\u00ec) com c\u00f4co, no entanto, s\u00e3o totalmente diferentes umas das outras.<\/p>\n<p>Esse tipo de adivinha\u00e7\u00e3o consiste em dividir a noz Obi abata (Obi \u00e0b\u00e0t\u00e0) em quatro partes e, depois que a oferenda \u00e9 feita, o obi \u00e9 jogado no ch\u00e3o. Dependendo da maneira como as partes do Obi caem, o orix\u00e1 responder\u00e1 se a oferta foi aceita ou n\u00e3o.[\/vc_column_text][\/vc_column][\/vc_row][vc_row full_width=&#8221;stretch_row&#8221; content_placement=&#8221;middle&#8221; bg_type=&#8221;bg_color&#8221; bg_override=&#8221;ex-full&#8221; bg_color_value=&#8221;#f6f6f6&#8243; css=&#8221;.vc_custom_1590019109212{padding-top: 20px !important;padding-bottom: 20px !important;background-color: #f6f6f6 !important;}&#8221;][vc_column width=&#8221;2\/3&#8243;][vc_column_text el_class=&#8221;banner-text-alternative&#8221;]Recite os versos de Ifa como um verdadeiro Yoruba com If\u00e1 tradicional Pro[\/vc_column_text][\/vc_column][vc_column width=&#8221;1\/3&#8243;][vc_column_text css_animation=&#8221;bounceIn&#8221;]<\/p>\n<p style=\"text-align: center;\"><a class=\"custom-buttons\" href=\"http:\/\/hyperurl.co\/ifa-pro-app\">Baixar<\/a><\/p>\n<p>[\/vc_column_text][\/vc_column][\/vc_row][vc_row content_placement=&#8221;middle&#8221; css=&#8221;.vc_custom_1590019133982{padding-top: 40px !important;padding-bottom: 20px !important;}&#8221; el_class=&#8221;flex-row-tablet&#8221;][vc_column offset=&#8221;vc_col-lg-8&#8243; css=&#8221;.vc_custom_1590018849052{margin-top: -40px !important;}&#8221;][vc_column_text]<\/p>\n<h3 style=\"text-align: center;\">Os Signos de If\u00e1<\/h3>\n<p style=\"text-align: left;\">Olodumare transmite suas mensagens atrav\u00e9s dos Odu If\u00e1 ou Signos de if\u00e1. O babalawo que realiza a adivinha\u00e7\u00e3o deve conhecer cada um desses signos de If\u00e1 memorizados, que s\u00e3o aqueles que indicam \u00e0 pessoa quais s\u00e3o as recomenda\u00e7\u00f5es e oferendas para If\u00e1 e os orix\u00e1s que devem ser feitos para alcan\u00e7ar os resultados esperados. Existem 256 signos de If\u00e1: 16 deles mais velhos &#8211; mais conhecidos como Oju Odu Meindilongun &#8211; e outros 240 que surgem da combina\u00e7\u00e3o dos meji. Em cada um dos signos de If\u00e1, existem versos em forma de par\u00e1bolas, nos quais a mensagem de Olodumare est\u00e1 introduzida.<\/p>\n<p style=\"text-align: left;\">\u00c9 o babalawo encarregado de interpretar esses versos de If\u00e1, que sempre t\u00eam a mesma estrutura, o que nos permite reconhecer se um verso de If\u00e1 \u00e9 verdadeiro ou falso. Esses versos s\u00e3o aqueles que s\u00e3o recitados quando as oferendas e eb\u00f3s s\u00e3o feitos. Para facilitar o acesso e o aprendizado desses versos, em Il\u00e9 Awo, disponibilizamos aos seguidores da pr\u00e1tica tradicional da religi\u00e3o yoruba o aplicativo <a href=\"http:\/\/hyperurl.co\/oju-odu\">Oj\u00fa Od\u00f9<\/a>, com 80 versos dos 16 principais signos de If\u00e1.<\/p>\n<p>[\/vc_column_text][\/vc_column][vc_column offset=&#8221;vc_col-lg-4&#8243; css=&#8221;.vc_custom_1590018854300{margin-bottom: -40px !important;}&#8221;][vc_single_image image=&#8221;1096&#8243; img_size=&#8221;medium&#8221; alignment=&#8221;center&#8221; css=&#8221;.vc_custom_1590065284382{margin-bottom: -30px !important;}&#8221;][\/vc_column][\/vc_row][vc_row full_width=&#8221;stretch_row&#8221; content_placement=&#8221;middle&#8221; bg_type=&#8221;bg_color&#8221; bg_override=&#8221;ex-full&#8221; bg_color_value=&#8221;#4e89d5&#8243; el_class=&#8221;banner&#8221; css=&#8221;.vc_custom_1589983272951{margin-top: 40px !important;background-color: #4e89d5 !important;}&#8221;][vc_column width=&#8221;2\/3&#8243;][vc_column_text el_class=&#8221;banner-text&#8221;]Realize uma consulta com If\u00e1 e descubra o que te deparam os Orixas[\/vc_column_text][\/vc_column][vc_column width=&#8221;1\/3&#8243;][vc_column_text css_animation=&#8221;bounceIn&#8221;]<\/p>\n<p style=\"text-align: center;\"><a class=\"custom-buttons-alternative\" href=\"\/pt-br\/contato\/\">Consulte-nos<\/a><\/p>\n<p>[\/vc_column_text][\/vc_column][\/vc_row]<\/p>\n<\/div>"},"excerpt":{"rendered":"<p>[vc_row css=&#8221;.vc_custom_1572174624836{margin-top: 60px !important;margin-bottom: 40px !important;}&#8221; el_class=&#8221;first-row&#8221;][vc_column width=&#8221;1\/6&#8243; offset=&#8221;vc_hidden-sm vc_hidden-xs&#8221;][\/vc_column][vc_column offset=&#8221;vc_col-md-8&#8243;][vc_column_text] Realizar uma adivinha\u00e7\u00e3o de If\u00e1 \u00e9 o primeiro passo que toda pessoa deve dar para<span class=\"excerpt-hellip\"> [\u2026]<\/span><\/p>\n","protected":false},"author":1,"featured_media":916,"parent":1908,"menu_order":0,"comment_status":"open","ping_status":"open","template":"","meta":{"footnotes":""},"categories":[],"class_list":["post-1918","page","type-page","status-publish","has-post-thumbnail","hentry"],"yoast_head":"<!-- This site is optimized with the Yoast SEO Premium plugin v25.2 (Yoast SEO v27.5) - https:\/\/yoast.com\/product\/yoast-seo-premium-wordpress\/ -->\n<title>Adivinha\u00e7\u00e3o de If\u00e1: o sistema tradicional e os signos de If\u00e1 - Il\u00e9 Awo<\/title>\n<meta name=\"description\" content=\"Atrav\u00e9s da Adivinha\u00e7\u00e3o de If\u00e1 os yorubas decifram as mensagens de Olodumare. \u00c9 o primeiro passo que que deve dar uma pessoa para melhorar sua sorte.\" \/>\n<meta name=\"robots\" content=\"index, follow, max-snippet:-1, max-image-preview:large, max-video-preview:-1\" \/>\n<link rel=\"canonical\" href=\"https:\/\/ileawo.com\/pt-br\/pratica-de-ifa-tradicional\/adivinhacao-de-ifa\/\" \/>\n<meta property=\"og:locale\" content=\"pt_BR\" \/>\n<meta property=\"og:type\" content=\"article\" \/>\n<meta property=\"og:title\" content=\"O sistema de adivinha\u00e7\u00e3o de If\u00e1\" \/>\n<meta property=\"og:description\" content=\"Atrav\u00e9s da Adivinha\u00e7\u00e3o de If\u00e1 os yorubas decifram as mensagens de Olodumare. \u00c9 o primeiro passo que que deve dar uma pessoa para melhorar sua sorte.\" \/>\n<meta property=\"og:url\" content=\"https:\/\/ileawo.com\/pt-br\/pratica-de-ifa-tradicional\/adivinhacao-de-ifa\/\" \/>\n<meta property=\"og:site_name\" content=\"Il\u00e9 Awo\" \/>\n<meta property=\"article:publisher\" content=\"https:\/\/www.facebook.com\/ifabiyii\" \/>\n<meta property=\"article:modified_time\" content=\"2020-06-03T12:07:27+00:00\" \/>\n<meta property=\"og:image\" content=\"https:\/\/ileawo.com\/wp-content\/uploads\/2020\/05\/adivinha\u00e7ao-ifa.jpg\" \/>\n\t<meta property=\"og:image:width\" content=\"1200\" \/>\n\t<meta property=\"og:image:height\" content=\"633\" \/>\n\t<meta property=\"og:image:type\" content=\"image\/jpeg\" \/>\n<meta name=\"twitter:card\" content=\"summary_large_image\" \/>\n<meta name=\"twitter:image\" content=\"https:\/\/ileawo.com\/wp-content\/uploads\/2020\/05\/adivinha\u00e7ao-ifa.jpg\" \/>\n<meta name=\"twitter:site\" content=\"@ifabiyii\" \/>\n<!-- \/ Yoast SEO Premium plugin. -->","yoast_head_json":{"title":"Adivinha\u00e7\u00e3o de If\u00e1: o sistema tradicional e os signos de If\u00e1 - Il\u00e9 Awo","description":"Atrav\u00e9s da Adivinha\u00e7\u00e3o de If\u00e1 os yorubas decifram as mensagens de Olodumare. \u00c9 o primeiro passo que que deve dar uma pessoa para melhorar sua sorte.","robots":{"index":"index","follow":"follow","max-snippet":"max-snippet:-1","max-image-preview":"max-image-preview:large","max-video-preview":"max-video-preview:-1"},"canonical":"https:\/\/ileawo.com\/pt-br\/pratica-de-ifa-tradicional\/adivinhacao-de-ifa\/","og_locale":"pt_BR","og_type":"article","og_title":"O sistema de adivinha\u00e7\u00e3o de If\u00e1","og_description":"Atrav\u00e9s da Adivinha\u00e7\u00e3o de If\u00e1 os yorubas decifram as mensagens de Olodumare. \u00c9 o primeiro passo que que deve dar uma pessoa para melhorar sua sorte.","og_url":"https:\/\/ileawo.com\/pt-br\/pratica-de-ifa-tradicional\/adivinhacao-de-ifa\/","og_site_name":"Il\u00e9 Awo","article_publisher":"https:\/\/www.facebook.com\/ifabiyii","article_modified_time":"2020-06-03T12:07:27+00:00","og_image":[{"width":1200,"height":633,"url":"https:\/\/ileawo.com\/wp-content\/uploads\/2020\/05\/adivinha\u00e7ao-ifa.jpg","type":"image\/jpeg"}],"twitter_card":"summary_large_image","twitter_image":"https:\/\/ileawo.com\/wp-content\/uploads\/2020\/05\/adivinha\u00e7ao-ifa.jpg","twitter_site":"@ifabiyii","schema":{"@context":"https:\/\/schema.org","@graph":[{"@type":"Article","@id":"https:\/\/ileawo.com\/pt-br\/pratica-de-ifa-tradicional\/adivinhacao-de-ifa\/#article","isPartOf":{"@id":"https:\/\/ileawo.com\/pt-br\/pratica-de-ifa-tradicional\/adivinhacao-de-ifa\/"},"author":{"name":"If\u00e1b\u00edy\u00ec\u00ed Ak\u00f3d\u00e0","@id":"http:\/\/ileawo.com\/pt-br\/#\/schema\/person\/5b4d3af5a9aa8f02fe88dbeb048ef64a"},"headline":"O sistema de adivinha\u00e7\u00e3o de If\u00e1","datePublished":"2019-10-26T22:00:00+00:00","dateModified":"2020-06-03T12:07:27+00:00","mainEntityOfPage":{"@id":"https:\/\/ileawo.com\/pt-br\/pratica-de-ifa-tradicional\/adivinhacao-de-ifa\/"},"wordCount":1450,"commentCount":0,"publisher":{"@id":"http:\/\/ileawo.com\/pt-br\/#organization"},"image":{"@id":"https:\/\/ileawo.com\/pt-br\/pratica-de-ifa-tradicional\/adivinhacao-de-ifa\/#primaryimage"},"thumbnailUrl":"https:\/\/ileawo.com\/wp-content\/uploads\/2020\/05\/adivinha\u00e7ao-ifa.jpg","inLanguage":"pt-BR","potentialAction":[{"@type":"CommentAction","name":"Comment","target":["https:\/\/ileawo.com\/pt-br\/pratica-de-ifa-tradicional\/adivinhacao-de-ifa\/#respond"]}]},{"@type":"WebPage","@id":"https:\/\/ileawo.com\/pt-br\/pratica-de-ifa-tradicional\/adivinhacao-de-ifa\/","url":"https:\/\/ileawo.com\/pt-br\/pratica-de-ifa-tradicional\/adivinhacao-de-ifa\/","name":"Adivinha\u00e7\u00e3o de If\u00e1: o sistema tradicional e os signos de If\u00e1 - Il\u00e9 Awo","isPartOf":{"@id":"http:\/\/ileawo.com\/pt-br\/#website"},"primaryImageOfPage":{"@id":"https:\/\/ileawo.com\/pt-br\/pratica-de-ifa-tradicional\/adivinhacao-de-ifa\/#primaryimage"},"image":{"@id":"https:\/\/ileawo.com\/pt-br\/pratica-de-ifa-tradicional\/adivinhacao-de-ifa\/#primaryimage"},"thumbnailUrl":"https:\/\/ileawo.com\/wp-content\/uploads\/2020\/05\/adivinha\u00e7ao-ifa.jpg","datePublished":"2019-10-26T22:00:00+00:00","dateModified":"2020-06-03T12:07:27+00:00","description":"Atrav\u00e9s da Adivinha\u00e7\u00e3o de If\u00e1 os yorubas decifram as mensagens de Olodumare. \u00c9 o primeiro passo que que deve dar uma pessoa para melhorar sua sorte.","breadcrumb":{"@id":"https:\/\/ileawo.com\/pt-br\/pratica-de-ifa-tradicional\/adivinhacao-de-ifa\/#breadcrumb"},"inLanguage":"pt-BR","potentialAction":[{"@type":"ReadAction","target":["https:\/\/ileawo.com\/pt-br\/pratica-de-ifa-tradicional\/adivinhacao-de-ifa\/"]}]},{"@type":"ImageObject","inLanguage":"pt-BR","@id":"https:\/\/ileawo.com\/pt-br\/pratica-de-ifa-tradicional\/adivinhacao-de-ifa\/#primaryimage","url":"https:\/\/ileawo.com\/wp-content\/uploads\/2020\/05\/adivinha\u00e7ao-ifa.jpg","contentUrl":"https:\/\/ileawo.com\/wp-content\/uploads\/2020\/05\/adivinha\u00e7ao-ifa.jpg","width":1200,"height":633,"caption":"adivinha\u00e7ao de if\u00e1"},{"@type":"BreadcrumbList","@id":"https:\/\/ileawo.com\/pt-br\/pratica-de-ifa-tradicional\/adivinhacao-de-ifa\/#breadcrumb","itemListElement":[{"@type":"ListItem","position":1,"name":"Home","item":"http:\/\/ileawo.com\/pt-br\/"},{"@type":"ListItem","position":2,"name":"Pr\u00e1tica de If\u00e1 Tradicional","item":"https:\/\/ileawo.com\/pt-br\/pratica-de-ifa-tradicional\/"},{"@type":"ListItem","position":3,"name":"O sistema de adivinha\u00e7\u00e3o de If\u00e1"}]},{"@type":"WebSite","@id":"http:\/\/ileawo.com\/pt-br\/#website","url":"http:\/\/ileawo.com\/pt-br\/","name":"Il\u00e9 Awo","description":"","publisher":{"@id":"http:\/\/ileawo.com\/pt-br\/#organization"},"potentialAction":[{"@type":"SearchAction","target":{"@type":"EntryPoint","urlTemplate":"http:\/\/ileawo.com\/pt-br\/?s={search_term_string}"},"query-input":{"@type":"PropertyValueSpecification","valueRequired":true,"valueName":"search_term_string"}}],"inLanguage":"pt-BR"},{"@type":"Organization","@id":"http:\/\/ileawo.com\/pt-br\/#organization","name":"Il\u00e9 Awo","url":"http:\/\/ileawo.com\/pt-br\/","logo":{"@type":"ImageObject","inLanguage":"pt-BR","@id":"http:\/\/ileawo.com\/pt-br\/#\/schema\/logo\/image\/","url":"https:\/\/ileawo.com\/wp-content\/uploads\/revslider\/Bienvenido\/Logo-Ile-Awo-20201.png","contentUrl":"https:\/\/ileawo.com\/wp-content\/uploads\/revslider\/Bienvenido\/Logo-Ile-Awo-20201.png","width":500,"height":155,"caption":"Il\u00e9 Awo"},"image":{"@id":"http:\/\/ileawo.com\/pt-br\/#\/schema\/logo\/image\/"},"sameAs":["https:\/\/www.facebook.com\/ifabiyii","https:\/\/x.com\/ifabiyii","https:\/\/www.instagram.com\/ifabiyii_akoda\/"]},{"@type":"Person","@id":"http:\/\/ileawo.com\/pt-br\/#\/schema\/person\/5b4d3af5a9aa8f02fe88dbeb048ef64a","name":"If\u00e1b\u00edy\u00ec\u00ed Ak\u00f3d\u00e0","image":{"@type":"ImageObject","inLanguage":"pt-BR","@id":"https:\/\/secure.gravatar.com\/avatar\/07530fd5fec1f19247b6ca33a6f419284691fff29c8857d86ea771d943bdba08?s=96&d=mm&r=g","url":"https:\/\/secure.gravatar.com\/avatar\/07530fd5fec1f19247b6ca33a6f419284691fff29c8857d86ea771d943bdba08?s=96&d=mm&r=g","contentUrl":"https:\/\/secure.gravatar.com\/avatar\/07530fd5fec1f19247b6ca33a6f419284691fff29c8857d86ea771d943bdba08?s=96&d=mm&r=g","caption":"If\u00e1b\u00edy\u00ec\u00ed Ak\u00f3d\u00e0"},"sameAs":["https:\/\/ileawo.com\/"]}]}},"_links":{"self":[{"href":"https:\/\/ileawo.com\/pt-br\/wp-json\/wp\/v2\/pages\/1918","targetHints":{"allow":["GET"]}}],"collection":[{"href":"https:\/\/ileawo.com\/pt-br\/wp-json\/wp\/v2\/pages"}],"about":[{"href":"https:\/\/ileawo.com\/pt-br\/wp-json\/wp\/v2\/types\/page"}],"author":[{"embeddable":true,"href":"https:\/\/ileawo.com\/pt-br\/wp-json\/wp\/v2\/users\/1"}],"replies":[{"embeddable":true,"href":"https:\/\/ileawo.com\/pt-br\/wp-json\/wp\/v2\/comments?post=1918"}],"version-history":[{"count":0,"href":"https:\/\/ileawo.com\/pt-br\/wp-json\/wp\/v2\/pages\/1918\/revisions"}],"up":[{"embeddable":true,"href":"https:\/\/ileawo.com\/pt-br\/wp-json\/wp\/v2\/pages\/1908"}],"wp:featuredmedia":[{"embeddable":true,"href":"https:\/\/ileawo.com\/pt-br\/wp-json\/wp\/v2\/media\/916"}],"wp:attachment":[{"href":"https:\/\/ileawo.com\/pt-br\/wp-json\/wp\/v2\/media?parent=1918"}],"wp:term":[{"taxonomy":"category","embeddable":true,"href":"https:\/\/ileawo.com\/pt-br\/wp-json\/wp\/v2\/categories?post=1918"}],"curies":[{"name":"wp","href":"https:\/\/api.w.org\/{rel}","templated":true}]}}