{"id":1908,"date":"2019-10-26T00:00:00","date_gmt":"2019-10-25T22:00:00","guid":{"rendered":"https:\/\/ileawo.com\/pratica-de-ifa-tradicional\/"},"modified":"2020-08-05T16:23:32","modified_gmt":"2020-08-05T14:23:32","slug":"pratica-de-ifa-tradicional","status":"publish","type":"page","link":"https:\/\/ileawo.com\/pt-br\/pratica-de-ifa-tradicional\/","title":{"rendered":"Pr\u00e1tica de If\u00e1 Tradicional"},"content":{"rendered":"<div class=\"wpb-content-wrapper\"><p>[vc_row css=&#8221;.vc_custom_1572174624836{margin-top: 60px !important;margin-bottom: 40px !important;}&#8221; el_class=&#8221;first-row&#8221;][vc_column width=&#8221;1\/6&#8243; offset=&#8221;vc_hidden-sm vc_hidden-xs&#8221;][\/vc_column][vc_column offset=&#8221;vc_col-md-8&#8243;][vc_column_text]<\/p>\n<p style=\"text-align: center;\">&#8220;If\u00e1 \u00e9 a totalidade da mensagem de Deus para a humanidade, enviada por meio de \u00d2r\u00fanm\u00ecl\u00e0&#8221;.\u00a0Na cultura Yoruba, If\u00e1 abrange tudo: cerim\u00f4nias, sacrif\u00edcios, tabus, tambores, cantos, rezas, rezas e inicia\u00e7\u00f5es. B\u00e1sicamente \u00e9 Rufo para os seguidores da religi\u00e3o Yoruba. \u00c9 uma forma de vida, aqui poder\u00e1 encontrar informa\u00e7\u00e3o de If\u00e1 e suas pr\u00e1ticas, poder\u00e1 saber o que \u00e9 um babalawo e o que \u00e9 a pr\u00e1tica tradicional.<\/p>\n<p>[\/vc_column_text][\/vc_column][vc_column width=&#8221;1\/6&#8243; offset=&#8221;vc_hidden-sm vc_hidden-xs&#8221;][\/vc_column][\/vc_row][vc_row full_width=&#8221;stretch_row&#8221; content_placement=&#8221;middle&#8221; bg_type=&#8221;bg_color&#8221; bg_color_value=&#8221;#f6f6f6&#8243; css=&#8221;.vc_custom_1589982409930{padding-top: 40px !important;padding-bottom: 40px !important;background-color: #f6f6f6 !important;}&#8221;][vc_column offset=&#8221;vc_col-md-4&#8243; css=&#8221;.vc_custom_1577462456736{margin-bottom: 0px !important;border-bottom-width: 0px !important;padding-bottom: 0px !important;}&#8221;][vc_single_image image=&#8221;1356&#8243; img_size=&#8221;large&#8221; alignment=&#8221;center&#8221; css_animation=&#8221;left-to-right&#8221; css=&#8221;.vc_custom_1590061668104{margin-bottom: 0px !important;border-bottom-width: 0px !important;padding-bottom: 0px !important;}&#8221;][\/vc_column][vc_column offset=&#8221;vc_col-md-8&#8243;][vc_column_text]<\/p>\n<h2 style=\"text-align: center;\">A cultura e a religi\u00e3o Yoruba<\/h2>\n<p>Os Yorubas (Yor\u00f9b\u00e1 em idioma original) s\u00e3o uma das etnias mais antigas do mundo.\u00a0Concentradas em varias popula\u00e7\u00f5es do Oeste africano, est\u00e1 composta por mais ou menos 30 milh\u00f5es de habitantes. Talvez o mais conhecido da cultura Yoruba seja a pr\u00e1tica de If\u00e1, que \u00e9 sua religi\u00e3o e tamb\u00e9m sua completa forma de vida.\u00a0No entanto, se acredita que a palavra Yoruba deriva de \u201cyo-ru-ebo\u201d que significa \u201cveneramos aos orix\u00e1s. (\u00d2r\u00ecs\u00e0 em Yoruba).<\/p>\n<p>Essa cultura passou a ser conhecida fora de seu territ\u00f3rio na \u00e9poca da escravid\u00e3o. E se difundiu principalmente na Am\u00e9rica latina, mais especificamente em Cuba, Brasil e Venezuela.<\/p>\n<p>N\u00e3o existe uma maneira \u00fanica de praticar If\u00e1 na Nig\u00e9ria. Existem v\u00e1rias linhagens que t\u00eam suas tradi\u00e7\u00f5es e seu modo de praticar a religi\u00e3o, e tudo o que existe \u00e9 v\u00e1lido e respeitado. Fora da Nig\u00e9ria, tamb\u00e9m existem linhagens que estavam adaptando a pr\u00e1tica tradicional \u00e0s caracter\u00edsticas de cada pa\u00eds, como idioma ou materiais. S\u00e3o precisamente essas mudan\u00e7as dr\u00e1sticas que a religi\u00e3o Yoruba sofreu durante sua adapta\u00e7\u00e3o. Foi o que levou muitos babalawos ou iniciados a buscar uma pr\u00e1tica mais tradicional ou uma linhagem mais pura.<\/p>\n<p>[\/vc_column_text][\/vc_column][\/vc_row][vc_row content_placement=&#8221;middle&#8221; el_class=&#8221;flex-row-tablet&#8221;][vc_column offset=&#8221;vc_col-md-8&#8243;][vc_column_text]<\/p>\n<h2 style=\"text-align: center;\">O Babalawo no If\u00e1 tradicional<\/h2>\n<p>O <a href=\"https:\/\/ileawo.com\/pt-br\/pratica-de-ifa-tradicional\/babalawo-ifabiyii-akoda\/\">babalawo<\/a> (awo) \u00e9 um sacerdote de If\u00e1. \u00c9 a pessoa que, atrav\u00e9s da adivinha\u00e7\u00e3o, decifra as mensagens de Orunmila para melhorar a vida das pessoas e permitir que elas superem qualquer obst\u00e1culo.<\/p>\n<p>A vida de um babalawo \u00e9 guiada pela busca de conhecimento e bom comportamento. Esse conhecimento pode ser adquirido de duas maneiras: ou atrav\u00e9s de um membro da fam\u00edlia (como no caso dos yorubas) ou com um sacerdote de If\u00e1. \u00c9 uma prioridade que o babalawo se dedique a estudar porque, sem conhecimento, n\u00e3o deve realizar nenhuma cerim\u00f4nia ou adivinha\u00e7\u00e3o. Atualmente, o Babalawo tamb\u00e9m possui ferramentas dispon\u00edveis para facilitar o acesso ao aprendizado de If\u00e1, como <a href=\"https:\/\/ileawo.com\/pt-br\/aplicacoes\/\">os aplicativos de If\u00e1<\/a> desenvolvidos por Il\u00e9 Awo com informa\u00e7\u00f5es exclusivas sobre a pr\u00e1tica tradicional que at\u00e9 agora eram acess\u00edveis apenas por sacerdotes tradicionais de If\u00e1 .<\/p>\n<p>Al\u00e9m disso, o babalawo deve ter um comportamento exemplar, pois quando isso n\u00e3o \u00e9 cumprido, o awo come\u00e7a a ter dificuldades a n\u00edvel religioso e pessoal. Ao consultar um babalawo, devemos levar em considera\u00e7\u00e3o algumas chaves para saber o que estamos em boas m\u00e3os. Uma delas \u00e9 que ao awo n\u00e3o lhe falte nenhuma sorte, e o mais importante, que as oferendas feitas obter\u00e3o o resultado esperado.[\/vc_column_text][\/vc_column][vc_column offset=&#8221;vc_col-md-4&#8243; css=&#8221;.vc_custom_1577462622575{margin-bottom: 0px !important;border-bottom-width: 0px !important;padding-bottom: 0px !important;}&#8221;][vc_single_image image=&#8221;1130&#8243; img_size=&#8221;large&#8221; alignment=&#8221;center&#8221; css=&#8221;.vc_custom_1590061722687{margin-bottom: 0px !important;border-bottom-width: 0px !important;padding-bottom: 0px !important;}&#8221;][\/vc_column][\/vc_row][vc_row full_width=&#8221;stretch_row_content&#8221; content_placement=&#8221;middle&#8221; parallax=&#8221;content-moving&#8221; parallax_image=&#8221;696&#8243; parallax_speed_bg=&#8221;1.8&#8243; css=&#8221;.vc_custom_1590061742804{padding-top: 60px !important;padding-bottom: 60px !important;}&#8221;][vc_column width=&#8221;1\/6&#8243; offset=&#8221;vc_hidden-xs&#8221;][\/vc_column][vc_column width=&#8221;2\/3&#8243; offset=&#8221;vc_col-md-8 vc_col-xs-12&#8243;][vc_column_text]<\/p>\n<h2 style=\"text-align: center;\"><span style=\"color: #ffffff;\">A busca do tradicionalismo em If\u00e1<\/span><\/h2>\n<p style=\"text-align: center;\"><span style=\"color: #fcfcfc;\">As mudan\u00e7as dr\u00e1sticas sofridas pela religi\u00e3o yoruba abriram as portas para a busca do tradicionalismo<\/span><\/p>\n<p>[\/vc_column_text][vc_column_text]<\/p>\n<p style=\"text-align: center;\"><a href=\"\/pt-br\/contato\/\"><span style=\"color: #ffffff;\">Ler mais<\/span><\/a><\/p>\n<p>[\/vc_column_text][\/vc_column][vc_column width=&#8221;1\/6&#8243; offset=&#8221;vc_hidden-xs&#8221;][\/vc_column][\/vc_row][vc_row css=&#8221;.vc_custom_1575409037702{padding-top: 20px !important;}&#8221;][vc_column width=&#8221;1\/6&#8243; offset=&#8221;vc_hidden-sm vc_hidden-xs&#8221;][\/vc_column][vc_column offset=&#8221;vc_col-md-8&#8243;][vc_column_text css=&#8221;.vc_custom_1590062615095{margin-bottom: 0px !important;}&#8221;]<\/p>\n<h2 style=\"text-align: center;\">A pr\u00e1tica tradicional<\/h2>\n<p style=\"text-align: center;\">A pr\u00e1tica do If\u00e1 Tradicional consiste em receber conselhos de um babalawo (Awo), que atrav\u00e9s da adivinha\u00e7\u00e3o de If\u00e1 \u00e9 respons\u00e1vel por decifrar a mensagem de Oludumare (Ol\u00f3d\u00f9mar\u00e8). A partir da adivinha\u00e7\u00e3o, as oferendas s\u00e3o feitas para solucionar os problemas indicados pelo Odu revelado e evitar qualquer negatividade. Essas recomenda\u00e7\u00f5es s\u00e3o o que nos permitem melhorar nossas vidas. Clique nos links a seguir para conhecer os detalhes da pr\u00e1tica de If\u00e1 ou fa\u00e7a o download de nossos aplicativos.<\/p>\n<p>[\/vc_column_text][\/vc_column][vc_column width=&#8221;1\/6&#8243; offset=&#8221;vc_hidden-sm vc_hidden-xs&#8221;][\/vc_column][\/vc_row][vc_row full_width=&#8221;stretch_row_content_no_spaces&#8221; css=&#8221;.vc_custom_1590002897546{margin-top: 0px !important;margin-right: 0px !important;margin-bottom: -8px !important;margin-left: 0px !important;border-top-width: 0px !important;border-right-width: 0px !important;border-bottom-width: 0px !important;border-left-width: 0px !important;padding-top: 0px !important;padding-right: 0px !important;padding-bottom: 0px !important;padding-left: 0px !important;}&#8221;][vc_column width=&#8221;1\/2&#8243; css=&#8221;.vc_custom_1589982816493{margin-top: 0px !important;margin-right: 0px !important;margin-bottom: 0px !important;margin-left: 0px !important;border-top-width: 0px !important;border-right-width: 0px !important;border-bottom-width: 0px !important;border-left-width: 0px !important;padding-top: 0px !important;padding-right: 0px !important;padding-bottom: 0px !important;padding-left: 0px !important;}&#8221; offset=&#8221;vc_col-lg-3&#8243;][vc_raw_html]JTNDZGl2JTIwY2xhc3MlM0QlMjJpbWFnZS1jb250YWluZXIlMjIlM0UlMEElMDklM0NhJTIwaHJlZiUzRCUyMiUyRnB0LWJyJTJGb3JpeGFzLXlvcnViYSUyRm9mZXJlbmRhcy1hb3Mtb3JpeGFzJTJGJTIyJTNFJTBBJTIwJTIwJTA5JTNDaW1nJTIwc3JjJTNEJTIyJTJGd3AtY29udGVudCUyRnVwbG9hZHMlMkYyMDIwJTJGMDUlMkZvZnJlbmRhcy1kZS1pZmEuanBnJTIyJTIwYWx0JTNEJTIyT2ZlcmVuZGFzJTIwYW9zJTIwT3JpeGFzJTIyJTIwc3R5bGUlM0QlMjJ3aWR0aCUzQTEwMCUyNSUzQiUyMiUzRSUwQSUyMCUyMCUwOSUzQ2RpdiUyMGNsYXNzJTNEJTIydGV4dC1ib3R0b20tbGVmdCUyMiUzRSUzQ2gzJTIwc3R5bGUlM0QlMjJjb2xvciUzQSUyMCUyM2ZmZmZmZiUzQiUyMG1hcmdpbiUzQSUyMDAlM0IlMjIlM0VPZmVyZW5kYXMlMjBkZSUyMElmJUMzJUExJTNDJTJGaDMlM0UlM0MlMkZkaXYlM0UlMEElMjAlMjAlMjAlMjAlM0MlMkZhJTNFJTBBJTNDJTJGZGl2JTNF[\/vc_raw_html][\/vc_column][vc_column width=&#8221;1\/2&#8243; css=&#8221;.vc_custom_1589982827493{margin-top: 0px !important;margin-right: 0px !important;margin-bottom: 0px !important;margin-left: 0px !important;border-top-width: 0px !important;border-right-width: 0px !important;border-bottom-width: 0px !important;border-left-width: 0px !important;padding-top: 0px !important;padding-right: 0px !important;padding-bottom: 0px !important;padding-left: 0px !important;}&#8221; offset=&#8221;vc_col-lg-3&#8243;][vc_raw_html]JTNDZGl2JTIwY2xhc3MlM0QlMjJpbWFnZS1jb250YWluZXIlMjIlM0UlMEElMDklM0NhJTIwaHJlZiUzRCUyMiUyRnB0LWJyJTJGb3JpeGFzLXlvcnViYSUyRm9ydW5taWxhLW9ydWxhJTJGJTIyJTNFJTBBJTIwJTIwJTA5JTNDaW1nJTIwc3JjJTNEJTIyJTJGd3AtY29udGVudCUyRnVwbG9hZHMlMkYyMDIwJTJGMDUlMkZvcnVubWlsYS5qcGclMjIlMjBhbHQlM0QlMjJPcnVubWlsYSUyQyUyME9yaXhhJTIwZGElMjBhZGl2aW5oYSVDMyVBN2FvJTIyJTIwc3R5bGUlM0QlMjJ3aWR0aCUzQTEwMCUyNSUzQiUyMiUzRSUwQSUyMCUyMCUwOSUzQ2RpdiUyMGNsYXNzJTNEJTIydGV4dC1ib3R0b20tbGVmdCUyMiUzRSUzQ2gzJTIwc3R5bGUlM0QlMjJjb2xvciUzQSUyMCUyM2ZmZmZmZiUzQiUyMG1hcmdpbiUzQSUyMDAlM0IlMjIlM0VPcnVubWlsYSUzQyUyRmgzJTNFJTNDJTJGZGl2JTNFJTBBJTIwJTIwJTIwJTIwJTNDJTJGYSUzRSUwQSUzQyUyRmRpdiUzRQ==[\/vc_raw_html][\/vc_column][vc_column width=&#8221;1\/2&#8243; css=&#8221;.vc_custom_1589982836136{margin-top: 0px !important;margin-right: 0px !important;margin-bottom: 0px !important;margin-left: 0px !important;padding-top: 0px !important;padding-right: 0px !important;padding-bottom: 0px !important;padding-left: 0px !important;}&#8221; offset=&#8221;vc_col-lg-3&#8243;][vc_raw_html]JTNDZGl2JTIwY2xhc3MlM0QlMjJpbWFnZS1jb250YWluZXIlMjIlM0UlMEElMDklM0NhJTIwaHJlZiUzRCUyMiUyRnB0LWJyJTJGcHJhdGljYS1kZS1pZmEtdHJhZGljaW9uYWwlMkZhZGl2aW5oYWNhby1kZS1pZmElMkYlMjIlM0UlMEElMjAlMjAlMDklM0NpbWclMjBzcmMlM0QlMjJodHRwcyUzQSUyRiUyRmlsZWF3by5jb20lMkZ3cC1jb250ZW50JTJGdXBsb2FkcyUyRjIwMjAlMkYwNSUyRmFkaXZpbmFjaW9uLWRlLWlmYS0yLTIuanBnJTIyJTIwYWx0JTNEJTIyTyUyMHNpc3RlbWElMjBkZSUyMGFkaXZpbmhhJUMzJUE3JUMzJUEzbyUyMGRlJTIwSWYlQzMlQTElMjIlMjBzdHlsZSUzRCUyMndpZHRoJTNBMTAwJTI1JTNCJTIyJTNFJTBBJTIwJTIwJTA5JTNDZGl2JTIwY2xhc3MlM0QlMjJ0ZXh0LWJvdHRvbS1sZWZ0JTIyJTNFJTNDaDMlMjBzdHlsZSUzRCUyMmNvbG9yJTNBJTIwJTIzZmZmZmZmJTNCJTIwbWFyZ2luJTNBJTIwMCUzQiUyMiUzRUFkaXZpbmhhJUMzJUE3JUMzJUEzbyUyMGRlJTIwSWYlQzMlQTElM0MlMkZoMyUzRSUzQyUyRmRpdiUzRSUwQSUyMCUyMCUyMCUyMCUzQyUyRmElM0UlMEElM0MlMkZkaXYlM0U=[\/vc_raw_html][\/vc_column][vc_column width=&#8221;1\/2&#8243; css=&#8221;.vc_custom_1589982844680{margin-top: 0px !important;margin-right: 0px !important;margin-bottom: 0px !important;margin-left: 0px !important;border-top-width: 0px !important;border-right-width: 0px !important;border-bottom-width: 0px !important;border-left-width: 0px !important;padding-top: 0px !important;padding-right: 0px !important;padding-bottom: 0px !important;padding-left: 0px !important;}&#8221; offset=&#8221;vc_col-lg-3&#8243;][vc_raw_html]JTNDZGl2JTIwY2xhc3MlM0QlMjJpbWFnZS1jb250YWluZXIlMjIlM0UlMEElMDklM0NhJTIwaHJlZiUzRCUyMiUyRnB0LWJyJTJGcHJhdGljYS1kZS1pZmEtdHJhZGljaW9uYWwlMkZpbmljaWFjYW8tZGUtaWZhJTJGJTIyJTNFJTBBJTIwJTIwJTA5JTNDaW1nJTIwc3JjJTNEJTIyJTJGd3AtY29udGVudCUyRnVwbG9hZHMlMkYyMDIwJTJGMDUlMkZpbmljaWFjaW9uLWRlLWlmYS5qcGclMjIlMjBhbHQlM0QlMjJDZXJpbSVDMyVCNG5pYXMlMjBkZSUyMGluaWNpYSVDMyVBNyVDMyVBM28lMjBZb3J1YmElMjIlMjBzdHlsZSUzRCUyMndpZHRoJTNBMTAwJTI1JTNCJTIyJTNFJTBBJTIwJTIwJTA5JTNDZGl2JTIwY2xhc3MlM0QlMjJ0ZXh0LWJvdHRvbS1sZWZ0JTIyJTNFJTNDaDMlMjBzdHlsZSUzRCUyMmNvbG9yJTNBJTIwJTIzZmZmZmZmJTNCJTIwbWFyZ2luJTNBJTIwMCUzQiUyMiUzRUluaWNpYSVDMyVBNyVDMyVBM28lMjBkZSUyMElmJUMzJUExJTNDJTJGaDMlM0UlM0MlMkZkaXYlM0UlMEElMjAlMjAlMjAlMjAlM0MlMkZhJTNFJTBBJTNDJTJGZGl2JTNF[\/vc_raw_html][\/vc_column][\/vc_row][vc_row full_width=&#8221;stretch_row&#8221; content_placement=&#8221;middle&#8221; bg_type=&#8221;bg_color&#8221; bg_override=&#8221;ex-full&#8221; bg_color_value=&#8221;#4e89d5&#8243; el_class=&#8221;banner&#8221; css=&#8221;.vc_custom_1589982647122{margin-top: 0px !important;background-color: #4e89d5 !important;}&#8221;][vc_column width=&#8221;2\/3&#8243;][vc_column_text el_class=&#8221;banner-text&#8221;]Recite os versos de If\u00e1 como um verdadeiro Yoruba, com If\u00e1 Tradicional Pro[\/vc_column_text][\/vc_column][vc_column width=&#8221;1\/3&#8243;][vc_column_text css_animation=&#8221;bounceIn&#8221;]<\/p>\n<p style=\"text-align: center;\"><a class=\"custom-buttons-alternative\" href=\"http:\/\/hyperurl.co\/ifa-pro-app\">Baixar<\/a><\/p>\n<p>[\/vc_column_text][\/vc_column][\/vc_row]<\/p>\n<\/div>"},"excerpt":{"rendered":"<p>[vc_row css=&#8221;.vc_custom_1572174624836{margin-top: 60px !important;margin-bottom: 40px !important;}&#8221; el_class=&#8221;first-row&#8221;][vc_column width=&#8221;1\/6&#8243; offset=&#8221;vc_hidden-sm vc_hidden-xs&#8221;][\/vc_column][vc_column offset=&#8221;vc_col-md-8&#8243;][vc_column_text] &#8220;If\u00e1 \u00e9 a totalidade da mensagem de Deus para a humanidade, enviada por meio de<span class=\"excerpt-hellip\"> [\u2026]<\/span><\/p>\n","protected":false},"author":1,"featured_media":3398,"parent":0,"menu_order":0,"comment_status":"open","ping_status":"open","template":"","meta":{"footnotes":""},"categories":[],"class_list":["post-1908","page","type-page","status-publish","has-post-thumbnail","hentry"],"yoast_head":"<!-- This site is optimized with the Yoast SEO Premium plugin v25.2 (Yoast SEO v27.3) - https:\/\/yoast.com\/product\/yoast-seo-premium-wordpress\/ -->\n<title>If\u00e1 tradicional: a pratica milenaria da religi\u00e3o yoruba - Il\u00e9 Awo<\/title>\n<meta name=\"description\" content=\"A pr\u00e1tica de If\u00e1 tradicional \u00e9 uma filosofia de vida e uma cultura milenaria que chegou a atualidade intacta em sua estrutura e fundamentos\" \/>\n<meta name=\"robots\" content=\"index, follow, max-snippet:-1, max-image-preview:large, max-video-preview:-1\" \/>\n<link rel=\"canonical\" href=\"https:\/\/ileawo.com\/pt-br\/pratica-de-ifa-tradicional\/\" \/>\n<meta property=\"og:locale\" content=\"pt_BR\" \/>\n<meta property=\"og:type\" content=\"article\" \/>\n<meta property=\"og:title\" content=\"Pr\u00e1tica de If\u00e1 Tradicional\" \/>\n<meta property=\"og:description\" content=\"A pr\u00e1tica de If\u00e1 tradicional \u00e9 uma filosofia de vida e uma cultura milenaria que chegou a atualidade intacta em sua estrutura e fundamentos\" \/>\n<meta property=\"og:url\" content=\"https:\/\/ileawo.com\/pt-br\/pratica-de-ifa-tradicional\/\" \/>\n<meta property=\"og:site_name\" content=\"Il\u00e9 Awo\" \/>\n<meta property=\"article:publisher\" content=\"https:\/\/www.facebook.com\/ifabiyii\" \/>\n<meta property=\"article:modified_time\" content=\"2020-08-05T14:23:32+00:00\" \/>\n<meta property=\"og:image\" content=\"https:\/\/ileawo.com\/wp-content\/uploads\/2020\/05\/pratica-ifa-tradicinal.jpg\" \/>\n\t<meta property=\"og:image:width\" content=\"1200\" \/>\n\t<meta property=\"og:image:height\" content=\"633\" \/>\n\t<meta property=\"og:image:type\" content=\"image\/jpeg\" \/>\n<meta name=\"twitter:card\" content=\"summary_large_image\" \/>\n<meta name=\"twitter:site\" content=\"@ifabiyii\" \/>\n<!-- \/ Yoast SEO Premium plugin. -->","yoast_head_json":{"title":"If\u00e1 tradicional: a pratica milenaria da religi\u00e3o yoruba - Il\u00e9 Awo","description":"A pr\u00e1tica de If\u00e1 tradicional \u00e9 uma filosofia de vida e uma cultura milenaria que chegou a atualidade intacta em sua estrutura e fundamentos","robots":{"index":"index","follow":"follow","max-snippet":"max-snippet:-1","max-image-preview":"max-image-preview:large","max-video-preview":"max-video-preview:-1"},"canonical":"https:\/\/ileawo.com\/pt-br\/pratica-de-ifa-tradicional\/","og_locale":"pt_BR","og_type":"article","og_title":"Pr\u00e1tica de If\u00e1 Tradicional","og_description":"A pr\u00e1tica de If\u00e1 tradicional \u00e9 uma filosofia de vida e uma cultura milenaria que chegou a atualidade intacta em sua estrutura e fundamentos","og_url":"https:\/\/ileawo.com\/pt-br\/pratica-de-ifa-tradicional\/","og_site_name":"Il\u00e9 Awo","article_publisher":"https:\/\/www.facebook.com\/ifabiyii","article_modified_time":"2020-08-05T14:23:32+00:00","og_image":[{"width":1200,"height":633,"url":"https:\/\/ileawo.com\/wp-content\/uploads\/2020\/05\/pratica-ifa-tradicinal.jpg","type":"image\/jpeg"}],"twitter_card":"summary_large_image","twitter_site":"@ifabiyii","schema":{"@context":"https:\/\/schema.org","@graph":[{"@type":"Article","@id":"https:\/\/ileawo.com\/pt-br\/pratica-de-ifa-tradicional\/#article","isPartOf":{"@id":"https:\/\/ileawo.com\/pt-br\/pratica-de-ifa-tradicional\/"},"author":{"name":"If\u00e1b\u00edy\u00ec\u00ed Ak\u00f3d\u00e0","@id":"http:\/\/ileawo.com\/pt-br\/#\/schema\/person\/5b4d3af5a9aa8f02fe88dbeb048ef64a"},"headline":"Pr\u00e1tica de If\u00e1 Tradicional","datePublished":"2019-10-25T22:00:00+00:00","dateModified":"2020-08-05T14:23:32+00:00","mainEntityOfPage":{"@id":"https:\/\/ileawo.com\/pt-br\/pratica-de-ifa-tradicional\/"},"wordCount":1482,"commentCount":0,"publisher":{"@id":"http:\/\/ileawo.com\/pt-br\/#organization"},"image":{"@id":"https:\/\/ileawo.com\/pt-br\/pratica-de-ifa-tradicional\/#primaryimage"},"thumbnailUrl":"https:\/\/ileawo.com\/wp-content\/uploads\/2020\/05\/pratica-ifa-tradicinal.jpg","inLanguage":"pt-BR","potentialAction":[{"@type":"CommentAction","name":"Comment","target":["https:\/\/ileawo.com\/pt-br\/pratica-de-ifa-tradicional\/#respond"]}]},{"@type":"WebPage","@id":"https:\/\/ileawo.com\/pt-br\/pratica-de-ifa-tradicional\/","url":"https:\/\/ileawo.com\/pt-br\/pratica-de-ifa-tradicional\/","name":"If\u00e1 tradicional: a pratica milenaria da religi\u00e3o yoruba - Il\u00e9 Awo","isPartOf":{"@id":"http:\/\/ileawo.com\/pt-br\/#website"},"primaryImageOfPage":{"@id":"https:\/\/ileawo.com\/pt-br\/pratica-de-ifa-tradicional\/#primaryimage"},"image":{"@id":"https:\/\/ileawo.com\/pt-br\/pratica-de-ifa-tradicional\/#primaryimage"},"thumbnailUrl":"https:\/\/ileawo.com\/wp-content\/uploads\/2020\/05\/pratica-ifa-tradicinal.jpg","datePublished":"2019-10-25T22:00:00+00:00","dateModified":"2020-08-05T14:23:32+00:00","description":"A pr\u00e1tica de If\u00e1 tradicional \u00e9 uma filosofia de vida e uma cultura milenaria que chegou a atualidade intacta em sua estrutura e fundamentos","breadcrumb":{"@id":"https:\/\/ileawo.com\/pt-br\/pratica-de-ifa-tradicional\/#breadcrumb"},"inLanguage":"pt-BR","potentialAction":[{"@type":"ReadAction","target":["https:\/\/ileawo.com\/pt-br\/pratica-de-ifa-tradicional\/"]}]},{"@type":"ImageObject","inLanguage":"pt-BR","@id":"https:\/\/ileawo.com\/pt-br\/pratica-de-ifa-tradicional\/#primaryimage","url":"https:\/\/ileawo.com\/wp-content\/uploads\/2020\/05\/pratica-ifa-tradicinal.jpg","contentUrl":"https:\/\/ileawo.com\/wp-content\/uploads\/2020\/05\/pratica-ifa-tradicinal.jpg","width":1200,"height":633,"caption":"Pratica de If\u00e1 Tradicional"},{"@type":"BreadcrumbList","@id":"https:\/\/ileawo.com\/pt-br\/pratica-de-ifa-tradicional\/#breadcrumb","itemListElement":[{"@type":"ListItem","position":1,"name":"Home","item":"http:\/\/ileawo.com\/pt-br\/"},{"@type":"ListItem","position":2,"name":"Pr\u00e1tica de If\u00e1 Tradicional"}]},{"@type":"WebSite","@id":"http:\/\/ileawo.com\/pt-br\/#website","url":"http:\/\/ileawo.com\/pt-br\/","name":"Il\u00e9 Awo","description":"","publisher":{"@id":"http:\/\/ileawo.com\/pt-br\/#organization"},"potentialAction":[{"@type":"SearchAction","target":{"@type":"EntryPoint","urlTemplate":"http:\/\/ileawo.com\/pt-br\/?s={search_term_string}"},"query-input":{"@type":"PropertyValueSpecification","valueRequired":true,"valueName":"search_term_string"}}],"inLanguage":"pt-BR"},{"@type":"Organization","@id":"http:\/\/ileawo.com\/pt-br\/#organization","name":"Il\u00e9 Awo","url":"http:\/\/ileawo.com\/pt-br\/","logo":{"@type":"ImageObject","inLanguage":"pt-BR","@id":"http:\/\/ileawo.com\/pt-br\/#\/schema\/logo\/image\/","url":"https:\/\/ileawo.com\/wp-content\/uploads\/revslider\/Bienvenido\/Logo-Ile-Awo-20201.png","contentUrl":"https:\/\/ileawo.com\/wp-content\/uploads\/revslider\/Bienvenido\/Logo-Ile-Awo-20201.png","width":500,"height":155,"caption":"Il\u00e9 Awo"},"image":{"@id":"http:\/\/ileawo.com\/pt-br\/#\/schema\/logo\/image\/"},"sameAs":["https:\/\/www.facebook.com\/ifabiyii","https:\/\/x.com\/ifabiyii","https:\/\/www.instagram.com\/ifabiyii_akoda\/"]},{"@type":"Person","@id":"http:\/\/ileawo.com\/pt-br\/#\/schema\/person\/5b4d3af5a9aa8f02fe88dbeb048ef64a","name":"If\u00e1b\u00edy\u00ec\u00ed Ak\u00f3d\u00e0","image":{"@type":"ImageObject","inLanguage":"pt-BR","@id":"https:\/\/secure.gravatar.com\/avatar\/07530fd5fec1f19247b6ca33a6f419284691fff29c8857d86ea771d943bdba08?s=96&d=mm&r=g","url":"https:\/\/secure.gravatar.com\/avatar\/07530fd5fec1f19247b6ca33a6f419284691fff29c8857d86ea771d943bdba08?s=96&d=mm&r=g","contentUrl":"https:\/\/secure.gravatar.com\/avatar\/07530fd5fec1f19247b6ca33a6f419284691fff29c8857d86ea771d943bdba08?s=96&d=mm&r=g","caption":"If\u00e1b\u00edy\u00ec\u00ed Ak\u00f3d\u00e0"},"sameAs":["https:\/\/ileawo.com\/"]}]}},"_links":{"self":[{"href":"https:\/\/ileawo.com\/pt-br\/wp-json\/wp\/v2\/pages\/1908","targetHints":{"allow":["GET"]}}],"collection":[{"href":"https:\/\/ileawo.com\/pt-br\/wp-json\/wp\/v2\/pages"}],"about":[{"href":"https:\/\/ileawo.com\/pt-br\/wp-json\/wp\/v2\/types\/page"}],"author":[{"embeddable":true,"href":"https:\/\/ileawo.com\/pt-br\/wp-json\/wp\/v2\/users\/1"}],"replies":[{"embeddable":true,"href":"https:\/\/ileawo.com\/pt-br\/wp-json\/wp\/v2\/comments?post=1908"}],"version-history":[{"count":0,"href":"https:\/\/ileawo.com\/pt-br\/wp-json\/wp\/v2\/pages\/1908\/revisions"}],"wp:featuredmedia":[{"embeddable":true,"href":"https:\/\/ileawo.com\/pt-br\/wp-json\/wp\/v2\/media\/3398"}],"wp:attachment":[{"href":"https:\/\/ileawo.com\/pt-br\/wp-json\/wp\/v2\/media?parent=1908"}],"wp:term":[{"taxonomy":"category","embeddable":true,"href":"https:\/\/ileawo.com\/pt-br\/wp-json\/wp\/v2\/categories?post=1908"}],"curies":[{"name":"wp","href":"https:\/\/api.w.org\/{rel}","templated":true}]}}