{"id":8239,"date":"2025-06-08T02:37:49","date_gmt":"2025-06-08T00:37:49","guid":{"rendered":"https:\/\/ileawo.com\/oke-itase-world-divination\/oke-itase-2025\/"},"modified":"2025-06-08T03:35:20","modified_gmt":"2025-06-08T01:35:20","slug":"oke-itase-2025","status":"publish","type":"page","link":"https:\/\/ileawo.com\/en\/oke-itase-world-divination\/oke-itase-2025\/","title":{"rendered":"Oke Itase 2025 \u2013 World divination 2025 | Il\u00e9 Ife Nigeria"},"content":{"rendered":"<div class=\"wpb-content-wrapper\"><p>[vc_row][vc_column][vc_single_image image=&#8221;8232&#8243; img_size=&#8221;medium&#8221; alignment=&#8221;center&#8221; css=&#8221;.vc_custom_1749338817813{margin-bottom: 0px !important;}&#8221;][vc_column_text css=&#8221;&#8221;]<\/p>\n<h2 class=\"ai-optimize-17\" style=\"text-align: center;\">Od\u00f9 Oturupon Meji<\/h2>\n<p class=\"ai-optimize-18\">[\/vc_column_text][\/vc_column][\/vc_row][vc_row][vc_column width=&#8221;1\/6&#8243; offset=&#8221;vc_hidden-sm vc_hidden-xs&#8221;][\/vc_column][vc_column width=&#8221;1\/2&#8243; offset=&#8221;vc_col-md-4&#8243;][vc_column_text css=&#8221;&#8221;]<\/p>\n<div style=\"background-color: #f6f6f6; margin: 10px; border-radius: 10px;\">\n<h5 class=\"white-box ai-optimize-12\">Yoruba<\/h5>\n<p class=\"ai-optimize-13\" style=\"background-color: #f6f6f6; padding: 30px; border-radius: 0px 0px 10px 10px;\">Ogbon nii pe ko too ran\u2019ni<br \/>\nWere kii gbee ran omo eniyan<br \/>\nDia fun Otonporo<br \/>\nTii somo Iya Ere<br \/>\nEbo ni won ni ko waa se<br \/>\nO feti otun gbebo, o fi tosi daa nu<br \/>\nOtonpro pa\u2019wa da<br \/>\nKoo le l\u2019eni l\u2019eyin bi Ere<br \/>\nOtonporo<\/p>\n<\/div>\n<p class=\"ai-optimize-14\">[\/vc_column_text][\/vc_column][vc_column width=&#8221;1\/2&#8243; offset=&#8221;vc_col-md-4&#8243;][vc_column_text css=&#8221;.vc_custom_1749344602672{margin-bottom: 0px !important;}&#8221;]<\/p>\n<div style=\"background-color: #f6f6f6; margin: 10px; border-radius: 10px;\">\n<h5 class=\"white-box ai-optimize-15\">English<\/h5>\n<p class=\"ai-optimize-16\" style=\"background-color: #f6f6f6; padding: 30px; border-radius: 0px 0px 10px 10px;\">\n    It takes long for one to be impacted with wisdom<br \/>\n    It is easy and quicker to imbibe foolishness<br \/>\n    This was Ifa\u2019s message to Otonporo<br \/>\n    The blood brother of Ere<br \/>\n    He was advised to offer ebo<br \/>\n    He turned a deaf ear to the advice<br \/>\n    Otonporo please have a change of character<br \/>\n    For you to have followers like Ere<br \/>\n    Please change your character for good\n  <\/p>\n<\/div>\n<p class=\"ai-optimize-17\">[\/vc_column_text][\/vc_column][vc_column width=&#8221;1\/6&#8243; offset=&#8221;vc_hidden-sm vc_hidden-xs&#8221;][\/vc_column][\/vc_row][vc_row][vc_column offset=&#8221;vc_col-md-2 vc_hidden-sm vc_hidden-xs&#8221;][\/vc_column][vc_column offset=&#8221;vc_col-md-8&#8243;][vc_column_text css=&#8221;&#8221;]<\/p>\n<h2 class=\"ai-optimize-53\">Oke Itase Festival 2025 Celebration<\/h2>\n<p class=\"ai-optimize-54\">The culmination of the Oke Itase Festival 2025 is here, the most important date for those of us who follow the traditional practice of If\u00e1. After a week of intense ceremonies and preparatory rituals, today at Il\u00e9 Awo we have the honor of exclusively sharing the sign that will guide the next twelve months, revealed during the global If\u00e1 divination held at dawn in Ile Ife. This year, hundreds of practitioners gathered at the \u1ecc\u0300k\u00e8 Itase temple to take part in the procession that departed at sunrise toward the Ooni\u2019s palace, where the spiritual leader blessed the community with purification rituals, offerings of \u1eccp\u1eb9\u0300 (the sacred palm), and \u1ecdb\u00ec \u00e0b\u00e0t\u00e0, thus marking the high point of Oke Itase 2025.<\/p>\n<p class=\"ai-optimize-55\">The peak moment came when the Babalawos performed the global If\u00e1 divination. The sign revealed is <strong>\u1ecc\u0300t\u00far\u00fap\u1ecd\u0300n M\u00e9j\u00ec<\/strong>, in Ire Aiku. If\u00e1 reveals that people will receive well-being in all its forms\u2014wealth, a strong partner, honorable children, and long life\u2014thanks to their special connection with \u00d2\u1e63un. However, the sign emphasizes the importance of humility, spiritual discipline, and community collaboration. To maintain the blessing of Ire Aiku, it is essential to listen to the advice of elders, repair broken relationships, and act responsibly within the family and social environment.<\/p>\n<p class=\"ai-optimize-56\">Throughout the coming year, the teachings of \u1ecc\u0300t\u00far\u00fap\u1ecd\u0300n M\u00e9j\u00ec will guide our decisions: every important decision, every project, and every union will be influenced by the clarity and protection this sign brings. If\u00e1 warns us that although prosperity is abundant under this Odu, challenges will also arise\u2014hidden enemies, betrayals, and tests of character\u2014that can only be overcome through the proper practice of sacrifices.<\/p>\n<p class=\"ai-optimize-57\">If you wish to explore the complete teachings of the sign revealed at Oke Itase 2025, you can do so in the <a href=\"https:\/\/ileawo.com\/en\/applications\/ifa-tradicional\/\">If\u00e1 Tradicional<\/a> app, where you\u2019ll find a summary of the most important aspects of the sign. Additionally, in the <a href=\"https:\/\/apps.apple.com\/us\/app\/idafa-dice-if%C3%A1-yoruba\/id1569867105?l=es-MX\">Id\u00e0f\u00e1<\/a> app, you\u2019ll find an expanded and detailed interpretation of \u1ecc\u0300t\u00far\u00fap\u1ecd\u0300n M\u00e9j\u00ec, with precise guidance on how to integrate its messages into your daily practice and the recommended \u1eb9b\u1ecd. Finally, in <a href=\"https:\/\/ileawo.com\/en\/applications\/oju-odu\/\">Oju Odu<\/a> you have access to the original Yor\u00f9b\u00e1 verses in audio format, so you can recite them accurately.<\/p>\n<p class=\"ai-optimize-58\">This Oke Itase 2025 marks the beginning of a year in which If\u00e1 speaks to everyone, uniting families, temples, and communities under a single sign. We invite you to join us at Il\u00e9 Awo, explore the content available in our applications, and put into practice the guidance of \u1ecc\u0300t\u00far\u00fap\u1ecd\u0300n M\u00e9j\u00ec so that each day of the coming year may be guided by the ancestral wisdom of If\u00e1. If you have any questions or inquiries, don\u2019t hesitate to <a href=\"https:\/\/ileawo.com\/en\/contact\/\">contact us<\/a>.<\/p>\n<p>.[\/vc_column_text][\/vc_column][vc_column width=&#8221;1\/6&#8243; offset=&#8221;vc_hidden-sm vc_hidden-xs&#8221;][\/vc_column][\/vc_row][vc_row][vc_column width=&#8221;1\/4&#8243; offset=&#8221;vc_col-md-3 vc_hidden-sm vc_hidden-xs&#8221;][\/vc_column][vc_column offset=&#8221;vc_col-md-6 vc_col-xs-12&#8243;][vc_images_carousel images=&#8221;8214,8217,8220,8223,8226,8229&#8243; img_size=&#8221;large&#8221; onclick=&#8221;link_no&#8221; autoplay=&#8221;yes&#8221; wrap=&#8221;yes&#8221; css=&#8221;&#8221;][\/vc_column][vc_column width=&#8221;1\/4&#8243; offset=&#8221;vc_col-md-3 vc_hidden-sm vc_hidden-xs&#8221;][\/vc_column][\/vc_row][vc_row full_width=&#8221;stretch_row&#8221; content_placement=&#8221;middle&#8221; bg_type=&#8221;bg_color&#8221; bg_override=&#8221;ex-full&#8221; bg_color_value=&#8221;#4e89d5&#8243; el_class=&#8221;banner&#8221; css=&#8221;.vc_custom_1589978327005{margin-top: 40px !important;background-color: #4e89d5 !important;}&#8221;][vc_column width=&#8221;2\/3&#8243;][vc_column_text el_class=&#8221;banner-text&#8221;]Perform an If\u00e1 divination and discover what the Orisha have in store for you.[\/vc_column_text][\/vc_column][vc_column width=&#8221;1\/3&#8243;][vc_column_text css_animation=&#8221;bounceIn&#8221;]<\/p>\n<p class=\"ai-optimize-24\">Cons\u00faltanos<\/p>\n<p class=\"ai-optimize-25\">[\/vc_column_text][\/vc_column][\/vc_row][vc_row][vc_column][vc_column_text]<\/p>\n<p>[\/vc_column_text][\/vc_column][\/vc_row]<\/p>\n<\/div>"},"excerpt":{"rendered":"<p>[vc_row][vc_column][vc_single_image image=&#8221;8232&#8243; img_size=&#8221;medium&#8221; alignment=&#8221;center&#8221; css=&#8221;.vc_custom_1749338817813{margin-bottom: 0px !important;}&#8221;][vc_column_text css=&#8221;&#8221;] Od\u00f9 Oturupon Meji [\/vc_column_text][\/vc_column][\/vc_row][vc_row][vc_column width=&#8221;1\/6&#8243; offset=&#8221;vc_hidden-sm vc_hidden-xs&#8221;][\/vc_column][vc_column width=&#8221;1\/2&#8243; offset=&#8221;vc_col-md-4&#8243;][vc_column_text css=&#8221;&#8221;] Yoruba Ogbon nii pe ko too ran\u2019ni Were<span class=\"excerpt-hellip\"> [\u2026]<\/span><\/p>\n","protected":false},"author":1,"featured_media":-1,"parent":3637,"menu_order":0,"comment_status":"closed","ping_status":"closed","template":"","meta":{"footnotes":""},"categories":[2712],"class_list":["post-8239","page","type-page","status-publish","has-post-thumbnail","hentry","category-oke-itase-en"],"yoast_head":"<!-- This site is optimized with the Yoast SEO Premium plugin v25.2 (Yoast SEO v27.4) - https:\/\/yoast.com\/product\/yoast-seo-premium-wordpress\/ -->\n<title>Oke Itase 2025 \u2013 World divination 2025 | Il\u00e9 Ife Nigeria - Il\u00e9 Awo<\/title>\n<meta name=\"description\" content=\"Discover the Oke Itase 2025 sign and access its analysis, verses, and offerings in If\u00e1 Tradicional, Id\u00e0f\u00e1, and Oju Odu.\" \/>\n<meta name=\"robots\" content=\"index, follow, max-snippet:-1, max-image-preview:large, max-video-preview:-1\" \/>\n<link rel=\"canonical\" href=\"https:\/\/ileawo.com\/en\/oke-itase-world-divination\/oke-itase-2025\/\" \/>\n<meta property=\"og:locale\" content=\"en_US\" \/>\n<meta property=\"og:type\" content=\"article\" \/>\n<meta property=\"og:title\" content=\"Oke Itase 2025 \u2013 World divination 2025 | Il\u00e9 Ife Nigeria\" \/>\n<meta property=\"og:description\" content=\"Discover the Oke Itase 2025 sign and access its analysis, verses, and offerings in If\u00e1 Tradicional, Id\u00e0f\u00e1, and Oju Odu.\" \/>\n<meta property=\"og:url\" content=\"https:\/\/ileawo.com\/en\/oke-itase-world-divination\/oke-itase-2025\/\" \/>\n<meta property=\"og:site_name\" content=\"Il\u00e9 Awo\" \/>\n<meta property=\"article:publisher\" content=\"https:\/\/www.facebook.com\/ifabiyii\" \/>\n<meta property=\"article:modified_time\" content=\"2025-06-08T01:35:20+00:00\" \/>\n<meta name=\"twitter:card\" content=\"summary_large_image\" \/>\n<meta name=\"twitter:site\" content=\"@ifabiyii\" \/>\n<!-- \/ Yoast SEO Premium plugin. -->","yoast_head_json":{"title":"Oke Itase 2025 \u2013 World divination 2025 | Il\u00e9 Ife Nigeria - Il\u00e9 Awo","description":"Discover the Oke Itase 2025 sign and access its analysis, verses, and offerings in If\u00e1 Tradicional, Id\u00e0f\u00e1, and Oju Odu.","robots":{"index":"index","follow":"follow","max-snippet":"max-snippet:-1","max-image-preview":"max-image-preview:large","max-video-preview":"max-video-preview:-1"},"canonical":"https:\/\/ileawo.com\/en\/oke-itase-world-divination\/oke-itase-2025\/","og_locale":"en_US","og_type":"article","og_title":"Oke Itase 2025 \u2013 World divination 2025 | Il\u00e9 Ife Nigeria","og_description":"Discover the Oke Itase 2025 sign and access its analysis, verses, and offerings in If\u00e1 Tradicional, Id\u00e0f\u00e1, and Oju Odu.","og_url":"https:\/\/ileawo.com\/en\/oke-itase-world-divination\/oke-itase-2025\/","og_site_name":"Il\u00e9 Awo","article_publisher":"https:\/\/www.facebook.com\/ifabiyii","article_modified_time":"2025-06-08T01:35:20+00:00","twitter_card":"summary_large_image","twitter_site":"@ifabiyii","schema":{"@context":"https:\/\/schema.org","@graph":[{"@type":"Article","@id":"https:\/\/ileawo.com\/en\/oke-itase-world-divination\/oke-itase-2025\/#article","isPartOf":{"@id":"https:\/\/ileawo.com\/en\/oke-itase-world-divination\/oke-itase-2025\/"},"author":{"name":"If\u00e1b\u00edy\u00ec\u00ed Ak\u00f3d\u00e0","@id":"http:\/\/ileawo.com\/en\/#\/schema\/person\/5b4d3af5a9aa8f02fe88dbeb048ef64a"},"headline":"Oke Itase 2025 \u2013 World divination 2025 | Il\u00e9 Ife Nigeria","datePublished":"2025-06-08T00:37:49+00:00","dateModified":"2025-06-08T01:35:20+00:00","mainEntityOfPage":{"@id":"https:\/\/ileawo.com\/en\/oke-itase-world-divination\/oke-itase-2025\/"},"wordCount":866,"publisher":{"@id":"http:\/\/ileawo.com\/en\/#organization"},"articleSection":["Oke Itase"],"inLanguage":"en-US"},{"@type":"WebPage","@id":"https:\/\/ileawo.com\/en\/oke-itase-world-divination\/oke-itase-2025\/","url":"https:\/\/ileawo.com\/en\/oke-itase-world-divination\/oke-itase-2025\/","name":"Oke Itase 2025 \u2013 World divination 2025 | Il\u00e9 Ife Nigeria - Il\u00e9 Awo","isPartOf":{"@id":"http:\/\/ileawo.com\/en\/#website"},"datePublished":"2025-06-08T00:37:49+00:00","dateModified":"2025-06-08T01:35:20+00:00","description":"Discover the Oke Itase 2025 sign and access its analysis, verses, and offerings in If\u00e1 Tradicional, Id\u00e0f\u00e1, and Oju Odu.","breadcrumb":{"@id":"https:\/\/ileawo.com\/en\/oke-itase-world-divination\/oke-itase-2025\/#breadcrumb"},"inLanguage":"en-US","potentialAction":[{"@type":"ReadAction","target":["https:\/\/ileawo.com\/en\/oke-itase-world-divination\/oke-itase-2025\/"]}]},{"@type":"BreadcrumbList","@id":"https:\/\/ileawo.com\/en\/oke-itase-world-divination\/oke-itase-2025\/#breadcrumb","itemListElement":[{"@type":"ListItem","position":1,"name":"Home","item":"https:\/\/ileawo.com\/en\/"},{"@type":"ListItem","position":2,"name":"Oke Itase","item":"http:\/\/ileawo.com\/en\/oke-itase-world-divination\/"},{"@type":"ListItem","position":3,"name":"Oke Itase 2025 \u2013 World divination 2025 | Il\u00e9 Ife Nigeria"}]},{"@type":"WebSite","@id":"http:\/\/ileawo.com\/en\/#website","url":"http:\/\/ileawo.com\/en\/","name":"Il\u00e9 Awo","description":"","publisher":{"@id":"http:\/\/ileawo.com\/en\/#organization"},"potentialAction":[{"@type":"SearchAction","target":{"@type":"EntryPoint","urlTemplate":"http:\/\/ileawo.com\/en\/?s={search_term_string}"},"query-input":{"@type":"PropertyValueSpecification","valueRequired":true,"valueName":"search_term_string"}}],"inLanguage":"en-US"},{"@type":"Organization","@id":"http:\/\/ileawo.com\/en\/#organization","name":"Il\u00e9 Awo","url":"http:\/\/ileawo.com\/en\/","logo":{"@type":"ImageObject","inLanguage":"en-US","@id":"http:\/\/ileawo.com\/en\/#\/schema\/logo\/image\/","url":"https:\/\/ileawo.com\/wp-content\/uploads\/revslider\/Bienvenido\/Logo-Ile-Awo-20201.png","contentUrl":"https:\/\/ileawo.com\/wp-content\/uploads\/revslider\/Bienvenido\/Logo-Ile-Awo-20201.png","width":500,"height":155,"caption":"Il\u00e9 Awo"},"image":{"@id":"http:\/\/ileawo.com\/en\/#\/schema\/logo\/image\/"},"sameAs":["https:\/\/www.facebook.com\/ifabiyii","https:\/\/x.com\/ifabiyii","https:\/\/www.instagram.com\/ifabiyii_akoda\/"]},{"@type":"Person","@id":"http:\/\/ileawo.com\/en\/#\/schema\/person\/5b4d3af5a9aa8f02fe88dbeb048ef64a","name":"If\u00e1b\u00edy\u00ec\u00ed Ak\u00f3d\u00e0","image":{"@type":"ImageObject","inLanguage":"en-US","@id":"https:\/\/secure.gravatar.com\/avatar\/07530fd5fec1f19247b6ca33a6f419284691fff29c8857d86ea771d943bdba08?s=96&d=mm&r=g","url":"https:\/\/secure.gravatar.com\/avatar\/07530fd5fec1f19247b6ca33a6f419284691fff29c8857d86ea771d943bdba08?s=96&d=mm&r=g","contentUrl":"https:\/\/secure.gravatar.com\/avatar\/07530fd5fec1f19247b6ca33a6f419284691fff29c8857d86ea771d943bdba08?s=96&d=mm&r=g","caption":"If\u00e1b\u00edy\u00ec\u00ed Ak\u00f3d\u00e0"},"sameAs":["https:\/\/ileawo.com\/"]}]}},"_links":{"self":[{"href":"https:\/\/ileawo.com\/en\/wp-json\/wp\/v2\/pages\/8239","targetHints":{"allow":["GET"]}}],"collection":[{"href":"https:\/\/ileawo.com\/en\/wp-json\/wp\/v2\/pages"}],"about":[{"href":"https:\/\/ileawo.com\/en\/wp-json\/wp\/v2\/types\/page"}],"author":[{"embeddable":true,"href":"https:\/\/ileawo.com\/en\/wp-json\/wp\/v2\/users\/1"}],"replies":[{"embeddable":true,"href":"https:\/\/ileawo.com\/en\/wp-json\/wp\/v2\/comments?post=8239"}],"version-history":[{"count":0,"href":"https:\/\/ileawo.com\/en\/wp-json\/wp\/v2\/pages\/8239\/revisions"}],"up":[{"embeddable":true,"href":"https:\/\/ileawo.com\/en\/wp-json\/wp\/v2\/pages\/3637"}],"wp:featuredmedia":[{"embeddable":true,"href":"https:\/\/ileawo.com\/en\/wp-json\/"}],"wp:attachment":[{"href":"https:\/\/ileawo.com\/en\/wp-json\/wp\/v2\/media?parent=8239"}],"wp:term":[{"taxonomy":"category","embeddable":true,"href":"https:\/\/ileawo.com\/en\/wp-json\/wp\/v2\/categories?post=8239"}],"curies":[{"name":"wp","href":"https:\/\/api.w.org\/{rel}","templated":true}]}}