{"id":7946,"date":"2024-05-16T12:39:50","date_gmt":"2024-05-16T10:39:50","guid":{"rendered":"https:\/\/ileawo.com\/oke-itase-world-divination\/oke-itase-2024\/"},"modified":"2025-06-08T03:03:58","modified_gmt":"2025-06-08T01:03:58","slug":"oke-itase-2024","status":"publish","type":"page","link":"https:\/\/ileawo.com\/en\/oke-itase-world-divination\/oke-itase-2024\/","title":{"rendered":"Oke Itase 2024 \u2013 World divination 2024 | Il\u00e9 Ife Nigeria"},"content":{"rendered":"<div class=\"wpb-content-wrapper\"><p>[vc_row][vc_column][vc_single_image image=&#8221;7937&#8243; img_size=&#8221;medium&#8221; alignment=&#8221;center&#8221; css=&#8221;.vc_custom_1717285655297{margin-bottom: 0px !important;}&#8221;][vc_column_text css=&#8221;&#8221;]<\/p>\n<h2 style=\"text-align: center;\">Od\u00f9 Otura Ogbe<\/h2>\n<p>[\/vc_column_text][\/vc_column][\/vc_row][vc_row][vc_column width=&#8221;1\/6&#8243; offset=&#8221;vc_hidden-sm vc_hidden-xs&#8221;][\/vc_column][vc_column width=&#8221;1\/2&#8243; offset=&#8221;vc_col-md-4&#8243;][vc_column_text css=&#8221;&#8221;]<\/p>\n<div style=\"background-color: #f6f6f6; margin: 10px; border-radius: 10px;\">\n<h5 class=\"white-box\">Yor\u00f9b\u00e1<\/h5>\n<p style=\"background-color: #f6f6f6; padding: 30px; border-radius: 0px 0px 10px 10px;\">Ajangele \u00c0j\u00e0ng\u00e8l\u00e8 Ajangele<br \/>\nA d\u00edf\u00e1 f\u00fan \u00d2r\u00fanm\u00ecl\u00e0<br \/>\nIf\u00e1 nloree bawon se olori egbe lalade orun<br \/>\nIf\u00e1 funmi lase o ara toba wumi nada<br \/>\nAjangele<br \/>\nEbo ni won ni ko waa se<br \/>\nO gb\u2019ebo, o ru\u2019bo<br \/>\nEgbe funmilase o ara toba wumi mada<br \/>\nAjangele<\/p>\n<\/div>\n<p>[\/vc_column_text][\/vc_column][vc_column width=&#8221;1\/2&#8243; offset=&#8221;vc_col-md-4&#8243;][vc_column_text css=&#8221;.vc_custom_1717295129416{margin-bottom: 0px !important;}&#8221;]<\/p>\n<div style=\"background-color: #f6f6f6; margin: 10px; border-radius: 10px;\">\n<h5 class=\"white-box\">English<\/h5>\n<p style=\"background-color: #f6f6f6; padding: 30px; border-radius: 0px 0px 10px 10px;\">Ajangele \u00c0j\u00e0ng\u00e8l\u00e8 Ajangele<br \/>\nIf\u00e1 divination was performed for \u00d2r\u00fanm\u00ecl\u00e0<br \/>\nIf\u00e1 was going to be the leader of the fraternity of heaven<br \/>\nIf\u00e1 has given me power, I will do everything I want<br \/>\nAjangele<br \/>\nHe was advised to offer ebo<br \/>\nHe heard and complied<br \/>\nThe fraternity has given me power, I will do everything I want<br \/>\nAjangele<\/p>\n<\/div>\n<p>[\/vc_column_text][\/vc_column][vc_column width=&#8221;1\/6&#8243; offset=&#8221;vc_hidden-sm vc_hidden-xs&#8221;][\/vc_column][\/vc_row][vc_row][vc_column offset=&#8221;vc_col-md-2 vc_hidden-sm vc_hidden-xs&#8221;][\/vc_column][vc_column offset=&#8221;vc_col-md-8&#8243;][vc_column_text css=&#8221;&#8221;]<\/p>\n<div class=\"uvc-main-heading ult-responsive\" data-ultimate-target=\".uvc-heading.ultimate-heading-92575db682638844d h2\" data-responsive-json-new=\"{&quot;font-size&quot;:&quot;desktop:28px;tablet:26px;tablet_portrait:26px;mobile_landscape:24px;mobile:24px;&quot;,&quot;line-height&quot;:&quot;desktop:34px;&quot;}\">\n<h2><strong>Celebration of the Oke Itase Festival 2024<\/strong><\/h2>\n<\/div>\n<div class=\"uvc-sub-heading ult-responsive\" data-ultimate-target=\".uvc-heading.ultimate-heading-92575db682638844d .uvc-sub-heading \" data-responsive-json-new=\"{&quot;font-size&quot;:&quot;&quot;,&quot;line-height&quot;:&quot;desktop:26px;&quot;}\">\n<p>The most anticipated day for practitioners of Traditional If\u00e1 has arrived: the culmination of the Oke Itase 2024 festival. After a week of intense ceremonies and rituals, today at Ile Awo we have the honor of presenting for the first time the If\u00e1 sign that will govern the coming year, revealed in the worldwide If\u00e1 divination conducted early this morning in Ile Ife.<\/p>\n<p>The final day of Oke Itase 2024 began with a solemn procession from the Oke Itase temple to the palace of the Ooni, followed by the Ooni&#8217;s visit to the temple. The Ooni of Ile Ife, the spiritual leader of If\u00e1 worldwide, blessed the participants and officiated sacred rituals, marking the beginning of the worldwide If\u00e1 divination.<\/p>\n<p>Thousands of people gathered at the Oke Itase temple and performed the propitiation of Ope (the sacred palm) with Obi, following the example of the Ooni of Ile Ife and the Araba Agbaye. This propitiation is one of the most important ceremonies performed before the divination, which reveals the sign that will govern the next twelve months. After the pilgrimage leading If\u00e1 to the temple of Ile Ife, headed by the Araba, the propitiation to If\u00e1 was performed with Obi and other sacred materials, preparing the way for the worldwide divination.<\/p>\n<p>At Oke Itase 2024, the revealed sign is <strong>Otura Ogbe (Otura Oriire) in Ayewo arun (illness)<\/strong>. This Odu speaks of the importance of propitiating Egbe (the fraternity) to gain their support and succeed in life. If\u00e1 also indicates that it is vital to propitiate Olokun as this Orisha will save you from a great danger you face and will allow you to defeat your enemies and be recognized.<\/p>\n<p>If\u00e1 also advises that you must constantly propitiate Or\u00ed and also offer offerings to Og\u00fan to obtain all the luck.<\/p>\n<p>The complete decrees of If\u00e1 in Otura Ogbe are available in our applications, which we invite you to visit and download if you do not already have them. The <a href=\"https:\/\/ileawo.com\/en\/applications\/\">applications<\/a> offer a detailed guide on how to perform Ebo and other important ceremonies, ensuring that all practitioners can benefit from the teachings and predictions of If\u00e1.<\/p>\n<p>It is important to remember that all If\u00e1 followers around the world who practice the traditional religion should perform the ebo and ceremonies indicated by the sign, as well as take into account the warnings of the Odu throughout the year. If you want to obtain more detailed information about the ceremonies recommended in Oke Itase 2024, do not hesitate to <a href=\"https:\/\/ileawo.com\/en\/contact\/\">contact us.<\/a><\/p>\n<\/div>\n<p>[\/vc_column_text][\/vc_column][vc_column width=&#8221;1\/6&#8243; offset=&#8221;vc_hidden-sm vc_hidden-xs&#8221;][\/vc_column][\/vc_row][vc_row][vc_column width=&#8221;1\/4&#8243; offset=&#8221;vc_col-md-3 vc_hidden-sm vc_hidden-xs&#8221;][\/vc_column][vc_column offset=&#8221;vc_col-md-6 vc_col-xs-12&#8243;][vc_images_carousel images=&#8221;7907,7910,7913,7916,7919,7922,7925,7928,7931,7904&#8243; img_size=&#8221;large&#8221; onclick=&#8221;link_no&#8221; autoplay=&#8221;yes&#8221; wrap=&#8221;yes&#8221; css=&#8221;&#8221;][\/vc_column][vc_column width=&#8221;1\/4&#8243; offset=&#8221;vc_col-md-3 vc_hidden-sm vc_hidden-xs&#8221;][\/vc_column][\/vc_row][vc_row full_width=&#8221;stretch_row&#8221; content_placement=&#8221;middle&#8221; bg_type=&#8221;bg_color&#8221; bg_override=&#8221;ex-full&#8221; bg_color_value=&#8221;#4e89d5&#8243; el_class=&#8221;banner&#8221; css=&#8221;.vc_custom_1589978327005{margin-top: 40px !important;background-color: #4e89d5 !important;}&#8221;][vc_column width=&#8221;2\/3&#8243;][vc_column_text css=&#8221;&#8221; el_class=&#8221;banner-text&#8221;]Make an If\u00e1 divination and know what the Orisa have in store for you[\/vc_column_text][\/vc_column][vc_column width=&#8221;1\/3&#8243;][vc_column_text css_animation=&#8221;bounceIn&#8221; css=&#8221;&#8221;]<\/p>\n<p style=\"text-align: center;\"><a class=\"custom-buttons-alternative\" href=\"\/en\/contact\/\">Ask us<\/a><\/p>\n<p>[\/vc_column_text][\/vc_column][\/vc_row]<\/p>\n<\/div>"},"excerpt":{"rendered":"<p>[vc_row][vc_column][vc_single_image image=&#8221;7937&#8243; img_size=&#8221;medium&#8221; alignment=&#8221;center&#8221; css=&#8221;.vc_custom_1717285655297{margin-bottom: 0px !important;}&#8221;][vc_column_text css=&#8221;&#8221;] Od\u00f9 Otura Ogbe [\/vc_column_text][\/vc_column][\/vc_row][vc_row][vc_column width=&#8221;1\/6&#8243; offset=&#8221;vc_hidden-sm vc_hidden-xs&#8221;][\/vc_column][vc_column width=&#8221;1\/2&#8243; offset=&#8221;vc_col-md-4&#8243;][vc_column_text css=&#8221;&#8221;] Yor\u00f9b\u00e1 Ajangele \u00c0j\u00e0ng\u00e8l\u00e8 Ajangele A d\u00edf\u00e1 f\u00fan \u00d2r\u00fanm\u00ecl\u00e0<span class=\"excerpt-hellip\"> [\u2026]<\/span><\/p>\n","protected":false},"author":1,"featured_media":7834,"parent":3637,"menu_order":0,"comment_status":"closed","ping_status":"closed","template":"","meta":{"footnotes":""},"categories":[2712],"class_list":["post-7946","page","type-page","status-publish","has-post-thumbnail","hentry","category-oke-itase-en"],"yoast_head":"<!-- This site is optimized with the Yoast SEO Premium plugin v25.2 (Yoast SEO v27.4) - https:\/\/yoast.com\/product\/yoast-seo-premium-wordpress\/ -->\n<title>Oke Itase 2024 \u2013 World divination 2024 | Il\u00e9 Ife Nigeria - Il\u00e9 Awo<\/title>\n<meta name=\"description\" content=\"Otura Ogbe is the od\u00f9 if\u00e1 revealed in the world if\u00e1 divination of Oke Itase 2024 held in Ile Ife, Nigeria.\" \/>\n<meta name=\"robots\" content=\"index, follow, max-snippet:-1, max-image-preview:large, max-video-preview:-1\" \/>\n<link rel=\"canonical\" href=\"https:\/\/ileawo.com\/en\/oke-itase-world-divination\/oke-itase-2024\/\" \/>\n<meta property=\"og:locale\" content=\"en_US\" \/>\n<meta property=\"og:type\" content=\"article\" \/>\n<meta property=\"og:title\" content=\"Oke Itase 2024 \u2013 World divination 2024 | Il\u00e9 Ife Nigeria\" \/>\n<meta property=\"og:description\" content=\"Otura Ogbe is the od\u00f9 if\u00e1 revealed in the world if\u00e1 divination of Oke Itase 2024 held in Ile Ife, Nigeria.\" \/>\n<meta property=\"og:url\" content=\"https:\/\/ileawo.com\/en\/oke-itase-world-divination\/oke-itase-2024\/\" \/>\n<meta property=\"og:site_name\" content=\"Il\u00e9 Awo\" \/>\n<meta property=\"article:publisher\" content=\"https:\/\/www.facebook.com\/ifabiyii\" \/>\n<meta property=\"article:modified_time\" content=\"2025-06-08T01:03:58+00:00\" \/>\n<meta property=\"og:image\" content=\"https:\/\/ileawo.com\/wp-content\/uploads\/2024\/05\/oke-itase-2024.jpg\" \/>\n\t<meta property=\"og:image:width\" content=\"1200\" \/>\n\t<meta property=\"og:image:height\" content=\"633\" \/>\n\t<meta property=\"og:image:type\" content=\"image\/jpeg\" \/>\n<meta name=\"twitter:card\" content=\"summary_large_image\" \/>\n<meta name=\"twitter:site\" content=\"@ifabiyii\" \/>\n<!-- \/ Yoast SEO Premium plugin. -->","yoast_head_json":{"title":"Oke Itase 2024 \u2013 World divination 2024 | Il\u00e9 Ife Nigeria - Il\u00e9 Awo","description":"Otura Ogbe is the od\u00f9 if\u00e1 revealed in the world if\u00e1 divination of Oke Itase 2024 held in Ile Ife, Nigeria.","robots":{"index":"index","follow":"follow","max-snippet":"max-snippet:-1","max-image-preview":"max-image-preview:large","max-video-preview":"max-video-preview:-1"},"canonical":"https:\/\/ileawo.com\/en\/oke-itase-world-divination\/oke-itase-2024\/","og_locale":"en_US","og_type":"article","og_title":"Oke Itase 2024 \u2013 World divination 2024 | Il\u00e9 Ife Nigeria","og_description":"Otura Ogbe is the od\u00f9 if\u00e1 revealed in the world if\u00e1 divination of Oke Itase 2024 held in Ile Ife, Nigeria.","og_url":"https:\/\/ileawo.com\/en\/oke-itase-world-divination\/oke-itase-2024\/","og_site_name":"Il\u00e9 Awo","article_publisher":"https:\/\/www.facebook.com\/ifabiyii","article_modified_time":"2025-06-08T01:03:58+00:00","og_image":[{"width":1200,"height":633,"url":"https:\/\/ileawo.com\/wp-content\/uploads\/2024\/05\/oke-itase-2024.jpg","type":"image\/jpeg"}],"twitter_card":"summary_large_image","twitter_site":"@ifabiyii","schema":{"@context":"https:\/\/schema.org","@graph":[{"@type":"Article","@id":"https:\/\/ileawo.com\/en\/oke-itase-world-divination\/oke-itase-2024\/#article","isPartOf":{"@id":"https:\/\/ileawo.com\/en\/oke-itase-world-divination\/oke-itase-2024\/"},"author":{"name":"If\u00e1b\u00edy\u00ec\u00ed Ak\u00f3d\u00e0","@id":"http:\/\/ileawo.com\/en\/#\/schema\/person\/5b4d3af5a9aa8f02fe88dbeb048ef64a"},"headline":"Oke Itase 2024 \u2013 World divination 2024 | Il\u00e9 Ife Nigeria","datePublished":"2024-05-16T10:39:50+00:00","dateModified":"2025-06-08T01:03:58+00:00","mainEntityOfPage":{"@id":"https:\/\/ileawo.com\/en\/oke-itase-world-divination\/oke-itase-2024\/"},"wordCount":808,"publisher":{"@id":"http:\/\/ileawo.com\/en\/#organization"},"image":{"@id":"https:\/\/ileawo.com\/en\/oke-itase-world-divination\/oke-itase-2024\/#primaryimage"},"thumbnailUrl":"https:\/\/ileawo.com\/wp-content\/uploads\/2024\/05\/oke-itase-2024.jpg","articleSection":["Oke Itase"],"inLanguage":"en-US"},{"@type":"WebPage","@id":"https:\/\/ileawo.com\/en\/oke-itase-world-divination\/oke-itase-2024\/","url":"https:\/\/ileawo.com\/en\/oke-itase-world-divination\/oke-itase-2024\/","name":"Oke Itase 2024 \u2013 World divination 2024 | Il\u00e9 Ife Nigeria - Il\u00e9 Awo","isPartOf":{"@id":"http:\/\/ileawo.com\/en\/#website"},"primaryImageOfPage":{"@id":"https:\/\/ileawo.com\/en\/oke-itase-world-divination\/oke-itase-2024\/#primaryimage"},"image":{"@id":"https:\/\/ileawo.com\/en\/oke-itase-world-divination\/oke-itase-2024\/#primaryimage"},"thumbnailUrl":"https:\/\/ileawo.com\/wp-content\/uploads\/2024\/05\/oke-itase-2024.jpg","datePublished":"2024-05-16T10:39:50+00:00","dateModified":"2025-06-08T01:03:58+00:00","description":"Otura Ogbe is the od\u00f9 if\u00e1 revealed in the world if\u00e1 divination of Oke Itase 2024 held in Ile Ife, Nigeria.","breadcrumb":{"@id":"https:\/\/ileawo.com\/en\/oke-itase-world-divination\/oke-itase-2024\/#breadcrumb"},"inLanguage":"en-US","potentialAction":[{"@type":"ReadAction","target":["https:\/\/ileawo.com\/en\/oke-itase-world-divination\/oke-itase-2024\/"]}]},{"@type":"ImageObject","inLanguage":"en-US","@id":"https:\/\/ileawo.com\/en\/oke-itase-world-divination\/oke-itase-2024\/#primaryimage","url":"https:\/\/ileawo.com\/wp-content\/uploads\/2024\/05\/oke-itase-2024.jpg","contentUrl":"https:\/\/ileawo.com\/wp-content\/uploads\/2024\/05\/oke-itase-2024.jpg","width":1200,"height":633,"caption":"Oke Itase 2024, Letra del a\u00f1o 2024 Nigeria Ile Ife"},{"@type":"BreadcrumbList","@id":"https:\/\/ileawo.com\/en\/oke-itase-world-divination\/oke-itase-2024\/#breadcrumb","itemListElement":[{"@type":"ListItem","position":1,"name":"Home","item":"https:\/\/ileawo.com\/en\/"},{"@type":"ListItem","position":2,"name":"Oke Itase","item":"http:\/\/ileawo.com\/en\/oke-itase-world-divination\/"},{"@type":"ListItem","position":3,"name":"Oke Itase 2024 \u2013 World divination 2024 | Il\u00e9 Ife Nigeria"}]},{"@type":"WebSite","@id":"http:\/\/ileawo.com\/en\/#website","url":"http:\/\/ileawo.com\/en\/","name":"Il\u00e9 Awo","description":"","publisher":{"@id":"http:\/\/ileawo.com\/en\/#organization"},"potentialAction":[{"@type":"SearchAction","target":{"@type":"EntryPoint","urlTemplate":"http:\/\/ileawo.com\/en\/?s={search_term_string}"},"query-input":{"@type":"PropertyValueSpecification","valueRequired":true,"valueName":"search_term_string"}}],"inLanguage":"en-US"},{"@type":"Organization","@id":"http:\/\/ileawo.com\/en\/#organization","name":"Il\u00e9 Awo","url":"http:\/\/ileawo.com\/en\/","logo":{"@type":"ImageObject","inLanguage":"en-US","@id":"http:\/\/ileawo.com\/en\/#\/schema\/logo\/image\/","url":"https:\/\/ileawo.com\/wp-content\/uploads\/revslider\/Bienvenido\/Logo-Ile-Awo-20201.png","contentUrl":"https:\/\/ileawo.com\/wp-content\/uploads\/revslider\/Bienvenido\/Logo-Ile-Awo-20201.png","width":500,"height":155,"caption":"Il\u00e9 Awo"},"image":{"@id":"http:\/\/ileawo.com\/en\/#\/schema\/logo\/image\/"},"sameAs":["https:\/\/www.facebook.com\/ifabiyii","https:\/\/x.com\/ifabiyii","https:\/\/www.instagram.com\/ifabiyii_akoda\/"]},{"@type":"Person","@id":"http:\/\/ileawo.com\/en\/#\/schema\/person\/5b4d3af5a9aa8f02fe88dbeb048ef64a","name":"If\u00e1b\u00edy\u00ec\u00ed Ak\u00f3d\u00e0","image":{"@type":"ImageObject","inLanguage":"en-US","@id":"https:\/\/secure.gravatar.com\/avatar\/07530fd5fec1f19247b6ca33a6f419284691fff29c8857d86ea771d943bdba08?s=96&d=mm&r=g","url":"https:\/\/secure.gravatar.com\/avatar\/07530fd5fec1f19247b6ca33a6f419284691fff29c8857d86ea771d943bdba08?s=96&d=mm&r=g","contentUrl":"https:\/\/secure.gravatar.com\/avatar\/07530fd5fec1f19247b6ca33a6f419284691fff29c8857d86ea771d943bdba08?s=96&d=mm&r=g","caption":"If\u00e1b\u00edy\u00ec\u00ed Ak\u00f3d\u00e0"},"sameAs":["https:\/\/ileawo.com\/"]}]}},"_links":{"self":[{"href":"https:\/\/ileawo.com\/en\/wp-json\/wp\/v2\/pages\/7946","targetHints":{"allow":["GET"]}}],"collection":[{"href":"https:\/\/ileawo.com\/en\/wp-json\/wp\/v2\/pages"}],"about":[{"href":"https:\/\/ileawo.com\/en\/wp-json\/wp\/v2\/types\/page"}],"author":[{"embeddable":true,"href":"https:\/\/ileawo.com\/en\/wp-json\/wp\/v2\/users\/1"}],"replies":[{"embeddable":true,"href":"https:\/\/ileawo.com\/en\/wp-json\/wp\/v2\/comments?post=7946"}],"version-history":[{"count":0,"href":"https:\/\/ileawo.com\/en\/wp-json\/wp\/v2\/pages\/7946\/revisions"}],"up":[{"embeddable":true,"href":"https:\/\/ileawo.com\/en\/wp-json\/wp\/v2\/pages\/3637"}],"wp:featuredmedia":[{"embeddable":true,"href":"https:\/\/ileawo.com\/en\/wp-json\/wp\/v2\/media\/7834"}],"wp:attachment":[{"href":"https:\/\/ileawo.com\/en\/wp-json\/wp\/v2\/media?parent=7946"}],"wp:term":[{"taxonomy":"category","embeddable":true,"href":"https:\/\/ileawo.com\/en\/wp-json\/wp\/v2\/categories?post=7946"}],"curies":[{"name":"wp","href":"https:\/\/api.w.org\/{rel}","templated":true}]}}