{"id":7501,"date":"2023-02-01T13:41:46","date_gmt":"2023-02-01T12:41:46","guid":{"rendered":"https:\/\/ileawo.com\/?page_id=7501"},"modified":"2023-02-01T14:06:17","modified_gmt":"2023-02-01T13:06:17","slug":"apola-irosun","status":"publish","type":"page","link":"https:\/\/ileawo.com\/en\/applications\/apola-irosun\/","title":{"rendered":"App Apola Irosun"},"content":{"rendered":"<div class=\"wpb-content-wrapper\"><p>[vc_row full_width=&#8221;stretch_row&#8221; content_placement=&#8221;middle&#8221; bg_type=&#8221;bg_color&#8221; el_class=&#8221;contact-row&#8221; bg_color_value=&#8221;#f6f6f6&#8243; css=&#8221;.vc_custom_1633372019721{padding-top: 40px !important;padding-bottom: 40px !important;background-color: #f6f6f6 !important;}&#8221;][vc_column offset=&#8221;vc_col-md-6&#8243;][vc_single_image image=&#8221;7512&#8243; alignment=&#8221;center&#8221; onclick=&#8221;custom_link&#8221; img_link_target=&#8221;_blank&#8221; css=&#8221;.vc_custom_1675256599428{border-radius: 35px !important;}&#8221; link=&#8221;http:\/\/hyperurl.co\/mmd5nd&#8221;][vc_raw_html]JTNDZGl2JTIwc3R5bGUlM0QlMjJ0ZXh0LWFsaWduJTNBJTIwY2VudGVyJTNCJTIyJTNFJTBBJTIwJTIwJTIwJTIwJTNDcCUyMHN0eWxlJTNEJTIybWFyZ2luLWJvdHRvbSUzQSUyMDEwcHglM0Jmb250LXNpemUlM0ElMjAxNHB4JTNCJTIyJTNFQXZhaWxhYmxlJTIwZm9yJTIwbW9iaWxlcyUyMGFuZCUyMHRhYmxldHMlMjBhdCUzQSUzQyUyRnAlM0UlMEElMjAlMjAlMjAlMjAlM0NwJTNFJTBBJTIwJTIwJTIwJTIwJTIwJTIwJTIwJTIwJTNDaSUyMHN0eWxlJTNEJTIyY29sb3IlM0ElMjMwMDAwMDAlM0Jmb250LXNpemUlM0EyMHB4JTNCcGFkZGluZyUzQSUyMDAlMjAxMHB4JTNCJTIyJTIwY2xhc3MlM0QlMjJmYSUyMGZhLWFwcGxlJTIyJTNFJTNDJTJGaSUzRSUwQSUyMCUyMCUyMCUyMCUzQyUyRnAlM0UlMEElM0MlMkZkaXYlM0U=[\/vc_raw_html][vc_raw_html]JTNDY2VudGVyJTNFJTNDZGl2JTIwaXRlbXNjb3BlJTIwaXRlbXR5cGUlM0QlMjJodHRwJTNBJTJGJTJGc2NoZW1hLm9yZyUyRk1vYmlsZUFwcGxpY2F0aW9uJTIyJTNFJTBBJTIwJTIwJTIwJTIwJTNDbWV0YSUyMGl0ZW1wcm9wJTNEJTIybmFtZSUyMiUyMGNvbnRlbnQlM0QlMjJBcG9sYSUyMElyb3N1biUyMiUzRSUwQSUyMCUyMCUyMCUyMCUzQ21ldGElMjBpdGVtcHJvcCUzRCUyMmRlc2NyaXB0aW9uJTIyJTIwY29udGVudCUzRCUyMkNvbnRpbnVlJTIwaW5jcmVhc2luZyUyMHlvdXIlMjBrbm93bGVkZ2UlMjBvZiUyMHRoZSUyMHRyYWRpdGlvbmFsJTIwcHJhY3RpY2UlMjBvZiUyMElmJUMzJUExJTIwd2l0aCUyMEFwb2xhJTIwJUMzJThDcm9zJUMzJUI5biUyQyUyMHRoZSUyMG5ldyUyMGFwcCUyMHdpdGglMjA3NSUyMElmJUMzJUExJTIwdmVyc2VzJTIwYW5kJTIwYXVkaW9zJTIwcmVjaXRlZCUyMGJ5JTIwYW4lMjBhdXRoZW50aWMlMjBZb3IlQzMlQjliJUMzJUExLiUyMiUzRSUwQSUyMCUyMCUyMCUyMCUzQ21ldGElMjBpdGVtcHJvcCUzRCUyMm9wZXJhdGluZ1N5c3RlbSUyMiUyMGNvbnRlbnQlM0QlMjJBbmRyb2lkJTJDJTIwaU9TJTIyJTNFJTBBJTIwJTIwJTIwJTIwJTNDbWV0YSUyMGl0ZW1wcm9wJTNEJTIyYXBwbGljYXRpb25DYXRlZ29yeSUyMiUyMGNvbnRlbnQlM0QlMjJFZHVjYXRpb24lMjIlM0UlMEElMjAlMjAlMjAlMjAlM0NtZXRhJTIwaXRlbXByb3AlM0QlMjJpbWFnZSUyMiUyMGNvbnRlbnQlM0QlMjIlMkZ3cC1jb250ZW50JTJGdXBsb2FkcyUyRjIwMjMlMkYwMSUyRkxvZ28tQXBvbGEtaXJvc3VuLTEwMjQucG5nJTIyJTNFJTBBJTIwJTIwJTIwJTIwJTNDbWV0YSUyMGl0ZW1wcm9wJTNEJTIyZG93bmxvYWRVcmwlMjIlMjBjb250ZW50JTNEJTIyaHR0cHMlM0ElMkYlMkZvbmVsaW5rLnRvJTJGOHpzYjg3JTIyJTNFJTBBJTIwJTIwJTIwJTIwJTIwJTIwJTIwJTIwJTNDZGl2JTIwaXRlbXByb3AlM0QlMjJvZmZlcnMlMjIlMjBpdGVtc2NvcGUlMjBpdGVtdHlwZSUzRCUyMmh0dHAlM0ElMkYlMkZzY2hlbWEub3JnJTJGT2ZmZXIlMjIlM0UlMEElMjAlMjAlMjAlMjAlMjAlMjAlMjAlMjAlMjAlMjAlMjAlMjAlM0NtZXRhJTIwaXRlbXByb3AlM0QlMjJwcmljZSUyMiUyMGNvbnRlbnQlM0QlMjI4OS45OSUyMiUzRSUwQSUyMCUyMCUyMCUyMCUyMCUyMCUyMCUyMCUyMCUyMCUyMCUyMCUzQ21ldGElMjBpdGVtcHJvcCUzRCUyMnByaWNlQ3VycmVuY3klMjIlMjBjb250ZW50JTNEJTIyRVVSJTIyJTNFJTIwJTIwJTIwJTIwJTIwJTIwJTIwJTIwJTIwJTIwJTIwJTIwJTIwJTIwJTBBJTIwJTIwJTIwJTIwJTIwJTIwJTIwJTIwJTIwJTIwJTIwJTIwJTNDbGluayUyMGl0ZW1wcm9wJTNEJTIyYXZhaWxhYmlsaXR5JTIyJTIwaHJlZiUzRCUyMmh0dHAlM0ElMkYlMkZzY2hlbWEub3JnJTJGaW5TdG9jayUyMiUyMCUyRiUzRSUwQSUyMCUyMCUyMCUyMCUyMCUyMCUyMCUyMCUzQyUyRmRpdiUzRSUwQSUyMCUyMCUyMCUyMCUyMCUyMCUyMCUyMCUyMCUyMCUyMCUyMCUzQ2RpdiUyMGl0ZW1wcm9wJTNEJTIyYWdncmVnYXRlUmF0aW5nJTIyJTIwaXRlbXNjb3BlJTNEJTIyJTIyJTIwaXRlbXR5cGUlM0QlMjJodHRwJTNBJTJGJTJGc2NoZW1hLm9yZyUyRkFnZ3JlZ2F0ZVJhdGluZyUyMiUyMCUzRSUwQSUyMCUyMCUyMCUyMCUyMCUyMCUyMCUyMCUyMCUyMCUyMCUyMCUyMCUyMCUyMCUyMCUzQ21ldGElMjBpdGVtcHJvcCUzRCUyMnJhdGluZ1ZhbHVlJTIyJTIwY29udGVudCUzRCUyMjUlMjIlM0UlMEElMjAlMjAlMjAlMjAlMjAlMjAlMjAlMjAlMjAlMjAlMjAlMjAlMjAlMjAlMjAlMjAlM0NtZXRhJTIwaXRlbXByb3AlM0QlMjJyYXRpbmdDb3VudCUyMiUyMGNvbnRlbnQlM0QlMjIzJTIyJTNFJTBBJTIwJTIwJTIwJTIwJTIwJTIwJTIwJTIwJTIwJTIwJTIwJTIwJTIwJTIwJTIwJTIwJTNDZGl2JTIwY2xhc3MlM0QlMjJjdXN0b20tc3RhcnQlMjIlM0UlMEElMjAlMjAlMjAlMjAlMjAlMjAlMjAlMjAlMjAlMjAlMjAlMjAlMjAlMjAlMjAlMjAlMjAlMjAlMjAlMjAlM0NpJTIwY2xhc3MlM0QlMjJmYSUyMGZhLXN0YXIlMjIlMjBzdHlsZSUzRCUyMmNvbG9yJTNBJTIzRkZENzAwJTNCZm9udC1zaXplJTNBMjBweCUzQiUyMiUzRSUzQyUyRmklM0UlMEElMjAlMjAlMjAlMjAlMjAlMjAlMjAlMjAlMjAlMjAlMjAlMjAlMjAlMjAlMjAlMjAlMjAlMjAlMjAlMjAlM0NpJTIwY2xhc3MlM0QlMjJmYSUyMGZhLXN0YXIlMjIlMjBzdHlsZSUzRCUyMmNvbG9yJTNBJTIzRkZENzAwJTNCZm9udC1zaXplJTNBMjBweCUzQiUyMiUzRSUzQyUyRmklM0UlMEElMjAlMjAlMjAlMjAlMjAlMjAlMjAlMjAlMjAlMjAlMjAlMjAlMjAlMjAlMjAlMjAlMjAlMjAlMjAlMjAlM0NpJTIwY2xhc3MlM0QlMjJmYSUyMGZhLXN0YXIlMjIlMjBzdHlsZSUzRCUyMmNvbG9yJTNBJTIzRkZENzAwJTNCZm9udC1zaXplJTNBMjBweCUzQiUyMiUzRSUzQyUyRmklM0UlMEElMjAlMjAlMjAlMjAlMjAlMjAlMjAlMjAlMjAlMjAlMjAlMjAlMjAlMjAlMjAlMjAlMjAlMjAlMjAlMjAlM0NpJTIwY2xhc3MlM0QlMjJmYSUyMGZhLXN0YXIlMjIlMjBzdHlsZSUzRCUyMmNvbG9yJTNBJTIzRkZENzAwJTNCZm9udC1zaXplJTNBMjBweCUzQiUyMiUzRSUzQyUyRmklM0UlMEElMjAlMjAlMjAlMjAlMjAlMjAlMjAlMjAlMjAlMjAlMjAlMjAlMjAlMjAlMjAlMjAlMjAlMjAlMjAlMjAlM0NpJTIwY2xhc3MlM0QlMjJmYSUyMGZhLXN0YXIlMjIlMjBzdHlsZSUzRCUyMmNvbG9yJTNBJTIzRkZENzAwJTNCZm9udC1zaXplJTNBMjBweCUzQiUyMiUzRSUzQyUyRmklM0UlMEElMjAlMjAlMjAlMjAlMjAlMjAlMjAlMjAlMjAlMjAlMjAlMjAlMjAlMjAlMjAlMjAlMjAlMjAlMjAlMjAlM0NwJTIwc3R5bGUlM0QlMjJmb250LXNpemUlM0ExNHB4JTIyJTNFUmV2aWV3JTIwb2YlMjAlM0NzdHJvbmclM0U1JTNDJTJGc3Ryb25nJTNFJTIwaW4lMjBhJTIwdG90YWwlMjBvZiUyMCUzQ3N0cm9uZyUzRTMlM0MlMkZzdHJvbmclM0UlMjByZXZpZXdzJTIwaW4lMjZuYnNwJTNCJTI2bmJzcCUzQiUzQ2klMjBjbGFzcyUzRCUyMmZhJTIwZmEtYXBwbGUlMjIlMjBzdHlsZSUzRCUyMmNvbG9yJTNBJTIzMDAwMDAwJTNCZm9udC1zaXplJTNBMjBweCUzQm1hcmdpbi1yaWdodCUzQTBweCUzQiUyMiUzRSUzQyUyRmklM0UlMjZuYnNwJTNCJTI2bmJzcCUzQkFwcGxlJTI2bmJzcCUzQlN0b3JlJTNDJTJGcCUzRSUwQSUyMCUyMCUyMCUyMCUyMCUyMCUyMCUyMCUyMCUyMCUyMCUyMCUyMCUyMCUyMCUyMCUzQyUyRmRpdiUzRSUyMCUyMCUyMCUyMCUwQSUyMCUyMCUyMCUyMCUyMCUyMCUyMCUyMCUyMCUyMCUyMCUyMCUzQyUyRmRpdiUzRSUwQSUzQyUyRmRpdiUzRSUzQyUyRmNlbnRlciUzRQ==[\/vc_raw_html][vc_column_text css_animation=&#8221;bounceIn&#8221;]<\/p>\n<p style=\"text-align: center;\"><a class=\"custom-buttons\" href=\"https:\/\/onelink.to\/8zsb87\">Install<\/a><\/p>\n<p>[\/vc_column_text][\/vc_column][vc_column offset=&#8221;vc_col-md-6&#8243;][vc_column_text]We are pleased to present the new If\u00e1 application, Apola \u00ccros\u00f9n so that you can continue increasing and perfecting your knowledge of the <a href=\"https:\/\/ileawo.com\/en\/applications\/ifa-tradicional-pro\/\">traditional<\/a> practice. Apola \u00ccros\u00f9n is the fifth application in the Apola series, with which you will have access to new unpublished If\u00e1 verses of the 15 signs of \u00ccros\u00f9n accompanied by their audios in Yor\u00f9b\u00e1.<\/p>\n<p>With Apola \u00ccros\u00f9n, developed by <a href=\"https:\/\/ileawo.com\/en\/practice-ifa-traditional\/babalawo-ifabiyii-akoda\/\">If\u00e1b\u00edy\u00ec\u00ed Ak\u00f3d\u00e0<\/a>, you will have access to 75 unpublished If\u00e1 verses compiled after years of learning with renowned traditional awo. From \u00ccros\u00f9n Ogb\u00e8 to \u00ccros\u00f9n \u00d2f\u00fan, the veracity of all this exclusive information has been verified. In Apola \u00ccros\u00f9n you will find verses to propitiate different Orisas both for expiration and wealth, prosperity, the couple, children or long life.<\/p>\n<p>Each of the verses are accompanied by audios recited by authentic Yor\u00f9b\u00e1-speaking babalawo, to correct the correct pronunciation of Yor\u00f9b\u00e1 and, in turn, reduce the time needed to memorize all this If\u00e1 information available in the application.<\/p>\n<p>In addition, you will be able to check the progress of your If\u00e1 studies thanks to our tests on traditional practice, with questions related to the verses of Apola \u00ccros\u00f9n.[\/vc_column_text][\/vc_column][\/vc_row][vc_row full_width=&#8221;stretch_row&#8221; gap=&#8221;20&#8243; css=&#8221;.vc_custom_1633372039540{padding-top: 30px !important;padding-bottom: 30px !important;}&#8221;][vc_column offset=&#8221;vc_col-md-6&#8243; css=&#8221;.vc_custom_1572275010086{padding-top: 0px !important;padding-bottom: 0px !important;}&#8221;][vc_column_text]<\/p>\n<h3>App images<\/h3>\n<p>[\/vc_column_text][vc_images_carousel images=&#8221;7517,7520,7523,7526,7529&#8243; img_size=&#8221;medium&#8221; onclick=&#8221;link_no&#8221; slides_per_view=&#8221;3&#8243; css=&#8221;.vc_custom_1675255183663{margin-bottom: 0px !important;}&#8221;][\/vc_column][vc_column offset=&#8221;vc_col-md-6&#8243; css=&#8221;.vc_custom_1572274957308{padding-top: 0px !important;}&#8221;][vc_column_text css=&#8221;.vc_custom_1675254581438{margin-top: 0px !important;margin-bottom: 0px !important;}&#8221;]<\/p>\n<h2>Content of Apola Irosun<\/h2>\n<ul>\n<li>Five If\u00e1 verses of each of the 15 signs of the Apola Irosun, from Irosun Ogbe to Irosun Ofun.<\/li>\n<li>Audios in Yor\u00f9b\u00e1 of all the verses<\/li>\n<li>Verses in Yor\u00f9b\u00e1 and their translation<\/li>\n<li>English and Spanish version<\/li>\n<li>Test to verify learning for different levels of knowledge<\/li>\n<li>Exclusive &#8220;VIP Zone&#8221; where you can receive information previously requested from If\u00e1b\u00edy\u00ec\u00ed Ak\u00f3d\u00e0 with the possibility of customizing your profile.<\/li>\n<li>Scoop information on Oke Itase<\/li>\n<li>The latest developments in traditional practice<\/li>\n<li>Yoruba Calendar<\/li>\n<li>And much more\u2026<\/li>\n<\/ul>\n<p>[\/vc_column_text][\/vc_column][\/vc_row][vc_row full_width=&#8221;stretch_row&#8221; css=&#8221;.vc_custom_1633443632664{padding-top: 40px !important;padding-bottom: 20px !important;background-color: #f6f6f6 !important;}&#8221;][vc_column][vc_column_text css=&#8221;.vc_custom_1633448061418{margin-bottom: 0px !important;}&#8221;]<\/p>\n<h2 style=\"text-align: center;\">Other apps<\/h2>\n<p>[\/vc_column_text][\/vc_column][vc_column][vc_masonry_grid post_type=&#8221;page&#8221; max_items=&#8221;3&#8243; orderby=&#8221;rand&#8221; grid_id=&#8221;vc_gid:1675256477870-c4ac1094-051a-1&#8243; taxonomies=&#8221;2702&#8243;][\/vc_column][\/vc_row][vc_row full_width=&#8221;stretch_row&#8221; content_placement=&#8221;middle&#8221; bg_type=&#8221;bg_color&#8221; bg_override=&#8221;ex-full&#8221; bg_color_value=&#8221;#4e89d5&#8243; el_class=&#8221;banner&#8221; css=&#8221;.vc_custom_1589981626585{background-color: #4e89d5 !important;}&#8221;][vc_column width=&#8221;2\/3&#8243;][vc_column_text el_class=&#8221;banner-text&#8221;]Do you want to know more about Il\u00e9 Awo, Traditional Ifa, the Orisa and the Yoruba religion?[\/vc_column_text][\/vc_column][vc_column width=&#8221;1\/3&#8243;][vc_column_text css_animation=&#8221;bounceIn&#8221;]<\/p>\n<p style=\"text-align: center;\"><a class=\"custom-buttons-alternative\" href=\"\/en\/contact\/\">Ask us<\/a><\/p>\n<p>[\/vc_column_text][\/vc_column][\/vc_row]<\/p>\n<\/div>"},"excerpt":{"rendered":"<p>[vc_row full_width=&#8221;stretch_row&#8221; content_placement=&#8221;middle&#8221; bg_type=&#8221;bg_color&#8221; el_class=&#8221;contact-row&#8221; bg_color_value=&#8221;#f6f6f6&#8243; css=&#8221;.vc_custom_1633372019721{padding-top: 40px !important;padding-bottom: 40px !important;background-color: #f6f6f6 !important;}&#8221;][vc_column offset=&#8221;vc_col-md-6&#8243;][vc_single_image image=&#8221;7512&#8243; alignment=&#8221;center&#8221; onclick=&#8221;custom_link&#8221; img_link_target=&#8221;_blank&#8221; css=&#8221;.vc_custom_1675256599428{border-radius: 35px !important;}&#8221; link=&#8221;http:\/\/hyperurl.co\/mmd5nd&#8221;][vc_raw_html]JTNDZGl2JTIwc3R5bGUlM0QlMjJ0ZXh0LWFsaWduJTNBJTIwY2VudGVyJTNCJTIyJTNFJTBBJTIwJTIwJTIwJTIwJTNDcCUyMHN0eWxlJTNEJTIybWFyZ2luLWJvdHRvbSUzQSUyMDEwcHglM0Jmb250LXNpemUlM0ElMjAxNHB4JTNCJTIyJTNFQXZhaWxhYmxlJTIwZm9yJTIwbW9iaWxlcyUyMGFuZCUyMHRhYmxldHMlMjBhdCUzQSUzQyUyRnAlM0UlMEElMjAlMjAlMjAlMjAlM0NwJTNFJTBBJTIwJTIwJTIwJTIwJTIwJTIwJTIwJTIwJTNDaSUyMHN0eWxlJTNEJTIyY29sb3IlM0ElMjMwMDAwMDAlM0Jmb250LXNpemUlM0EyMHB4JTNCcGFkZGluZyUzQSUyMDAlMjAxMHB4JTNCJTIyJTIwY2xhc3MlM0QlMjJmYSUyMGZhLWFwcGxlJTIyJTNFJTNDJTJGaSUzRSUwQSUyMCUyMCUyMCUyMCUzQyUyRnAlM0UlMEElM0MlMkZkaXYlM0U=[\/vc_raw_html][vc_raw_html]JTNDY2VudGVyJTNFJTNDZGl2JTIwaXRlbXNjb3BlJTIwaXRlbXR5cGUlM0QlMjJodHRwJTNBJTJGJTJGc2NoZW1hLm9yZyUyRk1vYmlsZUFwcGxpY2F0aW9uJTIyJTNFJTBBJTIwJTIwJTIwJTIwJTNDbWV0YSUyMGl0ZW1wcm9wJTNEJTIybmFtZSUyMiUyMGNvbnRlbnQlM0QlMjJBcG9sYSUyMElyb3N1biUyMiUzRSUwQSUyMCUyMCUyMCUyMCUzQ21ldGElMjBpdGVtcHJvcCUzRCUyMmRlc2NyaXB0aW9uJTIyJTIwY29udGVudCUzRCUyMkNvbnRpbnVlJTIwaW5jcmVhc2luZyUyMHlvdXIlMjBrbm93bGVkZ2UlMjBvZiUyMHRoZSUyMHRyYWRpdGlvbmFsJTIwcHJhY3RpY2UlMjBvZiUyMElmJUMzJUExJTIwd2l0aCUyMEFwb2xhJTIwJUMzJThDcm9zJUMzJUI5biUyQyUyMHRoZSUyMG5ldyUyMGFwcCUyMHdpdGglMjA3NSUyMElmJUMzJUExJTIwdmVyc2VzJTIwYW5kJTIwYXVkaW9zJTIwcmVjaXRlZCUyMGJ5JTIwYW4lMjBhdXRoZW50aWMlMjBZb3IlQzMlQjliJUMzJUExLiUyMiUzRSUwQSUyMCUyMCUyMCUyMCUzQ21ldGElMjBpdGVtcHJvcCUzRCUyMm9wZXJhdGluZ1N5c3RlbSUyMiUyMGNvbnRlbnQlM0QlMjJBbmRyb2lkJTJDJTIwaU9TJTIyJTNFJTBBJTIwJTIwJTIwJTIwJTNDbWV0YSUyMGl0ZW1wcm9wJTNEJTIyYXBwbGljYXRpb25DYXRlZ29yeSUyMiUyMGNvbnRlbnQlM0QlMjJFZHVjYXRpb24lMjIlM0UlMEElMjAlMjAlMjAlMjAlM0NtZXRhJTIwaXRlbXByb3AlM0QlMjJpbWFnZSUyMiUyMGNvbnRlbnQlM0QlMjIlMkZ3cC1jb250ZW50JTJGdXBsb2FkcyUyRjIwMjMlMkYwMSUyRkxvZ28tQXBvbGEtaXJvc3VuLTEwMjQucG5nJTIyJTNFJTBBJTIwJTIwJTIwJTIwJTNDbWV0YSUyMGl0ZW1wcm9wJTNEJTIyZG93bmxvYWRVcmwlMjIlMjBjb250ZW50JTNEJTIyaHR0cHMlM0ElMkYlMkZvbmVsaW5rLnRvJTJGOHpzYjg3JTIyJTNFJTBBJTIwJTIwJTIwJTIwJTIwJTIwJTIwJTIwJTNDZGl2JTIwaXRlbXByb3AlM0QlMjJvZmZlcnMlMjIlMjBpdGVtc2NvcGUlMjBpdGVtdHlwZSUzRCUyMmh0dHAlM0ElMkYlMkZzY2hlbWEub3JnJTJGT2ZmZXIlMjIlM0UlMEElMjAlMjAlMjAlMjAlMjAlMjAlMjAlMjAlMjAlMjAlMjAlMjAlM0NtZXRhJTIwaXRlbXByb3AlM0QlMjJwcmljZSUyMiUyMGNvbnRlbnQlM0QlMjI4OS45OSUyMiUzRSUwQSUyMCUyMCUyMCUyMCUyMCUyMCUyMCUyMCUyMCUyMCUyMCUyMCUzQ21ldGElMjBpdGVtcHJvcCUzRCUyMnByaWNlQ3VycmVuY3klMjIlMjBjb250ZW50JTNEJTIyRVVSJTIyJTNFJTIwJTIwJTIwJTIwJTIwJTIwJTIwJTIwJTIwJTIwJTIwJTIwJTIwJTIwJTBBJTIwJTIwJTIwJTIwJTIwJTIwJTIwJTIwJTIwJTIwJTIwJTIwJTNDbGluayUyMGl0ZW1wcm9wJTNEJTIyYXZhaWxhYmlsaXR5JTIyJTIwaHJlZiUzRCUyMmh0dHAlM0ElMkYlMkZzY2hlbWEub3JnJTJGaW5TdG9jayUyMiUyMCUyRiUzRSUwQSUyMCUyMCUyMCUyMCUyMCUyMCUyMCUyMCUzQyUyRmRpdiUzRSUwQSUyMCUyMCUyMCUyMCUyMCUyMCUyMCUyMCUyMCUyMCUyMCUyMCUzQ2RpdiUyMGl0ZW1wcm9wJTNEJTIyYWdncmVnYXRlUmF0aW5nJTIyJTIwaXRlbXNjb3BlJTNEJTIyJTIyJTIwaXRlbXR5cGUlM0QlMjJodHRwJTNBJTJGJTJGc2NoZW1hLm9yZyUyRkFnZ3JlZ2F0ZVJhdGluZyUyMiUyMCUzRSUwQSUyMCUyMCUyMCUyMCUyMCUyMCUyMCUyMCUyMCUyMCUyMCUyMCUyMCUyMCUyMCUyMCUzQ21ldGElMjBpdGVtcHJvcCUzRCUyMnJhdGluZ1ZhbHVlJTIyJTIwY29udGVudCUzRCUyMjUlMjIlM0UlMEElMjAlMjAlMjAlMjAlMjAlMjAlMjAlMjAlMjAlMjAlMjAlMjAlMjAlMjAlMjAlMjAlM0NtZXRhJTIwaXRlbXByb3AlM0QlMjJyYXRpbmdDb3VudCUyMiUyMGNvbnRlbnQlM0QlMjIzJTIyJTNFJTBBJTIwJTIwJTIwJTIwJTIwJTIwJTIwJTIwJTIwJTIwJTIwJTIwJTIwJTIwJTIwJTIwJTNDZGl2JTIwY2xhc3MlM0QlMjJjdXN0b20tc3RhcnQlMjIlM0UlMEElMjAlMjAlMjAlMjAlMjAlMjAlMjAlMjAlMjAlMjAlMjAlMjAlMjAlMjAlMjAlMjAlMjAlMjAlMjAlMjAlM0NpJTIwY2xhc3MlM0QlMjJmYSUyMGZhLXN0YXIlMjIlMjBzdHlsZSUzRCUyMmNvbG9yJTNBJTIzRkZENzAwJTNCZm9udC1zaXplJTNBMjBweCUzQiUyMiUzRSUzQyUyRmklM0UlMEElMjAlMjAlMjAlMjAlMjAlMjAlMjAlMjAlMjAlMjAlMjAlMjAlMjAlMjAlMjAlMjAlMjAlMjAlMjAlMjAlM0NpJTIwY2xhc3MlM0QlMjJmYSUyMGZhLXN0YXIlMjIlMjBzdHlsZSUzRCUyMmNvbG9yJTNBJTIzRkZENzAwJTNCZm9udC1zaXplJTNBMjBweCUzQiUyMiUzRSUzQyUyRmklM0UlMEElMjAlMjAlMjAlMjAlMjAlMjAlMjAlMjAlMjAlMjAlMjAlMjAlMjAlMjAlMjAlMjAlMjAlMjAlMjAlMjAlM0NpJTIwY2xhc3MlM0QlMjJmYSUyMGZhLXN0YXIlMjIlMjBzdHlsZSUzRCUyMmNvbG9yJTNBJTIzRkZENzAwJTNCZm9udC1zaXplJTNBMjBweCUzQiUyMiUzRSUzQyUyRmklM0UlMEElMjAlMjAlMjAlMjAlMjAlMjAlMjAlMjAlMjAlMjAlMjAlMjAlMjAlMjAlMjAlMjAlMjAlMjAlMjAlMjAlM0NpJTIwY2xhc3MlM0QlMjJmYSUyMGZhLXN0YXIlMjIlMjBzdHlsZSUzRCUyMmNvbG9yJTNBJTIzRkZENzAwJTNCZm9udC1zaXplJTNBMjBweCUzQiUyMiUzRSUzQyUyRmklM0UlMEElMjAlMjAlMjAlMjAlMjAlMjAlMjAlMjAlMjAlMjAlMjAlMjAlMjAlMjAlMjAlMjAlMjAlMjAlMjAlMjAlM0NpJTIwY2xhc3MlM0QlMjJmYSUyMGZhLXN0YXIlMjIlMjBzdHlsZSUzRCUyMmNvbG9yJTNBJTIzRkZENzAwJTNCZm9udC1zaXplJTNBMjBweCUzQiUyMiUzRSUzQyUyRmklM0UlMEElMjAlMjAlMjAlMjAlMjAlMjAlMjAlMjAlMjAlMjAlMjAlMjAlMjAlMjAlMjAlMjAlMjAlMjAlMjAlMjAlM0NwJTIwc3R5bGUlM0QlMjJmb250LXNpemUlM0ExNHB4JTIyJTNFUmV2aWV3JTIwb2YlMjAlM0NzdHJvbmclM0U1JTNDJTJGc3Ryb25nJTNFJTIwaW4lMjBhJTIwdG90YWwlMjBvZiUyMCUzQ3N0cm9uZyUzRTMlM0MlMkZzdHJvbmclM0UlMjByZXZpZXdzJTIwaW4lMjZuYnNwJTNCJTI2bmJzcCUzQiUzQ2klMjBjbGFzcyUzRCUyMmZhJTIwZmEtYXBwbGUlMjIlMjBzdHlsZSUzRCUyMmNvbG9yJTNBJTIzMDAwMDAwJTNCZm9udC1zaXplJTNBMjBweCUzQm1hcmdpbi1yaWdodCUzQTBweCUzQiUyMiUzRSUzQyUyRmklM0UlMjZuYnNwJTNCJTI2bmJzcCUzQkFwcGxlJTI2bmJzcCUzQlN0b3JlJTNDJTJGcCUzRSUwQSUyMCUyMCUyMCUyMCUyMCUyMCUyMCUyMCUyMCUyMCUyMCUyMCUyMCUyMCUyMCUyMCUzQyUyRmRpdiUzRSUyMCUyMCUyMCUyMCUwQSUyMCUyMCUyMCUyMCUyMCUyMCUyMCUyMCUyMCUyMCUyMCUyMCUzQyUyRmRpdiUzRSUwQSUzQyUyRmRpdiUzRSUzQyUyRmNlbnRlciUzRQ==[\/vc_raw_html][vc_column_text css_animation=&#8221;bounceIn&#8221;] Install [\/vc_column_text][\/vc_column][vc_column offset=&#8221;vc_col-md-6&#8243;][vc_column_text]We<span class=\"excerpt-hellip\"> [\u2026]<\/span><\/p>\n","protected":false},"author":1,"featured_media":7512,"parent":3582,"menu_order":0,"comment_status":"open","ping_status":"closed","template":"","meta":{"footnotes":""},"categories":[2702],"class_list":["post-7501","page","type-page","status-publish","has-post-thumbnail","hentry","category-app-en"],"yoast_head":"<!-- This site is optimized with the Yoast SEO Premium plugin v25.2 (Yoast SEO v27.4) - https:\/\/yoast.com\/product\/yoast-seo-premium-wordpress\/ -->\n<title>Apola Irosun, new application with If\u00e1 verses and audios in Yoruba<\/title>\n<meta name=\"description\" content=\"Increasing your knowledge with Apola Irosun, the new application with 75 If\u00e1 verses from all Irosun and the audios recited by babalawo yoruba\" \/>\n<meta name=\"robots\" content=\"index, follow, max-snippet:-1, max-image-preview:large, max-video-preview:-1\" \/>\n<link rel=\"canonical\" href=\"https:\/\/ileawo.com\/en\/applications\/apola-irosun\/\" \/>\n<meta property=\"og:locale\" content=\"en_US\" \/>\n<meta property=\"og:type\" content=\"article\" \/>\n<meta property=\"og:title\" content=\"App Apola Irosun\" \/>\n<meta property=\"og:description\" content=\"Increasing your knowledge with Apola Irosun, the new application with 75 If\u00e1 verses from all Irosun and the audios recited by babalawo yoruba\" \/>\n<meta property=\"og:url\" content=\"https:\/\/ileawo.com\/en\/applications\/apola-irosun\/\" \/>\n<meta property=\"og:site_name\" content=\"Il\u00e9 Awo\" \/>\n<meta property=\"article:publisher\" content=\"https:\/\/www.facebook.com\/ifabiyii\" \/>\n<meta property=\"article:modified_time\" content=\"2023-02-01T13:06:17+00:00\" \/>\n<meta property=\"og:image\" content=\"https:\/\/ileawo.com\/wp-content\/uploads\/2023\/01\/app-apola-irosun.jpg\" \/>\n\t<meta property=\"og:image:width\" content=\"1200\" \/>\n\t<meta property=\"og:image:height\" content=\"633\" \/>\n\t<meta property=\"og:image:type\" content=\"image\/jpeg\" \/>\n<meta name=\"twitter:card\" content=\"summary_large_image\" \/>\n<meta name=\"twitter:site\" content=\"@ifabiyii\" \/>\n<!-- \/ Yoast SEO Premium plugin. -->","yoast_head_json":{"title":"Apola Irosun, new application with If\u00e1 verses and audios in Yoruba","description":"Increasing your knowledge with Apola Irosun, the new application with 75 If\u00e1 verses from all Irosun and the audios recited by babalawo yoruba","robots":{"index":"index","follow":"follow","max-snippet":"max-snippet:-1","max-image-preview":"max-image-preview:large","max-video-preview":"max-video-preview:-1"},"canonical":"https:\/\/ileawo.com\/en\/applications\/apola-irosun\/","og_locale":"en_US","og_type":"article","og_title":"App Apola Irosun","og_description":"Increasing your knowledge with Apola Irosun, the new application with 75 If\u00e1 verses from all Irosun and the audios recited by babalawo yoruba","og_url":"https:\/\/ileawo.com\/en\/applications\/apola-irosun\/","og_site_name":"Il\u00e9 Awo","article_publisher":"https:\/\/www.facebook.com\/ifabiyii","article_modified_time":"2023-02-01T13:06:17+00:00","og_image":[{"width":1200,"height":633,"url":"https:\/\/ileawo.com\/wp-content\/uploads\/2023\/01\/app-apola-irosun.jpg","type":"image\/jpeg"}],"twitter_card":"summary_large_image","twitter_site":"@ifabiyii","schema":{"@context":"https:\/\/schema.org","@graph":[{"@type":"Article","@id":"https:\/\/ileawo.com\/en\/applications\/apola-irosun\/#article","isPartOf":{"@id":"https:\/\/ileawo.com\/en\/applications\/apola-irosun\/"},"author":{"name":"If\u00e1b\u00edy\u00ec\u00ed Ak\u00f3d\u00e0","@id":"http:\/\/ileawo.com\/en\/#\/schema\/person\/5b4d3af5a9aa8f02fe88dbeb048ef64a"},"headline":"App Apola Irosun","datePublished":"2023-02-01T12:41:46+00:00","dateModified":"2023-02-01T13:06:17+00:00","mainEntityOfPage":{"@id":"https:\/\/ileawo.com\/en\/applications\/apola-irosun\/"},"wordCount":894,"commentCount":0,"publisher":{"@id":"http:\/\/ileawo.com\/en\/#organization"},"image":{"@id":"https:\/\/ileawo.com\/en\/applications\/apola-irosun\/#primaryimage"},"thumbnailUrl":"https:\/\/ileawo.com\/wp-content\/uploads\/2023\/01\/Logo-Apola-irosun-1024.png","articleSection":["App"],"inLanguage":"en-US","potentialAction":[{"@type":"CommentAction","name":"Comment","target":["https:\/\/ileawo.com\/en\/applications\/apola-irosun\/#respond"]}]},{"@type":"WebPage","@id":"https:\/\/ileawo.com\/en\/applications\/apola-irosun\/","url":"https:\/\/ileawo.com\/en\/applications\/apola-irosun\/","name":"Apola Irosun, new application with If\u00e1 verses and audios in Yoruba","isPartOf":{"@id":"http:\/\/ileawo.com\/en\/#website"},"primaryImageOfPage":{"@id":"https:\/\/ileawo.com\/en\/applications\/apola-irosun\/#primaryimage"},"image":{"@id":"https:\/\/ileawo.com\/en\/applications\/apola-irosun\/#primaryimage"},"thumbnailUrl":"https:\/\/ileawo.com\/wp-content\/uploads\/2023\/01\/Logo-Apola-irosun-1024.png","datePublished":"2023-02-01T12:41:46+00:00","dateModified":"2023-02-01T13:06:17+00:00","description":"Increasing your knowledge with Apola Irosun, the new application with 75 If\u00e1 verses from all Irosun and the audios recited by babalawo yoruba","breadcrumb":{"@id":"https:\/\/ileawo.com\/en\/applications\/apola-irosun\/#breadcrumb"},"inLanguage":"en-US","potentialAction":[{"@type":"ReadAction","target":["https:\/\/ileawo.com\/en\/applications\/apola-irosun\/"]}]},{"@type":"ImageObject","inLanguage":"en-US","@id":"https:\/\/ileawo.com\/en\/applications\/apola-irosun\/#primaryimage","url":"https:\/\/ileawo.com\/wp-content\/uploads\/2023\/01\/Logo-Apola-irosun-1024.png","contentUrl":"https:\/\/ileawo.com\/wp-content\/uploads\/2023\/01\/Logo-Apola-irosun-1024.png","width":1024,"height":1024,"caption":"Apola Irosun, nueva app de If\u00e1"},{"@type":"BreadcrumbList","@id":"https:\/\/ileawo.com\/en\/applications\/apola-irosun\/#breadcrumb","itemListElement":[{"@type":"ListItem","position":1,"name":"Home","item":"https:\/\/ileawo.com\/en\/"},{"@type":"ListItem","position":2,"name":"If\u00e1 Applications","item":"http:\/\/ileawo.com\/en\/applications\/"},{"@type":"ListItem","position":3,"name":"App Apola Irosun"}]},{"@type":"WebSite","@id":"http:\/\/ileawo.com\/en\/#website","url":"http:\/\/ileawo.com\/en\/","name":"Il\u00e9 Awo","description":"","publisher":{"@id":"http:\/\/ileawo.com\/en\/#organization"},"potentialAction":[{"@type":"SearchAction","target":{"@type":"EntryPoint","urlTemplate":"http:\/\/ileawo.com\/en\/?s={search_term_string}"},"query-input":{"@type":"PropertyValueSpecification","valueRequired":true,"valueName":"search_term_string"}}],"inLanguage":"en-US"},{"@type":"Organization","@id":"http:\/\/ileawo.com\/en\/#organization","name":"Il\u00e9 Awo","url":"http:\/\/ileawo.com\/en\/","logo":{"@type":"ImageObject","inLanguage":"en-US","@id":"http:\/\/ileawo.com\/en\/#\/schema\/logo\/image\/","url":"https:\/\/ileawo.com\/wp-content\/uploads\/revslider\/Bienvenido\/Logo-Ile-Awo-20201.png","contentUrl":"https:\/\/ileawo.com\/wp-content\/uploads\/revslider\/Bienvenido\/Logo-Ile-Awo-20201.png","width":500,"height":155,"caption":"Il\u00e9 Awo"},"image":{"@id":"http:\/\/ileawo.com\/en\/#\/schema\/logo\/image\/"},"sameAs":["https:\/\/www.facebook.com\/ifabiyii","https:\/\/x.com\/ifabiyii","https:\/\/www.instagram.com\/ifabiyii_akoda\/"]},{"@type":"Person","@id":"http:\/\/ileawo.com\/en\/#\/schema\/person\/5b4d3af5a9aa8f02fe88dbeb048ef64a","name":"If\u00e1b\u00edy\u00ec\u00ed Ak\u00f3d\u00e0","image":{"@type":"ImageObject","inLanguage":"en-US","@id":"https:\/\/secure.gravatar.com\/avatar\/07530fd5fec1f19247b6ca33a6f419284691fff29c8857d86ea771d943bdba08?s=96&d=mm&r=g","url":"https:\/\/secure.gravatar.com\/avatar\/07530fd5fec1f19247b6ca33a6f419284691fff29c8857d86ea771d943bdba08?s=96&d=mm&r=g","contentUrl":"https:\/\/secure.gravatar.com\/avatar\/07530fd5fec1f19247b6ca33a6f419284691fff29c8857d86ea771d943bdba08?s=96&d=mm&r=g","caption":"If\u00e1b\u00edy\u00ec\u00ed Ak\u00f3d\u00e0"},"sameAs":["https:\/\/ileawo.com\/"]}]}},"_links":{"self":[{"href":"https:\/\/ileawo.com\/en\/wp-json\/wp\/v2\/pages\/7501","targetHints":{"allow":["GET"]}}],"collection":[{"href":"https:\/\/ileawo.com\/en\/wp-json\/wp\/v2\/pages"}],"about":[{"href":"https:\/\/ileawo.com\/en\/wp-json\/wp\/v2\/types\/page"}],"author":[{"embeddable":true,"href":"https:\/\/ileawo.com\/en\/wp-json\/wp\/v2\/users\/1"}],"replies":[{"embeddable":true,"href":"https:\/\/ileawo.com\/en\/wp-json\/wp\/v2\/comments?post=7501"}],"version-history":[{"count":0,"href":"https:\/\/ileawo.com\/en\/wp-json\/wp\/v2\/pages\/7501\/revisions"}],"up":[{"embeddable":true,"href":"https:\/\/ileawo.com\/en\/wp-json\/wp\/v2\/pages\/3582"}],"wp:featuredmedia":[{"embeddable":true,"href":"https:\/\/ileawo.com\/en\/wp-json\/wp\/v2\/media\/7512"}],"wp:attachment":[{"href":"https:\/\/ileawo.com\/en\/wp-json\/wp\/v2\/media?parent=7501"}],"wp:term":[{"taxonomy":"category","embeddable":true,"href":"https:\/\/ileawo.com\/en\/wp-json\/wp\/v2\/categories?post=7501"}],"curies":[{"name":"wp","href":"https:\/\/api.w.org\/{rel}","templated":true}]}}