{"id":7298,"date":"2023-01-13T17:46:35","date_gmt":"2023-01-13T16:46:35","guid":{"rendered":"https:\/\/ileawo.com\/?page_id=7298"},"modified":"2023-01-18T16:42:58","modified_gmt":"2023-01-18T15:42:58","slug":"osanyin","status":"publish","type":"page","link":"https:\/\/ileawo.com\/en\/applications\/osanyin\/","title":{"rendered":"App Osanyin lo mo Ewe"},"content":{"rendered":"<div class=\"wpb-content-wrapper\"><p>[vc_row full_width=&#8221;stretch_row&#8221; content_placement=&#8221;middle&#8221; bg_type=&#8221;bg_color&#8221; el_class=&#8221;contact-row&#8221; bg_color_value=&#8221;#f6f6f6&#8243; css=&#8221;.vc_custom_1633368877731{padding-top: 40px !important;padding-bottom: 40px !important;background-color: #f6f6f6 !important;}&#8221;][vc_column offset=&#8221;vc_col-md-6&#8243;][vc_single_image image=&#8221;7374&#8243; alignment=&#8221;center&#8221; onclick=&#8221;custom_link&#8221; img_link_target=&#8221;_blank&#8221; css=&#8221;.vc_custom_1673615475617{border-radius: 35px !important;}&#8221; link=&#8221;http:\/\/hyperurl.co\/mmd5nd&#8221;][vc_raw_html]JTNDZGl2JTIwc3R5bGUlM0QlMjJ0ZXh0LWFsaWduJTNBJTIwY2VudGVyJTNCJTIyJTNFJTBBJTIwJTIwJTIwJTIwJTNDcCUyMHN0eWxlJTNEJTIybWFyZ2luLWJvdHRvbSUzQSUyMDEwcHglM0Jmb250LXNpemUlM0ElMjAxNHB4JTNCJTIyJTNFQXZhaWxhYmxlJTIwZm9yJTIwbW9iaWxlcyUyMGFuZCUyMHRhYmxldHMlMjBpbiUzQSUzQyUyRnAlM0UlMEElMjAlMjAlMjAlMjAlM0NwJTNFJTBBJTIwJTIwJTIwJTIwJTIwJTIwJTIwJTIwJTNDaSUyMHN0eWxlJTNEJTIyY29sb3IlM0ElMjMwMDAwMDAlM0Jmb250LXNpemUlM0EyMHB4JTNCcGFkZGluZyUzQSUyMDAlMjAxMHB4JTNCJTIyJTIwY2xhc3MlM0QlMjJmYSUyMGZhLWFwcGxlJTIyJTNFJTNDJTJGaSUzRSUwQSUyMCUyMCUyMCUyMCUzQyUyRnAlM0UlMEElM0MlMkZkaXYlM0U=[\/vc_raw_html][vc_raw_html]JTNDY2VudGVyJTNFJTNDZGl2JTIwaXRlbXNjb3BlJTIwaXRlbXR5cGUlM0QlMjJodHRwJTNBJTJGJTJGc2NoZW1hLm9yZyUyRk1vYmlsZUFwcGxpY2F0aW9uJTIyJTNFJTBBJTIwJTIwJTIwJTIwJTNDbWV0YSUyMGl0ZW1wcm9wJTNEJTIybmFtZSUyMiUyMGNvbnRlbnQlM0QlMjJPc2FueWluJTIyJTNFJTBBJTIwJTIwJTIwJTIwJTNDbWV0YSUyMGl0ZW1wcm9wJTNEJTIyZGVzY3JpcHRpb24lMjIlMjBjb250ZW50JTNEJTIyJUMzJTkycyVDMyVBMW55aW4lMjBsbyUyMG1vJTIwRXclQzMlQTklMkMlMjB0aGUlMjBiZXN0JTIwSWYlQzMlQTElMjBhcHBsaWNhdGlvbiUyMGNyZWF0ZWQlMjB0byUyMGRhdGUlMjBkZWRpY2F0ZWQlMjB0byUyMGlkZW50aWZ5aW5nJTIwcGxhbnRzJTIwd2l0aCUyMHRoZWlyJTIwWW9yJUMzJUI5YiVDMyVBMSUyMG5hbWUlMkMlMjB1c2luZyUyMHRoZSUyMGJlc3QlMjB0ZWNobm9sb2d5JTIwZXZlciUyMHVzZWQlMjB3aXRoaW4lMjB0aGUlMjBUcmFkaXRpb25hbCUyMElmJUMzJUExJTIwcHJhY3RpY2UlM0ElMjBpZGVudGlmaWNhdGlvbiUyMG1hY2hpbmUtbGVhcm5pbmclMjBtb2RlbC4lMjIlM0UlMEElMjAlMjAlMjAlMjAlM0NtZXRhJTIwaXRlbXByb3AlM0QlMjJvcGVyYXRpbmdTeXN0ZW0lMjIlMjBjb250ZW50JTNEJTIyQW5kcm9pZCUyQyUyMGlPUyUyMiUzRSUwQSUyMCUyMCUyMCUyMCUzQ21ldGElMjBpdGVtcHJvcCUzRCUyMmFwcGxpY2F0aW9uQ2F0ZWdvcnklMjIlMjBjb250ZW50JTNEJTIyRWR1Y2F0aW9uJTIyJTNFJTBBJTIwJTIwJTIwJTIwJTNDbWV0YSUyMGl0ZW1wcm9wJTNEJTIyaW1hZ2UlMjIlMjBjb250ZW50JTNEJTIyaHR0cHMlM0ElMkYlMkZpbGVhd28uY29tJTJGd3AtY29udGVudCUyRnVwbG9hZHMlMkYyMDIzJTJGMDElMkZvc2FueWluLnBuZyUyMiUzRSUwQSUyMCUyMCUyMCUyMCUzQ21ldGElMjBpdGVtcHJvcCUzRCUyMmRvd25sb2FkVXJsJTIyJTIwY29udGVudCUzRCUyMmh0dHBzJTNBJTJGJTJGb25lbGluay50byUyRnQ1Ym01dSUyMiUzRSUwQSUyMCUyMCUyMCUyMCUyMCUyMCUyMCUyMCUzQ2RpdiUyMGl0ZW1wcm9wJTNEJTIyb2ZmZXJzJTIyJTIwaXRlbXNjb3BlJTIwaXRlbXR5cGUlM0QlMjJodHRwJTNBJTJGJTJGc2NoZW1hLm9yZyUyRk9mZmVyJTIyJTNFJTBBJTIwJTIwJTIwJTIwJTIwJTIwJTIwJTIwJTIwJTIwJTIwJTIwJTNDbWV0YSUyMGl0ZW1wcm9wJTNEJTIycHJpY2UlMjIlMjBjb250ZW50JTNEJTIyMzkuOTklMjIlM0UlMEElMjAlMjAlMjAlMjAlMjAlMjAlMjAlMjAlMjAlMjAlMjAlMjAlM0NtZXRhJTIwaXRlbXByb3AlM0QlMjJwcmljZUN1cnJlbmN5JTIyJTIwY29udGVudCUzRCUyMkVVUiUyMiUzRSUwQSUyMCUyMCUyMCUyMCUyMCUyMCUyMCUyMCUyMCUyMCUyMCUyMCUzQ2xpbmslMjBpdGVtcHJvcCUzRCUyMmF2YWlsYWJpbGl0eSUyMiUyMGhyZWYlM0QlMjJodHRwJTNBJTJGJTJGc2NoZW1hLm9yZyUyRmluU3RvY2slMjIlMjAlMkYlM0UlMEElMjAlMjAlMjAlMjAlMjAlMjAlMjAlMjAlM0MlMkZkaXYlM0UlMEElMjAlMjAlMjAlMjAlMjAlMjAlMjAlMjAlMjAlMjAlMjAlMjAlM0NkaXYlMjBpdGVtcHJvcCUzRCUyMmFnZ3JlZ2F0ZVJhdGluZyUyMiUyMGl0ZW1zY29wZSUzRCUyMiUyMiUyMGl0ZW10eXBlJTNEJTIyaHR0cCUzQSUyRiUyRnNjaGVtYS5vcmclMkZBZ2dyZWdhdGVSYXRpbmclMjIlMjAlM0UlMEElMjAlMjAlMjAlMjAlMjAlMjAlMjAlMjAlMjAlMjAlMjAlMjAlMjAlMjAlMjAlMjAlM0NtZXRhJTIwaXRlbXByb3AlM0QlMjJyYXRpbmdWYWx1ZSUyMiUyMGNvbnRlbnQlM0QlMjI1JTIyJTNFJTBBJTIwJTIwJTIwJTIwJTIwJTIwJTIwJTIwJTIwJTIwJTIwJTIwJTIwJTIwJTIwJTIwJTNDbWV0YSUyMGl0ZW1wcm9wJTNEJTIycmF0aW5nQ291bnQlMjIlMjBjb250ZW50JTNEJTIyNSUyMiUzRSUwQSUyMCUyMCUyMCUyMCUyMCUyMCUyMCUyMCUyMCUyMCUyMCUyMCUyMCUyMCUyMCUyMCUzQ2RpdiUyMGNsYXNzJTNEJTIyY3VzdG9tLXN0YXJ0JTIyJTNFJTBBJTIwJTIwJTIwJTIwJTIwJTIwJTIwJTIwJTIwJTIwJTIwJTIwJTIwJTIwJTIwJTIwJTIwJTIwJTIwJTIwJTNDaSUyMGNsYXNzJTNEJTIyZmElMjBmYS1zdGFyJTIyJTIwc3R5bGUlM0QlMjJjb2xvciUzQSUyM0ZGRDcwMCUzQmZvbnQtc2l6ZSUzQTIwcHglM0IlMjIlM0UlM0MlMkZpJTNFJTBBJTIwJTIwJTIwJTIwJTIwJTIwJTIwJTIwJTIwJTIwJTIwJTIwJTIwJTIwJTIwJTIwJTIwJTIwJTIwJTIwJTNDaSUyMGNsYXNzJTNEJTIyZmElMjBmYS1zdGFyJTIyJTIwc3R5bGUlM0QlMjJjb2xvciUzQSUyM0ZGRDcwMCUzQmZvbnQtc2l6ZSUzQTIwcHglM0IlMjIlM0UlM0MlMkZpJTNFJTBBJTIwJTIwJTIwJTIwJTIwJTIwJTIwJTIwJTIwJTIwJTIwJTIwJTIwJTIwJTIwJTIwJTIwJTIwJTIwJTIwJTNDaSUyMGNsYXNzJTNEJTIyZmElMjBmYS1zdGFyJTIyJTIwc3R5bGUlM0QlMjJjb2xvciUzQSUyM0ZGRDcwMCUzQmZvbnQtc2l6ZSUzQTIwcHglM0IlMjIlM0UlM0MlMkZpJTNFJTBBJTIwJTIwJTIwJTIwJTIwJTIwJTIwJTIwJTIwJTIwJTIwJTIwJTIwJTIwJTIwJTIwJTIwJTIwJTIwJTIwJTNDaSUyMGNsYXNzJTNEJTIyZmElMjBmYS1zdGFyJTIyJTIwc3R5bGUlM0QlMjJjb2xvciUzQSUyM0ZGRDcwMCUzQmZvbnQtc2l6ZSUzQTIwcHglM0IlMjIlM0UlM0MlMkZpJTNFJTBBJTIwJTIwJTIwJTIwJTIwJTIwJTIwJTIwJTIwJTIwJTIwJTIwJTIwJTIwJTIwJTIwJTIwJTIwJTIwJTIwJTNDaSUyMGNsYXNzJTNEJTIyZmElMjBmYS1zdGFyJTIyJTIwc3R5bGUlM0QlMjJjb2xvciUzQSUyM0ZGRDcwMCUzQmZvbnQtc2l6ZSUzQTIwcHglM0IlMjIlM0UlM0MlMkZpJTNFJTBBJTIwJTIwJTIwJTIwJTIwJTIwJTIwJTIwJTIwJTIwJTIwJTIwJTIwJTIwJTIwJTIwJTIwJTIwJTIwJTIwJTNDcCUyMHN0eWxlJTNEJTIyZm9udC1zaXplJTNBMTRweCUyMiUzRVJldmlldyUyMG9mJTIwJTNDc3Ryb25nJTNFNSUzQyUyRnN0cm9uZyUzRSUyMGluJTIwYSUyMHRvdGFsJTIwb2YlMjAlM0NzdHJvbmclM0U1JTNDJTJGc3Ryb25nJTNFJTIwcmV2aWV3cyUyMG9uJTI2bmJzcCUzQiUyNm5ic3AlM0IlM0NpJTIwY2xhc3MlM0QlMjJmYSUyMGZhLWFwcGxlJTIyJTIwc3R5bGUlM0QlMjJjb2xvciUzQSUyMzAwMDAwMCUzQmZvbnQtc2l6ZSUzQTIwcHglM0JtYXJnaW4tcmlnaHQlM0EwcHglM0IlMjIlM0UlM0MlMkZpJTNFJTI2bmJzcCUzQiUyNm5ic3AlM0JBcHBsZSUyNm5ic3AlM0JTdG9yZSUzQyUyRnAlM0UlMEElMjAlMjAlMjAlMjAlMjAlMjAlMjAlMjAlMjAlMjAlMjAlMjAlMjAlMjAlMjAlMjAlM0MlMkZkaXYlM0UlMEElMjAlMjAlMjAlMjAlMjAlMjAlMjAlMjAlMjAlMjAlMjAlMjAlM0MlMkZkaXYlM0UlMEElM0MlMkZkaXYlM0UlM0MlMkZjZW50ZXIlM0U=[\/vc_raw_html][vc_column_text css_animation=&#8221;bounceIn&#8221;]<\/p>\n<p style=\"text-align: center;\"><a class=\"custom-buttons\" href=\"https:\/\/onelink.to\/t5bm5u\">Install<\/a><\/p>\n<p>[\/vc_column_text][\/vc_column][vc_column offset=&#8221;vc_col-md-6&#8243;][vc_column_text]We are pleased to present Osanyin lo mo Ewe, the best If\u00e1 application created to date dedicated to identifying plants with their Yoruba name, using the best technology ever used within Traditional If\u00e1 practice: identification machine learning model. It is artificial intelligence that allows the application to increase the available information automatically, so that the app will grow with its use, recognizing more species than those available and assigning more Yoruba names to the herbs.<\/p>\n<p>The recognition of herbs is very simple and automatic with Osanyin lo mo Ewe. You just have to take a photo or add an image from the gallery of the plant you want to identify and the app will start the recognition automatically and in seconds. We have more than 35,000 plants to recognize and more than 5,000 herbs with the Yoruba name.<\/p>\n<p>Some plants recognized with Yoruba names may have plant variants or alternative names depending on the area of Nigeria, which you can also find in this application.<\/p>\n<p>This new If\u00e1 app is unique in its style and maintains our commitment to help the correct practice of Traditional If\u00e1, in this case helping to know exactly which are the correct herbs that should be used to make an akose or a propitiation and thus achieve accurate results. In addition to the identification, when the photo or image of the silver has geolocation, it will appear on the map that will guide you to its exact location when you need it.<\/p>\n<p>We&#8217;ve also made navigation easier, making it more intuitive than ever. You will only have to slide the screen to the sides to access all the sections of the app.[\/vc_column_text][\/vc_column][\/vc_row][vc_row full_width=&#8221;stretch_row&#8221; gap=&#8221;20&#8243; css=&#8221;.vc_custom_1633369344023{padding-top: 30px !important;padding-bottom: 30px !important;}&#8221;][vc_column offset=&#8221;vc_col-md-6&#8243; css=&#8221;.vc_custom_1572275010086{padding-top: 0px !important;padding-bottom: 0px !important;}&#8221;][vc_column_text]<\/p>\n<h3>App images<\/h3>\n<p>[\/vc_column_text][vc_images_carousel images=&#8221;7410,7413,7416,7419,7422&#8243; img_size=&#8221;medium&#8221; onclick=&#8221;link_no&#8221; slides_per_view=&#8221;3&#8243; css=&#8221;.vc_custom_1673617045122{margin-bottom: 0px !important;}&#8221;][\/vc_column][vc_column offset=&#8221;vc_col-md-6&#8243; css=&#8221;.vc_custom_1572274957308{padding-top: 0px !important;}&#8221;][vc_column_text css=&#8221;.vc_custom_1674056381569{margin-top: 0px !important;margin-bottom: 0px !important;}&#8221;]<\/p>\n<h2>Highlights of Osanyin lo mo Ewe:<\/h2>\n<ul>\n<li>Automatic recognition of plants by photo or image<\/li>\n<li>More than five thousand herbs recognized with Yor\u00f9b\u00e1 names.<\/li>\n<li>Plant recognition score to determine the exact match of the uploaded image with the identified plant.<\/li>\n<li>Personal Herb List<\/li>\n<li>Map with geolocation of herbs<\/li>\n<li>Identification machine-learning model<\/li>\n<li>Available in English and Spanish<\/li>\n<\/ul>\n<p>We are an important community and we are always listening to suggestions. We appreciate all the reviews that you send us through the application, because it allows us to make improvements to give you the best traditional If\u00e1 applications.<\/p>\n<p>\u00c0bor\u00fa \u00e0boy\u00e8 \u00e0bos\u00edse o![\/vc_column_text][\/vc_column][\/vc_row][vc_row full_width=&#8221;stretch_row&#8221; css=&#8221;.vc_custom_1633443632664{padding-top: 40px !important;padding-bottom: 20px !important;background-color: #f6f6f6 !important;}&#8221;][vc_column][vc_column_text css=&#8221;.vc_custom_1657556567233{margin-bottom: 0px !important;}&#8221;]<\/p>\n<h2 style=\"text-align: center;\">Other apps<\/h2>\n<p>[\/vc_column_text][\/vc_column][vc_column][vc_masonry_grid post_type=&#8221;page&#8221; max_items=&#8221;3&#8243; orderby=&#8221;rand&#8221; grid_id=&#8221;vc_gid:1674056114122-ee3dc2ea-50ad-1&#8243; taxonomies=&#8221;2701&#8243; exclude=&#8221;3593, 3593, 1392&#8243;][\/vc_column][\/vc_row][vc_row full_width=&#8221;stretch_row&#8221; content_placement=&#8221;middle&#8221; bg_type=&#8221;bg_color&#8221; bg_override=&#8221;ex-full&#8221; bg_color_value=&#8221;#4e89d5&#8243; el_class=&#8221;banner&#8221; css=&#8221;.vc_custom_1589982622353{background-color: #4e89d5 !important;}&#8221;][vc_column width=&#8221;2\/3&#8243;][vc_column_text el_class=&#8221;banner-text&#8221;]Do you want to know more about Il\u00e9 Awo, Traditional Ifa, the Orisa and the Yoruba religion?[\/vc_column_text][\/vc_column][vc_column width=&#8221;1\/3&#8243;][vc_column_text css_animation=&#8221;bounceIn&#8221;]<\/p>\n<p style=\"text-align: center;\"><a class=\"custom-buttons-alternative\" href=\"\/en\/contact\/\">Ask us<\/a><\/p>\n<p>[\/vc_column_text][\/vc_column][\/vc_row]<\/p>\n<\/div>"},"excerpt":{"rendered":"<p>[vc_row full_width=&#8221;stretch_row&#8221; content_placement=&#8221;middle&#8221; bg_type=&#8221;bg_color&#8221; el_class=&#8221;contact-row&#8221; bg_color_value=&#8221;#f6f6f6&#8243; css=&#8221;.vc_custom_1633368877731{padding-top: 40px !important;padding-bottom: 40px !important;background-color: #f6f6f6 !important;}&#8221;][vc_column offset=&#8221;vc_col-md-6&#8243;][vc_single_image image=&#8221;7374&#8243; alignment=&#8221;center&#8221; onclick=&#8221;custom_link&#8221; img_link_target=&#8221;_blank&#8221; css=&#8221;.vc_custom_1673615475617{border-radius: 35px !important;}&#8221; link=&#8221;http:\/\/hyperurl.co\/mmd5nd&#8221;][vc_raw_html]JTNDZGl2JTIwc3R5bGUlM0QlMjJ0ZXh0LWFsaWduJTNBJTIwY2VudGVyJTNCJTIyJTNFJTBBJTIwJTIwJTIwJTIwJTNDcCUyMHN0eWxlJTNEJTIybWFyZ2luLWJvdHRvbSUzQSUyMDEwcHglM0Jmb250LXNpemUlM0ElMjAxNHB4JTNCJTIyJTNFQXZhaWxhYmxlJTIwZm9yJTIwbW9iaWxlcyUyMGFuZCUyMHRhYmxldHMlMjBpbiUzQSUzQyUyRnAlM0UlMEElMjAlMjAlMjAlMjAlM0NwJTNFJTBBJTIwJTIwJTIwJTIwJTIwJTIwJTIwJTIwJTNDaSUyMHN0eWxlJTNEJTIyY29sb3IlM0ElMjMwMDAwMDAlM0Jmb250LXNpemUlM0EyMHB4JTNCcGFkZGluZyUzQSUyMDAlMjAxMHB4JTNCJTIyJTIwY2xhc3MlM0QlMjJmYSUyMGZhLWFwcGxlJTIyJTNFJTNDJTJGaSUzRSUwQSUyMCUyMCUyMCUyMCUzQyUyRnAlM0UlMEElM0MlMkZkaXYlM0U=[\/vc_raw_html][vc_raw_html]JTNDY2VudGVyJTNFJTNDZGl2JTIwaXRlbXNjb3BlJTIwaXRlbXR5cGUlM0QlMjJodHRwJTNBJTJGJTJGc2NoZW1hLm9yZyUyRk1vYmlsZUFwcGxpY2F0aW9uJTIyJTNFJTBBJTIwJTIwJTIwJTIwJTNDbWV0YSUyMGl0ZW1wcm9wJTNEJTIybmFtZSUyMiUyMGNvbnRlbnQlM0QlMjJPc2FueWluJTIyJTNFJTBBJTIwJTIwJTIwJTIwJTNDbWV0YSUyMGl0ZW1wcm9wJTNEJTIyZGVzY3JpcHRpb24lMjIlMjBjb250ZW50JTNEJTIyJUMzJTkycyVDMyVBMW55aW4lMjBsbyUyMG1vJTIwRXclQzMlQTklMkMlMjB0aGUlMjBiZXN0JTIwSWYlQzMlQTElMjBhcHBsaWNhdGlvbiUyMGNyZWF0ZWQlMjB0byUyMGRhdGUlMjBkZWRpY2F0ZWQlMjB0byUyMGlkZW50aWZ5aW5nJTIwcGxhbnRzJTIwd2l0aCUyMHRoZWlyJTIwWW9yJUMzJUI5YiVDMyVBMSUyMG5hbWUlMkMlMjB1c2luZyUyMHRoZSUyMGJlc3QlMjB0ZWNobm9sb2d5JTIwZXZlciUyMHVzZWQlMjB3aXRoaW4lMjB0aGUlMjBUcmFkaXRpb25hbCUyMElmJUMzJUExJTIwcHJhY3RpY2UlM0ElMjBpZGVudGlmaWNhdGlvbiUyMG1hY2hpbmUtbGVhcm5pbmclMjBtb2RlbC4lMjIlM0UlMEElMjAlMjAlMjAlMjAlM0NtZXRhJTIwaXRlbXByb3AlM0QlMjJvcGVyYXRpbmdTeXN0ZW0lMjIlMjBjb250ZW50JTNEJTIyQW5kcm9pZCUyQyUyMGlPUyUyMiUzRSUwQSUyMCUyMCUyMCUyMCUzQ21ldGElMjBpdGVtcHJvcCUzRCUyMmFwcGxpY2F0aW9uQ2F0ZWdvcnklMjIlMjBjb250ZW50JTNEJTIyRWR1Y2F0aW9uJTIyJTNFJTBBJTIwJTIwJTIwJTIwJTNDbWV0YSUyMGl0ZW1wcm9wJTNEJTIyaW1hZ2UlMjIlMjBjb250ZW50JTNEJTIyaHR0cHMlM0ElMkYlMkZpbGVhd28uY29tJTJGd3AtY29udGVudCUyRnVwbG9hZHMlMkYyMDIzJTJGMDElMkZvc2FueWluLnBuZyUyMiUzRSUwQSUyMCUyMCUyMCUyMCUzQ21ldGElMjBpdGVtcHJvcCUzRCUyMmRvd25sb2FkVXJsJTIyJTIwY29udGVudCUzRCUyMmh0dHBzJTNBJTJGJTJGb25lbGluay50byUyRnQ1Ym01dSUyMiUzRSUwQSUyMCUyMCUyMCUyMCUyMCUyMCUyMCUyMCUzQ2RpdiUyMGl0ZW1wcm9wJTNEJTIyb2ZmZXJzJTIyJTIwaXRlbXNjb3BlJTIwaXRlbXR5cGUlM0QlMjJodHRwJTNBJTJGJTJGc2NoZW1hLm9yZyUyRk9mZmVyJTIyJTNFJTBBJTIwJTIwJTIwJTIwJTIwJTIwJTIwJTIwJTIwJTIwJTIwJTIwJTNDbWV0YSUyMGl0ZW1wcm9wJTNEJTIycHJpY2UlMjIlMjBjb250ZW50JTNEJTIyMzkuOTklMjIlM0UlMEElMjAlMjAlMjAlMjAlMjAlMjAlMjAlMjAlMjAlMjAlMjAlMjAlM0NtZXRhJTIwaXRlbXByb3AlM0QlMjJwcmljZUN1cnJlbmN5JTIyJTIwY29udGVudCUzRCUyMkVVUiUyMiUzRSUwQSUyMCUyMCUyMCUyMCUyMCUyMCUyMCUyMCUyMCUyMCUyMCUyMCUzQ2xpbmslMjBpdGVtcHJvcCUzRCUyMmF2YWlsYWJpbGl0eSUyMiUyMGhyZWYlM0QlMjJodHRwJTNBJTJGJTJGc2NoZW1hLm9yZyUyRmluU3RvY2slMjIlMjAlMkYlM0UlMEElMjAlMjAlMjAlMjAlMjAlMjAlMjAlMjAlM0MlMkZkaXYlM0UlMEElMjAlMjAlMjAlMjAlMjAlMjAlMjAlMjAlMjAlMjAlMjAlMjAlM0NkaXYlMjBpdGVtcHJvcCUzRCUyMmFnZ3JlZ2F0ZVJhdGluZyUyMiUyMGl0ZW1zY29wZSUzRCUyMiUyMiUyMGl0ZW10eXBlJTNEJTIyaHR0cCUzQSUyRiUyRnNjaGVtYS5vcmclMkZBZ2dyZWdhdGVSYXRpbmclMjIlMjAlM0UlMEElMjAlMjAlMjAlMjAlMjAlMjAlMjAlMjAlMjAlMjAlMjAlMjAlMjAlMjAlMjAlMjAlM0NtZXRhJTIwaXRlbXByb3AlM0QlMjJyYXRpbmdWYWx1ZSUyMiUyMGNvbnRlbnQlM0QlMjI1JTIyJTNFJTBBJTIwJTIwJTIwJTIwJTIwJTIwJTIwJTIwJTIwJTIwJTIwJTIwJTIwJTIwJTIwJTIwJTNDbWV0YSUyMGl0ZW1wcm9wJTNEJTIycmF0aW5nQ291bnQlMjIlMjBjb250ZW50JTNEJTIyNSUyMiUzRSUwQSUyMCUyMCUyMCUyMCUyMCUyMCUyMCUyMCUyMCUyMCUyMCUyMCUyMCUyMCUyMCUyMCUzQ2RpdiUyMGNsYXNzJTNEJTIyY3VzdG9tLXN0YXJ0JTIyJTNFJTBBJTIwJTIwJTIwJTIwJTIwJTIwJTIwJTIwJTIwJTIwJTIwJTIwJTIwJTIwJTIwJTIwJTIwJTIwJTIwJTIwJTNDaSUyMGNsYXNzJTNEJTIyZmElMjBmYS1zdGFyJTIyJTIwc3R5bGUlM0QlMjJjb2xvciUzQSUyM0ZGRDcwMCUzQmZvbnQtc2l6ZSUzQTIwcHglM0IlMjIlM0UlM0MlMkZpJTNFJTBBJTIwJTIwJTIwJTIwJTIwJTIwJTIwJTIwJTIwJTIwJTIwJTIwJTIwJTIwJTIwJTIwJTIwJTIwJTIwJTIwJTNDaSUyMGNsYXNzJTNEJTIyZmElMjBmYS1zdGFyJTIyJTIwc3R5bGUlM0QlMjJjb2xvciUzQSUyM0ZGRDcwMCUzQmZvbnQtc2l6ZSUzQTIwcHglM0IlMjIlM0UlM0MlMkZpJTNFJTBBJTIwJTIwJTIwJTIwJTIwJTIwJTIwJTIwJTIwJTIwJTIwJTIwJTIwJTIwJTIwJTIwJTIwJTIwJTIwJTIwJTNDaSUyMGNsYXNzJTNEJTIyZmElMjBmYS1zdGFyJTIyJTIwc3R5bGUlM0QlMjJjb2xvciUzQSUyM0ZGRDcwMCUzQmZvbnQtc2l6ZSUzQTIwcHglM0IlMjIlM0UlM0MlMkZpJTNFJTBBJTIwJTIwJTIwJTIwJTIwJTIwJTIwJTIwJTIwJTIwJTIwJTIwJTIwJTIwJTIwJTIwJTIwJTIwJTIwJTIwJTNDaSUyMGNsYXNzJTNEJTIyZmElMjBmYS1zdGFyJTIyJTIwc3R5bGUlM0QlMjJjb2xvciUzQSUyM0ZGRDcwMCUzQmZvbnQtc2l6ZSUzQTIwcHglM0IlMjIlM0UlM0MlMkZpJTNFJTBBJTIwJTIwJTIwJTIwJTIwJTIwJTIwJTIwJTIwJTIwJTIwJTIwJTIwJTIwJTIwJTIwJTIwJTIwJTIwJTIwJTNDaSUyMGNsYXNzJTNEJTIyZmElMjBmYS1zdGFyJTIyJTIwc3R5bGUlM0QlMjJjb2xvciUzQSUyM0ZGRDcwMCUzQmZvbnQtc2l6ZSUzQTIwcHglM0IlMjIlM0UlM0MlMkZpJTNFJTBBJTIwJTIwJTIwJTIwJTIwJTIwJTIwJTIwJTIwJTIwJTIwJTIwJTIwJTIwJTIwJTIwJTIwJTIwJTIwJTIwJTNDcCUyMHN0eWxlJTNEJTIyZm9udC1zaXplJTNBMTRweCUyMiUzRVJldmlldyUyMG9mJTIwJTNDc3Ryb25nJTNFNSUzQyUyRnN0cm9uZyUzRSUyMGluJTIwYSUyMHRvdGFsJTIwb2YlMjAlM0NzdHJvbmclM0U1JTNDJTJGc3Ryb25nJTNFJTIwcmV2aWV3cyUyMG9uJTI2bmJzcCUzQiUyNm5ic3AlM0IlM0NpJTIwY2xhc3MlM0QlMjJmYSUyMGZhLWFwcGxlJTIyJTIwc3R5bGUlM0QlMjJjb2xvciUzQSUyMzAwMDAwMCUzQmZvbnQtc2l6ZSUzQTIwcHglM0JtYXJnaW4tcmlnaHQlM0EwcHglM0IlMjIlM0UlM0MlMkZpJTNFJTI2bmJzcCUzQiUyNm5ic3AlM0JBcHBsZSUyNm5ic3AlM0JTdG9yZSUzQyUyRnAlM0UlMEElMjAlMjAlMjAlMjAlMjAlMjAlMjAlMjAlMjAlMjAlMjAlMjAlMjAlMjAlMjAlMjAlM0MlMkZkaXYlM0UlMEElMjAlMjAlMjAlMjAlMjAlMjAlMjAlMjAlMjAlMjAlMjAlMjAlM0MlMkZkaXYlM0UlMEElM0MlMkZkaXYlM0UlM0MlMkZjZW50ZXIlM0U=[\/vc_raw_html][vc_column_text css_animation=&#8221;bounceIn&#8221;] Install [\/vc_column_text][\/vc_column][vc_column offset=&#8221;vc_col-md-6&#8243;][vc_column_text]We<span class=\"excerpt-hellip\"> [\u2026]<\/span><\/p>\n","protected":false},"author":1,"featured_media":7374,"parent":3582,"menu_order":0,"comment_status":"closed","ping_status":"closed","template":"","meta":{"footnotes":""},"categories":[2702],"class_list":["post-7298","page","type-page","status-publish","has-post-thumbnail","hentry","category-app-en"],"yoast_head":"<!-- This site is optimized with the Yoast SEO Premium plugin v25.2 (Yoast SEO v27.4) - https:\/\/yoast.com\/product\/yoast-seo-premium-wordpress\/ -->\n<title>App Osanyin lo mo Ewe, the first yoruba herbal identifier<\/title>\n<meta name=\"description\" content=\"Osanyin lo mo Ewe is the best If\u00e1 app created capable of identifying more than 35,000 plants and more than 5,000 with their name in Yoruba\" \/>\n<meta name=\"robots\" content=\"index, follow, max-snippet:-1, max-image-preview:large, max-video-preview:-1\" \/>\n<link rel=\"canonical\" href=\"https:\/\/ileawo.com\/en\/applications\/osanyin\/\" \/>\n<meta property=\"og:locale\" content=\"en_US\" \/>\n<meta property=\"og:type\" content=\"article\" \/>\n<meta property=\"og:title\" content=\"App Osanyin lo mo Ewe\" \/>\n<meta property=\"og:description\" content=\"Osanyin lo mo Ewe is the best If\u00e1 app created capable of identifying more than 35,000 plants and more than 5,000 with their name in Yoruba\" \/>\n<meta property=\"og:url\" content=\"https:\/\/ileawo.com\/en\/applications\/osanyin\/\" \/>\n<meta property=\"og:site_name\" content=\"Il\u00e9 Awo\" \/>\n<meta property=\"article:publisher\" content=\"https:\/\/www.facebook.com\/ifabiyii\" \/>\n<meta property=\"article:modified_time\" content=\"2023-01-18T15:42:58+00:00\" \/>\n<meta property=\"og:image\" content=\"https:\/\/ileawo.com\/wp-content\/uploads\/2023\/01\/osanyin-lo-mo-ewe.jpg\" \/>\n\t<meta property=\"og:image:width\" content=\"1200\" \/>\n\t<meta property=\"og:image:height\" content=\"633\" \/>\n\t<meta property=\"og:image:type\" content=\"image\/jpeg\" \/>\n<meta name=\"twitter:card\" content=\"summary_large_image\" \/>\n<meta name=\"twitter:site\" content=\"@ifabiyii\" \/>\n<!-- \/ Yoast SEO Premium plugin. -->","yoast_head_json":{"title":"App Osanyin lo mo Ewe, the first yoruba herbal identifier","description":"Osanyin lo mo Ewe is the best If\u00e1 app created capable of identifying more than 35,000 plants and more than 5,000 with their name in Yoruba","robots":{"index":"index","follow":"follow","max-snippet":"max-snippet:-1","max-image-preview":"max-image-preview:large","max-video-preview":"max-video-preview:-1"},"canonical":"https:\/\/ileawo.com\/en\/applications\/osanyin\/","og_locale":"en_US","og_type":"article","og_title":"App Osanyin lo mo Ewe","og_description":"Osanyin lo mo Ewe is the best If\u00e1 app created capable of identifying more than 35,000 plants and more than 5,000 with their name in Yoruba","og_url":"https:\/\/ileawo.com\/en\/applications\/osanyin\/","og_site_name":"Il\u00e9 Awo","article_publisher":"https:\/\/www.facebook.com\/ifabiyii","article_modified_time":"2023-01-18T15:42:58+00:00","og_image":[{"width":1200,"height":633,"url":"https:\/\/ileawo.com\/wp-content\/uploads\/2023\/01\/osanyin-lo-mo-ewe.jpg","type":"image\/jpeg"}],"twitter_card":"summary_large_image","twitter_site":"@ifabiyii","schema":{"@context":"https:\/\/schema.org","@graph":[{"@type":"Article","@id":"https:\/\/ileawo.com\/en\/applications\/osanyin\/#article","isPartOf":{"@id":"https:\/\/ileawo.com\/en\/applications\/osanyin\/"},"author":{"name":"If\u00e1b\u00edy\u00ec\u00ed Ak\u00f3d\u00e0","@id":"http:\/\/ileawo.com\/en\/#\/schema\/person\/5b4d3af5a9aa8f02fe88dbeb048ef64a"},"headline":"App Osanyin lo mo Ewe","datePublished":"2023-01-13T16:46:35+00:00","dateModified":"2023-01-18T15:42:58+00:00","mainEntityOfPage":{"@id":"https:\/\/ileawo.com\/en\/applications\/osanyin\/"},"wordCount":1044,"publisher":{"@id":"http:\/\/ileawo.com\/en\/#organization"},"image":{"@id":"https:\/\/ileawo.com\/en\/applications\/osanyin\/#primaryimage"},"thumbnailUrl":"https:\/\/ileawo.com\/wp-content\/uploads\/2023\/01\/osanyin.png","articleSection":["App"],"inLanguage":"en-US"},{"@type":"WebPage","@id":"https:\/\/ileawo.com\/en\/applications\/osanyin\/","url":"https:\/\/ileawo.com\/en\/applications\/osanyin\/","name":"App Osanyin lo mo Ewe, the first yoruba herbal identifier","isPartOf":{"@id":"http:\/\/ileawo.com\/en\/#website"},"primaryImageOfPage":{"@id":"https:\/\/ileawo.com\/en\/applications\/osanyin\/#primaryimage"},"image":{"@id":"https:\/\/ileawo.com\/en\/applications\/osanyin\/#primaryimage"},"thumbnailUrl":"https:\/\/ileawo.com\/wp-content\/uploads\/2023\/01\/osanyin.png","datePublished":"2023-01-13T16:46:35+00:00","dateModified":"2023-01-18T15:42:58+00:00","description":"Osanyin lo mo Ewe is the best If\u00e1 app created capable of identifying more than 35,000 plants and more than 5,000 with their name in Yoruba","breadcrumb":{"@id":"https:\/\/ileawo.com\/en\/applications\/osanyin\/#breadcrumb"},"inLanguage":"en-US","potentialAction":[{"@type":"ReadAction","target":["https:\/\/ileawo.com\/en\/applications\/osanyin\/"]}]},{"@type":"ImageObject","inLanguage":"en-US","@id":"https:\/\/ileawo.com\/en\/applications\/osanyin\/#primaryimage","url":"https:\/\/ileawo.com\/wp-content\/uploads\/2023\/01\/osanyin.png","contentUrl":"https:\/\/ileawo.com\/wp-content\/uploads\/2023\/01\/osanyin.png","width":512,"height":512,"caption":"Osanyin lo mo Ewe, reconocimiento de plantas con su nombre en Yor\u00f9b\u00e1"},{"@type":"BreadcrumbList","@id":"https:\/\/ileawo.com\/en\/applications\/osanyin\/#breadcrumb","itemListElement":[{"@type":"ListItem","position":1,"name":"Home","item":"https:\/\/ileawo.com\/en\/"},{"@type":"ListItem","position":2,"name":"If\u00e1 Applications","item":"http:\/\/ileawo.com\/en\/applications\/"},{"@type":"ListItem","position":3,"name":"App Osanyin lo mo Ewe"}]},{"@type":"WebSite","@id":"http:\/\/ileawo.com\/en\/#website","url":"http:\/\/ileawo.com\/en\/","name":"Il\u00e9 Awo","description":"","publisher":{"@id":"http:\/\/ileawo.com\/en\/#organization"},"potentialAction":[{"@type":"SearchAction","target":{"@type":"EntryPoint","urlTemplate":"http:\/\/ileawo.com\/en\/?s={search_term_string}"},"query-input":{"@type":"PropertyValueSpecification","valueRequired":true,"valueName":"search_term_string"}}],"inLanguage":"en-US"},{"@type":"Organization","@id":"http:\/\/ileawo.com\/en\/#organization","name":"Il\u00e9 Awo","url":"http:\/\/ileawo.com\/en\/","logo":{"@type":"ImageObject","inLanguage":"en-US","@id":"http:\/\/ileawo.com\/en\/#\/schema\/logo\/image\/","url":"https:\/\/ileawo.com\/wp-content\/uploads\/revslider\/Bienvenido\/Logo-Ile-Awo-20201.png","contentUrl":"https:\/\/ileawo.com\/wp-content\/uploads\/revslider\/Bienvenido\/Logo-Ile-Awo-20201.png","width":500,"height":155,"caption":"Il\u00e9 Awo"},"image":{"@id":"http:\/\/ileawo.com\/en\/#\/schema\/logo\/image\/"},"sameAs":["https:\/\/www.facebook.com\/ifabiyii","https:\/\/x.com\/ifabiyii","https:\/\/www.instagram.com\/ifabiyii_akoda\/"]},{"@type":"Person","@id":"http:\/\/ileawo.com\/en\/#\/schema\/person\/5b4d3af5a9aa8f02fe88dbeb048ef64a","name":"If\u00e1b\u00edy\u00ec\u00ed Ak\u00f3d\u00e0","image":{"@type":"ImageObject","inLanguage":"en-US","@id":"https:\/\/secure.gravatar.com\/avatar\/07530fd5fec1f19247b6ca33a6f419284691fff29c8857d86ea771d943bdba08?s=96&d=mm&r=g","url":"https:\/\/secure.gravatar.com\/avatar\/07530fd5fec1f19247b6ca33a6f419284691fff29c8857d86ea771d943bdba08?s=96&d=mm&r=g","contentUrl":"https:\/\/secure.gravatar.com\/avatar\/07530fd5fec1f19247b6ca33a6f419284691fff29c8857d86ea771d943bdba08?s=96&d=mm&r=g","caption":"If\u00e1b\u00edy\u00ec\u00ed Ak\u00f3d\u00e0"},"sameAs":["https:\/\/ileawo.com\/"]}]}},"_links":{"self":[{"href":"https:\/\/ileawo.com\/en\/wp-json\/wp\/v2\/pages\/7298","targetHints":{"allow":["GET"]}}],"collection":[{"href":"https:\/\/ileawo.com\/en\/wp-json\/wp\/v2\/pages"}],"about":[{"href":"https:\/\/ileawo.com\/en\/wp-json\/wp\/v2\/types\/page"}],"author":[{"embeddable":true,"href":"https:\/\/ileawo.com\/en\/wp-json\/wp\/v2\/users\/1"}],"replies":[{"embeddable":true,"href":"https:\/\/ileawo.com\/en\/wp-json\/wp\/v2\/comments?post=7298"}],"version-history":[{"count":0,"href":"https:\/\/ileawo.com\/en\/wp-json\/wp\/v2\/pages\/7298\/revisions"}],"up":[{"embeddable":true,"href":"https:\/\/ileawo.com\/en\/wp-json\/wp\/v2\/pages\/3582"}],"wp:featuredmedia":[{"embeddable":true,"href":"https:\/\/ileawo.com\/en\/wp-json\/wp\/v2\/media\/7374"}],"wp:attachment":[{"href":"https:\/\/ileawo.com\/en\/wp-json\/wp\/v2\/media?parent=7298"}],"wp:term":[{"taxonomy":"category","embeddable":true,"href":"https:\/\/ileawo.com\/en\/wp-json\/wp\/v2\/categories?post=7298"}],"curies":[{"name":"wp","href":"https:\/\/api.w.org\/{rel}","templated":true}]}}