{"id":7113,"date":"2022-07-11T10:45:49","date_gmt":"2022-07-11T08:45:49","guid":{"rendered":"https:\/\/ileawo.com\/applications\/iwe-asotele\/"},"modified":"2022-07-11T19:23:46","modified_gmt":"2022-07-11T17:23:46","slug":"iwe-asotele","status":"publish","type":"page","link":"https:\/\/ileawo.com\/en\/applications\/iwe-asotele\/","title":{"rendered":"App Iwe Asotele"},"content":{"rendered":"<div class=\"wpb-content-wrapper\"><p>[vc_row full_width=&#8221;stretch_row&#8221; content_placement=&#8221;middle&#8221; bg_type=&#8221;bg_color&#8221; el_class=&#8221;contact-row&#8221; bg_color_value=&#8221;#f6f6f6&#8243; css=&#8221;.vc_custom_1633368877731{padding-top: 40px !important;padding-bottom: 40px !important;background-color: #f6f6f6 !important;}&#8221;][vc_column offset=&#8221;vc_col-md-6&#8243;][vc_single_image image=&#8221;7056&#8243; alignment=&#8221;center&#8221; onclick=&#8221;custom_link&#8221; img_link_target=&#8221;_blank&#8221; css=&#8221;.vc_custom_1657529798532{border-radius: 35px !important;}&#8221; link=&#8221;http:\/\/hyperurl.co\/mmd5nd&#8221;][vc_raw_html]JTNDZGl2JTIwc3R5bGUlM0QlMjJ0ZXh0LWFsaWduJTNBJTIwY2VudGVyJTNCJTIyJTNFJTBBJTIwJTIwJTIwJTIwJTNDcCUyMHN0eWxlJTNEJTIybWFyZ2luLWJvdHRvbSUzQSUyMDEwcHglM0Jmb250LXNpemUlM0ElMjAxNHB4JTNCJTIyJTNFQXZhaWxhYmxlJTIwZm9yJTIwbW9iaWxlcyUyMGFuZCUyMHRhYmxldHMlMjBpbiUzQSUzQyUyRnAlM0UlMEElMjAlMjAlMjAlMjAlM0NwJTNFJTBBJTIwJTIwJTIwJTIwJTIwJTIwJTIwJTIwJTNDaSUyMHN0eWxlJTNEJTIyY29sb3IlM0ElMjMwMDAwMDAlM0Jmb250LXNpemUlM0EyMHB4JTNCcGFkZGluZyUzQSUyMDAlMjAxMHB4JTNCJTIyJTIwY2xhc3MlM0QlMjJmYSUyMGZhLWFwcGxlJTIyJTNFJTNDJTJGaSUzRSUwQSUyMCUyMCUyMCUyMCUzQyUyRnAlM0UlMEElM0MlMkZkaXYlM0U=[\/vc_raw_html][vc_raw_html]JTNDY2VudGVyJTNFJTNDZGl2JTIwaXRlbXNjb3BlJTIwaXRlbXR5cGUlM0QlMjJodHRwJTNBJTJGJTJGc2NoZW1hLm9yZyUyRk1vYmlsZUFwcGxpY2F0aW9uJTIyJTNFJTBBJTIwJTIwJTIwJTIwJTNDbWV0YSUyMGl0ZW1wcm9wJTNEJTIybmFtZSUyMiUyMGNvbnRlbnQlM0QlMjJJd2UlMjBBc290ZWxlJTIyJTNFJTBBJTIwJTIwJTIwJTIwJTNDbWV0YSUyMGl0ZW1wcm9wJTNEJTIyZGVzY3JpcHRpb24lMjIlMjBjb250ZW50JTNEJTIySXdlJTIwQXNvdGVsZSUyQyUyMGRlc2Fycm9sbGFkYSUyMHBvciUyMElmJUMzJUExYiVDMyVBRHklQzMlQUMlQzMlQUQlMjBBayVDMyVCM2QlQzMlQTAlMkMlMjBlcyUyMGVsJTIwcHJpbWVyJTIwcmVnaXN0cm8lMjBkZSUyMGFkaXZpbmFjaSVDMyVCM24lMjBkZWwlMjBtdW5kbyUyMGNvbXBsZXRhbWVudGUlMjBkaWdpdGFsJTIweSUyMGdyYXR1aXRvLiUyMERpc3BvbmlibGUlMjBlbiUyMGluZ2wlQzMlQTlzJTIweSUyMGVzcGElQzMlQjFvbCUyMGVzJTIwdW5hJTIwaGVycmFtaWVudGElMjBwYXJhJTIwYXl1ZGFyJTIwYSUyMGJhYmFsYXdvJTJDJTIwaXlhbmlmYSUyMHklMjBvbG9yaXNhJTIwZGUlMjB0b2RvJTIwZWwlMjBtdW5kbyUyMGVuJTIwbGElMjBwciVDMyVBMWN0aWNhJTIwZGlhcmlhJTIwZGUlMjBsYSUyMHJlbGlnaSVDMyVCM24lMjB5b3J1YmEuJTIyJTNFJTBBJTIwJTIwJTIwJTIwJTNDbWV0YSUyMGl0ZW1wcm9wJTNEJTIyb3BlcmF0aW5nU3lzdGVtJTIyJTIwY29udGVudCUzRCUyMkFuZHJvaWQlMkMlMjBpT1MlMjIlM0UlMEElMjAlMjAlMjAlMjAlM0NtZXRhJTIwaXRlbXByb3AlM0QlMjJhcHBsaWNhdGlvbkNhdGVnb3J5JTIyJTIwY29udGVudCUzRCUyMkVkdWNhdGlvbiUyMiUzRSUwQSUyMCUyMCUyMCUyMCUzQ21ldGElMjBpdGVtcHJvcCUzRCUyMmltYWdlJTIyJTIwY29udGVudCUzRCUyMmh0dHBzJTNBJTJGJTJGaWxlYXdvLmNvbSUyRndwLWNvbnRlbnQlMkZ1cGxvYWRzJTJGMjAyMiUyRjA3JTJGaXdlX2Fzb3RlbGUucG5nJTIyJTNFJTBBJTIwJTIwJTIwJTIwJTNDbWV0YSUyMGl0ZW1wcm9wJTNEJTIyZG93bmxvYWRVcmwlMjIlMjBjb250ZW50JTNEJTIyaHR0cHMlM0ElMkYlMkZvbmVsaW5rLnRvJTJGcDl2cDMzJTIyJTNFJTBBJTIwJTIwJTIwJTIwJTIwJTIwJTIwJTIwJTNDZGl2JTIwaXRlbXByb3AlM0QlMjJvZmZlcnMlMjIlMjBpdGVtc2NvcGUlMjBpdGVtdHlwZSUzRCUyMmh0dHAlM0ElMkYlMkZzY2hlbWEub3JnJTJGT2ZmZXIlMjIlM0UlMEElMjAlMjAlMjAlMjAlMjAlMjAlMjAlMjAlMjAlMjAlMjAlMjAlM0NtZXRhJTIwaXRlbXByb3AlM0QlMjJwcmljZSUyMiUyMGNvbnRlbnQlM0QlMjIwLjAwJTIyJTNFJTBBJTIwJTIwJTIwJTIwJTIwJTIwJTIwJTIwJTIwJTIwJTIwJTIwJTNDbWV0YSUyMGl0ZW1wcm9wJTNEJTIycHJpY2VDdXJyZW5jeSUyMiUyMGNvbnRlbnQlM0QlMjJFVVIlMjIlM0UlMEElMjAlMjAlMjAlMjAlMjAlMjAlMjAlMjAlMjAlMjAlMjAlMjAlM0NsaW5rJTIwaXRlbXByb3AlM0QlMjJhdmFpbGFiaWxpdHklMjIlMjBocmVmJTNEJTIyaHR0cCUzQSUyRiUyRnNjaGVtYS5vcmclMkZpblN0b2NrJTIyJTIwJTJGJTNFJTBBJTIwJTIwJTIwJTIwJTIwJTIwJTIwJTIwJTNDJTJGZGl2JTNFJTBBJTIwJTIwJTIwJTIwJTIwJTIwJTIwJTIwJTIwJTIwJTIwJTIwJTNDZGl2JTIwaXRlbXByb3AlM0QlMjJhZ2dyZWdhdGVSYXRpbmclMjIlMjBpdGVtc2NvcGUlM0QlMjIlMjIlMjBpdGVtdHlwZSUzRCUyMmh0dHAlM0ElMkYlMkZzY2hlbWEub3JnJTJGQWdncmVnYXRlUmF0aW5nJTIyJTIwJTNFJTBBJTIwJTIwJTIwJTIwJTIwJTIwJTIwJTIwJTIwJTIwJTIwJTIwJTIwJTIwJTIwJTIwJTNDbWV0YSUyMGl0ZW1wcm9wJTNEJTIycmF0aW5nVmFsdWUlMjIlMjBjb250ZW50JTNEJTIyNSUyMiUzRSUwQSUyMCUyMCUyMCUyMCUyMCUyMCUyMCUyMCUyMCUyMCUyMCUyMCUyMCUyMCUyMCUyMCUzQ21ldGElMjBpdGVtcHJvcCUzRCUyMnJhdGluZ0NvdW50JTIyJTIwY29udGVudCUzRCUyMjklMjIlM0UlMEElMjAlMjAlMjAlMjAlMjAlMjAlMjAlMjAlMjAlMjAlMjAlMjAlMjAlMjAlMjAlMjAlM0NkaXYlMjBjbGFzcyUzRCUyMmN1c3RvbS1zdGFydCUyMiUzRSUwQSUyMCUyMCUyMCUyMCUyMCUyMCUyMCUyMCUyMCUyMCUyMCUyMCUyMCUyMCUyMCUyMCUyMCUyMCUyMCUyMCUzQ2klMjBjbGFzcyUzRCUyMmZhJTIwZmEtc3RhciUyMiUyMHN0eWxlJTNEJTIyY29sb3IlM0ElMjNGRkQ3MDAlM0Jmb250LXNpemUlM0EyMHB4JTNCJTIyJTNFJTNDJTJGaSUzRSUwQSUyMCUyMCUyMCUyMCUyMCUyMCUyMCUyMCUyMCUyMCUyMCUyMCUyMCUyMCUyMCUyMCUyMCUyMCUyMCUyMCUzQ2klMjBjbGFzcyUzRCUyMmZhJTIwZmEtc3RhciUyMiUyMHN0eWxlJTNEJTIyY29sb3IlM0ElMjNGRkQ3MDAlM0Jmb250LXNpemUlM0EyMHB4JTNCJTIyJTNFJTNDJTJGaSUzRSUwQSUyMCUyMCUyMCUyMCUyMCUyMCUyMCUyMCUyMCUyMCUyMCUyMCUyMCUyMCUyMCUyMCUyMCUyMCUyMCUyMCUzQ2klMjBjbGFzcyUzRCUyMmZhJTIwZmEtc3RhciUyMiUyMHN0eWxlJTNEJTIyY29sb3IlM0ElMjNGRkQ3MDAlM0Jmb250LXNpemUlM0EyMHB4JTNCJTIyJTNFJTNDJTJGaSUzRSUwQSUyMCUyMCUyMCUyMCUyMCUyMCUyMCUyMCUyMCUyMCUyMCUyMCUyMCUyMCUyMCUyMCUyMCUyMCUyMCUyMCUzQ2klMjBjbGFzcyUzRCUyMmZhJTIwZmEtc3RhciUyMiUyMHN0eWxlJTNEJTIyY29sb3IlM0ElMjNGRkQ3MDAlM0Jmb250LXNpemUlM0EyMHB4JTNCJTIyJTNFJTNDJTJGaSUzRSUwQSUyMCUyMCUyMCUyMCUyMCUyMCUyMCUyMCUyMCUyMCUyMCUyMCUyMCUyMCUyMCUyMCUyMCUyMCUyMCUyMCUzQ2klMjBjbGFzcyUzRCUyMmZhJTIwZmEtc3RhciUyMiUyMHN0eWxlJTNEJTIyY29sb3IlM0ElMjNGRkQ3MDAlM0Jmb250LXNpemUlM0EyMHB4JTNCJTIyJTNFJTNDJTJGaSUzRSUwQSUyMCUyMCUyMCUyMCUyMCUyMCUyMCUyMCUyMCUyMCUyMCUyMCUyMCUyMCUyMCUyMCUyMCUyMCUyMCUyMCUzQ3AlMjBzdHlsZSUzRCUyMmZvbnQtc2l6ZSUzQTE0cHglMjIlM0VSZXZpZXclMjBvZiUyMCUzQ3N0cm9uZyUzRTUlM0MlMkZzdHJvbmclM0UlMjBpbiUyMGElMjB0b3RhbCUyMG9mJTIwJTNDc3Ryb25nJTNFOSUzQyUyRnN0cm9uZyUzRSUyMHJldmlld3MlMjBvbiUyNm5ic3AlM0IlMjZuYnNwJTNCJTNDaSUyMGNsYXNzJTNEJTIyZmElMjBmYS1hcHBsZSUyMiUyMHN0eWxlJTNEJTIyY29sb3IlM0ElMjMwMDAwMDAlM0Jmb250LXNpemUlM0EyMHB4JTNCbWFyZ2luLXJpZ2h0JTNBMHB4JTNCJTIyJTNFJTNDJTJGaSUzRSUyNm5ic3AlM0IlMjZuYnNwJTNCQXBwbGUlMjZuYnNwJTNCU3RvcmUlM0MlMkZwJTNFJTBBJTIwJTIwJTIwJTIwJTIwJTIwJTIwJTIwJTIwJTIwJTIwJTIwJTIwJTIwJTIwJTIwJTNDJTJGZGl2JTNFJTBBJTIwJTIwJTIwJTIwJTIwJTIwJTIwJTIwJTIwJTIwJTIwJTIwJTNDJTJGZGl2JTNFJTBBJTNDJTJGZGl2JTNFJTNDJTJGY2VudGVyJTNF[\/vc_raw_html][vc_column_text css_animation=&#8221;bounceIn&#8221;]<\/p>\n<p style=\"text-align: center;\"><a class=\"custom-buttons\" href=\"https:\/\/onelink.to\/p9vp33\">Install<\/a><\/p>\n<p>[\/vc_column_text][\/vc_column][vc_column offset=&#8221;vc_col-md-6&#8243;][vc_column_text]The Iwe Asotele mobile and tablet app is a world-first, completely digital and free If\u00e1 or \u00c9\u00e8r\u00ednd\u00edl\u00f3g\u00fan divination register. Unlike the other If\u00e1 applications developed so far by If\u00e1b\u00edy\u00ec\u00ed Ak\u00f3d\u00e0 that focused on helping to improve the study of Traditional lf\u00e1, Iwe Asotele is a tool designed to help facilitate the work of the babalawo, iyanifa and olorisas of traditional practice.<\/p>\n<p>In Iwe Asotele you will be able to add, in a completely private account, all the people to whom a divination was made, with specific data of each divination: Od\u00f9 revealed, the type of Ire or Ayewo, the type of Ebo, -indicating if was completed or is pending\u2013, and the possibility of adding your own annotations in each case. Each guess is recorded by date and all information can be edited or deleted.<\/p>\n<p>Thus, the babalawo, iyanifa and olorisa will be able to have at hand at all times, on their own mobile phone, all the queries they have made.<\/p>\n<p>We have created a modern, practical, intuitive and easy-to-use application, adapted to the latest iOS devices to help in the daily work of all the people who practice If\u00e1 or worship the \u00d2r\u00ec\u1e63\u00e0. We appreciate all the reviews that you send us through the application, as they allow us to make improvements to give you the best If\u00e1 app.[\/vc_column_text][\/vc_column][\/vc_row][vc_row full_width=&#8221;stretch_row&#8221; gap=&#8221;20&#8243; css=&#8221;.vc_custom_1633369344023{padding-top: 30px !important;padding-bottom: 30px !important;}&#8221;][vc_column offset=&#8221;vc_col-md-6&#8243; css=&#8221;.vc_custom_1572275010086{padding-top: 0px !important;padding-bottom: 0px !important;}&#8221;][vc_column_text]<\/p>\n<h3>App images<\/h3>\n<p>[\/vc_column_text][vc_images_carousel images=&#8221;7119,7122,7125,7128,7131,7134&#8243; img_size=&#8221;medium&#8221; onclick=&#8221;link_no&#8221; slides_per_view=&#8221;3&#8243; css=&#8221;.vc_custom_1657556528215{margin-bottom: 0px !important;}&#8221;][\/vc_column][vc_column offset=&#8221;vc_col-md-6&#8243; css=&#8221;.vc_custom_1572274957308{padding-top: 0px !important;}&#8221;][vc_column_text css=&#8221;.vc_custom_1657555970549{margin-top: 0px !important;margin-bottom: 0px !important;}&#8221;]<\/p>\n<h2>Iwe Asotele content<\/h2>\n<ul>\n<li>Completely free<\/li>\n<li>Available in English and Spanish<\/li>\n<li>Totally private account to add all the information about the divination made<\/li>\n<li>Registration for Idafa and Idasa, with the details of the consultation<\/li>\n<li>Quick access features to edit, delete or indicate if the ebo was completed by simply swiping the row<\/li>\n<li>Customizable profile<\/li>\n<li>Quick search bar<\/li>\n<li>Login with FaceID<\/li>\n<li>Much more\u2026<\/li>\n<\/ul>\n<p>\u00c0bor\u00fa \u00e0boy\u00e8 \u00e0bos\u00edse o![\/vc_column_text][\/vc_column][\/vc_row][vc_row full_width=&#8221;stretch_row&#8221; css=&#8221;.vc_custom_1633443632664{padding-top: 40px !important;padding-bottom: 20px !important;background-color: #f6f6f6 !important;}&#8221;][vc_column][vc_column_text css=&#8221;.vc_custom_1657556567233{margin-bottom: 0px !important;}&#8221;]<\/p>\n<h2 style=\"text-align: center;\">Other apps<\/h2>\n<p>[\/vc_column_text][\/vc_column][vc_column][vc_masonry_grid post_type=&#8221;page&#8221; max_items=&#8221;3&#8243; orderby=&#8221;rand&#8221; grid_id=&#8221;vc_gid:1657560155250-de8d619b-edbe-7&#8243; taxonomies=&#8221;2701&#8243; exclude=&#8221;3593, 3593, 1392&#8243;][\/vc_column][\/vc_row][vc_row full_width=&#8221;stretch_row&#8221; content_placement=&#8221;middle&#8221; bg_type=&#8221;bg_color&#8221; bg_override=&#8221;ex-full&#8221; bg_color_value=&#8221;#4e89d5&#8243; el_class=&#8221;banner&#8221; css=&#8221;.vc_custom_1589982622353{background-color: #4e89d5 !important;}&#8221;][vc_column width=&#8221;2\/3&#8243;][vc_column_text el_class=&#8221;banner-text&#8221;]Do you want to know more about Il\u00e9 Awo, Traditional Ifa, the Orisa and the Yoruba religion?[\/vc_column_text][\/vc_column][vc_column width=&#8221;1\/3&#8243;][vc_column_text css_animation=&#8221;bounceIn&#8221;]<\/p>\n<p style=\"text-align: center;\"><a class=\"custom-buttons-alternative\" href=\"\/en\/contact\/\">Ask us<\/a><\/p>\n<p>[\/vc_column_text][\/vc_column][\/vc_row]<\/p>\n<\/div>"},"excerpt":{"rendered":"<p>[vc_row full_width=&#8221;stretch_row&#8221; content_placement=&#8221;middle&#8221; bg_type=&#8221;bg_color&#8221; el_class=&#8221;contact-row&#8221; bg_color_value=&#8221;#f6f6f6&#8243; css=&#8221;.vc_custom_1633368877731{padding-top: 40px !important;padding-bottom: 40px !important;background-color: #f6f6f6 !important;}&#8221;][vc_column offset=&#8221;vc_col-md-6&#8243;][vc_single_image image=&#8221;7056&#8243; alignment=&#8221;center&#8221; onclick=&#8221;custom_link&#8221; img_link_target=&#8221;_blank&#8221; css=&#8221;.vc_custom_1657529798532{border-radius: 35px !important;}&#8221; link=&#8221;http:\/\/hyperurl.co\/mmd5nd&#8221;][vc_raw_html]JTNDZGl2JTIwc3R5bGUlM0QlMjJ0ZXh0LWFsaWduJTNBJTIwY2VudGVyJTNCJTIyJTNFJTBBJTIwJTIwJTIwJTIwJTNDcCUyMHN0eWxlJTNEJTIybWFyZ2luLWJvdHRvbSUzQSUyMDEwcHglM0Jmb250LXNpemUlM0ElMjAxNHB4JTNCJTIyJTNFQXZhaWxhYmxlJTIwZm9yJTIwbW9iaWxlcyUyMGFuZCUyMHRhYmxldHMlMjBpbiUzQSUzQyUyRnAlM0UlMEElMjAlMjAlMjAlMjAlM0NwJTNFJTBBJTIwJTIwJTIwJTIwJTIwJTIwJTIwJTIwJTNDaSUyMHN0eWxlJTNEJTIyY29sb3IlM0ElMjMwMDAwMDAlM0Jmb250LXNpemUlM0EyMHB4JTNCcGFkZGluZyUzQSUyMDAlMjAxMHB4JTNCJTIyJTIwY2xhc3MlM0QlMjJmYSUyMGZhLWFwcGxlJTIyJTNFJTNDJTJGaSUzRSUwQSUyMCUyMCUyMCUyMCUzQyUyRnAlM0UlMEElM0MlMkZkaXYlM0U=[\/vc_raw_html][vc_raw_html]JTNDY2VudGVyJTNFJTNDZGl2JTIwaXRlbXNjb3BlJTIwaXRlbXR5cGUlM0QlMjJodHRwJTNBJTJGJTJGc2NoZW1hLm9yZyUyRk1vYmlsZUFwcGxpY2F0aW9uJTIyJTNFJTBBJTIwJTIwJTIwJTIwJTNDbWV0YSUyMGl0ZW1wcm9wJTNEJTIybmFtZSUyMiUyMGNvbnRlbnQlM0QlMjJJd2UlMjBBc290ZWxlJTIyJTNFJTBBJTIwJTIwJTIwJTIwJTNDbWV0YSUyMGl0ZW1wcm9wJTNEJTIyZGVzY3JpcHRpb24lMjIlMjBjb250ZW50JTNEJTIySXdlJTIwQXNvdGVsZSUyQyUyMGRlc2Fycm9sbGFkYSUyMHBvciUyMElmJUMzJUExYiVDMyVBRHklQzMlQUMlQzMlQUQlMjBBayVDMyVCM2QlQzMlQTAlMkMlMjBlcyUyMGVsJTIwcHJpbWVyJTIwcmVnaXN0cm8lMjBkZSUyMGFkaXZpbmFjaSVDMyVCM24lMjBkZWwlMjBtdW5kbyUyMGNvbXBsZXRhbWVudGUlMjBkaWdpdGFsJTIweSUyMGdyYXR1aXRvLiUyMERpc3BvbmlibGUlMjBlbiUyMGluZ2wlQzMlQTlzJTIweSUyMGVzcGElQzMlQjFvbCUyMGVzJTIwdW5hJTIwaGVycmFtaWVudGElMjBwYXJhJTIwYXl1ZGFyJTIwYSUyMGJhYmFsYXdvJTJDJTIwaXlhbmlmYSUyMHklMjBvbG9yaXNhJTIwZGUlMjB0b2RvJTIwZWwlMjBtdW5kbyUyMGVuJTIwbGElMjBwciVDMyVBMWN0aWNhJTIwZGlhcmlhJTIwZGUlMjBsYSUyMHJlbGlnaSVDMyVCM24lMjB5b3J1YmEuJTIyJTNFJTBBJTIwJTIwJTIwJTIwJTNDbWV0YSUyMGl0ZW1wcm9wJTNEJTIyb3BlcmF0aW5nU3lzdGVtJTIyJTIwY29udGVudCUzRCUyMkFuZHJvaWQlMkMlMjBpT1MlMjIlM0UlMEElMjAlMjAlMjAlMjAlM0NtZXRhJTIwaXRlbXByb3AlM0QlMjJhcHBsaWNhdGlvbkNhdGVnb3J5JTIyJTIwY29udGVudCUzRCUyMkVkdWNhdGlvbiUyMiUzRSUwQSUyMCUyMCUyMCUyMCUzQ21ldGElMjBpdGVtcHJvcCUzRCUyMmltYWdlJTIyJTIwY29udGVudCUzRCUyMmh0dHBzJTNBJTJGJTJGaWxlYXdvLmNvbSUyRndwLWNvbnRlbnQlMkZ1cGxvYWRzJTJGMjAyMiUyRjA3JTJGaXdlX2Fzb3RlbGUucG5nJTIyJTNFJTBBJTIwJTIwJTIwJTIwJTNDbWV0YSUyMGl0ZW1wcm9wJTNEJTIyZG93bmxvYWRVcmwlMjIlMjBjb250ZW50JTNEJTIyaHR0cHMlM0ElMkYlMkZvbmVsaW5rLnRvJTJGcDl2cDMzJTIyJTNFJTBBJTIwJTIwJTIwJTIwJTIwJTIwJTIwJTIwJTNDZGl2JTIwaXRlbXByb3AlM0QlMjJvZmZlcnMlMjIlMjBpdGVtc2NvcGUlMjBpdGVtdHlwZSUzRCUyMmh0dHAlM0ElMkYlMkZzY2hlbWEub3JnJTJGT2ZmZXIlMjIlM0UlMEElMjAlMjAlMjAlMjAlMjAlMjAlMjAlMjAlMjAlMjAlMjAlMjAlM0NtZXRhJTIwaXRlbXByb3AlM0QlMjJwcmljZSUyMiUyMGNvbnRlbnQlM0QlMjIwLjAwJTIyJTNFJTBBJTIwJTIwJTIwJTIwJTIwJTIwJTIwJTIwJTIwJTIwJTIwJTIwJTNDbWV0YSUyMGl0ZW1wcm9wJTNEJTIycHJpY2VDdXJyZW5jeSUyMiUyMGNvbnRlbnQlM0QlMjJFVVIlMjIlM0UlMEElMjAlMjAlMjAlMjAlMjAlMjAlMjAlMjAlMjAlMjAlMjAlMjAlM0NsaW5rJTIwaXRlbXByb3AlM0QlMjJhdmFpbGFiaWxpdHklMjIlMjBocmVmJTNEJTIyaHR0cCUzQSUyRiUyRnNjaGVtYS5vcmclMkZpblN0b2NrJTIyJTIwJTJGJTNFJTBBJTIwJTIwJTIwJTIwJTIwJTIwJTIwJTIwJTNDJTJGZGl2JTNFJTBBJTIwJTIwJTIwJTIwJTIwJTIwJTIwJTIwJTIwJTIwJTIwJTIwJTNDZGl2JTIwaXRlbXByb3AlM0QlMjJhZ2dyZWdhdGVSYXRpbmclMjIlMjBpdGVtc2NvcGUlM0QlMjIlMjIlMjBpdGVtdHlwZSUzRCUyMmh0dHAlM0ElMkYlMkZzY2hlbWEub3JnJTJGQWdncmVnYXRlUmF0aW5nJTIyJTIwJTNFJTBBJTIwJTIwJTIwJTIwJTIwJTIwJTIwJTIwJTIwJTIwJTIwJTIwJTIwJTIwJTIwJTIwJTNDbWV0YSUyMGl0ZW1wcm9wJTNEJTIycmF0aW5nVmFsdWUlMjIlMjBjb250ZW50JTNEJTIyNSUyMiUzRSUwQSUyMCUyMCUyMCUyMCUyMCUyMCUyMCUyMCUyMCUyMCUyMCUyMCUyMCUyMCUyMCUyMCUzQ21ldGElMjBpdGVtcHJvcCUzRCUyMnJhdGluZ0NvdW50JTIyJTIwY29udGVudCUzRCUyMjklMjIlM0UlMEElMjAlMjAlMjAlMjAlMjAlMjAlMjAlMjAlMjAlMjAlMjAlMjAlMjAlMjAlMjAlMjAlM0NkaXYlMjBjbGFzcyUzRCUyMmN1c3RvbS1zdGFydCUyMiUzRSUwQSUyMCUyMCUyMCUyMCUyMCUyMCUyMCUyMCUyMCUyMCUyMCUyMCUyMCUyMCUyMCUyMCUyMCUyMCUyMCUyMCUzQ2klMjBjbGFzcyUzRCUyMmZhJTIwZmEtc3RhciUyMiUyMHN0eWxlJTNEJTIyY29sb3IlM0ElMjNGRkQ3MDAlM0Jmb250LXNpemUlM0EyMHB4JTNCJTIyJTNFJTNDJTJGaSUzRSUwQSUyMCUyMCUyMCUyMCUyMCUyMCUyMCUyMCUyMCUyMCUyMCUyMCUyMCUyMCUyMCUyMCUyMCUyMCUyMCUyMCUzQ2klMjBjbGFzcyUzRCUyMmZhJTIwZmEtc3RhciUyMiUyMHN0eWxlJTNEJTIyY29sb3IlM0ElMjNGRkQ3MDAlM0Jmb250LXNpemUlM0EyMHB4JTNCJTIyJTNFJTNDJTJGaSUzRSUwQSUyMCUyMCUyMCUyMCUyMCUyMCUyMCUyMCUyMCUyMCUyMCUyMCUyMCUyMCUyMCUyMCUyMCUyMCUyMCUyMCUzQ2klMjBjbGFzcyUzRCUyMmZhJTIwZmEtc3RhciUyMiUyMHN0eWxlJTNEJTIyY29sb3IlM0ElMjNGRkQ3MDAlM0Jmb250LXNpemUlM0EyMHB4JTNCJTIyJTNFJTNDJTJGaSUzRSUwQSUyMCUyMCUyMCUyMCUyMCUyMCUyMCUyMCUyMCUyMCUyMCUyMCUyMCUyMCUyMCUyMCUyMCUyMCUyMCUyMCUzQ2klMjBjbGFzcyUzRCUyMmZhJTIwZmEtc3RhciUyMiUyMHN0eWxlJTNEJTIyY29sb3IlM0ElMjNGRkQ3MDAlM0Jmb250LXNpemUlM0EyMHB4JTNCJTIyJTNFJTNDJTJGaSUzRSUwQSUyMCUyMCUyMCUyMCUyMCUyMCUyMCUyMCUyMCUyMCUyMCUyMCUyMCUyMCUyMCUyMCUyMCUyMCUyMCUyMCUzQ2klMjBjbGFzcyUzRCUyMmZhJTIwZmEtc3RhciUyMiUyMHN0eWxlJTNEJTIyY29sb3IlM0ElMjNGRkQ3MDAlM0Jmb250LXNpemUlM0EyMHB4JTNCJTIyJTNFJTNDJTJGaSUzRSUwQSUyMCUyMCUyMCUyMCUyMCUyMCUyMCUyMCUyMCUyMCUyMCUyMCUyMCUyMCUyMCUyMCUyMCUyMCUyMCUyMCUzQ3AlMjBzdHlsZSUzRCUyMmZvbnQtc2l6ZSUzQTE0cHglMjIlM0VSZXZpZXclMjBvZiUyMCUzQ3N0cm9uZyUzRTUlM0MlMkZzdHJvbmclM0UlMjBpbiUyMGElMjB0b3RhbCUyMG9mJTIwJTNDc3Ryb25nJTNFOSUzQyUyRnN0cm9uZyUzRSUyMHJldmlld3MlMjBvbiUyNm5ic3AlM0IlMjZuYnNwJTNCJTNDaSUyMGNsYXNzJTNEJTIyZmElMjBmYS1hcHBsZSUyMiUyMHN0eWxlJTNEJTIyY29sb3IlM0ElMjMwMDAwMDAlM0Jmb250LXNpemUlM0EyMHB4JTNCbWFyZ2luLXJpZ2h0JTNBMHB4JTNCJTIyJTNFJTNDJTJGaSUzRSUyNm5ic3AlM0IlMjZuYnNwJTNCQXBwbGUlMjZuYnNwJTNCU3RvcmUlM0MlMkZwJTNFJTBBJTIwJTIwJTIwJTIwJTIwJTIwJTIwJTIwJTIwJTIwJTIwJTIwJTIwJTIwJTIwJTIwJTNDJTJGZGl2JTNFJTBBJTIwJTIwJTIwJTIwJTIwJTIwJTIwJTIwJTIwJTIwJTIwJTIwJTNDJTJGZGl2JTNFJTBBJTNDJTJGZGl2JTNFJTNDJTJGY2VudGVyJTNF[\/vc_raw_html][vc_column_text css_animation=&#8221;bounceIn&#8221;] Install [\/vc_column_text][\/vc_column][vc_column offset=&#8221;vc_col-md-6&#8243;][vc_column_text]The<span class=\"excerpt-hellip\"> [\u2026]<\/span><\/p>\n","protected":false},"author":1,"featured_media":7057,"parent":3582,"menu_order":0,"comment_status":"closed","ping_status":"closed","template":"","meta":{"footnotes":""},"categories":[2701],"class_list":["post-7113","page","type-page","status-publish","has-post-thumbnail","hentry","category-app"],"yoast_head":"<!-- This site is optimized with the Yoast SEO Premium plugin v25.2 (Yoast SEO v27.4) - https:\/\/yoast.com\/product\/yoast-seo-premium-wordpress\/ -->\n<title>Iwe Asotele App, the first free Ifa divination record - Il\u00e9 Awo<\/title>\n<meta name=\"description\" content=\"Iwe Asotele is the first record of If\u00e1 and \u00c9\u00e8r\u00ednd\u00edl\u00f3g\u00fan divination, a pioneer in the world, completely digital and free.\" \/>\n<meta name=\"robots\" content=\"index, follow, max-snippet:-1, max-image-preview:large, max-video-preview:-1\" \/>\n<link rel=\"canonical\" href=\"https:\/\/ileawo.com\/en\/applications\/iwe-asotele\/\" \/>\n<meta property=\"og:locale\" content=\"en_US\" \/>\n<meta property=\"og:type\" content=\"article\" \/>\n<meta property=\"og:title\" content=\"App Iwe Asotele\" \/>\n<meta property=\"og:description\" content=\"Iwe Asotele is the first record of If\u00e1 and \u00c9\u00e8r\u00ednd\u00edl\u00f3g\u00fan divination, a pioneer in the world, completely digital and free.\" \/>\n<meta property=\"og:url\" content=\"https:\/\/ileawo.com\/en\/applications\/iwe-asotele\/\" \/>\n<meta property=\"og:site_name\" content=\"Il\u00e9 Awo\" \/>\n<meta property=\"article:publisher\" content=\"https:\/\/www.facebook.com\/ifabiyii\" \/>\n<meta property=\"article:modified_time\" content=\"2022-07-11T17:23:46+00:00\" \/>\n<meta property=\"og:image\" content=\"https:\/\/ileawo.com\/wp-content\/uploads\/2022\/07\/iwe_asotele.png\" \/>\n\t<meta property=\"og:image:width\" content=\"512\" \/>\n\t<meta property=\"og:image:height\" content=\"512\" \/>\n\t<meta property=\"og:image:type\" content=\"image\/png\" \/>\n<meta name=\"twitter:card\" content=\"summary_large_image\" \/>\n<meta name=\"twitter:site\" content=\"@ifabiyii\" \/>\n<!-- \/ Yoast SEO Premium plugin. -->","yoast_head_json":{"title":"Iwe Asotele App, the first free Ifa divination record - Il\u00e9 Awo","description":"Iwe Asotele is the first record of If\u00e1 and \u00c9\u00e8r\u00ednd\u00edl\u00f3g\u00fan divination, a pioneer in the world, completely digital and free.","robots":{"index":"index","follow":"follow","max-snippet":"max-snippet:-1","max-image-preview":"max-image-preview:large","max-video-preview":"max-video-preview:-1"},"canonical":"https:\/\/ileawo.com\/en\/applications\/iwe-asotele\/","og_locale":"en_US","og_type":"article","og_title":"App Iwe Asotele","og_description":"Iwe Asotele is the first record of If\u00e1 and \u00c9\u00e8r\u00ednd\u00edl\u00f3g\u00fan divination, a pioneer in the world, completely digital and free.","og_url":"https:\/\/ileawo.com\/en\/applications\/iwe-asotele\/","og_site_name":"Il\u00e9 Awo","article_publisher":"https:\/\/www.facebook.com\/ifabiyii","article_modified_time":"2022-07-11T17:23:46+00:00","og_image":[{"width":512,"height":512,"url":"https:\/\/ileawo.com\/wp-content\/uploads\/2022\/07\/iwe_asotele.png","type":"image\/png"}],"twitter_card":"summary_large_image","twitter_site":"@ifabiyii","schema":{"@context":"https:\/\/schema.org","@graph":[{"@type":"Article","@id":"https:\/\/ileawo.com\/en\/applications\/iwe-asotele\/#article","isPartOf":{"@id":"https:\/\/ileawo.com\/en\/applications\/iwe-asotele\/"},"author":{"name":"If\u00e1b\u00edy\u00ec\u00ed Ak\u00f3d\u00e0","@id":"http:\/\/ileawo.com\/en\/#\/schema\/person\/5b4d3af5a9aa8f02fe88dbeb048ef64a"},"headline":"App Iwe Asotele","datePublished":"2022-07-11T08:45:49+00:00","dateModified":"2022-07-11T17:23:46+00:00","mainEntityOfPage":{"@id":"https:\/\/ileawo.com\/en\/applications\/iwe-asotele\/"},"wordCount":909,"publisher":{"@id":"http:\/\/ileawo.com\/en\/#organization"},"image":{"@id":"https:\/\/ileawo.com\/en\/applications\/iwe-asotele\/#primaryimage"},"thumbnailUrl":"https:\/\/ileawo.com\/wp-content\/uploads\/2022\/07\/iwe_asotele.png","articleSection":["App"],"inLanguage":"en-US"},{"@type":"WebPage","@id":"https:\/\/ileawo.com\/en\/applications\/iwe-asotele\/","url":"https:\/\/ileawo.com\/en\/applications\/iwe-asotele\/","name":"Iwe Asotele App, the first free Ifa divination record - Il\u00e9 Awo","isPartOf":{"@id":"http:\/\/ileawo.com\/en\/#website"},"primaryImageOfPage":{"@id":"https:\/\/ileawo.com\/en\/applications\/iwe-asotele\/#primaryimage"},"image":{"@id":"https:\/\/ileawo.com\/en\/applications\/iwe-asotele\/#primaryimage"},"thumbnailUrl":"https:\/\/ileawo.com\/wp-content\/uploads\/2022\/07\/iwe_asotele.png","datePublished":"2022-07-11T08:45:49+00:00","dateModified":"2022-07-11T17:23:46+00:00","description":"Iwe Asotele is the first record of If\u00e1 and \u00c9\u00e8r\u00ednd\u00edl\u00f3g\u00fan divination, a pioneer in the world, completely digital and free.","breadcrumb":{"@id":"https:\/\/ileawo.com\/en\/applications\/iwe-asotele\/#breadcrumb"},"inLanguage":"en-US","potentialAction":[{"@type":"ReadAction","target":["https:\/\/ileawo.com\/en\/applications\/iwe-asotele\/"]}]},{"@type":"ImageObject","inLanguage":"en-US","@id":"https:\/\/ileawo.com\/en\/applications\/iwe-asotele\/#primaryimage","url":"https:\/\/ileawo.com\/wp-content\/uploads\/2022\/07\/iwe_asotele.png","contentUrl":"https:\/\/ileawo.com\/wp-content\/uploads\/2022\/07\/iwe_asotele.png","width":512,"height":512,"caption":"Descarga Iwe Asotele, el primer registro de adivinaci\u00f3n."},{"@type":"BreadcrumbList","@id":"https:\/\/ileawo.com\/en\/applications\/iwe-asotele\/#breadcrumb","itemListElement":[{"@type":"ListItem","position":1,"name":"Home","item":"https:\/\/ileawo.com\/en\/"},{"@type":"ListItem","position":2,"name":"If\u00e1 Applications","item":"http:\/\/ileawo.com\/en\/applications\/"},{"@type":"ListItem","position":3,"name":"App Iwe Asotele"}]},{"@type":"WebSite","@id":"http:\/\/ileawo.com\/en\/#website","url":"http:\/\/ileawo.com\/en\/","name":"Il\u00e9 Awo","description":"","publisher":{"@id":"http:\/\/ileawo.com\/en\/#organization"},"potentialAction":[{"@type":"SearchAction","target":{"@type":"EntryPoint","urlTemplate":"http:\/\/ileawo.com\/en\/?s={search_term_string}"},"query-input":{"@type":"PropertyValueSpecification","valueRequired":true,"valueName":"search_term_string"}}],"inLanguage":"en-US"},{"@type":"Organization","@id":"http:\/\/ileawo.com\/en\/#organization","name":"Il\u00e9 Awo","url":"http:\/\/ileawo.com\/en\/","logo":{"@type":"ImageObject","inLanguage":"en-US","@id":"http:\/\/ileawo.com\/en\/#\/schema\/logo\/image\/","url":"https:\/\/ileawo.com\/wp-content\/uploads\/revslider\/Bienvenido\/Logo-Ile-Awo-20201.png","contentUrl":"https:\/\/ileawo.com\/wp-content\/uploads\/revslider\/Bienvenido\/Logo-Ile-Awo-20201.png","width":500,"height":155,"caption":"Il\u00e9 Awo"},"image":{"@id":"http:\/\/ileawo.com\/en\/#\/schema\/logo\/image\/"},"sameAs":["https:\/\/www.facebook.com\/ifabiyii","https:\/\/x.com\/ifabiyii","https:\/\/www.instagram.com\/ifabiyii_akoda\/"]},{"@type":"Person","@id":"http:\/\/ileawo.com\/en\/#\/schema\/person\/5b4d3af5a9aa8f02fe88dbeb048ef64a","name":"If\u00e1b\u00edy\u00ec\u00ed Ak\u00f3d\u00e0","image":{"@type":"ImageObject","inLanguage":"en-US","@id":"https:\/\/secure.gravatar.com\/avatar\/07530fd5fec1f19247b6ca33a6f419284691fff29c8857d86ea771d943bdba08?s=96&d=mm&r=g","url":"https:\/\/secure.gravatar.com\/avatar\/07530fd5fec1f19247b6ca33a6f419284691fff29c8857d86ea771d943bdba08?s=96&d=mm&r=g","contentUrl":"https:\/\/secure.gravatar.com\/avatar\/07530fd5fec1f19247b6ca33a6f419284691fff29c8857d86ea771d943bdba08?s=96&d=mm&r=g","caption":"If\u00e1b\u00edy\u00ec\u00ed Ak\u00f3d\u00e0"},"sameAs":["https:\/\/ileawo.com\/"]}]}},"_links":{"self":[{"href":"https:\/\/ileawo.com\/en\/wp-json\/wp\/v2\/pages\/7113","targetHints":{"allow":["GET"]}}],"collection":[{"href":"https:\/\/ileawo.com\/en\/wp-json\/wp\/v2\/pages"}],"about":[{"href":"https:\/\/ileawo.com\/en\/wp-json\/wp\/v2\/types\/page"}],"author":[{"embeddable":true,"href":"https:\/\/ileawo.com\/en\/wp-json\/wp\/v2\/users\/1"}],"replies":[{"embeddable":true,"href":"https:\/\/ileawo.com\/en\/wp-json\/wp\/v2\/comments?post=7113"}],"version-history":[{"count":0,"href":"https:\/\/ileawo.com\/en\/wp-json\/wp\/v2\/pages\/7113\/revisions"}],"up":[{"embeddable":true,"href":"https:\/\/ileawo.com\/en\/wp-json\/wp\/v2\/pages\/3582"}],"wp:featuredmedia":[{"embeddable":true,"href":"https:\/\/ileawo.com\/en\/wp-json\/wp\/v2\/media\/7057"}],"wp:attachment":[{"href":"https:\/\/ileawo.com\/en\/wp-json\/wp\/v2\/media?parent=7113"}],"wp:term":[{"taxonomy":"category","embeddable":true,"href":"https:\/\/ileawo.com\/en\/wp-json\/wp\/v2\/categories?post=7113"}],"curies":[{"name":"wp","href":"https:\/\/api.w.org\/{rel}","templated":true}]}}