{"id":6849,"date":"2020-10-22T10:19:44","date_gmt":"2020-10-22T08:19:44","guid":{"rendered":"https:\/\/ileawo.com\/orisa-yoruba\/egungun-los-ancestros\/"},"modified":"2022-11-01T15:21:16","modified_gmt":"2022-11-01T14:21:16","slug":"egungun-the-ancestors","status":"publish","type":"page","link":"https:\/\/ileawo.com\/en\/orisa-yoruba\/egungun-the-ancestors\/","title":{"rendered":"Egungun, the ancestors"},"content":{"rendered":"<div class=\"wpb-content-wrapper\"><p>[vc_row el_class=&#8221;first-row&#8221;][vc_column width=&#8221;1\/6&#8243; offset=&#8221;vc_hidden-sm vc_hidden-xs&#8221;][\/vc_column][vc_column offset=&#8221;vc_col-md-8&#8243;][vc_column_text]<\/p>\n<p style=\"text-align: center;\">In traditional practice, Egungun (the ancestors) play a very important role. It is the Orisa symbol of tradition, since tradition is created over time by our ancestors.<\/p>\n<p>[\/vc_column_text][\/vc_column][vc_column width=&#8221;1\/6&#8243; offset=&#8221;vc_hidden-sm vc_hidden-xs&#8221;][\/vc_column][\/vc_row][vc_row full_width=&#8221;stretch_row&#8221; content_placement=&#8221;middle&#8221; bg_type=&#8221;bg_color&#8221; css=&#8221;.vc_custom_1654358020270{padding-top: 60px !important;padding-bottom: 60px !important;background-color: #f6f6f6 !important;}&#8221; bg_color_value=&#8221;#f6f6f6&#8243; el_class=&#8221;flex-row-tablet&#8221;][vc_column width=&#8221;1\/12&#8243; offset=&#8221;vc_col-lg-2 vc_col-md-2 vc_hidden-md vc_hidden-sm vc_hidden-xs&#8221;][\/vc_column][vc_column offset=&#8221;vc_col-lg-4 vc_col-md-6&#8243;][vc_column_text]<\/p>\n<h2 style=\"text-align: center;\">Who is Egungun?<\/h2>\n<p>Egungun is an Orisa. It represents our ancestors and through it we pay tribute and propitiate all our deceased relatives. All of our deceased relatives are part of our extended ancestral family.[\/vc_column_text][\/vc_column][vc_column offset=&#8221;vc_col-lg-4 vc_col-md-6&#8243;][vc_single_image image=&#8221;5616&#8243; img_size=&#8221;large&#8221; alignment=&#8221;center&#8221; css=&#8221;.vc_custom_1603054546540{margin-bottom: 0px !important;}&#8221;][\/vc_column][vc_column width=&#8221;1\/12&#8243; offset=&#8221;vc_col-lg-2 vc_col-md-2 vc_hidden-md vc_hidden-sm vc_hidden-xs&#8221;][\/vc_column][\/vc_row][vc_row][vc_column width=&#8221;1\/6&#8243; offset=&#8221;vc_hidden-sm vc_hidden-xs&#8221;][\/vc_column][vc_column offset=&#8221;vc_col-md-8&#8243;][vc_column_text]<\/p>\n<h2 style=\"text-align: center;\">How to get initiated in Egungun<\/h2>\n<p style=\"text-align: center;\">There are different types of Egungun and even different initiations of this Orisa. The first is the initiation of the Isan Egungun, which is a kind of messenger of the Orisa who possesses the spiritual whip of Egungun. Later, to become a priest of the ancestors, one must complete the initiation called Is pa Atesebo, which consists of receiving the Egungun Masquerade (Ar\u00e1 orun K\u00ecn in kin or the inhabitants of the sky) which contains their traditional clothing of various colors called Aso \u00ccy\u00e1moj\u00e8. . Usually the representative of the family is the one who has this initiation. It is worth noting that it is important that all people who practice Traditional If\u00e1 have, at least, the first initiation since we all, without exception, have ancestors that we must foster. An example of how to propitiate the ancestors is available in <a href=\"https:\/\/onelink.to\/ifapro\">If\u00e1 Tradicional Pro<\/a>.<\/p>\n<p>[\/vc_column_text][\/vc_column][vc_column width=&#8221;1\/6&#8243; offset=&#8221;vc_hidden-sm vc_hidden-xs&#8221;][\/vc_column][\/vc_row][vc_row full_width=&#8221;stretch_row&#8221; gap=&#8221;20&#8243; bg_type=&#8221;bg_color&#8221; bg_color_value=&#8221;#4e89d5&#8243; css=&#8221;.vc_custom_1654358832663{padding-top: 40px !important;padding-bottom: 60px !important;background-color: #4e89d5 !important;}&#8221;][vc_column width=&#8221;1\/6&#8243; offset=&#8221;vc_hidden-sm vc_hidden-xs&#8221;][\/vc_column][vc_column offset=&#8221;vc_col-md-8&#8243; css=&#8221;.vc_custom_1572264649280{padding-top: 0px !important;}&#8221;][vc_column_text css=&#8221;.vc_custom_1654359428219{margin-bottom: 20px !important;}&#8221;]<\/p>\n<h2 style=\"text-align: center;\"><span style=\"color: #ffffff;\">How to feed Egungun<\/span><\/h2>\n<p style=\"text-align: center;\"><span style=\"color: #ffffff;\">This Orisa must be propitiated in an intelligent way so as not to make our ancestors angry.<\/span><\/p>\n<p>[\/vc_column_text][\/vc_column][vc_column width=&#8221;1\/6&#8243; offset=&#8221;vc_hidden-sm vc_hidden-xs&#8221;][\/vc_column][vc_column css_animation=&#8221;bottom-to-top&#8221; offset=&#8221;vc_col-md-6&#8243; css=&#8221;.vc_custom_1572276073446{margin-top: 0px !important;margin-right: 0px !important;margin-bottom: 0px !important;margin-left: 0px !important;padding-top: 40px !important;padding-right: 40px !important;padding-bottom: 40px !important;padding-left: 40px !important;background-color: #fcfcfc !important;border-radius: 10px !important;}&#8221;][vc_column_text css=&#8221;.vc_custom_1654359611081{margin-bottom: 0px !important;background-color: #fcfcfc !important;border-radius: 10px !important;}&#8221;]<\/p>\n<h3 style=\"text-align: center;\">Materials for the offerings<\/h3>\n<p>The ancestors should be propitiated mainly with typical food that our relatives ate in life, unless an Ifa verse is used for the propitiation in which some specific material should be used.[\/vc_column_text][\/vc_column][vc_column css_animation=&#8221;bottom-to-top&#8221; offset=&#8221;vc_col-md-6&#8243; css=&#8221;.vc_custom_1572276081562{margin-top: 0px !important;margin-right: 0px !important;margin-bottom: 0px !important;margin-left: 0px !important;padding-top: 40px !important;padding-right: 40px !important;padding-bottom: 40px !important;padding-left: 40px !important;background-color: #fcfcfc !important;border-radius: 10px !important;}&#8221;][vc_column_text css=&#8221;.vc_custom_1654359716124{margin-bottom: 0px !important;background-color: #fcfcfc !important;border-radius: 10px !important;}&#8221;]<\/p>\n<h3 style=\"text-align: center;\">Some taboos<\/h3>\n<p>The taboos are mainly foods that our ancestors do not like and black oil. Obatala worshipers cannot be initiated into Masquerade Egungun and women must not enter the Egungun altar.[\/vc_column_text][\/vc_column][\/vc_row][vc_row content_placement=&#8221;middle&#8221; css=&#8221;.vc_custom_1572650477243{padding-top: 30px !important;padding-bottom: 30px !important;}&#8221;][vc_column offset=&#8221;vc_col-md-4&#8243; css=&#8221;.vc_custom_1577580268909{padding-top: 0px !important;}&#8221;][vc_single_image image=&#8221;5612&#8243; img_size=&#8221;large&#8221; alignment=&#8221;center&#8221; css=&#8221;.vc_custom_1603054061349{margin-bottom: 0px !important;}&#8221;][\/vc_column][vc_column offset=&#8221;vc_col-md-8&#8243; css=&#8221;.vc_custom_1577580262564{padding-top: 0px !important;}&#8221;][vc_column_text]<\/p>\n<h2 style=\"text-align: center;\">Types of Egungun in traditional practice<\/h2>\n<p>As we mentioned before, there is only one Eg\u00fang\u00fan. However, there are different types of representation of the Orisa that are focused on something specific. Among the most recognized are Eg\u00fang\u00fan K\u00fand\u00fake or Eg\u00fang\u00fan Al\u00e1gbe, which is recognized for its majestic dances; Eg\u00fang\u00fan El\u00e9r\u00f9, Eg\u00fang\u00fan Ol\u00f3p\u00f3n, Eg\u00fang\u00fan G\u00e8l\u00e8d\u00e9 among others.[\/vc_column_text][\/vc_column][\/vc_row][vc_row full_width=&#8221;stretch_row&#8221; content_placement=&#8221;middle&#8221; bg_type=&#8221;bg_color&#8221; bg_override=&#8221;ex-full&#8221; bg_color_value=&#8221;#4e89d5&#8243; el_class=&#8221;banner&#8221; css=&#8221;.vc_custom_1589980901179{background-color: #4e89d5 !important;}&#8221;][vc_column width=&#8221;2\/3&#8243;][vc_column_text el_class=&#8221;banner-text&#8221;]Learn more about the initiation and propitiation of this Orisa Yoruba[\/vc_column_text][\/vc_column][vc_column width=&#8221;1\/3&#8243;][vc_column_text css_animation=&#8221;bounceIn&#8221;]<\/p>\n<p style=\"text-align: center;\"><a class=\"custom-buttons-alternative\" href=\"https:\/\/ileawo.com\/en\/contact\/\">Ask us<\/a><\/p>\n<p>[\/vc_column_text][\/vc_column][\/vc_row]<\/p>\n<\/div>"},"excerpt":{"rendered":"<p>[vc_row el_class=&#8221;first-row&#8221;][vc_column width=&#8221;1\/6&#8243; offset=&#8221;vc_hidden-sm vc_hidden-xs&#8221;][\/vc_column][vc_column offset=&#8221;vc_col-md-8&#8243;][vc_column_text] In traditional practice, Egungun (the ancestors) play a very important role. It is the Orisa symbol of tradition, since tradition<span class=\"excerpt-hellip\"> [\u2026]<\/span><\/p>\n","protected":false},"author":1,"featured_media":5624,"parent":3701,"menu_order":0,"comment_status":"closed","ping_status":"closed","template":"","meta":{"footnotes":""},"categories":[],"class_list":["post-6849","page","type-page","status-publish","has-post-thumbnail","hentry"],"yoast_head":"<!-- This site is optimized with the Yoast SEO Premium plugin v25.2 (Yoast SEO v27.5) - https:\/\/yoast.com\/product\/yoast-seo-premium-wordpress\/ -->\n<title>Egungun, the propitiation of the ancestors - Il\u00e9 Awo<\/title>\n<meta name=\"description\" content=\"Egungun is the Orisa of traditional practice that represents our deceased relatives (the acentros), and symbolizes traditionalism.\" \/>\n<meta name=\"robots\" content=\"index, follow, max-snippet:-1, max-image-preview:large, max-video-preview:-1\" \/>\n<link rel=\"canonical\" href=\"https:\/\/ileawo.com\/en\/orisa-yoruba\/egungun-the-ancestors\/\" \/>\n<meta property=\"og:locale\" content=\"en_US\" \/>\n<meta property=\"og:type\" content=\"article\" \/>\n<meta property=\"og:title\" content=\"Egungun, the ancestors\" \/>\n<meta property=\"og:description\" content=\"Egungun is the Orisa of traditional practice that represents our deceased relatives (the acentros), and symbolizes traditionalism.\" \/>\n<meta property=\"og:url\" content=\"https:\/\/ileawo.com\/en\/orisa-yoruba\/egungun-the-ancestors\/\" \/>\n<meta property=\"og:site_name\" content=\"Il\u00e9 Awo\" \/>\n<meta property=\"article:publisher\" content=\"https:\/\/www.facebook.com\/ifabiyii\" \/>\n<meta property=\"article:modified_time\" content=\"2022-11-01T14:21:16+00:00\" \/>\n<meta property=\"og:image\" content=\"https:\/\/ileawo.com\/wp-content\/uploads\/2020\/10\/egungun-1.jpg\" \/>\n\t<meta property=\"og:image:width\" content=\"1200\" \/>\n\t<meta property=\"og:image:height\" content=\"633\" \/>\n\t<meta property=\"og:image:type\" content=\"image\/jpeg\" \/>\n<meta name=\"twitter:card\" content=\"summary_large_image\" \/>\n<meta name=\"twitter:site\" content=\"@ifabiyii\" \/>\n<!-- \/ Yoast SEO Premium plugin. -->","yoast_head_json":{"title":"Egungun, the propitiation of the ancestors - Il\u00e9 Awo","description":"Egungun is the Orisa of traditional practice that represents our deceased relatives (the acentros), and symbolizes traditionalism.","robots":{"index":"index","follow":"follow","max-snippet":"max-snippet:-1","max-image-preview":"max-image-preview:large","max-video-preview":"max-video-preview:-1"},"canonical":"https:\/\/ileawo.com\/en\/orisa-yoruba\/egungun-the-ancestors\/","og_locale":"en_US","og_type":"article","og_title":"Egungun, the ancestors","og_description":"Egungun is the Orisa of traditional practice that represents our deceased relatives (the acentros), and symbolizes traditionalism.","og_url":"https:\/\/ileawo.com\/en\/orisa-yoruba\/egungun-the-ancestors\/","og_site_name":"Il\u00e9 Awo","article_publisher":"https:\/\/www.facebook.com\/ifabiyii","article_modified_time":"2022-11-01T14:21:16+00:00","og_image":[{"width":1200,"height":633,"url":"https:\/\/ileawo.com\/wp-content\/uploads\/2020\/10\/egungun-1.jpg","type":"image\/jpeg"}],"twitter_card":"summary_large_image","twitter_site":"@ifabiyii","schema":{"@context":"https:\/\/schema.org","@graph":[{"@type":"Article","@id":"https:\/\/ileawo.com\/en\/orisa-yoruba\/egungun-the-ancestors\/#article","isPartOf":{"@id":"https:\/\/ileawo.com\/en\/orisa-yoruba\/egungun-the-ancestors\/"},"author":{"name":"If\u00e1b\u00edy\u00ec\u00ed Ak\u00f3d\u00e0","@id":"http:\/\/ileawo.com\/en\/#\/schema\/person\/5b4d3af5a9aa8f02fe88dbeb048ef64a"},"headline":"Egungun, the ancestors","datePublished":"2020-10-22T08:19:44+00:00","dateModified":"2022-11-01T14:21:16+00:00","mainEntityOfPage":{"@id":"https:\/\/ileawo.com\/en\/orisa-yoruba\/egungun-the-ancestors\/"},"wordCount":902,"publisher":{"@id":"http:\/\/ileawo.com\/en\/#organization"},"image":{"@id":"https:\/\/ileawo.com\/en\/orisa-yoruba\/egungun-the-ancestors\/#primaryimage"},"thumbnailUrl":"https:\/\/ileawo.com\/wp-content\/uploads\/2020\/10\/egungun-1.jpg","inLanguage":"en-US"},{"@type":"WebPage","@id":"https:\/\/ileawo.com\/en\/orisa-yoruba\/egungun-the-ancestors\/","url":"https:\/\/ileawo.com\/en\/orisa-yoruba\/egungun-the-ancestors\/","name":"Egungun, the propitiation of the ancestors - Il\u00e9 Awo","isPartOf":{"@id":"http:\/\/ileawo.com\/en\/#website"},"primaryImageOfPage":{"@id":"https:\/\/ileawo.com\/en\/orisa-yoruba\/egungun-the-ancestors\/#primaryimage"},"image":{"@id":"https:\/\/ileawo.com\/en\/orisa-yoruba\/egungun-the-ancestors\/#primaryimage"},"thumbnailUrl":"https:\/\/ileawo.com\/wp-content\/uploads\/2020\/10\/egungun-1.jpg","datePublished":"2020-10-22T08:19:44+00:00","dateModified":"2022-11-01T14:21:16+00:00","description":"Egungun is the Orisa of traditional practice that represents our deceased relatives (the acentros), and symbolizes traditionalism.","breadcrumb":{"@id":"https:\/\/ileawo.com\/en\/orisa-yoruba\/egungun-the-ancestors\/#breadcrumb"},"inLanguage":"en-US","potentialAction":[{"@type":"ReadAction","target":["https:\/\/ileawo.com\/en\/orisa-yoruba\/egungun-the-ancestors\/"]}]},{"@type":"ImageObject","inLanguage":"en-US","@id":"https:\/\/ileawo.com\/en\/orisa-yoruba\/egungun-the-ancestors\/#primaryimage","url":"https:\/\/ileawo.com\/wp-content\/uploads\/2020\/10\/egungun-1.jpg","contentUrl":"https:\/\/ileawo.com\/wp-content\/uploads\/2020\/10\/egungun-1.jpg","width":1200,"height":633,"caption":"Egungun, los ancestros en la pr\u00e1ctica tradicional"},{"@type":"BreadcrumbList","@id":"https:\/\/ileawo.com\/en\/orisa-yoruba\/egungun-the-ancestors\/#breadcrumb","itemListElement":[{"@type":"ListItem","position":1,"name":"Home","item":"https:\/\/ileawo.com\/en\/"},{"@type":"ListItem","position":2,"name":"Orisa Yoruba Traditional","item":"http:\/\/ileawo.com\/en\/orisa-yoruba\/"},{"@type":"ListItem","position":3,"name":"Egungun, the ancestors"}]},{"@type":"WebSite","@id":"http:\/\/ileawo.com\/en\/#website","url":"http:\/\/ileawo.com\/en\/","name":"Il\u00e9 Awo","description":"","publisher":{"@id":"http:\/\/ileawo.com\/en\/#organization"},"potentialAction":[{"@type":"SearchAction","target":{"@type":"EntryPoint","urlTemplate":"http:\/\/ileawo.com\/en\/?s={search_term_string}"},"query-input":{"@type":"PropertyValueSpecification","valueRequired":true,"valueName":"search_term_string"}}],"inLanguage":"en-US"},{"@type":"Organization","@id":"http:\/\/ileawo.com\/en\/#organization","name":"Il\u00e9 Awo","url":"http:\/\/ileawo.com\/en\/","logo":{"@type":"ImageObject","inLanguage":"en-US","@id":"http:\/\/ileawo.com\/en\/#\/schema\/logo\/image\/","url":"https:\/\/ileawo.com\/wp-content\/uploads\/revslider\/Bienvenido\/Logo-Ile-Awo-20201.png","contentUrl":"https:\/\/ileawo.com\/wp-content\/uploads\/revslider\/Bienvenido\/Logo-Ile-Awo-20201.png","width":500,"height":155,"caption":"Il\u00e9 Awo"},"image":{"@id":"http:\/\/ileawo.com\/en\/#\/schema\/logo\/image\/"},"sameAs":["https:\/\/www.facebook.com\/ifabiyii","https:\/\/x.com\/ifabiyii","https:\/\/www.instagram.com\/ifabiyii_akoda\/"]},{"@type":"Person","@id":"http:\/\/ileawo.com\/en\/#\/schema\/person\/5b4d3af5a9aa8f02fe88dbeb048ef64a","name":"If\u00e1b\u00edy\u00ec\u00ed Ak\u00f3d\u00e0","image":{"@type":"ImageObject","inLanguage":"en-US","@id":"https:\/\/secure.gravatar.com\/avatar\/07530fd5fec1f19247b6ca33a6f419284691fff29c8857d86ea771d943bdba08?s=96&d=mm&r=g","url":"https:\/\/secure.gravatar.com\/avatar\/07530fd5fec1f19247b6ca33a6f419284691fff29c8857d86ea771d943bdba08?s=96&d=mm&r=g","contentUrl":"https:\/\/secure.gravatar.com\/avatar\/07530fd5fec1f19247b6ca33a6f419284691fff29c8857d86ea771d943bdba08?s=96&d=mm&r=g","caption":"If\u00e1b\u00edy\u00ec\u00ed Ak\u00f3d\u00e0"},"sameAs":["https:\/\/ileawo.com\/"]}]}},"_links":{"self":[{"href":"https:\/\/ileawo.com\/en\/wp-json\/wp\/v2\/pages\/6849","targetHints":{"allow":["GET"]}}],"collection":[{"href":"https:\/\/ileawo.com\/en\/wp-json\/wp\/v2\/pages"}],"about":[{"href":"https:\/\/ileawo.com\/en\/wp-json\/wp\/v2\/types\/page"}],"author":[{"embeddable":true,"href":"https:\/\/ileawo.com\/en\/wp-json\/wp\/v2\/users\/1"}],"replies":[{"embeddable":true,"href":"https:\/\/ileawo.com\/en\/wp-json\/wp\/v2\/comments?post=6849"}],"version-history":[{"count":0,"href":"https:\/\/ileawo.com\/en\/wp-json\/wp\/v2\/pages\/6849\/revisions"}],"up":[{"embeddable":true,"href":"https:\/\/ileawo.com\/en\/wp-json\/wp\/v2\/pages\/3701"}],"wp:featuredmedia":[{"embeddable":true,"href":"https:\/\/ileawo.com\/en\/wp-json\/wp\/v2\/media\/5624"}],"wp:attachment":[{"href":"https:\/\/ileawo.com\/en\/wp-json\/wp\/v2\/media?parent=6849"}],"wp:term":[{"taxonomy":"category","embeddable":true,"href":"https:\/\/ileawo.com\/en\/wp-json\/wp\/v2\/categories?post=6849"}],"curies":[{"name":"wp","href":"https:\/\/api.w.org\/{rel}","templated":true}]}}