{"id":6656,"date":"2022-05-19T12:16:57","date_gmt":"2022-05-19T10:16:57","guid":{"rendered":"https:\/\/ileawo.com\/?page_id=6656"},"modified":"2022-06-05T16:25:44","modified_gmt":"2022-06-05T14:25:44","slug":"oke-itase-2022","status":"publish","type":"page","link":"https:\/\/ileawo.com\/en\/oke-itase-world-divination\/oke-itase-2022\/","title":{"rendered":"Oke Itase 2022 \u2013 World divination 2022 | Il\u00e9 Ife Nigeria"},"content":{"rendered":"<div class=\"wpb-content-wrapper\"><p>[vc_row][vc_column][vc_single_image image=&#8221;7025&#8243; img_size=&#8221;medium&#8221; alignment=&#8221;center&#8221; css=&#8221;.vc_custom_1654384671776{margin-bottom: 0px !important;}&#8221;][vc_column_text]<\/p>\n<h2 style=\"text-align: center;\">Od\u00f9 Odi Ofun<\/h2>\n<p>[\/vc_column_text][\/vc_column][\/vc_row][vc_row][vc_column width=&#8221;1\/6&#8243; offset=&#8221;vc_hidden-sm vc_hidden-xs&#8221;][\/vc_column][vc_column width=&#8221;1\/2&#8243; offset=&#8221;vc_col-md-4&#8243;][vc_column_text]<\/p>\n<div style=\"background-color: #f6f6f6; margin: 10px; border-radius: 10px;\">\n<h5 class=\"white-box\">Yor\u00f9b\u00e1<\/h5>\n<p style=\"background-color: #f6f6f6; padding: 30px; border-radius: 0px 0px 10px 10px;\">Oku sunbule pago<br \/>\nDia fun Aganna<br \/>\nTii seni Ikoko<br \/>\nEbo ni won ni ko waa se<br \/>\nO gb\u2019ebo, o ru\u2019bo<br \/>\nMo pakoko pakoko<br \/>\nMo si deni gbangba faufau<\/p>\n<\/div>\n<p>[\/vc_column_text][\/vc_column][vc_column width=&#8221;1\/2&#8243; offset=&#8221;vc_col-md-4&#8243;][vc_column_text css=&#8221;.vc_custom_1654426324538{margin-bottom: 0px !important;}&#8221;]<\/p>\n<div style=\"background-color: #f6f6f6; margin: 10px; border-radius: 10px;\">\n<h5 class=\"white-box\">English<\/h5>\n<p style=\"background-color: #f6f6f6; padding: 30px; border-radius: 0px 0px 10px 10px;\">Oku sunbule pago<br \/>\nIfa\u2019s message for Aganran bird<br \/>\nWho was an obscure person<br \/>\nHe was advised to offer ebo<br \/>\nHe complied<br \/>\nI move from my position of obscurity<br \/>\nAnd I became a prominent person<\/p>\n<\/div>\n<p>[\/vc_column_text][\/vc_column][vc_column width=&#8221;1\/6&#8243; offset=&#8221;vc_hidden-sm vc_hidden-xs&#8221;][\/vc_column][\/vc_row][vc_row][vc_column][vc_raw_html css=&#8221;.vc_custom_1572654247108{margin-top: 40px !important;}&#8221;]JTNDc2NyaXB0JTIwYXN5bmMlMjBzcmMlM0QlMjIlMkYlMkZwYWdlYWQyLmdvb2dsZXN5bmRpY2F0aW9uLmNvbSUyRnBhZ2VhZCUyRmpzJTJGYWRzYnlnb29nbGUuanMlMjIlM0UlM0MlMkZzY3JpcHQlM0UlMEElM0MlMjEtLSUyMExhLVByZW5zYS1BZHMlMjAtLSUzRSUwQSUzQ2lucyUyMGNsYXNzJTNEJTIyYWRzYnlnb29nbGUlMjIlMEElMjAlMjAlMjAlMjAlMjBzdHlsZSUzRCUyMmRpc3BsYXklM0FibG9jayUyMiUwQSUyMCUyMCUyMCUyMCUyMGRhdGEtYWQtY2xpZW50JTNEJTIyY2EtcHViLTQ3MTQwOTc3Mzc0NDUxMDklMjIlMEElMjAlMjAlMjAlMjAlMjBkYXRhLWFkLXNsb3QlM0QlMjI5MjA2NTcxMDc3JTIyJTBBJTIwJTIwJTIwJTIwJTIwZGF0YS1hZC1mb3JtYXQlM0QlMjJhdXRvJTIyJTNFJTNDJTJGaW5zJTNFJTBBJTNDc2NyaXB0JTNFJTBBJTI4YWRzYnlnb29nbGUlMjAlM0QlMjB3aW5kb3cuYWRzYnlnb29nbGUlMjAlN0MlN0MlMjAlNUIlNUQlMjkucHVzaCUyOCU3QiU3RCUyOSUzQiUwQSUzQyUyRnNjcmlwdCUzRQ==[\/vc_raw_html][\/vc_column][\/vc_row][vc_row][vc_column offset=&#8221;vc_col-md-2 vc_hidden-sm vc_hidden-xs&#8221;][\/vc_column][vc_column offset=&#8221;vc_col-md-8&#8243;][vc_column_text]<\/p>\n<div class=\"uvc-main-heading ult-responsive\" data-ultimate-target=\".uvc-heading.ultimate-heading-92575db682638844d h2\" data-responsive-json-new=\"{&quot;font-size&quot;:&quot;desktop:28px;tablet:26px;tablet_portrait:26px;mobile_landscape:24px;mobile:24px;&quot;,&quot;line-height&quot;:&quot;desktop:34px;&quot;}\">\n<h2>Oke Itase Festival Celebration 2022<\/h2>\n<\/div>\n<div class=\"uvc-sub-heading ult-responsive\" data-ultimate-target=\".uvc-heading.ultimate-heading-92575db682638844d .uvc-sub-heading \" data-responsive-json-new=\"{&quot;font-size&quot;:&quot;&quot;,&quot;line-height&quot;:&quot;desktop:26px;&quot;}\">\n<p>Like every year, at Il\u00e9 Awo we have the pleasure of presenting for the first time the sign of Oke Itase 2022, the world If\u00e1 divination with which the Yoruba New Year begins, celebrated early today at Il\u00e9 Ife.<\/p>\n<p>Thousands of people were today at the Oke Itase temple and propitiated Ope (the sacred palm tree) with Obi, in one of the most important ceremonies that takes place before taking out the sign that will govern the next twelve months. After the pilgrimage that carries If\u00e1 to the temple of Ile Ife headed by the Araba, the propitiation to If\u00e1 took place with Obi and other If\u00e1 materials, to then proceed to the world divination starting at midnight<\/p>\n<p>In the Oke Itase 2022 the revealed sign is Odi Ofun, If\u00e1 says that a complete fate is yet to come and advises to offer sacrifice with food and drink so that the things he is doing go well for him. If\u00e1 also advises propitiating Iyami Osooronga so that it does not destroy luck and also speaks the sign of great prosperity.<\/p>\n<p>To learn more about what If\u00e1 says in the Odi Ofun sign, we invite you to download our applications <a href=\"https:\/\/onelink.to\/ifatradicional\">If\u00e1 Tradicional<\/a>, <a href=\"https:\/\/onelink.to\/ifapro\">If\u00e1 Tradicional Pro<\/a>, <a href=\"https:\/\/onelink.to\/ojuodu\">Oj\u00fa Od\u00f9<\/a>, <a href=\"https:\/\/onelink.to\/q36htt\">Apola Ogbe<\/a>, <a href=\"https:\/\/onelink.to\/jksnkd\">Apola Oyeku<\/a>, <a href=\"https:\/\/onelink.to\/4h9bqu\">Apola Iwori<\/a> and <a href=\"https:\/\/onelink.to\/2xq3b5\">Apola Odi<\/a> where you will find detailed information about the sign to get all the luck for this year that starts today.<\/p>\n<p>It is important to remember that all the followers of If\u00e1 in the world who practice the traditional religion must perform the ebo and ceremonies marked by the sign, as well as take into account the warnings of the Od\u00f9 throughout the year. If you wish to obtain more detailed information about the recommended ceremonies to be performed at Oke Itase 2022. Do not hesitate to <a href=\"https:\/\/ileawo.com\/en\/contact\/\">contact us<\/a>.<\/p>\n<\/div>\n<p>[\/vc_column_text][\/vc_column][vc_column width=&#8221;1\/6&#8243; offset=&#8221;vc_hidden-sm vc_hidden-xs&#8221;][\/vc_column][\/vc_row][vc_row][vc_column][vc_raw_html css=&#8221;.vc_custom_1572654247108{margin-top: 40px !important;}&#8221;]JTNDc2NyaXB0JTIwYXN5bmMlMjBzcmMlM0QlMjIlMkYlMkZwYWdlYWQyLmdvb2dsZXN5bmRpY2F0aW9uLmNvbSUyRnBhZ2VhZCUyRmpzJTJGYWRzYnlnb29nbGUuanMlMjIlM0UlM0MlMkZzY3JpcHQlM0UlMEElM0MlMjEtLSUyMExhLVByZW5zYS1BZHMlMjAtLSUzRSUwQSUzQ2lucyUyMGNsYXNzJTNEJTIyYWRzYnlnb29nbGUlMjIlMEElMjAlMjAlMjAlMjAlMjBzdHlsZSUzRCUyMmRpc3BsYXklM0FibG9jayUyMiUwQSUyMCUyMCUyMCUyMCUyMGRhdGEtYWQtY2xpZW50JTNEJTIyY2EtcHViLTQ3MTQwOTc3Mzc0NDUxMDklMjIlMEElMjAlMjAlMjAlMjAlMjBkYXRhLWFkLXNsb3QlM0QlMjI5MjA2NTcxMDc3JTIyJTBBJTIwJTIwJTIwJTIwJTIwZGF0YS1hZC1mb3JtYXQlM0QlMjJhdXRvJTIyJTNFJTNDJTJGaW5zJTNFJTBBJTNDc2NyaXB0JTNFJTBBJTI4YWRzYnlnb29nbGUlMjAlM0QlMjB3aW5kb3cuYWRzYnlnb29nbGUlMjAlN0MlN0MlMjAlNUIlNUQlMjkucHVzaCUyOCU3QiU3RCUyOSUzQiUwQSUzQyUyRnNjcmlwdCUzRQ==[\/vc_raw_html][\/vc_column][\/vc_row][vc_row][vc_column width=&#8221;1\/4&#8243; offset=&#8221;vc_col-md-3 vc_hidden-sm vc_hidden-xs&#8221;][\/vc_column][vc_column offset=&#8221;vc_col-md-6 vc_col-xs-12&#8243;][vc_images_carousel images=&#8221;6929,6932,6935,6938,6941,6944,6995,6998,7001,7004,7007,7010,7013,7016&#8243; img_size=&#8221;large&#8221; onclick=&#8221;link_no&#8221; autoplay=&#8221;yes&#8221; wrap=&#8221;yes&#8221;][\/vc_column][vc_column width=&#8221;1\/4&#8243; offset=&#8221;vc_col-md-3 vc_hidden-sm vc_hidden-xs&#8221;][\/vc_column][\/vc_row][vc_row full_width=&#8221;stretch_row&#8221; content_placement=&#8221;middle&#8221; bg_type=&#8221;bg_color&#8221; bg_override=&#8221;ex-full&#8221; bg_color_value=&#8221;#4e89d5&#8243; el_class=&#8221;banner&#8221; css=&#8221;.vc_custom_1589978327005{margin-top: 40px !important;background-color: #4e89d5 !important;}&#8221;][vc_column width=&#8221;2\/3&#8243;][vc_column_text el_class=&#8221;banner-text&#8221;]Make an If\u00e1 divination and know what the Orisa have in store for you[\/vc_column_text][\/vc_column][vc_column width=&#8221;1\/3&#8243;][vc_column_text css_animation=&#8221;bounceIn&#8221;]<\/p>\n<p style=\"text-align: center;\"><a class=\"custom-buttons-alternative\" href=\"\/en\/contact\/\">Ask us<\/a><\/p>\n<p>[\/vc_column_text][\/vc_column][\/vc_row]<\/p>\n<\/div>"},"excerpt":{"rendered":"<p>[vc_row][vc_column][vc_single_image image=&#8221;7025&#8243; img_size=&#8221;medium&#8221; alignment=&#8221;center&#8221; css=&#8221;.vc_custom_1654384671776{margin-bottom: 0px !important;}&#8221;][vc_column_text] Od\u00f9 Odi Ofun [\/vc_column_text][\/vc_column][\/vc_row][vc_row][vc_column width=&#8221;1\/6&#8243; offset=&#8221;vc_hidden-sm vc_hidden-xs&#8221;][\/vc_column][vc_column width=&#8221;1\/2&#8243; offset=&#8221;vc_col-md-4&#8243;][vc_column_text] Yor\u00f9b\u00e1 Oku sunbule pago Dia fun Aganna Tii seni Ikoko<span class=\"excerpt-hellip\"> [\u2026]<\/span><\/p>\n","protected":false},"author":1,"featured_media":7023,"parent":3637,"menu_order":0,"comment_status":"closed","ping_status":"closed","template":"","meta":{"footnotes":""},"categories":[2712],"class_list":["post-6656","page","type-page","status-publish","has-post-thumbnail","hentry","category-oke-itase-en"],"yoast_head":"<!-- This site is optimized with the Yoast SEO Premium plugin v25.2 (Yoast SEO v27.4) - https:\/\/yoast.com\/product\/yoast-seo-premium-wordpress\/ -->\n<title>Oke Itase 2022 \u2013 World divination 2022 | Il\u00e9 Ife Nigeria - Il\u00e9 Awo<\/title>\n<meta name=\"description\" content=\"Learn about Olodumare&#039;s designs for this year through the If\u00e1 sign revealed at the Oke Itase 2022, world divination of If\u00e1, held at Ile Ife.\" \/>\n<meta name=\"robots\" content=\"index, follow, max-snippet:-1, max-image-preview:large, max-video-preview:-1\" \/>\n<link rel=\"canonical\" href=\"https:\/\/ileawo.com\/en\/oke-itase-world-divination\/oke-itase-2022\/\" \/>\n<meta property=\"og:locale\" content=\"en_US\" \/>\n<meta property=\"og:type\" content=\"article\" \/>\n<meta property=\"og:title\" content=\"Oke Itase 2022 \u2013 World divination 2022 | Il\u00e9 Ife Nigeria\" \/>\n<meta property=\"og:description\" content=\"Learn about Olodumare&#039;s designs for this year through the If\u00e1 sign revealed at the Oke Itase 2022, world divination of If\u00e1, held at Ile Ife.\" \/>\n<meta property=\"og:url\" content=\"https:\/\/ileawo.com\/en\/oke-itase-world-divination\/oke-itase-2022\/\" \/>\n<meta property=\"og:site_name\" content=\"Il\u00e9 Awo\" \/>\n<meta property=\"article:publisher\" content=\"https:\/\/www.facebook.com\/ifabiyii\" \/>\n<meta property=\"article:modified_time\" content=\"2022-06-05T14:25:44+00:00\" \/>\n<meta property=\"og:image\" content=\"https:\/\/ileawo.com\/wp-content\/uploads\/2022\/06\/oke-itase-2022.jpg\" \/>\n\t<meta property=\"og:image:width\" content=\"1200\" \/>\n\t<meta property=\"og:image:height\" content=\"633\" \/>\n\t<meta property=\"og:image:type\" content=\"image\/jpeg\" \/>\n<meta name=\"twitter:card\" content=\"summary_large_image\" \/>\n<meta name=\"twitter:site\" content=\"@ifabiyii\" \/>\n<!-- \/ Yoast SEO Premium plugin. -->","yoast_head_json":{"title":"Oke Itase 2022 \u2013 World divination 2022 | Il\u00e9 Ife Nigeria - Il\u00e9 Awo","description":"Learn about Olodumare's designs for this year through the If\u00e1 sign revealed at the Oke Itase 2022, world divination of If\u00e1, held at Ile Ife.","robots":{"index":"index","follow":"follow","max-snippet":"max-snippet:-1","max-image-preview":"max-image-preview:large","max-video-preview":"max-video-preview:-1"},"canonical":"https:\/\/ileawo.com\/en\/oke-itase-world-divination\/oke-itase-2022\/","og_locale":"en_US","og_type":"article","og_title":"Oke Itase 2022 \u2013 World divination 2022 | Il\u00e9 Ife Nigeria","og_description":"Learn about Olodumare's designs for this year through the If\u00e1 sign revealed at the Oke Itase 2022, world divination of If\u00e1, held at Ile Ife.","og_url":"https:\/\/ileawo.com\/en\/oke-itase-world-divination\/oke-itase-2022\/","og_site_name":"Il\u00e9 Awo","article_publisher":"https:\/\/www.facebook.com\/ifabiyii","article_modified_time":"2022-06-05T14:25:44+00:00","og_image":[{"width":1200,"height":633,"url":"https:\/\/ileawo.com\/wp-content\/uploads\/2022\/06\/oke-itase-2022.jpg","type":"image\/jpeg"}],"twitter_card":"summary_large_image","twitter_site":"@ifabiyii","schema":{"@context":"https:\/\/schema.org","@graph":[{"@type":"Article","@id":"https:\/\/ileawo.com\/en\/oke-itase-world-divination\/oke-itase-2022\/#article","isPartOf":{"@id":"https:\/\/ileawo.com\/en\/oke-itase-world-divination\/oke-itase-2022\/"},"author":{"name":"If\u00e1b\u00edy\u00ec\u00ed Ak\u00f3d\u00e0","@id":"http:\/\/ileawo.com\/en\/#\/schema\/person\/5b4d3af5a9aa8f02fe88dbeb048ef64a"},"headline":"Oke Itase 2022 \u2013 World divination 2022 | Il\u00e9 Ife Nigeria","datePublished":"2022-05-19T10:16:57+00:00","dateModified":"2022-06-05T14:25:44+00:00","mainEntityOfPage":{"@id":"https:\/\/ileawo.com\/en\/oke-itase-world-divination\/oke-itase-2022\/"},"wordCount":786,"publisher":{"@id":"http:\/\/ileawo.com\/en\/#organization"},"image":{"@id":"https:\/\/ileawo.com\/en\/oke-itase-world-divination\/oke-itase-2022\/#primaryimage"},"thumbnailUrl":"https:\/\/ileawo.com\/wp-content\/uploads\/2022\/06\/oke-itase-2022.jpg","articleSection":["Oke Itase"],"inLanguage":"en-US"},{"@type":"WebPage","@id":"https:\/\/ileawo.com\/en\/oke-itase-world-divination\/oke-itase-2022\/","url":"https:\/\/ileawo.com\/en\/oke-itase-world-divination\/oke-itase-2022\/","name":"Oke Itase 2022 \u2013 World divination 2022 | Il\u00e9 Ife Nigeria - Il\u00e9 Awo","isPartOf":{"@id":"http:\/\/ileawo.com\/en\/#website"},"primaryImageOfPage":{"@id":"https:\/\/ileawo.com\/en\/oke-itase-world-divination\/oke-itase-2022\/#primaryimage"},"image":{"@id":"https:\/\/ileawo.com\/en\/oke-itase-world-divination\/oke-itase-2022\/#primaryimage"},"thumbnailUrl":"https:\/\/ileawo.com\/wp-content\/uploads\/2022\/06\/oke-itase-2022.jpg","datePublished":"2022-05-19T10:16:57+00:00","dateModified":"2022-06-05T14:25:44+00:00","description":"Learn about Olodumare's designs for this year through the If\u00e1 sign revealed at the Oke Itase 2022, world divination of If\u00e1, held at Ile Ife.","breadcrumb":{"@id":"https:\/\/ileawo.com\/en\/oke-itase-world-divination\/oke-itase-2022\/#breadcrumb"},"inLanguage":"en-US","potentialAction":[{"@type":"ReadAction","target":["https:\/\/ileawo.com\/en\/oke-itase-world-divination\/oke-itase-2022\/"]}]},{"@type":"ImageObject","inLanguage":"en-US","@id":"https:\/\/ileawo.com\/en\/oke-itase-world-divination\/oke-itase-2022\/#primaryimage","url":"https:\/\/ileawo.com\/wp-content\/uploads\/2022\/06\/oke-itase-2022.jpg","contentUrl":"https:\/\/ileawo.com\/wp-content\/uploads\/2022\/06\/oke-itase-2022.jpg","width":1200,"height":633,"caption":"Signo del Oke Itase 2022 en primicia en Il\u00e9 Awo"},{"@type":"BreadcrumbList","@id":"https:\/\/ileawo.com\/en\/oke-itase-world-divination\/oke-itase-2022\/#breadcrumb","itemListElement":[{"@type":"ListItem","position":1,"name":"Home","item":"https:\/\/ileawo.com\/en\/"},{"@type":"ListItem","position":2,"name":"Oke Itase","item":"http:\/\/ileawo.com\/en\/oke-itase-world-divination\/"},{"@type":"ListItem","position":3,"name":"Oke Itase 2022 \u2013 World divination 2022 | Il\u00e9 Ife Nigeria"}]},{"@type":"WebSite","@id":"http:\/\/ileawo.com\/en\/#website","url":"http:\/\/ileawo.com\/en\/","name":"Il\u00e9 Awo","description":"","publisher":{"@id":"http:\/\/ileawo.com\/en\/#organization"},"potentialAction":[{"@type":"SearchAction","target":{"@type":"EntryPoint","urlTemplate":"http:\/\/ileawo.com\/en\/?s={search_term_string}"},"query-input":{"@type":"PropertyValueSpecification","valueRequired":true,"valueName":"search_term_string"}}],"inLanguage":"en-US"},{"@type":"Organization","@id":"http:\/\/ileawo.com\/en\/#organization","name":"Il\u00e9 Awo","url":"http:\/\/ileawo.com\/en\/","logo":{"@type":"ImageObject","inLanguage":"en-US","@id":"http:\/\/ileawo.com\/en\/#\/schema\/logo\/image\/","url":"https:\/\/ileawo.com\/wp-content\/uploads\/revslider\/Bienvenido\/Logo-Ile-Awo-20201.png","contentUrl":"https:\/\/ileawo.com\/wp-content\/uploads\/revslider\/Bienvenido\/Logo-Ile-Awo-20201.png","width":500,"height":155,"caption":"Il\u00e9 Awo"},"image":{"@id":"http:\/\/ileawo.com\/en\/#\/schema\/logo\/image\/"},"sameAs":["https:\/\/www.facebook.com\/ifabiyii","https:\/\/x.com\/ifabiyii","https:\/\/www.instagram.com\/ifabiyii_akoda\/"]},{"@type":"Person","@id":"http:\/\/ileawo.com\/en\/#\/schema\/person\/5b4d3af5a9aa8f02fe88dbeb048ef64a","name":"If\u00e1b\u00edy\u00ec\u00ed Ak\u00f3d\u00e0","image":{"@type":"ImageObject","inLanguage":"en-US","@id":"https:\/\/secure.gravatar.com\/avatar\/07530fd5fec1f19247b6ca33a6f419284691fff29c8857d86ea771d943bdba08?s=96&d=mm&r=g","url":"https:\/\/secure.gravatar.com\/avatar\/07530fd5fec1f19247b6ca33a6f419284691fff29c8857d86ea771d943bdba08?s=96&d=mm&r=g","contentUrl":"https:\/\/secure.gravatar.com\/avatar\/07530fd5fec1f19247b6ca33a6f419284691fff29c8857d86ea771d943bdba08?s=96&d=mm&r=g","caption":"If\u00e1b\u00edy\u00ec\u00ed Ak\u00f3d\u00e0"},"sameAs":["https:\/\/ileawo.com\/"]}]}},"_links":{"self":[{"href":"https:\/\/ileawo.com\/en\/wp-json\/wp\/v2\/pages\/6656","targetHints":{"allow":["GET"]}}],"collection":[{"href":"https:\/\/ileawo.com\/en\/wp-json\/wp\/v2\/pages"}],"about":[{"href":"https:\/\/ileawo.com\/en\/wp-json\/wp\/v2\/types\/page"}],"author":[{"embeddable":true,"href":"https:\/\/ileawo.com\/en\/wp-json\/wp\/v2\/users\/1"}],"replies":[{"embeddable":true,"href":"https:\/\/ileawo.com\/en\/wp-json\/wp\/v2\/comments?post=6656"}],"version-history":[{"count":0,"href":"https:\/\/ileawo.com\/en\/wp-json\/wp\/v2\/pages\/6656\/revisions"}],"up":[{"embeddable":true,"href":"https:\/\/ileawo.com\/en\/wp-json\/wp\/v2\/pages\/3637"}],"wp:featuredmedia":[{"embeddable":true,"href":"https:\/\/ileawo.com\/en\/wp-json\/wp\/v2\/media\/7023"}],"wp:attachment":[{"href":"https:\/\/ileawo.com\/en\/wp-json\/wp\/v2\/media?parent=6656"}],"wp:term":[{"taxonomy":"category","embeddable":true,"href":"https:\/\/ileawo.com\/en\/wp-json\/wp\/v2\/categories?post=6656"}],"curies":[{"name":"wp","href":"https:\/\/api.w.org\/{rel}","templated":true}]}}