{"id":6159,"date":"2021-10-05T14:25:16","date_gmt":"2021-10-05T12:25:16","guid":{"rendered":"https:\/\/ileawo.com\/applications\/idasa\/"},"modified":"2022-06-02T16:50:51","modified_gmt":"2022-06-02T14:50:51","slug":"idasa","status":"publish","type":"page","link":"https:\/\/ileawo.com\/en\/applications\/idasa\/","title":{"rendered":"App Idasa"},"content":{"rendered":"<div class=\"wpb-content-wrapper\"><p>[vc_row full_width=&#8221;stretch_row&#8221; content_placement=&#8221;middle&#8221; bg_type=&#8221;bg_color&#8221; el_class=&#8221;contact-row&#8221; bg_color_value=&#8221;#f6f6f6&#8243; css=&#8221;.vc_custom_1633436681795{padding-top: 40px !important;padding-bottom: 40px !important;background-color: #f6f6f6 !important;}&#8221;][vc_column offset=&#8221;vc_col-md-6&#8243;][vc_single_image image=&#8221;5972&#8243; alignment=&#8221;center&#8221; onclick=&#8221;custom_link&#8221; img_link_target=&#8221;_blank&#8221; css=&#8221;.vc_custom_1633436039005{border-radius: 35px !important;}&#8221; link=&#8221;http:\/\/hyperurl.co\/mmd5nd&#8221;][vc_raw_html]JTNDZGl2JTIwc3R5bGUlM0QlMjJ0ZXh0LWFsaWduJTNBJTIwY2VudGVyJTNCJTIyJTNFJTBBJTIwJTIwJTIwJTIwJTNDcCUyMHN0eWxlJTNEJTIybWFyZ2luLWJvdHRvbSUzQSUyMDEwcHglM0Jmb250LXNpemUlM0ElMjAxNHB4JTNCJTIyJTNFQXZhaWxhYmxlJTIwZm9yJTIwbW9iaWxlJTIwYW5kJTIwdGFibGV0JTIwYXQlM0ElM0MlMkZwJTNFJTBBJTIwJTIwJTIwJTIwJTNDcCUzRSUwQSUyMCUyMCUyMCUyMCUyMCUyMCUyMCUyMCUzQ2klMjBzdHlsZSUzRCUyMmNvbG9yJTNBJTIzMDAwMDAwJTNCZm9udC1zaXplJTNBMjBweCUzQnBhZGRpbmclM0ElMjAwJTIwMTBweCUzQiUyMiUyMGNsYXNzJTNEJTIyZmElMjBmYS1hcHBsZSUyMiUzRSUzQyUyRkklM0UlMEElMjAlMjAlMjAlMjAlMjAlMjAlMjAlMjAlM0NpJTIwc3R5bGUlM0QlMjJjb2xvciUzQSUyM2E0Y2EzOSUzQmZvbnQtc2l6ZSUzQTIwcHglM0JwYWRkaW5nJTNBJTIwMCUyMDEwcHglM0IlMjIlMjBjbGFzcyUzRCUyMmZhJTIwZmEtYW5kcm9pZCUyMiUzRSUzQyUyRmklM0UlMEElMjAlMjAlMjAlMjAlM0MlMkZwJTNFJTBBJTNDJTJGZGl2JTNF[\/vc_raw_html][vc_raw_html]JTNDY2VudGVyJTNFJTNDZGl2JTIwaXRlbXNjb3BlJTIwaXRlbXR5cGUlM0QlMjJodHRwJTNBJTJGJTJGc2NoZW1hLm9yZyUyRk1vYmlsZUFwcGxpY2F0aW9uJTIyJTNFJTBBJTIwJTIwJTIwJTIwJTNDbWV0YSUyMGl0ZW1wcm9wJTNEJTIybmFtZSUyMiUyMGNvbnRlbnQlM0QlMjJJZGFzYSUyMiUzRSUwQSUyMCUyMCUyMCUyMCUzQ21ldGElMjBpdGVtcHJvcCUzRCUyMmRlc2NyaXB0aW9uJTIyJTIwY29udGVudCUzRCUyMklkJUMzJUEwcyVDMyVBMSUyMGlzJTIwdGhlJTIwZmlyc3QlMjB0cmFkaXRpb25hbCUyMGFwcCUyMHdpdGglMjBpbmZvcm1hdGlvbiUyMG9uJTIwYWxsJTIwdGhlJTIwT2QlQzMlQjklMjBvZiUyMHRoZSUyMEVlcmluZGlsb2d1biUyQyUyMGJhc2VkJTIwb24lMjB0cmFkaXRpb25hbCUyMCVDMyU5MnIlQzMlQUMlQzUlOUYlQzMlQTAlMjB2ZXJzZXMlMjBmcm9tJTIwT2thbnJhbiUyMHRvJTIwT3BpcmEuJTIyJTNFJTBBJTIwJTIwJTIwJTIwJTNDbWV0YSUyMGl0ZW1wcm9wJTNEJTIyb3BlcmF0aW5nU3lzdGVtJTIyJTIwY29udGVudCUzRCUyMkFuZHJvaWQlMkMlMjBpT1MlMjIlM0UlMEElMjAlMjAlMjAlMjAlM0NtZXRhJTIwaXRlbXByb3AlM0QlMjJhcHBsaWNhdGlvbkNhdGVnb3J5JTIyJTIwY29udGVudCUzRCUyMkVkdWNhdGlvbiUyMiUzRSUwQSUyMCUyMCUyMCUyMCUzQ21ldGElMjBpdGVtcHJvcCUzRCUyMmltYWdlJTIyJTIwY29udGVudCUzRCUyMmh0dHBzJTNBJTJGJTJGaWxlYXdvLmNvbSUyRndwLWNvbnRlbnQlMkZ1cGxvYWRzJTJGMjAyMSUyRjA2JTJGTG9nby1BcHAtSWRhc2EtMzAweDMwMC5wbmclMjIlM0UlMEElMjAlMjAlMjAlMjAlM0NtZXRhJTIwaXRlbXByb3AlM0QlMjJkb3dubG9hZFVybCUyMiUyMGNvbnRlbnQlM0QlMjJodHRwcyUzQSUyRiUyRm9uZWxpbmsudG8lMkZpZGFzYSUyMiUzRSUwQSUyMCUyMCUyMCUyMCUyMCUyMCUyMCUyMCUzQ2RpdiUyMGl0ZW1wcm9wJTNEJTIyb2ZmZXJzJTIyJTIwaXRlbXNjb3BlJTIwaXRlbXR5cGUlM0QlMjJodHRwJTNBJTJGJTJGc2NoZW1hLm9yZyUyRk9mZmVyJTIyJTNFJTBBJTIwJTIwJTIwJTIwJTIwJTIwJTIwJTIwJTIwJTIwJTIwJTIwJTNDbWV0YSUyMGl0ZW1wcm9wJTNEJTIycHJpY2UlMjIlMjBjb250ZW50JTNEJTIyMC4wMCUyMiUzRSUwQSUyMCUyMCUyMCUyMCUyMCUyMCUyMCUyMCUyMCUyMCUyMCUyMCUzQ21ldGElMjBpdGVtcHJvcCUzRCUyMnByaWNlQ3VycmVuY3klMjIlMjBjb250ZW50JTNEJTIyRVVSJTIyJTNFJTBBJTIwJTIwJTIwJTIwJTIwJTIwJTIwJTIwJTIwJTIwJTIwJTIwJTNDbGluayUyMGl0ZW1wcm9wJTNEJTIyYXZhaWxhYmlsaXR5JTIyJTIwaHJlZiUzRCUyMmh0dHAlM0ElMkYlMkZzY2hlbWEub3JnJTJGaW5TdG9jayUyMiUyMCUyRiUzRSUwQSUyMCUyMCUyMCUyMCUyMCUyMCUyMCUyMCUzQyUyRmRpdiUzRSUwQSUyMCUyMCUyMCUyMCUyMCUyMCUyMCUyMCUyMCUyMCUyMCUyMCUzQ2RpdiUyMGl0ZW1wcm9wJTNEJTIyYWdncmVnYXRlUmF0aW5nJTIyJTIwaXRlbXNjb3BlJTNEJTIyJTIyJTIwaXRlbXR5cGUlM0QlMjJodHRwJTNBJTJGJTJGc2NoZW1hLm9yZyUyRkFnZ3JlZ2F0ZVJhdGluZyUyMiUyMCUzRSUwQSUyMCUyMCUyMCUyMCUyMCUyMCUyMCUyMCUyMCUyMCUyMCUyMCUyMCUyMCUyMCUyMCUzQ21ldGElMjBpdGVtcHJvcCUzRCUyMnJhdGluZ1ZhbHVlJTIyJTIwY29udGVudCUzRCUyMjUlMjIlM0UlMEElMjAlMjAlMjAlMjAlMjAlMjAlMjAlMjAlMjAlMjAlMjAlMjAlMjAlMjAlMjAlMjAlM0NtZXRhJTIwaXRlbXByb3AlM0QlMjJyYXRpbmdDb3VudCUyMiUyMGNvbnRlbnQlM0QlMjIzJTIyJTNFJTBBJTIwJTIwJTIwJTIwJTIwJTIwJTIwJTIwJTIwJTIwJTIwJTIwJTIwJTIwJTIwJTIwJTNDZGl2JTIwY2xhc3MlM0QlMjJjdXN0b20tc3RhcnQlMjIlM0UlMEElMjAlMjAlMjAlMjAlMjAlMjAlMjAlMjAlMjAlMjAlMjAlMjAlMjAlMjAlMjAlMjAlMjAlMjAlMjAlMjAlM0NpJTIwY2xhc3MlM0QlMjJmYSUyMGZhLXN0YXIlMjIlMjBzdHlsZSUzRCUyMmNvbG9yJTNBJTIzRkZENzAwJTNCZm9udC1zaXplJTNBMjBweCUzQiUyMiUzRSUzQyUyRmklM0UlMEElMjAlMjAlMjAlMjAlMjAlMjAlMjAlMjAlMjAlMjAlMjAlMjAlMjAlMjAlMjAlMjAlMjAlMjAlMjAlMjAlM0NpJTIwY2xhc3MlM0QlMjJmYSUyMGZhLXN0YXIlMjIlMjBzdHlsZSUzRCUyMmNvbG9yJTNBJTIzRkZENzAwJTNCZm9udC1zaXplJTNBMjBweCUzQiUyMiUzRSUzQyUyRmklM0UlMEElMjAlMjAlMjAlMjAlMjAlMjAlMjAlMjAlMjAlMjAlMjAlMjAlMjAlMjAlMjAlMjAlMjAlMjAlMjAlMjAlM0NpJTIwY2xhc3MlM0QlMjJmYSUyMGZhLXN0YXIlMjIlMjBzdHlsZSUzRCUyMmNvbG9yJTNBJTIzRkZENzAwJTNCZm9udC1zaXplJTNBMjBweCUzQiUyMiUzRSUzQyUyRmklM0UlMEElMjAlMjAlMjAlMjAlMjAlMjAlMjAlMjAlMjAlMjAlMjAlMjAlMjAlMjAlMjAlMjAlMjAlMjAlMjAlMjAlM0NpJTIwY2xhc3MlM0QlMjJmYSUyMGZhLXN0YXIlMjIlMjBzdHlsZSUzRCUyMmNvbG9yJTNBJTIzRkZENzAwJTNCZm9udC1zaXplJTNBMjBweCUzQiUyMiUzRSUzQyUyRmklM0UlMEElMjAlMjAlMjAlMjAlMjAlMjAlMjAlMjAlMjAlMjAlMjAlMjAlMjAlMjAlMjAlMjAlMjAlMjAlMjAlMjAlM0NpJTIwY2xhc3MlM0QlMjJmYSUyMGZhLXN0YXIlMjIlMjBzdHlsZSUzRCUyMmNvbG9yJTNBJTIzRkZENzAwJTNCZm9udC1zaXplJTNBMjBweCUzQiUyMiUzRSUzQyUyRmklM0UlMEElMjAlMjAlMjAlMjAlMjAlMjAlMjAlMjAlMjAlMjAlMjAlMjAlMjAlMjAlMjAlMjAlMjAlMjAlMjAlMjAlM0NwJTIwc3R5bGUlM0QlMjJmb250LXNpemUlM0ExNHB4JTIyJTNFUmV2aWV3JTIwb2YlMjAlM0NzdHJvbmclM0U1JTNDJTJGc3Ryb25nJTNFJTIwaW4lMjBhJTIwdG90YWwlMjBvZiUyMCUzQ3N0cm9uZyUzRTMlM0MlMkZzdHJvbmclM0UlMjByZXZpZXdzJTIwb24lMjZuYnNwJTNCJTI2bmJzcCUzQiUzQ2klMjBjbGFzcyUzRCUyMmZhJTIwZmEtYXBwbGUlMjIlMjBzdHlsZSUzRCUyMmNvbG9yJTNBJTIzMDAwMDAwJTNCZm9udC1zaXplJTNBMjBweCUzQm1hcmdpbi1yaWdodCUzQTBweCUzQiUyMiUzRSUzQyUyRmklM0UlMjZuYnNwJTNCJTI2bmJzcCUzQkFwcGxlJTI2bmJzcCUzQlN0b3JlJTNDJTJGcCUzRSUwQSUyMCUyMCUyMCUyMCUyMCUyMCUyMCUyMCUyMCUyMCUyMCUyMCUyMCUyMCUyMCUyMCUzQyUyRmRpdiUzRSUwQSUyMCUyMCUyMCUyMCUyMCUyMCUyMCUyMCUyMCUyMCUyMCUyMCUzQyUyRmRpdiUzRSUwQSUzQyUyRmRpdiUzRSUzQyUyRmNlbnRlciUzRQ==[\/vc_raw_html][vc_column_text css_animation=&#8221;bounceIn&#8221;]<\/p>\n<p style=\"text-align: center;\"><a class=\"custom-buttons\" href=\"https:\/\/onelink.to\/idasa\">Instalar<\/a><\/p>\n<p>[\/vc_column_text][\/vc_column][vc_column offset=&#8221;vc_col-md-6&#8243;][vc_column_text]Id\u00e0s\u00e1 is the first dynamic app about the traditional Erindilogun signs (divination with a snail), with a version in English and Spanish.<\/p>\n<p>We are pleased to present you the new free Id\u00e0s\u00e1 application, developed by If\u00e1b\u00edy\u00ec\u00ed Ak\u00f3d\u00e0, an exclusive application with information on each of the Traditional Eerindilogun signs, known in the West as divination with snails (cowries), as performed by the Ol\u00f2r\u00ecs\u00e0 Yorubas traditional. With this new app we continue to meet our goal of continuing to offer you the best Ifa applications.<\/p>\n<p>Our intention is that you focus more on learning the keys of traditional practice and that you do it in the most dynamic and intuitive way possible. That is why we have created this unique application in its style, very functional and lighter so that all your available time can be dedicated to the study of Eerindilugun. Just by shaking the phone you can get a sign and, in a few seconds, access its information.[\/vc_column_text][\/vc_column][\/vc_row][vc_row full_width=&#8221;stretch_row&#8221; gap=&#8221;20&#8243; css=&#8221;.vc_custom_1633436695106{padding-top: 30px !important;padding-bottom: 30px !important;}&#8221;][vc_column offset=&#8221;vc_col-md-6&#8243; css=&#8221;.vc_custom_1572275010086{padding-top: 0px !important;padding-bottom: 0px !important;}&#8221;][vc_column_text]<\/p>\n<h3>App images<\/h3>\n<p>[\/vc_column_text][vc_images_carousel images=&#8221;5542,5545,5548,5551,5554&#8243; img_size=&#8221;medium&#8221; onclick=&#8221;link_no&#8221; slides_per_view=&#8221;3&#8243; css=&#8221;.vc_custom_1601407969474{margin-bottom: 0px !important;}&#8221;][\/vc_column][vc_column offset=&#8221;vc_col-md-6&#8243; css=&#8221;.vc_custom_1572274957308{padding-top: 0px !important;}&#8221;][vc_column_text css=&#8221;.vc_custom_1633438712537{margin-top: 0px !important;margin-bottom: 0px !important;}&#8221;]<\/p>\n<h2>Idasa content<\/h2>\n<p>Among the information stands out:<\/p>\n<ul>\n<li>Totally free content.<\/li>\n<li>Shake the phone and take out one of the signs, in just a few seconds you will access the information.<\/li>\n<li>Access the library with all the signs of Eerindilogun.<\/li>\n<li>Version in English and Spanish<\/li>\n<li>Vip area.<\/li>\n<li>Get to know other If\u00e1 apps.<\/li>\n<\/ul>\n<p>[\/vc_column_text][\/vc_column][\/vc_row][vc_row full_width=&#8221;stretch_row&#8221; css=&#8221;.vc_custom_1633443632664{padding-top: 40px !important;padding-bottom: 20px !important;background-color: #f6f6f6 !important;}&#8221;][vc_column][vc_column_text css=&#8221;.vc_custom_1633463306180{margin-bottom: 0px !important;}&#8221;]<\/p>\n<h2 style=\"text-align: center;\">Other Apps<\/h2>\n<p>[\/vc_column_text][\/vc_column][vc_column][vc_masonry_grid post_type=&#8221;page&#8221; max_items=&#8221;3&#8243; orderby=&#8221;rand&#8221; grid_id=&#8221;vc_gid:1654181345801-f763bffb-d1ce-1&#8243; taxonomies=&#8221;2702&#8243;][\/vc_column][\/vc_row][vc_row full_width=&#8221;stretch_row&#8221; content_placement=&#8221;middle&#8221; bg_type=&#8221;bg_color&#8221; bg_override=&#8221;ex-full&#8221; bg_color_value=&#8221;#4e89d5&#8243; el_class=&#8221;banner&#8221; css=&#8221;.vc_custom_1589981626585{background-color: #4e89d5 !important;}&#8221;][vc_column width=&#8221;2\/3&#8243;][vc_column_text el_class=&#8221;banner-text&#8221;]Do you want to know more about Il\u00e9 Awo, the Orishas and the Yoruba religion?[\/vc_column_text][\/vc_column][vc_column width=&#8221;1\/3&#8243;][vc_column_text css_animation=&#8221;bounceIn&#8221;]<\/p>\n<p style=\"text-align: center;\"><a class=\"custom-buttons-alternative\" href=\"\/contacto\/\">Ask us<\/a><\/p>\n<p>[\/vc_column_text][\/vc_column][\/vc_row]<\/p>\n<\/div>"},"excerpt":{"rendered":"<p>[vc_row full_width=&#8221;stretch_row&#8221; content_placement=&#8221;middle&#8221; bg_type=&#8221;bg_color&#8221; el_class=&#8221;contact-row&#8221; bg_color_value=&#8221;#f6f6f6&#8243; css=&#8221;.vc_custom_1633436681795{padding-top: 40px !important;padding-bottom: 40px !important;background-color: #f6f6f6 !important;}&#8221;][vc_column offset=&#8221;vc_col-md-6&#8243;][vc_single_image image=&#8221;5972&#8243; alignment=&#8221;center&#8221; onclick=&#8221;custom_link&#8221; img_link_target=&#8221;_blank&#8221; css=&#8221;.vc_custom_1633436039005{border-radius: 35px !important;}&#8221; link=&#8221;http:\/\/hyperurl.co\/mmd5nd&#8221;][vc_raw_html]JTNDZGl2JTIwc3R5bGUlM0QlMjJ0ZXh0LWFsaWduJTNBJTIwY2VudGVyJTNCJTIyJTNFJTBBJTIwJTIwJTIwJTIwJTNDcCUyMHN0eWxlJTNEJTIybWFyZ2luLWJvdHRvbSUzQSUyMDEwcHglM0Jmb250LXNpemUlM0ElMjAxNHB4JTNCJTIyJTNFQXZhaWxhYmxlJTIwZm9yJTIwbW9iaWxlJTIwYW5kJTIwdGFibGV0JTIwYXQlM0ElM0MlMkZwJTNFJTBBJTIwJTIwJTIwJTIwJTNDcCUzRSUwQSUyMCUyMCUyMCUyMCUyMCUyMCUyMCUyMCUzQ2klMjBzdHlsZSUzRCUyMmNvbG9yJTNBJTIzMDAwMDAwJTNCZm9udC1zaXplJTNBMjBweCUzQnBhZGRpbmclM0ElMjAwJTIwMTBweCUzQiUyMiUyMGNsYXNzJTNEJTIyZmElMjBmYS1hcHBsZSUyMiUzRSUzQyUyRkklM0UlMEElMjAlMjAlMjAlMjAlMjAlMjAlMjAlMjAlM0NpJTIwc3R5bGUlM0QlMjJjb2xvciUzQSUyM2E0Y2EzOSUzQmZvbnQtc2l6ZSUzQTIwcHglM0JwYWRkaW5nJTNBJTIwMCUyMDEwcHglM0IlMjIlMjBjbGFzcyUzRCUyMmZhJTIwZmEtYW5kcm9pZCUyMiUzRSUzQyUyRmklM0UlMEElMjAlMjAlMjAlMjAlM0MlMkZwJTNFJTBBJTNDJTJGZGl2JTNF[\/vc_raw_html][vc_raw_html]JTNDY2VudGVyJTNFJTNDZGl2JTIwaXRlbXNjb3BlJTIwaXRlbXR5cGUlM0QlMjJodHRwJTNBJTJGJTJGc2NoZW1hLm9yZyUyRk1vYmlsZUFwcGxpY2F0aW9uJTIyJTNFJTBBJTIwJTIwJTIwJTIwJTNDbWV0YSUyMGl0ZW1wcm9wJTNEJTIybmFtZSUyMiUyMGNvbnRlbnQlM0QlMjJJZGFzYSUyMiUzRSUwQSUyMCUyMCUyMCUyMCUzQ21ldGElMjBpdGVtcHJvcCUzRCUyMmRlc2NyaXB0aW9uJTIyJTIwY29udGVudCUzRCUyMklkJUMzJUEwcyVDMyVBMSUyMGlzJTIwdGhlJTIwZmlyc3QlMjB0cmFkaXRpb25hbCUyMGFwcCUyMHdpdGglMjBpbmZvcm1hdGlvbiUyMG9uJTIwYWxsJTIwdGhlJTIwT2QlQzMlQjklMjBvZiUyMHRoZSUyMEVlcmluZGlsb2d1biUyQyUyMGJhc2VkJTIwb24lMjB0cmFkaXRpb25hbCUyMCVDMyU5MnIlQzMlQUMlQzUlOUYlQzMlQTAlMjB2ZXJzZXMlMjBmcm9tJTIwT2thbnJhbiUyMHRvJTIwT3BpcmEuJTIyJTNFJTBBJTIwJTIwJTIwJTIwJTNDbWV0YSUyMGl0ZW1wcm9wJTNEJTIyb3BlcmF0aW5nU3lzdGVtJTIyJTIwY29udGVudCUzRCUyMkFuZHJvaWQlMkMlMjBpT1MlMjIlM0UlMEElMjAlMjAlMjAlMjAlM0NtZXRhJTIwaXRlbXByb3AlM0QlMjJhcHBsaWNhdGlvbkNhdGVnb3J5JTIyJTIwY29udGVudCUzRCUyMkVkdWNhdGlvbiUyMiUzRSUwQSUyMCUyMCUyMCUyMCUzQ21ldGElMjBpdGVtcHJvcCUzRCUyMmltYWdlJTIyJTIwY29udGVudCUzRCUyMmh0dHBzJTNBJTJGJTJGaWxlYXdvLmNvbSUyRndwLWNvbnRlbnQlMkZ1cGxvYWRzJTJGMjAyMSUyRjA2JTJGTG9nby1BcHAtSWRhc2EtMzAweDMwMC5wbmclMjIlM0UlMEElMjAlMjAlMjAlMjAlM0NtZXRhJTIwaXRlbXByb3AlM0QlMjJkb3dubG9hZFVybCUyMiUyMGNvbnRlbnQlM0QlMjJodHRwcyUzQSUyRiUyRm9uZWxpbmsudG8lMkZpZGFzYSUyMiUzRSUwQSUyMCUyMCUyMCUyMCUyMCUyMCUyMCUyMCUzQ2RpdiUyMGl0ZW1wcm9wJTNEJTIyb2ZmZXJzJTIyJTIwaXRlbXNjb3BlJTIwaXRlbXR5cGUlM0QlMjJodHRwJTNBJTJGJTJGc2NoZW1hLm9yZyUyRk9mZmVyJTIyJTNFJTBBJTIwJTIwJTIwJTIwJTIwJTIwJTIwJTIwJTIwJTIwJTIwJTIwJTNDbWV0YSUyMGl0ZW1wcm9wJTNEJTIycHJpY2UlMjIlMjBjb250ZW50JTNEJTIyMC4wMCUyMiUzRSUwQSUyMCUyMCUyMCUyMCUyMCUyMCUyMCUyMCUyMCUyMCUyMCUyMCUzQ21ldGElMjBpdGVtcHJvcCUzRCUyMnByaWNlQ3VycmVuY3klMjIlMjBjb250ZW50JTNEJTIyRVVSJTIyJTNFJTBBJTIwJTIwJTIwJTIwJTIwJTIwJTIwJTIwJTIwJTIwJTIwJTIwJTNDbGluayUyMGl0ZW1wcm9wJTNEJTIyYXZhaWxhYmlsaXR5JTIyJTIwaHJlZiUzRCUyMmh0dHAlM0ElMkYlMkZzY2hlbWEub3JnJTJGaW5TdG9jayUyMiUyMCUyRiUzRSUwQSUyMCUyMCUyMCUyMCUyMCUyMCUyMCUyMCUzQyUyRmRpdiUzRSUwQSUyMCUyMCUyMCUyMCUyMCUyMCUyMCUyMCUyMCUyMCUyMCUyMCUzQ2RpdiUyMGl0ZW1wcm9wJTNEJTIyYWdncmVnYXRlUmF0aW5nJTIyJTIwaXRlbXNjb3BlJTNEJTIyJTIyJTIwaXRlbXR5cGUlM0QlMjJodHRwJTNBJTJGJTJGc2NoZW1hLm9yZyUyRkFnZ3JlZ2F0ZVJhdGluZyUyMiUyMCUzRSUwQSUyMCUyMCUyMCUyMCUyMCUyMCUyMCUyMCUyMCUyMCUyMCUyMCUyMCUyMCUyMCUyMCUzQ21ldGElMjBpdGVtcHJvcCUzRCUyMnJhdGluZ1ZhbHVlJTIyJTIwY29udGVudCUzRCUyMjUlMjIlM0UlMEElMjAlMjAlMjAlMjAlMjAlMjAlMjAlMjAlMjAlMjAlMjAlMjAlMjAlMjAlMjAlMjAlM0NtZXRhJTIwaXRlbXByb3AlM0QlMjJyYXRpbmdDb3VudCUyMiUyMGNvbnRlbnQlM0QlMjIzJTIyJTNFJTBBJTIwJTIwJTIwJTIwJTIwJTIwJTIwJTIwJTIwJTIwJTIwJTIwJTIwJTIwJTIwJTIwJTNDZGl2JTIwY2xhc3MlM0QlMjJjdXN0b20tc3RhcnQlMjIlM0UlMEElMjAlMjAlMjAlMjAlMjAlMjAlMjAlMjAlMjAlMjAlMjAlMjAlMjAlMjAlMjAlMjAlMjAlMjAlMjAlMjAlM0NpJTIwY2xhc3MlM0QlMjJmYSUyMGZhLXN0YXIlMjIlMjBzdHlsZSUzRCUyMmNvbG9yJTNBJTIzRkZENzAwJTNCZm9udC1zaXplJTNBMjBweCUzQiUyMiUzRSUzQyUyRmklM0UlMEElMjAlMjAlMjAlMjAlMjAlMjAlMjAlMjAlMjAlMjAlMjAlMjAlMjAlMjAlMjAlMjAlMjAlMjAlMjAlMjAlM0NpJTIwY2xhc3MlM0QlMjJmYSUyMGZhLXN0YXIlMjIlMjBzdHlsZSUzRCUyMmNvbG9yJTNBJTIzRkZENzAwJTNCZm9udC1zaXplJTNBMjBweCUzQiUyMiUzRSUzQyUyRmklM0UlMEElMjAlMjAlMjAlMjAlMjAlMjAlMjAlMjAlMjAlMjAlMjAlMjAlMjAlMjAlMjAlMjAlMjAlMjAlMjAlMjAlM0NpJTIwY2xhc3MlM0QlMjJmYSUyMGZhLXN0YXIlMjIlMjBzdHlsZSUzRCUyMmNvbG9yJTNBJTIzRkZENzAwJTNCZm9udC1zaXplJTNBMjBweCUzQiUyMiUzRSUzQyUyRmklM0UlMEElMjAlMjAlMjAlMjAlMjAlMjAlMjAlMjAlMjAlMjAlMjAlMjAlMjAlMjAlMjAlMjAlMjAlMjAlMjAlMjAlM0NpJTIwY2xhc3MlM0QlMjJmYSUyMGZhLXN0YXIlMjIlMjBzdHlsZSUzRCUyMmNvbG9yJTNBJTIzRkZENzAwJTNCZm9udC1zaXplJTNBMjBweCUzQiUyMiUzRSUzQyUyRmklM0UlMEElMjAlMjAlMjAlMjAlMjAlMjAlMjAlMjAlMjAlMjAlMjAlMjAlMjAlMjAlMjAlMjAlMjAlMjAlMjAlMjAlM0NpJTIwY2xhc3MlM0QlMjJmYSUyMGZhLXN0YXIlMjIlMjBzdHlsZSUzRCUyMmNvbG9yJTNBJTIzRkZENzAwJTNCZm9udC1zaXplJTNBMjBweCUzQiUyMiUzRSUzQyUyRmklM0UlMEElMjAlMjAlMjAlMjAlMjAlMjAlMjAlMjAlMjAlMjAlMjAlMjAlMjAlMjAlMjAlMjAlMjAlMjAlMjAlMjAlM0NwJTIwc3R5bGUlM0QlMjJmb250LXNpemUlM0ExNHB4JTIyJTNFUmV2aWV3JTIwb2YlMjAlM0NzdHJvbmclM0U1JTNDJTJGc3Ryb25nJTNFJTIwaW4lMjBhJTIwdG90YWwlMjBvZiUyMCUzQ3N0cm9uZyUzRTMlM0MlMkZzdHJvbmclM0UlMjByZXZpZXdzJTIwb24lMjZuYnNwJTNCJTI2bmJzcCUzQiUzQ2klMjBjbGFzcyUzRCUyMmZhJTIwZmEtYXBwbGUlMjIlMjBzdHlsZSUzRCUyMmNvbG9yJTNBJTIzMDAwMDAwJTNCZm9udC1zaXplJTNBMjBweCUzQm1hcmdpbi1yaWdodCUzQTBweCUzQiUyMiUzRSUzQyUyRmklM0UlMjZuYnNwJTNCJTI2bmJzcCUzQkFwcGxlJTI2bmJzcCUzQlN0b3JlJTNDJTJGcCUzRSUwQSUyMCUyMCUyMCUyMCUyMCUyMCUyMCUyMCUyMCUyMCUyMCUyMCUyMCUyMCUyMCUyMCUzQyUyRmRpdiUzRSUwQSUyMCUyMCUyMCUyMCUyMCUyMCUyMCUyMCUyMCUyMCUyMCUyMCUzQyUyRmRpdiUzRSUwQSUzQyUyRmRpdiUzRSUzQyUyRmNlbnRlciUzRQ==[\/vc_raw_html][vc_column_text css_animation=&#8221;bounceIn&#8221;] Instalar [\/vc_column_text][\/vc_column][vc_column offset=&#8221;vc_col-md-6&#8243;][vc_column_text]Id\u00e0s\u00e1<span class=\"excerpt-hellip\"> [\u2026]<\/span><\/p>\n","protected":false},"author":1,"featured_media":5972,"parent":3582,"menu_order":0,"comment_status":"closed","ping_status":"closed","template":"","meta":{"footnotes":""},"categories":[2702],"class_list":["post-6159","page","type-page","status-publish","has-post-thumbnail","hentry","category-app-en"],"yoast_head":"<!-- This site is optimized with the Yoast SEO Premium plugin v25.2 (Yoast SEO v27.5) - https:\/\/yoast.com\/product\/yoast-seo-premium-wordpress\/ -->\n<title>Idasa, the new application with information from the Eerindilogun - Il\u00e9 Awo<\/title>\n<meta name=\"description\" content=\"Id\u00e0s\u00e1 is the first app with information on all the Od\u00f9 of the Eerindilogun, based on traditional \u00d2r\u00ec\u015f\u00e0 verses from Okanran to Opira.\" \/>\n<meta name=\"robots\" content=\"index, follow, max-snippet:-1, max-image-preview:large, max-video-preview:-1\" \/>\n<link rel=\"canonical\" href=\"https:\/\/ileawo.com\/en\/applications\/idasa\/\" \/>\n<meta property=\"og:locale\" content=\"en_US\" \/>\n<meta property=\"og:type\" content=\"article\" \/>\n<meta property=\"og:title\" content=\"App Idasa\" \/>\n<meta property=\"og:description\" content=\"Id\u00e0s\u00e1 is the first app with information on all the Od\u00f9 of the Eerindilogun, based on traditional \u00d2r\u00ec\u015f\u00e0 verses from Okanran to Opira.\" \/>\n<meta property=\"og:url\" content=\"https:\/\/ileawo.com\/en\/applications\/idasa\/\" \/>\n<meta property=\"og:site_name\" content=\"Il\u00e9 Awo\" \/>\n<meta property=\"article:publisher\" content=\"https:\/\/www.facebook.com\/ifabiyii\" \/>\n<meta property=\"article:modified_time\" content=\"2022-06-02T14:50:51+00:00\" \/>\n<meta property=\"og:image\" content=\"https:\/\/ileawo.com\/wp-content\/uploads\/2021\/06\/Logo-App-Idasa.png\" \/>\n\t<meta property=\"og:image:width\" content=\"1600\" \/>\n\t<meta property=\"og:image:height\" content=\"1600\" \/>\n\t<meta property=\"og:image:type\" content=\"image\/png\" \/>\n<meta name=\"twitter:card\" content=\"summary_large_image\" \/>\n<meta name=\"twitter:site\" content=\"@ifabiyii\" \/>\n<!-- \/ Yoast SEO Premium plugin. -->","yoast_head_json":{"title":"Idasa, the new application with information from the Eerindilogun - Il\u00e9 Awo","description":"Id\u00e0s\u00e1 is the first app with information on all the Od\u00f9 of the Eerindilogun, based on traditional \u00d2r\u00ec\u015f\u00e0 verses from Okanran to Opira.","robots":{"index":"index","follow":"follow","max-snippet":"max-snippet:-1","max-image-preview":"max-image-preview:large","max-video-preview":"max-video-preview:-1"},"canonical":"https:\/\/ileawo.com\/en\/applications\/idasa\/","og_locale":"en_US","og_type":"article","og_title":"App Idasa","og_description":"Id\u00e0s\u00e1 is the first app with information on all the Od\u00f9 of the Eerindilogun, based on traditional \u00d2r\u00ec\u015f\u00e0 verses from Okanran to Opira.","og_url":"https:\/\/ileawo.com\/en\/applications\/idasa\/","og_site_name":"Il\u00e9 Awo","article_publisher":"https:\/\/www.facebook.com\/ifabiyii","article_modified_time":"2022-06-02T14:50:51+00:00","og_image":[{"width":1600,"height":1600,"url":"https:\/\/ileawo.com\/wp-content\/uploads\/2021\/06\/Logo-App-Idasa.png","type":"image\/png"}],"twitter_card":"summary_large_image","twitter_site":"@ifabiyii","schema":{"@context":"https:\/\/schema.org","@graph":[{"@type":"Article","@id":"https:\/\/ileawo.com\/en\/applications\/idasa\/#article","isPartOf":{"@id":"https:\/\/ileawo.com\/en\/applications\/idasa\/"},"author":{"name":"If\u00e1b\u00edy\u00ec\u00ed Ak\u00f3d\u00e0","@id":"http:\/\/ileawo.com\/en\/#\/schema\/person\/5b4d3af5a9aa8f02fe88dbeb048ef64a"},"headline":"App Idasa","datePublished":"2021-10-05T12:25:16+00:00","dateModified":"2022-06-02T14:50:51+00:00","mainEntityOfPage":{"@id":"https:\/\/ileawo.com\/en\/applications\/idasa\/"},"wordCount":821,"publisher":{"@id":"http:\/\/ileawo.com\/en\/#organization"},"image":{"@id":"https:\/\/ileawo.com\/en\/applications\/idasa\/#primaryimage"},"thumbnailUrl":"https:\/\/ileawo.com\/wp-content\/uploads\/2021\/06\/Logo-App-Idasa.png","articleSection":["App"],"inLanguage":"en-US"},{"@type":"WebPage","@id":"https:\/\/ileawo.com\/en\/applications\/idasa\/","url":"https:\/\/ileawo.com\/en\/applications\/idasa\/","name":"Idasa, the new application with information from the Eerindilogun - Il\u00e9 Awo","isPartOf":{"@id":"http:\/\/ileawo.com\/en\/#website"},"primaryImageOfPage":{"@id":"https:\/\/ileawo.com\/en\/applications\/idasa\/#primaryimage"},"image":{"@id":"https:\/\/ileawo.com\/en\/applications\/idasa\/#primaryimage"},"thumbnailUrl":"https:\/\/ileawo.com\/wp-content\/uploads\/2021\/06\/Logo-App-Idasa.png","datePublished":"2021-10-05T12:25:16+00:00","dateModified":"2022-06-02T14:50:51+00:00","description":"Id\u00e0s\u00e1 is the first app with information on all the Od\u00f9 of the Eerindilogun, based on traditional \u00d2r\u00ec\u015f\u00e0 verses from Okanran to Opira.","breadcrumb":{"@id":"https:\/\/ileawo.com\/en\/applications\/idasa\/#breadcrumb"},"inLanguage":"en-US","potentialAction":[{"@type":"ReadAction","target":["https:\/\/ileawo.com\/en\/applications\/idasa\/"]}]},{"@type":"ImageObject","inLanguage":"en-US","@id":"https:\/\/ileawo.com\/en\/applications\/idasa\/#primaryimage","url":"https:\/\/ileawo.com\/wp-content\/uploads\/2021\/06\/Logo-App-Idasa.png","contentUrl":"https:\/\/ileawo.com\/wp-content\/uploads\/2021\/06\/Logo-App-Idasa.png","width":1600,"height":1600,"caption":"Aplicaci\u00f3n de if\u00e1 Idafa con 256 odu de If\u00e1"},{"@type":"BreadcrumbList","@id":"https:\/\/ileawo.com\/en\/applications\/idasa\/#breadcrumb","itemListElement":[{"@type":"ListItem","position":1,"name":"Home","item":"https:\/\/ileawo.com\/en\/"},{"@type":"ListItem","position":2,"name":"If\u00e1 Applications","item":"http:\/\/ileawo.com\/en\/applications\/"},{"@type":"ListItem","position":3,"name":"App Idasa"}]},{"@type":"WebSite","@id":"http:\/\/ileawo.com\/en\/#website","url":"http:\/\/ileawo.com\/en\/","name":"Il\u00e9 Awo","description":"","publisher":{"@id":"http:\/\/ileawo.com\/en\/#organization"},"potentialAction":[{"@type":"SearchAction","target":{"@type":"EntryPoint","urlTemplate":"http:\/\/ileawo.com\/en\/?s={search_term_string}"},"query-input":{"@type":"PropertyValueSpecification","valueRequired":true,"valueName":"search_term_string"}}],"inLanguage":"en-US"},{"@type":"Organization","@id":"http:\/\/ileawo.com\/en\/#organization","name":"Il\u00e9 Awo","url":"http:\/\/ileawo.com\/en\/","logo":{"@type":"ImageObject","inLanguage":"en-US","@id":"http:\/\/ileawo.com\/en\/#\/schema\/logo\/image\/","url":"https:\/\/ileawo.com\/wp-content\/uploads\/revslider\/Bienvenido\/Logo-Ile-Awo-20201.png","contentUrl":"https:\/\/ileawo.com\/wp-content\/uploads\/revslider\/Bienvenido\/Logo-Ile-Awo-20201.png","width":500,"height":155,"caption":"Il\u00e9 Awo"},"image":{"@id":"http:\/\/ileawo.com\/en\/#\/schema\/logo\/image\/"},"sameAs":["https:\/\/www.facebook.com\/ifabiyii","https:\/\/x.com\/ifabiyii","https:\/\/www.instagram.com\/ifabiyii_akoda\/"]},{"@type":"Person","@id":"http:\/\/ileawo.com\/en\/#\/schema\/person\/5b4d3af5a9aa8f02fe88dbeb048ef64a","name":"If\u00e1b\u00edy\u00ec\u00ed Ak\u00f3d\u00e0","image":{"@type":"ImageObject","inLanguage":"en-US","@id":"https:\/\/secure.gravatar.com\/avatar\/07530fd5fec1f19247b6ca33a6f419284691fff29c8857d86ea771d943bdba08?s=96&d=mm&r=g","url":"https:\/\/secure.gravatar.com\/avatar\/07530fd5fec1f19247b6ca33a6f419284691fff29c8857d86ea771d943bdba08?s=96&d=mm&r=g","contentUrl":"https:\/\/secure.gravatar.com\/avatar\/07530fd5fec1f19247b6ca33a6f419284691fff29c8857d86ea771d943bdba08?s=96&d=mm&r=g","caption":"If\u00e1b\u00edy\u00ec\u00ed Ak\u00f3d\u00e0"},"sameAs":["https:\/\/ileawo.com\/"]}]}},"_links":{"self":[{"href":"https:\/\/ileawo.com\/en\/wp-json\/wp\/v2\/pages\/6159","targetHints":{"allow":["GET"]}}],"collection":[{"href":"https:\/\/ileawo.com\/en\/wp-json\/wp\/v2\/pages"}],"about":[{"href":"https:\/\/ileawo.com\/en\/wp-json\/wp\/v2\/types\/page"}],"author":[{"embeddable":true,"href":"https:\/\/ileawo.com\/en\/wp-json\/wp\/v2\/users\/1"}],"replies":[{"embeddable":true,"href":"https:\/\/ileawo.com\/en\/wp-json\/wp\/v2\/comments?post=6159"}],"version-history":[{"count":0,"href":"https:\/\/ileawo.com\/en\/wp-json\/wp\/v2\/pages\/6159\/revisions"}],"up":[{"embeddable":true,"href":"https:\/\/ileawo.com\/en\/wp-json\/wp\/v2\/pages\/3582"}],"wp:featuredmedia":[{"embeddable":true,"href":"https:\/\/ileawo.com\/en\/wp-json\/wp\/v2\/media\/5972"}],"wp:attachment":[{"href":"https:\/\/ileawo.com\/en\/wp-json\/wp\/v2\/media?parent=6159"}],"wp:term":[{"taxonomy":"category","embeddable":true,"href":"https:\/\/ileawo.com\/en\/wp-json\/wp\/v2\/categories?post=6159"}],"curies":[{"name":"wp","href":"https:\/\/api.w.org\/{rel}","templated":true}]}}