{"id":6114,"date":"2020-09-29T22:09:27","date_gmt":"2020-09-29T20:09:27","guid":{"rendered":"https:\/\/ileawo.com\/applications\/apola-iwori\/"},"modified":"2022-06-02T16:04:37","modified_gmt":"2022-06-02T14:04:37","slug":"apola-iwori","status":"publish","type":"page","link":"https:\/\/ileawo.com\/en\/applications\/apola-iwori\/","title":{"rendered":"App Apola Iwori"},"content":{"rendered":"<div class=\"wpb-content-wrapper\"><p>[vc_row full_width=&#8221;stretch_row&#8221; content_placement=&#8221;middle&#8221; bg_type=&#8221;bg_color&#8221; el_class=&#8221;contact-row&#8221; bg_color_value=&#8221;#f6f6f6&#8243; css=&#8221;.vc_custom_1633372909741{padding-top: 40px !important;padding-bottom: 40px !important;background-color: #f6f6f6 !important;}&#8221;][vc_column offset=&#8221;vc_col-md-6&#8243;][vc_single_image image=&#8221;5539&#8243; alignment=&#8221;center&#8221; onclick=&#8221;custom_link&#8221; img_link_target=&#8221;_blank&#8221; css=&#8221;.vc_custom_1633372882130{border-radius: 35px !important;}&#8221; link=&#8221;http:\/\/hyperurl.co\/mmd5nd&#8221;][vc_raw_html]JTNDZGl2JTIwc3R5bGUlM0QlMjJ0ZXh0LWFsaWduJTNBJTIwY2VudGVyJTNCJTIyJTNFJTBBJTIwJTIwJTIwJTIwJTNDcCUyMHN0eWxlJTNEJTIybWFyZ2luLWJvdHRvbSUzQSUyMDEwcHglM0Jmb250LXNpemUlM0ElMjAxNHB4JTNCJTIyJTNFQXZhaWxhYmxlJTIwZm9yJTIwbW9iaWxlJTIwYW5kJTIwdGFibGV0JTIwaW4lM0ElM0MlMkZwJTNFJTBBJTIwJTIwJTIwJTIwJTNDcCUzRSUwQSUyMCUyMCUyMCUyMCUyMCUyMCUyMCUyMCUzQ2klMjBzdHlsZSUzRCUyMmNvbG9yJTNBJTIzMDAwMDAwJTNCZm9udC1zaXplJTNBMjBweCUzQnBhZGRpbmclM0ElMjAwJTIwMTBweCUzQiUyMiUyMGNsYXNzJTNEJTIyZmElMjBmYS1hcHBsZSUyMiUzRSUzQyUyRmklM0UlMEElMjAlMjAlMjAlMjAlM0MlMkZwJTNFJTBBJTNDJTJGZGl2JTNF[\/vc_raw_html][vc_raw_html]JTNDY2VudGVyJTNFJTNDZGl2JTIwaXRlbXNjb3BlJTIwaXRlbXR5cGUlM0QlMjJodHRwJTNBJTJGJTJGc2NoZW1hLm9yZyUyRk1vYmlsZUFwcGxpY2F0aW9uJTIyJTNFJTBBJTIwJTIwJTIwJTIwJTNDbWV0YSUyMGl0ZW1wcm9wJTNEJTIybmFtZSUyMiUyMGNvbnRlbnQlM0QlMjJBcG9sYSUyMEl3b3JpJTIyJTNFJTBBJTIwJTIwJTIwJTIwJTNDbWV0YSUyMGl0ZW1wcm9wJTNEJTIyZGVzY3JpcHRpb24lMjIlMjBjb250ZW50JTNEJTIyQXBvbGElMjBJd29yaSUyMGlzJTIwdGhlJTIwdGhpcmQlMjBhcHBsaWNhdGlvbiUyMGluJTIwdGhlJTIwQXBvbGElMjBzZXJpZXMlMjB3aXRoJTIwNzUlMjB1bnB1Ymxpc2hlZCUyMElmYSUyMHZlcnNlcyUyMGZyb20lMjBhbGwlMjB0aGUlMjBJd29yaSUyQyUyMGZyb20lMjBJd29yaSUyME9nYmUlMjB0byUyMEl3b3JpJTIwT2Z1bi4lMjIlM0UlMEElMjAlMjAlMjAlMjAlM0NtZXRhJTIwaXRlbXByb3AlM0QlMjJvcGVyYXRpbmdTeXN0ZW0lMjIlMjBjb250ZW50JTNEJTIyQW5kcm9pZCUyQyUyMGlPUyUyMiUzRSUwQSUyMCUyMCUyMCUyMCUzQ21ldGElMjBpdGVtcHJvcCUzRCUyMmFwcGxpY2F0aW9uQ2F0ZWdvcnklMjIlMjBjb250ZW50JTNEJTIyRWR1Y2F0aW9uJTIyJTNFJTBBJTIwJTIwJTIwJTIwJTNDbWV0YSUyMGl0ZW1wcm9wJTNEJTIyaW1hZ2UlMjIlMjBjb250ZW50JTNEJTIyJTJGd3AtY29udGVudCUyRnVwbG9hZHMlMkYyMDIwJTJGMDklMkZMb2dvLUFwb2xhLWl3b3JpLTEwMjQucG5nJTIyJTNFJTBBJTIwJTIwJTIwJTIwJTNDbWV0YSUyMGl0ZW1wcm9wJTNEJTIyZG93bmxvYWRVcmwlMjIlMjBjb250ZW50JTNEJTIyaHR0cHMlM0ElMkYlMkZvbmVsaW5rLnRvJTJGNGg5YnF1JTIyJTNFJTBBJTIwJTIwJTIwJTIwJTIwJTIwJTIwJTIwJTNDZGl2JTIwaXRlbXByb3AlM0QlMjJvZmZlcnMlMjIlMjBpdGVtc2NvcGUlMjBpdGVtdHlwZSUzRCUyMmh0dHAlM0ElMkYlMkZzY2hlbWEub3JnJTJGT2ZmZXIlMjIlM0UlMEElMjAlMjAlMjAlMjAlMjAlMjAlMjAlMjAlMjAlMjAlMjAlMjAlM0NtZXRhJTIwaXRlbXByb3AlM0QlMjJwcmljZSUyMiUyMGNvbnRlbnQlM0QlMjI3NC45OSUyMiUzRSUwQSUyMCUyMCUyMCUyMCUyMCUyMCUyMCUyMCUyMCUyMCUyMCUyMCUzQ21ldGElMjBpdGVtcHJvcCUzRCUyMnByaWNlQ3VycmVuY3klMjIlMjBjb250ZW50JTNEJTIyRVVSJTIyJTNFJTIwJTIwJTIwJTIwJTIwJTIwJTIwJTIwJTIwJTIwJTIwJTIwJTIwJTIwJTBBJTIwJTIwJTIwJTIwJTIwJTIwJTIwJTIwJTIwJTIwJTIwJTIwJTNDbGluayUyMGl0ZW1wcm9wJTNEJTIyYXZhaWxhYmlsaXR5JTIyJTIwaHJlZiUzRCUyMmh0dHAlM0ElMkYlMkZzY2hlbWEub3JnJTJGaW5TdG9jayUyMiUyMCUyRiUzRSUwQSUyMCUyMCUyMCUyMCUyMCUyMCUyMCUyMCUzQyUyRmRpdiUzRSUwQSUyMCUyMCUyMCUyMCUyMCUyMCUyMCUyMCUyMCUyMCUyMCUyMCUzQ2RpdiUyMGl0ZW1wcm9wJTNEJTIyYWdncmVnYXRlUmF0aW5nJTIyJTIwaXRlbXNjb3BlJTNEJTIyJTIyJTIwaXRlbXR5cGUlM0QlMjJodHRwJTNBJTJGJTJGc2NoZW1hLm9yZyUyRkFnZ3JlZ2F0ZVJhdGluZyUyMiUyMCUzRSUwQSUyMCUyMCUyMCUyMCUyMCUyMCUyMCUyMCUyMCUyMCUyMCUyMCUyMCUyMCUyMCUyMCUzQ21ldGElMjBpdGVtcHJvcCUzRCUyMnJhdGluZ1ZhbHVlJTIyJTIwY29udGVudCUzRCUyMjUlMjIlM0UlMEElMjAlMjAlMjAlMjAlMjAlMjAlMjAlMjAlMjAlMjAlMjAlMjAlMjAlMjAlMjAlMjAlM0NtZXRhJTIwaXRlbXByb3AlM0QlMjJyYXRpbmdDb3VudCUyMiUyMGNvbnRlbnQlM0QlMjIzJTIyJTNFJTBBJTIwJTIwJTIwJTIwJTIwJTIwJTIwJTIwJTIwJTIwJTIwJTIwJTIwJTIwJTIwJTIwJTNDZGl2JTIwY2xhc3MlM0QlMjJjdXN0b20tc3RhcnQlMjIlM0UlMEElMjAlMjAlMjAlMjAlMjAlMjAlMjAlMjAlMjAlMjAlMjAlMjAlMjAlMjAlMjAlMjAlMjAlMjAlMjAlMjAlM0NpJTIwY2xhc3MlM0QlMjJmYSUyMGZhLXN0YXIlMjIlMjBzdHlsZSUzRCUyMmNvbG9yJTNBJTIzRkZENzAwJTNCZm9udC1zaXplJTNBMjBweCUzQiUyMiUzRSUzQyUyRmklM0UlMEElMjAlMjAlMjAlMjAlMjAlMjAlMjAlMjAlMjAlMjAlMjAlMjAlMjAlMjAlMjAlMjAlMjAlMjAlMjAlMjAlM0NpJTIwY2xhc3MlM0QlMjJmYSUyMGZhLXN0YXIlMjIlMjBzdHlsZSUzRCUyMmNvbG9yJTNBJTIzRkZENzAwJTNCZm9udC1zaXplJTNBMjBweCUzQiUyMiUzRSUzQyUyRmklM0UlMEElMjAlMjAlMjAlMjAlMjAlMjAlMjAlMjAlMjAlMjAlMjAlMjAlMjAlMjAlMjAlMjAlMjAlMjAlMjAlMjAlM0NpJTIwY2xhc3MlM0QlMjJmYSUyMGZhLXN0YXIlMjIlMjBzdHlsZSUzRCUyMmNvbG9yJTNBJTIzRkZENzAwJTNCZm9udC1zaXplJTNBMjBweCUzQiUyMiUzRSUzQyUyRmklM0UlMEElMjAlMjAlMjAlMjAlMjAlMjAlMjAlMjAlMjAlMjAlMjAlMjAlMjAlMjAlMjAlMjAlMjAlMjAlMjAlMjAlM0NpJTIwY2xhc3MlM0QlMjJmYSUyMGZhLXN0YXIlMjIlMjBzdHlsZSUzRCUyMmNvbG9yJTNBJTIzRkZENzAwJTNCZm9udC1zaXplJTNBMjBweCUzQiUyMiUzRSUzQyUyRmklM0UlMEElMjAlMjAlMjAlMjAlMjAlMjAlMjAlMjAlMjAlMjAlMjAlMjAlMjAlMjAlMjAlMjAlMjAlMjAlMjAlMjAlM0NpJTIwY2xhc3MlM0QlMjJmYSUyMGZhLXN0YXIlMjIlMjBzdHlsZSUzRCUyMmNvbG9yJTNBJTIzRkZENzAwJTNCZm9udC1zaXplJTNBMjBweCUzQiUyMiUzRSUzQyUyRmklM0UlMEElMjAlMjAlMjAlMjAlMjAlMjAlMjAlMjAlMjAlMjAlMjAlMjAlMjAlMjAlMjAlMjAlMjAlMjAlMjAlMjAlM0NwJTIwc3R5bGUlM0QlMjJmb250LXNpemUlM0ExNHB4JTIyJTNFUmV2aWV3JTIwb2YlMjAlM0NzdHJvbmclM0U1JTNDJTJGc3Ryb25nJTNFJTIwaW4lMjBhJTIwdG90YWwlMjBvZiUyMCUzQ3N0cm9uZyUzRTMlM0MlMkZzdHJvbmclM0UlMjByZXZpZXdzJTIwb24lMjZuYnNwJTNCJTI2bmJzcCUzQiUzQ2klMjBjbGFzcyUzRCUyMmZhJTIwZmEtYXBwbGUlMjIlMjBzdHlsZSUzRCUyMmNvbG9yJTNBJTIzMDAwMDAwJTNCZm9udC1zaXplJTNBMjBweCUzQm1hcmdpbi1yaWdodCUzQTBweCUzQiUyMiUzRSUzQyUyRmklM0UlMjZuYnNwJTNCJTI2bmJzcCUzQkFwcGxlJTI2bmJzcCUzQlN0b3JlJTNDJTJGcCUzRSUwQSUyMCUyMCUyMCUyMCUyMCUyMCUyMCUyMCUyMCUyMCUyMCUyMCUyMCUyMCUyMCUyMCUzQyUyRmRpdiUzRSUyMCUyMCUyMCUyMCUwQSUyMCUyMCUyMCUyMCUyMCUyMCUyMCUyMCUyMCUyMCUyMCUyMCUzQyUyRmRpdiUzRSUwQSUzQyUyRmRpdiUzRSUzQyUyRmNlbnRlciUzRQ==[\/vc_raw_html][vc_column_text css_animation=&#8221;bounceIn&#8221;]<\/p>\n<p style=\"text-align: center;\"><a class=\"custom-buttons\" href=\"https:\/\/onelink.to\/4h9bqu\">Instalar<\/a><\/p>\n<p>[\/vc_column_text][\/vc_column][vc_column offset=&#8221;vc_col-md-6&#8243;][vc_column_text]We are pleased to present the new If\u00e1 application, Apola Iwori so that you can continue to increase and perfect your knowledge of traditional practice. Apola Iwori is the third application in the Apola series, with which you will have access to new unpublished If\u00e1 verses of the 15 signs of \u00ccw\u00f2r\u00ec accompanied by their audios in Yor\u00f9b\u00e1.<\/p>\n<p>With Apola \u00ccw\u00f2r\u00ec, developed by If\u00e1b\u00edy\u00ec\u00ed Ak\u00f3d\u00e0, you will have access to 75 unpublished If\u00e1 verses compiled after years of learning with recognized traditional awo. From \u00ccw\u00f2r\u00ec Ogb\u00e8 to \u00ccw\u00f2r\u00ec \u00d2f\u00fan, the veracity of all this exclusive information has been verified. In Apola \u00ccw\u00f2r\u00ec you will find verses about <a href=\"https:\/\/ileawo.com\/orishas-yoruba\/orunmila-orula\/\">Orunmila<\/a>, <a href=\"https:\/\/ileawo.com\/orishas-yoruba\/obatala\/\">Obatala<\/a>, <a href=\"https:\/\/ileawo.com\/orishas-yoruba\/ori\/\">Ori<\/a>, Aje, <a href=\"https:\/\/ileawo.com\/orishas-yoruba\/shango\/\">Sango<\/a>, Egungun, Oya or Egbe both for maturity and wealth, prosperity, partner, children or long life.<\/p>\n<p>Each of the verses are accompanied by audios recited by authentic Babalawo Yor\u00f9b\u00e1 speakers, to correct the correct pronunciation of Yor\u00f9b\u00e1 and, in turn, reduce the time needed to memorize all this If\u00e1 information available in the application.<\/p>\n<p>In addition, you will be able to check the progress of your If\u00e1 studies thanks to our tests on traditional practice, with questions related to the verses of the Apola \u00ccw\u00f2r\u00ec.[\/vc_column_text][\/vc_column][\/vc_row][vc_row full_width=&#8221;stretch_row&#8221; gap=&#8221;20&#8243; css=&#8221;.vc_custom_1633372923938{padding-top: 30px !important;padding-bottom: 30px !important;}&#8221;][vc_column offset=&#8221;vc_col-md-6&#8243; css=&#8221;.vc_custom_1572275010086{padding-top: 0px !important;padding-bottom: 0px !important;}&#8221;][vc_column_text]<\/p>\n<h3>App images<\/h3>\n<p>[\/vc_column_text][vc_images_carousel images=&#8221;5542,5545,5548,5551,5554&#8243; img_size=&#8221;medium&#8221; onclick=&#8221;link_no&#8221; slides_per_view=&#8221;3&#8243; css=&#8221;.vc_custom_1601407969474{margin-bottom: 0px !important;}&#8221;][\/vc_column][vc_column offset=&#8221;vc_col-md-6&#8243; css=&#8221;.vc_custom_1572274957308{padding-top: 0px !important;}&#8221;][vc_column_text css=&#8221;.vc_custom_1633373510447{margin-top: 0px !important;margin-bottom: 0px !important;}&#8221;]<\/p>\n<h2>Contents of Apola Iwori<\/h2>\n<p>Among the information highlights:<\/p>\n<ul>\n<li>Five Ifa verses from each of the 15 signs of the Apola Iwori, from Iwori Ogbe to Iwori Ofun.<\/li>\n<li>Audios in Yor\u00f9b\u00e1 of all the verses<\/li>\n<li>Verses in Yor\u00f9b\u00e1 and their translation<\/li>\n<li>Available on iOS: English and Spanish<\/li>\n<li>Verses about Orunmila, Obatala, Aje, Ori, Sango &#8230;<\/li>\n<li>Test to check learning for different levels of knowledge<\/li>\n<li>Exclusive &#8220;VIP Zone&#8221; in which you can receive information previously requested from If\u00e1b\u00edy\u00ec\u00ed Ak\u00f3d\u00e0 with the possibility of customizing the profile and asking questions and comments<\/li>\n<li>Updated information about Oke Itase<\/li>\n<li>More exclusive information<\/li>\n<li>The latest developments in traditional practice<\/li>\n<li>Yoruba Calendar<\/li>\n<li>And much more &#8230;<\/li>\n<\/ul>\n<p>[\/vc_column_text][\/vc_column][\/vc_row][vc_row full_width=&#8221;stretch_row&#8221; css=&#8221;.vc_custom_1633443632664{padding-top: 40px !important;padding-bottom: 20px !important;background-color: #f6f6f6 !important;}&#8221;][vc_column][vc_column_text css=&#8221;.vc_custom_1633448723709{margin-bottom: 0px !important;}&#8221;]<\/p>\n<h2 style=\"text-align: center;\">Other apps<\/h2>\n<p>[\/vc_column_text][\/vc_column][vc_column][vc_masonry_grid post_type=&#8221;page&#8221; max_items=&#8221;3&#8243; orderby=&#8221;rand&#8221; grid_id=&#8221;vc_gid:1654178598282-8fb6da72-9591-3&#8243; taxonomies=&#8221;2702&#8243;][\/vc_column][\/vc_row][vc_row full_width=&#8221;stretch_row&#8221; content_placement=&#8221;middle&#8221; bg_type=&#8221;bg_color&#8221; bg_override=&#8221;ex-full&#8221; bg_color_value=&#8221;#4e89d5&#8243; el_class=&#8221;banner&#8221; css=&#8221;.vc_custom_1589981626585{background-color: #4e89d5 !important;}&#8221;][vc_column width=&#8221;2\/3&#8243;][vc_column_text el_class=&#8221;banner-text&#8221;]Do you want to know more about Il\u00e9 Awo, the Orishas and the Yoruba religion?[\/vc_column_text][\/vc_column][vc_column width=&#8221;1\/3&#8243;][vc_column_text css_animation=&#8221;bounceIn&#8221;]<\/p>\n<p style=\"text-align: center;\"><a class=\"custom-buttons-alternative\" href=\"\/contacto\/\">Ask us<\/a><\/p>\n<p>[\/vc_column_text][\/vc_column][\/vc_row]<\/p>\n<\/div>"},"excerpt":{"rendered":"<p>[vc_row full_width=&#8221;stretch_row&#8221; content_placement=&#8221;middle&#8221; bg_type=&#8221;bg_color&#8221; el_class=&#8221;contact-row&#8221; bg_color_value=&#8221;#f6f6f6&#8243; css=&#8221;.vc_custom_1633372909741{padding-top: 40px !important;padding-bottom: 40px !important;background-color: #f6f6f6 !important;}&#8221;][vc_column offset=&#8221;vc_col-md-6&#8243;][vc_single_image image=&#8221;5539&#8243; alignment=&#8221;center&#8221; onclick=&#8221;custom_link&#8221; img_link_target=&#8221;_blank&#8221; css=&#8221;.vc_custom_1633372882130{border-radius: 35px !important;}&#8221; link=&#8221;http:\/\/hyperurl.co\/mmd5nd&#8221;][vc_raw_html]JTNDZGl2JTIwc3R5bGUlM0QlMjJ0ZXh0LWFsaWduJTNBJTIwY2VudGVyJTNCJTIyJTNFJTBBJTIwJTIwJTIwJTIwJTNDcCUyMHN0eWxlJTNEJTIybWFyZ2luLWJvdHRvbSUzQSUyMDEwcHglM0Jmb250LXNpemUlM0ElMjAxNHB4JTNCJTIyJTNFQXZhaWxhYmxlJTIwZm9yJTIwbW9iaWxlJTIwYW5kJTIwdGFibGV0JTIwaW4lM0ElM0MlMkZwJTNFJTBBJTIwJTIwJTIwJTIwJTNDcCUzRSUwQSUyMCUyMCUyMCUyMCUyMCUyMCUyMCUyMCUzQ2klMjBzdHlsZSUzRCUyMmNvbG9yJTNBJTIzMDAwMDAwJTNCZm9udC1zaXplJTNBMjBweCUzQnBhZGRpbmclM0ElMjAwJTIwMTBweCUzQiUyMiUyMGNsYXNzJTNEJTIyZmElMjBmYS1hcHBsZSUyMiUzRSUzQyUyRmklM0UlMEElMjAlMjAlMjAlMjAlM0MlMkZwJTNFJTBBJTNDJTJGZGl2JTNF[\/vc_raw_html][vc_raw_html]JTNDY2VudGVyJTNFJTNDZGl2JTIwaXRlbXNjb3BlJTIwaXRlbXR5cGUlM0QlMjJodHRwJTNBJTJGJTJGc2NoZW1hLm9yZyUyRk1vYmlsZUFwcGxpY2F0aW9uJTIyJTNFJTBBJTIwJTIwJTIwJTIwJTNDbWV0YSUyMGl0ZW1wcm9wJTNEJTIybmFtZSUyMiUyMGNvbnRlbnQlM0QlMjJBcG9sYSUyMEl3b3JpJTIyJTNFJTBBJTIwJTIwJTIwJTIwJTNDbWV0YSUyMGl0ZW1wcm9wJTNEJTIyZGVzY3JpcHRpb24lMjIlMjBjb250ZW50JTNEJTIyQXBvbGElMjBJd29yaSUyMGlzJTIwdGhlJTIwdGhpcmQlMjBhcHBsaWNhdGlvbiUyMGluJTIwdGhlJTIwQXBvbGElMjBzZXJpZXMlMjB3aXRoJTIwNzUlMjB1bnB1Ymxpc2hlZCUyMElmYSUyMHZlcnNlcyUyMGZyb20lMjBhbGwlMjB0aGUlMjBJd29yaSUyQyUyMGZyb20lMjBJd29yaSUyME9nYmUlMjB0byUyMEl3b3JpJTIwT2Z1bi4lMjIlM0UlMEElMjAlMjAlMjAlMjAlM0NtZXRhJTIwaXRlbXByb3AlM0QlMjJvcGVyYXRpbmdTeXN0ZW0lMjIlMjBjb250ZW50JTNEJTIyQW5kcm9pZCUyQyUyMGlPUyUyMiUzRSUwQSUyMCUyMCUyMCUyMCUzQ21ldGElMjBpdGVtcHJvcCUzRCUyMmFwcGxpY2F0aW9uQ2F0ZWdvcnklMjIlMjBjb250ZW50JTNEJTIyRWR1Y2F0aW9uJTIyJTNFJTBBJTIwJTIwJTIwJTIwJTNDbWV0YSUyMGl0ZW1wcm9wJTNEJTIyaW1hZ2UlMjIlMjBjb250ZW50JTNEJTIyJTJGd3AtY29udGVudCUyRnVwbG9hZHMlMkYyMDIwJTJGMDklMkZMb2dvLUFwb2xhLWl3b3JpLTEwMjQucG5nJTIyJTNFJTBBJTIwJTIwJTIwJTIwJTNDbWV0YSUyMGl0ZW1wcm9wJTNEJTIyZG93bmxvYWRVcmwlMjIlMjBjb250ZW50JTNEJTIyaHR0cHMlM0ElMkYlMkZvbmVsaW5rLnRvJTJGNGg5YnF1JTIyJTNFJTBBJTIwJTIwJTIwJTIwJTIwJTIwJTIwJTIwJTNDZGl2JTIwaXRlbXByb3AlM0QlMjJvZmZlcnMlMjIlMjBpdGVtc2NvcGUlMjBpdGVtdHlwZSUzRCUyMmh0dHAlM0ElMkYlMkZzY2hlbWEub3JnJTJGT2ZmZXIlMjIlM0UlMEElMjAlMjAlMjAlMjAlMjAlMjAlMjAlMjAlMjAlMjAlMjAlMjAlM0NtZXRhJTIwaXRlbXByb3AlM0QlMjJwcmljZSUyMiUyMGNvbnRlbnQlM0QlMjI3NC45OSUyMiUzRSUwQSUyMCUyMCUyMCUyMCUyMCUyMCUyMCUyMCUyMCUyMCUyMCUyMCUzQ21ldGElMjBpdGVtcHJvcCUzRCUyMnByaWNlQ3VycmVuY3klMjIlMjBjb250ZW50JTNEJTIyRVVSJTIyJTNFJTIwJTIwJTIwJTIwJTIwJTIwJTIwJTIwJTIwJTIwJTIwJTIwJTIwJTIwJTBBJTIwJTIwJTIwJTIwJTIwJTIwJTIwJTIwJTIwJTIwJTIwJTIwJTNDbGluayUyMGl0ZW1wcm9wJTNEJTIyYXZhaWxhYmlsaXR5JTIyJTIwaHJlZiUzRCUyMmh0dHAlM0ElMkYlMkZzY2hlbWEub3JnJTJGaW5TdG9jayUyMiUyMCUyRiUzRSUwQSUyMCUyMCUyMCUyMCUyMCUyMCUyMCUyMCUzQyUyRmRpdiUzRSUwQSUyMCUyMCUyMCUyMCUyMCUyMCUyMCUyMCUyMCUyMCUyMCUyMCUzQ2RpdiUyMGl0ZW1wcm9wJTNEJTIyYWdncmVnYXRlUmF0aW5nJTIyJTIwaXRlbXNjb3BlJTNEJTIyJTIyJTIwaXRlbXR5cGUlM0QlMjJodHRwJTNBJTJGJTJGc2NoZW1hLm9yZyUyRkFnZ3JlZ2F0ZVJhdGluZyUyMiUyMCUzRSUwQSUyMCUyMCUyMCUyMCUyMCUyMCUyMCUyMCUyMCUyMCUyMCUyMCUyMCUyMCUyMCUyMCUzQ21ldGElMjBpdGVtcHJvcCUzRCUyMnJhdGluZ1ZhbHVlJTIyJTIwY29udGVudCUzRCUyMjUlMjIlM0UlMEElMjAlMjAlMjAlMjAlMjAlMjAlMjAlMjAlMjAlMjAlMjAlMjAlMjAlMjAlMjAlMjAlM0NtZXRhJTIwaXRlbXByb3AlM0QlMjJyYXRpbmdDb3VudCUyMiUyMGNvbnRlbnQlM0QlMjIzJTIyJTNFJTBBJTIwJTIwJTIwJTIwJTIwJTIwJTIwJTIwJTIwJTIwJTIwJTIwJTIwJTIwJTIwJTIwJTNDZGl2JTIwY2xhc3MlM0QlMjJjdXN0b20tc3RhcnQlMjIlM0UlMEElMjAlMjAlMjAlMjAlMjAlMjAlMjAlMjAlMjAlMjAlMjAlMjAlMjAlMjAlMjAlMjAlMjAlMjAlMjAlMjAlM0NpJTIwY2xhc3MlM0QlMjJmYSUyMGZhLXN0YXIlMjIlMjBzdHlsZSUzRCUyMmNvbG9yJTNBJTIzRkZENzAwJTNCZm9udC1zaXplJTNBMjBweCUzQiUyMiUzRSUzQyUyRmklM0UlMEElMjAlMjAlMjAlMjAlMjAlMjAlMjAlMjAlMjAlMjAlMjAlMjAlMjAlMjAlMjAlMjAlMjAlMjAlMjAlMjAlM0NpJTIwY2xhc3MlM0QlMjJmYSUyMGZhLXN0YXIlMjIlMjBzdHlsZSUzRCUyMmNvbG9yJTNBJTIzRkZENzAwJTNCZm9udC1zaXplJTNBMjBweCUzQiUyMiUzRSUzQyUyRmklM0UlMEElMjAlMjAlMjAlMjAlMjAlMjAlMjAlMjAlMjAlMjAlMjAlMjAlMjAlMjAlMjAlMjAlMjAlMjAlMjAlMjAlM0NpJTIwY2xhc3MlM0QlMjJmYSUyMGZhLXN0YXIlMjIlMjBzdHlsZSUzRCUyMmNvbG9yJTNBJTIzRkZENzAwJTNCZm9udC1zaXplJTNBMjBweCUzQiUyMiUzRSUzQyUyRmklM0UlMEElMjAlMjAlMjAlMjAlMjAlMjAlMjAlMjAlMjAlMjAlMjAlMjAlMjAlMjAlMjAlMjAlMjAlMjAlMjAlMjAlM0NpJTIwY2xhc3MlM0QlMjJmYSUyMGZhLXN0YXIlMjIlMjBzdHlsZSUzRCUyMmNvbG9yJTNBJTIzRkZENzAwJTNCZm9udC1zaXplJTNBMjBweCUzQiUyMiUzRSUzQyUyRmklM0UlMEElMjAlMjAlMjAlMjAlMjAlMjAlMjAlMjAlMjAlMjAlMjAlMjAlMjAlMjAlMjAlMjAlMjAlMjAlMjAlMjAlM0NpJTIwY2xhc3MlM0QlMjJmYSUyMGZhLXN0YXIlMjIlMjBzdHlsZSUzRCUyMmNvbG9yJTNBJTIzRkZENzAwJTNCZm9udC1zaXplJTNBMjBweCUzQiUyMiUzRSUzQyUyRmklM0UlMEElMjAlMjAlMjAlMjAlMjAlMjAlMjAlMjAlMjAlMjAlMjAlMjAlMjAlMjAlMjAlMjAlMjAlMjAlMjAlMjAlM0NwJTIwc3R5bGUlM0QlMjJmb250LXNpemUlM0ExNHB4JTIyJTNFUmV2aWV3JTIwb2YlMjAlM0NzdHJvbmclM0U1JTNDJTJGc3Ryb25nJTNFJTIwaW4lMjBhJTIwdG90YWwlMjBvZiUyMCUzQ3N0cm9uZyUzRTMlM0MlMkZzdHJvbmclM0UlMjByZXZpZXdzJTIwb24lMjZuYnNwJTNCJTI2bmJzcCUzQiUzQ2klMjBjbGFzcyUzRCUyMmZhJTIwZmEtYXBwbGUlMjIlMjBzdHlsZSUzRCUyMmNvbG9yJTNBJTIzMDAwMDAwJTNCZm9udC1zaXplJTNBMjBweCUzQm1hcmdpbi1yaWdodCUzQTBweCUzQiUyMiUzRSUzQyUyRmklM0UlMjZuYnNwJTNCJTI2bmJzcCUzQkFwcGxlJTI2bmJzcCUzQlN0b3JlJTNDJTJGcCUzRSUwQSUyMCUyMCUyMCUyMCUyMCUyMCUyMCUyMCUyMCUyMCUyMCUyMCUyMCUyMCUyMCUyMCUzQyUyRmRpdiUzRSUyMCUyMCUyMCUyMCUwQSUyMCUyMCUyMCUyMCUyMCUyMCUyMCUyMCUyMCUyMCUyMCUyMCUzQyUyRmRpdiUzRSUwQSUzQyUyRmRpdiUzRSUzQyUyRmNlbnRlciUzRQ==[\/vc_raw_html][vc_column_text css_animation=&#8221;bounceIn&#8221;] Instalar [\/vc_column_text][\/vc_column][vc_column offset=&#8221;vc_col-md-6&#8243;][vc_column_text]We<span class=\"excerpt-hellip\"> [\u2026]<\/span><\/p>\n","protected":false},"author":2,"featured_media":5539,"parent":3582,"menu_order":0,"comment_status":"closed","ping_status":"closed","template":"","meta":{"footnotes":""},"categories":[2702],"class_list":["post-6114","page","type-page","status-publish","has-post-thumbnail","hentry","category-app-en"],"yoast_head":"<!-- This site is optimized with the Yoast SEO Premium plugin v25.2 (Yoast SEO v27.4) - https:\/\/yoast.com\/product\/yoast-seo-premium-wordpress\/ -->\n<title>Apola Iwori, new app with 75 If\u00e1 verses and exclusive audios in Yoruba<\/title>\n<meta name=\"description\" content=\"Keep increasing your knowledge of the traditional practice of If\u00e1 with Apola Iwori, the third application in the Apola series\" \/>\n<meta name=\"robots\" content=\"index, follow, max-snippet:-1, max-image-preview:large, max-video-preview:-1\" \/>\n<link rel=\"canonical\" href=\"https:\/\/ileawo.com\/en\/applications\/apola-iwori\/\" \/>\n<meta property=\"og:locale\" content=\"en_US\" \/>\n<meta property=\"og:type\" content=\"article\" \/>\n<meta property=\"og:title\" content=\"App Apola Iwori\" \/>\n<meta property=\"og:description\" content=\"Keep increasing your knowledge of the traditional practice of If\u00e1 with Apola Iwori, the third application in the Apola series\" \/>\n<meta property=\"og:url\" content=\"https:\/\/ileawo.com\/en\/applications\/apola-iwori\/\" \/>\n<meta property=\"og:site_name\" content=\"Il\u00e9 Awo\" \/>\n<meta property=\"article:publisher\" content=\"https:\/\/www.facebook.com\/ifabiyii\" \/>\n<meta property=\"article:modified_time\" content=\"2022-06-02T14:04:37+00:00\" \/>\n<meta property=\"og:image\" content=\"https:\/\/ileawo.com\/wp-content\/uploads\/2020\/09\/Logo-Apola-iwori-1024.png\" \/>\n\t<meta property=\"og:image:width\" content=\"512\" \/>\n\t<meta property=\"og:image:height\" content=\"512\" \/>\n\t<meta property=\"og:image:type\" content=\"image\/png\" \/>\n<meta name=\"twitter:card\" content=\"summary_large_image\" \/>\n<meta name=\"twitter:site\" content=\"@ifabiyii\" \/>\n<!-- \/ Yoast SEO Premium plugin. -->","yoast_head_json":{"title":"Apola Iwori, new app with 75 If\u00e1 verses and exclusive audios in Yoruba","description":"Keep increasing your knowledge of the traditional practice of If\u00e1 with Apola Iwori, the third application in the Apola series","robots":{"index":"index","follow":"follow","max-snippet":"max-snippet:-1","max-image-preview":"max-image-preview:large","max-video-preview":"max-video-preview:-1"},"canonical":"https:\/\/ileawo.com\/en\/applications\/apola-iwori\/","og_locale":"en_US","og_type":"article","og_title":"App Apola Iwori","og_description":"Keep increasing your knowledge of the traditional practice of If\u00e1 with Apola Iwori, the third application in the Apola series","og_url":"https:\/\/ileawo.com\/en\/applications\/apola-iwori\/","og_site_name":"Il\u00e9 Awo","article_publisher":"https:\/\/www.facebook.com\/ifabiyii","article_modified_time":"2022-06-02T14:04:37+00:00","og_image":[{"width":512,"height":512,"url":"https:\/\/ileawo.com\/wp-content\/uploads\/2020\/09\/Logo-Apola-iwori-1024.png","type":"image\/png"}],"twitter_card":"summary_large_image","twitter_site":"@ifabiyii","schema":{"@context":"https:\/\/schema.org","@graph":[{"@type":"Article","@id":"https:\/\/ileawo.com\/en\/applications\/apola-iwori\/#article","isPartOf":{"@id":"https:\/\/ileawo.com\/en\/applications\/apola-iwori\/"},"author":{"name":"IfaKukomi","@id":"http:\/\/ileawo.com\/en\/#\/schema\/person\/6551ef321a3f1f2492e74de8902ec457"},"headline":"App Apola Iwori","datePublished":"2020-09-29T20:09:27+00:00","dateModified":"2022-06-02T14:04:37+00:00","mainEntityOfPage":{"@id":"https:\/\/ileawo.com\/en\/applications\/apola-iwori\/"},"wordCount":926,"publisher":{"@id":"http:\/\/ileawo.com\/en\/#organization"},"image":{"@id":"https:\/\/ileawo.com\/en\/applications\/apola-iwori\/#primaryimage"},"thumbnailUrl":"https:\/\/ileawo.com\/wp-content\/uploads\/2020\/09\/Logo-Apola-iwori-1024.png","articleSection":["App"],"inLanguage":"en-US"},{"@type":"WebPage","@id":"https:\/\/ileawo.com\/en\/applications\/apola-iwori\/","url":"https:\/\/ileawo.com\/en\/applications\/apola-iwori\/","name":"Apola Iwori, new app with 75 If\u00e1 verses and exclusive audios in Yoruba","isPartOf":{"@id":"http:\/\/ileawo.com\/en\/#website"},"primaryImageOfPage":{"@id":"https:\/\/ileawo.com\/en\/applications\/apola-iwori\/#primaryimage"},"image":{"@id":"https:\/\/ileawo.com\/en\/applications\/apola-iwori\/#primaryimage"},"thumbnailUrl":"https:\/\/ileawo.com\/wp-content\/uploads\/2020\/09\/Logo-Apola-iwori-1024.png","datePublished":"2020-09-29T20:09:27+00:00","dateModified":"2022-06-02T14:04:37+00:00","description":"Keep increasing your knowledge of the traditional practice of If\u00e1 with Apola Iwori, the third application in the Apola series","breadcrumb":{"@id":"https:\/\/ileawo.com\/en\/applications\/apola-iwori\/#breadcrumb"},"inLanguage":"en-US","potentialAction":[{"@type":"ReadAction","target":["https:\/\/ileawo.com\/en\/applications\/apola-iwori\/"]}]},{"@type":"ImageObject","inLanguage":"en-US","@id":"https:\/\/ileawo.com\/en\/applications\/apola-iwori\/#primaryimage","url":"https:\/\/ileawo.com\/wp-content\/uploads\/2020\/09\/Logo-Apola-iwori-1024.png","contentUrl":"https:\/\/ileawo.com\/wp-content\/uploads\/2020\/09\/Logo-Apola-iwori-1024.png","width":512,"height":512,"caption":"Apola Iwori, nueva app de If\u00e1"},{"@type":"BreadcrumbList","@id":"https:\/\/ileawo.com\/en\/applications\/apola-iwori\/#breadcrumb","itemListElement":[{"@type":"ListItem","position":1,"name":"Home","item":"https:\/\/ileawo.com\/en\/"},{"@type":"ListItem","position":2,"name":"If\u00e1 Applications","item":"http:\/\/ileawo.com\/en\/applications\/"},{"@type":"ListItem","position":3,"name":"App Apola Iwori"}]},{"@type":"WebSite","@id":"http:\/\/ileawo.com\/en\/#website","url":"http:\/\/ileawo.com\/en\/","name":"Il\u00e9 Awo","description":"","publisher":{"@id":"http:\/\/ileawo.com\/en\/#organization"},"potentialAction":[{"@type":"SearchAction","target":{"@type":"EntryPoint","urlTemplate":"http:\/\/ileawo.com\/en\/?s={search_term_string}"},"query-input":{"@type":"PropertyValueSpecification","valueRequired":true,"valueName":"search_term_string"}}],"inLanguage":"en-US"},{"@type":"Organization","@id":"http:\/\/ileawo.com\/en\/#organization","name":"Il\u00e9 Awo","url":"http:\/\/ileawo.com\/en\/","logo":{"@type":"ImageObject","inLanguage":"en-US","@id":"http:\/\/ileawo.com\/en\/#\/schema\/logo\/image\/","url":"https:\/\/ileawo.com\/wp-content\/uploads\/revslider\/Bienvenido\/Logo-Ile-Awo-20201.png","contentUrl":"https:\/\/ileawo.com\/wp-content\/uploads\/revslider\/Bienvenido\/Logo-Ile-Awo-20201.png","width":500,"height":155,"caption":"Il\u00e9 Awo"},"image":{"@id":"http:\/\/ileawo.com\/en\/#\/schema\/logo\/image\/"},"sameAs":["https:\/\/www.facebook.com\/ifabiyii","https:\/\/x.com\/ifabiyii","https:\/\/www.instagram.com\/ifabiyii_akoda\/"]},{"@type":"Person","@id":"http:\/\/ileawo.com\/en\/#\/schema\/person\/6551ef321a3f1f2492e74de8902ec457","name":"IfaKukomi","image":{"@type":"ImageObject","inLanguage":"en-US","@id":"https:\/\/secure.gravatar.com\/avatar\/6821719b07e5a840c5b47b79991bed276b7eeb398a584d4782719e2ce77c1f3b?s=96&d=mm&r=g","url":"https:\/\/secure.gravatar.com\/avatar\/6821719b07e5a840c5b47b79991bed276b7eeb398a584d4782719e2ce77c1f3b?s=96&d=mm&r=g","contentUrl":"https:\/\/secure.gravatar.com\/avatar\/6821719b07e5a840c5b47b79991bed276b7eeb398a584d4782719e2ce77c1f3b?s=96&d=mm&r=g","caption":"IfaKukomi"}}]}},"_links":{"self":[{"href":"https:\/\/ileawo.com\/en\/wp-json\/wp\/v2\/pages\/6114","targetHints":{"allow":["GET"]}}],"collection":[{"href":"https:\/\/ileawo.com\/en\/wp-json\/wp\/v2\/pages"}],"about":[{"href":"https:\/\/ileawo.com\/en\/wp-json\/wp\/v2\/types\/page"}],"author":[{"embeddable":true,"href":"https:\/\/ileawo.com\/en\/wp-json\/wp\/v2\/users\/2"}],"replies":[{"embeddable":true,"href":"https:\/\/ileawo.com\/en\/wp-json\/wp\/v2\/comments?post=6114"}],"version-history":[{"count":0,"href":"https:\/\/ileawo.com\/en\/wp-json\/wp\/v2\/pages\/6114\/revisions"}],"up":[{"embeddable":true,"href":"https:\/\/ileawo.com\/en\/wp-json\/wp\/v2\/pages\/3582"}],"wp:featuredmedia":[{"embeddable":true,"href":"https:\/\/ileawo.com\/en\/wp-json\/wp\/v2\/media\/5539"}],"wp:attachment":[{"href":"https:\/\/ileawo.com\/en\/wp-json\/wp\/v2\/media?parent=6114"}],"wp:term":[{"taxonomy":"category","embeddable":true,"href":"https:\/\/ileawo.com\/en\/wp-json\/wp\/v2\/categories?post=6114"}],"curies":[{"name":"wp","href":"https:\/\/api.w.org\/{rel}","templated":true}]}}