{"id":6039,"date":"2021-09-16T19:57:34","date_gmt":"2021-09-16T17:57:34","guid":{"rendered":"https:\/\/ileawo.com\/?page_id=6039"},"modified":"2022-06-02T16:34:54","modified_gmt":"2022-06-02T14:34:54","slug":"apola-odi","status":"publish","type":"page","link":"https:\/\/ileawo.com\/en\/applications\/apola-odi\/","title":{"rendered":"App Apola Odi"},"content":{"rendered":"<div class=\"wpb-content-wrapper\"><p>[vc_row full_width=&#8221;stretch_row&#8221; content_placement=&#8221;middle&#8221; bg_type=&#8221;bg_color&#8221; el_class=&#8221;contact-row&#8221; bg_color_value=&#8221;#f6f6f6&#8243; css=&#8221;.vc_custom_1590003876354{padding-top: 20px !important;padding-bottom: 20px !important;background-color: #f6f6f6 !important;}&#8221;][vc_column offset=&#8221;vc_col-md-6&#8243;][vc_single_image image=&#8221;5897&#8243; alignment=&#8221;center&#8221; onclick=&#8221;custom_link&#8221; img_link_target=&#8221;_blank&#8221; css=&#8221;.vc_custom_1633449291406{border-radius: 35px !important;}&#8221; link=&#8221;http:\/\/hyperurl.co\/mmd5nd&#8221;][vc_raw_html]JTNDZGl2JTIwc3R5bGUlM0QlMjJ0ZXh0LWFsaWduJTNBJTIwY2VudGVyJTNCJTIyJTNFJTBBJTIwJTIwJTIwJTIwJTNDcCUyMHN0eWxlJTNEJTIybWFyZ2luLWJvdHRvbSUzQSUyMDEwcHglM0Jmb250LXNpemUlM0ElMjAxNHB4JTNCJTIyJTNFQXZhaWxhYmxlJTIwZm9yJTIwbW9iaWxlJTIwYW5kJTIwdGFibGV0JTIwaW4lM0ElM0MlMkZwJTNFJTBBJTIwJTIwJTIwJTIwJTNDcCUzRSUwQSUyMCUyMCUyMCUyMCUyMCUyMCUyMCUyMCUzQ2klMjBzdHlsZSUzRCUyMmNvbG9yJTNBJTIzMDAwMDAwJTNCZm9udC1zaXplJTNBMjBweCUzQnBhZGRpbmclM0ElMjAwJTIwMTBweCUzQiUyMiUyMGNsYXNzJTNEJTIyZmElMjBmYS1hcHBsZSUyMiUzRSUzQyUyRmklM0UlMEElMjAlMjAlMjAlMjAlM0MlMkZwJTNFJTBBJTNDJTJGZGl2JTNF[\/vc_raw_html][vc_raw_html]JTNDY2VudGVyJTNFJTNDZGl2JTIwaXRlbXNjb3BlJTIwaXRlbXR5cGUlM0QlMjJodHRwJTNBJTJGJTJGc2NoZW1hLm9yZyUyRk1vYmlsZUFwcGxpY2F0aW9uJTIyJTNFJTBBJTIwJTIwJTIwJTIwJTNDbWV0YSUyMGl0ZW1wcm9wJTNEJTIybmFtZSUyMiUyMGNvbnRlbnQlM0QlMjJBcG9sYSUyME9kaSUyMiUzRSUwQSUyMCUyMCUyMCUyMCUzQ21ldGElMjBpdGVtcHJvcCUzRCUyMmRlc2NyaXB0aW9uJTIyJTIwY29udGVudCUzRCUyMktlZXAlMjBpbmNyZWFzaW5nJTIweW91ciUyMGtub3dsZWRnZSUyMG9mJTIwdGhlJTIwdHJhZGl0aW9uYWwlMjBZb3IlQzMlQjliJUMzJUExJTIwcHJhY3RpY2UlMjBvZiUyMElmJUMzJUExJTIwd2l0aCUyMEFwb2xhJTIwT2RpJTJDJTIwdGhlJTIwbmV3JTIwYXBwbGljYXRpb24lMjB3aXRoJTIwNzUlMjB2ZXJzZXMlMjBvZiUyMElmJUMzJUExJTIwYW5kJTIwZXhjbHVzaXZlJTIwYXVkaW9zJTIwcmVjaXRlZCUyMGluJTIwWW9ydWJhLiUyMiUzRSUwQSUyMCUyMCUyMCUyMCUzQ21ldGElMjBpdGVtcHJvcCUzRCUyMm9wZXJhdGluZ1N5c3RlbSUyMiUyMGNvbnRlbnQlM0QlMjJBbmRyb2lkJTJDJTIwaU9TJTIyJTNFJTBBJTIwJTIwJTIwJTIwJTNDbWV0YSUyMGl0ZW1wcm9wJTNEJTIyYXBwbGljYXRpb25DYXRlZ29yeSUyMiUyMGNvbnRlbnQlM0QlMjJFZHVjYXRpb24lMjIlM0UlMEElMjAlMjAlMjAlMjAlM0NtZXRhJTIwaXRlbXByb3AlM0QlMjJpbWFnZSUyMiUyMGNvbnRlbnQlM0QlMjJodHRwcyUzQSUyRiUyRmlsZWF3by5jb20lMkZ3cC1jb250ZW50JTJGdXBsb2FkcyUyRjIwMjElMkYwNiUyRkxvZ28tQXBvbGEtb2RpLnBuZyUyMiUzRSUwQSUyMCUyMCUyMCUyMCUzQ21ldGElMjBpdGVtcHJvcCUzRCUyMmRvd25sb2FkVXJsJTIyJTIwY29udGVudCUzRCUyMmh0dHBzJTNBJTJGJTJGb25lbGluay50byUyRjJ4cTNiNSUyMiUzRSUwQSUyMCUyMCUyMCUyMCUyMCUyMCUyMCUyMCUzQ2RpdiUyMGl0ZW1wcm9wJTNEJTIyb2ZmZXJzJTIyJTIwaXRlbXNjb3BlJTIwaXRlbXR5cGUlM0QlMjJodHRwJTNBJTJGJTJGc2NoZW1hLm9yZyUyRk9mZmVyJTIyJTNFJTBBJTIwJTIwJTIwJTIwJTIwJTIwJTIwJTIwJTIwJTIwJTIwJTIwJTNDbWV0YSUyMGl0ZW1wcm9wJTNEJTIycHJpY2UlMjIlMjBjb250ZW50JTNEJTIyNjkuOTklMjIlM0UlMEElMjAlMjAlMjAlMjAlMjAlMjAlMjAlMjAlMjAlMjAlMjAlMjAlM0NtZXRhJTIwaXRlbXByb3AlM0QlMjJwcmljZUN1cnJlbmN5JTIyJTIwY29udGVudCUzRCUyMkVVUiUyMiUzRSUwQSUyMCUyMCUyMCUyMCUyMCUyMCUyMCUyMCUyMCUyMCUyMCUyMCUzQ2xpbmslMjBpdGVtcHJvcCUzRCUyMmF2YWlsYWJpbGl0eSUyMiUyMGhyZWYlM0QlMjJodHRwJTNBJTJGJTJGc2NoZW1hLm9yZyUyRmluU3RvY2slMjIlMjAlMkYlM0UlMEElMjAlMjAlMjAlMjAlMjAlMjAlMjAlMjAlM0MlMkZkaXYlM0UlMEElMjAlMjAlMjAlMjAlMjAlMjAlMjAlMjAlMjAlMjAlMjAlMjAlM0NkaXYlMjBpdGVtcHJvcCUzRCUyMmFnZ3JlZ2F0ZVJhdGluZyUyMiUyMGl0ZW1zY29wZSUzRCUyMiUyMiUyMGl0ZW10eXBlJTNEJTIyaHR0cCUzQSUyRiUyRnNjaGVtYS5vcmclMkZBZ2dyZWdhdGVSYXRpbmclMjIlMjAlM0UlMEElMjAlMjAlMjAlMjAlMjAlMjAlMjAlMjAlMjAlMjAlMjAlMjAlMjAlMjAlMjAlMjAlM0NtZXRhJTIwaXRlbXByb3AlM0QlMjJyYXRpbmdWYWx1ZSUyMiUyMGNvbnRlbnQlM0QlMjI1JTIyJTNFJTBBJTIwJTIwJTIwJTIwJTIwJTIwJTIwJTIwJTIwJTIwJTIwJTIwJTIwJTIwJTIwJTIwJTNDbWV0YSUyMGl0ZW1wcm9wJTNEJTIycmF0aW5nQ291bnQlMjIlMjBjb250ZW50JTNEJTIyMyUyMiUzRSUwQSUyMCUyMCUyMCUyMCUyMCUyMCUyMCUyMCUyMCUyMCUyMCUyMCUyMCUyMCUyMCUyMCUzQ2RpdiUyMGNsYXNzJTNEJTIyY3VzdG9tLXN0YXJ0JTIyJTNFJTBBJTIwJTIwJTIwJTIwJTIwJTIwJTIwJTIwJTIwJTIwJTIwJTIwJTIwJTIwJTIwJTIwJTIwJTIwJTIwJTIwJTNDaSUyMGNsYXNzJTNEJTIyZmElMjBmYS1zdGFyJTIyJTIwc3R5bGUlM0QlMjJjb2xvciUzQSUyM0ZGRDcwMCUzQmZvbnQtc2l6ZSUzQTIwcHglM0IlMjIlM0UlM0MlMkZpJTNFJTBBJTIwJTIwJTIwJTIwJTIwJTIwJTIwJTIwJTIwJTIwJTIwJTIwJTIwJTIwJTIwJTIwJTIwJTIwJTIwJTIwJTNDaSUyMGNsYXNzJTNEJTIyZmElMjBmYS1zdGFyJTIyJTIwc3R5bGUlM0QlMjJjb2xvciUzQSUyM0ZGRDcwMCUzQmZvbnQtc2l6ZSUzQTIwcHglM0IlMjIlM0UlM0MlMkZpJTNFJTBBJTIwJTIwJTIwJTIwJTIwJTIwJTIwJTIwJTIwJTIwJTIwJTIwJTIwJTIwJTIwJTIwJTIwJTIwJTIwJTIwJTNDaSUyMGNsYXNzJTNEJTIyZmElMjBmYS1zdGFyJTIyJTIwc3R5bGUlM0QlMjJjb2xvciUzQSUyM0ZGRDcwMCUzQmZvbnQtc2l6ZSUzQTIwcHglM0IlMjIlM0UlM0MlMkZpJTNFJTBBJTIwJTIwJTIwJTIwJTIwJTIwJTIwJTIwJTIwJTIwJTIwJTIwJTIwJTIwJTIwJTIwJTIwJTIwJTIwJTIwJTNDaSUyMGNsYXNzJTNEJTIyZmElMjBmYS1zdGFyJTIyJTIwc3R5bGUlM0QlMjJjb2xvciUzQSUyM0ZGRDcwMCUzQmZvbnQtc2l6ZSUzQTIwcHglM0IlMjIlM0UlM0MlMkZpJTNFJTBBJTIwJTIwJTIwJTIwJTIwJTIwJTIwJTIwJTIwJTIwJTIwJTIwJTIwJTIwJTIwJTIwJTIwJTIwJTIwJTIwJTNDaSUyMGNsYXNzJTNEJTIyZmElMjBmYS1zdGFyJTIyJTIwc3R5bGUlM0QlMjJjb2xvciUzQSUyM0ZGRDcwMCUzQmZvbnQtc2l6ZSUzQTIwcHglM0IlMjIlM0UlM0MlMkZpJTNFJTBBJTIwJTIwJTIwJTIwJTIwJTIwJTIwJTIwJTIwJTIwJTIwJTIwJTIwJTIwJTIwJTIwJTIwJTIwJTIwJTIwJTNDcCUyMHN0eWxlJTNEJTIyZm9udC1zaXplJTNBMTRweCUyMiUzRVJldmlldyUyMG9mJTIwJTNDc3Ryb25nJTNFNSUzQyUyRnN0cm9uZyUzRSUyMGluJTIwYSUyMHRvdGFsJTIwb2YlMjAlM0NzdHJvbmclM0UzJTNDJTJGc3Ryb25nJTNFJTIwcmV2aWV3cyUyMG9uJTI2bmJzcCUzQiUyNm5ic3AlM0IlM0NpJTIwY2xhc3MlM0QlMjJmYWIlMjBmYS1hcHBsZSUyMiUyMHN0eWxlJTNEJTIyY29sb3IlM0ElMjMwMDAwMDAlM0Jmb250LXNpemUlM0EyMHB4JTNCbWFyZ2luLXJpZ2h0JTNBMHB4JTNCJTIyJTNFJTNDJTJGaSUzRSUyNm5ic3AlM0IlMjZuYnNwJTNCQXBwbGUlMjZuYnNwJTNCU3RvcmUlM0MlMkZwJTNFJTBBJTIwJTIwJTIwJTIwJTIwJTIwJTIwJTIwJTIwJTIwJTIwJTIwJTIwJTIwJTIwJTIwJTNDJTJGZGl2JTNFJTBBJTIwJTIwJTIwJTIwJTIwJTIwJTIwJTIwJTIwJTIwJTIwJTIwJTNDJTJGZGl2JTNFJTBBJTNDJTJGZGl2JTNFJTNDJTJGY2VudGVyJTNF[\/vc_raw_html][vc_column_text css_animation=&#8221;bounceIn&#8221;]<\/p>\n<p style=\"text-align: center;\"><a class=\"custom-buttons\" href=\"https:\/\/onelink.to\/2xq3b5\">Instalar<\/a><\/p>\n<p>[\/vc_column_text][\/vc_column][vc_column offset=&#8221;vc_col-md-6&#8243;][vc_column_text]We are pleased to present the new If\u00e1 application, Apola \u00d2d\u00ed so that you can continue to increase and perfect your knowledge of traditional practice. Apola \u00d2d\u00ed is the fourth application in the Apola series, with which you will have access to new unpublished If\u00e1 verses of the 15 signs of \u00d2d\u00ed accompanied by their audios in Yor\u00f9b\u00e1.<\/p>\n<p>With Apola \u00d2d\u00ed, developed by If\u00e1b\u00edy\u00ec\u00ed Ak\u00f3d\u00e0, you will have access to 75 unpublished If\u00e1 verses compiled after years of learning with recognized traditional awo. From \u00d2d\u00ed Ogb\u00e8 to \u00d2d\u00ed \u00d2f\u00fan, the veracity of all this exclusive information has been verified. In Apola \u00d2d\u00ed you will find verses about Orunmila, Obatala, Ori, Aje, Sango, Egungun, Ogun or Egbe both for maturity and wealth, prosperity, partner, children or long life.<\/p>\n<p>Each of the verses are accompanied by audios recited by authentic Babalawo Yor\u00f9b\u00e1 speakers, to correct the correct pronunciation of Yor\u00f9b\u00e1 and, in turn, reduce the time needed to memorize all this If\u00e1 information available in the application.<\/p>\n<p>With Apola \u00d2d\u00ed, for the first time, you will also be able to evaluate your knowledge of If\u00e1 thanks to our tests on traditional practice.[\/vc_column_text][\/vc_column][\/vc_row][vc_row full_width=&#8221;stretch_row&#8221; gap=&#8221;20&#8243; css=&#8221;.vc_custom_1613667209208{padding-top: 50px !important;padding-bottom: 60px !important;background-color: #f6f6f6 !important;}&#8221;][vc_column offset=&#8221;vc_col-md-6&#8243; css=&#8221;.vc_custom_1572275010086{padding-top: 0px !important;padding-bottom: 0px !important;}&#8221;][vc_column_text]<\/p>\n<h3>Screenshot of the app<\/h3>\n<p>[\/vc_column_text][vc_images_carousel images=&#8221;1220,1217,1211,1226,1223,1214&#8243; img_size=&#8221;medium&#8221; onclick=&#8221;link_no&#8221; slides_per_view=&#8221;3&#8243; css=&#8221;.vc_custom_1589983288004{margin-bottom: 0px !important;}&#8221;][\/vc_column][vc_column offset=&#8221;vc_col-md-6&#8243; css=&#8221;.vc_custom_1572274957308{padding-top: 0px !important;}&#8221;][vc_column_text css=&#8221;.vc_custom_1633451198264{margin-top: 0px !important;margin-bottom: 0px !important;}&#8221;]<\/p>\n<h2>Content of Apola \u00d2d\u00ed<\/h2>\n<ul>\n<li>Five verses of If\u00e1 from each of the 15 signs of the Apola \u00d2d\u00ed, from \u00d2d\u00ed Ogb\u00e8 to \u00d2d\u00ed \u00d2f\u00fan.<\/li>\n<li>Audios in Yor\u00f9b\u00e1 of all the verses<\/li>\n<li>Verses in Yor\u00f9b\u00e1 and their translation<\/li>\n<li>Version in English and Spanish<\/li>\n<li>Test to check learning for different levels of knowledge<\/li>\n<li>Exclusive &#8220;VIP Zone&#8221; in which you can receive information previously requested from If\u00e1b\u00edy\u00ec\u00ed Ak\u00f3d\u00e0 with the possibility of customizing the profile.<\/li>\n<li>The scoop on Oke Itase<\/li>\n<li>The latest developments in traditional practice<\/li>\n<li>Yor\u00f9b\u00e1 Calendar<\/li>\n<li>And many more things &#8230;<\/li>\n<\/ul>\n<p>[\/vc_column_text][\/vc_column][\/vc_row][vc_row full_width=&#8221;stretch_row&#8221; css=&#8221;.vc_custom_1633443632664{padding-top: 40px !important;padding-bottom: 20px !important;background-color: #f6f6f6 !important;}&#8221;][vc_column][vc_column_text css=&#8221;.vc_custom_1633451391837{margin-bottom: 0px !important;}&#8221;]<\/p>\n<h2 style=\"text-align: center;\">Other apps<\/h2>\n<p>[\/vc_column_text][\/vc_column][vc_column][vc_masonry_grid post_type=&#8221;page&#8221; max_items=&#8221;3&#8243; orderby=&#8221;rand&#8221; grid_id=&#8221;vc_gid:1654179261172-32e718d1-221c-10&#8243; taxonomies=&#8221;2702&#8243;][\/vc_column][\/vc_row][vc_row full_width=&#8221;stretch_row&#8221; content_placement=&#8221;middle&#8221; bg_type=&#8221;bg_color&#8221; bg_override=&#8221;ex-full&#8221; bg_color_value=&#8221;#4e89d5&#8243; el_class=&#8221;banner&#8221; css=&#8221;.vc_custom_1589983398472{background-color: #4e89d5 !important;}&#8221;][vc_column width=&#8221;2\/3&#8243;][vc_column_text el_class=&#8221;banner-text&#8221;]Do you want to know more about Il\u00e9 Awo, Traditional Ifa, the Orisa and the Yoruba religion?[\/vc_column_text][\/vc_column][vc_column width=&#8221;1\/3&#8243;][vc_column_text css_animation=&#8221;bounceIn&#8221;]<\/p>\n<p style=\"text-align: center;\"><a class=\"custom-buttons-alternative\" href=\"https:\/\/ileawo.com\/en\/contact\/\">Ask us<\/a><\/p>\n<p>[\/vc_column_text][\/vc_column][\/vc_row]<\/p>\n<\/div>"},"excerpt":{"rendered":"<p>[vc_row full_width=&#8221;stretch_row&#8221; content_placement=&#8221;middle&#8221; bg_type=&#8221;bg_color&#8221; el_class=&#8221;contact-row&#8221; bg_color_value=&#8221;#f6f6f6&#8243; css=&#8221;.vc_custom_1590003876354{padding-top: 20px !important;padding-bottom: 20px !important;background-color: #f6f6f6 !important;}&#8221;][vc_column offset=&#8221;vc_col-md-6&#8243;][vc_single_image image=&#8221;5897&#8243; alignment=&#8221;center&#8221; onclick=&#8221;custom_link&#8221; img_link_target=&#8221;_blank&#8221; css=&#8221;.vc_custom_1633449291406{border-radius: 35px !important;}&#8221; link=&#8221;http:\/\/hyperurl.co\/mmd5nd&#8221;][vc_raw_html]JTNDZGl2JTIwc3R5bGUlM0QlMjJ0ZXh0LWFsaWduJTNBJTIwY2VudGVyJTNCJTIyJTNFJTBBJTIwJTIwJTIwJTIwJTNDcCUyMHN0eWxlJTNEJTIybWFyZ2luLWJvdHRvbSUzQSUyMDEwcHglM0Jmb250LXNpemUlM0ElMjAxNHB4JTNCJTIyJTNFQXZhaWxhYmxlJTIwZm9yJTIwbW9iaWxlJTIwYW5kJTIwdGFibGV0JTIwaW4lM0ElM0MlMkZwJTNFJTBBJTIwJTIwJTIwJTIwJTNDcCUzRSUwQSUyMCUyMCUyMCUyMCUyMCUyMCUyMCUyMCUzQ2klMjBzdHlsZSUzRCUyMmNvbG9yJTNBJTIzMDAwMDAwJTNCZm9udC1zaXplJTNBMjBweCUzQnBhZGRpbmclM0ElMjAwJTIwMTBweCUzQiUyMiUyMGNsYXNzJTNEJTIyZmElMjBmYS1hcHBsZSUyMiUzRSUzQyUyRmklM0UlMEElMjAlMjAlMjAlMjAlM0MlMkZwJTNFJTBBJTNDJTJGZGl2JTNF[\/vc_raw_html][vc_raw_html]JTNDY2VudGVyJTNFJTNDZGl2JTIwaXRlbXNjb3BlJTIwaXRlbXR5cGUlM0QlMjJodHRwJTNBJTJGJTJGc2NoZW1hLm9yZyUyRk1vYmlsZUFwcGxpY2F0aW9uJTIyJTNFJTBBJTIwJTIwJTIwJTIwJTNDbWV0YSUyMGl0ZW1wcm9wJTNEJTIybmFtZSUyMiUyMGNvbnRlbnQlM0QlMjJBcG9sYSUyME9kaSUyMiUzRSUwQSUyMCUyMCUyMCUyMCUzQ21ldGElMjBpdGVtcHJvcCUzRCUyMmRlc2NyaXB0aW9uJTIyJTIwY29udGVudCUzRCUyMktlZXAlMjBpbmNyZWFzaW5nJTIweW91ciUyMGtub3dsZWRnZSUyMG9mJTIwdGhlJTIwdHJhZGl0aW9uYWwlMjBZb3IlQzMlQjliJUMzJUExJTIwcHJhY3RpY2UlMjBvZiUyMElmJUMzJUExJTIwd2l0aCUyMEFwb2xhJTIwT2RpJTJDJTIwdGhlJTIwbmV3JTIwYXBwbGljYXRpb24lMjB3aXRoJTIwNzUlMjB2ZXJzZXMlMjBvZiUyMElmJUMzJUExJTIwYW5kJTIwZXhjbHVzaXZlJTIwYXVkaW9zJTIwcmVjaXRlZCUyMGluJTIwWW9ydWJhLiUyMiUzRSUwQSUyMCUyMCUyMCUyMCUzQ21ldGElMjBpdGVtcHJvcCUzRCUyMm9wZXJhdGluZ1N5c3RlbSUyMiUyMGNvbnRlbnQlM0QlMjJBbmRyb2lkJTJDJTIwaU9TJTIyJTNFJTBBJTIwJTIwJTIwJTIwJTNDbWV0YSUyMGl0ZW1wcm9wJTNEJTIyYXBwbGljYXRpb25DYXRlZ29yeSUyMiUyMGNvbnRlbnQlM0QlMjJFZHVjYXRpb24lMjIlM0UlMEElMjAlMjAlMjAlMjAlM0NtZXRhJTIwaXRlbXByb3AlM0QlMjJpbWFnZSUyMiUyMGNvbnRlbnQlM0QlMjJodHRwcyUzQSUyRiUyRmlsZWF3by5jb20lMkZ3cC1jb250ZW50JTJGdXBsb2FkcyUyRjIwMjElMkYwNiUyRkxvZ28tQXBvbGEtb2RpLnBuZyUyMiUzRSUwQSUyMCUyMCUyMCUyMCUzQ21ldGElMjBpdGVtcHJvcCUzRCUyMmRvd25sb2FkVXJsJTIyJTIwY29udGVudCUzRCUyMmh0dHBzJTNBJTJGJTJGb25lbGluay50byUyRjJ4cTNiNSUyMiUzRSUwQSUyMCUyMCUyMCUyMCUyMCUyMCUyMCUyMCUzQ2RpdiUyMGl0ZW1wcm9wJTNEJTIyb2ZmZXJzJTIyJTIwaXRlbXNjb3BlJTIwaXRlbXR5cGUlM0QlMjJodHRwJTNBJTJGJTJGc2NoZW1hLm9yZyUyRk9mZmVyJTIyJTNFJTBBJTIwJTIwJTIwJTIwJTIwJTIwJTIwJTIwJTIwJTIwJTIwJTIwJTNDbWV0YSUyMGl0ZW1wcm9wJTNEJTIycHJpY2UlMjIlMjBjb250ZW50JTNEJTIyNjkuOTklMjIlM0UlMEElMjAlMjAlMjAlMjAlMjAlMjAlMjAlMjAlMjAlMjAlMjAlMjAlM0NtZXRhJTIwaXRlbXByb3AlM0QlMjJwcmljZUN1cnJlbmN5JTIyJTIwY29udGVudCUzRCUyMkVVUiUyMiUzRSUwQSUyMCUyMCUyMCUyMCUyMCUyMCUyMCUyMCUyMCUyMCUyMCUyMCUzQ2xpbmslMjBpdGVtcHJvcCUzRCUyMmF2YWlsYWJpbGl0eSUyMiUyMGhyZWYlM0QlMjJodHRwJTNBJTJGJTJGc2NoZW1hLm9yZyUyRmluU3RvY2slMjIlMjAlMkYlM0UlMEElMjAlMjAlMjAlMjAlMjAlMjAlMjAlMjAlM0MlMkZkaXYlM0UlMEElMjAlMjAlMjAlMjAlMjAlMjAlMjAlMjAlMjAlMjAlMjAlMjAlM0NkaXYlMjBpdGVtcHJvcCUzRCUyMmFnZ3JlZ2F0ZVJhdGluZyUyMiUyMGl0ZW1zY29wZSUzRCUyMiUyMiUyMGl0ZW10eXBlJTNEJTIyaHR0cCUzQSUyRiUyRnNjaGVtYS5vcmclMkZBZ2dyZWdhdGVSYXRpbmclMjIlMjAlM0UlMEElMjAlMjAlMjAlMjAlMjAlMjAlMjAlMjAlMjAlMjAlMjAlMjAlMjAlMjAlMjAlMjAlM0NtZXRhJTIwaXRlbXByb3AlM0QlMjJyYXRpbmdWYWx1ZSUyMiUyMGNvbnRlbnQlM0QlMjI1JTIyJTNFJTBBJTIwJTIwJTIwJTIwJTIwJTIwJTIwJTIwJTIwJTIwJTIwJTIwJTIwJTIwJTIwJTIwJTNDbWV0YSUyMGl0ZW1wcm9wJTNEJTIycmF0aW5nQ291bnQlMjIlMjBjb250ZW50JTNEJTIyMyUyMiUzRSUwQSUyMCUyMCUyMCUyMCUyMCUyMCUyMCUyMCUyMCUyMCUyMCUyMCUyMCUyMCUyMCUyMCUzQ2RpdiUyMGNsYXNzJTNEJTIyY3VzdG9tLXN0YXJ0JTIyJTNFJTBBJTIwJTIwJTIwJTIwJTIwJTIwJTIwJTIwJTIwJTIwJTIwJTIwJTIwJTIwJTIwJTIwJTIwJTIwJTIwJTIwJTNDaSUyMGNsYXNzJTNEJTIyZmElMjBmYS1zdGFyJTIyJTIwc3R5bGUlM0QlMjJjb2xvciUzQSUyM0ZGRDcwMCUzQmZvbnQtc2l6ZSUzQTIwcHglM0IlMjIlM0UlM0MlMkZpJTNFJTBBJTIwJTIwJTIwJTIwJTIwJTIwJTIwJTIwJTIwJTIwJTIwJTIwJTIwJTIwJTIwJTIwJTIwJTIwJTIwJTIwJTNDaSUyMGNsYXNzJTNEJTIyZmElMjBmYS1zdGFyJTIyJTIwc3R5bGUlM0QlMjJjb2xvciUzQSUyM0ZGRDcwMCUzQmZvbnQtc2l6ZSUzQTIwcHglM0IlMjIlM0UlM0MlMkZpJTNFJTBBJTIwJTIwJTIwJTIwJTIwJTIwJTIwJTIwJTIwJTIwJTIwJTIwJTIwJTIwJTIwJTIwJTIwJTIwJTIwJTIwJTNDaSUyMGNsYXNzJTNEJTIyZmElMjBmYS1zdGFyJTIyJTIwc3R5bGUlM0QlMjJjb2xvciUzQSUyM0ZGRDcwMCUzQmZvbnQtc2l6ZSUzQTIwcHglM0IlMjIlM0UlM0MlMkZpJTNFJTBBJTIwJTIwJTIwJTIwJTIwJTIwJTIwJTIwJTIwJTIwJTIwJTIwJTIwJTIwJTIwJTIwJTIwJTIwJTIwJTIwJTNDaSUyMGNsYXNzJTNEJTIyZmElMjBmYS1zdGFyJTIyJTIwc3R5bGUlM0QlMjJjb2xvciUzQSUyM0ZGRDcwMCUzQmZvbnQtc2l6ZSUzQTIwcHglM0IlMjIlM0UlM0MlMkZpJTNFJTBBJTIwJTIwJTIwJTIwJTIwJTIwJTIwJTIwJTIwJTIwJTIwJTIwJTIwJTIwJTIwJTIwJTIwJTIwJTIwJTIwJTNDaSUyMGNsYXNzJTNEJTIyZmElMjBmYS1zdGFyJTIyJTIwc3R5bGUlM0QlMjJjb2xvciUzQSUyM0ZGRDcwMCUzQmZvbnQtc2l6ZSUzQTIwcHglM0IlMjIlM0UlM0MlMkZpJTNFJTBBJTIwJTIwJTIwJTIwJTIwJTIwJTIwJTIwJTIwJTIwJTIwJTIwJTIwJTIwJTIwJTIwJTIwJTIwJTIwJTIwJTNDcCUyMHN0eWxlJTNEJTIyZm9udC1zaXplJTNBMTRweCUyMiUzRVJldmlldyUyMG9mJTIwJTNDc3Ryb25nJTNFNSUzQyUyRnN0cm9uZyUzRSUyMGluJTIwYSUyMHRvdGFsJTIwb2YlMjAlM0NzdHJvbmclM0UzJTNDJTJGc3Ryb25nJTNFJTIwcmV2aWV3cyUyMG9uJTI2bmJzcCUzQiUyNm5ic3AlM0IlM0NpJTIwY2xhc3MlM0QlMjJmYWIlMjBmYS1hcHBsZSUyMiUyMHN0eWxlJTNEJTIyY29sb3IlM0ElMjMwMDAwMDAlM0Jmb250LXNpemUlM0EyMHB4JTNCbWFyZ2luLXJpZ2h0JTNBMHB4JTNCJTIyJTNFJTNDJTJGaSUzRSUyNm5ic3AlM0IlMjZuYnNwJTNCQXBwbGUlMjZuYnNwJTNCU3RvcmUlM0MlMkZwJTNFJTBBJTIwJTIwJTIwJTIwJTIwJTIwJTIwJTIwJTIwJTIwJTIwJTIwJTIwJTIwJTIwJTIwJTNDJTJGZGl2JTNFJTBBJTIwJTIwJTIwJTIwJTIwJTIwJTIwJTIwJTIwJTIwJTIwJTIwJTNDJTJGZGl2JTNFJTBBJTNDJTJGZGl2JTNFJTNDJTJGY2VudGVyJTNF[\/vc_raw_html][vc_column_text css_animation=&#8221;bounceIn&#8221;] Instalar [\/vc_column_text][\/vc_column][vc_column offset=&#8221;vc_col-md-6&#8243;][vc_column_text]We<span class=\"excerpt-hellip\"> [\u2026]<\/span><\/p>\n","protected":false},"author":1,"featured_media":5897,"parent":3582,"menu_order":0,"comment_status":"open","ping_status":"closed","template":"","meta":{"footnotes":""},"categories":[2702],"class_list":["post-6039","page","type-page","status-publish","has-post-thumbnail","hentry","category-app-en"],"yoast_head":"<!-- This site is optimized with the Yoast SEO Premium plugin v25.2 (Yoast SEO v27.5) - https:\/\/yoast.com\/product\/yoast-seo-premium-wordpress\/ -->\n<title>Apola Odi, app with If\u00e1 verses and audios of the signs of Odi - Il\u00e9 Awo<\/title>\n<meta name=\"description\" content=\"Increase your knowledge with Apola Odi, the new app with 75 If\u00e1 verses of all the Odi and the audios recited by Babalawo Yorubas.\" \/>\n<meta name=\"robots\" content=\"index, follow, max-snippet:-1, max-image-preview:large, max-video-preview:-1\" \/>\n<link rel=\"canonical\" href=\"https:\/\/ileawo.com\/en\/applications\/apola-odi\/\" \/>\n<meta property=\"og:locale\" content=\"en_US\" \/>\n<meta property=\"og:type\" content=\"article\" \/>\n<meta property=\"og:title\" content=\"App Apola Odi\" \/>\n<meta property=\"og:description\" content=\"Increase your knowledge with Apola Odi, the new app with 75 If\u00e1 verses of all the Odi and the audios recited by Babalawo Yorubas.\" \/>\n<meta property=\"og:url\" content=\"https:\/\/ileawo.com\/en\/applications\/apola-odi\/\" \/>\n<meta property=\"og:site_name\" content=\"Il\u00e9 Awo\" \/>\n<meta property=\"article:publisher\" content=\"https:\/\/www.facebook.com\/ifabiyii\" \/>\n<meta property=\"article:modified_time\" content=\"2022-06-02T14:34:54+00:00\" \/>\n<meta property=\"og:image\" content=\"https:\/\/ileawo.com\/wp-content\/uploads\/2021\/06\/Logo-Apola-odi.png\" \/>\n\t<meta property=\"og:image:width\" content=\"1600\" \/>\n\t<meta property=\"og:image:height\" content=\"1600\" \/>\n\t<meta property=\"og:image:type\" content=\"image\/png\" \/>\n<meta name=\"twitter:card\" content=\"summary_large_image\" \/>\n<meta name=\"twitter:site\" content=\"@ifabiyii\" \/>\n<!-- \/ Yoast SEO Premium plugin. -->","yoast_head_json":{"title":"Apola Odi, app with If\u00e1 verses and audios of the signs of Odi - Il\u00e9 Awo","description":"Increase your knowledge with Apola Odi, the new app with 75 If\u00e1 verses of all the Odi and the audios recited by Babalawo Yorubas.","robots":{"index":"index","follow":"follow","max-snippet":"max-snippet:-1","max-image-preview":"max-image-preview:large","max-video-preview":"max-video-preview:-1"},"canonical":"https:\/\/ileawo.com\/en\/applications\/apola-odi\/","og_locale":"en_US","og_type":"article","og_title":"App Apola Odi","og_description":"Increase your knowledge with Apola Odi, the new app with 75 If\u00e1 verses of all the Odi and the audios recited by Babalawo Yorubas.","og_url":"https:\/\/ileawo.com\/en\/applications\/apola-odi\/","og_site_name":"Il\u00e9 Awo","article_publisher":"https:\/\/www.facebook.com\/ifabiyii","article_modified_time":"2022-06-02T14:34:54+00:00","og_image":[{"width":1600,"height":1600,"url":"https:\/\/ileawo.com\/wp-content\/uploads\/2021\/06\/Logo-Apola-odi.png","type":"image\/png"}],"twitter_card":"summary_large_image","twitter_site":"@ifabiyii","schema":{"@context":"https:\/\/schema.org","@graph":[{"@type":"Article","@id":"https:\/\/ileawo.com\/en\/applications\/apola-odi\/#article","isPartOf":{"@id":"https:\/\/ileawo.com\/en\/applications\/apola-odi\/"},"author":{"name":"If\u00e1b\u00edy\u00ec\u00ed Ak\u00f3d\u00e0","@id":"http:\/\/ileawo.com\/en\/#\/schema\/person\/5b4d3af5a9aa8f02fe88dbeb048ef64a"},"headline":"App Apola Odi","datePublished":"2021-09-16T17:57:34+00:00","dateModified":"2022-06-02T14:34:54+00:00","mainEntityOfPage":{"@id":"https:\/\/ileawo.com\/en\/applications\/apola-odi\/"},"wordCount":924,"commentCount":0,"publisher":{"@id":"http:\/\/ileawo.com\/en\/#organization"},"image":{"@id":"https:\/\/ileawo.com\/en\/applications\/apola-odi\/#primaryimage"},"thumbnailUrl":"https:\/\/ileawo.com\/wp-content\/uploads\/2021\/06\/Logo-Apola-odi.png","articleSection":["App"],"inLanguage":"en-US","potentialAction":[{"@type":"CommentAction","name":"Comment","target":["https:\/\/ileawo.com\/en\/applications\/apola-odi\/#respond"]}]},{"@type":"WebPage","@id":"https:\/\/ileawo.com\/en\/applications\/apola-odi\/","url":"https:\/\/ileawo.com\/en\/applications\/apola-odi\/","name":"Apola Odi, app with If\u00e1 verses and audios of the signs of Odi - Il\u00e9 Awo","isPartOf":{"@id":"http:\/\/ileawo.com\/en\/#website"},"primaryImageOfPage":{"@id":"https:\/\/ileawo.com\/en\/applications\/apola-odi\/#primaryimage"},"image":{"@id":"https:\/\/ileawo.com\/en\/applications\/apola-odi\/#primaryimage"},"thumbnailUrl":"https:\/\/ileawo.com\/wp-content\/uploads\/2021\/06\/Logo-Apola-odi.png","datePublished":"2021-09-16T17:57:34+00:00","dateModified":"2022-06-02T14:34:54+00:00","description":"Increase your knowledge with Apola Odi, the new app with 75 If\u00e1 verses of all the Odi and the audios recited by Babalawo Yorubas.","breadcrumb":{"@id":"https:\/\/ileawo.com\/en\/applications\/apola-odi\/#breadcrumb"},"inLanguage":"en-US","potentialAction":[{"@type":"ReadAction","target":["https:\/\/ileawo.com\/en\/applications\/apola-odi\/"]}]},{"@type":"ImageObject","inLanguage":"en-US","@id":"https:\/\/ileawo.com\/en\/applications\/apola-odi\/#primaryimage","url":"https:\/\/ileawo.com\/wp-content\/uploads\/2021\/06\/Logo-Apola-odi.png","contentUrl":"https:\/\/ileawo.com\/wp-content\/uploads\/2021\/06\/Logo-Apola-odi.png","width":1600,"height":1600,"caption":"Apola Odi, nueva app de If\u00e1"},{"@type":"BreadcrumbList","@id":"https:\/\/ileawo.com\/en\/applications\/apola-odi\/#breadcrumb","itemListElement":[{"@type":"ListItem","position":1,"name":"Home","item":"https:\/\/ileawo.com\/en\/"},{"@type":"ListItem","position":2,"name":"If\u00e1 Applications","item":"http:\/\/ileawo.com\/en\/applications\/"},{"@type":"ListItem","position":3,"name":"App Apola Odi"}]},{"@type":"WebSite","@id":"http:\/\/ileawo.com\/en\/#website","url":"http:\/\/ileawo.com\/en\/","name":"Il\u00e9 Awo","description":"","publisher":{"@id":"http:\/\/ileawo.com\/en\/#organization"},"potentialAction":[{"@type":"SearchAction","target":{"@type":"EntryPoint","urlTemplate":"http:\/\/ileawo.com\/en\/?s={search_term_string}"},"query-input":{"@type":"PropertyValueSpecification","valueRequired":true,"valueName":"search_term_string"}}],"inLanguage":"en-US"},{"@type":"Organization","@id":"http:\/\/ileawo.com\/en\/#organization","name":"Il\u00e9 Awo","url":"http:\/\/ileawo.com\/en\/","logo":{"@type":"ImageObject","inLanguage":"en-US","@id":"http:\/\/ileawo.com\/en\/#\/schema\/logo\/image\/","url":"https:\/\/ileawo.com\/wp-content\/uploads\/revslider\/Bienvenido\/Logo-Ile-Awo-20201.png","contentUrl":"https:\/\/ileawo.com\/wp-content\/uploads\/revslider\/Bienvenido\/Logo-Ile-Awo-20201.png","width":500,"height":155,"caption":"Il\u00e9 Awo"},"image":{"@id":"http:\/\/ileawo.com\/en\/#\/schema\/logo\/image\/"},"sameAs":["https:\/\/www.facebook.com\/ifabiyii","https:\/\/x.com\/ifabiyii","https:\/\/www.instagram.com\/ifabiyii_akoda\/"]},{"@type":"Person","@id":"http:\/\/ileawo.com\/en\/#\/schema\/person\/5b4d3af5a9aa8f02fe88dbeb048ef64a","name":"If\u00e1b\u00edy\u00ec\u00ed Ak\u00f3d\u00e0","image":{"@type":"ImageObject","inLanguage":"en-US","@id":"https:\/\/secure.gravatar.com\/avatar\/07530fd5fec1f19247b6ca33a6f419284691fff29c8857d86ea771d943bdba08?s=96&d=mm&r=g","url":"https:\/\/secure.gravatar.com\/avatar\/07530fd5fec1f19247b6ca33a6f419284691fff29c8857d86ea771d943bdba08?s=96&d=mm&r=g","contentUrl":"https:\/\/secure.gravatar.com\/avatar\/07530fd5fec1f19247b6ca33a6f419284691fff29c8857d86ea771d943bdba08?s=96&d=mm&r=g","caption":"If\u00e1b\u00edy\u00ec\u00ed Ak\u00f3d\u00e0"},"sameAs":["https:\/\/ileawo.com\/"]}]}},"_links":{"self":[{"href":"https:\/\/ileawo.com\/en\/wp-json\/wp\/v2\/pages\/6039","targetHints":{"allow":["GET"]}}],"collection":[{"href":"https:\/\/ileawo.com\/en\/wp-json\/wp\/v2\/pages"}],"about":[{"href":"https:\/\/ileawo.com\/en\/wp-json\/wp\/v2\/types\/page"}],"author":[{"embeddable":true,"href":"https:\/\/ileawo.com\/en\/wp-json\/wp\/v2\/users\/1"}],"replies":[{"embeddable":true,"href":"https:\/\/ileawo.com\/en\/wp-json\/wp\/v2\/comments?post=6039"}],"version-history":[{"count":0,"href":"https:\/\/ileawo.com\/en\/wp-json\/wp\/v2\/pages\/6039\/revisions"}],"up":[{"embeddable":true,"href":"https:\/\/ileawo.com\/en\/wp-json\/wp\/v2\/pages\/3582"}],"wp:featuredmedia":[{"embeddable":true,"href":"https:\/\/ileawo.com\/en\/wp-json\/wp\/v2\/media\/5897"}],"wp:attachment":[{"href":"https:\/\/ileawo.com\/en\/wp-json\/wp\/v2\/media?parent=6039"}],"wp:term":[{"taxonomy":"category","embeddable":true,"href":"https:\/\/ileawo.com\/en\/wp-json\/wp\/v2\/categories?post=6039"}],"curies":[{"name":"wp","href":"https:\/\/api.w.org\/{rel}","templated":true}]}}