{"id":5203,"date":"2020-08-04T19:42:16","date_gmt":"2020-08-04T17:42:16","guid":{"rendered":"https:\/\/ileawo.com\/?page_id=5203"},"modified":"2022-06-02T15:59:33","modified_gmt":"2022-06-02T13:59:33","slug":"apola-oyeku","status":"publish","type":"page","link":"https:\/\/ileawo.com\/en\/applications\/apola-oyeku\/","title":{"rendered":"App Apola Oyeku"},"content":{"rendered":"<div class=\"wpb-content-wrapper\"><p>[vc_row full_width=&#8221;stretch_row&#8221; content_placement=&#8221;middle&#8221; bg_type=&#8221;bg_color&#8221; el_class=&#8221;contact-row&#8221; bg_color_value=&#8221;#f6f6f6&#8243; css=&#8221;.vc_custom_1633372695499{padding-top: 40px !important;padding-bottom: 40px !important;background-color: #f6f6f6 !important;}&#8221;][vc_column offset=&#8221;vc_col-md-6&#8243;][vc_single_image image=&#8221;5144&#8243; alignment=&#8221;center&#8221; onclick=&#8221;custom_link&#8221; img_link_target=&#8221;_blank&#8221; css=&#8221;.vc_custom_1633372667731{border-radius: 35px !important;}&#8221; link=&#8221;http:\/\/hyperurl.co\/mmd5nd&#8221;][vc_raw_html]JTNDZGl2JTIwc3R5bGUlM0QlMjJ0ZXh0LWFsaWduJTNBJTIwY2VudGVyJTNCJTIyJTNFJTBBJTIwJTIwJTIwJTIwJTNDcCUyMHN0eWxlJTNEJTIybWFyZ2luLWJvdHRvbSUzQSUyMDEwcHglM0Jmb250LXNpemUlM0ElMjAxNHB4JTNCJTIyJTNFQXZhaWxhYmxlJTIwZm9yJTIwbW9iaWxlJTIwYW5kJTIwdGFibGV0JTIwaW4lM0ElM0MlMkZwJTNFJTBBJTIwJTIwJTIwJTIwJTNDcCUzRSUwQSUyMCUyMCUyMCUyMCUyMCUyMCUyMCUyMCUzQ2klMjBzdHlsZSUzRCUyMmNvbG9yJTNBJTIzMDAwMDAwJTNCZm9udC1zaXplJTNBMjBweCUzQnBhZGRpbmclM0ElMjAwJTIwMTBweCUzQiUyMiUyMGNsYXNzJTNEJTIyZmElMjBmYS1hcHBsZSUyMiUzRSUzQyUyRmklM0UlMEElMjAlMjAlMjAlMjAlM0MlMkZwJTNFJTBBJTNDJTJGZGl2JTNF[\/vc_raw_html][vc_raw_html]JTNDY2VudGVyJTNFJTNDZGl2JTIwaXRlbXNjb3BlJTIwaXRlbXR5cGUlM0QlMjJodHRwJTNBJTJGJTJGc2NoZW1hLm9yZyUyRk1vYmlsZUFwcGxpY2F0aW9uJTIyJTNFJTBBJTIwJTIwJTIwJTIwJTNDbWV0YSUyMGl0ZW1wcm9wJTNEJTIybmFtZSUyMiUyMGNvbnRlbnQlM0QlMjJBcG9sYSUyME95ZWt1JTIyJTNFJTBBJTIwJTIwJTIwJTIwJTNDbWV0YSUyMGl0ZW1wcm9wJTNEJTIyZGVzY3JpcHRpb24lMjIlMjBjb250ZW50JTNEJTIyQXBvbGElMjBPeWVrdSUyMGlzJTIwdGhlJTIwc2Vjb25kJTIwYXBwbGljYXRpb24lMjBpbiUyMHRoZSUyMEFwb2xhJTIwc2VyaWVzJTIwd2l0aCUyMDc1JTIwdW5wdWJsaXNoZWQlMjBJZiVDMyVBMSUyMHZlcnNlcyUyMGZyb20lMjBhbGwlMjBPeWVrdSUyQyUyMGZyb20lMjBPeWVrdSUyME9nYmUlMjB0byUyME95ZWt1JTIwT2Z1bi4lMjIlM0UlMEElMjAlMjAlMjAlMjAlM0NtZXRhJTIwaXRlbXByb3AlM0QlMjJvcGVyYXRpbmdTeXN0ZW0lMjIlMjBjb250ZW50JTNEJTIyQW5kcm9pZCUyQyUyMGlPUyUyMiUzRSUwQSUyMCUyMCUyMCUyMCUzQ21ldGElMjBpdGVtcHJvcCUzRCUyMmFwcGxpY2F0aW9uQ2F0ZWdvcnklMjIlMjBjb250ZW50JTNEJTIyRWR1Y2F0aW9uJTIyJTNFJTBBJTIwJTIwJTIwJTIwJTNDbWV0YSUyMGl0ZW1wcm9wJTNEJTIyaW1hZ2UlMjIlMjBjb250ZW50JTNEJTIyJTJGd3AtY29udGVudCUyRnVwbG9hZHMlMkYyMDIwJTJGMDglMkZMb2dvLUFwb2xhLU95ZWt1LTUxMi5wbmclMjIlM0UlMEElMjAlMjAlMjAlMjAlM0NtZXRhJTIwaXRlbXByb3AlM0QlMjJkb3dubG9hZFVybCUyMiUyMGNvbnRlbnQlM0QlMjJodHRwcyUzQSUyRiUyRm9uZWxpbmsudG8lMkZqa3Nua2QlMjIlM0UlMEElMjAlMjAlMjAlMjAlMjAlMjAlMjAlMjAlM0NkaXYlMjBpdGVtcHJvcCUzRCUyMm9mZmVycyUyMiUyMGl0ZW1zY29wZSUyMGl0ZW10eXBlJTNEJTIyaHR0cCUzQSUyRiUyRnNjaGVtYS5vcmclMkZPZmZlciUyMiUzRSUwQSUyMCUyMCUyMCUyMCUyMCUyMCUyMCUyMCUyMCUyMCUyMCUyMCUzQ21ldGElMjBpdGVtcHJvcCUzRCUyMnByaWNlJTIyJTIwY29udGVudCUzRCUyMjc0Ljk5JTIyJTNFJTBBJTIwJTIwJTIwJTIwJTIwJTIwJTIwJTIwJTIwJTIwJTIwJTIwJTNDbWV0YSUyMGl0ZW1wcm9wJTNEJTIycHJpY2VDdXJyZW5jeSUyMiUyMGNvbnRlbnQlM0QlMjJFVVIlMjIlM0UlMjAlMjAlMjAlMjAlMjAlMjAlMjAlMjAlMjAlMjAlMjAlMjAlMjAlMjAlMEElMjAlMjAlMjAlMjAlMjAlMjAlMjAlMjAlMjAlMjAlMjAlMjAlM0NsaW5rJTIwaXRlbXByb3AlM0QlMjJhdmFpbGFiaWxpdHklMjIlMjBocmVmJTNEJTIyaHR0cCUzQSUyRiUyRnNjaGVtYS5vcmclMkZpblN0b2NrJTIyJTIwJTJGJTNFJTBBJTIwJTIwJTIwJTIwJTIwJTIwJTIwJTIwJTNDJTJGZGl2JTNFJTBBJTIwJTIwJTIwJTIwJTIwJTIwJTIwJTIwJTIwJTIwJTIwJTIwJTNDZGl2JTIwaXRlbXByb3AlM0QlMjJhZ2dyZWdhdGVSYXRpbmclMjIlMjBpdGVtc2NvcGUlM0QlMjIlMjIlMjBpdGVtdHlwZSUzRCUyMmh0dHAlM0ElMkYlMkZzY2hlbWEub3JnJTJGQWdncmVnYXRlUmF0aW5nJTIyJTIwJTNFJTBBJTIwJTIwJTIwJTIwJTIwJTIwJTIwJTIwJTIwJTIwJTIwJTIwJTIwJTIwJTIwJTIwJTNDbWV0YSUyMGl0ZW1wcm9wJTNEJTIycmF0aW5nVmFsdWUlMjIlMjBjb250ZW50JTNEJTIyNSUyMiUzRSUwQSUyMCUyMCUyMCUyMCUyMCUyMCUyMCUyMCUyMCUyMCUyMCUyMCUyMCUyMCUyMCUyMCUzQ21ldGElMjBpdGVtcHJvcCUzRCUyMnJhdGluZ0NvdW50JTIyJTIwY29udGVudCUzRCUyMjMlMjIlM0UlMEElMjAlMjAlMjAlMjAlMjAlMjAlMjAlMjAlMjAlMjAlMjAlMjAlMjAlMjAlMjAlMjAlM0NkaXYlMjBjbGFzcyUzRCUyMmN1c3RvbS1zdGFydCUyMiUzRSUwQSUyMCUyMCUyMCUyMCUyMCUyMCUyMCUyMCUyMCUyMCUyMCUyMCUyMCUyMCUyMCUyMCUyMCUyMCUyMCUyMCUzQ2klMjBjbGFzcyUzRCUyMmZhJTIwZmEtc3RhciUyMiUyMHN0eWxlJTNEJTIyY29sb3IlM0ElMjNGRkQ3MDAlM0Jmb250LXNpemUlM0EyMHB4JTNCJTIyJTNFJTNDJTJGaSUzRSUwQSUyMCUyMCUyMCUyMCUyMCUyMCUyMCUyMCUyMCUyMCUyMCUyMCUyMCUyMCUyMCUyMCUyMCUyMCUyMCUyMCUzQ2klMjBjbGFzcyUzRCUyMmZhJTIwZmEtc3RhciUyMiUyMHN0eWxlJTNEJTIyY29sb3IlM0ElMjNGRkQ3MDAlM0Jmb250LXNpemUlM0EyMHB4JTNCJTIyJTNFJTNDJTJGaSUzRSUwQSUyMCUyMCUyMCUyMCUyMCUyMCUyMCUyMCUyMCUyMCUyMCUyMCUyMCUyMCUyMCUyMCUyMCUyMCUyMCUyMCUzQ2klMjBjbGFzcyUzRCUyMmZhJTIwZmEtc3RhciUyMiUyMHN0eWxlJTNEJTIyY29sb3IlM0ElMjNGRkQ3MDAlM0Jmb250LXNpemUlM0EyMHB4JTNCJTIyJTNFJTNDJTJGaSUzRSUwQSUyMCUyMCUyMCUyMCUyMCUyMCUyMCUyMCUyMCUyMCUyMCUyMCUyMCUyMCUyMCUyMCUyMCUyMCUyMCUyMCUzQ2klMjBjbGFzcyUzRCUyMmZhJTIwZmEtc3RhciUyMiUyMHN0eWxlJTNEJTIyY29sb3IlM0ElMjNGRkQ3MDAlM0Jmb250LXNpemUlM0EyMHB4JTNCJTIyJTNFJTNDJTJGaSUzRSUwQSUyMCUyMCUyMCUyMCUyMCUyMCUyMCUyMCUyMCUyMCUyMCUyMCUyMCUyMCUyMCUyMCUyMCUyMCUyMCUyMCUzQ2klMjBjbGFzcyUzRCUyMmZhJTIwZmEtc3RhciUyMiUyMHN0eWxlJTNEJTIyY29sb3IlM0ElMjNGRkQ3MDAlM0Jmb250LXNpemUlM0EyMHB4JTNCJTIyJTNFJTNDJTJGaSUzRSUwQSUyMCUyMCUyMCUyMCUyMCUyMCUyMCUyMCUyMCUyMCUyMCUyMCUyMCUyMCUyMCUyMCUyMCUyMCUyMCUyMCUzQ3AlMjBzdHlsZSUzRCUyMmZvbnQtc2l6ZSUzQTE0cHglMjIlM0VSZXZpZXclMjBvZiUyMCUzQ3N0cm9uZyUzRTUlM0MlMkZzdHJvbmclM0UlMjBpbiUyMGElMjB0b3RhbCUyMG9mJTIwJTNDc3Ryb25nJTNFMyUzQyUyRnN0cm9uZyUzRSUyMHJldmlld3MlMjBpbiUyNm5ic3AlM0IlMjZuYnNwJTNCJTNDaSUyMGNsYXNzJTNEJTIyZmElMjBmYS1hcHBsZSUyMiUyMHN0eWxlJTNEJTIyY29sb3IlM0ElMjMwMDAwMDAlM0Jmb250LXNpemUlM0EyMHB4JTNCbWFyZ2luLXJpZ2h0JTNBMHB4JTNCJTIyJTNFJTNDJTJGaSUzRSUyNm5ic3AlM0IlMjZuYnNwJTNCQXBwbGUlMjZuYnNwJTNCU3RvcmUlM0MlMkZwJTNFJTBBJTIwJTIwJTIwJTIwJTIwJTIwJTIwJTIwJTIwJTIwJTIwJTIwJTIwJTIwJTIwJTIwJTNDJTJGZGl2JTNFJTIwJTIwJTIwJTIwJTBBJTIwJTIwJTIwJTIwJTIwJTIwJTIwJTIwJTIwJTIwJTIwJTIwJTNDJTJGZGl2JTNFJTBBJTNDJTJGZGl2JTNFJTNDJTJGY2VudGVyJTNF[\/vc_raw_html][vc_column_text css_animation=&#8221;bounceIn&#8221;]<\/p>\n<p style=\"text-align: center;\"><a class=\"custom-buttons\" href=\"http:\/\/onelink.to\/apolaoyeku\">Install<\/a><\/p>\n<p>[\/vc_column_text][\/vc_column][vc_column offset=&#8221;vc_col-md-6&#8243;][vc_column_text]We are pleased to present the new If\u00e1 application, Apola Oyeku with which you will continue to increase and perfect your knowledge of traditional practice. With Apola Oyeku you will have access to new unpublished If\u00e1 verses of the 15 signs of Oyeku accompanied by their audios in Yor\u00f9b\u00e1.<\/p>\n<p>Apola Oyeku is the second application in the Apola series, developed by If\u00e1b\u00edy\u00ec\u00ed Ak\u00f3d\u00e0, with 75 unpublished If\u00e1 verses collected after years of learning with renowned traditional awo. From Oyeku Ogbe to Oyeku Ofun, the veracity of all this exclusive information has been verified. In Apola Ogb\u00e9 you will find verses about <a href=\"https:\/\/ileawo.com\/en\/orisa-yoruba\/orunmila-orula\/\">Orunmila<\/a>, Ogun, <a href=\"https:\/\/ileawo.com\/en\/orisa-yoruba\/obatala\/\">Obatala<\/a>, <a href=\"https:\/\/ileawo.com\/en\/orisa-yoruba\/ori\/\">Ori<\/a>, <a href=\"https:\/\/ileawo.com\/en\/orisa-yoruba\/esu-elegbara\/\">Esu<\/a>, Aje or <a href=\"https:\/\/ileawo.com\/en\/orisa-yoruba\/sango\/\">Sango<\/a> for both expiration and wealth, prosperity, couples, children or long life.<\/p>\n<p>Each of the verses are accompanied by audios recited by authentic Yor\u00f9b\u00e1-speaking Babalawo, to correct the perfect pronunciation of Yor\u00f9b\u00e1 and, in turn, reduce the time necessary to memorize all this If\u00e1 information available in the application.<\/p>\n<p>In addition, you can check the progress of your If\u00e1 studies thanks to our tests on traditional practice, with questions related to the verses of the Apola Oyeku.[\/vc_column_text][\/vc_column][\/vc_row][vc_row full_width=&#8221;stretch_row&#8221; gap=&#8221;20&#8243; css=&#8221;.vc_custom_1633372712562{padding-top: 30px !important;padding-bottom: 30px !important;}&#8221;][vc_column offset=&#8221;vc_col-md-6&#8243; css=&#8221;.vc_custom_1572275010086{padding-top: 0px !important;padding-bottom: 0px !important;}&#8221;][vc_column_text]<\/p>\n<h3>Im\u00e1genes de la app<\/h3>\n<p>[\/vc_column_text][vc_images_carousel images=&#8221;5187,5190,5193,5196,5199&#8243; img_size=&#8221;medium&#8221; onclick=&#8221;link_no&#8221; slides_per_view=&#8221;3&#8243; css=&#8221;.vc_custom_1596538836157{margin-bottom: 0px !important;}&#8221;][\/vc_column][vc_column offset=&#8221;vc_col-md-6&#8243; css=&#8221;.vc_custom_1572274957308{padding-top: 0px !important;}&#8221;][vc_column_text css=&#8221;.vc_custom_1596539785756{margin-top: 0px !important;margin-bottom: 0px !important;}&#8221;]<\/p>\n<h2>Contents of Apola Oyeku<\/h2>\n<p>Among the information highlights:<\/p>\n<ul>\n<li>Five If\u00e1 verses from each of the 15 signs of the Apola Oyeku, from Oyeku Ogbe to Oyeku Ofun<\/li>\n<li>Yor\u00f9b\u00e1 audios of all the verses<\/li>\n<li>Verses in Yor\u00f9b\u00e1 and their translation<\/li>\n<li>Available on iOS: English and Spanish<\/li>\n<li>Verses about Orunmila, Ogun, Aje, Ori, Sango&#8230;<\/li>\n<li>Test to verify learning for different levels of knowledge<\/li>\n<li>Exclusive &#8220;Vip Zone&#8221; where you can receive information previously requested from If\u00e1b\u00edy\u00ec\u00ed Ak\u00f3d\u00e0 with the possibility of personalizing the profile and asking questions and comments<\/li>\n<li>Updated information on the Oke Itase<\/li>\n<li>More exclusive information<\/li>\n<li>The latest news from traditional practice<\/li>\n<li>Yor\u00f9b\u00e1 Calendar<\/li>\n<li>And much more\u2026<\/li>\n<\/ul>\n<p>[\/vc_column_text][\/vc_column][\/vc_row][vc_row full_width=&#8221;stretch_row&#8221; css=&#8221;.vc_custom_1633443632664{padding-top: 40px !important;padding-bottom: 20px !important;background-color: #f6f6f6 !important;}&#8221;][vc_column][vc_column_text css=&#8221;.vc_custom_1633448526144{margin-bottom: 0px !important;}&#8221;]<\/p>\n<h2 style=\"text-align: center;\">Other apps<\/h2>\n<p>[\/vc_column_text][\/vc_column][vc_column][vc_masonry_grid post_type=&#8221;page&#8221; max_items=&#8221;3&#8243; orderby=&#8221;rand&#8221; grid_id=&#8221;vc_gid:1654178285967-d1beea72-384d-5&#8243; taxonomies=&#8221;2693&#8243;][\/vc_column][\/vc_row][vc_row full_width=&#8221;stretch_row&#8221; content_placement=&#8221;middle&#8221; bg_type=&#8221;bg_color&#8221; bg_override=&#8221;ex-full&#8221; bg_color_value=&#8221;#4e89d5&#8243; el_class=&#8221;banner&#8221; css=&#8221;.vc_custom_1589981626585{background-color: #4e89d5 !important;}&#8221;][vc_column width=&#8221;2\/3&#8243;][vc_column_text el_class=&#8221;banner-text&#8221;]Do you want to know more about Il\u00e9 Awo, Traditional Ifa, the Orisa and the Yoruba religion?[\/vc_column_text][\/vc_column][vc_column width=&#8221;1\/3&#8243;][vc_column_text css_animation=&#8221;bounceIn&#8221;]<\/p>\n<p style=\"text-align: center;\"><a class=\"custom-buttons-alternative\" href=\"\/en\/contact\/\">Ask us<\/a><\/p>\n<p>[\/vc_column_text][\/vc_column][\/vc_row]<\/p>\n<\/div>"},"excerpt":{"rendered":"<p>[vc_row full_width=&#8221;stretch_row&#8221; content_placement=&#8221;middle&#8221; bg_type=&#8221;bg_color&#8221; el_class=&#8221;contact-row&#8221; bg_color_value=&#8221;#f6f6f6&#8243; css=&#8221;.vc_custom_1633372695499{padding-top: 40px !important;padding-bottom: 40px !important;background-color: #f6f6f6 !important;}&#8221;][vc_column offset=&#8221;vc_col-md-6&#8243;][vc_single_image image=&#8221;5144&#8243; alignment=&#8221;center&#8221; onclick=&#8221;custom_link&#8221; img_link_target=&#8221;_blank&#8221; css=&#8221;.vc_custom_1633372667731{border-radius: 35px !important;}&#8221; link=&#8221;http:\/\/hyperurl.co\/mmd5nd&#8221;][vc_raw_html]JTNDZGl2JTIwc3R5bGUlM0QlMjJ0ZXh0LWFsaWduJTNBJTIwY2VudGVyJTNCJTIyJTNFJTBBJTIwJTIwJTIwJTIwJTNDcCUyMHN0eWxlJTNEJTIybWFyZ2luLWJvdHRvbSUzQSUyMDEwcHglM0Jmb250LXNpemUlM0ElMjAxNHB4JTNCJTIyJTNFQXZhaWxhYmxlJTIwZm9yJTIwbW9iaWxlJTIwYW5kJTIwdGFibGV0JTIwaW4lM0ElM0MlMkZwJTNFJTBBJTIwJTIwJTIwJTIwJTNDcCUzRSUwQSUyMCUyMCUyMCUyMCUyMCUyMCUyMCUyMCUzQ2klMjBzdHlsZSUzRCUyMmNvbG9yJTNBJTIzMDAwMDAwJTNCZm9udC1zaXplJTNBMjBweCUzQnBhZGRpbmclM0ElMjAwJTIwMTBweCUzQiUyMiUyMGNsYXNzJTNEJTIyZmElMjBmYS1hcHBsZSUyMiUzRSUzQyUyRmklM0UlMEElMjAlMjAlMjAlMjAlM0MlMkZwJTNFJTBBJTNDJTJGZGl2JTNF[\/vc_raw_html][vc_raw_html]JTNDY2VudGVyJTNFJTNDZGl2JTIwaXRlbXNjb3BlJTIwaXRlbXR5cGUlM0QlMjJodHRwJTNBJTJGJTJGc2NoZW1hLm9yZyUyRk1vYmlsZUFwcGxpY2F0aW9uJTIyJTNFJTBBJTIwJTIwJTIwJTIwJTNDbWV0YSUyMGl0ZW1wcm9wJTNEJTIybmFtZSUyMiUyMGNvbnRlbnQlM0QlMjJBcG9sYSUyME95ZWt1JTIyJTNFJTBBJTIwJTIwJTIwJTIwJTNDbWV0YSUyMGl0ZW1wcm9wJTNEJTIyZGVzY3JpcHRpb24lMjIlMjBjb250ZW50JTNEJTIyQXBvbGElMjBPeWVrdSUyMGlzJTIwdGhlJTIwc2Vjb25kJTIwYXBwbGljYXRpb24lMjBpbiUyMHRoZSUyMEFwb2xhJTIwc2VyaWVzJTIwd2l0aCUyMDc1JTIwdW5wdWJsaXNoZWQlMjBJZiVDMyVBMSUyMHZlcnNlcyUyMGZyb20lMjBhbGwlMjBPeWVrdSUyQyUyMGZyb20lMjBPeWVrdSUyME9nYmUlMjB0byUyME95ZWt1JTIwT2Z1bi4lMjIlM0UlMEElMjAlMjAlMjAlMjAlM0NtZXRhJTIwaXRlbXByb3AlM0QlMjJvcGVyYXRpbmdTeXN0ZW0lMjIlMjBjb250ZW50JTNEJTIyQW5kcm9pZCUyQyUyMGlPUyUyMiUzRSUwQSUyMCUyMCUyMCUyMCUzQ21ldGElMjBpdGVtcHJvcCUzRCUyMmFwcGxpY2F0aW9uQ2F0ZWdvcnklMjIlMjBjb250ZW50JTNEJTIyRWR1Y2F0aW9uJTIyJTNFJTBBJTIwJTIwJTIwJTIwJTNDbWV0YSUyMGl0ZW1wcm9wJTNEJTIyaW1hZ2UlMjIlMjBjb250ZW50JTNEJTIyJTJGd3AtY29udGVudCUyRnVwbG9hZHMlMkYyMDIwJTJGMDglMkZMb2dvLUFwb2xhLU95ZWt1LTUxMi5wbmclMjIlM0UlMEElMjAlMjAlMjAlMjAlM0NtZXRhJTIwaXRlbXByb3AlM0QlMjJkb3dubG9hZFVybCUyMiUyMGNvbnRlbnQlM0QlMjJodHRwcyUzQSUyRiUyRm9uZWxpbmsudG8lMkZqa3Nua2QlMjIlM0UlMEElMjAlMjAlMjAlMjAlMjAlMjAlMjAlMjAlM0NkaXYlMjBpdGVtcHJvcCUzRCUyMm9mZmVycyUyMiUyMGl0ZW1zY29wZSUyMGl0ZW10eXBlJTNEJTIyaHR0cCUzQSUyRiUyRnNjaGVtYS5vcmclMkZPZmZlciUyMiUzRSUwQSUyMCUyMCUyMCUyMCUyMCUyMCUyMCUyMCUyMCUyMCUyMCUyMCUzQ21ldGElMjBpdGVtcHJvcCUzRCUyMnByaWNlJTIyJTIwY29udGVudCUzRCUyMjc0Ljk5JTIyJTNFJTBBJTIwJTIwJTIwJTIwJTIwJTIwJTIwJTIwJTIwJTIwJTIwJTIwJTNDbWV0YSUyMGl0ZW1wcm9wJTNEJTIycHJpY2VDdXJyZW5jeSUyMiUyMGNvbnRlbnQlM0QlMjJFVVIlMjIlM0UlMjAlMjAlMjAlMjAlMjAlMjAlMjAlMjAlMjAlMjAlMjAlMjAlMjAlMjAlMEElMjAlMjAlMjAlMjAlMjAlMjAlMjAlMjAlMjAlMjAlMjAlMjAlM0NsaW5rJTIwaXRlbXByb3AlM0QlMjJhdmFpbGFiaWxpdHklMjIlMjBocmVmJTNEJTIyaHR0cCUzQSUyRiUyRnNjaGVtYS5vcmclMkZpblN0b2NrJTIyJTIwJTJGJTNFJTBBJTIwJTIwJTIwJTIwJTIwJTIwJTIwJTIwJTNDJTJGZGl2JTNFJTBBJTIwJTIwJTIwJTIwJTIwJTIwJTIwJTIwJTIwJTIwJTIwJTIwJTNDZGl2JTIwaXRlbXByb3AlM0QlMjJhZ2dyZWdhdGVSYXRpbmclMjIlMjBpdGVtc2NvcGUlM0QlMjIlMjIlMjBpdGVtdHlwZSUzRCUyMmh0dHAlM0ElMkYlMkZzY2hlbWEub3JnJTJGQWdncmVnYXRlUmF0aW5nJTIyJTIwJTNFJTBBJTIwJTIwJTIwJTIwJTIwJTIwJTIwJTIwJTIwJTIwJTIwJTIwJTIwJTIwJTIwJTIwJTNDbWV0YSUyMGl0ZW1wcm9wJTNEJTIycmF0aW5nVmFsdWUlMjIlMjBjb250ZW50JTNEJTIyNSUyMiUzRSUwQSUyMCUyMCUyMCUyMCUyMCUyMCUyMCUyMCUyMCUyMCUyMCUyMCUyMCUyMCUyMCUyMCUzQ21ldGElMjBpdGVtcHJvcCUzRCUyMnJhdGluZ0NvdW50JTIyJTIwY29udGVudCUzRCUyMjMlMjIlM0UlMEElMjAlMjAlMjAlMjAlMjAlMjAlMjAlMjAlMjAlMjAlMjAlMjAlMjAlMjAlMjAlMjAlM0NkaXYlMjBjbGFzcyUzRCUyMmN1c3RvbS1zdGFydCUyMiUzRSUwQSUyMCUyMCUyMCUyMCUyMCUyMCUyMCUyMCUyMCUyMCUyMCUyMCUyMCUyMCUyMCUyMCUyMCUyMCUyMCUyMCUzQ2klMjBjbGFzcyUzRCUyMmZhJTIwZmEtc3RhciUyMiUyMHN0eWxlJTNEJTIyY29sb3IlM0ElMjNGRkQ3MDAlM0Jmb250LXNpemUlM0EyMHB4JTNCJTIyJTNFJTNDJTJGaSUzRSUwQSUyMCUyMCUyMCUyMCUyMCUyMCUyMCUyMCUyMCUyMCUyMCUyMCUyMCUyMCUyMCUyMCUyMCUyMCUyMCUyMCUzQ2klMjBjbGFzcyUzRCUyMmZhJTIwZmEtc3RhciUyMiUyMHN0eWxlJTNEJTIyY29sb3IlM0ElMjNGRkQ3MDAlM0Jmb250LXNpemUlM0EyMHB4JTNCJTIyJTNFJTNDJTJGaSUzRSUwQSUyMCUyMCUyMCUyMCUyMCUyMCUyMCUyMCUyMCUyMCUyMCUyMCUyMCUyMCUyMCUyMCUyMCUyMCUyMCUyMCUzQ2klMjBjbGFzcyUzRCUyMmZhJTIwZmEtc3RhciUyMiUyMHN0eWxlJTNEJTIyY29sb3IlM0ElMjNGRkQ3MDAlM0Jmb250LXNpemUlM0EyMHB4JTNCJTIyJTNFJTNDJTJGaSUzRSUwQSUyMCUyMCUyMCUyMCUyMCUyMCUyMCUyMCUyMCUyMCUyMCUyMCUyMCUyMCUyMCUyMCUyMCUyMCUyMCUyMCUzQ2klMjBjbGFzcyUzRCUyMmZhJTIwZmEtc3RhciUyMiUyMHN0eWxlJTNEJTIyY29sb3IlM0ElMjNGRkQ3MDAlM0Jmb250LXNpemUlM0EyMHB4JTNCJTIyJTNFJTNDJTJGaSUzRSUwQSUyMCUyMCUyMCUyMCUyMCUyMCUyMCUyMCUyMCUyMCUyMCUyMCUyMCUyMCUyMCUyMCUyMCUyMCUyMCUyMCUzQ2klMjBjbGFzcyUzRCUyMmZhJTIwZmEtc3RhciUyMiUyMHN0eWxlJTNEJTIyY29sb3IlM0ElMjNGRkQ3MDAlM0Jmb250LXNpemUlM0EyMHB4JTNCJTIyJTNFJTNDJTJGaSUzRSUwQSUyMCUyMCUyMCUyMCUyMCUyMCUyMCUyMCUyMCUyMCUyMCUyMCUyMCUyMCUyMCUyMCUyMCUyMCUyMCUyMCUzQ3AlMjBzdHlsZSUzRCUyMmZvbnQtc2l6ZSUzQTE0cHglMjIlM0VSZXZpZXclMjBvZiUyMCUzQ3N0cm9uZyUzRTUlM0MlMkZzdHJvbmclM0UlMjBpbiUyMGElMjB0b3RhbCUyMG9mJTIwJTNDc3Ryb25nJTNFMyUzQyUyRnN0cm9uZyUzRSUyMHJldmlld3MlMjBpbiUyNm5ic3AlM0IlMjZuYnNwJTNCJTNDaSUyMGNsYXNzJTNEJTIyZmElMjBmYS1hcHBsZSUyMiUyMHN0eWxlJTNEJTIyY29sb3IlM0ElMjMwMDAwMDAlM0Jmb250LXNpemUlM0EyMHB4JTNCbWFyZ2luLXJpZ2h0JTNBMHB4JTNCJTIyJTNFJTNDJTJGaSUzRSUyNm5ic3AlM0IlMjZuYnNwJTNCQXBwbGUlMjZuYnNwJTNCU3RvcmUlM0MlMkZwJTNFJTBBJTIwJTIwJTIwJTIwJTIwJTIwJTIwJTIwJTIwJTIwJTIwJTIwJTIwJTIwJTIwJTIwJTNDJTJGZGl2JTNFJTIwJTIwJTIwJTIwJTBBJTIwJTIwJTIwJTIwJTIwJTIwJTIwJTIwJTIwJTIwJTIwJTIwJTNDJTJGZGl2JTNFJTBBJTNDJTJGZGl2JTNFJTNDJTJGY2VudGVyJTNF[\/vc_raw_html][vc_column_text css_animation=&#8221;bounceIn&#8221;] Install [\/vc_column_text][\/vc_column][vc_column offset=&#8221;vc_col-md-6&#8243;][vc_column_text]We<span class=\"excerpt-hellip\"> [\u2026]<\/span><\/p>\n","protected":false},"author":1,"featured_media":5144,"parent":3582,"menu_order":0,"comment_status":"closed","ping_status":"closed","template":"","meta":{"footnotes":""},"categories":[2702],"class_list":["post-5203","page","type-page","status-publish","has-post-thumbnail","hentry","category-app-en"],"yoast_head":"<!-- This site is optimized with the Yoast SEO Premium plugin v25.2 (Yoast SEO v27.3) - https:\/\/yoast.com\/product\/yoast-seo-premium-wordpress\/ -->\n<title>Apola Oyeku, the first app with If\u00e1 verses and audios of Oyeku&#039;s signs<\/title>\n<meta name=\"description\" content=\"Keep increasing your knowledge of traditional If\u00e1 practice with Apola Oyeku, the new app with 75 If\u00e1 verses and audios recited by an Yor\u00f9b\u00e1\" \/>\n<meta name=\"robots\" content=\"index, follow, max-snippet:-1, max-image-preview:large, max-video-preview:-1\" \/>\n<link rel=\"canonical\" href=\"https:\/\/ileawo.com\/en\/applications\/apola-oyeku\/\" \/>\n<meta property=\"og:locale\" content=\"en_US\" \/>\n<meta property=\"og:type\" content=\"article\" \/>\n<meta property=\"og:title\" content=\"App Apola Oyeku\" \/>\n<meta property=\"og:description\" content=\"Keep increasing your knowledge of traditional If\u00e1 practice with Apola Oyeku, the new app with 75 If\u00e1 verses and audios recited by an Yor\u00f9b\u00e1\" \/>\n<meta property=\"og:url\" content=\"https:\/\/ileawo.com\/en\/applications\/apola-oyeku\/\" \/>\n<meta property=\"og:site_name\" content=\"Il\u00e9 Awo\" \/>\n<meta property=\"article:publisher\" content=\"https:\/\/www.facebook.com\/ifabiyii\" \/>\n<meta property=\"article:modified_time\" content=\"2022-06-02T13:59:33+00:00\" \/>\n<meta property=\"og:image\" content=\"https:\/\/ileawo.com\/wp-content\/uploads\/2020\/08\/Logo-Apola-Oyeku-512.png\" \/>\n\t<meta property=\"og:image:width\" content=\"512\" \/>\n\t<meta property=\"og:image:height\" content=\"512\" \/>\n\t<meta property=\"og:image:type\" content=\"image\/png\" \/>\n<meta name=\"twitter:card\" content=\"summary_large_image\" \/>\n<meta name=\"twitter:site\" content=\"@ifabiyii\" \/>\n<!-- \/ Yoast SEO Premium plugin. -->","yoast_head_json":{"title":"Apola Oyeku, the first app with If\u00e1 verses and audios of Oyeku's signs","description":"Keep increasing your knowledge of traditional If\u00e1 practice with Apola Oyeku, the new app with 75 If\u00e1 verses and audios recited by an Yor\u00f9b\u00e1","robots":{"index":"index","follow":"follow","max-snippet":"max-snippet:-1","max-image-preview":"max-image-preview:large","max-video-preview":"max-video-preview:-1"},"canonical":"https:\/\/ileawo.com\/en\/applications\/apola-oyeku\/","og_locale":"en_US","og_type":"article","og_title":"App Apola Oyeku","og_description":"Keep increasing your knowledge of traditional If\u00e1 practice with Apola Oyeku, the new app with 75 If\u00e1 verses and audios recited by an Yor\u00f9b\u00e1","og_url":"https:\/\/ileawo.com\/en\/applications\/apola-oyeku\/","og_site_name":"Il\u00e9 Awo","article_publisher":"https:\/\/www.facebook.com\/ifabiyii","article_modified_time":"2022-06-02T13:59:33+00:00","og_image":[{"width":512,"height":512,"url":"https:\/\/ileawo.com\/wp-content\/uploads\/2020\/08\/Logo-Apola-Oyeku-512.png","type":"image\/png"}],"twitter_card":"summary_large_image","twitter_site":"@ifabiyii","schema":{"@context":"https:\/\/schema.org","@graph":[{"@type":"Article","@id":"https:\/\/ileawo.com\/en\/applications\/apola-oyeku\/#article","isPartOf":{"@id":"https:\/\/ileawo.com\/en\/applications\/apola-oyeku\/"},"author":{"name":"If\u00e1b\u00edy\u00ec\u00ed Ak\u00f3d\u00e0","@id":"http:\/\/ileawo.com\/en\/#\/schema\/person\/5b4d3af5a9aa8f02fe88dbeb048ef64a"},"headline":"App Apola Oyeku","datePublished":"2020-08-04T17:42:16+00:00","dateModified":"2022-06-02T13:59:33+00:00","mainEntityOfPage":{"@id":"https:\/\/ileawo.com\/en\/applications\/apola-oyeku\/"},"wordCount":928,"publisher":{"@id":"http:\/\/ileawo.com\/en\/#organization"},"image":{"@id":"https:\/\/ileawo.com\/en\/applications\/apola-oyeku\/#primaryimage"},"thumbnailUrl":"https:\/\/ileawo.com\/wp-content\/uploads\/2020\/08\/Logo-Apola-Oyeku-512.png","articleSection":["App"],"inLanguage":"en-US"},{"@type":"WebPage","@id":"https:\/\/ileawo.com\/en\/applications\/apola-oyeku\/","url":"https:\/\/ileawo.com\/en\/applications\/apola-oyeku\/","name":"Apola Oyeku, the first app with If\u00e1 verses and audios of Oyeku's signs","isPartOf":{"@id":"http:\/\/ileawo.com\/en\/#website"},"primaryImageOfPage":{"@id":"https:\/\/ileawo.com\/en\/applications\/apola-oyeku\/#primaryimage"},"image":{"@id":"https:\/\/ileawo.com\/en\/applications\/apola-oyeku\/#primaryimage"},"thumbnailUrl":"https:\/\/ileawo.com\/wp-content\/uploads\/2020\/08\/Logo-Apola-Oyeku-512.png","datePublished":"2020-08-04T17:42:16+00:00","dateModified":"2022-06-02T13:59:33+00:00","description":"Keep increasing your knowledge of traditional If\u00e1 practice with Apola Oyeku, the new app with 75 If\u00e1 verses and audios recited by an Yor\u00f9b\u00e1","breadcrumb":{"@id":"https:\/\/ileawo.com\/en\/applications\/apola-oyeku\/#breadcrumb"},"inLanguage":"en-US","potentialAction":[{"@type":"ReadAction","target":["https:\/\/ileawo.com\/en\/applications\/apola-oyeku\/"]}]},{"@type":"ImageObject","inLanguage":"en-US","@id":"https:\/\/ileawo.com\/en\/applications\/apola-oyeku\/#primaryimage","url":"https:\/\/ileawo.com\/wp-content\/uploads\/2020\/08\/Logo-Apola-Oyeku-512.png","contentUrl":"https:\/\/ileawo.com\/wp-content\/uploads\/2020\/08\/Logo-Apola-Oyeku-512.png","width":512,"height":512,"caption":"Aplicaci\u00f3n de if\u00e1 Apola Oyeku"},{"@type":"BreadcrumbList","@id":"https:\/\/ileawo.com\/en\/applications\/apola-oyeku\/#breadcrumb","itemListElement":[{"@type":"ListItem","position":1,"name":"Home","item":"https:\/\/ileawo.com\/en\/"},{"@type":"ListItem","position":2,"name":"If\u00e1 Applications","item":"http:\/\/ileawo.com\/en\/applications\/"},{"@type":"ListItem","position":3,"name":"App Apola Oyeku"}]},{"@type":"WebSite","@id":"http:\/\/ileawo.com\/en\/#website","url":"http:\/\/ileawo.com\/en\/","name":"Il\u00e9 Awo","description":"","publisher":{"@id":"http:\/\/ileawo.com\/en\/#organization"},"potentialAction":[{"@type":"SearchAction","target":{"@type":"EntryPoint","urlTemplate":"http:\/\/ileawo.com\/en\/?s={search_term_string}"},"query-input":{"@type":"PropertyValueSpecification","valueRequired":true,"valueName":"search_term_string"}}],"inLanguage":"en-US"},{"@type":"Organization","@id":"http:\/\/ileawo.com\/en\/#organization","name":"Il\u00e9 Awo","url":"http:\/\/ileawo.com\/en\/","logo":{"@type":"ImageObject","inLanguage":"en-US","@id":"http:\/\/ileawo.com\/en\/#\/schema\/logo\/image\/","url":"https:\/\/ileawo.com\/wp-content\/uploads\/revslider\/Bienvenido\/Logo-Ile-Awo-20201.png","contentUrl":"https:\/\/ileawo.com\/wp-content\/uploads\/revslider\/Bienvenido\/Logo-Ile-Awo-20201.png","width":500,"height":155,"caption":"Il\u00e9 Awo"},"image":{"@id":"http:\/\/ileawo.com\/en\/#\/schema\/logo\/image\/"},"sameAs":["https:\/\/www.facebook.com\/ifabiyii","https:\/\/x.com\/ifabiyii","https:\/\/www.instagram.com\/ifabiyii_akoda\/"]},{"@type":"Person","@id":"http:\/\/ileawo.com\/en\/#\/schema\/person\/5b4d3af5a9aa8f02fe88dbeb048ef64a","name":"If\u00e1b\u00edy\u00ec\u00ed Ak\u00f3d\u00e0","image":{"@type":"ImageObject","inLanguage":"en-US","@id":"https:\/\/secure.gravatar.com\/avatar\/07530fd5fec1f19247b6ca33a6f419284691fff29c8857d86ea771d943bdba08?s=96&d=mm&r=g","url":"https:\/\/secure.gravatar.com\/avatar\/07530fd5fec1f19247b6ca33a6f419284691fff29c8857d86ea771d943bdba08?s=96&d=mm&r=g","contentUrl":"https:\/\/secure.gravatar.com\/avatar\/07530fd5fec1f19247b6ca33a6f419284691fff29c8857d86ea771d943bdba08?s=96&d=mm&r=g","caption":"If\u00e1b\u00edy\u00ec\u00ed Ak\u00f3d\u00e0"},"sameAs":["https:\/\/ileawo.com\/"]}]}},"_links":{"self":[{"href":"https:\/\/ileawo.com\/en\/wp-json\/wp\/v2\/pages\/5203","targetHints":{"allow":["GET"]}}],"collection":[{"href":"https:\/\/ileawo.com\/en\/wp-json\/wp\/v2\/pages"}],"about":[{"href":"https:\/\/ileawo.com\/en\/wp-json\/wp\/v2\/types\/page"}],"author":[{"embeddable":true,"href":"https:\/\/ileawo.com\/en\/wp-json\/wp\/v2\/users\/1"}],"replies":[{"embeddable":true,"href":"https:\/\/ileawo.com\/en\/wp-json\/wp\/v2\/comments?post=5203"}],"version-history":[{"count":0,"href":"https:\/\/ileawo.com\/en\/wp-json\/wp\/v2\/pages\/5203\/revisions"}],"up":[{"embeddable":true,"href":"https:\/\/ileawo.com\/en\/wp-json\/wp\/v2\/pages\/3582"}],"wp:featuredmedia":[{"embeddable":true,"href":"https:\/\/ileawo.com\/en\/wp-json\/wp\/v2\/media\/5144"}],"wp:attachment":[{"href":"https:\/\/ileawo.com\/en\/wp-json\/wp\/v2\/media?parent=5203"}],"wp:term":[{"taxonomy":"category","embeddable":true,"href":"https:\/\/ileawo.com\/en\/wp-json\/wp\/v2\/categories?post=5203"}],"curies":[{"name":"wp","href":"https:\/\/api.w.org\/{rel}","templated":true}]}}