{"id":3789,"date":"2019-10-27T00:00:00","date_gmt":"2019-10-26T22:00:00","guid":{"rendered":"https:\/\/ileawo.com\/practice-ifa-traditional\/adivinacion-ifa\/"},"modified":"2020-06-03T14:00:49","modified_gmt":"2020-06-03T12:00:49","slug":"ifa-divination","status":"publish","type":"page","link":"https:\/\/ileawo.com\/en\/practice-ifa-traditional\/ifa-divination\/","title":{"rendered":"The If\u00e1 divination system"},"content":{"rendered":"<div class=\"wpb-content-wrapper\"><p>[vc_row css=&#8221;.vc_custom_1572174624836{margin-top: 60px !important;margin-bottom: 40px !important;}&#8221; el_class=&#8221;first-row&#8221;][vc_column width=&#8221;1\/6&#8243; offset=&#8221;vc_hidden-sm vc_hidden-xs&#8221;][\/vc_column][vc_column offset=&#8221;vc_col-md-8&#8243;][vc_column_text]<\/p>\n<p style=\"text-align: center;\">Performing an If\u00e1 divination is the first step that every person must take to solve their problems or improve their luck thanks to the message transmitted by Olodumare through the If\u00e1 signs. Ada If\u00e1 or d\u00e1f\u00e1 is the Yoruba name for If\u00e1 divination. It literally means &#8220;throw If\u00e1&#8221; because, regardless of the divination that is made, you have to throw the Ikin, the Opele or the Obi abata. Divination has many nicknames; It is known as thrown, consults, among others. In this section you will be able to know who can make a divination, when and what should be done after knowing the If\u00e1 message. You will also be able to know the different methods that exist in the Yoruba religion.<\/p>\n<p>[\/vc_column_text][\/vc_column][vc_column width=&#8221;1\/6&#8243; offset=&#8221;vc_hidden-sm vc_hidden-xs&#8221;][\/vc_column][\/vc_row][vc_row][vc_column offset=&#8221;vc_col-lg-4&#8243;][vc_column_text css=&#8221;.vc_custom_1590773369925{padding-top: 40px !important;padding-right: 40px !important;padding-bottom: 40px !important;padding-left: 40px !important;background-color: #f2f2f2 !important;border-radius: 10px !important;}&#8221;]<\/p>\n<h2 style=\"text-align: center; font-size: 32px !important; line-height: 42px !important;\">Who performs an Ifa divination?<\/h2>\n<p style=\"text-align: center;\">The <a href=\"https:\/\/ileawo.com\/en\/practice-ifa-traditional\/babalawo-ifabiyii-akoda\/\">babalawo<\/a> is the person who performs the If\u00e1 divination. To do this you must have sufficient knowledge or, if not, have a teacher to guide you with divination, since the lack of knowledge will make the difference between whether the person consulted sees results or not.<\/p>\n<p>[\/vc_column_text][\/vc_column][vc_column offset=&#8221;vc_col-lg-4&#8243;][vc_column_text css=&#8221;.vc_custom_1590424050453{padding-top: 40px !important;padding-right: 40px !important;padding-bottom: 40px !important;padding-left: 40px !important;background-color: #f2f2f2 !important;border-radius: 10px !important;}&#8221;]<\/p>\n<h2 style=\"text-align: center; font-size: 32px !important; line-height: 42px !important;\">When to do an If\u00e1 divination?<\/h2>\n<p style=\"text-align: center;\">If\u00e1 says: &#8220;Eni ti or nwa iwa-kuwa, ni i ri iri-kuri, Imoran la a koo da ki a to da\u00b4fa&#8221; (A stupid request deserves stupid advice, common sense precedes If\u00e1 divination) . This means that the If\u00e1 divination must be carried out for important matters.<\/p>\n<p>[\/vc_column_text][\/vc_column][vc_column offset=&#8221;vc_col-lg-4&#8243;][vc_column_text css=&#8221;.vc_custom_1590773397436{padding-top: 40px !important;padding-right: 40px !important;padding-bottom: 40px !important;padding-left: 40px !important;background-color: #f2f2f2 !important;border-radius: 10px !important;}&#8221;]<\/p>\n<h2 style=\"text-align: center; font-size: 32px !important; line-height: 42px !important;\">What to do after the divination?<\/h2>\n<p style=\"text-align: center;\">In the If\u00e1 divination the recommendations will be given and it will tell us what are the <a href=\"https:\/\/ileawo.com\/en\/orisa-yoruba\/offerings-orisa\/\">offerings<\/a> to If\u00e1 and the Orisa that must be made to achieve our objectives. It is important to know that if we do not have the ability to make these offerings, it is better not to make the divination.<\/p>\n<p>[\/vc_column_text][\/vc_column][\/vc_row][vc_row el_class=&#8221;first-row&#8221;][vc_column width=&#8221;1\/6&#8243; offset=&#8221;vc_hidden-sm vc_hidden-xs&#8221;][\/vc_column][vc_column offset=&#8221;vc_col-md-8&#8243;][vc_column_text css=&#8221;.vc_custom_1590424350033{margin-bottom: 0px !important;}&#8221;]<\/p>\n<h2 style=\"text-align: center;\">Types of If\u00e1 divination<\/h2>\n<p>[\/vc_column_text][\/vc_column][vc_column width=&#8221;1\/6&#8243; offset=&#8221;vc_hidden-sm vc_hidden-xs&#8221;][\/vc_column][\/vc_row][vc_row content_placement=&#8221;middle&#8221;][vc_column offset=&#8221;vc_col-lg-4 vc_col-md-12&#8243;][vc_single_image image=&#8221;1086&#8243; img_size=&#8221;large&#8221; alignment=&#8221;center&#8221; css=&#8221;.vc_custom_1590017133425{margin-bottom: 0px !important;}&#8221;][\/vc_column][vc_column offset=&#8221;vc_col-lg-8 vc_col-md-12&#8243;][vc_column_text]<\/p>\n<h5>Divination with Ikin (If\u00e1 seeds)<\/h5>\n<p>Divination with Ikin (If\u00e1 seeds) is the safest among all divinations. It is the one that any person who is initiated as a babalawo or an initiate in his first steps in traditional religion should do. Is also recommended if the situation in which the person comes to If\u00e1 is extremely serious, even if it has not started.<\/p>\n<p>Consists of throwing the seeds and marking the stripes on the Iyerosun (\u00ccy\u00e8r\u00f2s\u00f9n) that rests on the If\u00e1 board, depending on how many seeds are left in our hands. If one ikin remains, two lines are marked, and if there are two seeds, one line is marked until completing the eight that make up the If\u00e1 sign. You can learn in detail how to perform this divination in <a href=\"http:\/\/hyperurl.co\/ifa-pro-app\">If\u00e1 Tradicional Pro<\/a>.[\/vc_column_text][\/vc_column][\/vc_row][vc_row content_placement=&#8221;middle&#8221;][vc_column offset=&#8221;vc_col-lg-4 vc_col-md-12&#8243;][vc_single_image image=&#8221;1092&#8243; img_size=&#8221;large&#8221; alignment=&#8221;center&#8221; css=&#8221;.vc_custom_1590016228684{margin-bottom: 0px !important;}&#8221;][\/vc_column][vc_column offset=&#8221;vc_col-lg-8 vc_col-md-12&#8243;][vc_column_text]<\/p>\n<h5>Divination with Opele (\u00d2p\u00e8l\u00e8) or If\u00e1 string<\/h5>\n<p>It is the most common used for people who do not have any type of Ifa initiation or for initiates who come to Ifa for a case that is not of great importance. There are several types of Opele: beaded, bronze, with Opele seeds or other types of seeds accepted for making.<\/p>\n<p>Consists of launching the Opele and, depending on the way in which the eight seeds that make up the chain fall, the If\u00e1 sign will be marked. After, If\u00e1 offerings should be made for the different matters that If\u00e1 recommends, as in the case of Ikin&#8217;s divination.[\/vc_column_text][\/vc_column][\/vc_row][vc_row content_placement=&#8221;middle&#8221;][vc_column offset=&#8221;vc_col-lg-4 vc_col-md-12&#8243;][vc_single_image image=&#8221;1089&#8243; img_size=&#8221;large&#8221; alignment=&#8221;center&#8221; css=&#8221;.vc_custom_1590016246421{margin-bottom: 0px !important;}&#8221;][\/vc_column][vc_column offset=&#8221;vc_col-lg-8 vc_col-md-12&#8243;][vc_column_text]<\/p>\n<h5>Divination with Obi (Ob\u00ec \u00e0b\u00e0t\u00e0)<\/h5>\n<p>It is the simplest within the Yoruba culture. It is used to ask the different Orisa if the offerings being made are accepted. This type of divination is also valid to ask the Orisha very simple questions that are not of great importance. Usually, people tend to mistakenly mistake Obi (Ob\u00ec) for coconut, however they are totally different from each other.<\/p>\n<p>This type of divination consists of dividing the Obi abata nut (Ob\u00ec \u00e0b\u00e0t\u00e0) into four parts and, after the offering is made, the obi is thrown to the ground. Depending on the way the nuts fall, the orisa will respond as to whether or not the offering was accepted.[\/vc_column_text][\/vc_column][\/vc_row][vc_row full_width=&#8221;stretch_row&#8221; content_placement=&#8221;middle&#8221; bg_type=&#8221;bg_color&#8221; bg_override=&#8221;ex-full&#8221; bg_color_value=&#8221;#f6f6f6&#8243; css=&#8221;.vc_custom_1590019023908{padding-top: 20px !important;padding-bottom: 20px !important;background-color: #f6f6f6 !important;}&#8221;][vc_column width=&#8221;2\/3&#8243;][vc_column_text el_class=&#8221;banner-text-alternative&#8221;]Recite the If\u00e1 verses like a true Yoruba with If\u00e1 Tradicional Pro[\/vc_column_text][\/vc_column][vc_column width=&#8221;1\/3&#8243;][vc_column_text css_animation=&#8221;bounceIn&#8221;]<\/p>\n<p style=\"text-align: center;\"><a class=\"custom-buttons\" href=\"http:\/\/hyperurl.co\/ifa-pro-app\">Download<\/a><\/p>\n<p>[\/vc_column_text][\/vc_column][\/vc_row][vc_row content_placement=&#8221;middle&#8221; css=&#8221;.vc_custom_1590019039571{padding-top: 40px !important;padding-bottom: 20px !important;}&#8221; el_class=&#8221;flex-row-tablet&#8221;][vc_column offset=&#8221;vc_col-lg-8&#8243; css=&#8221;.vc_custom_1590018284826{margin-top: -40px !important;}&#8221;][vc_column_text]<\/p>\n<h3 style=\"text-align: center;\">The signs of If\u00e1 (Od\u00f9 If\u00e1)<\/h3>\n<p>Olodumare transmits its messages through the Odu If\u00e1 or If\u00e1 signs. The babalawo who performs the divination must know by heart each one of these If\u00e1 signs, which are what indicate to the person what are the recommendations and offerings to If\u00e1 and the Orisa that must be performed to achieve the expected results. There are 256 signs of Ifa: 16 of them older &#8211; better known as Oju Odu Meindilongun -, and another 240 that arise from the combination of the meji. In each of the If\u00e1 signs there are verses in the form of parables, in which Olodumare&#8217;s message is organized.<\/p>\n<p>It is the babalawo in charge of interpreting these If\u00e1 verses, which always have the same structure, allowing us to recognize if an If\u00e1 verse is true or false. These verses are the ones recited when the offerings and ebo are made. To facilitate access and learning these verses, at Il\u00e9 Awo we offer the followers of the traditional practice of the Yoruba religion the <a href=\"http:\/\/hyperurl.co\/oju-odu\">Oj\u00fa Od\u00f9<\/a> application, with 80 verses of the 16 main signs of If\u00e1.[\/vc_column_text][\/vc_column][vc_column offset=&#8221;vc_col-lg-4&#8243; css=&#8221;.vc_custom_1590018277877{margin-bottom: -40px !important;}&#8221;][vc_single_image image=&#8221;1095&#8243; img_size=&#8221;medium&#8221; alignment=&#8221;center&#8221;][\/vc_column][\/vc_row][vc_row full_width=&#8221;stretch_row&#8221; content_placement=&#8221;middle&#8221; bg_type=&#8221;bg_color&#8221; bg_override=&#8221;ex-full&#8221; bg_color_value=&#8221;#4e89d5&#8243; el_class=&#8221;banner&#8221; css=&#8221;.vc_custom_1589983281229{margin-top: 40px !important;background-color: #4e89d5 !important;}&#8221;][vc_column width=&#8221;2\/3&#8243;][vc_column_text el_class=&#8221;banner-text&#8221;]Make a If\u00e1 divination and know what the Orisa have in store for you[\/vc_column_text][\/vc_column][vc_column width=&#8221;1\/3&#8243;][vc_column_text css_animation=&#8221;bounceIn&#8221;]<\/p>\n<p style=\"text-align: center;\"><a class=\"custom-buttons-alternative\" href=\"https:\/\/ileawo.com\/en\/contact\/\">Ask us<\/a><\/p>\n<p>[\/vc_column_text][\/vc_column][\/vc_row]<\/p>\n<\/div>"},"excerpt":{"rendered":"<p>[vc_row css=&#8221;.vc_custom_1572174624836{margin-top: 60px !important;margin-bottom: 40px !important;}&#8221; el_class=&#8221;first-row&#8221;][vc_column width=&#8221;1\/6&#8243; offset=&#8221;vc_hidden-sm vc_hidden-xs&#8221;][\/vc_column][vc_column offset=&#8221;vc_col-md-8&#8243;][vc_column_text] Performing an If\u00e1 divination is the first step that every person must take to solve<span class=\"excerpt-hellip\"> [\u2026]<\/span><\/p>\n","protected":false},"author":1,"featured_media":4390,"parent":3755,"menu_order":0,"comment_status":"open","ping_status":"open","template":"","meta":{"footnotes":""},"categories":[],"class_list":["post-3789","page","type-page","status-publish","has-post-thumbnail","hentry"],"yoast_head":"<!-- This site is optimized with the Yoast SEO Premium plugin v25.2 (Yoast SEO v27.4) - https:\/\/yoast.com\/product\/yoast-seo-premium-wordpress\/ -->\n<title>If\u00e1 divination: the traditional system and the signs of If\u00e1 - Il\u00e9 Awo<\/title>\n<meta name=\"description\" content=\"Through the If\u00e1 divination the Yoruba decipher the message of Olodumare. It is the first step that a person must take to improve their luck.\" \/>\n<meta name=\"robots\" content=\"index, follow, max-snippet:-1, max-image-preview:large, max-video-preview:-1\" \/>\n<link rel=\"canonical\" href=\"https:\/\/ileawo.com\/en\/practice-ifa-traditional\/ifa-divination\/\" \/>\n<meta property=\"og:locale\" content=\"en_US\" \/>\n<meta property=\"og:type\" content=\"article\" \/>\n<meta property=\"og:title\" content=\"The If\u00e1 divination system\" \/>\n<meta property=\"og:description\" content=\"Through the If\u00e1 divination the Yoruba decipher the message of Olodumare. It is the first step that a person must take to improve their luck.\" \/>\n<meta property=\"og:url\" content=\"https:\/\/ileawo.com\/en\/practice-ifa-traditional\/ifa-divination\/\" \/>\n<meta property=\"og:site_name\" content=\"Il\u00e9 Awo\" \/>\n<meta property=\"article:publisher\" content=\"https:\/\/www.facebook.com\/ifabiyii\" \/>\n<meta property=\"article:modified_time\" content=\"2020-06-03T12:00:49+00:00\" \/>\n<meta property=\"og:image\" content=\"https:\/\/ileawo.com\/wp-content\/uploads\/2020\/05\/ifa-divination.jpg\" \/>\n\t<meta property=\"og:image:width\" content=\"1200\" \/>\n\t<meta property=\"og:image:height\" content=\"633\" \/>\n\t<meta property=\"og:image:type\" content=\"image\/jpeg\" \/>\n<meta name=\"twitter:card\" content=\"summary_large_image\" \/>\n<meta name=\"twitter:image\" content=\"https:\/\/ileawo.com\/wp-content\/uploads\/2020\/05\/ifa-divination.jpg\" \/>\n<meta name=\"twitter:site\" content=\"@ifabiyii\" \/>\n<!-- \/ Yoast SEO Premium plugin. -->","yoast_head_json":{"title":"If\u00e1 divination: the traditional system and the signs of If\u00e1 - Il\u00e9 Awo","description":"Through the If\u00e1 divination the Yoruba decipher the message of Olodumare. It is the first step that a person must take to improve their luck.","robots":{"index":"index","follow":"follow","max-snippet":"max-snippet:-1","max-image-preview":"max-image-preview:large","max-video-preview":"max-video-preview:-1"},"canonical":"https:\/\/ileawo.com\/en\/practice-ifa-traditional\/ifa-divination\/","og_locale":"en_US","og_type":"article","og_title":"The If\u00e1 divination system","og_description":"Through the If\u00e1 divination the Yoruba decipher the message of Olodumare. It is the first step that a person must take to improve their luck.","og_url":"https:\/\/ileawo.com\/en\/practice-ifa-traditional\/ifa-divination\/","og_site_name":"Il\u00e9 Awo","article_publisher":"https:\/\/www.facebook.com\/ifabiyii","article_modified_time":"2020-06-03T12:00:49+00:00","og_image":[{"width":1200,"height":633,"url":"https:\/\/ileawo.com\/wp-content\/uploads\/2020\/05\/ifa-divination.jpg","type":"image\/jpeg"}],"twitter_card":"summary_large_image","twitter_image":"https:\/\/ileawo.com\/wp-content\/uploads\/2020\/05\/ifa-divination.jpg","twitter_site":"@ifabiyii","schema":{"@context":"https:\/\/schema.org","@graph":[{"@type":"Article","@id":"https:\/\/ileawo.com\/en\/practice-ifa-traditional\/ifa-divination\/#article","isPartOf":{"@id":"https:\/\/ileawo.com\/en\/practice-ifa-traditional\/ifa-divination\/"},"author":{"name":"If\u00e1b\u00edy\u00ec\u00ed Ak\u00f3d\u00e0","@id":"http:\/\/ileawo.com\/en\/#\/schema\/person\/5b4d3af5a9aa8f02fe88dbeb048ef64a"},"headline":"The If\u00e1 divination system","datePublished":"2019-10-26T22:00:00+00:00","dateModified":"2020-06-03T12:00:49+00:00","mainEntityOfPage":{"@id":"https:\/\/ileawo.com\/en\/practice-ifa-traditional\/ifa-divination\/"},"wordCount":1406,"commentCount":0,"publisher":{"@id":"http:\/\/ileawo.com\/en\/#organization"},"image":{"@id":"https:\/\/ileawo.com\/en\/practice-ifa-traditional\/ifa-divination\/#primaryimage"},"thumbnailUrl":"https:\/\/ileawo.com\/wp-content\/uploads\/2020\/05\/ifa-divination.jpg","inLanguage":"en-US","potentialAction":[{"@type":"CommentAction","name":"Comment","target":["https:\/\/ileawo.com\/en\/practice-ifa-traditional\/ifa-divination\/#respond"]}]},{"@type":"WebPage","@id":"https:\/\/ileawo.com\/en\/practice-ifa-traditional\/ifa-divination\/","url":"https:\/\/ileawo.com\/en\/practice-ifa-traditional\/ifa-divination\/","name":"If\u00e1 divination: the traditional system and the signs of If\u00e1 - Il\u00e9 Awo","isPartOf":{"@id":"http:\/\/ileawo.com\/en\/#website"},"primaryImageOfPage":{"@id":"https:\/\/ileawo.com\/en\/practice-ifa-traditional\/ifa-divination\/#primaryimage"},"image":{"@id":"https:\/\/ileawo.com\/en\/practice-ifa-traditional\/ifa-divination\/#primaryimage"},"thumbnailUrl":"https:\/\/ileawo.com\/wp-content\/uploads\/2020\/05\/ifa-divination.jpg","datePublished":"2019-10-26T22:00:00+00:00","dateModified":"2020-06-03T12:00:49+00:00","description":"Through the If\u00e1 divination the Yoruba decipher the message of Olodumare. It is the first step that a person must take to improve their luck.","breadcrumb":{"@id":"https:\/\/ileawo.com\/en\/practice-ifa-traditional\/ifa-divination\/#breadcrumb"},"inLanguage":"en-US","potentialAction":[{"@type":"ReadAction","target":["https:\/\/ileawo.com\/en\/practice-ifa-traditional\/ifa-divination\/"]}]},{"@type":"ImageObject","inLanguage":"en-US","@id":"https:\/\/ileawo.com\/en\/practice-ifa-traditional\/ifa-divination\/#primaryimage","url":"https:\/\/ileawo.com\/wp-content\/uploads\/2020\/05\/ifa-divination.jpg","contentUrl":"https:\/\/ileawo.com\/wp-content\/uploads\/2020\/05\/ifa-divination.jpg","width":1200,"height":633,"caption":"The If\u00e1 divination system"},{"@type":"BreadcrumbList","@id":"https:\/\/ileawo.com\/en\/practice-ifa-traditional\/ifa-divination\/#breadcrumb","itemListElement":[{"@type":"ListItem","position":1,"name":"Home","item":"https:\/\/ileawo.com\/en\/"},{"@type":"ListItem","position":2,"name":"Practice of If\u00e1 Traditional","item":"https:\/\/ileawo.com\/en\/practice-ifa-traditional\/"},{"@type":"ListItem","position":3,"name":"The If\u00e1 divination system"}]},{"@type":"WebSite","@id":"http:\/\/ileawo.com\/en\/#website","url":"http:\/\/ileawo.com\/en\/","name":"Il\u00e9 Awo","description":"","publisher":{"@id":"http:\/\/ileawo.com\/en\/#organization"},"potentialAction":[{"@type":"SearchAction","target":{"@type":"EntryPoint","urlTemplate":"http:\/\/ileawo.com\/en\/?s={search_term_string}"},"query-input":{"@type":"PropertyValueSpecification","valueRequired":true,"valueName":"search_term_string"}}],"inLanguage":"en-US"},{"@type":"Organization","@id":"http:\/\/ileawo.com\/en\/#organization","name":"Il\u00e9 Awo","url":"http:\/\/ileawo.com\/en\/","logo":{"@type":"ImageObject","inLanguage":"en-US","@id":"http:\/\/ileawo.com\/en\/#\/schema\/logo\/image\/","url":"https:\/\/ileawo.com\/wp-content\/uploads\/revslider\/Bienvenido\/Logo-Ile-Awo-20201.png","contentUrl":"https:\/\/ileawo.com\/wp-content\/uploads\/revslider\/Bienvenido\/Logo-Ile-Awo-20201.png","width":500,"height":155,"caption":"Il\u00e9 Awo"},"image":{"@id":"http:\/\/ileawo.com\/en\/#\/schema\/logo\/image\/"},"sameAs":["https:\/\/www.facebook.com\/ifabiyii","https:\/\/x.com\/ifabiyii","https:\/\/www.instagram.com\/ifabiyii_akoda\/"]},{"@type":"Person","@id":"http:\/\/ileawo.com\/en\/#\/schema\/person\/5b4d3af5a9aa8f02fe88dbeb048ef64a","name":"If\u00e1b\u00edy\u00ec\u00ed Ak\u00f3d\u00e0","image":{"@type":"ImageObject","inLanguage":"en-US","@id":"https:\/\/secure.gravatar.com\/avatar\/07530fd5fec1f19247b6ca33a6f419284691fff29c8857d86ea771d943bdba08?s=96&d=mm&r=g","url":"https:\/\/secure.gravatar.com\/avatar\/07530fd5fec1f19247b6ca33a6f419284691fff29c8857d86ea771d943bdba08?s=96&d=mm&r=g","contentUrl":"https:\/\/secure.gravatar.com\/avatar\/07530fd5fec1f19247b6ca33a6f419284691fff29c8857d86ea771d943bdba08?s=96&d=mm&r=g","caption":"If\u00e1b\u00edy\u00ec\u00ed Ak\u00f3d\u00e0"},"sameAs":["https:\/\/ileawo.com\/"]}]}},"_links":{"self":[{"href":"https:\/\/ileawo.com\/en\/wp-json\/wp\/v2\/pages\/3789","targetHints":{"allow":["GET"]}}],"collection":[{"href":"https:\/\/ileawo.com\/en\/wp-json\/wp\/v2\/pages"}],"about":[{"href":"https:\/\/ileawo.com\/en\/wp-json\/wp\/v2\/types\/page"}],"author":[{"embeddable":true,"href":"https:\/\/ileawo.com\/en\/wp-json\/wp\/v2\/users\/1"}],"replies":[{"embeddable":true,"href":"https:\/\/ileawo.com\/en\/wp-json\/wp\/v2\/comments?post=3789"}],"version-history":[{"count":0,"href":"https:\/\/ileawo.com\/en\/wp-json\/wp\/v2\/pages\/3789\/revisions"}],"up":[{"embeddable":true,"href":"https:\/\/ileawo.com\/en\/wp-json\/wp\/v2\/pages\/3755"}],"wp:featuredmedia":[{"embeddable":true,"href":"https:\/\/ileawo.com\/en\/wp-json\/wp\/v2\/media\/4390"}],"wp:attachment":[{"href":"https:\/\/ileawo.com\/en\/wp-json\/wp\/v2\/media?parent=3789"}],"wp:term":[{"taxonomy":"category","embeddable":true,"href":"https:\/\/ileawo.com\/en\/wp-json\/wp\/v2\/categories?post=3789"}],"curies":[{"name":"wp","href":"https:\/\/api.w.org\/{rel}","templated":true}]}}