{"id":3777,"date":"2019-10-27T00:00:00","date_gmt":"2019-10-26T22:00:00","guid":{"rendered":"https:\/\/ileawo.com\/practice-ifa-traditional\/iniciacion-ifa\/"},"modified":"2020-05-31T22:16:52","modified_gmt":"2020-05-31T20:16:52","slug":"ifa-initiation","status":"publish","type":"page","link":"https:\/\/ileawo.com\/en\/practice-ifa-traditional\/ifa-initiation\/","title":{"rendered":"Yoruba initiation ceremonies"},"content":{"rendered":"<div class=\"wpb-content-wrapper\"><p>[vc_row css=&#8221;.vc_custom_1572174624836{margin-top: 60px !important;margin-bottom: 40px !important;}&#8221; el_class=&#8221;first-row&#8221;][vc_column width=&#8221;1\/6&#8243; offset=&#8221;vc_hidden-sm vc_hidden-xs&#8221;][\/vc_column][vc_column offset=&#8221;vc_col-md-8&#8243;][vc_column_text]<\/p>\n<p style=\"text-align: center;\">Ifa&#8217;s initiation into Yoruba culture is based on knowledge. Starting in If\u00e1, in any of the Yoruba ceremonies, means committing to a life of study that allows us to have the tools and learn the advice that If\u00e1 and the Orisa give us to improve our luck and overcome any tribulation. Here you will be able to know the different Yoruba initiation ceremonies, what it consists of and you will be able to obtain the keys to start in If\u00e1 and what to do once started.<\/p>\n<p>[\/vc_column_text][\/vc_column][vc_column width=&#8221;1\/6&#8243; offset=&#8221;vc_hidden-sm vc_hidden-xs&#8221;][\/vc_column][\/vc_row][vc_row full_width=&#8221;stretch_row&#8221; content_placement=&#8221;middle&#8221; bg_type=&#8221;bg_color&#8221; bg_color_value=&#8221;#f6f6f6&#8243; css=&#8221;.vc_custom_1589983081009{padding-top: 20px !important;padding-bottom: 40px !important;background-color: #f6f6f6 !important;}&#8221;][vc_column offset=&#8221;vc_col-lg-6 vc_col-md-12&#8243;][vc_single_image image=&#8221;1112&#8243; img_size=&#8221;large&#8221; alignment=&#8221;center&#8221; css_animation=&#8221;left-to-right&#8221; css=&#8221;.vc_custom_1590016083862{margin-bottom: 0px !important;}&#8221;][vc_column_text css=&#8221;.vc_custom_1590775104797{margin-bottom: 0px !important;}&#8221;]<\/p>\n<h2 style=\"text-align: center;\">Why get the If\u00e1 initiation?<\/h2>\n<p style=\"text-align: center;\">Knowing the Od\u00f9 de If\u00e1, your priest will be able to make offerings to the Orisas that will be key to improving different aspects of your life. By acquiring this If\u00e1 initiation, the person will have the power to perform different Yoruba ceremonies depending on the knowledge they have acquired. This knowledge can be improved with the <a href=\"https:\/\/ileawo.com\/en\/applications\/\">If\u00e1 Tradicional app<\/a>.<\/p>\n<p>[\/vc_column_text][\/vc_column][vc_column offset=&#8221;vc_col-lg-6 vc_col-md-12&#8243;][vc_column_text]<\/p>\n<h2 style=\"text-align: center;\">Types of yoruba ceremonies<\/h2>\n<p style=\"text-align: center;\">In the Yoruba culture, there are several types of If\u00e1 initiation that take place from the time the children are just born until they begin completely on the If\u00e1 paths to become a <a href=\"https:\/\/ileawo.com\/en\/practice-ifa-traditional\/babalawo-ifabiyii-akoda\/\">babalawo<\/a>.<\/p>\n<p style=\"text-align: center;\"><strong>Click on each one and know what they consist of.<\/strong><\/p>\n<p>[\/vc_column_text][vc_tta_accordion color=&#8221;white&#8221; gap=&#8221;1&#8243; active_section=&#8221;1&#8243; css=&#8221;.vc_custom_1496145158655{background-color: #ffffff !important;}&#8221;][vc_tta_section title=&#8221;Ikosedaye | Baptism Yoruba&#8221; tab_id=&#8221;1496143344531-e297b2cf-d20cd339-ca189bc6-0d88bf5e-1198&#8243;][vc_column_text css=&#8221;.vc_custom_1590422570731{background-color: #ffffff !important;}&#8221;]This initiation is commonly known as the Yoruba christening. It is carried out to the person at an early age and consists of strengthening the life of the child on earth to achieve the different luck during his life.[\/vc_column_text][\/vc_tta_section][vc_tta_section title=&#8221;Isefa | First hand of If\u00e1&#8221; tab_id=&#8221;1496143344617-aeda8b7c-1e63d339-ca189bc6-0d88bf5e-1198&#8243;][vc_column_text]This initiation of the Isefa (Isf\u00e1) also known as the hand of Orunmila or the hand of Orula, consists in receiving the first hand of If\u00e1. With this initiation the Odu de If\u00e1 (If\u00e1 sign) that governs the person during his life or until he performs any Yoruba ceremony of higher rank can be known.[\/vc_column_text][\/vc_tta_section][vc_tta_section title=&#8221;Itelegan | Initiation without Od\u00f9&#8221; tab_id=&#8221;1496143499215-22dc417b-204ad339-ca189bc6-0d88bf5e-1198&#8243;][vc_column_text]This If\u00e1 ceremony (\u00cct\u00e8l\u00e9g\u00e0n in Yoruba) is very similar to the initiation performed for an Iyanif\u00e1 since during the consecration for the Iyawo (\u00ccy\u00e1w\u00f2), that is, the person who is beginning, the Orisha Igba iwa Od\u00f9 does not participate. Likewise, the prohibitions that an Iyanif\u00e1 has will remain, such as the initiation of a person in If\u00e1 or participating in any ceremony with the Orisa Igba iwa Od\u00f9.[\/vc_column_text][\/vc_tta_section][vc_tta_section title=&#8221;Itef\u00e1 | If\u00e1 initiation&#8221; tab_id=&#8221;1496143460199-dcef1dde-aa28d339-ca189bc6-0d88bf5e-1198&#8243;][vc_column_text]This Itef\u00e1 ceremony is the initiation into the If\u00e1 practice that is performed for both women and men. With this initiation, the woman will be able to perform If\u00e1 divinations and participate in If\u00e1 ceremonies except any ceremony related to the Orisa Igba iwa Od\u00f9.[\/vc_column_text][\/vc_tta_section][vc_tta_section title=&#8221;Itelodu | If\u00e1 initiation&#8221; tab_id=&#8221;1496143534236-2322aeb8-53cdd339-ca189bc6-0d88bf5e-1198&#8243;][vc_column_text]Itelodu (\u00cct\u00e8l\u00f3d\u00f9) is the other name by which the initiation of if\u00e1 is known in traditional practice. It is only called by this name when initiation is carried out for a man, since Orisa Igba iwa Od\u00f9 participates in it. The person to whom he consecrates has no restrictions to perform If\u00e1 ceremonies or initiations beyond those that his own knowledge prevents him from performing.[\/vc_column_text][\/vc_tta_section][\/vc_tta_accordion][\/vc_column][\/vc_row][vc_row][vc_column width=&#8221;1\/6&#8243; offset=&#8221;vc_hidden-sm vc_hidden-xs&#8221;][\/vc_column][vc_column offset=&#8221;vc_col-md-8&#8243;][vc_column_text]<\/p>\n<h2 style=\"text-align: center;\">With whom to do the If\u00e1 initiation?<\/h2>\n<p style=\"text-align: center;\">None of the previous Yoruba initiations and ceremonies can be performed a second time, so it is important to know where and with whom we perform it. As in the case of the If\u00e1 divination or any other Yoruba ceremony, we must start with a babalawo about whom we are sure of his knowledge and results.<\/p>\n<p>[\/vc_column_text][vc_column_text]<\/p>\n<p style=\"text-align: center;\"><a href=\"https:\/\/ileawo.com\/en\/contact\/\">Know more<\/a><\/p>\n<p>[\/vc_column_text][\/vc_column][vc_column width=&#8221;1\/6&#8243; offset=&#8221;vc_hidden-sm vc_hidden-xs&#8221;][\/vc_column][\/vc_row][vc_row full_width=&#8221;stretch_row&#8221; bg_type=&#8221;bg_color&#8221; bg_color_value=&#8221;#4e89d5&#8243; css=&#8221;.vc_custom_1589983099079{padding-top: 20px !important;padding-bottom: 60px !important;background-color: #4e89d5 !important;}&#8221;][vc_column css=&#8221;.vc_custom_1572255650960{margin-bottom: 20px !important;}&#8221;][vc_column_text css=&#8221;.vc_custom_1590423204682{margin-bottom: 0px !important;}&#8221;]<\/p>\n<h2 style=\"text-align: center;\"><span style=\"color: #ffffff;\">The keys after the If\u00e1 initiation<\/span><\/h2>\n<p>[\/vc_column_text][\/vc_column][vc_column css_animation=&#8221;bottom-to-top&#8221; offset=&#8221;vc_col-md-4&#8243; css=&#8221;.vc_custom_1572255588637{margin-top: 0px !important;margin-bottom: 0px !important;padding-top: 10px !important;padding-bottom: 10px !important;}&#8221;][vc_column_text css=&#8221;.vc_custom_1590775156398{margin-top: 0px !important;margin-bottom: 0px !important;padding-top: 40px !important;padding-right: 40px !important;padding-bottom: 40px !important;padding-left: 40px !important;background-color: #fcfcfc !important;border-radius: 10px !important;}&#8221;]<\/p>\n<h3 class=\"titulo-cuadros\" style=\"text-align: center;\">Knowledge<\/h3>\n<p style=\"text-align: center;\">If\u00e1 <a href=\"http:\/\/hyperurl.co\/ifa-pro-app\">study<\/a> is the key before and after the traditional If\u00e1 initiation. Knowing our Od\u00f9 de If\u00e1 and learning it well we can prevent many problems or improve our lives.<\/p>\n<p>[\/vc_column_text][\/vc_column][vc_column css_animation=&#8221;bottom-to-top&#8221; offset=&#8221;vc_col-md-4&#8243; css=&#8221;.vc_custom_1572255596529{margin-top: 0px !important;margin-bottom: 0px !important;padding-top: 10px !important;padding-bottom: 10px !important;}&#8221;][vc_column_text css=&#8221;.vc_custom_1590423285992{margin-top: 0px !important;margin-bottom: 0px !important;padding-top: 40px !important;padding-right: 40px !important;padding-bottom: 40px !important;padding-left: 40px !important;background-color: #fcfcfc !important;border-radius: 10px !important;}&#8221;]<\/p>\n<h3 class=\"titulo-cuadros\" style=\"text-align: center;\">Working If\u00e1<\/h3>\n<p style=\"text-align: center;\">The initiates will be able to perform divination and If\u00e1 ceremonies, provided you have the necessary knowledge. If you are not in possession of them, you should not perform these tasks.<\/p>\n<p>[\/vc_column_text][\/vc_column][vc_column css_animation=&#8221;bottom-to-top&#8221; offset=&#8221;vc_col-md-4&#8243; css=&#8221;.vc_custom_1572255604767{margin-top: 0px !important;margin-bottom: 0px !important;padding-top: 10px !important;padding-bottom: 10px !important;}&#8221;][vc_column_text css=&#8221;.vc_custom_1590775168746{margin-top: 0px !important;margin-bottom: 0px !important;padding-top: 40px !important;padding-right: 40px !important;padding-bottom: 40px !important;padding-left: 40px !important;background-color: #fcfcfc !important;border-radius: 10px !important;}&#8221;]<\/p>\n<h3 class=\"titulo-cuadros\" style=\"text-align: center;\">Behavior<\/h3>\n<p style=\"text-align: center;\">A babalawo and any initiate must have good behavior: be correct and respect the moral laws that If\u00e1 instills in us. Learn more about the commandments <a href=\"http:\/\/hyperurl.co\/ifa-pro-app\">in the app<\/a>.<\/p>\n<p>[\/vc_column_text][\/vc_column][\/vc_row][vc_row full_width=&#8221;stretch_row&#8221; content_placement=&#8221;middle&#8221; bg_type=&#8221;bg_color&#8221; bg_override=&#8221;ex-full&#8221; bg_color_value=&#8221;#ffffff&#8221; el_class=&#8221;banner&#8221; css=&#8221;.vc_custom_1589983105433{background-color: #ffffff !important;}&#8221;][vc_column width=&#8221;2\/3&#8243;][vc_column_text el_class=&#8221;banner-text-alternative&#8221;]Recite the If\u00e1 verses like a true Yoruba with If\u00e1 Tradicional Pro[\/vc_column_text][\/vc_column][vc_column width=&#8221;1\/3&#8243;][vc_column_text css_animation=&#8221;bounceIn&#8221;]<\/p>\n<p style=\"text-align: center;\"><a class=\"custom-buttons\" href=\"http:\/\/hyperurl.co\/ifa-pro-app\">Download<\/a><\/p>\n<p>[\/vc_column_text][\/vc_column][\/vc_row]<\/p>\n<\/div>"},"excerpt":{"rendered":"<p>[vc_row css=&#8221;.vc_custom_1572174624836{margin-top: 60px !important;margin-bottom: 40px !important;}&#8221; el_class=&#8221;first-row&#8221;][vc_column width=&#8221;1\/6&#8243; offset=&#8221;vc_hidden-sm vc_hidden-xs&#8221;][\/vc_column][vc_column offset=&#8221;vc_col-md-8&#8243;][vc_column_text] Ifa&#8217;s initiation into Yoruba culture is based on knowledge. Starting in If\u00e1, in any of<span class=\"excerpt-hellip\"> [\u2026]<\/span><\/p>\n","protected":false},"author":1,"featured_media":4403,"parent":3755,"menu_order":0,"comment_status":"open","ping_status":"open","template":"","meta":{"footnotes":""},"categories":[],"class_list":["post-3777","page","type-page","status-publish","has-post-thumbnail","hentry"],"yoast_head":"<!-- This site is optimized with the Yoast SEO Premium plugin v25.2 (Yoast SEO v27.3) - https:\/\/yoast.com\/product\/yoast-seo-premium-wordpress\/ -->\n<title>If\u00e1 initiation and traditional Yoruba ceremonies - Il\u00e9 Awo<\/title>\n<meta name=\"description\" content=\"There are different ceremonies in the Yoruba religion. All If\u00e1 initiation into traditional practice is based on knowledge and preparation.\" \/>\n<meta name=\"robots\" content=\"index, follow, max-snippet:-1, max-image-preview:large, max-video-preview:-1\" \/>\n<link rel=\"canonical\" href=\"https:\/\/ileawo.com\/en\/practice-ifa-traditional\/ifa-initiation\/\" \/>\n<meta property=\"og:locale\" content=\"en_US\" \/>\n<meta property=\"og:type\" content=\"article\" \/>\n<meta property=\"og:title\" content=\"Yoruba initiation ceremonies\" \/>\n<meta property=\"og:description\" content=\"There are different ceremonies in the Yoruba religion. All If\u00e1 initiation into traditional practice is based on knowledge and preparation.\" \/>\n<meta property=\"og:url\" content=\"https:\/\/ileawo.com\/en\/practice-ifa-traditional\/ifa-initiation\/\" \/>\n<meta property=\"og:site_name\" content=\"Il\u00e9 Awo\" \/>\n<meta property=\"article:publisher\" content=\"https:\/\/www.facebook.com\/ifabiyii\" \/>\n<meta property=\"article:modified_time\" content=\"2020-05-31T20:16:52+00:00\" \/>\n<meta property=\"og:image\" content=\"https:\/\/ileawo.com\/wp-content\/uploads\/2020\/05\/Ifa-initiation.jpg\" \/>\n\t<meta property=\"og:image:width\" content=\"1200\" \/>\n\t<meta property=\"og:image:height\" content=\"633\" \/>\n\t<meta property=\"og:image:type\" content=\"image\/jpeg\" \/>\n<meta name=\"twitter:card\" content=\"summary_large_image\" \/>\n<meta name=\"twitter:image\" content=\"https:\/\/ileawo.com\/wp-content\/uploads\/2020\/05\/Ifa-initiation.jpg\" \/>\n<meta name=\"twitter:site\" content=\"@ifabiyii\" \/>\n<!-- \/ Yoast SEO Premium plugin. -->","yoast_head_json":{"title":"If\u00e1 initiation and traditional Yoruba ceremonies - Il\u00e9 Awo","description":"There are different ceremonies in the Yoruba religion. All If\u00e1 initiation into traditional practice is based on knowledge and preparation.","robots":{"index":"index","follow":"follow","max-snippet":"max-snippet:-1","max-image-preview":"max-image-preview:large","max-video-preview":"max-video-preview:-1"},"canonical":"https:\/\/ileawo.com\/en\/practice-ifa-traditional\/ifa-initiation\/","og_locale":"en_US","og_type":"article","og_title":"Yoruba initiation ceremonies","og_description":"There are different ceremonies in the Yoruba religion. All If\u00e1 initiation into traditional practice is based on knowledge and preparation.","og_url":"https:\/\/ileawo.com\/en\/practice-ifa-traditional\/ifa-initiation\/","og_site_name":"Il\u00e9 Awo","article_publisher":"https:\/\/www.facebook.com\/ifabiyii","article_modified_time":"2020-05-31T20:16:52+00:00","og_image":[{"width":1200,"height":633,"url":"https:\/\/ileawo.com\/wp-content\/uploads\/2020\/05\/Ifa-initiation.jpg","type":"image\/jpeg"}],"twitter_card":"summary_large_image","twitter_image":"https:\/\/ileawo.com\/wp-content\/uploads\/2020\/05\/Ifa-initiation.jpg","twitter_site":"@ifabiyii","schema":{"@context":"https:\/\/schema.org","@graph":[{"@type":"Article","@id":"https:\/\/ileawo.com\/en\/practice-ifa-traditional\/ifa-initiation\/#article","isPartOf":{"@id":"https:\/\/ileawo.com\/en\/practice-ifa-traditional\/ifa-initiation\/"},"author":{"name":"If\u00e1b\u00edy\u00ec\u00ed Ak\u00f3d\u00e0","@id":"http:\/\/ileawo.com\/en\/#\/schema\/person\/5b4d3af5a9aa8f02fe88dbeb048ef64a"},"headline":"Yoruba initiation ceremonies","datePublished":"2019-10-26T22:00:00+00:00","dateModified":"2020-05-31T20:16:52+00:00","mainEntityOfPage":{"@id":"https:\/\/ileawo.com\/en\/practice-ifa-traditional\/ifa-initiation\/"},"wordCount":1291,"commentCount":0,"publisher":{"@id":"http:\/\/ileawo.com\/en\/#organization"},"image":{"@id":"https:\/\/ileawo.com\/en\/practice-ifa-traditional\/ifa-initiation\/#primaryimage"},"thumbnailUrl":"https:\/\/ileawo.com\/wp-content\/uploads\/2020\/05\/Ifa-initiation.jpg","inLanguage":"en-US","potentialAction":[{"@type":"CommentAction","name":"Comment","target":["https:\/\/ileawo.com\/en\/practice-ifa-traditional\/ifa-initiation\/#respond"]}]},{"@type":"WebPage","@id":"https:\/\/ileawo.com\/en\/practice-ifa-traditional\/ifa-initiation\/","url":"https:\/\/ileawo.com\/en\/practice-ifa-traditional\/ifa-initiation\/","name":"If\u00e1 initiation and traditional Yoruba ceremonies - Il\u00e9 Awo","isPartOf":{"@id":"http:\/\/ileawo.com\/en\/#website"},"primaryImageOfPage":{"@id":"https:\/\/ileawo.com\/en\/practice-ifa-traditional\/ifa-initiation\/#primaryimage"},"image":{"@id":"https:\/\/ileawo.com\/en\/practice-ifa-traditional\/ifa-initiation\/#primaryimage"},"thumbnailUrl":"https:\/\/ileawo.com\/wp-content\/uploads\/2020\/05\/Ifa-initiation.jpg","datePublished":"2019-10-26T22:00:00+00:00","dateModified":"2020-05-31T20:16:52+00:00","description":"There are different ceremonies in the Yoruba religion. All If\u00e1 initiation into traditional practice is based on knowledge and preparation.","breadcrumb":{"@id":"https:\/\/ileawo.com\/en\/practice-ifa-traditional\/ifa-initiation\/#breadcrumb"},"inLanguage":"en-US","potentialAction":[{"@type":"ReadAction","target":["https:\/\/ileawo.com\/en\/practice-ifa-traditional\/ifa-initiation\/"]}]},{"@type":"ImageObject","inLanguage":"en-US","@id":"https:\/\/ileawo.com\/en\/practice-ifa-traditional\/ifa-initiation\/#primaryimage","url":"https:\/\/ileawo.com\/wp-content\/uploads\/2020\/05\/Ifa-initiation.jpg","contentUrl":"https:\/\/ileawo.com\/wp-content\/uploads\/2020\/05\/Ifa-initiation.jpg","width":1200,"height":633,"caption":"If\u00e1 initiation and traditional Yoruba ceremonies"},{"@type":"BreadcrumbList","@id":"https:\/\/ileawo.com\/en\/practice-ifa-traditional\/ifa-initiation\/#breadcrumb","itemListElement":[{"@type":"ListItem","position":1,"name":"Home","item":"https:\/\/ileawo.com\/en\/"},{"@type":"ListItem","position":2,"name":"Practice of If\u00e1 Traditional","item":"https:\/\/ileawo.com\/en\/practice-ifa-traditional\/"},{"@type":"ListItem","position":3,"name":"Yoruba initiation ceremonies"}]},{"@type":"WebSite","@id":"http:\/\/ileawo.com\/en\/#website","url":"http:\/\/ileawo.com\/en\/","name":"Il\u00e9 Awo","description":"","publisher":{"@id":"http:\/\/ileawo.com\/en\/#organization"},"potentialAction":[{"@type":"SearchAction","target":{"@type":"EntryPoint","urlTemplate":"http:\/\/ileawo.com\/en\/?s={search_term_string}"},"query-input":{"@type":"PropertyValueSpecification","valueRequired":true,"valueName":"search_term_string"}}],"inLanguage":"en-US"},{"@type":"Organization","@id":"http:\/\/ileawo.com\/en\/#organization","name":"Il\u00e9 Awo","url":"http:\/\/ileawo.com\/en\/","logo":{"@type":"ImageObject","inLanguage":"en-US","@id":"http:\/\/ileawo.com\/en\/#\/schema\/logo\/image\/","url":"https:\/\/ileawo.com\/wp-content\/uploads\/revslider\/Bienvenido\/Logo-Ile-Awo-20201.png","contentUrl":"https:\/\/ileawo.com\/wp-content\/uploads\/revslider\/Bienvenido\/Logo-Ile-Awo-20201.png","width":500,"height":155,"caption":"Il\u00e9 Awo"},"image":{"@id":"http:\/\/ileawo.com\/en\/#\/schema\/logo\/image\/"},"sameAs":["https:\/\/www.facebook.com\/ifabiyii","https:\/\/x.com\/ifabiyii","https:\/\/www.instagram.com\/ifabiyii_akoda\/"]},{"@type":"Person","@id":"http:\/\/ileawo.com\/en\/#\/schema\/person\/5b4d3af5a9aa8f02fe88dbeb048ef64a","name":"If\u00e1b\u00edy\u00ec\u00ed Ak\u00f3d\u00e0","image":{"@type":"ImageObject","inLanguage":"en-US","@id":"https:\/\/secure.gravatar.com\/avatar\/07530fd5fec1f19247b6ca33a6f419284691fff29c8857d86ea771d943bdba08?s=96&d=mm&r=g","url":"https:\/\/secure.gravatar.com\/avatar\/07530fd5fec1f19247b6ca33a6f419284691fff29c8857d86ea771d943bdba08?s=96&d=mm&r=g","contentUrl":"https:\/\/secure.gravatar.com\/avatar\/07530fd5fec1f19247b6ca33a6f419284691fff29c8857d86ea771d943bdba08?s=96&d=mm&r=g","caption":"If\u00e1b\u00edy\u00ec\u00ed Ak\u00f3d\u00e0"},"sameAs":["https:\/\/ileawo.com\/"]}]}},"_links":{"self":[{"href":"https:\/\/ileawo.com\/en\/wp-json\/wp\/v2\/pages\/3777","targetHints":{"allow":["GET"]}}],"collection":[{"href":"https:\/\/ileawo.com\/en\/wp-json\/wp\/v2\/pages"}],"about":[{"href":"https:\/\/ileawo.com\/en\/wp-json\/wp\/v2\/types\/page"}],"author":[{"embeddable":true,"href":"https:\/\/ileawo.com\/en\/wp-json\/wp\/v2\/users\/1"}],"replies":[{"embeddable":true,"href":"https:\/\/ileawo.com\/en\/wp-json\/wp\/v2\/comments?post=3777"}],"version-history":[{"count":0,"href":"https:\/\/ileawo.com\/en\/wp-json\/wp\/v2\/pages\/3777\/revisions"}],"up":[{"embeddable":true,"href":"https:\/\/ileawo.com\/en\/wp-json\/wp\/v2\/pages\/3755"}],"wp:featuredmedia":[{"embeddable":true,"href":"https:\/\/ileawo.com\/en\/wp-json\/wp\/v2\/media\/4403"}],"wp:attachment":[{"href":"https:\/\/ileawo.com\/en\/wp-json\/wp\/v2\/media?parent=3777"}],"wp:term":[{"taxonomy":"category","embeddable":true,"href":"https:\/\/ileawo.com\/en\/wp-json\/wp\/v2\/categories?post=3777"}],"curies":[{"name":"wp","href":"https:\/\/api.w.org\/{rel}","templated":true}]}}