{"id":3770,"date":"2019-10-27T00:00:00","date_gmt":"2019-10-26T22:00:00","guid":{"rendered":"https:\/\/ileawo.com\/practice-ifa-traditional\/babalawo-ifabiyii-akoda\/"},"modified":"2020-05-31T22:21:34","modified_gmt":"2020-05-31T20:21:34","slug":"babalawo-ifabiyii-akoda","status":"publish","type":"page","link":"https:\/\/ileawo.com\/en\/practice-ifa-traditional\/babalawo-ifabiyii-akoda\/","title":{"rendered":"Babalawo Ifabiyii Akoda"},"content":{"rendered":"<div class=\"wpb-content-wrapper\"><p>[vc_row el_class=&#8221;first-row&#8221;][vc_column width=&#8221;1\/6&#8243; offset=&#8221;vc_hidden-sm vc_hidden-xs&#8221;][\/vc_column][vc_column offset=&#8221;vc_col-md-8&#8243;][vc_column_text]<\/p>\n<blockquote>\n<p style=\"text-align: center;\">Good behavior must go hand in hand with Ifa practice and must be the priority of all babalawo<\/p>\n<p style=\"text-align: right;\"><strong>Awo Ifabiyii Akoda<\/strong><\/p>\n<\/blockquote>\n<p>[\/vc_column_text][\/vc_column][vc_column width=&#8221;1\/6&#8243; offset=&#8221;vc_hidden-sm vc_hidden-xs&#8221;][\/vc_column][\/vc_row][vc_row full_width=&#8221;stretch_row&#8221; content_placement=&#8221;middle&#8221; bg_type=&#8221;bg_color&#8221; css=&#8221;.vc_custom_1589983004152{padding-top: 40px !important;padding-bottom: 40px !important;background-color: #f6f6f6 !important;}&#8221; bg_color_value=&#8221;#f6f6f6&#8243; el_class=&#8221;flex-row-tablet margin-alternative&#8221;][vc_column offset=&#8221;vc_col-md-8&#8243;][vc_column_text]<\/p>\n<h2 style=\"text-align: center;\">Meet the babalawo Ifabiyii Akoda<\/h2>\n<p>The awo Ifabiyii Akoda (If\u00e1b\u00edy\u00ec\u00ed Ak\u00f3d\u00e0) is a babalawo started more than 18 years ago and a pioneer in the traditional practice of religion in Latin America and South Florida. He took his first steps in religion when he was just 14 years old and shortly afterwards he began his studies in the traditional If\u00e1 with Babalawo teachers from \u00d2y\u00f3, Nigeria, and later started with the Babalawo Frank Cabrera Su\u00e1rez.<\/p>\n<p>For Ifabiyii Akoda the basis of traditional If\u00e1 practice is study and knowledge. Guided by this principle, in the last decade, he has dedicated himself to spreading traditional Yoruba culture throughout the world through new technologies, founding in 2005 the portal iletuntun.com, now ileawo.com, the first page of traditional If\u00e1 in the world. He is also the creator and developer of the If\u00e1 Tradicional,<a href=\"http:\/\/hyperurl.co\/ifa-pro-app\"> If\u00e1 Tradicional Pro<\/a> and <a href=\"http:\/\/hyperurl.co\/oju-odu\">Oj\u00fa Od\u00f9<\/a> mobile and tablet applications, with more than 50,000 downloads worldwide since its first edition, of which more than 6,000 have been registered in Nigeria, which evidences the impact of the application even on Yoruba lands. Traditional Ifa applications are used as practical manuals in the daily life of the babalawo and the uninitiated.<\/p>\n<p>Regarding his work in the dissemination of <a href=\"https:\/\/ileawo.com\/en\/practice-ifa-traditional\/\">traditional Yoruba culture<\/a>, Ifabiyii Akoda states: &#8220;It is an honor to participate in this project and use technology to get information about Traditional Ifa, facilitating the study of all followers of the Yoruba religion in the world&#8221; .[\/vc_column_text][\/vc_column][vc_column offset=&#8221;vc_col-md-4&#8243;][vc_single_image image=&#8221;1964&#8243; img_size=&#8221;large&#8221; alignment=&#8221;center&#8221; css=&#8221;.vc_custom_1590015893717{margin-bottom: -30px !important;}&#8221;][\/vc_column][\/vc_row][vc_row full_width=&#8221;stretch_row&#8221; content_placement=&#8221;middle&#8221; parallax=&#8221;content-moving&#8221; parallax_image=&#8221;1131&#8243; parallax_speed_bg=&#8221;1.8&#8243; css=&#8221;.vc_custom_1590015941554{padding-top: 60px !important;padding-bottom: 60px !important;}&#8221;][vc_column width=&#8221;1\/4&#8243;][\/vc_column][vc_column width=&#8221;1\/2&#8243;][vc_column_text]<\/p>\n<h3 style=\"text-align: center;\"><span style=\"color: #ffffff;\">Pioneer in the practice of If\u00e1 Traditional<\/span><\/h3>\n<p style=\"text-align: center;\"><span style=\"color: #ffffff;\">Ifabiyii Akoda is one of the pioneers in the practice of Traditional Ifa in Latin America and the United States.<\/span><\/p>\n<p>[\/vc_column_text][vc_column_text]<\/p>\n<p style=\"text-align: center;\"><span style=\"color: #ffffff;\"><a style=\"color: #ffffff;\" href=\"https:\/\/ileawo.com\/en\/contact\/\">Know more<\/a><\/span><\/p>\n<p>[\/vc_column_text][\/vc_column][vc_column width=&#8221;1\/4&#8243;][\/vc_column][\/vc_row][vc_row full_width=&#8221;stretch_row&#8221; content_placement=&#8221;middle&#8221; bg_type=&#8221;bg_color&#8221; bg_override=&#8221;ex-full&#8221; bg_color_value=&#8221;#4e89d5&#8243; el_class=&#8221;banner&#8221; css=&#8221;.vc_custom_1589983012784{background-color: #4e89d5 !important;}&#8221;][vc_column width=&#8221;2\/3&#8243;][vc_column_text el_class=&#8221;banner-text&#8221;]Recite the If\u00e1 verses like a true Yoruba with If\u00e1 Tradicional Pro[\/vc_column_text][\/vc_column][vc_column width=&#8221;1\/3&#8243;][vc_column_text css_animation=&#8221;bounceIn&#8221;]<\/p>\n<p style=\"text-align: center;\"><a class=\"custom-buttons-alternative\" href=\"http:\/\/hyperurl.co\/ifa-pro-app\">Download<\/a><\/p>\n<p>[\/vc_column_text][\/vc_column][\/vc_row]<\/p>\n<\/div>"},"excerpt":{"rendered":"<p>[vc_row el_class=&#8221;first-row&#8221;][vc_column width=&#8221;1\/6&#8243; offset=&#8221;vc_hidden-sm vc_hidden-xs&#8221;][\/vc_column][vc_column offset=&#8221;vc_col-md-8&#8243;][vc_column_text] Good behavior must go hand in hand with Ifa practice and must be the priority of all babalawo Awo Ifabiyii<span class=\"excerpt-hellip\"> [\u2026]<\/span><\/p>\n","protected":false},"author":1,"featured_media":4478,"parent":3755,"menu_order":0,"comment_status":"open","ping_status":"open","template":"","meta":{"footnotes":""},"categories":[],"class_list":["post-3770","page","type-page","status-publish","has-post-thumbnail","hentry"],"yoast_head":"<!-- This site is optimized with the Yoast SEO Premium plugin v25.2 (Yoast SEO v27.4) - https:\/\/yoast.com\/product\/yoast-seo-premium-wordpress\/ -->\n<title>Ifabiyii Akoda, babalawo pioneer in the practice of If\u00e1 Traditional - Il\u00e9 Awo<\/title>\n<meta name=\"description\" content=\"Babalawo Ifabiyii Akoda is one of the pioneers in the practice of traditional If\u00e1 in Latin America, the United States and Europe. Contact him to know more\" \/>\n<meta name=\"robots\" content=\"index, follow, max-snippet:-1, max-image-preview:large, max-video-preview:-1\" \/>\n<link rel=\"canonical\" href=\"https:\/\/ileawo.com\/en\/practice-ifa-traditional\/babalawo-ifabiyii-akoda\/\" \/>\n<meta property=\"og:locale\" content=\"en_US\" \/>\n<meta property=\"og:type\" content=\"article\" \/>\n<meta property=\"og:title\" content=\"Babalawo Ifabiyii Akoda\" \/>\n<meta property=\"og:description\" content=\"Babalawo Ifabiyii Akoda is one of the pioneers in the practice of traditional If\u00e1 in Latin America, the United States and Europe. Contact him to know more\" \/>\n<meta property=\"og:url\" content=\"https:\/\/ileawo.com\/en\/practice-ifa-traditional\/babalawo-ifabiyii-akoda\/\" \/>\n<meta property=\"og:site_name\" content=\"Il\u00e9 Awo\" \/>\n<meta property=\"article:publisher\" content=\"https:\/\/www.facebook.com\/ifabiyii\" \/>\n<meta property=\"article:modified_time\" content=\"2020-05-31T20:21:34+00:00\" \/>\n<meta property=\"og:image\" content=\"https:\/\/ileawo.com\/wp-content\/uploads\/2020\/05\/traditional-babalawo.jpg\" \/>\n\t<meta property=\"og:image:width\" content=\"1200\" \/>\n\t<meta property=\"og:image:height\" content=\"633\" \/>\n\t<meta property=\"og:image:type\" content=\"image\/jpeg\" \/>\n<meta name=\"twitter:card\" content=\"summary_large_image\" \/>\n<meta name=\"twitter:image\" content=\"https:\/\/ileawo.com\/wp-content\/uploads\/2020\/05\/traditional-babalawo.jpg\" \/>\n<meta name=\"twitter:site\" content=\"@ifabiyii\" \/>\n<!-- \/ Yoast SEO Premium plugin. -->","yoast_head_json":{"title":"Ifabiyii Akoda, babalawo pioneer in the practice of If\u00e1 Traditional - Il\u00e9 Awo","description":"Babalawo Ifabiyii Akoda is one of the pioneers in the practice of traditional If\u00e1 in Latin America, the United States and Europe. Contact him to know more","robots":{"index":"index","follow":"follow","max-snippet":"max-snippet:-1","max-image-preview":"max-image-preview:large","max-video-preview":"max-video-preview:-1"},"canonical":"https:\/\/ileawo.com\/en\/practice-ifa-traditional\/babalawo-ifabiyii-akoda\/","og_locale":"en_US","og_type":"article","og_title":"Babalawo Ifabiyii Akoda","og_description":"Babalawo Ifabiyii Akoda is one of the pioneers in the practice of traditional If\u00e1 in Latin America, the United States and Europe. Contact him to know more","og_url":"https:\/\/ileawo.com\/en\/practice-ifa-traditional\/babalawo-ifabiyii-akoda\/","og_site_name":"Il\u00e9 Awo","article_publisher":"https:\/\/www.facebook.com\/ifabiyii","article_modified_time":"2020-05-31T20:21:34+00:00","og_image":[{"width":1200,"height":633,"url":"https:\/\/ileawo.com\/wp-content\/uploads\/2020\/05\/traditional-babalawo.jpg","type":"image\/jpeg"}],"twitter_card":"summary_large_image","twitter_image":"https:\/\/ileawo.com\/wp-content\/uploads\/2020\/05\/traditional-babalawo.jpg","twitter_site":"@ifabiyii","schema":{"@context":"https:\/\/schema.org","@graph":[{"@type":"Article","@id":"https:\/\/ileawo.com\/en\/practice-ifa-traditional\/babalawo-ifabiyii-akoda\/#article","isPartOf":{"@id":"https:\/\/ileawo.com\/en\/practice-ifa-traditional\/babalawo-ifabiyii-akoda\/"},"author":{"name":"If\u00e1b\u00edy\u00ec\u00ed Ak\u00f3d\u00e0","@id":"http:\/\/ileawo.com\/en\/#\/schema\/person\/5b4d3af5a9aa8f02fe88dbeb048ef64a"},"headline":"Babalawo Ifabiyii Akoda","datePublished":"2019-10-26T22:00:00+00:00","dateModified":"2020-05-31T20:21:34+00:00","mainEntityOfPage":{"@id":"https:\/\/ileawo.com\/en\/practice-ifa-traditional\/babalawo-ifabiyii-akoda\/"},"wordCount":539,"commentCount":0,"publisher":{"@id":"http:\/\/ileawo.com\/en\/#organization"},"image":{"@id":"https:\/\/ileawo.com\/en\/practice-ifa-traditional\/babalawo-ifabiyii-akoda\/#primaryimage"},"thumbnailUrl":"https:\/\/ileawo.com\/wp-content\/uploads\/2020\/05\/traditional-babalawo.jpg","inLanguage":"en-US","potentialAction":[{"@type":"CommentAction","name":"Comment","target":["https:\/\/ileawo.com\/en\/practice-ifa-traditional\/babalawo-ifabiyii-akoda\/#respond"]}]},{"@type":"WebPage","@id":"https:\/\/ileawo.com\/en\/practice-ifa-traditional\/babalawo-ifabiyii-akoda\/","url":"https:\/\/ileawo.com\/en\/practice-ifa-traditional\/babalawo-ifabiyii-akoda\/","name":"Ifabiyii Akoda, babalawo pioneer in the practice of If\u00e1 Traditional - Il\u00e9 Awo","isPartOf":{"@id":"http:\/\/ileawo.com\/en\/#website"},"primaryImageOfPage":{"@id":"https:\/\/ileawo.com\/en\/practice-ifa-traditional\/babalawo-ifabiyii-akoda\/#primaryimage"},"image":{"@id":"https:\/\/ileawo.com\/en\/practice-ifa-traditional\/babalawo-ifabiyii-akoda\/#primaryimage"},"thumbnailUrl":"https:\/\/ileawo.com\/wp-content\/uploads\/2020\/05\/traditional-babalawo.jpg","datePublished":"2019-10-26T22:00:00+00:00","dateModified":"2020-05-31T20:21:34+00:00","description":"Babalawo Ifabiyii Akoda is one of the pioneers in the practice of traditional If\u00e1 in Latin America, the United States and Europe. Contact him to know more","breadcrumb":{"@id":"https:\/\/ileawo.com\/en\/practice-ifa-traditional\/babalawo-ifabiyii-akoda\/#breadcrumb"},"inLanguage":"en-US","potentialAction":[{"@type":"ReadAction","target":["https:\/\/ileawo.com\/en\/practice-ifa-traditional\/babalawo-ifabiyii-akoda\/"]}]},{"@type":"ImageObject","inLanguage":"en-US","@id":"https:\/\/ileawo.com\/en\/practice-ifa-traditional\/babalawo-ifabiyii-akoda\/#primaryimage","url":"https:\/\/ileawo.com\/wp-content\/uploads\/2020\/05\/traditional-babalawo.jpg","contentUrl":"https:\/\/ileawo.com\/wp-content\/uploads\/2020\/05\/traditional-babalawo.jpg","width":1200,"height":633,"caption":"Traditional Babalawo Ifabiyii Akoda"},{"@type":"BreadcrumbList","@id":"https:\/\/ileawo.com\/en\/practice-ifa-traditional\/babalawo-ifabiyii-akoda\/#breadcrumb","itemListElement":[{"@type":"ListItem","position":1,"name":"Home","item":"https:\/\/ileawo.com\/en\/"},{"@type":"ListItem","position":2,"name":"Practice of If\u00e1 Traditional","item":"https:\/\/ileawo.com\/en\/practice-ifa-traditional\/"},{"@type":"ListItem","position":3,"name":"Babalawo Ifabiyii Akoda"}]},{"@type":"WebSite","@id":"http:\/\/ileawo.com\/en\/#website","url":"http:\/\/ileawo.com\/en\/","name":"Il\u00e9 Awo","description":"","publisher":{"@id":"http:\/\/ileawo.com\/en\/#organization"},"potentialAction":[{"@type":"SearchAction","target":{"@type":"EntryPoint","urlTemplate":"http:\/\/ileawo.com\/en\/?s={search_term_string}"},"query-input":{"@type":"PropertyValueSpecification","valueRequired":true,"valueName":"search_term_string"}}],"inLanguage":"en-US"},{"@type":"Organization","@id":"http:\/\/ileawo.com\/en\/#organization","name":"Il\u00e9 Awo","url":"http:\/\/ileawo.com\/en\/","logo":{"@type":"ImageObject","inLanguage":"en-US","@id":"http:\/\/ileawo.com\/en\/#\/schema\/logo\/image\/","url":"https:\/\/ileawo.com\/wp-content\/uploads\/revslider\/Bienvenido\/Logo-Ile-Awo-20201.png","contentUrl":"https:\/\/ileawo.com\/wp-content\/uploads\/revslider\/Bienvenido\/Logo-Ile-Awo-20201.png","width":500,"height":155,"caption":"Il\u00e9 Awo"},"image":{"@id":"http:\/\/ileawo.com\/en\/#\/schema\/logo\/image\/"},"sameAs":["https:\/\/www.facebook.com\/ifabiyii","https:\/\/x.com\/ifabiyii","https:\/\/www.instagram.com\/ifabiyii_akoda\/"]},{"@type":"Person","@id":"http:\/\/ileawo.com\/en\/#\/schema\/person\/5b4d3af5a9aa8f02fe88dbeb048ef64a","name":"If\u00e1b\u00edy\u00ec\u00ed Ak\u00f3d\u00e0","image":{"@type":"ImageObject","inLanguage":"en-US","@id":"https:\/\/secure.gravatar.com\/avatar\/07530fd5fec1f19247b6ca33a6f419284691fff29c8857d86ea771d943bdba08?s=96&d=mm&r=g","url":"https:\/\/secure.gravatar.com\/avatar\/07530fd5fec1f19247b6ca33a6f419284691fff29c8857d86ea771d943bdba08?s=96&d=mm&r=g","contentUrl":"https:\/\/secure.gravatar.com\/avatar\/07530fd5fec1f19247b6ca33a6f419284691fff29c8857d86ea771d943bdba08?s=96&d=mm&r=g","caption":"If\u00e1b\u00edy\u00ec\u00ed Ak\u00f3d\u00e0"},"sameAs":["https:\/\/ileawo.com\/"]}]}},"_links":{"self":[{"href":"https:\/\/ileawo.com\/en\/wp-json\/wp\/v2\/pages\/3770","targetHints":{"allow":["GET"]}}],"collection":[{"href":"https:\/\/ileawo.com\/en\/wp-json\/wp\/v2\/pages"}],"about":[{"href":"https:\/\/ileawo.com\/en\/wp-json\/wp\/v2\/types\/page"}],"author":[{"embeddable":true,"href":"https:\/\/ileawo.com\/en\/wp-json\/wp\/v2\/users\/1"}],"replies":[{"embeddable":true,"href":"https:\/\/ileawo.com\/en\/wp-json\/wp\/v2\/comments?post=3770"}],"version-history":[{"count":0,"href":"https:\/\/ileawo.com\/en\/wp-json\/wp\/v2\/pages\/3770\/revisions"}],"up":[{"embeddable":true,"href":"https:\/\/ileawo.com\/en\/wp-json\/wp\/v2\/pages\/3755"}],"wp:featuredmedia":[{"embeddable":true,"href":"https:\/\/ileawo.com\/en\/wp-json\/wp\/v2\/media\/4478"}],"wp:attachment":[{"href":"https:\/\/ileawo.com\/en\/wp-json\/wp\/v2\/media?parent=3770"}],"wp:term":[{"taxonomy":"category","embeddable":true,"href":"https:\/\/ileawo.com\/en\/wp-json\/wp\/v2\/categories?post=3770"}],"curies":[{"name":"wp","href":"https:\/\/api.w.org\/{rel}","templated":true}]}}