{"id":3755,"date":"2019-10-26T00:00:00","date_gmt":"2019-10-25T22:00:00","guid":{"rendered":"https:\/\/ileawo.com\/practica-ifa-tradicional\/"},"modified":"2020-08-05T16:18:38","modified_gmt":"2020-08-05T14:18:38","slug":"practice-ifa-traditional","status":"publish","type":"page","link":"https:\/\/ileawo.com\/en\/practice-ifa-traditional\/","title":{"rendered":"Practice of If\u00e1 Traditional"},"content":{"rendered":"<div class=\"wpb-content-wrapper\"><p>[vc_row css=&#8221;.vc_custom_1572174624836{margin-top: 60px !important;margin-bottom: 40px !important;}&#8221; el_class=&#8221;first-row&#8221;][vc_column width=&#8221;1\/6&#8243; offset=&#8221;vc_hidden-sm vc_hidden-xs&#8221;][\/vc_column][vc_column offset=&#8221;vc_col-md-8&#8243;][vc_column_text]<\/p>\n<p style=\"text-align: center;\">\u00abIfa is the entirety of God&#8217;s message to humanity sent through Orunmila\u00bb. In the Yoruba culture, If\u00e1 encompasses everything: ceremonies, sacrifices, taboos, drums, songs, prayers and initiations. Basically, it is everything for followers of the Yoruba religion. it&#8217;s a lifestyle. Here you can find information about If\u00e1 its practice, you will know what a babalawo is, and what is the traditional If\u00e1 practice.<\/p>\n<p>[\/vc_column_text][\/vc_column][vc_column width=&#8221;1\/6&#8243; offset=&#8221;vc_hidden-sm vc_hidden-xs&#8221;][\/vc_column][\/vc_row][vc_row full_width=&#8221;stretch_row&#8221; content_placement=&#8221;middle&#8221; bg_type=&#8221;bg_color&#8221; bg_color_value=&#8221;#f6f6f6&#8243; css=&#8221;.vc_custom_1589982437928{padding-top: 40px !important;padding-bottom: 40px !important;background-color: #f6f6f6 !important;}&#8221;][vc_column offset=&#8221;vc_col-md-4&#8243; css=&#8221;.vc_custom_1577462456736{margin-bottom: 0px !important;border-bottom-width: 0px !important;padding-bottom: 0px !important;}&#8221;][vc_single_image image=&#8221;2176&#8243; img_size=&#8221;large&#8221; alignment=&#8221;center&#8221; css_animation=&#8221;left-to-right&#8221; css=&#8221;.vc_custom_1590015057155{margin-bottom: 0px !important;border-bottom-width: 0px !important;padding-bottom: 0px !important;}&#8221;][\/vc_column][vc_column offset=&#8221;vc_col-md-8&#8243;][vc_column_text]<\/p>\n<h2 style=\"text-align: center;\">Yoruba culture and religion<\/h2>\n<p>The Yoruba (Yor\u00f9b\u00e1 in original language) are one of the oldest ethnic groups in the world. Centered on various populations in West Africa, this ethnic group is made up of about 30 million people. Perhaps the best known of the Yoruba culture is the practice of If\u00e1, which is its religion, but also its complete way of life. In fact, the word Yoruba is said to be an adaptation of &#8220;Yo-ru-ebo&#8221; which means &#8220;We worship the Orisha (\u00d2r\u00ecs\u00e0 in Yoruba).<\/p>\n<p>This part of Yoruba culture became known outside its territory during the time of slavery, spreading mainly throughout Latin America, especially in Cuba, Brazil or Venezuela.<\/p>\n<p>There is no single way to practice Ifa in Nigeria. There are several lineages that have their traditions and their way of practicing religion and all that exist are valid and respected. Outside Nigeria there are also lineages that have adapted the traditional practice to the characteristics of each country, such as language or materials. It is precisely these drastic changes that the Yoruba religion has undergone during its adaptation is the one that has led many Babalawo or initiates to seek a more traditional practice or a purer lineage.[\/vc_column_text][\/vc_column][\/vc_row][vc_row content_placement=&#8221;middle&#8221; el_class=&#8221;flex-row-tablet&#8221;][vc_column offset=&#8221;vc_col-md-8&#8243;][vc_column_text]<\/p>\n<h2 style=\"text-align: center;\">The Babalawo in the If\u00e1 Traditional<\/h2>\n<p>The<a href=\"https:\/\/ileawo.com\/en\/practice-ifa-traditional\/babalawo-ifabiyii-akoda\/\"> babalawo<\/a> (awo) is an Ifa priest. He is the person who through divination deciphers Orunmila&#8217;s message to improve people&#8217;s lives and allow them to overcome any obstacle.<\/p>\n<p>The life of a babalawo is guided by the search for knowledge and good behavior. This knowledge can be acquired in two ways: either through a family member (as in the case of the Yoruba), or through a teacher. It is a priority that the babalawo dedicates himself to study because without knowledge he must not perform any ceremony or divination. Currently, the Babalawo also have tools at their disposal to facilitate the access of If\u00e1 learning, such as the <a href=\"https:\/\/ileawo.com\/en\/applications\/\">If\u00e1 mobile applications<\/a> developed by Il\u00e9 Awo with exclusive information on traditional practice that until now was only accessible by traditional If\u00e1 teachers.<\/p>\n<p>In addition, the babalawo must have exemplary behavior, since when this is not fulfilled the awo begins to have difficulties on a religious and personal level. When consulting a babalawo we must take into account some keys to know what we are in good hands. One of them is that the awo is not lacking in any luck and, most importantly, that the offerings that are made obtain the expected result.[\/vc_column_text][\/vc_column][vc_column offset=&#8221;vc_col-md-4&#8243; css=&#8221;.vc_custom_1577462622575{margin-bottom: 0px !important;border-bottom-width: 0px !important;padding-bottom: 0px !important;}&#8221;][vc_single_image image=&#8221;1964&#8243; img_size=&#8221;large&#8221; alignment=&#8221;center&#8221; css=&#8221;.vc_custom_1590015097736{margin-bottom: 0px !important;border-bottom-width: 0px !important;padding-bottom: 0px !important;}&#8221;][\/vc_column][\/vc_row][vc_row full_width=&#8221;stretch_row_content&#8221; content_placement=&#8221;middle&#8221; parallax=&#8221;content-moving&#8221; parallax_image=&#8221;694&#8243; parallax_speed_bg=&#8221;1.8&#8243; css=&#8221;.vc_custom_1590015136107{padding-top: 60px !important;padding-bottom: 60px !important;}&#8221;][vc_column width=&#8221;1\/6&#8243; offset=&#8221;vc_hidden-xs&#8221;][\/vc_column][vc_column width=&#8221;2\/3&#8243; offset=&#8221;vc_col-md-8 vc_col-xs-12&#8243;][vc_column_text]<\/p>\n<h2 style=\"text-align: center;\"><span style=\"color: #ffffff;\">The search for traditionalism in If\u00e1<\/span><\/h2>\n<p style=\"text-align: center;\"><span style=\"color: #fcfcfc;\">The drastic changes in the practice of the Yoruba religion have opened the doors to the search for traditionalism.<\/span><\/p>\n<p>[\/vc_column_text][vc_column_text]<\/p>\n<p style=\"text-align: center;\"><a href=\"https:\/\/ileawo.com\/en\/contact\/\"><span style=\"color: #ffffff;\">Know more<\/span><\/a><\/p>\n<p>[\/vc_column_text][\/vc_column][vc_column width=&#8221;1\/6&#8243; offset=&#8221;vc_hidden-xs&#8221;][\/vc_column][\/vc_row][vc_row css=&#8221;.vc_custom_1575409037702{padding-top: 20px !important;}&#8221;][vc_column width=&#8221;1\/6&#8243; offset=&#8221;vc_hidden-sm vc_hidden-xs&#8221;][\/vc_column][vc_column offset=&#8221;vc_col-md-8&#8243;][vc_column_text css=&#8221;.vc_custom_1590421169981{margin-bottom: 0px !important;}&#8221;]<\/p>\n<h2 style=\"text-align: center;\">Practice of the If\u00e1 Traditional<\/h2>\n<p style=\"text-align: center;\">The traditional practice is to receive advice from a babalawo (Awo), who through divination of If\u00e1 is in charge of deciphering the message of Oludumare (Ol\u00f3d\u00f9mar\u00e8). From divination, offerings are made to improve the problems indicated by the revealed Odu and avoid any negativity. These recommendations are what allow us to improve our lives. Click on the following sections to know the details of the If\u00e1 practice or download our applications.<\/p>\n<p>[\/vc_column_text][\/vc_column][vc_column width=&#8221;1\/6&#8243; offset=&#8221;vc_hidden-sm vc_hidden-xs&#8221;][\/vc_column][\/vc_row][vc_row full_width=&#8221;stretch_row_content_no_spaces&#8221; css=&#8221;.vc_custom_1590002884531{margin-top: 0px !important;margin-right: 0px !important;margin-bottom: -8px !important;margin-left: 0px !important;border-top-width: 0px !important;border-right-width: 0px !important;border-bottom-width: 0px !important;border-left-width: 0px !important;padding-top: 0px !important;padding-right: 0px !important;padding-bottom: 0px !important;padding-left: 0px !important;}&#8221;][vc_column width=&#8221;1\/2&#8243; css=&#8221;.vc_custom_1589982889369{margin-top: 0px !important;margin-right: 0px !important;margin-bottom: 0px !important;margin-left: 0px !important;border-top-width: 0px !important;border-right-width: 0px !important;border-bottom-width: 0px !important;border-left-width: 0px !important;padding-top: 0px !important;padding-right: 0px !important;padding-bottom: 0px !important;padding-left: 0px !important;}&#8221; offset=&#8221;vc_col-lg-3&#8243;][vc_raw_html]JTNDZGl2JTIwY2xhc3MlM0QlMjJpbWFnZS1jb250YWluZXIlMjIlM0UlMEElMDklM0NhJTIwaHJlZiUzRCUyMmh0dHBzJTNBJTJGJTJGaWxlYXdvLmNvbSUyRmVuJTJGb3Jpc2EteW9ydWJhJTJGb2ZmZXJpbmdzLW9yaXNhJTJGJTIyJTNFJTBBJTIwJTIwJTA5JTNDaW1nJTIwc3JjJTNEJTIyJTJGd3AtY29udGVudCUyRnVwbG9hZHMlMkYyMDIwJTJGMDUlMkZvZnJlbmRhcy1kZS1pZmEuanBnJTIyJTIwYWx0JTNEJTIyb2ZmZXJpbmdzLW9yaXNhJTIyJTIwc3R5bGUlM0QlMjJ3aWR0aCUzQTEwMCUyNSUzQiUyMiUzRSUwQSUyMCUyMCUwOSUzQ2RpdiUyMGNsYXNzJTNEJTIydGV4dC1ib3R0b20tbGVmdCUyMiUzRSUzQ2gzJTIwc3R5bGUlM0QlMjJjb2xvciUzQSUyMCUyM2ZmZmZmZiUzQiUyMG1hcmdpbiUzQSUyMDAlM0IlMjIlM0VPZmZlcmluZ3MlMjB0byUyMElmJUMzJUExJTNDJTJGaDMlM0UlM0MlMkZkaXYlM0UlMEElMjAlMjAlMjAlMjAlM0MlMkZhJTNFJTBBJTNDJTJGZGl2JTNF[\/vc_raw_html][\/vc_column][vc_column width=&#8221;1\/2&#8243; css=&#8221;.vc_custom_1589982881116{margin-top: 0px !important;margin-right: 0px !important;margin-bottom: 0px !important;margin-left: 0px !important;border-top-width: 0px !important;border-right-width: 0px !important;border-bottom-width: 0px !important;border-left-width: 0px !important;padding-top: 0px !important;padding-right: 0px !important;padding-bottom: 0px !important;padding-left: 0px !important;}&#8221; offset=&#8221;vc_col-lg-3&#8243;][vc_raw_html]JTNDZGl2JTIwY2xhc3MlM0QlMjJpbWFnZS1jb250YWluZXIlMjIlM0UlMEElMDklM0NhJTIwaHJlZiUzRCUyMmh0dHBzJTNBJTJGJTJGaWxlYXdvLmNvbSUyRmVuJTJGb3Jpc2EteW9ydWJhJTJGb3J1bm1pbGEtb3J1bGElMkYlMjIlM0UlMEElMjAlMjAlMDklM0NpbWclMjBzcmMlM0QlMjIlMkZ3cC1jb250ZW50JTJGdXBsb2FkcyUyRjIwMjAlMkYwNSUyRm9ydW5taWxhLmpwZyUyMiUyMGFsdCUzRCUyMk9ydW5taWxhJTJDJTIwT3Jpc2ElMjBvZiUyMGRpdmluYXRpb24lMjIlMjBzdHlsZSUzRCUyMndpZHRoJTNBMTAwJTI1JTNCJTIyJTNFJTBBJTIwJTIwJTA5JTNDZGl2JTIwY2xhc3MlM0QlMjJ0ZXh0LWJvdHRvbS1sZWZ0JTIyJTNFJTNDaDMlMjBzdHlsZSUzRCUyMmNvbG9yJTNBJTIwJTIzZmZmZmZmJTNCJTIwbWFyZ2luJTNBJTIwMCUzQiUyMiUzRU9ydW5taWxhJTNDJTJGaDMlM0UlM0MlMkZkaXYlM0UlMEElMjAlMjAlMjAlMjAlM0MlMkZhJTNFJTBBJTNDJTJGZGl2JTNF[\/vc_raw_html][\/vc_column][vc_column width=&#8221;1\/2&#8243; css=&#8221;.vc_custom_1589982872936{margin-top: 0px !important;margin-right: 0px !important;margin-bottom: 0px !important;margin-left: 0px !important;padding-top: 0px !important;padding-right: 0px !important;padding-bottom: 0px !important;padding-left: 0px !important;}&#8221; offset=&#8221;vc_col-lg-3&#8243;][vc_raw_html]JTNDZGl2JTIwY2xhc3MlM0QlMjJpbWFnZS1jb250YWluZXIlMjIlM0UlMEElMDklM0NhJTIwaHJlZiUzRCUyMmh0dHBzJTNBJTJGJTJGaWxlYXdvLmNvbSUyRmVuJTJGcHJhY3RpY2UtaWZhLXRyYWRpdGlvbmFsJTJGaWZhLWRpdmluYXRpb24lMkYlMjIlM0UlMEElMjAlMjAlMDklM0NpbWclMjBzcmMlM0QlMjJodHRwcyUzQSUyRiUyRmlsZWF3by5jb20lMkZ3cC1jb250ZW50JTJGdXBsb2FkcyUyRjIwMjAlMkYwNSUyRmFkaXZpbmFjaW9uLWRlLWlmYS0yLTIuanBnJTIyJTIwYWx0JTNEJTIyVGhlJTIwSWZhJTIwZGl2aW5hdGlvbiUyMHNpc3RlbSUyMiUyMHN0eWxlJTNEJTIyd2lkdGglM0ExMDAlMjUlM0IlMjIlM0UlMEElMjAlMjAlMDklM0NkaXYlMjBjbGFzcyUzRCUyMnRleHQtYm90dG9tLWxlZnQlMjIlM0UlM0NoMyUyMHN0eWxlJTNEJTIyY29sb3IlM0ElMjAlMjNmZmZmZmYlM0IlMjBtYXJnaW4lM0ElMjAwJTNCJTIyJTNFSWYlQzMlQTElMjBkaXZpbmF0aW9uJTNDJTJGaDMlM0UlM0MlMkZkaXYlM0UlMEElMjAlMjAlMjAlMjAlM0MlMkZhJTNFJTBBJTNDJTJGZGl2JTNF[\/vc_raw_html][\/vc_column][vc_column width=&#8221;1\/2&#8243; css=&#8221;.vc_custom_1589982858615{margin-top: 0px !important;margin-right: 0px !important;margin-bottom: 0px !important;margin-left: 0px !important;border-top-width: 0px !important;border-right-width: 0px !important;border-bottom-width: 0px !important;border-left-width: 0px !important;padding-top: 0px !important;padding-right: 0px !important;padding-bottom: 0px !important;padding-left: 0px !important;}&#8221; offset=&#8221;vc_col-lg-3&#8243;][vc_raw_html]JTNDZGl2JTIwY2xhc3MlM0QlMjJpbWFnZS1jb250YWluZXIlMjIlM0UlMEElMDklM0NhJTIwaHJlZiUzRCUyMmh0dHBzJTNBJTJGJTJGaWxlYXdvLmNvbSUyRmVuJTJGcHJhY3RpY2UtaWZhLXRyYWRpdGlvbmFsJTJGaWZhLWluaXRpYXRpb24lMkYlMjIlM0UlMEElMjAlMjAlMDklM0NpbWclMjBzcmMlM0QlMjIlMkZ3cC1jb250ZW50JTJGdXBsb2FkcyUyRjIwMjAlMkYwNSUyRmluaWNpYWNpb24tZGUtaWZhLmpwZyUyMiUyMGFsdCUzRCUyMllvcnViYSUyMGluaXRpYXRpb24lMjIlMjBzdHlsZSUzRCUyMndpZHRoJTNBMTAwJTI1JTNCJTIyJTNFJTBBJTIwJTIwJTA5JTNDZGl2JTIwY2xhc3MlM0QlMjJ0ZXh0LWJvdHRvbS1sZWZ0JTIyJTNFJTNDaDMlMjBzdHlsZSUzRCUyMmNvbG9yJTNBJTIwJTIzZmZmZmZmJTNCJTIwbWFyZ2luJTNBJTIwMCUzQiUyMiUzRUlmJUMzJUExJTIwaW5pdGlhdGlvbiUzQyUyRmgzJTNFJTNDJTJGZGl2JTNFJTBBJTIwJTIwJTIwJTIwJTNDJTJGYSUzRSUwQSUzQyUyRmRpdiUzRQ==[\/vc_raw_html][\/vc_column][\/vc_row][vc_row full_width=&#8221;stretch_row&#8221; content_placement=&#8221;middle&#8221; bg_type=&#8221;bg_color&#8221; bg_override=&#8221;ex-full&#8221; bg_color_value=&#8221;#4e89d5&#8243; el_class=&#8221;banner&#8221; css=&#8221;.vc_custom_1589982534218{margin-top: 0px !important;background-color: #4e89d5 !important;}&#8221;][vc_column width=&#8221;2\/3&#8243;][vc_column_text el_class=&#8221;banner-text&#8221;]Recite the If\u00e1 verses like a true Yoruba with If\u00e1 Tradicional Pro[\/vc_column_text][\/vc_column][vc_column width=&#8221;1\/3&#8243;][vc_column_text css_animation=&#8221;bounceIn&#8221;]<\/p>\n<p style=\"text-align: center;\"><a class=\"custom-buttons-alternative\" href=\"http:\/\/hyperurl.co\/ifa-pro-app\">Download<\/a><\/p>\n<p>[\/vc_column_text][\/vc_column][\/vc_row]<\/p>\n<\/div>"},"excerpt":{"rendered":"<p>[vc_row css=&#8221;.vc_custom_1572174624836{margin-top: 60px !important;margin-bottom: 40px !important;}&#8221; el_class=&#8221;first-row&#8221;][vc_column width=&#8221;1\/6&#8243; offset=&#8221;vc_hidden-sm vc_hidden-xs&#8221;][\/vc_column][vc_column offset=&#8221;vc_col-md-8&#8243;][vc_column_text] \u00abIfa is the entirety of God&#8217;s message to humanity sent through Orunmila\u00bb. In the Yoruba<span class=\"excerpt-hellip\"> [\u2026]<\/span><\/p>\n","protected":false},"author":1,"featured_media":4313,"parent":0,"menu_order":0,"comment_status":"open","ping_status":"open","template":"","meta":{"footnotes":""},"categories":[],"class_list":["post-3755","page","type-page","status-publish","has-post-thumbnail","hentry"],"yoast_head":"<!-- This site is optimized with the Yoast SEO Premium plugin v25.2 (Yoast SEO v27.3) - https:\/\/yoast.com\/product\/yoast-seo-premium-wordpress\/ -->\n<title>If\u00e1 Traditional: the ancient practice of the Yoruba religion - Il\u00e9 Awo<\/title>\n<meta name=\"description\" content=\"The traditional practice of If\u00e1 is a way of life and an ancient culture that came to the present day intact in its forms and knowledge.\" \/>\n<meta name=\"robots\" content=\"index, follow, max-snippet:-1, max-image-preview:large, max-video-preview:-1\" \/>\n<link rel=\"canonical\" href=\"https:\/\/ileawo.com\/en\/practice-ifa-traditional\/\" \/>\n<meta property=\"og:locale\" content=\"en_US\" \/>\n<meta property=\"og:type\" content=\"article\" \/>\n<meta property=\"og:title\" content=\"Practice of If\u00e1 Traditional\" \/>\n<meta property=\"og:description\" content=\"The traditional practice of If\u00e1 is a way of life and an ancient culture that came to the present day intact in its forms and knowledge.\" \/>\n<meta property=\"og:url\" content=\"https:\/\/ileawo.com\/en\/practice-ifa-traditional\/\" \/>\n<meta property=\"og:site_name\" content=\"Il\u00e9 Awo\" \/>\n<meta property=\"article:publisher\" content=\"https:\/\/www.facebook.com\/ifabiyii\" \/>\n<meta property=\"article:modified_time\" content=\"2020-08-05T14:18:38+00:00\" \/>\n<meta property=\"og:image\" content=\"https:\/\/ileawo.com\/wp-content\/uploads\/2020\/05\/practice-of-tradicional-If\u00e1.jpg\" \/>\n\t<meta property=\"og:image:width\" content=\"1200\" \/>\n\t<meta property=\"og:image:height\" content=\"633\" \/>\n\t<meta property=\"og:image:type\" content=\"image\/jpeg\" \/>\n<meta name=\"twitter:card\" content=\"summary_large_image\" \/>\n<meta name=\"twitter:site\" content=\"@ifabiyii\" \/>\n<!-- \/ Yoast SEO Premium plugin. -->","yoast_head_json":{"title":"If\u00e1 Traditional: the ancient practice of the Yoruba religion - Il\u00e9 Awo","description":"The traditional practice of If\u00e1 is a way of life and an ancient culture that came to the present day intact in its forms and knowledge.","robots":{"index":"index","follow":"follow","max-snippet":"max-snippet:-1","max-image-preview":"max-image-preview:large","max-video-preview":"max-video-preview:-1"},"canonical":"https:\/\/ileawo.com\/en\/practice-ifa-traditional\/","og_locale":"en_US","og_type":"article","og_title":"Practice of If\u00e1 Traditional","og_description":"The traditional practice of If\u00e1 is a way of life and an ancient culture that came to the present day intact in its forms and knowledge.","og_url":"https:\/\/ileawo.com\/en\/practice-ifa-traditional\/","og_site_name":"Il\u00e9 Awo","article_publisher":"https:\/\/www.facebook.com\/ifabiyii","article_modified_time":"2020-08-05T14:18:38+00:00","og_image":[{"width":1200,"height":633,"url":"https:\/\/ileawo.com\/wp-content\/uploads\/2020\/05\/practice-of-tradicional-If\u00e1.jpg","type":"image\/jpeg"}],"twitter_card":"summary_large_image","twitter_site":"@ifabiyii","schema":{"@context":"https:\/\/schema.org","@graph":[{"@type":"Article","@id":"https:\/\/ileawo.com\/en\/practice-ifa-traditional\/#article","isPartOf":{"@id":"https:\/\/ileawo.com\/en\/practice-ifa-traditional\/"},"author":{"name":"If\u00e1b\u00edy\u00ec\u00ed Ak\u00f3d\u00e0","@id":"http:\/\/ileawo.com\/en\/#\/schema\/person\/5b4d3af5a9aa8f02fe88dbeb048ef64a"},"headline":"Practice of If\u00e1 Traditional","datePublished":"2019-10-25T22:00:00+00:00","dateModified":"2020-08-05T14:18:38+00:00","mainEntityOfPage":{"@id":"https:\/\/ileawo.com\/en\/practice-ifa-traditional\/"},"wordCount":1427,"commentCount":0,"publisher":{"@id":"http:\/\/ileawo.com\/en\/#organization"},"image":{"@id":"https:\/\/ileawo.com\/en\/practice-ifa-traditional\/#primaryimage"},"thumbnailUrl":"https:\/\/ileawo.com\/wp-content\/uploads\/2020\/05\/practice-of-tradicional-If\u00e1.jpg","inLanguage":"en-US","potentialAction":[{"@type":"CommentAction","name":"Comment","target":["https:\/\/ileawo.com\/en\/practice-ifa-traditional\/#respond"]}]},{"@type":"WebPage","@id":"https:\/\/ileawo.com\/en\/practice-ifa-traditional\/","url":"https:\/\/ileawo.com\/en\/practice-ifa-traditional\/","name":"If\u00e1 Traditional: the ancient practice of the Yoruba religion - Il\u00e9 Awo","isPartOf":{"@id":"http:\/\/ileawo.com\/en\/#website"},"primaryImageOfPage":{"@id":"https:\/\/ileawo.com\/en\/practice-ifa-traditional\/#primaryimage"},"image":{"@id":"https:\/\/ileawo.com\/en\/practice-ifa-traditional\/#primaryimage"},"thumbnailUrl":"https:\/\/ileawo.com\/wp-content\/uploads\/2020\/05\/practice-of-tradicional-If\u00e1.jpg","datePublished":"2019-10-25T22:00:00+00:00","dateModified":"2020-08-05T14:18:38+00:00","description":"The traditional practice of If\u00e1 is a way of life and an ancient culture that came to the present day intact in its forms and knowledge.","breadcrumb":{"@id":"https:\/\/ileawo.com\/en\/practice-ifa-traditional\/#breadcrumb"},"inLanguage":"en-US","potentialAction":[{"@type":"ReadAction","target":["https:\/\/ileawo.com\/en\/practice-ifa-traditional\/"]}]},{"@type":"ImageObject","inLanguage":"en-US","@id":"https:\/\/ileawo.com\/en\/practice-ifa-traditional\/#primaryimage","url":"https:\/\/ileawo.com\/wp-content\/uploads\/2020\/05\/practice-of-tradicional-If\u00e1.jpg","contentUrl":"https:\/\/ileawo.com\/wp-content\/uploads\/2020\/05\/practice-of-tradicional-If\u00e1.jpg","width":1200,"height":633,"caption":"Practice of If\u00e1 Traditional"},{"@type":"BreadcrumbList","@id":"https:\/\/ileawo.com\/en\/practice-ifa-traditional\/#breadcrumb","itemListElement":[{"@type":"ListItem","position":1,"name":"Home","item":"https:\/\/ileawo.com\/en\/"},{"@type":"ListItem","position":2,"name":"Practice of If\u00e1 Traditional"}]},{"@type":"WebSite","@id":"http:\/\/ileawo.com\/en\/#website","url":"http:\/\/ileawo.com\/en\/","name":"Il\u00e9 Awo","description":"","publisher":{"@id":"http:\/\/ileawo.com\/en\/#organization"},"potentialAction":[{"@type":"SearchAction","target":{"@type":"EntryPoint","urlTemplate":"http:\/\/ileawo.com\/en\/?s={search_term_string}"},"query-input":{"@type":"PropertyValueSpecification","valueRequired":true,"valueName":"search_term_string"}}],"inLanguage":"en-US"},{"@type":"Organization","@id":"http:\/\/ileawo.com\/en\/#organization","name":"Il\u00e9 Awo","url":"http:\/\/ileawo.com\/en\/","logo":{"@type":"ImageObject","inLanguage":"en-US","@id":"http:\/\/ileawo.com\/en\/#\/schema\/logo\/image\/","url":"https:\/\/ileawo.com\/wp-content\/uploads\/revslider\/Bienvenido\/Logo-Ile-Awo-20201.png","contentUrl":"https:\/\/ileawo.com\/wp-content\/uploads\/revslider\/Bienvenido\/Logo-Ile-Awo-20201.png","width":500,"height":155,"caption":"Il\u00e9 Awo"},"image":{"@id":"http:\/\/ileawo.com\/en\/#\/schema\/logo\/image\/"},"sameAs":["https:\/\/www.facebook.com\/ifabiyii","https:\/\/x.com\/ifabiyii","https:\/\/www.instagram.com\/ifabiyii_akoda\/"]},{"@type":"Person","@id":"http:\/\/ileawo.com\/en\/#\/schema\/person\/5b4d3af5a9aa8f02fe88dbeb048ef64a","name":"If\u00e1b\u00edy\u00ec\u00ed Ak\u00f3d\u00e0","image":{"@type":"ImageObject","inLanguage":"en-US","@id":"https:\/\/secure.gravatar.com\/avatar\/07530fd5fec1f19247b6ca33a6f419284691fff29c8857d86ea771d943bdba08?s=96&d=mm&r=g","url":"https:\/\/secure.gravatar.com\/avatar\/07530fd5fec1f19247b6ca33a6f419284691fff29c8857d86ea771d943bdba08?s=96&d=mm&r=g","contentUrl":"https:\/\/secure.gravatar.com\/avatar\/07530fd5fec1f19247b6ca33a6f419284691fff29c8857d86ea771d943bdba08?s=96&d=mm&r=g","caption":"If\u00e1b\u00edy\u00ec\u00ed Ak\u00f3d\u00e0"},"sameAs":["https:\/\/ileawo.com\/"]}]}},"_links":{"self":[{"href":"https:\/\/ileawo.com\/en\/wp-json\/wp\/v2\/pages\/3755","targetHints":{"allow":["GET"]}}],"collection":[{"href":"https:\/\/ileawo.com\/en\/wp-json\/wp\/v2\/pages"}],"about":[{"href":"https:\/\/ileawo.com\/en\/wp-json\/wp\/v2\/types\/page"}],"author":[{"embeddable":true,"href":"https:\/\/ileawo.com\/en\/wp-json\/wp\/v2\/users\/1"}],"replies":[{"embeddable":true,"href":"https:\/\/ileawo.com\/en\/wp-json\/wp\/v2\/comments?post=3755"}],"version-history":[{"count":0,"href":"https:\/\/ileawo.com\/en\/wp-json\/wp\/v2\/pages\/3755\/revisions"}],"wp:featuredmedia":[{"embeddable":true,"href":"https:\/\/ileawo.com\/en\/wp-json\/wp\/v2\/media\/4313"}],"wp:attachment":[{"href":"https:\/\/ileawo.com\/en\/wp-json\/wp\/v2\/media?parent=3755"}],"wp:term":[{"taxonomy":"category","embeddable":true,"href":"https:\/\/ileawo.com\/en\/wp-json\/wp\/v2\/categories?post=3755"}],"curies":[{"name":"wp","href":"https:\/\/api.w.org\/{rel}","templated":true}]}}