{"id":3739,"date":"2019-10-28T00:00:00","date_gmt":"2019-10-27T23:00:00","guid":{"rendered":"https:\/\/ileawo.com\/orishas-yoruba\/oshun\/"},"modified":"2020-05-31T23:45:27","modified_gmt":"2020-05-31T21:45:27","slug":"osun","status":"publish","type":"page","link":"https:\/\/ileawo.com\/en\/orisa-yoruba\/osun\/","title":{"rendered":"Osun, the fertility orisa"},"content":{"rendered":"<div class=\"wpb-content-wrapper\"><p>[vc_row el_class=&#8221;first-row&#8221;][vc_column width=&#8221;1\/6&#8243; offset=&#8221;vc_hidden-sm vc_hidden-xs&#8221;][\/vc_column][vc_column offset=&#8221;vc_col-md-8&#8243;][vc_column_text]<\/p>\n<p style=\"text-align: center;\">Osun is the goddess par excellence of the river. Among all the rivers that exist in Nigeria, this Orisa is represented in the most important river, that of Osogbo, a city where it is mainly adored. Osun is the owner of bronze and her specialty is fertility in women. However, she is a key Orisa to acquire the luck of wealth and is asked not to hide wealth in the river.<\/p>\n<p>[\/vc_column_text][\/vc_column][vc_column width=&#8221;1\/6&#8243; offset=&#8221;vc_hidden-sm vc_hidden-xs&#8221;][\/vc_column][\/vc_row][vc_row full_width=&#8221;stretch_row&#8221; content_placement=&#8221;middle&#8221; bg_type=&#8221;bg_color&#8221; css=&#8221;.vc_custom_1589982188215{padding-top: 60px !important;padding-bottom: 30px !important;background-color: #f6f6f6 !important;}&#8221; bg_color_value=&#8221;#f6f6f6&#8243; el_class=&#8221;flex-row-tablet&#8221;][vc_column css=&#8221;.vc_custom_1577581167658{padding-top: 0px !important;}&#8221; offset=&#8221;vc_col-md-8&#8243;][vc_column_text]<\/p>\n<h2 style=\"text-align: center;\">Who&#8217;s Osun?<\/h2>\n<p>Osun (Oshun in Afro-Cuban practice) is one of the primordial Yoruba Orisa. However, at first she was not considered a sister deity by her peers. In position among the other Yoruba deities, she was the seventeenth of the main Orisa and was not initially involved in running the world because she was a woman. But the first sixteen Orisa were in trouble until they went to Olodumare for direction and were told that they would invite Osun to whatever they wanted to do, so that normalcy would be restored. According to Olodumare&#8217;s word, she should be involved in managing the world because she was as powerful as men.<\/p>\n<p>Osun first married <a href=\"https:\/\/ileawo.com\/en\/orisa-yoruba\/orunmila-orula\/\">Orunmila<\/a>, the god of wisdom, from whom she later divorced to marry <a href=\"https:\/\/ileawo.com\/en\/orisa-yoruba\/sango\/\">Sango<\/a> because they had no children. It was when she was Orunmila&#8217;s wife that he was given the <a href=\"https:\/\/ileawo.com\/en\/orisa-yoruba\/\">Eerindinlogun<\/a> (the sixteen cowries and the simplified Ifa poetry), the divination system that she originated. Despite marrying Sango, Osun was still childless, so he went to Orunmila to make sacrifice.<\/p>\n<p>Orunmila advised her that she could not have her own child unless she sacrificed Olodumare to send children en masse to the barren women of the earth and it was from the children that Olodumare would send that she would have her own children. She sacrificed as prescribed and it was when Olodumare sent many children into the world that she also had a son. But it didn&#8217;t end there. Anytime the children of the other barren women were sick, it was to her that Orunmila would direct their mothers for their care.[\/vc_column_text][\/vc_column][vc_column css=&#8221;.vc_custom_1577581153618{padding-top: 0px !important;}&#8221; offset=&#8221;vc_col-md-4&#8243;][vc_single_image image=&#8221;1284&#8243; img_size=&#8221;469&#215;600&#8243; alignment=&#8221;center&#8221; css=&#8221;.vc_custom_1590014456300{margin-bottom: 0px !important;}&#8221;][\/vc_column][\/vc_row][vc_row][vc_column width=&#8221;1\/6&#8243; offset=&#8221;vc_hidden-sm vc_hidden-xs&#8221;][\/vc_column][vc_column offset=&#8221;vc_col-md-8&#8243;][vc_column_text]<\/p>\n<h2 style=\"text-align: center;\">How to get initiated in Osun<\/h2>\n<p style=\"text-align: center;\">The person who wishes to be initiated into Osun must first acquire knowledge of this Orisa. After she is able to take care of herself, she can begin her initiation with the babalawo with whom she receives her learning. We must remember that in Traditional Yoruba practice the person interested in initiation must acquire knowledge before initiating. Osun&#8217;s initiation is no exception. At Il\u00e9 Awo we help you check your knowledge of If\u00e1 and the Orisha with the exclusive tests that you can find in <a href=\"http:\/\/hyperurl.co\/oju-odu\">Oj\u00fa Od\u00f9<\/a>.<\/p>\n<p style=\"text-align: center;\">The initiations are not carried out by chance, because each initiation must have an objective in the person&#8217;s life and these are recommended in our Odu de If\u00e1, either the Isefa (first If\u00e1 initiation) or the Itelodu (If\u00e1 initiation) , as well as within divination with an Olorisa (a person initiated into an Orisa).<\/p>\n<p>[\/vc_column_text][\/vc_column][vc_column width=&#8221;1\/6&#8243; offset=&#8221;vc_hidden-sm vc_hidden-xs&#8221;][\/vc_column][\/vc_row][vc_row full_width=&#8221;stretch_row&#8221; gap=&#8221;20&#8243; bg_type=&#8221;bg_color&#8221; bg_color_value=&#8221;#4e89d5&#8243; css=&#8221;.vc_custom_1589982152185{padding-top: 40px !important;padding-bottom: 40px !important;background-color: #4e89d5 !important;}&#8221;][vc_column width=&#8221;1\/6&#8243; offset=&#8221;vc_hidden-sm vc_hidden-xs&#8221;][\/vc_column][vc_column offset=&#8221;vc_col-md-8&#8243; css=&#8221;.vc_custom_1572264649280{padding-top: 0px !important;}&#8221;][vc_column_text css=&#8221;.vc_custom_1590752678704{margin-bottom: 20px !important;}&#8221;]<\/p>\n<h2 style=\"text-align: center;\"><span style=\"color: #ffffff;\">How to feed Osun<\/span><\/h2>\n<p style=\"text-align: center;\"><span style=\"color: #ffffff;\">To attend Osun there are key materials that should never be lacking.<\/span><\/p>\n<p>[\/vc_column_text][\/vc_column][vc_column width=&#8221;1\/6&#8243; offset=&#8221;vc_hidden-sm vc_hidden-xs&#8221;][\/vc_column][vc_column css_animation=&#8221;bottom-to-top&#8221; offset=&#8221;vc_col-md-6&#8243; css=&#8221;.vc_custom_1572276073446{margin-top: 0px !important;margin-right: 0px !important;margin-bottom: 0px !important;margin-left: 0px !important;padding-top: 40px !important;padding-right: 40px !important;padding-bottom: 40px !important;padding-left: 40px !important;background-color: #fcfcfc !important;border-radius: 10px !important;}&#8221;][vc_column_text css=&#8221;.vc_custom_1590854299117{margin-bottom: 0px !important;background-color: #fcfcfc !important;border-radius: 10px !important;}&#8221;]<\/p>\n<h3 style=\"text-align: center;\">Propitiation<\/h3>\n<p>One of his favorite foods is Yanrin (a type of lettuce), and it is generally offered as a sacrifice because, it is said, it is the vegetable that he liked to eat a lot in his earthly life. Pumpkin or eggs are also used.[\/vc_column_text][\/vc_column][vc_column css_animation=&#8221;bottom-to-top&#8221; offset=&#8221;vc_col-md-6&#8243; css=&#8221;.vc_custom_1572276081562{margin-top: 0px !important;margin-right: 0px !important;margin-bottom: 0px !important;margin-left: 0px !important;padding-top: 40px !important;padding-right: 40px !important;padding-bottom: 40px !important;padding-left: 40px !important;background-color: #fcfcfc !important;border-radius: 10px !important;}&#8221;][vc_column_text css=&#8221;.vc_custom_1590854274221{margin-bottom: 0px !important;background-color: #fcfcfc !important;border-radius: 10px !important;}&#8221;]<\/p>\n<h3 style=\"text-align: center;\">Healing power<\/h3>\n<p>Osun&#8217;s healing power is not based primarily on medication, but on water therapy. Medical care given to children under the protection of Osun rarely involves the use of medication.[\/vc_column_text][\/vc_column][\/vc_row][vc_row content_placement=&#8221;middle&#8221; css=&#8221;.vc_custom_1572650735212{padding-top: 30px !important;padding-bottom: 30px !important;}&#8221;][vc_column offset=&#8221;vc_col-md-4&#8243; css=&#8221;.vc_custom_1572650721461{padding-top: 0px !important;}&#8221;][vc_single_image image=&#8221;1281&#8243; img_size=&#8221;large&#8221; alignment=&#8221;center&#8221; css=&#8221;.vc_custom_1590014480613{margin-bottom: 0px !important;}&#8221;][\/vc_column][vc_column offset=&#8221;vc_col-md-8&#8243; css=&#8221;.vc_custom_1572650727496{padding-top: 0px !important;}&#8221;][vc_column_text]<\/p>\n<h2 style=\"text-align: center;\">Osun types in traditional practice<\/h2>\n<p>Like many other Orishas, \u200b\u200bthere is only one Osun. However, there are different nicknames for this deity. Several of these nicknames are: Oore yeye o, A ri pepe ko ide si, Iya Ijumu, oyeye ni imo, Modeni aninla nile awo, among others.[\/vc_column_text][\/vc_column][\/vc_row][vc_row full_width=&#8221;stretch_row&#8221; content_placement=&#8221;middle&#8221; bg_type=&#8221;bg_color&#8221; bg_override=&#8221;ex-full&#8221; bg_color_value=&#8221;#4e89d5&#8243; el_class=&#8221;banner&#8221; css=&#8221;.vc_custom_1589982160602{background-color: #4e89d5 !important;}&#8221;][vc_column width=&#8221;2\/3&#8243;][vc_column_text el_class=&#8221;banner-text&#8221;]Learn more about the initiation and propitiation of this Orisa Yoruba[\/vc_column_text][\/vc_column][vc_column width=&#8221;1\/3&#8243;][vc_column_text css_animation=&#8221;bounceIn&#8221;]<\/p>\n<p style=\"text-align: center;\"><a class=\"custom-buttons-alternative\" href=\"https:\/\/ileawo.com\/en\/contact\/\">Ask us<\/a><\/p>\n<p>[\/vc_column_text][\/vc_column][\/vc_row]<\/p>\n<\/div>"},"excerpt":{"rendered":"<p>[vc_row el_class=&#8221;first-row&#8221;][vc_column width=&#8221;1\/6&#8243; offset=&#8221;vc_hidden-sm vc_hidden-xs&#8221;][\/vc_column][vc_column offset=&#8221;vc_col-md-8&#8243;][vc_column_text] Osun is the goddess par excellence of the river. Among all the rivers that exist in Nigeria, this Orisa is<span class=\"excerpt-hellip\"> [\u2026]<\/span><\/p>\n","protected":false},"author":1,"featured_media":4211,"parent":3701,"menu_order":0,"comment_status":"open","ping_status":"open","template":"","meta":{"footnotes":""},"categories":[],"class_list":["post-3739","page","type-page","status-publish","has-post-thumbnail","hentry"],"yoast_head":"<!-- This site is optimized with the Yoast SEO Premium plugin v25.2 (Yoast SEO v27.4) - https:\/\/yoast.com\/product\/yoast-seo-premium-wordpress\/ -->\n<title>Osun, Orisa of fertility in the Traditional If\u00e1 - Il\u00e9 Awo<\/title>\n<meta name=\"description\" content=\"Osun, also known as Oshun in Afro-Cuban practice, in the Yoruba orisa of female fertility. The Osogbo is specially worshiped.\" \/>\n<meta name=\"robots\" content=\"index, follow, max-snippet:-1, max-image-preview:large, max-video-preview:-1\" \/>\n<link rel=\"canonical\" href=\"https:\/\/ileawo.com\/en\/orisa-yoruba\/osun\/\" \/>\n<meta property=\"og:locale\" content=\"en_US\" \/>\n<meta property=\"og:type\" content=\"article\" \/>\n<meta property=\"og:title\" content=\"Osun, the fertility orisa\" \/>\n<meta property=\"og:description\" content=\"Osun, also known as Oshun in Afro-Cuban practice, in the Yoruba orisa of female fertility. The Osogbo is specially worshiped.\" \/>\n<meta property=\"og:url\" content=\"https:\/\/ileawo.com\/en\/orisa-yoruba\/osun\/\" \/>\n<meta property=\"og:site_name\" content=\"Il\u00e9 Awo\" \/>\n<meta property=\"article:publisher\" content=\"https:\/\/www.facebook.com\/ifabiyii\" \/>\n<meta property=\"article:modified_time\" content=\"2020-05-31T21:45:27+00:00\" \/>\n<meta property=\"og:image\" content=\"http:\/\/ileawo.com\/wp-content\/uploads\/2020\/05\/osun-the-fertility-orisa.jpg\" \/>\n\t<meta property=\"og:image:width\" content=\"1200\" \/>\n\t<meta property=\"og:image:height\" content=\"633\" \/>\n\t<meta property=\"og:image:type\" content=\"image\/jpeg\" \/>\n<meta name=\"twitter:card\" content=\"summary_large_image\" \/>\n<meta name=\"twitter:image\" content=\"https:\/\/ileawo.com\/wp-content\/uploads\/2020\/05\/osun-the-fertility-orisa.jpg\" \/>\n<meta name=\"twitter:site\" content=\"@ifabiyii\" \/>\n<!-- \/ Yoast SEO Premium plugin. -->","yoast_head_json":{"title":"Osun, Orisa of fertility in the Traditional If\u00e1 - Il\u00e9 Awo","description":"Osun, also known as Oshun in Afro-Cuban practice, in the Yoruba orisa of female fertility. The Osogbo is specially worshiped.","robots":{"index":"index","follow":"follow","max-snippet":"max-snippet:-1","max-image-preview":"max-image-preview:large","max-video-preview":"max-video-preview:-1"},"canonical":"https:\/\/ileawo.com\/en\/orisa-yoruba\/osun\/","og_locale":"en_US","og_type":"article","og_title":"Osun, the fertility orisa","og_description":"Osun, also known as Oshun in Afro-Cuban practice, in the Yoruba orisa of female fertility. The Osogbo is specially worshiped.","og_url":"https:\/\/ileawo.com\/en\/orisa-yoruba\/osun\/","og_site_name":"Il\u00e9 Awo","article_publisher":"https:\/\/www.facebook.com\/ifabiyii","article_modified_time":"2020-05-31T21:45:27+00:00","og_image":[{"width":1200,"height":633,"url":"http:\/\/ileawo.com\/wp-content\/uploads\/2020\/05\/osun-the-fertility-orisa.jpg","type":"image\/jpeg"}],"twitter_card":"summary_large_image","twitter_image":"https:\/\/ileawo.com\/wp-content\/uploads\/2020\/05\/osun-the-fertility-orisa.jpg","twitter_site":"@ifabiyii","schema":{"@context":"https:\/\/schema.org","@graph":[{"@type":"Article","@id":"https:\/\/ileawo.com\/en\/orisa-yoruba\/osun\/#article","isPartOf":{"@id":"https:\/\/ileawo.com\/en\/orisa-yoruba\/osun\/"},"author":{"name":"If\u00e1b\u00edy\u00ec\u00ed Ak\u00f3d\u00e0","@id":"http:\/\/ileawo.com\/en\/#\/schema\/person\/5b4d3af5a9aa8f02fe88dbeb048ef64a"},"headline":"Osun, the fertility orisa","datePublished":"2019-10-27T23:00:00+00:00","dateModified":"2020-05-31T21:45:27+00:00","mainEntityOfPage":{"@id":"https:\/\/ileawo.com\/en\/orisa-yoruba\/osun\/"},"wordCount":1130,"commentCount":0,"publisher":{"@id":"http:\/\/ileawo.com\/en\/#organization"},"image":{"@id":"https:\/\/ileawo.com\/en\/orisa-yoruba\/osun\/#primaryimage"},"thumbnailUrl":"https:\/\/ileawo.com\/wp-content\/uploads\/2020\/05\/osun-the-fertility-orisa.jpg","inLanguage":"en-US","potentialAction":[{"@type":"CommentAction","name":"Comment","target":["https:\/\/ileawo.com\/en\/orisa-yoruba\/osun\/#respond"]}]},{"@type":"WebPage","@id":"https:\/\/ileawo.com\/en\/orisa-yoruba\/osun\/","url":"https:\/\/ileawo.com\/en\/orisa-yoruba\/osun\/","name":"Osun, Orisa of fertility in the Traditional If\u00e1 - Il\u00e9 Awo","isPartOf":{"@id":"http:\/\/ileawo.com\/en\/#website"},"primaryImageOfPage":{"@id":"https:\/\/ileawo.com\/en\/orisa-yoruba\/osun\/#primaryimage"},"image":{"@id":"https:\/\/ileawo.com\/en\/orisa-yoruba\/osun\/#primaryimage"},"thumbnailUrl":"https:\/\/ileawo.com\/wp-content\/uploads\/2020\/05\/osun-the-fertility-orisa.jpg","datePublished":"2019-10-27T23:00:00+00:00","dateModified":"2020-05-31T21:45:27+00:00","description":"Osun, also known as Oshun in Afro-Cuban practice, in the Yoruba orisa of female fertility. The Osogbo is specially worshiped.","breadcrumb":{"@id":"https:\/\/ileawo.com\/en\/orisa-yoruba\/osun\/#breadcrumb"},"inLanguage":"en-US","potentialAction":[{"@type":"ReadAction","target":["https:\/\/ileawo.com\/en\/orisa-yoruba\/osun\/"]}]},{"@type":"ImageObject","inLanguage":"en-US","@id":"https:\/\/ileawo.com\/en\/orisa-yoruba\/osun\/#primaryimage","url":"https:\/\/ileawo.com\/wp-content\/uploads\/2020\/05\/osun-the-fertility-orisa.jpg","contentUrl":"https:\/\/ileawo.com\/wp-content\/uploads\/2020\/05\/osun-the-fertility-orisa.jpg","width":1200,"height":633,"caption":"Osun, the fertility orisa"},{"@type":"BreadcrumbList","@id":"https:\/\/ileawo.com\/en\/orisa-yoruba\/osun\/#breadcrumb","itemListElement":[{"@type":"ListItem","position":1,"name":"Home","item":"https:\/\/ileawo.com\/en\/"},{"@type":"ListItem","position":2,"name":"Orisa Yoruba Traditional","item":"http:\/\/ileawo.com\/en\/orisa-yoruba\/"},{"@type":"ListItem","position":3,"name":"Osun, the fertility orisa"}]},{"@type":"WebSite","@id":"http:\/\/ileawo.com\/en\/#website","url":"http:\/\/ileawo.com\/en\/","name":"Il\u00e9 Awo","description":"","publisher":{"@id":"http:\/\/ileawo.com\/en\/#organization"},"potentialAction":[{"@type":"SearchAction","target":{"@type":"EntryPoint","urlTemplate":"http:\/\/ileawo.com\/en\/?s={search_term_string}"},"query-input":{"@type":"PropertyValueSpecification","valueRequired":true,"valueName":"search_term_string"}}],"inLanguage":"en-US"},{"@type":"Organization","@id":"http:\/\/ileawo.com\/en\/#organization","name":"Il\u00e9 Awo","url":"http:\/\/ileawo.com\/en\/","logo":{"@type":"ImageObject","inLanguage":"en-US","@id":"http:\/\/ileawo.com\/en\/#\/schema\/logo\/image\/","url":"https:\/\/ileawo.com\/wp-content\/uploads\/revslider\/Bienvenido\/Logo-Ile-Awo-20201.png","contentUrl":"https:\/\/ileawo.com\/wp-content\/uploads\/revslider\/Bienvenido\/Logo-Ile-Awo-20201.png","width":500,"height":155,"caption":"Il\u00e9 Awo"},"image":{"@id":"http:\/\/ileawo.com\/en\/#\/schema\/logo\/image\/"},"sameAs":["https:\/\/www.facebook.com\/ifabiyii","https:\/\/x.com\/ifabiyii","https:\/\/www.instagram.com\/ifabiyii_akoda\/"]},{"@type":"Person","@id":"http:\/\/ileawo.com\/en\/#\/schema\/person\/5b4d3af5a9aa8f02fe88dbeb048ef64a","name":"If\u00e1b\u00edy\u00ec\u00ed Ak\u00f3d\u00e0","image":{"@type":"ImageObject","inLanguage":"en-US","@id":"https:\/\/secure.gravatar.com\/avatar\/07530fd5fec1f19247b6ca33a6f419284691fff29c8857d86ea771d943bdba08?s=96&d=mm&r=g","url":"https:\/\/secure.gravatar.com\/avatar\/07530fd5fec1f19247b6ca33a6f419284691fff29c8857d86ea771d943bdba08?s=96&d=mm&r=g","contentUrl":"https:\/\/secure.gravatar.com\/avatar\/07530fd5fec1f19247b6ca33a6f419284691fff29c8857d86ea771d943bdba08?s=96&d=mm&r=g","caption":"If\u00e1b\u00edy\u00ec\u00ed Ak\u00f3d\u00e0"},"sameAs":["https:\/\/ileawo.com\/"]}]}},"_links":{"self":[{"href":"https:\/\/ileawo.com\/en\/wp-json\/wp\/v2\/pages\/3739","targetHints":{"allow":["GET"]}}],"collection":[{"href":"https:\/\/ileawo.com\/en\/wp-json\/wp\/v2\/pages"}],"about":[{"href":"https:\/\/ileawo.com\/en\/wp-json\/wp\/v2\/types\/page"}],"author":[{"embeddable":true,"href":"https:\/\/ileawo.com\/en\/wp-json\/wp\/v2\/users\/1"}],"replies":[{"embeddable":true,"href":"https:\/\/ileawo.com\/en\/wp-json\/wp\/v2\/comments?post=3739"}],"version-history":[{"count":0,"href":"https:\/\/ileawo.com\/en\/wp-json\/wp\/v2\/pages\/3739\/revisions"}],"up":[{"embeddable":true,"href":"https:\/\/ileawo.com\/en\/wp-json\/wp\/v2\/pages\/3701"}],"wp:featuredmedia":[{"embeddable":true,"href":"https:\/\/ileawo.com\/en\/wp-json\/wp\/v2\/media\/4211"}],"wp:attachment":[{"href":"https:\/\/ileawo.com\/en\/wp-json\/wp\/v2\/media?parent=3739"}],"wp:term":[{"taxonomy":"category","embeddable":true,"href":"https:\/\/ileawo.com\/en\/wp-json\/wp\/v2\/categories?post=3739"}],"curies":[{"name":"wp","href":"https:\/\/api.w.org\/{rel}","templated":true}]}}