{"id":3729,"date":"2019-10-28T00:00:00","date_gmt":"2019-10-27T23:00:00","guid":{"rendered":"https:\/\/ileawo.com\/orishas-yoruba\/osanyin-osain\/"},"modified":"2020-06-03T11:58:12","modified_gmt":"2020-06-03T09:58:12","slug":"osanyin-osain","status":"publish","type":"page","link":"https:\/\/ileawo.com\/en\/orisa-yoruba\/osanyin-osain\/","title":{"rendered":"Osanyin, the owner of the herbs"},"content":{"rendered":"<div class=\"wpb-content-wrapper\"><p>[vc_row el_class=&#8221;first-row&#8221;][vc_column width=&#8221;1\/6&#8243; offset=&#8221;vc_hidden-sm vc_hidden-xs&#8221;][\/vc_column][vc_column offset=&#8221;vc_col-md-8&#8243;][vc_column_text]<\/p>\n<p style=\"text-align: center;\">Osanyin known in Afro-cuban practice as Osain, is the Orisa in charge of the knowledge of all herbs, more than any other deity and, therefore, carries the knowledge of all the medicines used to cure any type of disease. He is an Orisa very close to Orunmila and is the husband of Oriseje.<\/p>\n<p>[\/vc_column_text][\/vc_column][vc_column width=&#8221;1\/6&#8243; offset=&#8221;vc_hidden-sm vc_hidden-xs&#8221;][\/vc_column][\/vc_row][vc_row full_width=&#8221;stretch_row&#8221; content_placement=&#8221;middle&#8221; bg_type=&#8221;bg_color&#8221; css=&#8221;.vc_custom_1589981972986{padding-top: 60px !important;padding-bottom: 30px !important;background-color: #f6f6f6 !important;}&#8221; bg_color_value=&#8221;#f6f6f6&#8243; el_class=&#8221;flex-row-tablet&#8221;][vc_column css=&#8221;.vc_custom_1577584109187{padding-top: 0px !important;}&#8221; offset=&#8221;vc_col-md-8&#8243;][vc_column_text]<\/p>\n<h2 style=\"text-align: center;\">Who is Osanyin?<\/h2>\n<p>Osanyin is often described by the Yoruba as a cruel, impatient, and smug Orisa. Osanyin owns the omiero (Omi Ero or holy water), and is so powerful that he is in charge of activating the initiation of all the Orisa. In addition, it is responsible for approving any type of curse that is done to a person.<\/p>\n<p>In the past people used to go to a <a href=\"https:\/\/ileawo.com\/en\/practice-ifa-traditional\/babalawo-ifabiyii-akoda\/\">babalawo<\/a> who had herbal knowledge started in Osanyin for not only spiritual but also health improvements. They were the healers and they knew the medicines that allowed to alleviate from a headache to much more important health problems. And this is because each herb, trunk or root has its virtue and when these plants are mixed with other herbs, they form medicines that can be used for different purposes.<\/p>\n<p>Osanyin is an Orisa with an eye, a leg, and an arm missing. This is said to have happened because of a war he had with Orunmila, where Orunmila sacrificed Sango and he sent thunder to punish Osanyin.[\/vc_column_text][\/vc_column][vc_column css=&#8221;.vc_custom_1577584096778{padding-top: 0px !important;}&#8221; offset=&#8221;vc_col-md-4&#8243;][vc_single_image image=&#8221;1268&#8243; img_size=&#8221;469&#215;700&#8243; alignment=&#8221;center&#8221; css=&#8221;.vc_custom_1590014335885{margin-bottom: 0px !important;}&#8221;][\/vc_column][\/vc_row][vc_row][vc_column width=&#8221;1\/6&#8243; offset=&#8221;vc_hidden-sm vc_hidden-xs&#8221;][\/vc_column][vc_column offset=&#8221;vc_col-md-8&#8243;][vc_column_text]<\/p>\n<h2 style=\"text-align: center;\">How to get initiated in Osanyin<\/h2>\n<p style=\"text-align: center;\">Osanyin is a delicate Orisa, so not everyone should acquire his initiation. Only if Orunmila determines that his initiation will be favorable to him, does the learning continue. After the person who wishes to be initiated into Osanyin acquires the basic knowledge of this Orisa and is able to take care of it by himself, he can begin his initiation with the babalawo who is carrying out his learning. <a href=\"https:\/\/ileawo.com\/en\/practice-ifa-traditional\/ifa-divination\/\">Divinations<\/a> must be carried out to know what sacrifices are necessary before their initiation.<\/p>\n<p style=\"text-align: center;\">We must remember that in Traditional Yoruba practice the person interested in initiation must acquire knowledge before doing it. At Il\u00e9 Awo we help you check your knowledge of If\u00e1 and the Orisa with the exclusive tests that you can find in <a href=\"http:\/\/hyperurl.co\/oju-odu\">Oj\u00fa Od\u00f9<\/a>.<\/p>\n<p>[\/vc_column_text][\/vc_column][vc_column width=&#8221;1\/6&#8243; offset=&#8221;vc_hidden-sm vc_hidden-xs&#8221;][\/vc_column][\/vc_row][vc_row full_width=&#8221;stretch_row&#8221; gap=&#8221;20&#8243; bg_type=&#8221;bg_color&#8221; bg_color_value=&#8221;#4e89d5&#8243; css=&#8221;.vc_custom_1589982019819{padding-top: 40px !important;padding-bottom: 40px !important;background-color: #4e89d5 !important;}&#8221;][vc_column width=&#8221;1\/6&#8243; offset=&#8221;vc_hidden-sm vc_hidden-xs&#8221;][\/vc_column][vc_column offset=&#8221;vc_col-md-8&#8243; css=&#8221;.vc_custom_1572264649280{padding-top: 0px !important;}&#8221;][vc_column_text css=&#8221;.vc_custom_1590751912959{margin-bottom: 20px !important;}&#8221;]<\/p>\n<h2 style=\"text-align: center;\"><span style=\"color: #ffffff;\">How to feed Osain<\/span><\/h2>\n<p style=\"text-align: center;\"><span style=\"color: #ffffff;\">The purpose for which Osanyin is served can be both good and bad. It can be taken care of to cure a disease to a person, to obtain good luck, riches or even to achieve the destruction of an enemy. The preparation of medicines is done with powerful enchantments that have the name of Ofo Ase.<\/span><\/p>\n<p>[\/vc_column_text][\/vc_column][vc_column width=&#8221;1\/6&#8243; offset=&#8221;vc_hidden-sm vc_hidden-xs&#8221;][\/vc_column][vc_column css_animation=&#8221;bottom-to-top&#8221; offset=&#8221;vc_col-md-6&#8243; css=&#8221;.vc_custom_1572276073446{margin-top: 0px !important;margin-right: 0px !important;margin-bottom: 0px !important;margin-left: 0px !important;padding-top: 40px !important;padding-right: 40px !important;padding-bottom: 40px !important;padding-left: 40px !important;background-color: #fcfcfc !important;border-radius: 10px !important;}&#8221;][vc_column_text css=&#8221;.vc_custom_1590751861651{margin-bottom: 0px !important;background-color: #fcfcfc !important;border-radius: 10px !important;}&#8221;]<\/p>\n<h3 style=\"text-align: center;\">Propitiation<\/h3>\n<p>It can be served with guinea pepper, Obi abata (kola nut), roasted corn, and alcoholic beverages. Usually the person making the offering to Osain kneels on one leg at the time of propitiation. Once these medicines are prepared, they are placed in the Osun de Osanyin, for the Orisa to approve.[\/vc_column_text][\/vc_column][vc_column css_animation=&#8221;bottom-to-top&#8221; offset=&#8221;vc_col-md-6&#8243; css=&#8221;.vc_custom_1572276081562{margin-top: 0px !important;margin-right: 0px !important;margin-bottom: 0px !important;margin-left: 0px !important;padding-top: 40px !important;padding-right: 40px !important;padding-bottom: 40px !important;padding-left: 40px !important;background-color: #fcfcfc !important;border-radius: 10px !important;}&#8221;][vc_column_text css=&#8221;.vc_custom_1590751929998{margin-bottom: 0px !important;background-color: #fcfcfc !important;border-radius: 10px !important;}&#8221;]<\/p>\n<h3 style=\"text-align: center;\">Some taboo<\/h3>\n<p>In many rituals the participation of women is prohibited, especially when they are menstruating. As well as, on many occasions, there are herbs that cannot be united since they can cause a detrimental effect. Should not be attended without the minimum knowledge so that care is not harmful.[\/vc_column_text][\/vc_column][\/vc_row][vc_row content_placement=&#8221;middle&#8221; css=&#8221;.vc_custom_1572650299769{padding-top: 30px !important;padding-bottom: 30px !important;}&#8221;][vc_column offset=&#8221;vc_col-md-4&#8243; css=&#8221;.vc_custom_1572650227295{padding-top: 0px !important;}&#8221;][vc_single_image image=&#8221;1265&#8243; img_size=&#8221;medium&#8221; alignment=&#8221;center&#8221; css=&#8221;.vc_custom_1590014352828{margin-bottom: 0px !important;}&#8221;][\/vc_column][vc_column offset=&#8221;vc_col-md-8&#8243; css=&#8221;.vc_custom_1572650220440{padding-top: 0px !important;}&#8221;][vc_column_text]<\/p>\n<h2 style=\"text-align: center;\">Osanyin types in traditional practice<\/h2>\n<p>There is only one type of Osanyin, usually called &#8220;Eepa Osanyin&#8221;. He is known as Elese Kan ti or le elese meji sare (The one-legged man who makes the two-legged man run).<\/p>\n<p>However, the herbs used with this Orisa are classified into four groups, which correspond to the four elements of nature: water, air, earth and fire. These are: ewe afeefe (air &#8211; wind blades); ewe inon (blades of fire); ewe omi (water leaves); and ewe ile or ewe igbo (leaves from the ground or from the forest).[\/vc_column_text][\/vc_column][\/vc_row][vc_row full_width=&#8221;stretch_row&#8221; content_placement=&#8221;middle&#8221; bg_type=&#8221;bg_color&#8221; bg_override=&#8221;ex-full&#8221; bg_color_value=&#8221;#4e89d5&#8243; el_class=&#8221;banner&#8221; css=&#8221;.vc_custom_1589982028983{background-color: #4e89d5 !important;}&#8221;][vc_column width=&#8221;2\/3&#8243;][vc_column_text el_class=&#8221;banner-text&#8221;]Learn more about the initiation and propitiation of this Orisa Yoruba[\/vc_column_text][\/vc_column][vc_column width=&#8221;1\/3&#8243;][vc_column_text css_animation=&#8221;bounceIn&#8221;]<\/p>\n<p style=\"text-align: center;\"><a class=\"custom-buttons-alternative\" href=\"https:\/\/ileawo.com\/en\/contact\/\">Ask us<\/a><\/p>\n<p>[\/vc_column_text][\/vc_column][\/vc_row]<\/p>\n<\/div>"},"excerpt":{"rendered":"<p>[vc_row el_class=&#8221;first-row&#8221;][vc_column width=&#8221;1\/6&#8243; offset=&#8221;vc_hidden-sm vc_hidden-xs&#8221;][\/vc_column][vc_column offset=&#8221;vc_col-md-8&#8243;][vc_column_text] Osanyin known in Afro-cuban practice as Osain, is the Orisa in charge of the knowledge of all herbs, more than<span class=\"excerpt-hellip\"> [\u2026]<\/span><\/p>\n","protected":false},"author":1,"featured_media":4202,"parent":3701,"menu_order":0,"comment_status":"open","ping_status":"open","template":"","meta":{"footnotes":""},"categories":[],"class_list":["post-3729","page","type-page","status-publish","has-post-thumbnail","hentry"],"yoast_head":"<!-- This site is optimized with the Yoast SEO Premium plugin v25.2 (Yoast SEO v27.3) - https:\/\/yoast.com\/product\/yoast-seo-premium-wordpress\/ -->\n<title>Osanyin, the orisa of herbs in the traditional practice of If\u00e1 - Il\u00e9 Awo<\/title>\n<meta name=\"description\" content=\"Osanyin, known in Afro-Cuban practice as Osain is, in traditional If\u00e1, the owner of the knowledge of If\u00e1 herbs. Is a delicate Orisa.\" \/>\n<meta name=\"robots\" content=\"index, follow, max-snippet:-1, max-image-preview:large, max-video-preview:-1\" \/>\n<link rel=\"canonical\" href=\"https:\/\/ileawo.com\/en\/orisa-yoruba\/osanyin-osain\/\" \/>\n<meta property=\"og:locale\" content=\"en_US\" \/>\n<meta property=\"og:type\" content=\"article\" \/>\n<meta property=\"og:title\" content=\"Osanyin, the owner of the herbs\" \/>\n<meta property=\"og:description\" content=\"Osanyin, known in Afro-Cuban practice as Osain is, in traditional If\u00e1, the owner of the knowledge of If\u00e1 herbs. Is a delicate Orisa.\" \/>\n<meta property=\"og:url\" content=\"https:\/\/ileawo.com\/en\/orisa-yoruba\/osanyin-osain\/\" \/>\n<meta property=\"og:site_name\" content=\"Il\u00e9 Awo\" \/>\n<meta property=\"article:publisher\" content=\"https:\/\/www.facebook.com\/ifabiyii\" \/>\n<meta property=\"article:modified_time\" content=\"2020-06-03T09:58:12+00:00\" \/>\n<meta property=\"og:image\" content=\"https:\/\/ileawo.com\/wp-content\/uploads\/2020\/05\/osanyin-the-owner-of-the-herbs.jpg\" \/>\n\t<meta property=\"og:image:width\" content=\"1200\" \/>\n\t<meta property=\"og:image:height\" content=\"633\" \/>\n\t<meta property=\"og:image:type\" content=\"image\/jpeg\" \/>\n<meta name=\"twitter:card\" content=\"summary_large_image\" \/>\n<meta name=\"twitter:image\" content=\"https:\/\/ileawo.com\/wp-content\/uploads\/2020\/05\/osanyin-the-owner-of-the-herbs.jpg\" \/>\n<meta name=\"twitter:site\" content=\"@ifabiyii\" \/>\n<!-- \/ Yoast SEO Premium plugin. -->","yoast_head_json":{"title":"Osanyin, the orisa of herbs in the traditional practice of If\u00e1 - Il\u00e9 Awo","description":"Osanyin, known in Afro-Cuban practice as Osain is, in traditional If\u00e1, the owner of the knowledge of If\u00e1 herbs. Is a delicate Orisa.","robots":{"index":"index","follow":"follow","max-snippet":"max-snippet:-1","max-image-preview":"max-image-preview:large","max-video-preview":"max-video-preview:-1"},"canonical":"https:\/\/ileawo.com\/en\/orisa-yoruba\/osanyin-osain\/","og_locale":"en_US","og_type":"article","og_title":"Osanyin, the owner of the herbs","og_description":"Osanyin, known in Afro-Cuban practice as Osain is, in traditional If\u00e1, the owner of the knowledge of If\u00e1 herbs. Is a delicate Orisa.","og_url":"https:\/\/ileawo.com\/en\/orisa-yoruba\/osanyin-osain\/","og_site_name":"Il\u00e9 Awo","article_publisher":"https:\/\/www.facebook.com\/ifabiyii","article_modified_time":"2020-06-03T09:58:12+00:00","og_image":[{"width":1200,"height":633,"url":"https:\/\/ileawo.com\/wp-content\/uploads\/2020\/05\/osanyin-the-owner-of-the-herbs.jpg","type":"image\/jpeg"}],"twitter_card":"summary_large_image","twitter_image":"https:\/\/ileawo.com\/wp-content\/uploads\/2020\/05\/osanyin-the-owner-of-the-herbs.jpg","twitter_site":"@ifabiyii","schema":{"@context":"https:\/\/schema.org","@graph":[{"@type":"Article","@id":"https:\/\/ileawo.com\/en\/orisa-yoruba\/osanyin-osain\/#article","isPartOf":{"@id":"https:\/\/ileawo.com\/en\/orisa-yoruba\/osanyin-osain\/"},"author":{"name":"If\u00e1b\u00edy\u00ec\u00ed Ak\u00f3d\u00e0","@id":"http:\/\/ileawo.com\/en\/#\/schema\/person\/5b4d3af5a9aa8f02fe88dbeb048ef64a"},"headline":"Osanyin, the owner of the herbs","datePublished":"2019-10-27T23:00:00+00:00","dateModified":"2020-06-03T09:58:12+00:00","mainEntityOfPage":{"@id":"https:\/\/ileawo.com\/en\/orisa-yoruba\/osanyin-osain\/"},"wordCount":1120,"commentCount":0,"publisher":{"@id":"http:\/\/ileawo.com\/en\/#organization"},"image":{"@id":"https:\/\/ileawo.com\/en\/orisa-yoruba\/osanyin-osain\/#primaryimage"},"thumbnailUrl":"https:\/\/ileawo.com\/wp-content\/uploads\/2020\/05\/osanyin-the-owner-of-the-herbs.jpg","inLanguage":"en-US","potentialAction":[{"@type":"CommentAction","name":"Comment","target":["https:\/\/ileawo.com\/en\/orisa-yoruba\/osanyin-osain\/#respond"]}]},{"@type":"WebPage","@id":"https:\/\/ileawo.com\/en\/orisa-yoruba\/osanyin-osain\/","url":"https:\/\/ileawo.com\/en\/orisa-yoruba\/osanyin-osain\/","name":"Osanyin, the orisa of herbs in the traditional practice of If\u00e1 - Il\u00e9 Awo","isPartOf":{"@id":"http:\/\/ileawo.com\/en\/#website"},"primaryImageOfPage":{"@id":"https:\/\/ileawo.com\/en\/orisa-yoruba\/osanyin-osain\/#primaryimage"},"image":{"@id":"https:\/\/ileawo.com\/en\/orisa-yoruba\/osanyin-osain\/#primaryimage"},"thumbnailUrl":"https:\/\/ileawo.com\/wp-content\/uploads\/2020\/05\/osanyin-the-owner-of-the-herbs.jpg","datePublished":"2019-10-27T23:00:00+00:00","dateModified":"2020-06-03T09:58:12+00:00","description":"Osanyin, known in Afro-Cuban practice as Osain is, in traditional If\u00e1, the owner of the knowledge of If\u00e1 herbs. Is a delicate Orisa.","breadcrumb":{"@id":"https:\/\/ileawo.com\/en\/orisa-yoruba\/osanyin-osain\/#breadcrumb"},"inLanguage":"en-US","potentialAction":[{"@type":"ReadAction","target":["https:\/\/ileawo.com\/en\/orisa-yoruba\/osanyin-osain\/"]}]},{"@type":"ImageObject","inLanguage":"en-US","@id":"https:\/\/ileawo.com\/en\/orisa-yoruba\/osanyin-osain\/#primaryimage","url":"https:\/\/ileawo.com\/wp-content\/uploads\/2020\/05\/osanyin-the-owner-of-the-herbs.jpg","contentUrl":"https:\/\/ileawo.com\/wp-content\/uploads\/2020\/05\/osanyin-the-owner-of-the-herbs.jpg","width":1200,"height":633,"caption":"Osanyin, the owner of the herbs"},{"@type":"BreadcrumbList","@id":"https:\/\/ileawo.com\/en\/orisa-yoruba\/osanyin-osain\/#breadcrumb","itemListElement":[{"@type":"ListItem","position":1,"name":"Home","item":"https:\/\/ileawo.com\/en\/"},{"@type":"ListItem","position":2,"name":"Orisa Yoruba Traditional","item":"http:\/\/ileawo.com\/en\/orisa-yoruba\/"},{"@type":"ListItem","position":3,"name":"Osanyin, the owner of the herbs"}]},{"@type":"WebSite","@id":"http:\/\/ileawo.com\/en\/#website","url":"http:\/\/ileawo.com\/en\/","name":"Il\u00e9 Awo","description":"","publisher":{"@id":"http:\/\/ileawo.com\/en\/#organization"},"potentialAction":[{"@type":"SearchAction","target":{"@type":"EntryPoint","urlTemplate":"http:\/\/ileawo.com\/en\/?s={search_term_string}"},"query-input":{"@type":"PropertyValueSpecification","valueRequired":true,"valueName":"search_term_string"}}],"inLanguage":"en-US"},{"@type":"Organization","@id":"http:\/\/ileawo.com\/en\/#organization","name":"Il\u00e9 Awo","url":"http:\/\/ileawo.com\/en\/","logo":{"@type":"ImageObject","inLanguage":"en-US","@id":"http:\/\/ileawo.com\/en\/#\/schema\/logo\/image\/","url":"https:\/\/ileawo.com\/wp-content\/uploads\/revslider\/Bienvenido\/Logo-Ile-Awo-20201.png","contentUrl":"https:\/\/ileawo.com\/wp-content\/uploads\/revslider\/Bienvenido\/Logo-Ile-Awo-20201.png","width":500,"height":155,"caption":"Il\u00e9 Awo"},"image":{"@id":"http:\/\/ileawo.com\/en\/#\/schema\/logo\/image\/"},"sameAs":["https:\/\/www.facebook.com\/ifabiyii","https:\/\/x.com\/ifabiyii","https:\/\/www.instagram.com\/ifabiyii_akoda\/"]},{"@type":"Person","@id":"http:\/\/ileawo.com\/en\/#\/schema\/person\/5b4d3af5a9aa8f02fe88dbeb048ef64a","name":"If\u00e1b\u00edy\u00ec\u00ed Ak\u00f3d\u00e0","image":{"@type":"ImageObject","inLanguage":"en-US","@id":"https:\/\/secure.gravatar.com\/avatar\/07530fd5fec1f19247b6ca33a6f419284691fff29c8857d86ea771d943bdba08?s=96&d=mm&r=g","url":"https:\/\/secure.gravatar.com\/avatar\/07530fd5fec1f19247b6ca33a6f419284691fff29c8857d86ea771d943bdba08?s=96&d=mm&r=g","contentUrl":"https:\/\/secure.gravatar.com\/avatar\/07530fd5fec1f19247b6ca33a6f419284691fff29c8857d86ea771d943bdba08?s=96&d=mm&r=g","caption":"If\u00e1b\u00edy\u00ec\u00ed Ak\u00f3d\u00e0"},"sameAs":["https:\/\/ileawo.com\/"]}]}},"_links":{"self":[{"href":"https:\/\/ileawo.com\/en\/wp-json\/wp\/v2\/pages\/3729","targetHints":{"allow":["GET"]}}],"collection":[{"href":"https:\/\/ileawo.com\/en\/wp-json\/wp\/v2\/pages"}],"about":[{"href":"https:\/\/ileawo.com\/en\/wp-json\/wp\/v2\/types\/page"}],"author":[{"embeddable":true,"href":"https:\/\/ileawo.com\/en\/wp-json\/wp\/v2\/users\/1"}],"replies":[{"embeddable":true,"href":"https:\/\/ileawo.com\/en\/wp-json\/wp\/v2\/comments?post=3729"}],"version-history":[{"count":0,"href":"https:\/\/ileawo.com\/en\/wp-json\/wp\/v2\/pages\/3729\/revisions"}],"up":[{"embeddable":true,"href":"https:\/\/ileawo.com\/en\/wp-json\/wp\/v2\/pages\/3701"}],"wp:featuredmedia":[{"embeddable":true,"href":"https:\/\/ileawo.com\/en\/wp-json\/wp\/v2\/media\/4202"}],"wp:attachment":[{"href":"https:\/\/ileawo.com\/en\/wp-json\/wp\/v2\/media?parent=3729"}],"wp:term":[{"taxonomy":"category","embeddable":true,"href":"https:\/\/ileawo.com\/en\/wp-json\/wp\/v2\/categories?post=3729"}],"curies":[{"name":"wp","href":"https:\/\/api.w.org\/{rel}","templated":true}]}}