{"id":3720,"date":"2019-10-27T00:00:00","date_gmt":"2019-10-26T22:00:00","guid":{"rendered":"https:\/\/ileawo.com\/orishas-yoruba\/ori\/"},"modified":"2020-06-03T11:53:32","modified_gmt":"2020-06-03T09:53:32","slug":"ori","status":"publish","type":"page","link":"https:\/\/ileawo.com\/en\/orisa-yoruba\/ori\/","title":{"rendered":"Ori, the Orisa of destiny"},"content":{"rendered":"<div class=\"wpb-content-wrapper\"><p>[vc_row el_class=&#8221;first-row&#8221;][vc_column width=&#8221;1\/6&#8243; offset=&#8221;vc_hidden-sm vc_hidden-xs&#8221;][\/vc_column][vc_column offset=&#8221;vc_col-md-8&#8243;][vc_column_text]<\/p>\n<p style=\"text-align: center;\">Ori is the Orisa Yoruba that represents the destiny chosen by each one of us at birth and, therefore, is the most important communication bridge between Olodumare and its creation.<\/p>\n<p>[\/vc_column_text][\/vc_column][vc_column width=&#8221;1\/6&#8243; offset=&#8221;vc_hidden-sm vc_hidden-xs&#8221;][\/vc_column][\/vc_row][vc_row full_width=&#8221;stretch_row&#8221; content_placement=&#8221;middle&#8221; bg_type=&#8221;bg_color&#8221; css=&#8221;.vc_custom_1589981454463{padding-top: 60px !important;padding-bottom: 30px !important;background-color: #f6f6f6 !important;}&#8221; bg_color_value=&#8221;#f6f6f6&#8243; el_class=&#8221;flex-row-tablet&#8221;][vc_column css=&#8221;.vc_custom_1577579518854{padding-top: 0px !important;}&#8221; offset=&#8221;vc_col-md-8&#8243;][vc_column_text]<\/p>\n<h2 style=\"text-align: center;\">Who is Ori?<\/h2>\n<p>Representing the destiny we choose at birth, Ori is the Orisa who guides the fulfillment of that destiny in the world, so its constant propitiation is necessary, especially when it comes to a newborn or when we suffer from any health problem. In the <a href=\"http:\/\/hyperurl.co\/ifa-pro-app\">If\u00e1 Tradicional Pro<\/a> application you can learn the details of how to make this propitiation to Ori.<\/p>\n<p>We should know that this is one of the most important Orisa in Traditional practice, since If\u00e1 teaches us that there is no other Orisa that can bring blessing faster to a person.[\/vc_column_text][\/vc_column][vc_column css=&#8221;.vc_custom_1577579507025{padding-top: 0px !important;}&#8221; el_class=&#8221;flex-row-tablet&#8221; offset=&#8221;vc_col-md-4&#8243;][vc_single_image image=&#8221;1171&#8243; img_size=&#8221;large&#8221; alignment=&#8221;center&#8221; css=&#8221;.vc_custom_1590013928647{margin-bottom: 0px !important;}&#8221;][\/vc_column][\/vc_row][vc_row][vc_column width=&#8221;1\/6&#8243; offset=&#8221;vc_hidden-sm vc_hidden-xs&#8221;][\/vc_column][vc_column offset=&#8221;vc_col-md-8&#8243;][vc_column_text]<\/p>\n<h2 style=\"text-align: center;\">How to get initiated in Ori<\/h2>\n<p style=\"text-align: center;\">The person who wishes to be initiated into the Orisa of destiny must first acquire knowledge of this Orisa. After she is able to take care of herself, she can begin her initiation with the babalawo with whom she receives her learning. We must remember that in Traditional Yoruba practice the person interested in initiation must acquire knowledge before initiating. Ori&#8217;s initiation is no exception.<\/p>\n<p style=\"text-align: center;\">This is a peculiar Orisa since his initiation is not necessarily the same for all people, because, in the same way, the Ile Ori can also differ with that of another person. This is because our destiny is unique, different from that of any other person. So <a href=\"https:\/\/ileawo.com\/en\/practice-ifa-traditional\/ifa-divination\/\">divinations<\/a> must be made to know what sacrifices are necessary before their initiation. Unlike other Orisa, \u200b\u200bOri is essential for anyone who wants to improve their well-being. So it will not be necessary to determine if it is positive that a person is initiated.<\/p>\n<p>[\/vc_column_text][\/vc_column][vc_column width=&#8221;1\/6&#8243; offset=&#8221;vc_hidden-sm vc_hidden-xs&#8221;][\/vc_column][\/vc_row][vc_row full_width=&#8221;stretch_row&#8221; gap=&#8221;20&#8243; bg_type=&#8221;bg_color&#8221; bg_color_value=&#8221;#4e89d5&#8243; css=&#8221;.vc_custom_1589981530610{padding-top: 40px !important;padding-bottom: 40px !important;background-color: #4e89d5 !important;}&#8221;][vc_column width=&#8221;1\/6&#8243; offset=&#8221;vc_hidden-sm vc_hidden-xs&#8221;][\/vc_column][vc_column offset=&#8221;vc_col-md-8&#8243; css=&#8221;.vc_custom_1572264649280{padding-top: 0px !important;}&#8221;][vc_column_text css=&#8221;.vc_custom_1591178006287{margin-bottom: 20px !important;}&#8221;]<\/p>\n<h2 style=\"text-align: center;\"><span style=\"color: #ffffff;\">How to feed Ori<\/span><\/h2>\n<p style=\"text-align: center;\"><span style=\"color: #ffffff;\">To attend this Orisa there are specific ceremonies that can be performed with various materials.<\/span><\/p>\n<p>[\/vc_column_text][\/vc_column][vc_column width=&#8221;1\/6&#8243; offset=&#8221;vc_hidden-sm vc_hidden-xs&#8221;][\/vc_column][vc_column css_animation=&#8221;bottom-to-top&#8221; offset=&#8221;vc_col-md-6&#8243; css=&#8221;.vc_custom_1572276073446{margin-top: 0px !important;margin-right: 0px !important;margin-bottom: 0px !important;margin-left: 0px !important;padding-top: 40px !important;padding-right: 40px !important;padding-bottom: 40px !important;padding-left: 40px !important;background-color: #fcfcfc !important;border-radius: 10px !important;}&#8221;][vc_column_text css=&#8221;.vc_custom_1590853227176{margin-bottom: 0px !important;background-color: #fcfcfc !important;border-radius: 10px !important;}&#8221;]<\/p>\n<h3 style=\"text-align: center;\">Ibori<\/h3>\n<p>The Ibori or Ori bibo is the name given to the <a href=\"http:\/\/hyperurl.co\/ifa-pro-app\">propitiation<\/a> of this Orisa, better known in Afro-Cuban practice as &#8220;Head Prayer&#8221;. It can be made with different materials such as Obi Abata, which we place on our heads while the babalawo recites Ori&#8217;s verses. Other materials are black pepper, slug or yam.[\/vc_column_text][\/vc_column][vc_column css_animation=&#8221;bottom-to-top&#8221; offset=&#8221;vc_col-md-6&#8243; css=&#8221;.vc_custom_1572276081562{margin-top: 0px !important;margin-right: 0px !important;margin-bottom: 0px !important;margin-left: 0px !important;padding-top: 40px !important;padding-right: 40px !important;padding-bottom: 40px !important;padding-left: 40px !important;background-color: #fcfcfc !important;border-radius: 10px !important;}&#8221;][vc_column_text css=&#8221;.vc_custom_1590747770703{margin-bottom: 0px !important;background-color: #fcfcfc !important;border-radius: 10px !important;}&#8221;]<\/p>\n<h3 style=\"text-align: center;\">Or\u00ed container<\/h3>\n<p>Materially this Orisa is represented by the &#8220;Ori Container&#8221;, which represents a crown. These containers are made in Nigeria in the traditional way and are consecrated by our babalawo. Once consecrated, the containers become a sacred place that contains within itself the vital energy of this Orisa.[\/vc_column_text][\/vc_column][\/vc_row][vc_row content_placement=&#8221;middle&#8221; css=&#8221;.vc_custom_1572649765161{padding-top: 30px !important;padding-bottom: 30px !important;}&#8221;][vc_column offset=&#8221;vc_col-md-4&#8243; css=&#8221;.vc_custom_1572649679995{padding-top: 0px !important;}&#8221;][vc_single_image image=&#8221;1174&#8243; img_size=&#8221;469&#215;700&#8243; alignment=&#8221;center&#8221; css=&#8221;.vc_custom_1590013948776{margin-bottom: 0px !important;}&#8221;][\/vc_column][vc_column offset=&#8221;vc_col-md-8&#8243; css=&#8221;.vc_custom_1577578918417{padding-top: 0px !important;}&#8221;][vc_column_text]<\/p>\n<h2 style=\"text-align: center;\">Types of Ori in traditional practice<\/h2>\n<p>In Traditional If\u00e1 practice there are three types of Ori. The first is the destiny that cannot be modified. An example of this is who our parents are, which is something inalterable.<\/p>\n<p>The second is destiny that can be modified and they are the choices that we make in our lives. An example could be that, if a person is going to move and has two options of countries to go; one choice may do better than the other. The third type of destiny is one that can be completely modified or improved. This is achieved through the sacrifices that are made to this Orisa, which can help the person&#8217;s destiny to be much better.[\/vc_column_text][\/vc_column][\/vc_row][vc_row full_width=&#8221;stretch_row&#8221; content_placement=&#8221;middle&#8221; bg_type=&#8221;bg_color&#8221; bg_override=&#8221;ex-full&#8221; bg_color_value=&#8221;#4e89d5&#8243; el_class=&#8221;banner&#8221; css=&#8221;.vc_custom_1589981537945{background-color: #4e89d5 !important;}&#8221;][vc_column width=&#8221;2\/3&#8243;][vc_column_text el_class=&#8221;banner-text&#8221;]Learn more about the initiation and propitiation of this Orisa Yoruba[\/vc_column_text][\/vc_column][vc_column width=&#8221;1\/3&#8243;][vc_column_text css_animation=&#8221;bounceIn&#8221;]<\/p>\n<p style=\"text-align: center;\"><a class=\"custom-buttons-alternative\" href=\"https:\/\/ileawo.com\/en\/contact\/\">Ask us<\/a><\/p>\n<p>[\/vc_column_text][\/vc_column][\/vc_row]<\/p>\n<\/div>"},"excerpt":{"rendered":"<p>[vc_row el_class=&#8221;first-row&#8221;][vc_column width=&#8221;1\/6&#8243; offset=&#8221;vc_hidden-sm vc_hidden-xs&#8221;][\/vc_column][vc_column offset=&#8221;vc_col-md-8&#8243;][vc_column_text] Ori is the Orisa Yoruba that represents the destiny chosen by each one of us at birth and, therefore, is<span class=\"excerpt-hellip\"> [\u2026]<\/span><\/p>\n","protected":false},"author":1,"featured_media":4169,"parent":3701,"menu_order":0,"comment_status":"open","ping_status":"open","template":"","meta":{"footnotes":""},"categories":[],"class_list":["post-3720","page","type-page","status-publish","has-post-thumbnail","hentry"],"yoast_head":"<!-- This site is optimized with the Yoast SEO Premium plugin v25.2 (Yoast SEO v27.4) - https:\/\/yoast.com\/product\/yoast-seo-premium-wordpress\/ -->\n<title>Ori, the Yoruba orisa of destiny in Traditional Ifa practice - Il\u00e9 Awo<\/title>\n<meta name=\"description\" content=\"Ori is the Yoruba Orisha that represents the destiny that people choose at birth and day by day. Represents our head and it must be constantly propiciate.\" \/>\n<meta name=\"robots\" content=\"index, follow, max-snippet:-1, max-image-preview:large, max-video-preview:-1\" \/>\n<link rel=\"canonical\" href=\"https:\/\/ileawo.com\/en\/orisa-yoruba\/ori\/\" \/>\n<meta property=\"og:locale\" content=\"en_US\" \/>\n<meta property=\"og:type\" content=\"article\" \/>\n<meta property=\"og:title\" content=\"Ori, the Orisa of destiny\" \/>\n<meta property=\"og:description\" content=\"Ori is the Yoruba Orisha that represents the destiny that people choose at birth and day by day. Represents our head and it must be constantly propiciate.\" \/>\n<meta property=\"og:url\" content=\"https:\/\/ileawo.com\/en\/orisa-yoruba\/ori\/\" \/>\n<meta property=\"og:site_name\" content=\"Il\u00e9 Awo\" \/>\n<meta property=\"article:publisher\" content=\"https:\/\/www.facebook.com\/ifabiyii\" \/>\n<meta property=\"article:modified_time\" content=\"2020-06-03T09:53:32+00:00\" \/>\n<meta property=\"og:image\" content=\"https:\/\/ileawo.com\/wp-content\/uploads\/2020\/05\/ori-the-orisa-of-destiny.jpg\" \/>\n\t<meta property=\"og:image:width\" content=\"1200\" \/>\n\t<meta property=\"og:image:height\" content=\"633\" \/>\n\t<meta property=\"og:image:type\" content=\"image\/jpeg\" \/>\n<meta name=\"twitter:card\" content=\"summary_large_image\" \/>\n<meta name=\"twitter:image\" content=\"https:\/\/ileawo.com\/wp-content\/uploads\/2020\/05\/ori-the-orisa-of-destiny.jpg\" \/>\n<meta name=\"twitter:site\" content=\"@ifabiyii\" \/>\n<!-- \/ Yoast SEO Premium plugin. -->","yoast_head_json":{"title":"Ori, the Yoruba orisa of destiny in Traditional Ifa practice - Il\u00e9 Awo","description":"Ori is the Yoruba Orisha that represents the destiny that people choose at birth and day by day. Represents our head and it must be constantly propiciate.","robots":{"index":"index","follow":"follow","max-snippet":"max-snippet:-1","max-image-preview":"max-image-preview:large","max-video-preview":"max-video-preview:-1"},"canonical":"https:\/\/ileawo.com\/en\/orisa-yoruba\/ori\/","og_locale":"en_US","og_type":"article","og_title":"Ori, the Orisa of destiny","og_description":"Ori is the Yoruba Orisha that represents the destiny that people choose at birth and day by day. Represents our head and it must be constantly propiciate.","og_url":"https:\/\/ileawo.com\/en\/orisa-yoruba\/ori\/","og_site_name":"Il\u00e9 Awo","article_publisher":"https:\/\/www.facebook.com\/ifabiyii","article_modified_time":"2020-06-03T09:53:32+00:00","og_image":[{"width":1200,"height":633,"url":"https:\/\/ileawo.com\/wp-content\/uploads\/2020\/05\/ori-the-orisa-of-destiny.jpg","type":"image\/jpeg"}],"twitter_card":"summary_large_image","twitter_image":"https:\/\/ileawo.com\/wp-content\/uploads\/2020\/05\/ori-the-orisa-of-destiny.jpg","twitter_site":"@ifabiyii","schema":{"@context":"https:\/\/schema.org","@graph":[{"@type":"Article","@id":"https:\/\/ileawo.com\/en\/orisa-yoruba\/ori\/#article","isPartOf":{"@id":"https:\/\/ileawo.com\/en\/orisa-yoruba\/ori\/"},"author":{"name":"If\u00e1b\u00edy\u00ec\u00ed Ak\u00f3d\u00e0","@id":"http:\/\/ileawo.com\/en\/#\/schema\/person\/5b4d3af5a9aa8f02fe88dbeb048ef64a"},"headline":"Ori, the Orisa of destiny","datePublished":"2019-10-26T22:00:00+00:00","dateModified":"2020-06-03T09:53:32+00:00","mainEntityOfPage":{"@id":"https:\/\/ileawo.com\/en\/orisa-yoruba\/ori\/"},"wordCount":1041,"commentCount":0,"publisher":{"@id":"http:\/\/ileawo.com\/en\/#organization"},"image":{"@id":"https:\/\/ileawo.com\/en\/orisa-yoruba\/ori\/#primaryimage"},"thumbnailUrl":"https:\/\/ileawo.com\/wp-content\/uploads\/2020\/05\/ori-the-orisa-of-destiny.jpg","inLanguage":"en-US","potentialAction":[{"@type":"CommentAction","name":"Comment","target":["https:\/\/ileawo.com\/en\/orisa-yoruba\/ori\/#respond"]}]},{"@type":"WebPage","@id":"https:\/\/ileawo.com\/en\/orisa-yoruba\/ori\/","url":"https:\/\/ileawo.com\/en\/orisa-yoruba\/ori\/","name":"Ori, the Yoruba orisa of destiny in Traditional Ifa practice - Il\u00e9 Awo","isPartOf":{"@id":"http:\/\/ileawo.com\/en\/#website"},"primaryImageOfPage":{"@id":"https:\/\/ileawo.com\/en\/orisa-yoruba\/ori\/#primaryimage"},"image":{"@id":"https:\/\/ileawo.com\/en\/orisa-yoruba\/ori\/#primaryimage"},"thumbnailUrl":"https:\/\/ileawo.com\/wp-content\/uploads\/2020\/05\/ori-the-orisa-of-destiny.jpg","datePublished":"2019-10-26T22:00:00+00:00","dateModified":"2020-06-03T09:53:32+00:00","description":"Ori is the Yoruba Orisha that represents the destiny that people choose at birth and day by day. Represents our head and it must be constantly propiciate.","breadcrumb":{"@id":"https:\/\/ileawo.com\/en\/orisa-yoruba\/ori\/#breadcrumb"},"inLanguage":"en-US","potentialAction":[{"@type":"ReadAction","target":["https:\/\/ileawo.com\/en\/orisa-yoruba\/ori\/"]}]},{"@type":"ImageObject","inLanguage":"en-US","@id":"https:\/\/ileawo.com\/en\/orisa-yoruba\/ori\/#primaryimage","url":"https:\/\/ileawo.com\/wp-content\/uploads\/2020\/05\/ori-the-orisa-of-destiny.jpg","contentUrl":"https:\/\/ileawo.com\/wp-content\/uploads\/2020\/05\/ori-the-orisa-of-destiny.jpg","width":1200,"height":633,"caption":"ori the orisa of destiny"},{"@type":"BreadcrumbList","@id":"https:\/\/ileawo.com\/en\/orisa-yoruba\/ori\/#breadcrumb","itemListElement":[{"@type":"ListItem","position":1,"name":"Home","item":"https:\/\/ileawo.com\/en\/"},{"@type":"ListItem","position":2,"name":"Orisa Yoruba Traditional","item":"http:\/\/ileawo.com\/en\/orisa-yoruba\/"},{"@type":"ListItem","position":3,"name":"Ori, the Orisa of destiny"}]},{"@type":"WebSite","@id":"http:\/\/ileawo.com\/en\/#website","url":"http:\/\/ileawo.com\/en\/","name":"Il\u00e9 Awo","description":"","publisher":{"@id":"http:\/\/ileawo.com\/en\/#organization"},"potentialAction":[{"@type":"SearchAction","target":{"@type":"EntryPoint","urlTemplate":"http:\/\/ileawo.com\/en\/?s={search_term_string}"},"query-input":{"@type":"PropertyValueSpecification","valueRequired":true,"valueName":"search_term_string"}}],"inLanguage":"en-US"},{"@type":"Organization","@id":"http:\/\/ileawo.com\/en\/#organization","name":"Il\u00e9 Awo","url":"http:\/\/ileawo.com\/en\/","logo":{"@type":"ImageObject","inLanguage":"en-US","@id":"http:\/\/ileawo.com\/en\/#\/schema\/logo\/image\/","url":"https:\/\/ileawo.com\/wp-content\/uploads\/revslider\/Bienvenido\/Logo-Ile-Awo-20201.png","contentUrl":"https:\/\/ileawo.com\/wp-content\/uploads\/revslider\/Bienvenido\/Logo-Ile-Awo-20201.png","width":500,"height":155,"caption":"Il\u00e9 Awo"},"image":{"@id":"http:\/\/ileawo.com\/en\/#\/schema\/logo\/image\/"},"sameAs":["https:\/\/www.facebook.com\/ifabiyii","https:\/\/x.com\/ifabiyii","https:\/\/www.instagram.com\/ifabiyii_akoda\/"]},{"@type":"Person","@id":"http:\/\/ileawo.com\/en\/#\/schema\/person\/5b4d3af5a9aa8f02fe88dbeb048ef64a","name":"If\u00e1b\u00edy\u00ec\u00ed Ak\u00f3d\u00e0","image":{"@type":"ImageObject","inLanguage":"en-US","@id":"https:\/\/secure.gravatar.com\/avatar\/07530fd5fec1f19247b6ca33a6f419284691fff29c8857d86ea771d943bdba08?s=96&d=mm&r=g","url":"https:\/\/secure.gravatar.com\/avatar\/07530fd5fec1f19247b6ca33a6f419284691fff29c8857d86ea771d943bdba08?s=96&d=mm&r=g","contentUrl":"https:\/\/secure.gravatar.com\/avatar\/07530fd5fec1f19247b6ca33a6f419284691fff29c8857d86ea771d943bdba08?s=96&d=mm&r=g","caption":"If\u00e1b\u00edy\u00ec\u00ed Ak\u00f3d\u00e0"},"sameAs":["https:\/\/ileawo.com\/"]}]}},"_links":{"self":[{"href":"https:\/\/ileawo.com\/en\/wp-json\/wp\/v2\/pages\/3720","targetHints":{"allow":["GET"]}}],"collection":[{"href":"https:\/\/ileawo.com\/en\/wp-json\/wp\/v2\/pages"}],"about":[{"href":"https:\/\/ileawo.com\/en\/wp-json\/wp\/v2\/types\/page"}],"author":[{"embeddable":true,"href":"https:\/\/ileawo.com\/en\/wp-json\/wp\/v2\/users\/1"}],"replies":[{"embeddable":true,"href":"https:\/\/ileawo.com\/en\/wp-json\/wp\/v2\/comments?post=3720"}],"version-history":[{"count":0,"href":"https:\/\/ileawo.com\/en\/wp-json\/wp\/v2\/pages\/3720\/revisions"}],"up":[{"embeddable":true,"href":"https:\/\/ileawo.com\/en\/wp-json\/wp\/v2\/pages\/3701"}],"wp:featuredmedia":[{"embeddable":true,"href":"https:\/\/ileawo.com\/en\/wp-json\/wp\/v2\/media\/4169"}],"wp:attachment":[{"href":"https:\/\/ileawo.com\/en\/wp-json\/wp\/v2\/media?parent=3720"}],"wp:term":[{"taxonomy":"category","embeddable":true,"href":"https:\/\/ileawo.com\/en\/wp-json\/wp\/v2\/categories?post=3720"}],"curies":[{"name":"wp","href":"https:\/\/api.w.org\/{rel}","templated":true}]}}