{"id":3716,"date":"2019-10-28T00:00:00","date_gmt":"2019-10-27T23:00:00","guid":{"rendered":"https:\/\/ileawo.com\/orishas-yoruba\/ofrendas-orishas\/"},"modified":"2020-05-31T22:40:38","modified_gmt":"2020-05-31T20:40:38","slug":"offerings-orisa","status":"publish","type":"page","link":"https:\/\/ileawo.com\/en\/orisa-yoruba\/offerings-orisa\/","title":{"rendered":"Offerings to the Orisa"},"content":{"rendered":"<div class=\"wpb-content-wrapper\"><p>[vc_row el_class=&#8221;first-row&#8221;][vc_column width=&#8221;1\/6&#8243; offset=&#8221;vc_hidden-sm vc_hidden-xs&#8221;][\/vc_column][vc_column offset=&#8221;vc_col-md-8&#8243;][vc_column_text]<\/p>\n<p style=\"text-align: center;\">Offerings to the Orisa in the Yoruba culture are one of the most important aspects of religious practice, since everything is based on sacrifice. Offerings can be made to praise an Orisa, for an If\u00e1 divination, an initiation, for the<a href=\"https:\/\/ileawo.com\/en\/oke-itase-world-divination\/\"> Oke Itase<\/a>, festivals, to get lucky or to solve some problem.<\/p>\n<p>[\/vc_column_text][\/vc_column][vc_column width=&#8221;1\/6&#8243; offset=&#8221;vc_hidden-sm vc_hidden-xs&#8221;][\/vc_column][\/vc_row][vc_row full_width=&#8221;stretch_row&#8221; content_placement=&#8221;middle&#8221; bg_type=&#8221;bg_color&#8221; css=&#8221;.vc_custom_1589981042725{padding-top: 60px !important;padding-bottom: 30px !important;background-color: #f6f6f6 !important;}&#8221; bg_color_value=&#8221;#f6f6f6&#8243; el_class=&#8221;flex-row-tablet&#8221;][vc_column css=&#8221;.vc_custom_1577572718283{padding-top: 0px !important;}&#8221; offset=&#8221;vc_col-md-8&#8243;][vc_column_text]<\/p>\n<h2 style=\"text-align: center;\">Types of offerings to the Orisa<\/h2>\n<p>The Adimu (\u00c0d\u00ecm\u00f9) is the most common type of offering made to the Orisa. In it, in most cases, food or animals are used. Some of the foods that are used as Adimu in traditional If\u00e1 are <a href=\"http:\/\/hyperurl.co\/ifa-pro-app\">Amala<\/a> (\u00c0m\u00e0l\u00e0) or yam flour, <a href=\"http:\/\/hyperurl.co\/ifa-pro-app\">Ekuru<\/a> (\u00c9kuru) or <a href=\"http:\/\/hyperurl.co\/ifa-pro-app\">Akara<\/a> (\u00c0k\u00e0r\u00e0), which are two dishes of carita beans, or Eko (\u00c8ko ) which is cooked cornmeal, to name just a few examples. Each of these foods, which are typical of the Yoruba culture, are used for different purposes.<\/p>\n<p>Another type of sacrifice or Ebo are the <a href=\"http:\/\/hyperurl.co\/ifa-pro-app\">Ebo Rir\u00fa<\/a> and the Etutu (\u00c8t\u00f9t\u00f9).<\/p>\n<p>It is important to know that the ceremonies and sacrifices that are performed during an initiation of If\u00e1 or one of the Orisha are not offerings, but are part of the same initiation.<\/p>\n<p>It should also be taken into account that a medicine should not be used without having previously made the offerings. If you are interested in knowing more about If\u00e1 medicines, download the<a href=\"http:\/\/hyperurl.co\/ifa-pro-app\"> If\u00e1 Tradicional Pro application<\/a>.[\/vc_column_text][\/vc_column][vc_column css=&#8221;.vc_custom_1577572679959{padding-top: 0px !important;}&#8221; offset=&#8221;vc_col-md-4&#8243;][vc_single_image image=&#8221;1298&#8243; img_size=&#8221;large&#8221; alignment=&#8221;center&#8221; css=&#8221;.vc_custom_1590013619293{margin-bottom: 0px !important;}&#8221;][\/vc_column][\/vc_row][vc_row content_placement=&#8221;middle&#8221; css=&#8221;.vc_custom_1572651495270{padding-top: 30px !important;}&#8221;][vc_column css=&#8221;.vc_custom_1577572732550{padding-top: 0px !important;}&#8221; offset=&#8221;vc_col-md-4&#8243;][vc_single_image image=&#8221;1301&#8243; img_size=&#8221;large&#8221; alignment=&#8221;center&#8221; css=&#8221;.vc_custom_1590013642137{margin-bottom: 0px !important;}&#8221;][\/vc_column][vc_column css=&#8221;.vc_custom_1577572749943{padding-top: 0px !important;}&#8221; offset=&#8221;vc_col-md-8&#8243;][vc_column_text]<\/p>\n<h2 style=\"text-align: center;\">Why make offerings<\/h2>\n<p>When a divination is made, If\u00e1 will always indicate offerings to the Orisa or sacrifices that the person must make to achieve his goals and prevent something negative from happening. In this case there are several options: that the person listens to If\u00e1 and makes the offerings immediately or, on the other hand, that the person delays or does not make the necessary offerings or sacrifices.<\/p>\n<p>If we make the offerings to the Orisa immediately, the positive part of what was said by If\u00e1 will manifest and we will be able to overcome the negative part that If\u00e1 warns about. For example, if divination points to a kind of wealth, making the offerings will make it manifest. If, on the other hand, divination indicates an economic loss, with the offerings we will do everything possible to prevent this loss from occurring.<\/p>\n<p>When we delay the offerings, the safest thing is that the positive does not manifest itself and that the negative cannot be avoided. Continuing with the same example above, if <a href=\"https:\/\/ileawo.com\/en\/practice-ifa-traditional\/ifa-divination\/\">divination<\/a> points to a kind of wealth and we delay the offerings, it will not manifest itself. If in divination it is warned of an economic loss and we delay the offerings, we will not prevent this from happening. When this situation occurs and people find that their problems are not resolved or aggravated, they return to the babalawo&#8217;s house to try to make the sacrifices requested above. However, they have to take into account that at that moment the situation is different from the initial one and that the offerings that will have to be made will change.<\/p>\n<p>The third option is that the person does not make the offerings. Here it is necessary to warn that if you do not do them, your situation will worsen. That is why we always recommend to people that if they are not willing to make offerings to the Orisa, then do not make divination.[\/vc_column_text][\/vc_column][\/vc_row][vc_row full_width=&#8221;stretch_row_content&#8221; content_placement=&#8221;middle&#8221; parallax=&#8221;content-moving&#8221; parallax_image=&#8221;1294&#8243; parallax_speed_bg=&#8221;1.8&#8243; css=&#8221;.vc_custom_1590013685575{padding-top: 60px !important;padding-bottom: 60px !important;}&#8221;][vc_column width=&#8221;1\/4&#8243;][\/vc_column][vc_column width=&#8221;1\/2&#8243;][vc_column_text]<\/p>\n<h3 style=\"text-align: center;\"><span style=\"color: #ffffff;\">Ensures the success of sacrifices<\/span><\/h3>\n<p style=\"text-align: center;\"><span style=\"color: #ffffff;\">For the offerings to the Orisa and the sacrifices to be completely successful, people must maintain good behavior, respect their taboos and heed the warnings that Ifa makes.<\/span><\/p>\n<p>[\/vc_column_text][vc_column_text]<\/p>\n<p style=\"text-align: center;\"><span style=\"color: #ffffff;\"><a style=\"color: #ffffff;\" href=\"https:\/\/ileawo.com\/en\/contact\/\">Know more<\/a><\/span><\/p>\n<p>[\/vc_column_text][\/vc_column][vc_column width=&#8221;1\/4&#8243;][\/vc_column][\/vc_row][vc_row full_width=&#8221;stretch_row&#8221; content_placement=&#8221;middle&#8221; bg_type=&#8221;bg_color&#8221; bg_override=&#8221;ex-full&#8221; bg_color_value=&#8221;#ffffff&#8221; el_class=&#8221;banner&#8221; css=&#8221;.vc_custom_1589981177865{background-color: #ffffff !important;}&#8221;][vc_column width=&#8221;2\/3&#8243;][vc_column_text el_class=&#8221;banner-text-alternative&#8221;]Learn how to make the offerings step by step with If\u00e1 Tradicional Pro[\/vc_column_text][\/vc_column][vc_column width=&#8221;1\/3&#8243;][vc_column_text css_animation=&#8221;bounceIn&#8221;]<\/p>\n<p style=\"text-align: center;\"><a class=\"custom-buttons\" href=\"http:\/\/hyperurl.co\/ifa-pro-app\">Download<\/a><\/p>\n<p>[\/vc_column_text][\/vc_column][\/vc_row]<\/p>\n<\/div>"},"excerpt":{"rendered":"<p>[vc_row el_class=&#8221;first-row&#8221;][vc_column width=&#8221;1\/6&#8243; offset=&#8221;vc_hidden-sm vc_hidden-xs&#8221;][\/vc_column][vc_column offset=&#8221;vc_col-md-8&#8243;][vc_column_text] Offerings to the Orisa in the Yoruba culture are one of the most important aspects of religious practice, since everything<span class=\"excerpt-hellip\"> [\u2026]<\/span><\/p>\n","protected":false},"author":1,"featured_media":4159,"parent":3701,"menu_order":0,"comment_status":"open","ping_status":"open","template":"","meta":{"footnotes":""},"categories":[],"class_list":["post-3716","page","type-page","status-publish","has-post-thumbnail","hentry"],"yoast_head":"<!-- This site is optimized with the Yoast SEO Premium plugin v25.2 (Yoast SEO v27.4) - https:\/\/yoast.com\/product\/yoast-seo-premium-wordpress\/ -->\n<title>Offerings to the orisa and sacrifices in the traditional If\u00e1 - Il\u00e9 Awo<\/title>\n<meta name=\"description\" content=\"Offerings to the orisa and sacrifices are the fundamental key to traditional practice. With them we overcome the obstacles and achieve luck.\" \/>\n<meta name=\"robots\" content=\"index, follow, max-snippet:-1, max-image-preview:large, max-video-preview:-1\" \/>\n<link rel=\"canonical\" href=\"https:\/\/ileawo.com\/en\/orisa-yoruba\/offerings-orisa\/\" \/>\n<meta property=\"og:locale\" content=\"en_US\" \/>\n<meta property=\"og:type\" content=\"article\" \/>\n<meta property=\"og:title\" content=\"Offerings to the Orisa\" \/>\n<meta property=\"og:description\" content=\"Offerings to the orisa and sacrifices are the fundamental key to traditional practice. With them we overcome the obstacles and achieve luck.\" \/>\n<meta property=\"og:url\" content=\"https:\/\/ileawo.com\/en\/orisa-yoruba\/offerings-orisa\/\" \/>\n<meta property=\"og:site_name\" content=\"Il\u00e9 Awo\" \/>\n<meta property=\"article:publisher\" content=\"https:\/\/www.facebook.com\/ifabiyii\" \/>\n<meta property=\"article:modified_time\" content=\"2020-05-31T20:40:38+00:00\" \/>\n<meta property=\"og:image\" content=\"https:\/\/ileawo.com\/wp-content\/uploads\/2020\/05\/offerings-to-the-orisa.jpg\" \/>\n\t<meta property=\"og:image:width\" content=\"1200\" \/>\n\t<meta property=\"og:image:height\" content=\"633\" \/>\n\t<meta property=\"og:image:type\" content=\"image\/jpeg\" \/>\n<meta name=\"twitter:card\" content=\"summary_large_image\" \/>\n<meta name=\"twitter:site\" content=\"@ifabiyii\" \/>\n<!-- \/ Yoast SEO Premium plugin. -->","yoast_head_json":{"title":"Offerings to the orisa and sacrifices in the traditional If\u00e1 - Il\u00e9 Awo","description":"Offerings to the orisa and sacrifices are the fundamental key to traditional practice. With them we overcome the obstacles and achieve luck.","robots":{"index":"index","follow":"follow","max-snippet":"max-snippet:-1","max-image-preview":"max-image-preview:large","max-video-preview":"max-video-preview:-1"},"canonical":"https:\/\/ileawo.com\/en\/orisa-yoruba\/offerings-orisa\/","og_locale":"en_US","og_type":"article","og_title":"Offerings to the Orisa","og_description":"Offerings to the orisa and sacrifices are the fundamental key to traditional practice. With them we overcome the obstacles and achieve luck.","og_url":"https:\/\/ileawo.com\/en\/orisa-yoruba\/offerings-orisa\/","og_site_name":"Il\u00e9 Awo","article_publisher":"https:\/\/www.facebook.com\/ifabiyii","article_modified_time":"2020-05-31T20:40:38+00:00","og_image":[{"width":1200,"height":633,"url":"https:\/\/ileawo.com\/wp-content\/uploads\/2020\/05\/offerings-to-the-orisa.jpg","type":"image\/jpeg"}],"twitter_card":"summary_large_image","twitter_site":"@ifabiyii","schema":{"@context":"https:\/\/schema.org","@graph":[{"@type":"Article","@id":"https:\/\/ileawo.com\/en\/orisa-yoruba\/offerings-orisa\/#article","isPartOf":{"@id":"https:\/\/ileawo.com\/en\/orisa-yoruba\/offerings-orisa\/"},"author":{"name":"If\u00e1b\u00edy\u00ec\u00ed Ak\u00f3d\u00e0","@id":"http:\/\/ileawo.com\/en\/#\/schema\/person\/5b4d3af5a9aa8f02fe88dbeb048ef64a"},"headline":"Offerings to the Orisa","datePublished":"2019-10-27T23:00:00+00:00","dateModified":"2020-05-31T20:40:38+00:00","mainEntityOfPage":{"@id":"https:\/\/ileawo.com\/en\/orisa-yoruba\/offerings-orisa\/"},"wordCount":907,"commentCount":0,"publisher":{"@id":"http:\/\/ileawo.com\/en\/#organization"},"image":{"@id":"https:\/\/ileawo.com\/en\/orisa-yoruba\/offerings-orisa\/#primaryimage"},"thumbnailUrl":"https:\/\/ileawo.com\/wp-content\/uploads\/2020\/05\/offerings-to-the-orisa.jpg","inLanguage":"en-US","potentialAction":[{"@type":"CommentAction","name":"Comment","target":["https:\/\/ileawo.com\/en\/orisa-yoruba\/offerings-orisa\/#respond"]}]},{"@type":"WebPage","@id":"https:\/\/ileawo.com\/en\/orisa-yoruba\/offerings-orisa\/","url":"https:\/\/ileawo.com\/en\/orisa-yoruba\/offerings-orisa\/","name":"Offerings to the orisa and sacrifices in the traditional If\u00e1 - Il\u00e9 Awo","isPartOf":{"@id":"http:\/\/ileawo.com\/en\/#website"},"primaryImageOfPage":{"@id":"https:\/\/ileawo.com\/en\/orisa-yoruba\/offerings-orisa\/#primaryimage"},"image":{"@id":"https:\/\/ileawo.com\/en\/orisa-yoruba\/offerings-orisa\/#primaryimage"},"thumbnailUrl":"https:\/\/ileawo.com\/wp-content\/uploads\/2020\/05\/offerings-to-the-orisa.jpg","datePublished":"2019-10-27T23:00:00+00:00","dateModified":"2020-05-31T20:40:38+00:00","description":"Offerings to the orisa and sacrifices are the fundamental key to traditional practice. With them we overcome the obstacles and achieve luck.","breadcrumb":{"@id":"https:\/\/ileawo.com\/en\/orisa-yoruba\/offerings-orisa\/#breadcrumb"},"inLanguage":"en-US","potentialAction":[{"@type":"ReadAction","target":["https:\/\/ileawo.com\/en\/orisa-yoruba\/offerings-orisa\/"]}]},{"@type":"ImageObject","inLanguage":"en-US","@id":"https:\/\/ileawo.com\/en\/orisa-yoruba\/offerings-orisa\/#primaryimage","url":"https:\/\/ileawo.com\/wp-content\/uploads\/2020\/05\/offerings-to-the-orisa.jpg","contentUrl":"https:\/\/ileawo.com\/wp-content\/uploads\/2020\/05\/offerings-to-the-orisa.jpg","width":1200,"height":633,"caption":"Offerings to the Orisa"},{"@type":"BreadcrumbList","@id":"https:\/\/ileawo.com\/en\/orisa-yoruba\/offerings-orisa\/#breadcrumb","itemListElement":[{"@type":"ListItem","position":1,"name":"Home","item":"https:\/\/ileawo.com\/en\/"},{"@type":"ListItem","position":2,"name":"Orisa Yoruba Traditional","item":"http:\/\/ileawo.com\/en\/orisa-yoruba\/"},{"@type":"ListItem","position":3,"name":"Offerings to the Orisa"}]},{"@type":"WebSite","@id":"http:\/\/ileawo.com\/en\/#website","url":"http:\/\/ileawo.com\/en\/","name":"Il\u00e9 Awo","description":"","publisher":{"@id":"http:\/\/ileawo.com\/en\/#organization"},"potentialAction":[{"@type":"SearchAction","target":{"@type":"EntryPoint","urlTemplate":"http:\/\/ileawo.com\/en\/?s={search_term_string}"},"query-input":{"@type":"PropertyValueSpecification","valueRequired":true,"valueName":"search_term_string"}}],"inLanguage":"en-US"},{"@type":"Organization","@id":"http:\/\/ileawo.com\/en\/#organization","name":"Il\u00e9 Awo","url":"http:\/\/ileawo.com\/en\/","logo":{"@type":"ImageObject","inLanguage":"en-US","@id":"http:\/\/ileawo.com\/en\/#\/schema\/logo\/image\/","url":"https:\/\/ileawo.com\/wp-content\/uploads\/revslider\/Bienvenido\/Logo-Ile-Awo-20201.png","contentUrl":"https:\/\/ileawo.com\/wp-content\/uploads\/revslider\/Bienvenido\/Logo-Ile-Awo-20201.png","width":500,"height":155,"caption":"Il\u00e9 Awo"},"image":{"@id":"http:\/\/ileawo.com\/en\/#\/schema\/logo\/image\/"},"sameAs":["https:\/\/www.facebook.com\/ifabiyii","https:\/\/x.com\/ifabiyii","https:\/\/www.instagram.com\/ifabiyii_akoda\/"]},{"@type":"Person","@id":"http:\/\/ileawo.com\/en\/#\/schema\/person\/5b4d3af5a9aa8f02fe88dbeb048ef64a","name":"If\u00e1b\u00edy\u00ec\u00ed Ak\u00f3d\u00e0","image":{"@type":"ImageObject","inLanguage":"en-US","@id":"https:\/\/secure.gravatar.com\/avatar\/07530fd5fec1f19247b6ca33a6f419284691fff29c8857d86ea771d943bdba08?s=96&d=mm&r=g","url":"https:\/\/secure.gravatar.com\/avatar\/07530fd5fec1f19247b6ca33a6f419284691fff29c8857d86ea771d943bdba08?s=96&d=mm&r=g","contentUrl":"https:\/\/secure.gravatar.com\/avatar\/07530fd5fec1f19247b6ca33a6f419284691fff29c8857d86ea771d943bdba08?s=96&d=mm&r=g","caption":"If\u00e1b\u00edy\u00ec\u00ed Ak\u00f3d\u00e0"},"sameAs":["https:\/\/ileawo.com\/"]}]}},"_links":{"self":[{"href":"https:\/\/ileawo.com\/en\/wp-json\/wp\/v2\/pages\/3716","targetHints":{"allow":["GET"]}}],"collection":[{"href":"https:\/\/ileawo.com\/en\/wp-json\/wp\/v2\/pages"}],"about":[{"href":"https:\/\/ileawo.com\/en\/wp-json\/wp\/v2\/types\/page"}],"author":[{"embeddable":true,"href":"https:\/\/ileawo.com\/en\/wp-json\/wp\/v2\/users\/1"}],"replies":[{"embeddable":true,"href":"https:\/\/ileawo.com\/en\/wp-json\/wp\/v2\/comments?post=3716"}],"version-history":[{"count":0,"href":"https:\/\/ileawo.com\/en\/wp-json\/wp\/v2\/pages\/3716\/revisions"}],"up":[{"embeddable":true,"href":"https:\/\/ileawo.com\/en\/wp-json\/wp\/v2\/pages\/3701"}],"wp:featuredmedia":[{"embeddable":true,"href":"https:\/\/ileawo.com\/en\/wp-json\/wp\/v2\/media\/4159"}],"wp:attachment":[{"href":"https:\/\/ileawo.com\/en\/wp-json\/wp\/v2\/media?parent=3716"}],"wp:term":[{"taxonomy":"category","embeddable":true,"href":"https:\/\/ileawo.com\/en\/wp-json\/wp\/v2\/categories?post=3716"}],"curies":[{"name":"wp","href":"https:\/\/api.w.org\/{rel}","templated":true}]}}