{"id":3712,"date":"2019-10-28T00:00:00","date_gmt":"2019-10-27T23:00:00","guid":{"rendered":"https:\/\/ileawo.com\/orishas-yoruba\/obatala\/"},"modified":"2022-11-01T15:39:55","modified_gmt":"2022-11-01T14:39:55","slug":"obatala","status":"publish","type":"page","link":"https:\/\/ileawo.com\/en\/orisa-yoruba\/obatala\/","title":{"rendered":"Obatala, the Orisa funfun"},"content":{"rendered":"<div class=\"wpb-content-wrapper\"><p>[vc_row el_class=&#8221;first-row&#8221;][vc_column width=&#8221;1\/6&#8243; offset=&#8221;vc_hidden-sm vc_hidden-xs&#8221;][\/vc_column][vc_column offset=&#8221;vc_col-md-8&#8243;][vc_column_text]<\/p>\n<p style=\"text-align: center;\">In Yoruba lands, Obatala is one of the most respected and revered deities, known as the King of the city of Iranje. His wife is Yemu, another Orisa funfun. He was one of the original 17 Orisa. He is the only Orisa who has the Aba and Ase: in his left hand the Aba (ideas) and in his right hand the Ase (power to do it). When they come together, they generate ideas and they come true.<\/p>\n<p>[\/vc_column_text][\/vc_column][vc_column width=&#8221;1\/6&#8243; offset=&#8221;vc_hidden-sm vc_hidden-xs&#8221;][\/vc_column][\/vc_row][vc_row full_width=&#8221;stretch_row&#8221; content_placement=&#8221;middle&#8221; bg_type=&#8221;bg_color&#8221; css=&#8221;.vc_custom_1589980838187{padding-top: 60px !important;padding-bottom: 30px !important;background-color: #f6f6f6 !important;}&#8221; bg_color_value=&#8221;#f6f6f6&#8243; el_class=&#8221;flex-row-tablet&#8221;][vc_column css=&#8221;.vc_custom_1577580157976{padding-top: 0px !important;}&#8221; offset=&#8221;vc_col-md-8&#8243;][vc_column_text]<\/p>\n<h2 style=\"text-align: center;\">Who is Obatala?<\/h2>\n<p>Obatala is the Orisa who had the mission to separate the earth from the water and create humans with clean water, but got drunk with Emu (palm wine) and fell asleep. Subsequently, Olodumare asked him again to create humans. He did the job correctly for a while, but then he started making mistakes for being drunk again, using dirty water, and mistakenly created albinos, blind, deaf, lame, dwarves, among others. All of these are believed to have a lot of power or Ase.<\/p>\n<p>As the Orisa creator of human beings, his followers must offer him a crystalline water gourd that must be changed every day.[\/vc_column_text][\/vc_column][vc_column css=&#8221;.vc_custom_1577580133764{padding-top: 0px !important;}&#8221; offset=&#8221;vc_col-md-4&#8243;][vc_single_image image=&#8221;3250&#8243; img_size=&#8221;large&#8221; alignment=&#8221;center&#8221; css=&#8221;.vc_custom_1590013493639{margin-bottom: 0px !important;}&#8221;][\/vc_column][\/vc_row][vc_row][vc_column width=&#8221;1\/6&#8243; offset=&#8221;vc_hidden-sm vc_hidden-xs&#8221;][\/vc_column][vc_column offset=&#8221;vc_col-md-8&#8243;][vc_column_text]<\/p>\n<h2 style=\"text-align: center;\">How to get initiated in Oosanla<\/h2>\n<p style=\"text-align: center;\">The person who wishes to be initiated into Obatala must, first of all, acquire knowledge of this Orisa. After she is able to take care of herself, she can begin her initiation with the babalawo with whom she receives her learning. We must remember that in Traditional Yoruba practice the person interested in initiation must acquire knowledge before initiating. Obatala&#8217;s initiation is no exception. You can assess your knowledge of Obatala in the tests <a href=\"https:\/\/onelink.to\/ojuodu\">available in Oj\u00fa Od\u00f9<\/a>.<\/p>\n<p style=\"text-align: center;\">The initiations are not carried out by chance, because each initiation must have an objective in the person&#8217;s life and these are recommended in our Odu de If\u00e1, either the Isefa (first If\u00e1 initiation) or the Itelodu (If\u00e1 initiation) , as well as within <a href=\"https:\/\/onelink.to\/idasa\">divination with an Olorisa<\/a> (a person initiated into an Orisa).<\/p>\n<p>[\/vc_column_text][\/vc_column][vc_column width=&#8221;1\/6&#8243; offset=&#8221;vc_hidden-sm vc_hidden-xs&#8221;][\/vc_column][\/vc_row][vc_row full_width=&#8221;stretch_row&#8221; gap=&#8221;20&#8243; bg_type=&#8221;bg_color&#8221; bg_color_value=&#8221;#4e89d5&#8243; css=&#8221;.vc_custom_1589980887169{padding-top: 40px !important;padding-bottom: 40px !important;background-color: #4e89d5 !important;}&#8221;][vc_column width=&#8221;1\/6&#8243; offset=&#8221;vc_hidden-sm vc_hidden-xs&#8221;][\/vc_column][vc_column offset=&#8221;vc_col-md-8&#8243; css=&#8221;.vc_custom_1572264649280{padding-top: 0px !important;}&#8221;][vc_column_text css=&#8221;.vc_custom_1591177848230{margin-bottom: 20px !important;}&#8221;]<\/p>\n<h2 style=\"text-align: center;\"><span style=\"color: #ffffff;\">How to feed Obatala<\/span><\/h2>\n<p style=\"text-align: center;\"><span style=\"color: #ffffff;\">To attend Obatala there are key materials that should never be missing, while there are others that should never be used.<\/span><\/p>\n<p>[\/vc_column_text][\/vc_column][vc_column width=&#8221;1\/6&#8243; offset=&#8221;vc_hidden-sm vc_hidden-xs&#8221;][\/vc_column][vc_column css_animation=&#8221;bottom-to-top&#8221; offset=&#8221;vc_col-md-6&#8243; css=&#8221;.vc_custom_1572276073446{margin-top: 0px !important;margin-right: 0px !important;margin-bottom: 0px !important;margin-left: 0px !important;padding-top: 40px !important;padding-right: 40px !important;padding-bottom: 40px !important;padding-left: 40px !important;background-color: #fcfcfc !important;border-radius: 10px !important;}&#8221;][vc_column_text css=&#8221;.vc_custom_1590742562195{margin-bottom: 0px !important;background-color: #fcfcfc !important;border-radius: 10px !important;}&#8221;]<\/p>\n<h3 style=\"text-align: center;\">Materials for offerings<\/h3>\n<p>To make offerings to this Orisa, his followers must be dressed completely in white. So it is the Orisa known as the one who gets up and lies down in white. To serve him, Ori (cocoa butter) and Obi Fin (white cola nut) should be used and done under dim light.[\/vc_column_text][\/vc_column][vc_column css_animation=&#8221;bottom-to-top&#8221; offset=&#8221;vc_col-md-6&#8243; css=&#8221;.vc_custom_1572276081562{margin-top: 0px !important;margin-right: 0px !important;margin-bottom: 0px !important;margin-left: 0px !important;padding-top: 40px !important;padding-right: 40px !important;padding-bottom: 40px !important;padding-left: 40px !important;background-color: #fcfcfc !important;border-radius: 10px !important;}&#8221;][vc_column_text css=&#8221;.vc_custom_1590742580137{margin-bottom: 0px !important;background-color: #fcfcfc !important;border-radius: 10px !important;}&#8221;]<\/p>\n<h3 style=\"text-align: center;\">Some Obatala taboo<\/h3>\n<p>When Obatala is attended to, his followers must not get dirty. Furthermore, as in all cases of Orisas Funfun, Epo (palm oil) cannot be used in offerings, nor can Obi Abata. Another of the taboos of this Orisa is the Emu, that is, palm wine.[\/vc_column_text][\/vc_column][\/vc_row][vc_row content_placement=&#8221;middle&#8221; css=&#8221;.vc_custom_1572650477243{padding-top: 30px !important;padding-bottom: 30px !important;}&#8221;][vc_column offset=&#8221;vc_col-md-4&#8243; css=&#8221;.vc_custom_1577580268909{padding-top: 0px !important;}&#8221;][vc_single_image image=&#8221;1184&#8243; img_size=&#8221;large&#8221; alignment=&#8221;center&#8221; css=&#8221;.vc_custom_1590013513989{margin-bottom: 0px !important;}&#8221;][\/vc_column][vc_column offset=&#8221;vc_col-md-8&#8243; css=&#8221;.vc_custom_1577580262564{padding-top: 0px !important;}&#8221;][vc_column_text]<\/p>\n<h2 style=\"text-align: center;\">Types of Obatala in traditional practice<\/h2>\n<p>This is a very important issue since in Afro-Cuban practice it is believed that there are eight male and eight female Obatala. This in Traditional Yoruba practice is not entirely true. There is only one Obatala, and it is masculine. The Yoruba believe that the others that are thought to exist in Afro-Cuban practice is a confusion with other Orisa funfun, that is, Orisa that have the same taboos.[\/vc_column_text][\/vc_column][\/vc_row][vc_row full_width=&#8221;stretch_row&#8221; content_placement=&#8221;middle&#8221; bg_type=&#8221;bg_color&#8221; bg_override=&#8221;ex-full&#8221; bg_color_value=&#8221;#4e89d5&#8243; el_class=&#8221;banner&#8221; css=&#8221;.vc_custom_1589980901179{background-color: #4e89d5 !important;}&#8221;][vc_column width=&#8221;2\/3&#8243;][vc_column_text el_class=&#8221;banner-text&#8221;]Learn more about the initiation and propitiation of this Orisa Yoruba[\/vc_column_text][\/vc_column][vc_column width=&#8221;1\/3&#8243;][vc_column_text css_animation=&#8221;bounceIn&#8221;]<\/p>\n<p style=\"text-align: center;\"><a class=\"custom-buttons-alternative\" href=\"https:\/\/ileawo.com\/en\/contact\/\">Ask us<\/a><\/p>\n<p>[\/vc_column_text][\/vc_column][\/vc_row]<\/p>\n<\/div>"},"excerpt":{"rendered":"<p>[vc_row el_class=&#8221;first-row&#8221;][vc_column width=&#8221;1\/6&#8243; offset=&#8221;vc_hidden-sm vc_hidden-xs&#8221;][\/vc_column][vc_column offset=&#8221;vc_col-md-8&#8243;][vc_column_text] In Yoruba lands, Obatala is one of the most respected and revered deities, known as the King of the city<span class=\"excerpt-hellip\"> [\u2026]<\/span><\/p>\n","protected":false},"author":1,"featured_media":4149,"parent":3701,"menu_order":0,"comment_status":"open","ping_status":"open","template":"","meta":{"footnotes":""},"categories":[],"class_list":["post-3712","page","type-page","status-publish","has-post-thumbnail","hentry"],"yoast_head":"<!-- This site is optimized with the Yoast SEO Premium plugin v25.2 (Yoast SEO v27.3) - https:\/\/yoast.com\/product\/yoast-seo-premium-wordpress\/ -->\n<title>Obatala, the Orisa funfun of the traditional practice of If\u00e1 - Il\u00e9 Awo<\/title>\n<meta name=\"description\" content=\"Obatala is the main orisa funfun of traditional If\u00e1 practice. Is one of the most respected Yoruba Orisa, the only one with the Aba and Ase.\" \/>\n<meta name=\"robots\" content=\"index, follow, max-snippet:-1, max-image-preview:large, max-video-preview:-1\" \/>\n<link rel=\"canonical\" href=\"https:\/\/ileawo.com\/en\/orisa-yoruba\/obatala\/\" \/>\n<meta property=\"og:locale\" content=\"en_US\" \/>\n<meta property=\"og:type\" content=\"article\" \/>\n<meta property=\"og:title\" content=\"Obatala, the Orisa funfun\" \/>\n<meta property=\"og:description\" content=\"Obatala is the main orisa funfun of traditional If\u00e1 practice. Is one of the most respected Yoruba Orisa, the only one with the Aba and Ase.\" \/>\n<meta property=\"og:url\" content=\"https:\/\/ileawo.com\/en\/orisa-yoruba\/obatala\/\" \/>\n<meta property=\"og:site_name\" content=\"Il\u00e9 Awo\" \/>\n<meta property=\"article:publisher\" content=\"https:\/\/www.facebook.com\/ifabiyii\" \/>\n<meta property=\"article:modified_time\" content=\"2022-11-01T14:39:55+00:00\" \/>\n<meta property=\"og:image\" content=\"https:\/\/ileawo.com\/wp-content\/uploads\/2020\/05\/Obatala-the-Orisa-funfun.jpg\" \/>\n\t<meta property=\"og:image:width\" content=\"1200\" \/>\n\t<meta property=\"og:image:height\" content=\"633\" \/>\n\t<meta property=\"og:image:type\" content=\"image\/jpeg\" \/>\n<meta name=\"twitter:card\" content=\"summary_large_image\" \/>\n<meta name=\"twitter:image\" content=\"https:\/\/ileawo.com\/wp-content\/uploads\/2020\/05\/Obatala-the-Orisa-funfun.jpg\" \/>\n<meta name=\"twitter:site\" content=\"@ifabiyii\" \/>\n<!-- \/ Yoast SEO Premium plugin. -->","yoast_head_json":{"title":"Obatala, the Orisa funfun of the traditional practice of If\u00e1 - Il\u00e9 Awo","description":"Obatala is the main orisa funfun of traditional If\u00e1 practice. Is one of the most respected Yoruba Orisa, the only one with the Aba and Ase.","robots":{"index":"index","follow":"follow","max-snippet":"max-snippet:-1","max-image-preview":"max-image-preview:large","max-video-preview":"max-video-preview:-1"},"canonical":"https:\/\/ileawo.com\/en\/orisa-yoruba\/obatala\/","og_locale":"en_US","og_type":"article","og_title":"Obatala, the Orisa funfun","og_description":"Obatala is the main orisa funfun of traditional If\u00e1 practice. Is one of the most respected Yoruba Orisa, the only one with the Aba and Ase.","og_url":"https:\/\/ileawo.com\/en\/orisa-yoruba\/obatala\/","og_site_name":"Il\u00e9 Awo","article_publisher":"https:\/\/www.facebook.com\/ifabiyii","article_modified_time":"2022-11-01T14:39:55+00:00","og_image":[{"width":1200,"height":633,"url":"https:\/\/ileawo.com\/wp-content\/uploads\/2020\/05\/Obatala-the-Orisa-funfun.jpg","type":"image\/jpeg"}],"twitter_card":"summary_large_image","twitter_image":"https:\/\/ileawo.com\/wp-content\/uploads\/2020\/05\/Obatala-the-Orisa-funfun.jpg","twitter_site":"@ifabiyii","schema":{"@context":"https:\/\/schema.org","@graph":[{"@type":"Article","@id":"https:\/\/ileawo.com\/en\/orisa-yoruba\/obatala\/#article","isPartOf":{"@id":"https:\/\/ileawo.com\/en\/orisa-yoruba\/obatala\/"},"author":{"name":"If\u00e1b\u00edy\u00ec\u00ed Ak\u00f3d\u00e0","@id":"http:\/\/ileawo.com\/en\/#\/schema\/person\/5b4d3af5a9aa8f02fe88dbeb048ef64a"},"headline":"Obatala, the Orisa funfun","datePublished":"2019-10-27T23:00:00+00:00","dateModified":"2022-11-01T14:39:55+00:00","mainEntityOfPage":{"@id":"https:\/\/ileawo.com\/en\/orisa-yoruba\/obatala\/"},"wordCount":1026,"commentCount":0,"publisher":{"@id":"http:\/\/ileawo.com\/en\/#organization"},"image":{"@id":"https:\/\/ileawo.com\/en\/orisa-yoruba\/obatala\/#primaryimage"},"thumbnailUrl":"https:\/\/ileawo.com\/wp-content\/uploads\/2020\/05\/Obatala-the-Orisa-funfun.jpg","inLanguage":"en-US","potentialAction":[{"@type":"CommentAction","name":"Comment","target":["https:\/\/ileawo.com\/en\/orisa-yoruba\/obatala\/#respond"]}]},{"@type":"WebPage","@id":"https:\/\/ileawo.com\/en\/orisa-yoruba\/obatala\/","url":"https:\/\/ileawo.com\/en\/orisa-yoruba\/obatala\/","name":"Obatala, the Orisa funfun of the traditional practice of If\u00e1 - Il\u00e9 Awo","isPartOf":{"@id":"http:\/\/ileawo.com\/en\/#website"},"primaryImageOfPage":{"@id":"https:\/\/ileawo.com\/en\/orisa-yoruba\/obatala\/#primaryimage"},"image":{"@id":"https:\/\/ileawo.com\/en\/orisa-yoruba\/obatala\/#primaryimage"},"thumbnailUrl":"https:\/\/ileawo.com\/wp-content\/uploads\/2020\/05\/Obatala-the-Orisa-funfun.jpg","datePublished":"2019-10-27T23:00:00+00:00","dateModified":"2022-11-01T14:39:55+00:00","description":"Obatala is the main orisa funfun of traditional If\u00e1 practice. Is one of the most respected Yoruba Orisa, the only one with the Aba and Ase.","breadcrumb":{"@id":"https:\/\/ileawo.com\/en\/orisa-yoruba\/obatala\/#breadcrumb"},"inLanguage":"en-US","potentialAction":[{"@type":"ReadAction","target":["https:\/\/ileawo.com\/en\/orisa-yoruba\/obatala\/"]}]},{"@type":"ImageObject","inLanguage":"en-US","@id":"https:\/\/ileawo.com\/en\/orisa-yoruba\/obatala\/#primaryimage","url":"https:\/\/ileawo.com\/wp-content\/uploads\/2020\/05\/Obatala-the-Orisa-funfun.jpg","contentUrl":"https:\/\/ileawo.com\/wp-content\/uploads\/2020\/05\/Obatala-the-Orisa-funfun.jpg","width":1200,"height":633,"caption":"Obatala, the Orisa funfun of the traditional practice of If\u00e1"},{"@type":"BreadcrumbList","@id":"https:\/\/ileawo.com\/en\/orisa-yoruba\/obatala\/#breadcrumb","itemListElement":[{"@type":"ListItem","position":1,"name":"Home","item":"https:\/\/ileawo.com\/en\/"},{"@type":"ListItem","position":2,"name":"Orisa Yoruba Traditional","item":"http:\/\/ileawo.com\/en\/orisa-yoruba\/"},{"@type":"ListItem","position":3,"name":"Obatala, the Orisa funfun"}]},{"@type":"WebSite","@id":"http:\/\/ileawo.com\/en\/#website","url":"http:\/\/ileawo.com\/en\/","name":"Il\u00e9 Awo","description":"","publisher":{"@id":"http:\/\/ileawo.com\/en\/#organization"},"potentialAction":[{"@type":"SearchAction","target":{"@type":"EntryPoint","urlTemplate":"http:\/\/ileawo.com\/en\/?s={search_term_string}"},"query-input":{"@type":"PropertyValueSpecification","valueRequired":true,"valueName":"search_term_string"}}],"inLanguage":"en-US"},{"@type":"Organization","@id":"http:\/\/ileawo.com\/en\/#organization","name":"Il\u00e9 Awo","url":"http:\/\/ileawo.com\/en\/","logo":{"@type":"ImageObject","inLanguage":"en-US","@id":"http:\/\/ileawo.com\/en\/#\/schema\/logo\/image\/","url":"https:\/\/ileawo.com\/wp-content\/uploads\/revslider\/Bienvenido\/Logo-Ile-Awo-20201.png","contentUrl":"https:\/\/ileawo.com\/wp-content\/uploads\/revslider\/Bienvenido\/Logo-Ile-Awo-20201.png","width":500,"height":155,"caption":"Il\u00e9 Awo"},"image":{"@id":"http:\/\/ileawo.com\/en\/#\/schema\/logo\/image\/"},"sameAs":["https:\/\/www.facebook.com\/ifabiyii","https:\/\/x.com\/ifabiyii","https:\/\/www.instagram.com\/ifabiyii_akoda\/"]},{"@type":"Person","@id":"http:\/\/ileawo.com\/en\/#\/schema\/person\/5b4d3af5a9aa8f02fe88dbeb048ef64a","name":"If\u00e1b\u00edy\u00ec\u00ed Ak\u00f3d\u00e0","image":{"@type":"ImageObject","inLanguage":"en-US","@id":"https:\/\/secure.gravatar.com\/avatar\/07530fd5fec1f19247b6ca33a6f419284691fff29c8857d86ea771d943bdba08?s=96&d=mm&r=g","url":"https:\/\/secure.gravatar.com\/avatar\/07530fd5fec1f19247b6ca33a6f419284691fff29c8857d86ea771d943bdba08?s=96&d=mm&r=g","contentUrl":"https:\/\/secure.gravatar.com\/avatar\/07530fd5fec1f19247b6ca33a6f419284691fff29c8857d86ea771d943bdba08?s=96&d=mm&r=g","caption":"If\u00e1b\u00edy\u00ec\u00ed Ak\u00f3d\u00e0"},"sameAs":["https:\/\/ileawo.com\/"]}]}},"_links":{"self":[{"href":"https:\/\/ileawo.com\/en\/wp-json\/wp\/v2\/pages\/3712","targetHints":{"allow":["GET"]}}],"collection":[{"href":"https:\/\/ileawo.com\/en\/wp-json\/wp\/v2\/pages"}],"about":[{"href":"https:\/\/ileawo.com\/en\/wp-json\/wp\/v2\/types\/page"}],"author":[{"embeddable":true,"href":"https:\/\/ileawo.com\/en\/wp-json\/wp\/v2\/users\/1"}],"replies":[{"embeddable":true,"href":"https:\/\/ileawo.com\/en\/wp-json\/wp\/v2\/comments?post=3712"}],"version-history":[{"count":0,"href":"https:\/\/ileawo.com\/en\/wp-json\/wp\/v2\/pages\/3712\/revisions"}],"up":[{"embeddable":true,"href":"https:\/\/ileawo.com\/en\/wp-json\/wp\/v2\/pages\/3701"}],"wp:featuredmedia":[{"embeddable":true,"href":"https:\/\/ileawo.com\/en\/wp-json\/wp\/v2\/media\/4149"}],"wp:attachment":[{"href":"https:\/\/ileawo.com\/en\/wp-json\/wp\/v2\/media?parent=3712"}],"wp:term":[{"taxonomy":"category","embeddable":true,"href":"https:\/\/ileawo.com\/en\/wp-json\/wp\/v2\/categories?post=3712"}],"curies":[{"name":"wp","href":"https:\/\/api.w.org\/{rel}","templated":true}]}}