{"id":3697,"date":"2019-06-02T00:00:00","date_gmt":"2019-06-01T22:00:00","guid":{"rendered":"https:\/\/ileawo.com\/oke-itase-world-divination\/oke-itase-2019\/"},"modified":"2022-05-19T12:36:48","modified_gmt":"2022-05-19T10:36:48","slug":"oke-itase-2019","status":"publish","type":"page","link":"https:\/\/ileawo.com\/en\/oke-itase-world-divination\/oke-itase-2019\/","title":{"rendered":"Oke Itase 2019 \u2013 World divination 2019 | Il\u00e9 Ife Nigeria"},"content":{"rendered":"<div class=\"wpb-content-wrapper\"><p>[vc_row][vc_column][vc_single_image image=&#8221;3246&#8243; img_size=&#8221;medium&#8221; alignment=&#8221;center&#8221; css=&#8221;.vc_custom_1590012197880{margin-bottom: 0px !important;}&#8221;][vc_column_text]<\/p>\n<h2 style=\"text-align: center;\">Od\u00f9 Otura Meji<\/h2>\n<p>[\/vc_column_text][\/vc_column][\/vc_row][vc_row][vc_column width=&#8221;1\/6&#8243; offset=&#8221;vc_hidden-sm vc_hidden-xs&#8221;][\/vc_column][vc_column width=&#8221;1\/2&#8243; offset=&#8221;vc_col-md-4&#8243;][vc_column_text]<\/p>\n<div style=\"background-color: #f6f6f6; margin: 10px; border-radius: 10px;\">\n<h5 class=\"white-box\">Yor\u00f9b\u00e1<\/h5>\n<p style=\"background-color: #f6f6f6; padding: 30px; border-radius: 0px 0px 10px 10px;\">Ajosiki Awo Imonran<br \/>\nA difa fun \u00d2r\u00fanm\u00ecl\u00e0<br \/>\nIf\u00e1 o jolori abomole nife<br \/>\nWon ni o sa kaale o jare<br \/>\nEbo ni o se<br \/>\n\u00d2r\u00fanm\u00ecl\u00e0 gbebo nbe o rubo<br \/>\nAjosiki momo de o<br \/>\nAwo Imonran<br \/>\n\u00d2r\u00fanm\u00ecl\u00e0 lo je Olori abomole nife<\/p>\n<\/div>\n<p>[\/vc_column_text][\/vc_column][vc_column width=&#8221;1\/2&#8243; offset=&#8221;vc_col-md-4&#8243;][vc_column_text css=&#8221;.vc_custom_1590262669134{margin-bottom: 0px !important;}&#8221;]<\/p>\n<div style=\"background-color: #f6f6f6; margin: 10px; border-radius: 10px;\">\n<h5 class=\"white-box\">English<\/h5>\n<p style=\"background-color: #f6f6f6; padding: 30px; border-radius: 0px 0px 10px 10px;\">Ajosiki Awo Imonran<br \/>\nHe made If\u00e1 divination for \u00d2r\u00fanm\u00ecl\u00e0<br \/>\nIf\u00e1 will be the leader of the group of observers of the ritual in Ife<br \/>\nHe was warned to take care of the earth<br \/>\nAnd to offer sacrifice<br \/>\nOrunmila heard the sacrifice and made it<br \/>\nAjosiki is here<br \/>\nThe priest of knowledge<br \/>\nOrunmila has become the leader of the group of ritual observers in Ife<\/p>\n<\/div>\n<p>[\/vc_column_text][\/vc_column][vc_column width=&#8221;1\/6&#8243; offset=&#8221;vc_hidden-sm vc_hidden-xs&#8221;][\/vc_column][\/vc_row][vc_row][vc_column][vc_raw_html css=&#8221;.vc_custom_1572654247108{margin-top: 40px !important;}&#8221;]JTNDc2NyaXB0JTIwYXN5bmMlMjBzcmMlM0QlMjIlMkYlMkZwYWdlYWQyLmdvb2dsZXN5bmRpY2F0aW9uLmNvbSUyRnBhZ2VhZCUyRmpzJTJGYWRzYnlnb29nbGUuanMlMjIlM0UlM0MlMkZzY3JpcHQlM0UlMEElM0MlMjEtLSUyMExhLVByZW5zYS1BZHMlMjAtLSUzRSUwQSUzQ2lucyUyMGNsYXNzJTNEJTIyYWRzYnlnb29nbGUlMjIlMEElMjAlMjAlMjAlMjAlMjBzdHlsZSUzRCUyMmRpc3BsYXklM0FibG9jayUyMiUwQSUyMCUyMCUyMCUyMCUyMGRhdGEtYWQtY2xpZW50JTNEJTIyY2EtcHViLTQ3MTQwOTc3Mzc0NDUxMDklMjIlMEElMjAlMjAlMjAlMjAlMjBkYXRhLWFkLXNsb3QlM0QlMjI5MjA2NTcxMDc3JTIyJTBBJTIwJTIwJTIwJTIwJTIwZGF0YS1hZC1mb3JtYXQlM0QlMjJhdXRvJTIyJTNFJTNDJTJGaW5zJTNFJTBBJTNDc2NyaXB0JTNFJTBBJTI4YWRzYnlnb29nbGUlMjAlM0QlMjB3aW5kb3cuYWRzYnlnb29nbGUlMjAlN0MlN0MlMjAlNUIlNUQlMjkucHVzaCUyOCU3QiU3RCUyOSUzQiUwQSUzQyUyRnNjcmlwdCUzRQ==[\/vc_raw_html][\/vc_column][\/vc_row][vc_row][vc_column offset=&#8221;vc_col-md-2 vc_hidden-sm vc_hidden-xs&#8221;][\/vc_column][vc_column offset=&#8221;vc_col-md-8&#8243;][vc_column_text]<\/p>\n<div class=\"uvc-main-heading ult-responsive\" data-ultimate-target=\".uvc-heading.ultimate-heading-92575db682638844d h2\" data-responsive-json-new=\"{&quot;font-size&quot;:&quot;desktop:28px;tablet:26px;tablet_portrait:26px;mobile_landscape:24px;mobile:24px;&quot;,&quot;line-height&quot;:&quot;desktop:34px;&quot;}\">\n<h2>If\u00e1 says at the Oke Itase 2019 or World divination 2019<\/h2>\n<\/div>\n<div class=\"uvc-sub-heading ult-responsive\" data-ultimate-target=\".uvc-heading.ultimate-heading-92575db682638844d .uvc-sub-heading \" data-responsive-json-new=\"{&quot;font-size&quot;:&quot;&quot;,&quot;line-height&quot;:&quot;desktop:26px;&quot;}\">\n<p>In the Oke Itase 2019 the sign revealed is Otura Meji, in which If\u00e1 warns of Ayewo Iku. The sign speaks of evil or tragedy due to death. If\u00e1 says that sacrifice must be made to avoid death and tragedy.In this sign of the Letter of the Year 2019 If\u00e1 warns people that they should not show their character to avoid losing luck.<\/p>\n<p>If\u00e1 in Otura Meji says that the person who cries because he has no luck must offer sacrifice so that all luck begins to come. By making a sacrifice you will get spouses, children, wealth, health, long life, all luck.<\/p>\n<p>In this sign, If\u00e1 says that the person is surrounded by enemies who are conspiring against him so that he does not have any kind of luck and that he does not have a home, spouse, children, wealth, business. However, Ifa assures in the Oke Itase that now is the right time to make the right sacrifice so that all luck begins to come.<\/p>\n<p>If\u00e1 says that Otura Meji became the custodian of well-being and long life. For that sacrifice must be made.<\/p>\n<p>In the Letter of the year If\u00e1 ensures that people who are looking for a partner, if they make a sacrifice, will be able to find their desired partner and will have a family blessed by the Orisha. The proper sacrifice must be made so that the family is always united.<\/p>\n<p>In the revealed Od\u00f9 If\u00e1 also warns that we must sacrifice Orunmila because there are many people conspiring to harm us. Making sacrifice If\u00e1 will be our protector and our enemies will not be successful. If\u00e1 guarantees that we will overcome our enemies and we will have their protection whenever we make sacrifice.<\/p>\n<p>In the sign of world divination, If\u00e1 also indicates that we must respect the taboos because, otherwise, they will destroy our character.<\/p>\n<p>If\u00e1 says that we should make a sacrifice with Ogbi Cola and Orogbo.<\/p>\n<p>The rest of the information on Otura Meji is available at <a href=\"http:\/\/hyperurl.co\/ifa-pro-app\">If\u00e1 Tradicional Pro<\/a> and <a href=\"http:\/\/hyperurl.co\/oju-odu\">Oj\u00fa Od\u00f9<\/a>.<\/p>\n<\/div>\n<p>[\/vc_column_text][\/vc_column][vc_column width=&#8221;1\/6&#8243; offset=&#8221;vc_hidden-sm vc_hidden-xs&#8221;][\/vc_column][\/vc_row][vc_row][vc_column width=&#8221;1\/6&#8243;][\/vc_column][vc_column width=&#8221;2\/3&#8243;][vc_column_text]<\/p>\n<div class=\"uvc-main-heading ult-responsive\" data-ultimate-target=\".uvc-heading.ultimate-heading-6945db682638847b h2\" data-responsive-json-new=\"{&quot;font-size&quot;:&quot;desktop:28px;tablet:26px;tablet_portrait:26px;mobile_landscape:24px;mobile:24px;&quot;,&quot;line-height&quot;:&quot;desktop:34px;&quot;}\">\n<h3>Akose of the If\u00e1 sign Otura Meji<\/h3>\n<\/div>\n<div class=\"uvc-sub-heading ult-responsive\" data-ultimate-target=\".uvc-heading.ultimate-heading-6945db682638847b .uvc-sub-heading \" data-responsive-json-new=\"{&quot;font-size&quot;:&quot;&quot;,&quot;line-height&quot;:&quot;desktop:26px;&quot;}\">The ingredients and the detailed way to perform the Akose of the sign of the Oke Itase 2019 is exclusively available at <a href=\"http:\/\/hyperurl.co\/ifa-pro-app\">If\u00e1 Tradicional Pr<\/a>o and <a href=\"https:\/\/ileawo.com\/aplicaciones\/oju-odu\/\">Oj\u00fa Od\u00f9<\/a>.<\/div>\n<p>[\/vc_column_text][\/vc_column][vc_column width=&#8221;1\/6&#8243;][\/vc_column][\/vc_row][vc_row][vc_column][vc_raw_html css=&#8221;.vc_custom_1572654247108{margin-top: 40px !important;}&#8221;]JTNDc2NyaXB0JTIwYXN5bmMlMjBzcmMlM0QlMjIlMkYlMkZwYWdlYWQyLmdvb2dsZXN5bmRpY2F0aW9uLmNvbSUyRnBhZ2VhZCUyRmpzJTJGYWRzYnlnb29nbGUuanMlMjIlM0UlM0MlMkZzY3JpcHQlM0UlMEElM0MlMjEtLSUyMExhLVByZW5zYS1BZHMlMjAtLSUzRSUwQSUzQ2lucyUyMGNsYXNzJTNEJTIyYWRzYnlnb29nbGUlMjIlMEElMjAlMjAlMjAlMjAlMjBzdHlsZSUzRCUyMmRpc3BsYXklM0FibG9jayUyMiUwQSUyMCUyMCUyMCUyMCUyMGRhdGEtYWQtY2xpZW50JTNEJTIyY2EtcHViLTQ3MTQwOTc3Mzc0NDUxMDklMjIlMEElMjAlMjAlMjAlMjAlMjBkYXRhLWFkLXNsb3QlM0QlMjI5MjA2NTcxMDc3JTIyJTBBJTIwJTIwJTIwJTIwJTIwZGF0YS1hZC1mb3JtYXQlM0QlMjJhdXRvJTIyJTNFJTNDJTJGaW5zJTNFJTBBJTNDc2NyaXB0JTNFJTBBJTI4YWRzYnlnb29nbGUlMjAlM0QlMjB3aW5kb3cuYWRzYnlnb29nbGUlMjAlN0MlN0MlMjAlNUIlNUQlMjkucHVzaCUyOCU3QiU3RCUyOSUzQiUwQSUzQyUyRnNjcmlwdCUzRQ==[\/vc_raw_html][\/vc_column][\/vc_row][vc_row][vc_column width=&#8221;1\/4&#8243; offset=&#8221;vc_col-md-3 vc_hidden-sm vc_hidden-xs&#8221;][\/vc_column][vc_column offset=&#8221;vc_col-md-6 vc_col-xs-12&#8243;][vc_images_carousel images=&#8221;3243,3240,3237,3234&#8243; img_size=&#8221;large&#8221; onclick=&#8221;link_no&#8221; autoplay=&#8221;yes&#8221; wrap=&#8221;yes&#8221;][\/vc_column][vc_column width=&#8221;1\/4&#8243; offset=&#8221;vc_col-md-3 vc_hidden-sm vc_hidden-xs&#8221;][\/vc_column][\/vc_row][vc_row full_width=&#8221;stretch_row&#8221; content_placement=&#8221;middle&#8221; bg_type=&#8221;bg_color&#8221; bg_override=&#8221;ex-full&#8221; bg_color_value=&#8221;#4e89d5&#8243; el_class=&#8221;banner&#8221; css=&#8221;.vc_custom_1589978327005{margin-top: 40px !important;background-color: #4e89d5 !important;}&#8221;][vc_column width=&#8221;2\/3&#8243;][vc_column_text el_class=&#8221;banner-text&#8221;]Make an If\u00e1 divination and know what the Orisa have in store for you[\/vc_column_text][\/vc_column][vc_column width=&#8221;1\/3&#8243;][vc_column_text css_animation=&#8221;bounceIn&#8221;]<\/p>\n<p style=\"text-align: center;\"><a class=\"custom-buttons-alternative\" href=\"https:\/\/ileawo.com\/en\/contact\/\">Ask us<\/a><\/p>\n<p>[\/vc_column_text][\/vc_column][\/vc_row]<\/p>\n<\/div>"},"excerpt":{"rendered":"<p>[vc_row][vc_column][vc_single_image image=&#8221;3246&#8243; img_size=&#8221;medium&#8221; alignment=&#8221;center&#8221; css=&#8221;.vc_custom_1590012197880{margin-bottom: 0px !important;}&#8221;][vc_column_text] Od\u00f9 Otura Meji [\/vc_column_text][\/vc_column][\/vc_row][vc_row][vc_column width=&#8221;1\/6&#8243; offset=&#8221;vc_hidden-sm vc_hidden-xs&#8221;][\/vc_column][vc_column width=&#8221;1\/2&#8243; offset=&#8221;vc_col-md-4&#8243;][vc_column_text] Yor\u00f9b\u00e1 Ajosiki Awo Imonran A difa fun \u00d2r\u00fanm\u00ecl\u00e0 If\u00e1 o<span class=\"excerpt-hellip\"> [\u2026]<\/span><\/p>\n","protected":false},"author":1,"featured_media":2135,"parent":3637,"menu_order":0,"comment_status":"open","ping_status":"closed","template":"","meta":{"footnotes":""},"categories":[2712],"class_list":["post-3697","page","type-page","status-publish","has-post-thumbnail","hentry","category-oke-itase-en"],"yoast_head":"<!-- This site is optimized with the Yoast SEO Premium plugin v25.2 (Yoast SEO v27.3) - https:\/\/yoast.com\/product\/yoast-seo-premium-wordpress\/ -->\n<title>Oke itase 2019: sign of If\u00e1 revealed Otura Meji - Il\u00e9 Awo<\/title>\n<meta name=\"description\" content=\"At Il\u00e9 Awo we bring another year in scoop the Oke Itase 2019. The sign revealed at Ile Ife for this year is Otura Meji. Enter and know what the sign says.\" \/>\n<meta name=\"robots\" content=\"index, follow, max-snippet:-1, max-image-preview:large, max-video-preview:-1\" \/>\n<link rel=\"canonical\" href=\"https:\/\/ileawo.com\/en\/oke-itase-world-divination\/oke-itase-2019\/\" \/>\n<meta property=\"og:locale\" content=\"en_US\" \/>\n<meta property=\"og:type\" content=\"article\" \/>\n<meta property=\"og:title\" content=\"Oke Itase 2019 \u2013 World divination 2019 | Il\u00e9 Ife Nigeria\" \/>\n<meta property=\"og:description\" content=\"At Il\u00e9 Awo we bring another year in scoop the Oke Itase 2019. The sign revealed at Ile Ife for this year is Otura Meji. Enter and know what the sign says.\" \/>\n<meta property=\"og:url\" content=\"https:\/\/ileawo.com\/en\/oke-itase-world-divination\/oke-itase-2019\/\" \/>\n<meta property=\"og:site_name\" content=\"Il\u00e9 Awo\" \/>\n<meta property=\"article:publisher\" content=\"https:\/\/www.facebook.com\/ifabiyii\" \/>\n<meta property=\"article:modified_time\" content=\"2022-05-19T10:36:48+00:00\" \/>\n<meta property=\"og:image\" content=\"https:\/\/ileawo.com\/wp-content\/uploads\/2020\/05\/oke-itase-2019-7.jpg\" \/>\n\t<meta property=\"og:image:width\" content=\"1200\" \/>\n\t<meta property=\"og:image:height\" content=\"633\" \/>\n\t<meta property=\"og:image:type\" content=\"image\/jpeg\" \/>\n<meta name=\"twitter:card\" content=\"summary_large_image\" \/>\n<meta name=\"twitter:site\" content=\"@ifabiyii\" \/>\n<!-- \/ Yoast SEO Premium plugin. -->","yoast_head_json":{"title":"Oke itase 2019: sign of If\u00e1 revealed Otura Meji - Il\u00e9 Awo","description":"At Il\u00e9 Awo we bring another year in scoop the Oke Itase 2019. The sign revealed at Ile Ife for this year is Otura Meji. Enter and know what the sign says.","robots":{"index":"index","follow":"follow","max-snippet":"max-snippet:-1","max-image-preview":"max-image-preview:large","max-video-preview":"max-video-preview:-1"},"canonical":"https:\/\/ileawo.com\/en\/oke-itase-world-divination\/oke-itase-2019\/","og_locale":"en_US","og_type":"article","og_title":"Oke Itase 2019 \u2013 World divination 2019 | Il\u00e9 Ife Nigeria","og_description":"At Il\u00e9 Awo we bring another year in scoop the Oke Itase 2019. The sign revealed at Ile Ife for this year is Otura Meji. Enter and know what the sign says.","og_url":"https:\/\/ileawo.com\/en\/oke-itase-world-divination\/oke-itase-2019\/","og_site_name":"Il\u00e9 Awo","article_publisher":"https:\/\/www.facebook.com\/ifabiyii","article_modified_time":"2022-05-19T10:36:48+00:00","og_image":[{"width":1200,"height":633,"url":"https:\/\/ileawo.com\/wp-content\/uploads\/2020\/05\/oke-itase-2019-7.jpg","type":"image\/jpeg"}],"twitter_card":"summary_large_image","twitter_site":"@ifabiyii","schema":{"@context":"https:\/\/schema.org","@graph":[{"@type":"Article","@id":"https:\/\/ileawo.com\/en\/oke-itase-world-divination\/oke-itase-2019\/#article","isPartOf":{"@id":"https:\/\/ileawo.com\/en\/oke-itase-world-divination\/oke-itase-2019\/"},"author":{"name":"If\u00e1b\u00edy\u00ec\u00ed Ak\u00f3d\u00e0","@id":"http:\/\/ileawo.com\/en\/#\/schema\/person\/5b4d3af5a9aa8f02fe88dbeb048ef64a"},"headline":"Oke Itase 2019 \u2013 World divination 2019 | Il\u00e9 Ife Nigeria","datePublished":"2019-06-01T22:00:00+00:00","dateModified":"2022-05-19T10:36:48+00:00","mainEntityOfPage":{"@id":"https:\/\/ileawo.com\/en\/oke-itase-world-divination\/oke-itase-2019\/"},"wordCount":938,"commentCount":0,"publisher":{"@id":"http:\/\/ileawo.com\/en\/#organization"},"image":{"@id":"https:\/\/ileawo.com\/en\/oke-itase-world-divination\/oke-itase-2019\/#primaryimage"},"thumbnailUrl":"https:\/\/ileawo.com\/wp-content\/uploads\/2020\/05\/oke-itase-2019-7.jpg","articleSection":["Oke Itase"],"inLanguage":"en-US","potentialAction":[{"@type":"CommentAction","name":"Comment","target":["https:\/\/ileawo.com\/en\/oke-itase-world-divination\/oke-itase-2019\/#respond"]}]},{"@type":"WebPage","@id":"https:\/\/ileawo.com\/en\/oke-itase-world-divination\/oke-itase-2019\/","url":"https:\/\/ileawo.com\/en\/oke-itase-world-divination\/oke-itase-2019\/","name":"Oke itase 2019: sign of If\u00e1 revealed Otura Meji - Il\u00e9 Awo","isPartOf":{"@id":"http:\/\/ileawo.com\/en\/#website"},"primaryImageOfPage":{"@id":"https:\/\/ileawo.com\/en\/oke-itase-world-divination\/oke-itase-2019\/#primaryimage"},"image":{"@id":"https:\/\/ileawo.com\/en\/oke-itase-world-divination\/oke-itase-2019\/#primaryimage"},"thumbnailUrl":"https:\/\/ileawo.com\/wp-content\/uploads\/2020\/05\/oke-itase-2019-7.jpg","datePublished":"2019-06-01T22:00:00+00:00","dateModified":"2022-05-19T10:36:48+00:00","description":"At Il\u00e9 Awo we bring another year in scoop the Oke Itase 2019. The sign revealed at Ile Ife for this year is Otura Meji. Enter and know what the sign says.","breadcrumb":{"@id":"https:\/\/ileawo.com\/en\/oke-itase-world-divination\/oke-itase-2019\/#breadcrumb"},"inLanguage":"en-US","potentialAction":[{"@type":"ReadAction","target":["https:\/\/ileawo.com\/en\/oke-itase-world-divination\/oke-itase-2019\/"]}]},{"@type":"ImageObject","inLanguage":"en-US","@id":"https:\/\/ileawo.com\/en\/oke-itase-world-divination\/oke-itase-2019\/#primaryimage","url":"https:\/\/ileawo.com\/wp-content\/uploads\/2020\/05\/oke-itase-2019-7.jpg","contentUrl":"https:\/\/ileawo.com\/wp-content\/uploads\/2020\/05\/oke-itase-2019-7.jpg","width":1200,"height":633,"caption":"Oke Itase 2019"},{"@type":"BreadcrumbList","@id":"https:\/\/ileawo.com\/en\/oke-itase-world-divination\/oke-itase-2019\/#breadcrumb","itemListElement":[{"@type":"ListItem","position":1,"name":"Home","item":"https:\/\/ileawo.com\/en\/"},{"@type":"ListItem","position":2,"name":"Oke Itase","item":"http:\/\/ileawo.com\/en\/oke-itase-world-divination\/"},{"@type":"ListItem","position":3,"name":"Oke Itase 2019 \u2013 World divination 2019 | Il\u00e9 Ife Nigeria"}]},{"@type":"WebSite","@id":"http:\/\/ileawo.com\/en\/#website","url":"http:\/\/ileawo.com\/en\/","name":"Il\u00e9 Awo","description":"","publisher":{"@id":"http:\/\/ileawo.com\/en\/#organization"},"potentialAction":[{"@type":"SearchAction","target":{"@type":"EntryPoint","urlTemplate":"http:\/\/ileawo.com\/en\/?s={search_term_string}"},"query-input":{"@type":"PropertyValueSpecification","valueRequired":true,"valueName":"search_term_string"}}],"inLanguage":"en-US"},{"@type":"Organization","@id":"http:\/\/ileawo.com\/en\/#organization","name":"Il\u00e9 Awo","url":"http:\/\/ileawo.com\/en\/","logo":{"@type":"ImageObject","inLanguage":"en-US","@id":"http:\/\/ileawo.com\/en\/#\/schema\/logo\/image\/","url":"https:\/\/ileawo.com\/wp-content\/uploads\/revslider\/Bienvenido\/Logo-Ile-Awo-20201.png","contentUrl":"https:\/\/ileawo.com\/wp-content\/uploads\/revslider\/Bienvenido\/Logo-Ile-Awo-20201.png","width":500,"height":155,"caption":"Il\u00e9 Awo"},"image":{"@id":"http:\/\/ileawo.com\/en\/#\/schema\/logo\/image\/"},"sameAs":["https:\/\/www.facebook.com\/ifabiyii","https:\/\/x.com\/ifabiyii","https:\/\/www.instagram.com\/ifabiyii_akoda\/"]},{"@type":"Person","@id":"http:\/\/ileawo.com\/en\/#\/schema\/person\/5b4d3af5a9aa8f02fe88dbeb048ef64a","name":"If\u00e1b\u00edy\u00ec\u00ed Ak\u00f3d\u00e0","image":{"@type":"ImageObject","inLanguage":"en-US","@id":"https:\/\/secure.gravatar.com\/avatar\/07530fd5fec1f19247b6ca33a6f419284691fff29c8857d86ea771d943bdba08?s=96&d=mm&r=g","url":"https:\/\/secure.gravatar.com\/avatar\/07530fd5fec1f19247b6ca33a6f419284691fff29c8857d86ea771d943bdba08?s=96&d=mm&r=g","contentUrl":"https:\/\/secure.gravatar.com\/avatar\/07530fd5fec1f19247b6ca33a6f419284691fff29c8857d86ea771d943bdba08?s=96&d=mm&r=g","caption":"If\u00e1b\u00edy\u00ec\u00ed Ak\u00f3d\u00e0"},"sameAs":["https:\/\/ileawo.com\/"]}]}},"_links":{"self":[{"href":"https:\/\/ileawo.com\/en\/wp-json\/wp\/v2\/pages\/3697","targetHints":{"allow":["GET"]}}],"collection":[{"href":"https:\/\/ileawo.com\/en\/wp-json\/wp\/v2\/pages"}],"about":[{"href":"https:\/\/ileawo.com\/en\/wp-json\/wp\/v2\/types\/page"}],"author":[{"embeddable":true,"href":"https:\/\/ileawo.com\/en\/wp-json\/wp\/v2\/users\/1"}],"replies":[{"embeddable":true,"href":"https:\/\/ileawo.com\/en\/wp-json\/wp\/v2\/comments?post=3697"}],"version-history":[{"count":0,"href":"https:\/\/ileawo.com\/en\/wp-json\/wp\/v2\/pages\/3697\/revisions"}],"up":[{"embeddable":true,"href":"https:\/\/ileawo.com\/en\/wp-json\/wp\/v2\/pages\/3637"}],"wp:featuredmedia":[{"embeddable":true,"href":"https:\/\/ileawo.com\/en\/wp-json\/wp\/v2\/media\/2135"}],"wp:attachment":[{"href":"https:\/\/ileawo.com\/en\/wp-json\/wp\/v2\/media?parent=3697"}],"wp:term":[{"taxonomy":"category","embeddable":true,"href":"https:\/\/ileawo.com\/en\/wp-json\/wp\/v2\/categories?post=3697"}],"curies":[{"name":"wp","href":"https:\/\/api.w.org\/{rel}","templated":true}]}}