{"id":3680,"date":"2017-06-04T00:00:00","date_gmt":"2017-06-03T22:00:00","guid":{"rendered":"https:\/\/ileawo.com\/oke-itase-world-divination\/oke-itase-2017\/"},"modified":"2022-05-19T12:36:40","modified_gmt":"2022-05-19T10:36:40","slug":"oke-itase-2017","status":"publish","type":"page","link":"https:\/\/ileawo.com\/en\/oke-itase-world-divination\/oke-itase-2017\/","title":{"rendered":"Oke Itase 2017 \u2013 World divination 2017 | Il\u00e9 Ife Nigeria"},"content":{"rendered":"<div class=\"wpb-content-wrapper\"><p>[vc_row][vc_column][vc_single_image image=&#8221;1370&#8243; img_size=&#8221;medium&#8221; alignment=&#8221;center&#8221; css=&#8221;.vc_custom_1590011244525{margin-bottom: 0px !important;}&#8221;][vc_column_text]<\/p>\n<h2 style=\"text-align: center;\">Od\u00f9 \u00d2g\u00fand\u00e1 \u00ccw\u00f2r\u00ec<\/h2>\n<p>[\/vc_column_text][\/vc_column][\/vc_row][vc_row][vc_column width=&#8221;1\/6&#8243; offset=&#8221;vc_hidden-sm vc_hidden-xs&#8221;][\/vc_column][vc_column width=&#8221;1\/2&#8243; offset=&#8221;vc_col-md-4&#8243;][vc_column_text]<\/p>\n<div style=\"background-color: #f6f6f6; margin: 10px; border-radius: 10px;\">\n<h5 class=\"white-box\">Yor\u00f9b\u00e1<\/h5>\n<p style=\"background-color: #f6f6f6; padding: 30px; border-radius: 0px 0px 10px 10px;\">Ogunda niko lapo<br \/>\nIwori niko lofa<br \/>\nOfa kan soso iwori nise apo yoro yoro<br \/>\nA difa fun ogun nijo<br \/>\nTi n lo soko ode<br \/>\nEbo ni won ni kose<br \/>\nO gbebo nibe o rubo<br \/>\nOgun peran wale, ogun peran<br \/>\nEyin ogunda wori<\/p>\n<\/div>\n<p>[\/vc_column_text][\/vc_column][vc_column width=&#8221;1\/2&#8243; offset=&#8221;vc_col-md-4&#8243;][vc_column_text css=&#8221;.vc_custom_1590259178601{margin-bottom: 0px !important;}&#8221;]<\/p>\n<div style=\"background-color: #f6f6f6; margin: 10px; border-radius: 10px;\">\n<h5 class=\"white-box\">English<\/h5>\n<p style=\"background-color: #f6f6f6; padding: 30px; border-radius: 0px 0px 10px 10px;\">It is Ogunda that has no bag<br \/>\nIt is Iwori that has no arrow<br \/>\nIt&#8217;s just the iwori arrow that makes the bag rattle and shake<br \/>\nThey made If\u00e1 divination for Ogun<br \/>\nOn the day I was going to be hunted<br \/>\nHe was warned to offer sacrifice<br \/>\nHe heard and fulfilled<br \/>\nOgun killed animals in the house, Ogun killed animals<br \/>\nWe salute Ogunda Iwori<\/p>\n<\/div>\n<p>[\/vc_column_text][\/vc_column][vc_column width=&#8221;1\/6&#8243; offset=&#8221;vc_hidden-sm vc_hidden-xs&#8221;][\/vc_column][\/vc_row][vc_row][vc_column][vc_raw_html css=&#8221;.vc_custom_1572654247108{margin-top: 40px !important;}&#8221;]JTNDc2NyaXB0JTIwYXN5bmMlMjBzcmMlM0QlMjIlMkYlMkZwYWdlYWQyLmdvb2dsZXN5bmRpY2F0aW9uLmNvbSUyRnBhZ2VhZCUyRmpzJTJGYWRzYnlnb29nbGUuanMlMjIlM0UlM0MlMkZzY3JpcHQlM0UlMEElM0MlMjEtLSUyMExhLVByZW5zYS1BZHMlMjAtLSUzRSUwQSUzQ2lucyUyMGNsYXNzJTNEJTIyYWRzYnlnb29nbGUlMjIlMEElMjAlMjAlMjAlMjAlMjBzdHlsZSUzRCUyMmRpc3BsYXklM0FibG9jayUyMiUwQSUyMCUyMCUyMCUyMCUyMGRhdGEtYWQtY2xpZW50JTNEJTIyY2EtcHViLTQ3MTQwOTc3Mzc0NDUxMDklMjIlMEElMjAlMjAlMjAlMjAlMjBkYXRhLWFkLXNsb3QlM0QlMjI5MjA2NTcxMDc3JTIyJTBBJTIwJTIwJTIwJTIwJTIwZGF0YS1hZC1mb3JtYXQlM0QlMjJhdXRvJTIyJTNFJTNDJTJGaW5zJTNFJTBBJTNDc2NyaXB0JTNFJTBBJTI4YWRzYnlnb29nbGUlMjAlM0QlMjB3aW5kb3cuYWRzYnlnb29nbGUlMjAlN0MlN0MlMjAlNUIlNUQlMjkucHVzaCUyOCU3QiU3RCUyOSUzQiUwQSUzQyUyRnNjcmlwdCUzRQ==[\/vc_raw_html][\/vc_column][\/vc_row][vc_row][vc_column offset=&#8221;vc_col-md-2 vc_hidden-sm vc_hidden-xs&#8221;][\/vc_column][vc_column offset=&#8221;vc_col-md-8&#8243;][vc_column_text]<\/p>\n<div class=\"uvc-main-heading ult-responsive\" data-ultimate-target=\".uvc-heading.ultimate-heading-92575db682638844d h2\" data-responsive-json-new=\"{&quot;font-size&quot;:&quot;desktop:28px;tablet:26px;tablet_portrait:26px;mobile_landscape:24px;mobile:24px;&quot;,&quot;line-height&quot;:&quot;desktop:34px;&quot;}\">\n<h2>If\u00e1 says at the Oke Itase 2017 or World divination 2017<\/h2>\n<\/div>\n<div class=\"uvc-sub-heading ult-responsive\" data-ultimate-target=\".uvc-heading.ultimate-heading-92575db682638844d .uvc-sub-heading \" data-responsive-json-new=\"{&quot;font-size&quot;:&quot;&quot;,&quot;line-height&quot;:&quot;desktop:26px;&quot;}\">\n<p>The Od\u00f9 Ogunda Iwori of the Letter of the Year 2017 If\u00e1 speaks of the luck of health and long life. He warns that sacrifice must be made to avoid problems in his vital organs. In the Oke Itase 2017 unveiled in Il\u00e9 Ife, If\u00e1 also warns that he must propitiate\u00a0<a href=\"https:\/\/ileawo.com\/en\/orisa-yoruba\/esu-elegbara\/\">Esu<\/a>\u00a0to achieve the luck of long life.<\/p>\n<p>If\u00e1 says that he has regretted not having a wife, but that he will have her. However, you must make a sacrifice so as not to live in constant discussion with her.<\/p>\n<p>In the Letter of the Year 2017 If\u00e1 also says that she has regretted not having children, and that if she makes a sacrifice she will have them. You will also have to sacrifice with your daughter in order to defeat your enemies. And is that If\u00e1 speaks in Ogunda Iwori that he has a very strong enemy, who tries to destroy him. That is why Ifa advises him to make a sacrifice with his daughter in order to overcome him. Also, you must gather your family and make offerings together to defeat the enemies.<\/p>\n<p>In the Oke Itase If\u00e1 indicates that he works a lot but does not see the benefits of his work. You must make sacrifice in order to enjoy the fruits of labor. If\u00e1 advises Ori&#8217;s propitiation to get a promotion or the job he is looking for. It is difficult for you to achieve prosperity and you must sacrifice in order to enjoy fortune and wealth.<\/p>\n<p>If\u00e1 also says in the sign revealed in Il\u00e9 Ife that you should avoid having problems at work. If\u00e1 describes him as a stubborn and recalcitrant person. If\u00e1 also warns Ogunda Iwori that he must be careful not to fall into a trap set by his enemies and that in order to defeat them he must make sacrifice.<\/p>\n<p>He must always be honest and sincere, but he must also make a sacrifice so that what his enemies hide comes to light.<\/p>\n<p>The Oke Itase 2017 also talks about the need to perform an ebo to avoid a catastrophe or a terrible incident. This problem can cause you a great dilemma or confusion and you must sacrifice with the whole family so that this dilemma does not aggravate your problems.<\/p>\n<p>If\u00e1 says that if he intends to make a trip he must make sacrifice and that he must take If\u00e1 with him in order to return with luck.<\/p>\n<p>Also, you should be careful with the mat on which you practice If\u00e1 so that they do not use medicines against you.<\/p>\n<p>If\u00e1 says that we should make a sacrifice with Ogbi Cola and Orogbo.<\/p>\n<p>The rest of the information about Ogunda Iwori is available at <a href=\"http:\/\/hyperurl.co\/ifa-pro-app\">If\u00e1 Tradicional Pro<\/a> and <a href=\"http:\/\/hyperurl.co\/oju-odu\">Oj\u00fa Od\u00f9<\/a>.<\/p>\n<\/div>\n<p>[\/vc_column_text][\/vc_column][vc_column width=&#8221;1\/6&#8243; offset=&#8221;vc_hidden-sm vc_hidden-xs&#8221;][\/vc_column][\/vc_row][vc_row][vc_column offset=&#8221;vc_col-md-2 vc_hidden-sm vc_hidden-xs&#8221;][\/vc_column][vc_column offset=&#8221;vc_col-md-8&#8243;][vc_column_text]<\/p>\n<div class=\"uvc-main-heading ult-responsive\" data-ultimate-target=\".uvc-heading.ultimate-heading-6945db682638847b h2\" data-responsive-json-new=\"{&quot;font-size&quot;:&quot;desktop:28px;tablet:26px;tablet_portrait:26px;mobile_landscape:24px;mobile:24px;&quot;,&quot;line-height&quot;:&quot;desktop:34px;&quot;}\">\n<h3>Akose of the Oke Itase 2017 of the sign of If\u00e1 Ogunda Iwori (\u00d2g\u00fand\u00e1 \u00ccw\u00f2r\u00ec)<\/h3>\n<\/div>\n<ul>\n<li class=\"uvc-sub-heading ult-responsive\" data-ultimate-target=\".uvc-heading.ultimate-heading-6945db682638847b .uvc-sub-heading \" data-responsive-json-new=\"{&quot;font-size&quot;:&quot;&quot;,&quot;line-height&quot;:&quot;desktop:26px;&quot;}\">Ewe Segunsete<\/li>\n<li class=\"uvc-sub-heading ult-responsive\" data-ultimate-target=\".uvc-heading.ultimate-heading-6945db682638847b .uvc-sub-heading \" data-responsive-json-new=\"{&quot;font-size&quot;:&quot;&quot;,&quot;line-height&quot;:&quot;desktop:26px;&quot;}\">Ose dudu<\/li>\n<li class=\"uvc-sub-heading ult-responsive\" data-ultimate-target=\".uvc-heading.ultimate-heading-6945db682638847b .uvc-sub-heading \" data-responsive-json-new=\"{&quot;font-size&quot;:&quot;&quot;,&quot;line-height&quot;:&quot;desktop:26px;&quot;}\">Iyerosun<\/li>\n<\/ul>\n<p>[\/vc_column_text][\/vc_column][vc_column width=&#8221;1\/6&#8243; offset=&#8221;vc_hidden-sm vc_hidden-xs&#8221;][\/vc_column][\/vc_row][vc_row][vc_column][vc_raw_html css=&#8221;.vc_custom_1572654247108{margin-top: 40px !important;}&#8221;]JTNDc2NyaXB0JTIwYXN5bmMlMjBzcmMlM0QlMjIlMkYlMkZwYWdlYWQyLmdvb2dsZXN5bmRpY2F0aW9uLmNvbSUyRnBhZ2VhZCUyRmpzJTJGYWRzYnlnb29nbGUuanMlMjIlM0UlM0MlMkZzY3JpcHQlM0UlMEElM0MlMjEtLSUyMExhLVByZW5zYS1BZHMlMjAtLSUzRSUwQSUzQ2lucyUyMGNsYXNzJTNEJTIyYWRzYnlnb29nbGUlMjIlMEElMjAlMjAlMjAlMjAlMjBzdHlsZSUzRCUyMmRpc3BsYXklM0FibG9jayUyMiUwQSUyMCUyMCUyMCUyMCUyMGRhdGEtYWQtY2xpZW50JTNEJTIyY2EtcHViLTQ3MTQwOTc3Mzc0NDUxMDklMjIlMEElMjAlMjAlMjAlMjAlMjBkYXRhLWFkLXNsb3QlM0QlMjI5MjA2NTcxMDc3JTIyJTBBJTIwJTIwJTIwJTIwJTIwZGF0YS1hZC1mb3JtYXQlM0QlMjJhdXRvJTIyJTNFJTNDJTJGaW5zJTNFJTBBJTNDc2NyaXB0JTNFJTBBJTI4YWRzYnlnb29nbGUlMjAlM0QlMjB3aW5kb3cuYWRzYnlnb29nbGUlMjAlN0MlN0MlMjAlNUIlNUQlMjkucHVzaCUyOCU3QiU3RCUyOSUzQiUwQSUzQyUyRnNjcmlwdCUzRQ==[\/vc_raw_html][\/vc_column][\/vc_row][vc_row][vc_column width=&#8221;1\/4&#8243; offset=&#8221;vc_col-md-3 vc_hidden-sm vc_hidden-xs&#8221;][\/vc_column][vc_column offset=&#8221;vc_col-md-6 vc_col-xs-12&#8243;][vc_images_carousel images=&#8221;1367,1364,1361,1358,1355&#8243; img_size=&#8221;600&#215;400&#8243; onclick=&#8221;link_no&#8221; autoplay=&#8221;yes&#8221; wrap=&#8221;yes&#8221;][\/vc_column][vc_column width=&#8221;1\/4&#8243; offset=&#8221;vc_col-md-3 vc_hidden-sm vc_hidden-xs&#8221;][\/vc_column][\/vc_row][vc_row full_width=&#8221;stretch_row&#8221; content_placement=&#8221;middle&#8221; bg_type=&#8221;bg_color&#8221; bg_override=&#8221;ex-full&#8221; bg_color_value=&#8221;#4e89d5&#8243; el_class=&#8221;banner&#8221; css=&#8221;.vc_custom_1589978244869{margin-top: 40px !important;background-color: #4e89d5 !important;}&#8221;][vc_column width=&#8221;2\/3&#8243;][vc_column_text el_class=&#8221;banner-text&#8221;]Make a If\u00e1 divination and know what the Orisa have in store for you[\/vc_column_text][\/vc_column][vc_column width=&#8221;1\/3&#8243;][vc_column_text css_animation=&#8221;bounceIn&#8221;]<\/p>\n<p style=\"text-align: center;\"><a class=\"custom-buttons-alternative\" href=\"https:\/\/ileawo.com\/en\/contact\/\">Ask us<\/a><\/p>\n<p>[\/vc_column_text][\/vc_column][\/vc_row]<\/p>\n<\/div>"},"excerpt":{"rendered":"<p>[vc_row][vc_column][vc_single_image image=&#8221;1370&#8243; img_size=&#8221;medium&#8221; alignment=&#8221;center&#8221; css=&#8221;.vc_custom_1590011244525{margin-bottom: 0px !important;}&#8221;][vc_column_text] Od\u00f9 \u00d2g\u00fand\u00e1 \u00ccw\u00f2r\u00ec [\/vc_column_text][\/vc_column][\/vc_row][vc_row][vc_column width=&#8221;1\/6&#8243; offset=&#8221;vc_hidden-sm vc_hidden-xs&#8221;][\/vc_column][vc_column width=&#8221;1\/2&#8243; offset=&#8221;vc_col-md-4&#8243;][vc_column_text] Yor\u00f9b\u00e1 Ogunda niko lapo Iwori niko lofa Ofa kan soso<span class=\"excerpt-hellip\"> [\u2026]<\/span><\/p>\n","protected":false},"author":1,"featured_media":2194,"parent":3637,"menu_order":0,"comment_status":"open","ping_status":"closed","template":"","meta":{"footnotes":""},"categories":[2712],"class_list":["post-3680","page","type-page","status-publish","has-post-thumbnail","hentry","category-oke-itase-en"],"yoast_head":"<!-- This site is optimized with the Yoast SEO Premium plugin v25.2 (Yoast SEO v27.4) - https:\/\/yoast.com\/product\/yoast-seo-premium-wordpress\/ -->\n<title>Oke Itase 2017: sign of If\u00e1 revealed Ogunda Iwori - Il\u00e9 Awo<\/title>\n<meta name=\"description\" content=\"Ogunda Iwori is the sign revealed at the Oke Itase 2017. If\u00e1&#039;s designs for this year you know them for the first time, again, in Il\u00e9 Awo.\" \/>\n<meta name=\"robots\" content=\"index, follow, max-snippet:-1, max-image-preview:large, max-video-preview:-1\" \/>\n<link rel=\"canonical\" href=\"https:\/\/ileawo.com\/en\/oke-itase-world-divination\/oke-itase-2017\/\" \/>\n<meta property=\"og:locale\" content=\"en_US\" \/>\n<meta property=\"og:type\" content=\"article\" \/>\n<meta property=\"og:title\" content=\"Oke Itase 2017 \u2013 World divination 2017 | Il\u00e9 Ife Nigeria\" \/>\n<meta property=\"og:description\" content=\"Ogunda Iwori is the sign revealed at the Oke Itase 2017. If\u00e1&#039;s designs for this year you know them for the first time, again, in Il\u00e9 Awo.\" \/>\n<meta property=\"og:url\" content=\"https:\/\/ileawo.com\/en\/oke-itase-world-divination\/oke-itase-2017\/\" \/>\n<meta property=\"og:site_name\" content=\"Il\u00e9 Awo\" \/>\n<meta property=\"article:publisher\" content=\"https:\/\/www.facebook.com\/ifabiyii\" \/>\n<meta property=\"article:modified_time\" content=\"2022-05-19T10:36:40+00:00\" \/>\n<meta property=\"og:image\" content=\"http:\/\/ileawo.com\/wp-content\/uploads\/2020\/05\/oke-itase-2017-9.jpg\" \/>\n\t<meta property=\"og:image:width\" content=\"1200\" \/>\n\t<meta property=\"og:image:height\" content=\"633\" \/>\n\t<meta property=\"og:image:type\" content=\"image\/jpeg\" \/>\n<meta name=\"twitter:card\" content=\"summary_large_image\" \/>\n<meta name=\"twitter:site\" content=\"@ifabiyii\" \/>\n<!-- \/ Yoast SEO Premium plugin. -->","yoast_head_json":{"title":"Oke Itase 2017: sign of If\u00e1 revealed Ogunda Iwori - Il\u00e9 Awo","description":"Ogunda Iwori is the sign revealed at the Oke Itase 2017. If\u00e1's designs for this year you know them for the first time, again, in Il\u00e9 Awo.","robots":{"index":"index","follow":"follow","max-snippet":"max-snippet:-1","max-image-preview":"max-image-preview:large","max-video-preview":"max-video-preview:-1"},"canonical":"https:\/\/ileawo.com\/en\/oke-itase-world-divination\/oke-itase-2017\/","og_locale":"en_US","og_type":"article","og_title":"Oke Itase 2017 \u2013 World divination 2017 | Il\u00e9 Ife Nigeria","og_description":"Ogunda Iwori is the sign revealed at the Oke Itase 2017. If\u00e1's designs for this year you know them for the first time, again, in Il\u00e9 Awo.","og_url":"https:\/\/ileawo.com\/en\/oke-itase-world-divination\/oke-itase-2017\/","og_site_name":"Il\u00e9 Awo","article_publisher":"https:\/\/www.facebook.com\/ifabiyii","article_modified_time":"2022-05-19T10:36:40+00:00","og_image":[{"width":1200,"height":633,"url":"http:\/\/ileawo.com\/wp-content\/uploads\/2020\/05\/oke-itase-2017-9.jpg","type":"image\/jpeg"}],"twitter_card":"summary_large_image","twitter_site":"@ifabiyii","schema":{"@context":"https:\/\/schema.org","@graph":[{"@type":"Article","@id":"https:\/\/ileawo.com\/en\/oke-itase-world-divination\/oke-itase-2017\/#article","isPartOf":{"@id":"https:\/\/ileawo.com\/en\/oke-itase-world-divination\/oke-itase-2017\/"},"author":{"name":"If\u00e1b\u00edy\u00ec\u00ed Ak\u00f3d\u00e0","@id":"http:\/\/ileawo.com\/en\/#\/schema\/person\/5b4d3af5a9aa8f02fe88dbeb048ef64a"},"headline":"Oke Itase 2017 \u2013 World divination 2017 | Il\u00e9 Ife Nigeria","datePublished":"2017-06-03T22:00:00+00:00","dateModified":"2022-05-19T10:36:40+00:00","mainEntityOfPage":{"@id":"https:\/\/ileawo.com\/en\/oke-itase-world-divination\/oke-itase-2017\/"},"wordCount":1052,"commentCount":0,"publisher":{"@id":"http:\/\/ileawo.com\/en\/#organization"},"image":{"@id":"https:\/\/ileawo.com\/en\/oke-itase-world-divination\/oke-itase-2017\/#primaryimage"},"thumbnailUrl":"https:\/\/ileawo.com\/wp-content\/uploads\/2020\/05\/oke-itase-2017-9.jpg","articleSection":["Oke Itase"],"inLanguage":"en-US","potentialAction":[{"@type":"CommentAction","name":"Comment","target":["https:\/\/ileawo.com\/en\/oke-itase-world-divination\/oke-itase-2017\/#respond"]}]},{"@type":"WebPage","@id":"https:\/\/ileawo.com\/en\/oke-itase-world-divination\/oke-itase-2017\/","url":"https:\/\/ileawo.com\/en\/oke-itase-world-divination\/oke-itase-2017\/","name":"Oke Itase 2017: sign of If\u00e1 revealed Ogunda Iwori - Il\u00e9 Awo","isPartOf":{"@id":"http:\/\/ileawo.com\/en\/#website"},"primaryImageOfPage":{"@id":"https:\/\/ileawo.com\/en\/oke-itase-world-divination\/oke-itase-2017\/#primaryimage"},"image":{"@id":"https:\/\/ileawo.com\/en\/oke-itase-world-divination\/oke-itase-2017\/#primaryimage"},"thumbnailUrl":"https:\/\/ileawo.com\/wp-content\/uploads\/2020\/05\/oke-itase-2017-9.jpg","datePublished":"2017-06-03T22:00:00+00:00","dateModified":"2022-05-19T10:36:40+00:00","description":"Ogunda Iwori is the sign revealed at the Oke Itase 2017. If\u00e1's designs for this year you know them for the first time, again, in Il\u00e9 Awo.","breadcrumb":{"@id":"https:\/\/ileawo.com\/en\/oke-itase-world-divination\/oke-itase-2017\/#breadcrumb"},"inLanguage":"en-US","potentialAction":[{"@type":"ReadAction","target":["https:\/\/ileawo.com\/en\/oke-itase-world-divination\/oke-itase-2017\/"]}]},{"@type":"ImageObject","inLanguage":"en-US","@id":"https:\/\/ileawo.com\/en\/oke-itase-world-divination\/oke-itase-2017\/#primaryimage","url":"https:\/\/ileawo.com\/wp-content\/uploads\/2020\/05\/oke-itase-2017-9.jpg","contentUrl":"https:\/\/ileawo.com\/wp-content\/uploads\/2020\/05\/oke-itase-2017-9.jpg","width":1200,"height":633,"caption":"Oke Itase 2017"},{"@type":"BreadcrumbList","@id":"https:\/\/ileawo.com\/en\/oke-itase-world-divination\/oke-itase-2017\/#breadcrumb","itemListElement":[{"@type":"ListItem","position":1,"name":"Home","item":"https:\/\/ileawo.com\/en\/"},{"@type":"ListItem","position":2,"name":"Oke Itase","item":"http:\/\/ileawo.com\/en\/oke-itase-world-divination\/"},{"@type":"ListItem","position":3,"name":"Oke Itase 2017 \u2013 World divination 2017 | Il\u00e9 Ife Nigeria"}]},{"@type":"WebSite","@id":"http:\/\/ileawo.com\/en\/#website","url":"http:\/\/ileawo.com\/en\/","name":"Il\u00e9 Awo","description":"","publisher":{"@id":"http:\/\/ileawo.com\/en\/#organization"},"potentialAction":[{"@type":"SearchAction","target":{"@type":"EntryPoint","urlTemplate":"http:\/\/ileawo.com\/en\/?s={search_term_string}"},"query-input":{"@type":"PropertyValueSpecification","valueRequired":true,"valueName":"search_term_string"}}],"inLanguage":"en-US"},{"@type":"Organization","@id":"http:\/\/ileawo.com\/en\/#organization","name":"Il\u00e9 Awo","url":"http:\/\/ileawo.com\/en\/","logo":{"@type":"ImageObject","inLanguage":"en-US","@id":"http:\/\/ileawo.com\/en\/#\/schema\/logo\/image\/","url":"https:\/\/ileawo.com\/wp-content\/uploads\/revslider\/Bienvenido\/Logo-Ile-Awo-20201.png","contentUrl":"https:\/\/ileawo.com\/wp-content\/uploads\/revslider\/Bienvenido\/Logo-Ile-Awo-20201.png","width":500,"height":155,"caption":"Il\u00e9 Awo"},"image":{"@id":"http:\/\/ileawo.com\/en\/#\/schema\/logo\/image\/"},"sameAs":["https:\/\/www.facebook.com\/ifabiyii","https:\/\/x.com\/ifabiyii","https:\/\/www.instagram.com\/ifabiyii_akoda\/"]},{"@type":"Person","@id":"http:\/\/ileawo.com\/en\/#\/schema\/person\/5b4d3af5a9aa8f02fe88dbeb048ef64a","name":"If\u00e1b\u00edy\u00ec\u00ed Ak\u00f3d\u00e0","image":{"@type":"ImageObject","inLanguage":"en-US","@id":"https:\/\/secure.gravatar.com\/avatar\/07530fd5fec1f19247b6ca33a6f419284691fff29c8857d86ea771d943bdba08?s=96&d=mm&r=g","url":"https:\/\/secure.gravatar.com\/avatar\/07530fd5fec1f19247b6ca33a6f419284691fff29c8857d86ea771d943bdba08?s=96&d=mm&r=g","contentUrl":"https:\/\/secure.gravatar.com\/avatar\/07530fd5fec1f19247b6ca33a6f419284691fff29c8857d86ea771d943bdba08?s=96&d=mm&r=g","caption":"If\u00e1b\u00edy\u00ec\u00ed Ak\u00f3d\u00e0"},"sameAs":["https:\/\/ileawo.com\/"]}]}},"_links":{"self":[{"href":"https:\/\/ileawo.com\/en\/wp-json\/wp\/v2\/pages\/3680","targetHints":{"allow":["GET"]}}],"collection":[{"href":"https:\/\/ileawo.com\/en\/wp-json\/wp\/v2\/pages"}],"about":[{"href":"https:\/\/ileawo.com\/en\/wp-json\/wp\/v2\/types\/page"}],"author":[{"embeddable":true,"href":"https:\/\/ileawo.com\/en\/wp-json\/wp\/v2\/users\/1"}],"replies":[{"embeddable":true,"href":"https:\/\/ileawo.com\/en\/wp-json\/wp\/v2\/comments?post=3680"}],"version-history":[{"count":0,"href":"https:\/\/ileawo.com\/en\/wp-json\/wp\/v2\/pages\/3680\/revisions"}],"up":[{"embeddable":true,"href":"https:\/\/ileawo.com\/en\/wp-json\/wp\/v2\/pages\/3637"}],"wp:featuredmedia":[{"embeddable":true,"href":"https:\/\/ileawo.com\/en\/wp-json\/wp\/v2\/media\/2194"}],"wp:attachment":[{"href":"https:\/\/ileawo.com\/en\/wp-json\/wp\/v2\/media?parent=3680"}],"wp:term":[{"taxonomy":"category","embeddable":true,"href":"https:\/\/ileawo.com\/en\/wp-json\/wp\/v2\/categories?post=3680"}],"curies":[{"name":"wp","href":"https:\/\/api.w.org\/{rel}","templated":true}]}}