{"id":3663,"date":"2016-06-05T00:00:00","date_gmt":"2016-06-04T22:00:00","guid":{"rendered":"https:\/\/ileawo.com\/oke-itase-world-divination\/oke-itase-2016\/"},"modified":"2022-05-19T12:36:26","modified_gmt":"2022-05-19T10:36:26","slug":"oke-itase-2016","status":"publish","type":"page","link":"https:\/\/ileawo.com\/en\/oke-itase-world-divination\/oke-itase-2016\/","title":{"rendered":"Oke Itase 2016 \u2013 World divination 2016 Il\u00e9 Ife Nigeria"},"content":{"rendered":"<div class=\"wpb-content-wrapper\"><p>[vc_row][vc_column][vc_single_image image=&#8221;3213&#8243; img_size=&#8221;medium&#8221; alignment=&#8221;center&#8221; css=&#8221;.vc_custom_1590010924961{margin-bottom: 0px !important;}&#8221;][vc_column_text]<\/p>\n<h2 style=\"text-align: center;\">Od\u00f9 \u00d2b\u00e0r\u00e0 Kerebete (\u00d2b\u00e0r\u00e0 \u00ccret\u00e8)<\/h2>\n<p>[\/vc_column_text][\/vc_column][\/vc_row][vc_row][vc_column width=&#8221;1\/6&#8243; offset=&#8221;vc_hidden-sm vc_hidden-xs&#8221;][\/vc_column][vc_column width=&#8221;1\/2&#8243; offset=&#8221;vc_col-md-4&#8243;][vc_column_text]<\/p>\n<div style=\"background-color: #f6f6f6; margin: 10px; border-radius: 10px;\">\n<h5 class=\"white-box\">Yor\u00f9b\u00e1<\/h5>\n<p style=\"background-color: #f6f6f6; padding: 30px; border-radius: 0px 0px 10px 10px;\">Ig\u00fan jebo<br \/>\nIg\u00fan \u00f2 k\u00ed el\u00e9bo k\u00fa \u00e0n\u00e1<br \/>\n\u00c8k\u00fa\u00e0n\u00e1 l\u00e8r\u00e8 oore<br \/>\nA d\u00edf\u00e1 f\u00fan \u00c0\u00ecn\u00e1 K\u00e8k\u00e8\u00e8k\u00e8<br \/>\nT\u00ed\u00ed somo On\u00edbi \u00c0gb\u00e9l\u00e8<br \/>\nEbo ni won ni ko waa se<br \/>\nOsi gb\u00e9bo nbe \u00f3 r\u00fabo<br \/>\nIf\u00e1 mo d\u00fap\u00e9 ow\u00f3 t\u00f3o f\u00fan mi l\u00e1n\u00e0\u00e1<br \/>\n\u00d2b\u00e0r\u00e0 \u00ccret\u00e8 o \u00f2<br \/>\nIf\u00e1 o seun seun<br \/>\nIf\u00e1 mo d\u00fap\u00e9 aya t\u00f3o f\u00fan mi l\u00e1n\u00e0\u00e1<br \/>\n\u00d2b\u00e0r\u00e0 \u00ccret\u00e8 o \u00f2<br \/>\nIf\u00e1 o seun seun<br \/>\nIf\u00e1 mo d\u00fap\u00e8 oko t\u00f3o f\u00fan mi l\u00e1n\u00e0\u00e1<br \/>\n\u00d2b\u00e0r\u00e0 \u00ccret\u00e8 o \u00f2<br \/>\nIf\u00e1 o seun seun<br \/>\nIf\u00e1 mo d\u00fap\u00e8 omo t\u00f3o f\u00fan mi l\u00e1n\u00e0\u00e1<br \/>\n\u00d2b\u00e0r\u00e0 \u00ccret\u00e8 o \u00f2<br \/>\nIf\u00e1 o seun seun<br \/>\nIf\u00e1 mo d\u00fap\u00e8 al\u00e1\u00e1f\u00eca t\u00f3o f\u00fan mi l\u00e1n\u00e0\u00e1<br \/>\n\u00d2b\u00e0r\u00e0 \u00ccret\u00e8 o \u00f2<br \/>\nIf\u00e1 o seun seun<br \/>\nIf\u00e1 mo d\u00fap\u00e8 ire gbogbo t\u00f3o f\u00fan mi l\u00e1n\u00e0\u00e1<br \/>\n\u00d2b\u00e0r\u00e0 \u00ccret\u00e8 o \u00f2<br \/>\nIf\u00e1 o seun seun<\/p>\n<\/div>\n<p>[\/vc_column_text][\/vc_column][vc_column width=&#8221;1\/2&#8243; offset=&#8221;vc_col-md-4&#8243;][vc_column_text css=&#8221;.vc_custom_1590254625706{margin-bottom: 0px !important;}&#8221;]<\/p>\n<div style=\"background-color: #f6f6f6; margin: 10px; border-radius: 10px;\">\n<h5 class=\"white-box\">English<\/h5>\n<p style=\"background-color: #f6f6f6; padding: 30px; border-radius: 0px 0px 10px 10px;\">The vulture consumes the materials of the sacrifice<br \/>\nThe vulture refuses to thank the supplier of the ebo materials<br \/>\nShowing accusation for yesterday&#8217;s favor is the benefit that is gained to extend such favors<br \/>\nThey made If\u00e1 divination for \u00c0\u00ecn\u00e1 K\u00e8k\u00e8\u00e8k\u00e8<br \/>\nThe multi-generation descendant<br \/>\nThey told him to make a sacrifice<br \/>\nHe heard and he did it<br \/>\nIf\u00e1 I am grateful for the money you gave me yesterday<br \/>\n\u00d2b\u00e0r\u00e0 \u00ccret\u00e8<br \/>\nIf\u00e1 I thank you very much<br \/>\nIf\u00e1 I am grateful for the wife you gave me yesterday<br \/>\n\u00d2b\u00e0r\u00e0 \u00ccret\u00e8<br \/>\nIf\u00e1 I thank you very much<br \/>\nIf\u00e1 I am grateful for the husband you gave me yesterday<br \/>\n\u00d2b\u00e0r\u00e0 \u00ccret\u00e8<br \/>\nIf\u00e1 I thank you very much<br \/>\nIf\u00e1 I am grateful for the children you gave me yesterday<br \/>\n\u00d2b\u00e0r\u00e0 \u00ccret\u00e8<br \/>\nIf\u00e1 I thank you very much<br \/>\nIf\u00e1 I am grateful for the good health you gave me yesterday<br \/>\n\u00d2b\u00e0r\u00e0 \u00ccret\u00e8<br \/>\nIf\u00e1 I thank you very much<br \/>\nIf\u00e1 I am grateful for all the luck you gave me yesterday<br \/>\n\u00d2b\u00e0r\u00e0 \u00ccret\u00e8<br \/>\nIf\u00e1 I thank you very much<\/p>\n<\/div>\n<p>[\/vc_column_text][\/vc_column][vc_column width=&#8221;1\/6&#8243; offset=&#8221;vc_hidden-sm vc_hidden-xs&#8221;][\/vc_column][\/vc_row][vc_row][vc_column][vc_raw_html css=&#8221;.vc_custom_1572654247108{margin-top: 40px !important;}&#8221;]JTNDc2NyaXB0JTIwYXN5bmMlMjBzcmMlM0QlMjIlMkYlMkZwYWdlYWQyLmdvb2dsZXN5bmRpY2F0aW9uLmNvbSUyRnBhZ2VhZCUyRmpzJTJGYWRzYnlnb29nbGUuanMlMjIlM0UlM0MlMkZzY3JpcHQlM0UlMEElM0MlMjEtLSUyMExhLVByZW5zYS1BZHMlMjAtLSUzRSUwQSUzQ2lucyUyMGNsYXNzJTNEJTIyYWRzYnlnb29nbGUlMjIlMEElMjAlMjAlMjAlMjAlMjBzdHlsZSUzRCUyMmRpc3BsYXklM0FibG9jayUyMiUwQSUyMCUyMCUyMCUyMCUyMGRhdGEtYWQtY2xpZW50JTNEJTIyY2EtcHViLTQ3MTQwOTc3Mzc0NDUxMDklMjIlMEElMjAlMjAlMjAlMjAlMjBkYXRhLWFkLXNsb3QlM0QlMjI5MjA2NTcxMDc3JTIyJTBBJTIwJTIwJTIwJTIwJTIwZGF0YS1hZC1mb3JtYXQlM0QlMjJhdXRvJTIyJTNFJTNDJTJGaW5zJTNFJTBBJTNDc2NyaXB0JTNFJTBBJTI4YWRzYnlnb29nbGUlMjAlM0QlMjB3aW5kb3cuYWRzYnlnb29nbGUlMjAlN0MlN0MlMjAlNUIlNUQlMjkucHVzaCUyOCU3QiU3RCUyOSUzQiUwQSUzQyUyRnNjcmlwdCUzRQ==[\/vc_raw_html][\/vc_column][\/vc_row][vc_row][vc_column offset=&#8221;vc_col-md-2 vc_hidden-sm vc_hidden-xs&#8221;][\/vc_column][vc_column offset=&#8221;vc_col-md-8&#8243;][vc_column_text]<\/p>\n<div class=\"uvc-main-heading ult-responsive\" data-ultimate-target=\".uvc-heading.ultimate-heading-92575db682638844d h2\" data-responsive-json-new=\"{&quot;font-size&quot;:&quot;desktop:28px;tablet:26px;tablet_portrait:26px;mobile_landscape:24px;mobile:24px;&quot;,&quot;line-height&quot;:&quot;desktop:34px;&quot;}\">\n<h2>If\u00e1 says at the Oke Itase 2016 or World divination 2016<\/h2>\n<\/div>\n<div class=\"uvc-sub-heading ult-responsive\" data-ultimate-target=\".uvc-heading.ultimate-heading-92575db682638844d .uvc-sub-heading \" data-responsive-json-new=\"{&quot;font-size&quot;:&quot;&quot;,&quot;line-height&quot;:&quot;desktop:26px;&quot;}\">\n<p>In the Od\u00f9 Obara Irete of the Oke Itase 2016 by Il\u00e9 Ife If\u00e1 he says that many favors have been done to him and he seems not to appreciate them. For this reason you may end up losing everything. If\u00e1 warns in the Letter of the Year that he must show appreciation for small and great favors. Doing so is the only way that these favors and success in life continue to multiply. This Od\u00f9 also warns us to make sacrifice to show appreciation to If\u00e1 and the <a href=\"https:\/\/ileawo.com\/en\/orisa-yoruba\/\">\u00d2r\u00ecs\u00e0<\/a>.<\/p>\n<p>In this Od\u00f9 surveyed in Il\u00e9 Ife Nigeria people often think that they do not need If\u00e1, since they get luck for themselves, but If\u00e1 warns us that it is he who provides us with luck and recommends us to make a sacrifice in order to get two luck on the same day.<\/p>\n<p>If\u00e1 advises women to make sacrifices for problems in the belly or even women who seek to conceive but have not succeeded.<\/p>\n<p>Ifa warns us to encourage our deceased relatives, especially on the paternal side.<\/p>\n<p>If\u00e1 says that we will achieve all the luck of life during this year. However, he warns us that we must make sacrifice and pay reverence to If\u00e1 and the \u00d2r\u00ecs\u00e0 so that all luck may manifest.<\/p>\n<p>Also in the Od\u00f9 \u00d2b\u00e0r\u00e0 \u00ccret\u00e8 of the Letter of the Year 2016 If\u00e1 warns us that we have many adversaries, who in view of the fact that they cannot achieve our success in life, opt for destroying or envying us. If\u00e1 advises us to make sacrifice so that all our enemies are destroyed.<\/p>\n<p>If\u00e1 also advises us not to speak ill of another person. Failure to do so would imply not having the support of Ol\u00f3d\u00f9mar\u00e8. He also advises us in the Oke Itase 2016 of Il\u00e9 Ife to make sacrifice so that the people who speak of us destroy themselves.<\/p>\n<p>In this Od\u00f9 of the Letter of the year 2016 we are warned not to abandon If\u00e1 and in the same way that we attend If\u00e1, he will attend to us. If\u00e1 also warns of making sacrifices to achieve all the luck of life.<\/p>\n<p>The rest of the information about Obara Irete is available at <a href=\"http:\/\/hyperurl.co\/ifa-pro-app\">If\u00e1 Tradicional Pro<\/a> and <a href=\"http:\/\/hyperurl.co\/oju-odu\">Oj\u00fa Od\u00f9<\/a>.<\/p>\n<\/div>\n<p>[\/vc_column_text][\/vc_column][vc_column width=&#8221;1\/6&#8243; offset=&#8221;vc_hidden-sm vc_hidden-xs&#8221;][\/vc_column][\/vc_row][vc_row][vc_column][vc_raw_html css=&#8221;.vc_custom_1572654247108{margin-top: 40px !important;}&#8221;]JTNDc2NyaXB0JTIwYXN5bmMlMjBzcmMlM0QlMjIlMkYlMkZwYWdlYWQyLmdvb2dsZXN5bmRpY2F0aW9uLmNvbSUyRnBhZ2VhZCUyRmpzJTJGYWRzYnlnb29nbGUuanMlMjIlM0UlM0MlMkZzY3JpcHQlM0UlMEElM0MlMjEtLSUyMExhLVByZW5zYS1BZHMlMjAtLSUzRSUwQSUzQ2lucyUyMGNsYXNzJTNEJTIyYWRzYnlnb29nbGUlMjIlMEElMjAlMjAlMjAlMjAlMjBzdHlsZSUzRCUyMmRpc3BsYXklM0FibG9jayUyMiUwQSUyMCUyMCUyMCUyMCUyMGRhdGEtYWQtY2xpZW50JTNEJTIyY2EtcHViLTQ3MTQwOTc3Mzc0NDUxMDklMjIlMEElMjAlMjAlMjAlMjAlMjBkYXRhLWFkLXNsb3QlM0QlMjI5MjA2NTcxMDc3JTIyJTBBJTIwJTIwJTIwJTIwJTIwZGF0YS1hZC1mb3JtYXQlM0QlMjJhdXRvJTIyJTNFJTNDJTJGaW5zJTNFJTBBJTNDc2NyaXB0JTNFJTBBJTI4YWRzYnlnb29nbGUlMjAlM0QlMjB3aW5kb3cuYWRzYnlnb29nbGUlMjAlN0MlN0MlMjAlNUIlNUQlMjkucHVzaCUyOCU3QiU3RCUyOSUzQiUwQSUzQyUyRnNjcmlwdCUzRQ==[\/vc_raw_html][\/vc_column][\/vc_row][vc_row][vc_column width=&#8221;1\/4&#8243; offset=&#8221;vc_col-md-3 vc_hidden-sm vc_hidden-xs&#8221;][\/vc_column][vc_column offset=&#8221;vc_col-md-6 vc_col-xs-12&#8243;][vc_images_carousel images=&#8221;3216,3219,3222,3225,3228&#8243; img_size=&#8221;600&#215;400&#8243; onclick=&#8221;link_no&#8221; autoplay=&#8221;yes&#8221; wrap=&#8221;yes&#8221;][\/vc_column][vc_column width=&#8221;1\/4&#8243; offset=&#8221;vc_col-md-3 vc_hidden-sm vc_hidden-xs&#8221;][\/vc_column][\/vc_row][vc_row full_width=&#8221;stretch_row&#8221; content_placement=&#8221;middle&#8221; bg_type=&#8221;bg_color&#8221; bg_override=&#8221;ex-full&#8221; bg_color_value=&#8221;#4e89d5&#8243; el_class=&#8221;banner&#8221; css=&#8221;.vc_custom_1589977769575{margin-top: 40px !important;background-color: #4e89d5 !important;}&#8221;][vc_column width=&#8221;2\/3&#8243;][vc_column_text el_class=&#8221;banner-text&#8221;]Make a If\u00e1 divination and know what the Orisa have in store for you[\/vc_column_text][\/vc_column][vc_column width=&#8221;1\/3&#8243;][vc_column_text css_animation=&#8221;bounceIn&#8221;]<\/p>\n<p style=\"text-align: center;\"><a class=\"custom-buttons-alternative\" href=\"https:\/\/ileawo.com\/en\/contact\/\">Ask us<\/a><\/p>\n<p>[\/vc_column_text][\/vc_column][\/vc_row]<\/p>\n<\/div>"},"excerpt":{"rendered":"<p>[vc_row][vc_column][vc_single_image image=&#8221;3213&#8243; img_size=&#8221;medium&#8221; alignment=&#8221;center&#8221; css=&#8221;.vc_custom_1590010924961{margin-bottom: 0px !important;}&#8221;][vc_column_text] Od\u00f9 \u00d2b\u00e0r\u00e0 Kerebete (\u00d2b\u00e0r\u00e0 \u00ccret\u00e8) [\/vc_column_text][\/vc_column][\/vc_row][vc_row][vc_column width=&#8221;1\/6&#8243; offset=&#8221;vc_hidden-sm vc_hidden-xs&#8221;][\/vc_column][vc_column width=&#8221;1\/2&#8243; offset=&#8221;vc_col-md-4&#8243;][vc_column_text] Yor\u00f9b\u00e1 Ig\u00fan jebo Ig\u00fan \u00f2 k\u00ed el\u00e9bo k\u00fa<span class=\"excerpt-hellip\"> [\u2026]<\/span><\/p>\n","protected":false},"author":1,"featured_media":2201,"parent":3637,"menu_order":0,"comment_status":"open","ping_status":"closed","template":"","meta":{"footnotes":""},"categories":[2712],"class_list":["post-3663","page","type-page","status-publish","has-post-thumbnail","hentry","category-oke-itase-en"],"yoast_head":"<!-- This site is optimized with the Yoast SEO Premium plugin v27.6 (Yoast SEO v27.6) - https:\/\/yoast.com\/product\/yoast-seo-premium-wordpress\/ -->\n<title>Oke Itase 2016: sign of If\u00e1 revealed Obara Irete - Il\u00e9 Awo<\/title>\n<meta name=\"description\" content=\"Obara Irete is the sign revealed at the Oke Itase 2016 held at Ile Ife. At Ile Awo we tell you exclusively what If\u00e1 has in store for this year.\" \/>\n<meta name=\"robots\" content=\"index, follow, max-snippet:-1, max-image-preview:large, max-video-preview:-1\" \/>\n<link rel=\"canonical\" href=\"https:\/\/ileawo.com\/en\/oke-itase-world-divination\/oke-itase-2016\/\" \/>\n<meta property=\"og:locale\" content=\"en_US\" \/>\n<meta property=\"og:type\" content=\"article\" \/>\n<meta property=\"og:title\" content=\"Oke Itase 2016 \u2013 World divination 2016 Il\u00e9 Ife Nigeria\" \/>\n<meta property=\"og:description\" content=\"Obara Irete is the sign revealed at the Oke Itase 2016 held at Ile Ife. At Ile Awo we tell you exclusively what If\u00e1 has in store for this year.\" \/>\n<meta property=\"og:url\" content=\"https:\/\/ileawo.com\/en\/oke-itase-world-divination\/oke-itase-2016\/\" \/>\n<meta property=\"og:site_name\" content=\"Il\u00e9 Awo\" \/>\n<meta property=\"article:publisher\" content=\"https:\/\/www.facebook.com\/ifabiyii\" \/>\n<meta property=\"article:modified_time\" content=\"2022-05-19T10:36:26+00:00\" \/>\n<meta property=\"og:image\" content=\"https:\/\/ileawo.com\/wp-content\/uploads\/2020\/05\/oke-itase-2016-4.jpg\" \/>\n\t<meta property=\"og:image:width\" content=\"1200\" \/>\n\t<meta property=\"og:image:height\" content=\"633\" \/>\n\t<meta property=\"og:image:type\" content=\"image\/jpeg\" \/>\n<meta name=\"twitter:card\" content=\"summary_large_image\" \/>\n<meta name=\"twitter:site\" content=\"@ifabiyii\" \/>\n<!-- \/ Yoast SEO Premium plugin. -->","yoast_head_json":{"title":"Oke Itase 2016: sign of If\u00e1 revealed Obara Irete - Il\u00e9 Awo","description":"Obara Irete is the sign revealed at the Oke Itase 2016 held at Ile Ife. At Ile Awo we tell you exclusively what If\u00e1 has in store for this year.","robots":{"index":"index","follow":"follow","max-snippet":"max-snippet:-1","max-image-preview":"max-image-preview:large","max-video-preview":"max-video-preview:-1"},"canonical":"https:\/\/ileawo.com\/en\/oke-itase-world-divination\/oke-itase-2016\/","og_locale":"en_US","og_type":"article","og_title":"Oke Itase 2016 \u2013 World divination 2016 Il\u00e9 Ife Nigeria","og_description":"Obara Irete is the sign revealed at the Oke Itase 2016 held at Ile Ife. At Ile Awo we tell you exclusively what If\u00e1 has in store for this year.","og_url":"https:\/\/ileawo.com\/en\/oke-itase-world-divination\/oke-itase-2016\/","og_site_name":"Il\u00e9 Awo","article_publisher":"https:\/\/www.facebook.com\/ifabiyii","article_modified_time":"2022-05-19T10:36:26+00:00","og_image":[{"width":1200,"height":633,"url":"https:\/\/ileawo.com\/wp-content\/uploads\/2020\/05\/oke-itase-2016-4.jpg","type":"image\/jpeg"}],"twitter_card":"summary_large_image","twitter_site":"@ifabiyii","schema":{"@context":"https:\/\/schema.org","@graph":[{"@type":"Article","@id":"https:\/\/ileawo.com\/en\/oke-itase-world-divination\/oke-itase-2016\/#article","isPartOf":{"@id":"https:\/\/ileawo.com\/en\/oke-itase-world-divination\/oke-itase-2016\/"},"author":{"name":"If\u00e1b\u00edy\u00ec\u00ed Ak\u00f3d\u00e0","@id":"https:\/\/ileawo.com\/en\/#\/schema\/person\/5b4d3af5a9aa8f02fe88dbeb048ef64a"},"headline":"Oke Itase 2016 \u2013 World divination 2016 Il\u00e9 Ife Nigeria","datePublished":"2016-06-04T22:00:00+00:00","dateModified":"2022-05-19T10:36:26+00:00","mainEntityOfPage":{"@id":"https:\/\/ileawo.com\/en\/oke-itase-world-divination\/oke-itase-2016\/"},"wordCount":1157,"commentCount":0,"publisher":{"@id":"https:\/\/ileawo.com\/en\/#organization"},"image":{"@id":"https:\/\/ileawo.com\/en\/oke-itase-world-divination\/oke-itase-2016\/#primaryimage"},"thumbnailUrl":"https:\/\/ileawo.com\/wp-content\/uploads\/2020\/05\/oke-itase-2016-4.jpg","articleSection":["Oke Itase"],"inLanguage":"en-US","potentialAction":[{"@type":"CommentAction","name":"Comment","target":["https:\/\/ileawo.com\/en\/oke-itase-world-divination\/oke-itase-2016\/#respond"]}]},{"@type":"WebPage","@id":"https:\/\/ileawo.com\/en\/oke-itase-world-divination\/oke-itase-2016\/","url":"https:\/\/ileawo.com\/en\/oke-itase-world-divination\/oke-itase-2016\/","name":"Oke Itase 2016: sign of If\u00e1 revealed Obara Irete - Il\u00e9 Awo","isPartOf":{"@id":"https:\/\/ileawo.com\/en\/#website"},"primaryImageOfPage":{"@id":"https:\/\/ileawo.com\/en\/oke-itase-world-divination\/oke-itase-2016\/#primaryimage"},"image":{"@id":"https:\/\/ileawo.com\/en\/oke-itase-world-divination\/oke-itase-2016\/#primaryimage"},"thumbnailUrl":"https:\/\/ileawo.com\/wp-content\/uploads\/2020\/05\/oke-itase-2016-4.jpg","datePublished":"2016-06-04T22:00:00+00:00","dateModified":"2022-05-19T10:36:26+00:00","description":"Obara Irete is the sign revealed at the Oke Itase 2016 held at Ile Ife. At Ile Awo we tell you exclusively what If\u00e1 has in store for this year.","breadcrumb":{"@id":"https:\/\/ileawo.com\/en\/oke-itase-world-divination\/oke-itase-2016\/#breadcrumb"},"inLanguage":"en-US","potentialAction":[{"@type":"ReadAction","target":["https:\/\/ileawo.com\/en\/oke-itase-world-divination\/oke-itase-2016\/"]}]},{"@type":"ImageObject","inLanguage":"en-US","@id":"https:\/\/ileawo.com\/en\/oke-itase-world-divination\/oke-itase-2016\/#primaryimage","url":"https:\/\/ileawo.com\/wp-content\/uploads\/2020\/05\/oke-itase-2016-4.jpg","contentUrl":"https:\/\/ileawo.com\/wp-content\/uploads\/2020\/05\/oke-itase-2016-4.jpg","width":1200,"height":633,"caption":"Oke Itase 2016"},{"@type":"BreadcrumbList","@id":"https:\/\/ileawo.com\/en\/oke-itase-world-divination\/oke-itase-2016\/#breadcrumb","itemListElement":[{"@type":"ListItem","position":1,"name":"Home","item":"https:\/\/ileawo.com\/en\/"},{"@type":"ListItem","position":2,"name":"Oke Itase","item":"https:\/\/ileawo.com\/en\/oke-itase-world-divination\/"},{"@type":"ListItem","position":3,"name":"Oke Itase 2016 \u2013 World divination 2016 Il\u00e9 Ife Nigeria"}]},{"@type":"WebSite","@id":"https:\/\/ileawo.com\/en\/#website","url":"https:\/\/ileawo.com\/en\/","name":"Il\u00e9 Awo","description":"","publisher":{"@id":"https:\/\/ileawo.com\/en\/#organization"},"potentialAction":[{"@type":"SearchAction","target":{"@type":"EntryPoint","urlTemplate":"https:\/\/ileawo.com\/en\/?s={search_term_string}"},"query-input":{"@type":"PropertyValueSpecification","valueRequired":true,"valueName":"search_term_string"}}],"inLanguage":"en-US"},{"@type":"Organization","@id":"https:\/\/ileawo.com\/en\/#organization","name":"Il\u00e9 Awo","url":"https:\/\/ileawo.com\/en\/","logo":{"@type":"ImageObject","inLanguage":"en-US","@id":"https:\/\/ileawo.com\/en\/#\/schema\/logo\/image\/","url":"https:\/\/ileawo.com\/wp-content\/uploads\/revslider\/Bienvenido\/Logo-Ile-Awo-20201.png","contentUrl":"https:\/\/ileawo.com\/wp-content\/uploads\/revslider\/Bienvenido\/Logo-Ile-Awo-20201.png","width":500,"height":155,"caption":"Il\u00e9 Awo"},"image":{"@id":"https:\/\/ileawo.com\/en\/#\/schema\/logo\/image\/"},"sameAs":["https:\/\/www.facebook.com\/ifabiyii","https:\/\/x.com\/ifabiyii","https:\/\/www.instagram.com\/ifabiyii_akoda\/"]},{"@type":"Person","@id":"https:\/\/ileawo.com\/en\/#\/schema\/person\/5b4d3af5a9aa8f02fe88dbeb048ef64a","name":"If\u00e1b\u00edy\u00ec\u00ed Ak\u00f3d\u00e0","image":{"@type":"ImageObject","inLanguage":"en-US","@id":"https:\/\/secure.gravatar.com\/avatar\/07530fd5fec1f19247b6ca33a6f419284691fff29c8857d86ea771d943bdba08?s=96&d=mm&r=g","url":"https:\/\/secure.gravatar.com\/avatar\/07530fd5fec1f19247b6ca33a6f419284691fff29c8857d86ea771d943bdba08?s=96&d=mm&r=g","contentUrl":"https:\/\/secure.gravatar.com\/avatar\/07530fd5fec1f19247b6ca33a6f419284691fff29c8857d86ea771d943bdba08?s=96&d=mm&r=g","caption":"If\u00e1b\u00edy\u00ec\u00ed Ak\u00f3d\u00e0"},"sameAs":["https:\/\/ileawo.com\/"]}]}},"_links":{"self":[{"href":"https:\/\/ileawo.com\/en\/wp-json\/wp\/v2\/pages\/3663","targetHints":{"allow":["GET"]}}],"collection":[{"href":"https:\/\/ileawo.com\/en\/wp-json\/wp\/v2\/pages"}],"about":[{"href":"https:\/\/ileawo.com\/en\/wp-json\/wp\/v2\/types\/page"}],"author":[{"embeddable":true,"href":"https:\/\/ileawo.com\/en\/wp-json\/wp\/v2\/users\/1"}],"replies":[{"embeddable":true,"href":"https:\/\/ileawo.com\/en\/wp-json\/wp\/v2\/comments?post=3663"}],"version-history":[{"count":0,"href":"https:\/\/ileawo.com\/en\/wp-json\/wp\/v2\/pages\/3663\/revisions"}],"up":[{"embeddable":true,"href":"https:\/\/ileawo.com\/en\/wp-json\/wp\/v2\/pages\/3637"}],"wp:featuredmedia":[{"embeddable":true,"href":"https:\/\/ileawo.com\/en\/wp-json\/wp\/v2\/media\/2201"}],"wp:attachment":[{"href":"https:\/\/ileawo.com\/en\/wp-json\/wp\/v2\/media?parent=3663"}],"wp:term":[{"taxonomy":"category","embeddable":true,"href":"https:\/\/ileawo.com\/en\/wp-json\/wp\/v2\/categories?post=3663"}],"curies":[{"name":"wp","href":"https:\/\/api.w.org\/{rel}","templated":true}]}}