{"id":3646,"date":"2015-06-07T00:00:00","date_gmt":"2015-06-06T22:00:00","guid":{"rendered":"https:\/\/ileawo.com\/oke-itase-world-divination\/oke-itase-2015\/"},"modified":"2022-05-19T12:36:15","modified_gmt":"2022-05-19T10:36:15","slug":"oke-itase-2015","status":"publish","type":"page","link":"https:\/\/ileawo.com\/en\/oke-itase-world-divination\/oke-itase-2015\/","title":{"rendered":"Oke Itase 2015 \u2013 World divination 2015 | Il\u00e9 Ife Nigeria"},"content":{"rendered":"<div class=\"wpb-content-wrapper\"><p>[vc_row][vc_column][vc_single_image image=&#8221;3194&#8243; img_size=&#8221;medium&#8221; alignment=&#8221;center&#8221; css=&#8221;.vc_custom_1590010128426{margin-bottom: 0px !important;}&#8221;][vc_column_text]<\/p>\n<h2 style=\"text-align: center;\">Od\u00f9 Ofun Osa (Ofun saa)<\/h2>\n<p>[\/vc_column_text][\/vc_column][\/vc_row][vc_row full_width=&#8221;stretch_row&#8221;][vc_column width=&#8221;1\/6&#8243; offset=&#8221;vc_hidden-sm vc_hidden-xs&#8221;][\/vc_column][vc_column width=&#8221;1\/2&#8243; offset=&#8221;vc_col-md-4&#8243;][vc_column_text css=&#8221;.vc_custom_1590254037093{margin-bottom: 0px !important;}&#8221;]<\/p>\n<div style=\"background-color: #f6f6f6; margin: 10px; border-radius: 10px;\">\n<h5 class=\"white-box\">Yor\u00f9b\u00e1<\/h5>\n<p style=\"background-color: #f6f6f6; padding: 30px; border-radius: 0px 0px 10px 10px;\">Ofun sa a lefun<br \/>\nOfun sa a lOsun<br \/>\nOfun sa a ni moriwo ope ye yee ye<br \/>\nA difa fun Alagemo teere<br \/>\nEyi tii se wole wode Orisa<br \/>\nEbo ni won ni ko waa se<br \/>\nO gb\u00e9bo, o ru\u2019bo<br \/>\nRiru ebo<br \/>\nEero atukesu<br \/>\nAye waa ye wa tuturu<\/p>\n<\/div>\n<p>[\/vc_column_text][\/vc_column][vc_column width=&#8221;1\/2&#8243; offset=&#8221;vc_col-md-4&#8243;][vc_column_text css=&#8221;.vc_custom_1590254318943{margin-bottom: 0px !important;}&#8221;]<\/p>\n<div style=\"background-color: #f6f6f6; margin: 10px; border-radius: 10px;\">\n<h5 class=\"white-box\">English<\/h5>\n<p style=\"background-color: #f6f6f6; padding: 30px; border-radius: 0px 0px 10px 10px;\">Ofun marked with husk<br \/>\nOfun marked with Osun<br \/>\nOfun decorated with shiny palm leaves<br \/>\nThey made If\u00e1 divination for Alagemo teere<br \/>\nOrisa&#8217;s closest collaborator<br \/>\nHe was warned to offer sacrifice<br \/>\nHe heard and fulfilled<br \/>\nMake sacrifice<br \/>\nPropitiate Esu<br \/>\nCome the world to see how life pleases us abundantly<\/p>\n<\/div>\n<p>[\/vc_column_text][\/vc_column][vc_column width=&#8221;1\/6&#8243; offset=&#8221;vc_hidden-sm vc_hidden-xs&#8221;][\/vc_column][\/vc_row][vc_row][vc_column][vc_raw_html css=&#8221;.vc_custom_1572654247108{margin-top: 40px !important;}&#8221;]JTNDc2NyaXB0JTIwYXN5bmMlMjBzcmMlM0QlMjIlMkYlMkZwYWdlYWQyLmdvb2dsZXN5bmRpY2F0aW9uLmNvbSUyRnBhZ2VhZCUyRmpzJTJGYWRzYnlnb29nbGUuanMlMjIlM0UlM0MlMkZzY3JpcHQlM0UlMEElM0MlMjEtLSUyMExhLVByZW5zYS1BZHMlMjAtLSUzRSUwQSUzQ2lucyUyMGNsYXNzJTNEJTIyYWRzYnlnb29nbGUlMjIlMEElMjAlMjAlMjAlMjAlMjBzdHlsZSUzRCUyMmRpc3BsYXklM0FibG9jayUyMiUwQSUyMCUyMCUyMCUyMCUyMGRhdGEtYWQtY2xpZW50JTNEJTIyY2EtcHViLTQ3MTQwOTc3Mzc0NDUxMDklMjIlMEElMjAlMjAlMjAlMjAlMjBkYXRhLWFkLXNsb3QlM0QlMjI5MjA2NTcxMDc3JTIyJTBBJTIwJTIwJTIwJTIwJTIwZGF0YS1hZC1mb3JtYXQlM0QlMjJhdXRvJTIyJTNFJTNDJTJGaW5zJTNFJTBBJTNDc2NyaXB0JTNFJTBBJTI4YWRzYnlnb29nbGUlMjAlM0QlMjB3aW5kb3cuYWRzYnlnb29nbGUlMjAlN0MlN0MlMjAlNUIlNUQlMjkucHVzaCUyOCU3QiU3RCUyOSUzQiUwQSUzQyUyRnNjcmlwdCUzRQ==[\/vc_raw_html][\/vc_column][\/vc_row][vc_row][vc_column offset=&#8221;vc_col-md-2 vc_hidden-sm vc_hidden-xs&#8221;][\/vc_column][vc_column offset=&#8221;vc_col-md-8&#8243;][vc_column_text]<\/p>\n<div class=\"uvc-main-heading ult-responsive\" data-ultimate-target=\".uvc-heading.ultimate-heading-92575db682638844d h2\" data-responsive-json-new=\"{&quot;font-size&quot;:&quot;desktop:28px;tablet:26px;tablet_portrait:26px;mobile_landscape:24px;mobile:24px;&quot;,&quot;line-height&quot;:&quot;desktop:34px;&quot;}\">\n<h2>If\u00e1 says at the Oke Itase 2015 or World divination 2015<\/h2>\n<\/div>\n<div class=\"uvc-sub-heading ult-responsive\" data-ultimate-target=\".uvc-heading.ultimate-heading-92575db682638844d .uvc-sub-heading \" data-responsive-json-new=\"{&quot;font-size&quot;:&quot;&quot;,&quot;line-height&quot;:&quot;desktop:26px;&quot;}\">\n<p>If\u00e1 says in the sign of the Letter of the year &#8211; Oke Itase 2015 unveiled in Il\u00e9 Ife Nigeria that the luck of health, of long life, and all luck will be assured during this year. However, If\u00e1 says that in addition to sacrifice, we must be patient and do things calmly.<br \/>\nPeople must go to their elders to make sacrifice, the priest must mark the Od\u00f9 \u00d2f\u00fan S\u00e0\u00e1 with efun and osun on the head to eliminate anything negative during the year.<\/p>\n<p>In addition, If\u00e1 says in the Od\u00f9 del Oke Itase 2015 that people must constantly encourage Ob\u00e0t\u00e1l\u00e1 during this year.<\/p>\n<p>People who want to start, this year will be favorable to do so.<\/p>\n<p>People who are short of money must make sacrifice so that this year will be one of abundant prosperity.<\/p>\n<p>If\u00e1 advises us in the Letter of the year 2015 that we make sacrifice to overcome the enemies. It is advisable to be careful with people who work for law enforcement of any kind, in the same way, if the person works for a law enforcement must sacrifice to avoid being harmed during this year.<\/p>\n<p>In \u00fanf\u00fan S\u00e0\u00e1 If\u00e1 says that sacrifice must be made. It is not advisable to argue with the couple during this year. If there are problems in the relationship, they should make double sacrifice so that they can both cope with the problems.<\/p>\n<p>If\u00e1 says in the Oke Itase 2015 that we must be careful with malicious potions on the part of the enemies, If\u00e1 assures us that with sacrifice we will overcome them.<\/p>\n<p>If\u00e1 says that this year is a good year to obtain titles or high ranks regarding work. In the world divination carried out in Il\u00e9 Ife If\u00e1, he advises us to offer sacrifice to ensure that these titles arrive throughout the year.<\/p>\n<p>If\u00e1 advises us not to expose ourselves to public scandals, and urges us to act correctly and to have acts of respect.<\/p>\n<p>The rest of the information about Ofun Saa is available at <a href=\"http:\/\/hyperurl.co\/ifa-pro-app\">If\u00e1 Tradicional Pro<\/a> and <a href=\"http:\/\/hyperurl.co\/oju-odu\">Oj\u00fa Od\u00f9<\/a>.<\/p>\n<\/div>\n<p>[\/vc_column_text][\/vc_column][vc_column width=&#8221;1\/6&#8243; offset=&#8221;vc_hidden-sm vc_hidden-xs&#8221;][\/vc_column][\/vc_row][vc_row][vc_column][vc_raw_html css=&#8221;.vc_custom_1572654247108{margin-top: 40px !important;}&#8221;]JTNDc2NyaXB0JTIwYXN5bmMlMjBzcmMlM0QlMjIlMkYlMkZwYWdlYWQyLmdvb2dsZXN5bmRpY2F0aW9uLmNvbSUyRnBhZ2VhZCUyRmpzJTJGYWRzYnlnb29nbGUuanMlMjIlM0UlM0MlMkZzY3JpcHQlM0UlMEElM0MlMjEtLSUyMExhLVByZW5zYS1BZHMlMjAtLSUzRSUwQSUzQ2lucyUyMGNsYXNzJTNEJTIyYWRzYnlnb29nbGUlMjIlMEElMjAlMjAlMjAlMjAlMjBzdHlsZSUzRCUyMmRpc3BsYXklM0FibG9jayUyMiUwQSUyMCUyMCUyMCUyMCUyMGRhdGEtYWQtY2xpZW50JTNEJTIyY2EtcHViLTQ3MTQwOTc3Mzc0NDUxMDklMjIlMEElMjAlMjAlMjAlMjAlMjBkYXRhLWFkLXNsb3QlM0QlMjI5MjA2NTcxMDc3JTIyJTBBJTIwJTIwJTIwJTIwJTIwZGF0YS1hZC1mb3JtYXQlM0QlMjJhdXRvJTIyJTNFJTNDJTJGaW5zJTNFJTBBJTNDc2NyaXB0JTNFJTBBJTI4YWRzYnlnb29nbGUlMjAlM0QlMjB3aW5kb3cuYWRzYnlnb29nbGUlMjAlN0MlN0MlMjAlNUIlNUQlMjkucHVzaCUyOCU3QiU3RCUyOSUzQiUwQSUzQyUyRnNjcmlwdCUzRQ==[\/vc_raw_html][\/vc_column][\/vc_row][vc_row][vc_column width=&#8221;1\/4&#8243; offset=&#8221;vc_col-md-3 vc_hidden-sm vc_hidden-xs&#8221;][\/vc_column][vc_column offset=&#8221;vc_col-md-6 vc_col-xs-12&#8243;][vc_images_carousel images=&#8221;3197,3200,3203,3206,3209&#8243; img_size=&#8221;600&#215;400&#8243; onclick=&#8221;link_no&#8221; autoplay=&#8221;yes&#8221; wrap=&#8221;yes&#8221;][\/vc_column][vc_column width=&#8221;1\/4&#8243; offset=&#8221;vc_col-md-3 vc_hidden-sm vc_hidden-xs&#8221;][\/vc_column][\/vc_row][vc_row full_width=&#8221;stretch_row&#8221; content_placement=&#8221;middle&#8221; bg_type=&#8221;bg_color&#8221; bg_override=&#8221;ex-full&#8221; bg_color_value=&#8221;#4e89d5&#8243; el_class=&#8221;banner&#8221; css=&#8221;.vc_custom_1589976052655{margin-top: 40px !important;background-color: #4e89d5 !important;}&#8221;][vc_column width=&#8221;2\/3&#8243;][vc_column_text el_class=&#8221;banner-text&#8221;]Make a If\u00e1 divination and know what the Orisa have in store for you[\/vc_column_text][\/vc_column][vc_column width=&#8221;1\/3&#8243;][vc_column_text css_animation=&#8221;bounceIn&#8221;]<\/p>\n<p style=\"text-align: center;\"><a class=\"custom-buttons-alternative\" href=\"https:\/\/ileawo.com\/en\/contact\/\">Ask us<\/a><\/p>\n<p>[\/vc_column_text][\/vc_column][\/vc_row]<\/p>\n<\/div>"},"excerpt":{"rendered":"<p>[vc_row][vc_column][vc_single_image image=&#8221;3194&#8243; img_size=&#8221;medium&#8221; alignment=&#8221;center&#8221; css=&#8221;.vc_custom_1590010128426{margin-bottom: 0px !important;}&#8221;][vc_column_text] Od\u00f9 Ofun Osa (Ofun saa) [\/vc_column_text][\/vc_column][\/vc_row][vc_row full_width=&#8221;stretch_row&#8221;][vc_column width=&#8221;1\/6&#8243; offset=&#8221;vc_hidden-sm vc_hidden-xs&#8221;][\/vc_column][vc_column width=&#8221;1\/2&#8243; offset=&#8221;vc_col-md-4&#8243;][vc_column_text css=&#8221;.vc_custom_1590254037093{margin-bottom: 0px !important;}&#8221;] Yor\u00f9b\u00e1 Ofun sa a<span class=\"excerpt-hellip\"> [\u2026]<\/span><\/p>\n","protected":false},"author":1,"featured_media":2208,"parent":3637,"menu_order":0,"comment_status":"open","ping_status":"closed","template":"","meta":{"footnotes":""},"categories":[2712],"class_list":["post-3646","page","type-page","status-publish","has-post-thumbnail","hentry","category-oke-itase-en"],"yoast_head":"<!-- This site is optimized with the Yoast SEO Premium plugin v25.2 (Yoast SEO v27.4) - https:\/\/yoast.com\/product\/yoast-seo-premium-wordpress\/ -->\n<title>Oke Itase 2015: sign of If\u00e1 revealed Ofun Saa - Il\u00e9 Awo<\/title>\n<meta name=\"description\" content=\"Ofun Saa is the sign revealed at the Oke Itase 2015, the global If\u00e1 divination that took place at Ile Ife. We reveal exclusively what Ifa says.\" \/>\n<meta name=\"robots\" content=\"index, follow, max-snippet:-1, max-image-preview:large, max-video-preview:-1\" \/>\n<link rel=\"canonical\" href=\"https:\/\/ileawo.com\/en\/oke-itase-world-divination\/oke-itase-2015\/\" \/>\n<meta property=\"og:locale\" content=\"en_US\" \/>\n<meta property=\"og:type\" content=\"article\" \/>\n<meta property=\"og:title\" content=\"Oke Itase 2015 \u2013 World divination 2015 | Il\u00e9 Ife Nigeria\" \/>\n<meta property=\"og:description\" content=\"Ofun Saa is the sign revealed at the Oke Itase 2015, the global If\u00e1 divination that took place at Ile Ife. We reveal exclusively what Ifa says.\" \/>\n<meta property=\"og:url\" content=\"https:\/\/ileawo.com\/en\/oke-itase-world-divination\/oke-itase-2015\/\" \/>\n<meta property=\"og:site_name\" content=\"Il\u00e9 Awo\" \/>\n<meta property=\"article:publisher\" content=\"https:\/\/www.facebook.com\/ifabiyii\" \/>\n<meta property=\"article:modified_time\" content=\"2022-05-19T10:36:15+00:00\" \/>\n<meta property=\"og:image\" content=\"http:\/\/ileawo.com\/wp-content\/uploads\/2020\/05\/oke-itase-2015-4.jpg\" \/>\n\t<meta property=\"og:image:width\" content=\"1200\" \/>\n\t<meta property=\"og:image:height\" content=\"633\" \/>\n\t<meta property=\"og:image:type\" content=\"image\/jpeg\" \/>\n<meta name=\"twitter:card\" content=\"summary_large_image\" \/>\n<meta name=\"twitter:site\" content=\"@ifabiyii\" \/>\n<!-- \/ Yoast SEO Premium plugin. -->","yoast_head_json":{"title":"Oke Itase 2015: sign of If\u00e1 revealed Ofun Saa - Il\u00e9 Awo","description":"Ofun Saa is the sign revealed at the Oke Itase 2015, the global If\u00e1 divination that took place at Ile Ife. We reveal exclusively what Ifa says.","robots":{"index":"index","follow":"follow","max-snippet":"max-snippet:-1","max-image-preview":"max-image-preview:large","max-video-preview":"max-video-preview:-1"},"canonical":"https:\/\/ileawo.com\/en\/oke-itase-world-divination\/oke-itase-2015\/","og_locale":"en_US","og_type":"article","og_title":"Oke Itase 2015 \u2013 World divination 2015 | Il\u00e9 Ife Nigeria","og_description":"Ofun Saa is the sign revealed at the Oke Itase 2015, the global If\u00e1 divination that took place at Ile Ife. We reveal exclusively what Ifa says.","og_url":"https:\/\/ileawo.com\/en\/oke-itase-world-divination\/oke-itase-2015\/","og_site_name":"Il\u00e9 Awo","article_publisher":"https:\/\/www.facebook.com\/ifabiyii","article_modified_time":"2022-05-19T10:36:15+00:00","og_image":[{"width":1200,"height":633,"url":"http:\/\/ileawo.com\/wp-content\/uploads\/2020\/05\/oke-itase-2015-4.jpg","type":"image\/jpeg"}],"twitter_card":"summary_large_image","twitter_site":"@ifabiyii","schema":{"@context":"https:\/\/schema.org","@graph":[{"@type":"Article","@id":"https:\/\/ileawo.com\/en\/oke-itase-world-divination\/oke-itase-2015\/#article","isPartOf":{"@id":"https:\/\/ileawo.com\/en\/oke-itase-world-divination\/oke-itase-2015\/"},"author":{"name":"If\u00e1b\u00edy\u00ec\u00ed Ak\u00f3d\u00e0","@id":"http:\/\/ileawo.com\/en\/#\/schema\/person\/5b4d3af5a9aa8f02fe88dbeb048ef64a"},"headline":"Oke Itase 2015 \u2013 World divination 2015 | Il\u00e9 Ife Nigeria","datePublished":"2015-06-06T22:00:00+00:00","dateModified":"2022-05-19T10:36:15+00:00","mainEntityOfPage":{"@id":"https:\/\/ileawo.com\/en\/oke-itase-world-divination\/oke-itase-2015\/"},"wordCount":883,"commentCount":0,"publisher":{"@id":"http:\/\/ileawo.com\/en\/#organization"},"image":{"@id":"https:\/\/ileawo.com\/en\/oke-itase-world-divination\/oke-itase-2015\/#primaryimage"},"thumbnailUrl":"https:\/\/ileawo.com\/wp-content\/uploads\/2020\/05\/oke-itase-2015-4.jpg","articleSection":["Oke Itase"],"inLanguage":"en-US","potentialAction":[{"@type":"CommentAction","name":"Comment","target":["https:\/\/ileawo.com\/en\/oke-itase-world-divination\/oke-itase-2015\/#respond"]}]},{"@type":"WebPage","@id":"https:\/\/ileawo.com\/en\/oke-itase-world-divination\/oke-itase-2015\/","url":"https:\/\/ileawo.com\/en\/oke-itase-world-divination\/oke-itase-2015\/","name":"Oke Itase 2015: sign of If\u00e1 revealed Ofun Saa - Il\u00e9 Awo","isPartOf":{"@id":"http:\/\/ileawo.com\/en\/#website"},"primaryImageOfPage":{"@id":"https:\/\/ileawo.com\/en\/oke-itase-world-divination\/oke-itase-2015\/#primaryimage"},"image":{"@id":"https:\/\/ileawo.com\/en\/oke-itase-world-divination\/oke-itase-2015\/#primaryimage"},"thumbnailUrl":"https:\/\/ileawo.com\/wp-content\/uploads\/2020\/05\/oke-itase-2015-4.jpg","datePublished":"2015-06-06T22:00:00+00:00","dateModified":"2022-05-19T10:36:15+00:00","description":"Ofun Saa is the sign revealed at the Oke Itase 2015, the global If\u00e1 divination that took place at Ile Ife. We reveal exclusively what Ifa says.","breadcrumb":{"@id":"https:\/\/ileawo.com\/en\/oke-itase-world-divination\/oke-itase-2015\/#breadcrumb"},"inLanguage":"en-US","potentialAction":[{"@type":"ReadAction","target":["https:\/\/ileawo.com\/en\/oke-itase-world-divination\/oke-itase-2015\/"]}]},{"@type":"ImageObject","inLanguage":"en-US","@id":"https:\/\/ileawo.com\/en\/oke-itase-world-divination\/oke-itase-2015\/#primaryimage","url":"https:\/\/ileawo.com\/wp-content\/uploads\/2020\/05\/oke-itase-2015-4.jpg","contentUrl":"https:\/\/ileawo.com\/wp-content\/uploads\/2020\/05\/oke-itase-2015-4.jpg","width":1200,"height":633,"caption":"Oke Itase 2015"},{"@type":"BreadcrumbList","@id":"https:\/\/ileawo.com\/en\/oke-itase-world-divination\/oke-itase-2015\/#breadcrumb","itemListElement":[{"@type":"ListItem","position":1,"name":"Home","item":"https:\/\/ileawo.com\/en\/"},{"@type":"ListItem","position":2,"name":"Oke Itase","item":"http:\/\/ileawo.com\/en\/oke-itase-world-divination\/"},{"@type":"ListItem","position":3,"name":"Oke Itase 2015 \u2013 World divination 2015 | Il\u00e9 Ife Nigeria"}]},{"@type":"WebSite","@id":"http:\/\/ileawo.com\/en\/#website","url":"http:\/\/ileawo.com\/en\/","name":"Il\u00e9 Awo","description":"","publisher":{"@id":"http:\/\/ileawo.com\/en\/#organization"},"potentialAction":[{"@type":"SearchAction","target":{"@type":"EntryPoint","urlTemplate":"http:\/\/ileawo.com\/en\/?s={search_term_string}"},"query-input":{"@type":"PropertyValueSpecification","valueRequired":true,"valueName":"search_term_string"}}],"inLanguage":"en-US"},{"@type":"Organization","@id":"http:\/\/ileawo.com\/en\/#organization","name":"Il\u00e9 Awo","url":"http:\/\/ileawo.com\/en\/","logo":{"@type":"ImageObject","inLanguage":"en-US","@id":"http:\/\/ileawo.com\/en\/#\/schema\/logo\/image\/","url":"https:\/\/ileawo.com\/wp-content\/uploads\/revslider\/Bienvenido\/Logo-Ile-Awo-20201.png","contentUrl":"https:\/\/ileawo.com\/wp-content\/uploads\/revslider\/Bienvenido\/Logo-Ile-Awo-20201.png","width":500,"height":155,"caption":"Il\u00e9 Awo"},"image":{"@id":"http:\/\/ileawo.com\/en\/#\/schema\/logo\/image\/"},"sameAs":["https:\/\/www.facebook.com\/ifabiyii","https:\/\/x.com\/ifabiyii","https:\/\/www.instagram.com\/ifabiyii_akoda\/"]},{"@type":"Person","@id":"http:\/\/ileawo.com\/en\/#\/schema\/person\/5b4d3af5a9aa8f02fe88dbeb048ef64a","name":"If\u00e1b\u00edy\u00ec\u00ed Ak\u00f3d\u00e0","image":{"@type":"ImageObject","inLanguage":"en-US","@id":"https:\/\/secure.gravatar.com\/avatar\/07530fd5fec1f19247b6ca33a6f419284691fff29c8857d86ea771d943bdba08?s=96&d=mm&r=g","url":"https:\/\/secure.gravatar.com\/avatar\/07530fd5fec1f19247b6ca33a6f419284691fff29c8857d86ea771d943bdba08?s=96&d=mm&r=g","contentUrl":"https:\/\/secure.gravatar.com\/avatar\/07530fd5fec1f19247b6ca33a6f419284691fff29c8857d86ea771d943bdba08?s=96&d=mm&r=g","caption":"If\u00e1b\u00edy\u00ec\u00ed Ak\u00f3d\u00e0"},"sameAs":["https:\/\/ileawo.com\/"]}]}},"_links":{"self":[{"href":"https:\/\/ileawo.com\/en\/wp-json\/wp\/v2\/pages\/3646","targetHints":{"allow":["GET"]}}],"collection":[{"href":"https:\/\/ileawo.com\/en\/wp-json\/wp\/v2\/pages"}],"about":[{"href":"https:\/\/ileawo.com\/en\/wp-json\/wp\/v2\/types\/page"}],"author":[{"embeddable":true,"href":"https:\/\/ileawo.com\/en\/wp-json\/wp\/v2\/users\/1"}],"replies":[{"embeddable":true,"href":"https:\/\/ileawo.com\/en\/wp-json\/wp\/v2\/comments?post=3646"}],"version-history":[{"count":0,"href":"https:\/\/ileawo.com\/en\/wp-json\/wp\/v2\/pages\/3646\/revisions"}],"up":[{"embeddable":true,"href":"https:\/\/ileawo.com\/en\/wp-json\/wp\/v2\/pages\/3637"}],"wp:featuredmedia":[{"embeddable":true,"href":"https:\/\/ileawo.com\/en\/wp-json\/wp\/v2\/media\/2208"}],"wp:attachment":[{"href":"https:\/\/ileawo.com\/en\/wp-json\/wp\/v2\/media?parent=3646"}],"wp:term":[{"taxonomy":"category","embeddable":true,"href":"https:\/\/ileawo.com\/en\/wp-json\/wp\/v2\/categories?post=3646"}],"curies":[{"name":"wp","href":"https:\/\/api.w.org\/{rel}","templated":true}]}}