{"id":3637,"date":"2019-10-26T00:00:00","date_gmt":"2019-10-25T22:00:00","guid":{"rendered":"https:\/\/ileawo.com\/oke-itase-letra-ano\/"},"modified":"2023-06-04T00:41:47","modified_gmt":"2023-06-03T22:41:47","slug":"oke-itase-world-divination","status":"publish","type":"page","link":"https:\/\/ileawo.com\/en\/oke-itase-world-divination\/","title":{"rendered":"Oke Itase"},"content":{"rendered":"<div class=\"wpb-content-wrapper\"><p>[vc_row css=&#8221;.vc_custom_1572174624836{margin-top: 60px !important;margin-bottom: 40px !important;}&#8221; el_class=&#8221;first-row&#8221;][vc_column width=&#8221;1\/6&#8243; offset=&#8221;vc_hidden-sm vc_hidden-xs&#8221;][\/vc_column][vc_column offset=&#8221;vc_col-md-8&#8243;][vc_column_text]<\/p>\n<p style=\"text-align: center;\">Oke Itase or letter of the year (as it is known in Latin America) is the world If\u00e1 divination that is celebrated every first Saturday in June in Il\u00e9 Ife, the Yoruba capital of Nigeria. For several days, Babalawos from all lineages in Nigeria came to Il\u00e9 Ife to participate in the ceremonies before divination and to know the messages brought by <a href=\"https:\/\/ileawo.com\/en\/orisa-yoruba\/orunmila-orula\/\">Orunmila<\/a> throughout the year. These ceremonies are based on ancient rituals and are still practiced today.<\/p>\n<p>[\/vc_column_text][\/vc_column][vc_column width=&#8221;1\/6&#8243; offset=&#8221;vc_hidden-sm vc_hidden-xs&#8221;][\/vc_column][\/vc_row][vc_row full_width=&#8221;stretch_row&#8221; content_placement=&#8221;middle&#8221; bg_type=&#8221;bg_color&#8221; css=&#8221;.vc_custom_1589975747395{padding-top: 60px !important;padding-bottom: 30px !important;background-color: #f6f6f6 !important;}&#8221; bg_color_value=&#8221;#f6f6f6&#8243;][vc_column css=&#8221;.vc_custom_1572653460432{padding-top: 0px !important;}&#8221; offset=&#8221;vc_col-md-4&#8243;][vc_single_image image=&#8221;873&#8243; img_size=&#8221;469&#215;600&#8243; alignment=&#8221;center&#8221; css=&#8221;.vc_custom_1589983727862{margin-bottom: 0px !important;}&#8221;][\/vc_column][vc_column css=&#8221;.vc_custom_1572653449531{padding-top: 0px !important;}&#8221; offset=&#8221;vc_col-md-8&#8243;][vc_column_text]<\/p>\n<h2 style=\"text-align: center;\">Reverence to If\u00e1<\/h2>\n<p>For several days before the Oke Itase or letter of the year, the babalawos make the subsequent offerings to perform <a href=\"https:\/\/ileawo.com\/en\/practice-ifa-traditional\/ifa-divination\/\">divination<\/a> that encompasses the entire world. One of the main ceremonies that take place is to bow and offer obi to Ope, the first palm tree, which, according to mythology, was the ikins used by Orunmila himself, with whom he made divinations.<\/p>\n<p>The Araba de Ile Ife is the one who directs all the divination, performed by the minor babalawo of the recently renovated If\u00e1 temple in Il\u00e9 Ife. Once the <a href=\"https:\/\/onelink.to\/ojuodu\">Odu<\/a> is obtained, the elder babalawos talk about the message brought by If\u00e1 in the revealed Od\u00f9, and then perform the ceremonies that allow him to cleanse it.<\/p>\n<p>Like the thousands of people who come to Il\u00e9 Ife to participate, devotees and practitioners of the traditional If\u00e1 religion from all over the world must do the ebo and the ceremonies, and also take into account all the advice that is given during the current year.[\/vc_column_text][\/vc_column][\/vc_row][vc_row][vc_column width=&#8221;1\/6&#8243; offset=&#8221;vc_hidden-sm vc_hidden-xs&#8221;][\/vc_column][vc_column offset=&#8221;vc_col-md-8&#8243;][vc_column_text]<\/p>\n<h2 style=\"text-align: center;\">The last world If\u00e1 divinations<\/h2>\n<p style=\"text-align: center;\">For years, we have published the recommendations of Oke Itase, Nigeria&#8217;s World If\u00e1 divination. Here you can see the If\u00e1 Od\u00f9 revealed in recent years. If you want more information about the ceremonies, we invite you to <a href=\"https:\/\/ileawo.com\/en\/contact\/\">contact us<\/a>.<\/p>\n<p>[\/vc_column_text][\/vc_column][vc_column width=&#8221;1\/6&#8243; offset=&#8221;vc_hidden-sm vc_hidden-xs&#8221;][\/vc_column][\/vc_row][vc_row full_width=&#8221;stretch_row_content_no_spaces&#8221; css=&#8221;.vc_custom_1622943463007{margin-top: 0px !important;margin-right: 0px !important;margin-bottom: 0px !important;margin-left: 0px !important;border-top-width: 0px !important;border-right-width: 0px !important;border-bottom-width: 0px !important;border-left-width: 0px !important;padding-top: 0px !important;padding-right: 0px !important;padding-bottom: 0px !important;padding-left: 0px !important;}&#8221;][vc_column width=&#8221;1\/2&#8243; css=&#8221;.vc_custom_1685831461798{margin-top: 0px !important;margin-right: 0px !important;margin-bottom: 0px !important;margin-left: 0px !important;border-top-width: 0px !important;border-right-width: 0px !important;border-bottom-width: 0px !important;border-left-width: 0px !important;padding-top: 0px !important;padding-right: 0px !important;padding-bottom: 0px !important;padding-left: 0px !important;}&#8221; offset=&#8221;vc_col-lg-3 vc_col-md-4&#8243;][vc_raw_html]JTNDZGl2JTIwY2xhc3MlM0QlMjJpbWFnZS1jb250YWluZXIlMjIlM0UlMEElMDklM0NhJTIwaHJlZiUzRCUyMmh0dHBzJTNBJTJGJTJGaWxlYXdvLmNvbSUyRmVuJTJGb2tlLWl0YXNlLXdvcmxkLWRpdmluYXRpb24lMkZva2UtaXRhc2UtMjAyMyUyRiUyMiUzRSUwQSUyMCUyMCUwOSUzQ2ltZyUyMHNyYyUzRCUyMiUyRndwLWNvbnRlbnQlMkZ1cGxvYWRzJTJGMjAyMiUyRjA0JTJGT2tlLUl0YXNlLTIwMjMtMS5qcGclMjIlMjBhbHQlM0QlMjJPa2UlMjBJdGFzZSUyMDIwMjMlMjIlMjBzdHlsZSUzRCUyMndpZHRoJTNBMTAwJTI1JTNCJTIyJTNFJTBBJTIwJTIwJTA5JTNDZGl2JTIwY2xhc3MlM0QlMjJ0ZXh0LWJvdHRvbS1sZWZ0JTIyJTNFJTNDaDMlMjBzdHlsZSUzRCUyMmNvbG9yJTNBJTIwJTIzZmZmZmZmJTNCJTIwbWFyZ2luJTNBJTIwMCUzQiUyMiUzRU9rZSUyMEl0YXNlJTIwMjAyMyUzQyUyRmgzJTNFJTNDJTJGZGl2JTNFJTBBJTIwJTIwJTIwJTIwJTNDJTJGYSUzRSUwQSUzQyUyRmRpdiUzRQ==[\/vc_raw_html][\/vc_column][vc_column width=&#8221;1\/2&#8243; css=&#8221;.vc_custom_1622944018100{margin-top: 0px !important;margin-right: 0px !important;margin-bottom: 0px !important;margin-left: 0px !important;border-top-width: 0px !important;border-right-width: 0px !important;border-bottom-width: 0px !important;border-left-width: 0px !important;padding-top: 0px !important;padding-right: 0px !important;padding-bottom: 0px !important;padding-left: 0px !important;}&#8221; offset=&#8221;vc_col-lg-3 vc_col-md-4&#8243;][vc_raw_html]JTNDZGl2JTIwY2xhc3MlM0QlMjJpbWFnZS1jb250YWluZXIlMjIlM0UlMEElMDklM0NhJTIwaHJlZiUzRCUyMmh0dHBzJTNBJTJGJTJGaWxlYXdvLmNvbSUyRmVuJTJGb2tlLWl0YXNlLXdvcmxkLWRpdmluYXRpb24lMkZva2UtaXRhc2UtMjAyMiUyRiUyMiUzRSUwQSUyMCUyMCUwOSUzQ2ltZyUyMHNyYyUzRCUyMiUyRndwLWNvbnRlbnQlMkZ1cGxvYWRzJTJGMjAyMiUyRjA2JTJGT2tlLUl0YXNlLTIwMjItMTEucG5nJTIyJTIwYWx0JTNEJTIyT2tlJTIwSXRhc2UlMjAyMDIyJTIyJTIwc3R5bGUlM0QlMjJ3aWR0aCUzQTEwMCUyNSUzQiUyMiUzRSUwQSUyMCUyMCUwOSUzQ2RpdiUyMGNsYXNzJTNEJTIydGV4dC1ib3R0b20tbGVmdCUyMiUzRSUzQ2gzJTIwc3R5bGUlM0QlMjJjb2xvciUzQSUyMCUyM2ZmZmZmZiUzQiUyMG1hcmdpbiUzQSUyMDAlM0IlMjIlM0VPa2UlMjBJdGFzZSUyMDIwMjIlM0MlMkZoMyUzRSUzQyUyRmRpdiUzRSUwQSUyMCUyMCUyMCUyMCUzQyUyRmElM0UlMEElM0MlMkZkaXYlM0U=[\/vc_raw_html][\/vc_column][vc_column width=&#8221;1\/2&#8243; css=&#8221;.vc_custom_1622944027286{margin-top: 0px !important;margin-right: 0px !important;margin-bottom: 0px !important;margin-left: 0px !important;padding-top: 0px !important;padding-right: 0px !important;padding-bottom: 0px !important;padding-left: 0px !important;}&#8221; offset=&#8221;vc_col-lg-3 vc_col-md-4&#8243;][vc_raw_html]JTNDZGl2JTIwY2xhc3MlM0QlMjJpbWFnZS1jb250YWluZXIlMjIlM0UlMEElMDklM0NhJTIwaHJlZiUzRCUyMiUyRmVuJTJGb2tlLWl0YXNlLXdvcmxkLWRpdmluYXRpb24lMkZva2UtaXRhc2UtMjAyMSUyRiUyMiUzRSUwQSUyMCUyMCUwOSUzQ2ltZyUyMHNyYyUzRCUyMmh0dHBzJTNBJTJGJTJGaWxlYXdvLmNvbSUyRndwLWNvbnRlbnQlMkZ1cGxvYWRzJTJGMjAyMSUyRjA2JTJGb2tlLWl0YXNlLTIwMjEtaWxlLWlmZS5qcGclMjIlMjBhbHQlM0QlMjJPa2UlMjBJdGFzZSUyMDIwMjElMjIlMjBzdHlsZSUzRCUyMndpZHRoJTNBMTAwJTI1JTNCJTIyJTNFJTBBJTIwJTIwJTA5JTNDZGl2JTIwY2xhc3MlM0QlMjJ0ZXh0LWJvdHRvbS1sZWZ0JTIyJTNFJTNDaDMlMjBzdHlsZSUzRCUyMmNvbG9yJTNBJTIwJTIzZmZmZmZmJTNCJTIwbWFyZ2luJTNBJTIwMCUzQiUyMiUzRU9rZSUyMEl0YXNlJTIwMjAyMSUzQyUyRmgzJTNFJTNDJTJGZGl2JTNFJTBBJTIwJTIwJTIwJTIwJTNDJTJGYSUzRSUwQSUzQyUyRmRpdiUzRQ==[\/vc_raw_html][\/vc_column][vc_column width=&#8221;1\/2&#8243; css=&#8221;.vc_custom_1622944036499{margin-top: 0px !important;margin-right: 0px !important;margin-bottom: 0px !important;margin-left: 0px !important;border-top-width: 0px !important;border-right-width: 0px !important;border-bottom-width: 0px !important;border-left-width: 0px !important;padding-top: 0px !important;padding-right: 0px !important;padding-bottom: 0px !important;padding-left: 0px !important;}&#8221; offset=&#8221;vc_col-lg-3 vc_col-md-4&#8243;][vc_raw_html]JTNDZGl2JTIwY2xhc3MlM0QlMjJpbWFnZS1jb250YWluZXIlMjIlM0UlMEElMDklM0NhJTIwaHJlZiUzRCUyMiUyRmVuJTJGb2tlLWl0YXNlLXdvcmxkLWRpdmluYXRpb24lMkZva2UtaXRhc2UtMjAyMCUyRiUyMiUzRSUwQSUyMCUyMCUwOSUzQ2ltZyUyMHNyYyUzRCUyMiUyRndwLWNvbnRlbnQlMkZ1cGxvYWRzJTJGMjAyMCUyRjA2JTJGT2tlLUl0YXNlLTIwMjAucG5nJTIyJTIwYWx0JTNEJTIyT2tlJTIwSXRhc2UlMjAyMDIwJTIyJTIwc3R5bGUlM0QlMjJ3aWR0aCUzQTEwMCUyNSUzQiUyMiUzRSUwQSUyMCUyMCUwOSUzQ2RpdiUyMGNsYXNzJTNEJTIydGV4dC1ib3R0b20tbGVmdCUyMiUzRSUzQ2gzJTIwc3R5bGUlM0QlMjJjb2xvciUzQSUyMCUyM2ZmZmZmZiUzQiUyMG1hcmdpbiUzQSUyMDAlM0IlMjIlM0VPa2UlMjBJdGFzZSUyMDIwMjAlM0MlMkZoMyUzRSUzQyUyRmRpdiUzRSUwQSUyMCUyMCUyMCUyMCUzQyUyRmElM0UlMEElM0MlMkZkaXYlM0U=[\/vc_raw_html][\/vc_column][vc_column width=&#8221;1\/2&#8243; css=&#8221;.vc_custom_1622944045657{margin-top: 0px !important;margin-right: 0px !important;margin-bottom: 0px !important;margin-left: 0px !important;border-top-width: 0px !important;border-right-width: 0px !important;border-bottom-width: 0px !important;border-left-width: 0px !important;padding-top: 0px !important;padding-right: 0px !important;padding-bottom: 0px !important;padding-left: 0px !important;}&#8221; offset=&#8221;vc_col-lg-3 vc_col-md-4&#8243;][vc_raw_html]JTNDZGl2JTIwY2xhc3MlM0QlMjJpbWFnZS1jb250YWluZXIlMjIlM0UlMEElMDklM0NhJTIwaHJlZiUzRCUyMmh0dHBzJTNBJTJGJTJGaWxlYXdvLmNvbSUyRmVuJTJGb2tlLWl0YXNlLXdvcmxkLWRpdmluYXRpb24lMkZva2UtaXRhc2UtMjAxOSUyRiUyMiUzRSUwQSUyMCUyMCUwOSUzQ2ltZyUyMHNyYyUzRCUyMiUyRndwLWNvbnRlbnQlMkZ1cGxvYWRzJTJGMjAyMCUyRjA1JTJGbGV0cmEtZGVsLWFuJUNDJTgzby1va2UtaXRhc2UtMjAxOS0xLmpwZyUyMiUyMGFsdCUzRCUyMk9rZSUyMEl0YXNlJTIwMjAxOCUyMiUyMHN0eWxlJTNEJTIyd2lkdGglM0ExMDAlMjUlM0IlMjIlM0UlMEElMjAlMjAlMDklM0NkaXYlMjBjbGFzcyUzRCUyMnRleHQtYm90dG9tLWxlZnQlMjIlM0UlM0NoMyUyMHN0eWxlJTNEJTIyY29sb3IlM0ElMjAlMjNmZmZmZmYlM0IlMjBtYXJnaW4lM0ElMjAwJTNCJTIyJTNFT2tlJTIwSXRhc2UlMjAyMDE5JTNDJTJGaDMlM0UlM0MlMkZkaXYlM0UlMEElMjAlMjAlMjAlMjAlM0MlMkZhJTNFJTBBJTNDJTJGZGl2JTNF[\/vc_raw_html][\/vc_column][vc_column width=&#8221;1\/2&#8243; css=&#8221;.vc_custom_1622944054708{margin-top: 0px !important;margin-right: 0px !important;margin-bottom: 0px !important;margin-left: 0px !important;border-top-width: 0px !important;border-right-width: 0px !important;border-bottom-width: 0px !important;border-left-width: 0px !important;padding-top: 0px !important;padding-right: 0px !important;padding-bottom: 0px !important;padding-left: 0px !important;}&#8221; offset=&#8221;vc_col-lg-3 vc_col-md-4&#8243;][vc_raw_html]JTNDZGl2JTIwY2xhc3MlM0QlMjJpbWFnZS1jb250YWluZXIlMjIlM0UlMEElMDklM0NhJTIwaHJlZiUzRCUyMmh0dHBzJTNBJTJGJTJGaWxlYXdvLmNvbSUyRmVuJTJGb2tlLWl0YXNlLXdvcmxkLWRpdmluYXRpb24lMkZva2UtaXRhc2UtMjAyMiUyRiUyMiUzRSUwQSUyMCUyMCUwOSUzQ2ltZyUyMHNyYyUzRCUyMiUyRndwLWNvbnRlbnQlMkZ1cGxvYWRzJTJGMjAyMCUyRjA1JTJGb2tlLUl0YXNlLTIwMTgtSWxlLWlmZS5qcGclMjIlMjBhbHQlM0QlMjJPa2UlMjBJdGFzZSUyMDIwMTglMjIlMjBzdHlsZSUzRCUyMndpZHRoJTNBMTAwJTI1JTNCJTIyJTNFJTBBJTIwJTIwJTA5JTNDZGl2JTIwY2xhc3MlM0QlMjJ0ZXh0LWJvdHRvbS1sZWZ0JTIyJTNFJTNDaDMlMjBzdHlsZSUzRCUyMmNvbG9yJTNBJTIwJTIzZmZmZmZmJTNCJTIwbWFyZ2luJTNBJTIwMCUzQiUyMiUzRU9rZSUyMEl0YXNlJTIwMjAxOCUzQyUyRmgzJTNFJTNDJTJGZGl2JTNFJTBBJTIwJTIwJTIwJTIwJTNDJTJGYSUzRSUwQSUzQyUyRmRpdiUzRQ==[\/vc_raw_html][\/vc_column][vc_column width=&#8221;1\/2&#8243; offset=&#8221;vc_col-lg-3 vc_col-md-4&#8243; css=&#8221;.vc_custom_1622944063269{margin-top: 0px !important;margin-right: 0px !important;margin-bottom: 0px !important;margin-left: 0px !important;padding-top: 0px !important;padding-right: 0px !important;padding-bottom: 0px !important;padding-left: 0px !important;}&#8221;][vc_raw_html]JTNDZGl2JTIwY2xhc3MlM0QlMjJpbWFnZS1jb250YWluZXIlMjIlM0UlMEElMDklM0NhJTIwaHJlZiUzRCUyMmh0dHBzJTNBJTJGJTJGaWxlYXdvLmNvbSUyRmVuJTJGb2tlLWl0YXNlLXdvcmxkLWRpdmluYXRpb24lMkZva2UtaXRhc2UtMjAxNyUyRiUyMiUzRSUwQSUyMCUyMCUwOSUzQ2ltZyUyMHNyYyUzRCUyMiUyRndwLWNvbnRlbnQlMkZ1cGxvYWRzJTJGMjAyMCUyRjA1JTJGb2tlLWl0YXNlLTIwMTcuanBnJTIyJTIwYWx0JTNEJTIyT2tlJTIwSXRhc2UlMjAyMDE3JTIyJTIwc3R5bGUlM0QlMjJ3aWR0aCUzQTEwMCUyNSUzQiUyMiUzRSUwQSUyMCUyMCUwOSUzQ2RpdiUyMGNsYXNzJTNEJTIydGV4dC1ib3R0b20tbGVmdCUyMiUzRSUzQ2gzJTIwc3R5bGUlM0QlMjJjb2xvciUzQSUyMCUyM2ZmZmZmZiUzQiUyMG1hcmdpbiUzQSUyMDAlM0IlMjIlM0VPa2UlMjBJdGFzZSUyMDIwMTclM0MlMkZoMyUzRSUzQyUyRmRpdiUzRSUwQSUyMCUyMCUyMCUyMCUzQyUyRmElM0UlMEElM0MlMkZkaXYlM0U=[\/vc_raw_html][\/vc_column][vc_column width=&#8221;1\/2&#8243; css=&#8221;.vc_custom_1652956332866{margin-top: 0px !important;margin-right: 0px !important;margin-bottom: 0px !important;margin-left: 0px !important;padding-top: 0px !important;padding-right: 0px !important;padding-bottom: 0px !important;padding-left: 0px !important;}&#8221; offset=&#8221;vc_col-lg-3 vc_col-md-3&#8243;][vc_raw_html]JTNDZGl2JTIwY2xhc3MlM0QlMjJpbWFnZS1jb250YWluZXIlMjIlM0UlMEElMDklM0NhJTIwaHJlZiUzRCUyMmh0dHBzJTNBJTJGJTJGaWxlYXdvLmNvbSUyRmVuJTJGb2tlLWl0YXNlLXdvcmxkLWRpdmluYXRpb24lMkZva2UtaXRhc2UtMjAxNiUyRiUyMiUzRSUwQSUyMCUyMCUwOSUzQ2ltZyUyMHNyYyUzRCUyMiUyRndwLWNvbnRlbnQlMkZ1cGxvYWRzJTJGMjAyMCUyRjA1JTJGT2tlLUl0YXNlLTIwMTYuanBnJTIyJTIwYWx0JTNEJTIyT2tlJTIwSXRhc2UlMjAyMDE2JTIyJTIwc3R5bGUlM0QlMjJ3aWR0aCUzQTEwMCUyNSUzQiUyMiUzRSUwQSUyMCUyMCUwOSUzQ2RpdiUyMGNsYXNzJTNEJTIydGV4dC1ib3R0b20tbGVmdCUyMiUzRSUzQ2gzJTIwc3R5bGUlM0QlMjJjb2xvciUzQSUyMCUyM2ZmZmZmZiUzQiUyMG1hcmdpbiUzQSUyMDAlM0IlMjIlM0VPa2UlMjBJdGFzZSUyMDIwMTYlM0MlMkZoMyUzRSUzQyUyRmRpdiUzRSUwQSUyMCUyMCUyMCUyMCUzQyUyRmElM0UlMEElM0MlMkZkaXYlM0U=[\/vc_raw_html][\/vc_column][vc_column width=&#8221;1\/2&#8243; css=&#8221;.vc_custom_1685831485823{margin: 0px !important;padding: 0px !important;border: 0px initial  !important;}&#8221; offset=&#8221;vc_col-lg-3 vc_col-md-4&#8243;][vc_raw_html]JTNDZGl2JTIwY2xhc3MlM0QlMjJpbWFnZS1jb250YWluZXIlMjIlM0UlMEElMDklM0NhJTIwaHJlZiUzRCUyMmh0dHBzJTNBJTJGJTJGaWxlYXdvLmNvbSUyRmVuJTJGb2tlLWl0YXNlLXdvcmxkLWRpdmluYXRpb24lMkZva2UtaXRhc2UtMjAxNSUyRiUyMiUzRSUwQSUyMCUyMCUwOSUzQ2ltZyUyMHNyYyUzRCUyMiUyRndwLWNvbnRlbnQlMkZ1cGxvYWRzJTJGMjAyMCUyRjA1JTJGT2tlLUl0YXNlLTIwMTUuanBnJTIyJTIwYWx0JTNEJTIyT2tlJTIwSXRhc2UlMjAyMDE1JTIyJTIwc3R5bGUlM0QlMjJ3aWR0aCUzQTEwMCUyNSUzQiUyMiUzRSUwQSUyMCUyMCUwOSUzQ2RpdiUyMGNsYXNzJTNEJTIydGV4dC1ib3R0b20tbGVmdCUyMiUzRSUzQ2gzJTIwc3R5bGUlM0QlMjJjb2xvciUzQSUyMCUyM2ZmZmZmZiUzQiUyMG1hcmdpbiUzQSUyMDAlM0IlMjIlM0VPa2UlMjBJdGFzZSUyMDIwMTUlM0MlMkZoMyUzRSUzQyUyRmRpdiUzRSUwQSUyMCUyMCUyMCUyMCUzQyUyRmElM0UlMEElM0MlMkZkaXYlM0U=[\/vc_raw_html][\/vc_column][\/vc_row][vc_row full_width=&#8221;stretch_row&#8221; content_placement=&#8221;middle&#8221; bg_type=&#8221;bg_color&#8221; bg_override=&#8221;ex-full&#8221; bg_color_value=&#8221;#4e89d5&#8243; el_class=&#8221;banner-2&#8243; css=&#8221;.vc_custom_1589988594460{background-color: #4e89d5 !important;}&#8221;][vc_column width=&#8221;2\/3&#8243;][vc_column_text el_class=&#8221;banner-text&#8221;]Always carry the Letter of the Year with the If\u00e1 Traditional Pro application[\/vc_column_text][\/vc_column][vc_column width=&#8221;1\/3&#8243;][vc_column_text css_animation=&#8221;bounceIn&#8221;]<\/p>\n<p style=\"text-align: center;\"><a class=\"custom-buttons-alternative\" href=\"https:\/\/onelink.to\/ifapro\">Download<\/a><\/p>\n<p>[\/vc_column_text][\/vc_column][\/vc_row]<\/p>\n<\/div>"},"excerpt":{"rendered":"<p>[vc_row css=&#8221;.vc_custom_1572174624836{margin-top: 60px !important;margin-bottom: 40px !important;}&#8221; el_class=&#8221;first-row&#8221;][vc_column width=&#8221;1\/6&#8243; offset=&#8221;vc_hidden-sm vc_hidden-xs&#8221;][\/vc_column][vc_column offset=&#8221;vc_col-md-8&#8243;][vc_column_text] Oke Itase or letter of the year (as it is known in Latin America) is<span class=\"excerpt-hellip\"> [\u2026]<\/span><\/p>\n","protected":false},"author":1,"featured_media":779,"parent":0,"menu_order":0,"comment_status":"open","ping_status":"closed","template":"","meta":{"footnotes":""},"categories":[],"class_list":["post-3637","page","type-page","status-publish","has-post-thumbnail","hentry"],"yoast_head":"<!-- This site is optimized with the Yoast SEO Premium plugin v25.2 (Yoast SEO v27.4) - https:\/\/yoast.com\/product\/yoast-seo-premium-wordpress\/ -->\n<title>Oke itase: World If\u00e1 divination at ile If\u00e9 Nigeria - Il\u00e9 Awo<\/title>\n<meta name=\"description\" content=\"The Oke Itase is the world divination that is celebrated in Nigeria every year in June and that we bring to Il\u00e9 Awo first hand.\" \/>\n<meta name=\"robots\" content=\"index, follow, max-snippet:-1, max-image-preview:large, max-video-preview:-1\" \/>\n<link rel=\"canonical\" href=\"https:\/\/ileawo.com\/en\/oke-itase-world-divination\/\" \/>\n<meta property=\"og:locale\" content=\"en_US\" \/>\n<meta property=\"og:type\" content=\"article\" \/>\n<meta property=\"og:title\" content=\"Oke Itase\" \/>\n<meta property=\"og:description\" content=\"The Oke Itase is the world divination that is celebrated in Nigeria every year in June and that we bring to Il\u00e9 Awo first hand.\" \/>\n<meta property=\"og:url\" content=\"https:\/\/ileawo.com\/en\/oke-itase-world-divination\/\" \/>\n<meta property=\"og:site_name\" content=\"Il\u00e9 Awo\" \/>\n<meta property=\"article:publisher\" content=\"https:\/\/www.facebook.com\/ifabiyii\" \/>\n<meta property=\"article:modified_time\" content=\"2023-06-03T22:41:47+00:00\" \/>\n<meta property=\"og:image\" content=\"http:\/\/ileawo.com\/wp-content\/uploads\/2020\/05\/oke-itase.jpg\" \/>\n\t<meta property=\"og:image:width\" content=\"1200\" \/>\n\t<meta property=\"og:image:height\" content=\"633\" \/>\n\t<meta property=\"og:image:type\" content=\"image\/jpeg\" \/>\n<meta name=\"twitter:card\" content=\"summary_large_image\" \/>\n<meta name=\"twitter:site\" content=\"@ifabiyii\" \/>\n<!-- \/ Yoast SEO Premium plugin. -->","yoast_head_json":{"title":"Oke itase: World If\u00e1 divination at ile If\u00e9 Nigeria - Il\u00e9 Awo","description":"The Oke Itase is the world divination that is celebrated in Nigeria every year in June and that we bring to Il\u00e9 Awo first hand.","robots":{"index":"index","follow":"follow","max-snippet":"max-snippet:-1","max-image-preview":"max-image-preview:large","max-video-preview":"max-video-preview:-1"},"canonical":"https:\/\/ileawo.com\/en\/oke-itase-world-divination\/","og_locale":"en_US","og_type":"article","og_title":"Oke Itase","og_description":"The Oke Itase is the world divination that is celebrated in Nigeria every year in June and that we bring to Il\u00e9 Awo first hand.","og_url":"https:\/\/ileawo.com\/en\/oke-itase-world-divination\/","og_site_name":"Il\u00e9 Awo","article_publisher":"https:\/\/www.facebook.com\/ifabiyii","article_modified_time":"2023-06-03T22:41:47+00:00","og_image":[{"width":1200,"height":633,"url":"http:\/\/ileawo.com\/wp-content\/uploads\/2020\/05\/oke-itase.jpg","type":"image\/jpeg"}],"twitter_card":"summary_large_image","twitter_site":"@ifabiyii","schema":{"@context":"https:\/\/schema.org","@graph":[{"@type":"Article","@id":"https:\/\/ileawo.com\/en\/oke-itase-world-divination\/#article","isPartOf":{"@id":"https:\/\/ileawo.com\/en\/oke-itase-world-divination\/"},"author":{"name":"If\u00e1b\u00edy\u00ec\u00ed Ak\u00f3d\u00e0","@id":"http:\/\/ileawo.com\/en\/#\/schema\/person\/5b4d3af5a9aa8f02fe88dbeb048ef64a"},"headline":"Oke Itase","datePublished":"2019-10-25T22:00:00+00:00","dateModified":"2023-06-03T22:41:47+00:00","mainEntityOfPage":{"@id":"https:\/\/ileawo.com\/en\/oke-itase-world-divination\/"},"wordCount":1428,"commentCount":0,"publisher":{"@id":"http:\/\/ileawo.com\/en\/#organization"},"image":{"@id":"https:\/\/ileawo.com\/en\/oke-itase-world-divination\/#primaryimage"},"thumbnailUrl":"https:\/\/ileawo.com\/wp-content\/uploads\/2020\/05\/oke-itase.jpg","inLanguage":"en-US","potentialAction":[{"@type":"CommentAction","name":"Comment","target":["https:\/\/ileawo.com\/en\/oke-itase-world-divination\/#respond"]}]},{"@type":"WebPage","@id":"https:\/\/ileawo.com\/en\/oke-itase-world-divination\/","url":"https:\/\/ileawo.com\/en\/oke-itase-world-divination\/","name":"Oke itase: World If\u00e1 divination at ile If\u00e9 Nigeria - Il\u00e9 Awo","isPartOf":{"@id":"http:\/\/ileawo.com\/en\/#website"},"primaryImageOfPage":{"@id":"https:\/\/ileawo.com\/en\/oke-itase-world-divination\/#primaryimage"},"image":{"@id":"https:\/\/ileawo.com\/en\/oke-itase-world-divination\/#primaryimage"},"thumbnailUrl":"https:\/\/ileawo.com\/wp-content\/uploads\/2020\/05\/oke-itase.jpg","datePublished":"2019-10-25T22:00:00+00:00","dateModified":"2023-06-03T22:41:47+00:00","description":"The Oke Itase is the world divination that is celebrated in Nigeria every year in June and that we bring to Il\u00e9 Awo first hand.","breadcrumb":{"@id":"https:\/\/ileawo.com\/en\/oke-itase-world-divination\/#breadcrumb"},"inLanguage":"en-US","potentialAction":[{"@type":"ReadAction","target":["https:\/\/ileawo.com\/en\/oke-itase-world-divination\/"]}]},{"@type":"ImageObject","inLanguage":"en-US","@id":"https:\/\/ileawo.com\/en\/oke-itase-world-divination\/#primaryimage","url":"https:\/\/ileawo.com\/wp-content\/uploads\/2020\/05\/oke-itase.jpg","contentUrl":"https:\/\/ileawo.com\/wp-content\/uploads\/2020\/05\/oke-itase.jpg","width":1200,"height":633,"caption":"Oke Itase"},{"@type":"BreadcrumbList","@id":"https:\/\/ileawo.com\/en\/oke-itase-world-divination\/#breadcrumb","itemListElement":[{"@type":"ListItem","position":1,"name":"Home","item":"https:\/\/ileawo.com\/en\/"},{"@type":"ListItem","position":2,"name":"Oke Itase"}]},{"@type":"WebSite","@id":"http:\/\/ileawo.com\/en\/#website","url":"http:\/\/ileawo.com\/en\/","name":"Il\u00e9 Awo","description":"","publisher":{"@id":"http:\/\/ileawo.com\/en\/#organization"},"potentialAction":[{"@type":"SearchAction","target":{"@type":"EntryPoint","urlTemplate":"http:\/\/ileawo.com\/en\/?s={search_term_string}"},"query-input":{"@type":"PropertyValueSpecification","valueRequired":true,"valueName":"search_term_string"}}],"inLanguage":"en-US"},{"@type":"Organization","@id":"http:\/\/ileawo.com\/en\/#organization","name":"Il\u00e9 Awo","url":"http:\/\/ileawo.com\/en\/","logo":{"@type":"ImageObject","inLanguage":"en-US","@id":"http:\/\/ileawo.com\/en\/#\/schema\/logo\/image\/","url":"https:\/\/ileawo.com\/wp-content\/uploads\/revslider\/Bienvenido\/Logo-Ile-Awo-20201.png","contentUrl":"https:\/\/ileawo.com\/wp-content\/uploads\/revslider\/Bienvenido\/Logo-Ile-Awo-20201.png","width":500,"height":155,"caption":"Il\u00e9 Awo"},"image":{"@id":"http:\/\/ileawo.com\/en\/#\/schema\/logo\/image\/"},"sameAs":["https:\/\/www.facebook.com\/ifabiyii","https:\/\/x.com\/ifabiyii","https:\/\/www.instagram.com\/ifabiyii_akoda\/"]},{"@type":"Person","@id":"http:\/\/ileawo.com\/en\/#\/schema\/person\/5b4d3af5a9aa8f02fe88dbeb048ef64a","name":"If\u00e1b\u00edy\u00ec\u00ed Ak\u00f3d\u00e0","image":{"@type":"ImageObject","inLanguage":"en-US","@id":"https:\/\/secure.gravatar.com\/avatar\/07530fd5fec1f19247b6ca33a6f419284691fff29c8857d86ea771d943bdba08?s=96&d=mm&r=g","url":"https:\/\/secure.gravatar.com\/avatar\/07530fd5fec1f19247b6ca33a6f419284691fff29c8857d86ea771d943bdba08?s=96&d=mm&r=g","contentUrl":"https:\/\/secure.gravatar.com\/avatar\/07530fd5fec1f19247b6ca33a6f419284691fff29c8857d86ea771d943bdba08?s=96&d=mm&r=g","caption":"If\u00e1b\u00edy\u00ec\u00ed Ak\u00f3d\u00e0"},"sameAs":["https:\/\/ileawo.com\/"]}]}},"_links":{"self":[{"href":"https:\/\/ileawo.com\/en\/wp-json\/wp\/v2\/pages\/3637","targetHints":{"allow":["GET"]}}],"collection":[{"href":"https:\/\/ileawo.com\/en\/wp-json\/wp\/v2\/pages"}],"about":[{"href":"https:\/\/ileawo.com\/en\/wp-json\/wp\/v2\/types\/page"}],"author":[{"embeddable":true,"href":"https:\/\/ileawo.com\/en\/wp-json\/wp\/v2\/users\/1"}],"replies":[{"embeddable":true,"href":"https:\/\/ileawo.com\/en\/wp-json\/wp\/v2\/comments?post=3637"}],"version-history":[{"count":0,"href":"https:\/\/ileawo.com\/en\/wp-json\/wp\/v2\/pages\/3637\/revisions"}],"wp:featuredmedia":[{"embeddable":true,"href":"https:\/\/ileawo.com\/en\/wp-json\/wp\/v2\/media\/779"}],"wp:attachment":[{"href":"https:\/\/ileawo.com\/en\/wp-json\/wp\/v2\/media?parent=3637"}],"wp:term":[{"taxonomy":"category","embeddable":true,"href":"https:\/\/ileawo.com\/en\/wp-json\/wp\/v2\/categories?post=3637"}],"curies":[{"name":"wp","href":"https:\/\/api.w.org\/{rel}","templated":true}]}}